{"id":139020,"date":"2026-04-28T12:08:42","date_gmt":"2026-04-28T10:08:42","guid":{"rendered":"https:\/\/webshopdistricoscom.webhosting.be\/product\/drap-de-massage-fendu-gris-fonce-200x150-cm-ref-8615-35g\/"},"modified":"2026-04-28T12:08:45","modified_gmt":"2026-04-28T10:08:45","slug":"drap-de-massage-fendu-gris-fonce-200x150-cm-ref-8615-35g","status":"publish","type":"product","link":"https:\/\/districos.standingout.be\/fr\/product\/drap-de-massage-fendu-gris-fonce-200x150-cm-ref-8615-35g\/","title":{"rendered":"Drap de Massage Fendu Gris Fonc\u00e9 200&#215;150 cm"},"content":{"rendered":"<p >\n<p dir=\"ltr\">Drap de massage fendu extr\u00eamement original et agr\u00e9able d\u2019emploi qui tient le\/la client(e) au chaud lors du massage. Les zones corporelles non trait\u00e9es sont couvertes et restent agr\u00e9ablement chaudes.<\/p>\n<p dir=\"ltr\">\n<ul>\n<li>Dimensions : 200 x 150 cm.<\/li>\n<li>Couleur : gris fonc\u00e9.<\/li>\n<li>Mati\u00e8re : 100 % coton.<\/li>\n<li>Emballage : 1 pi\u00e8ce.<\/li>\n<\/ul>\n<div><b>Utilisation et entretien<\/b><\/div>\n<div><span>Trempez du nouveau coton dans de l\u2019eau froide avec un filet de vinaigre durant une nuit afin d\u2019augmenter le pouvoir absorbant et l\u2019inalt\u00e9rabilit\u00e9 des couleurs du coton.<\/span><\/div>\n<\/p><\/p>\n","protected":false},"excerpt":{"rendered":"<p>Drap de massage fendu extr\u00eamement original et agr\u00e9able d\u2019emploi qui tient le\/la client(e) au chaud lors du massage. Les zones corporelles non trait\u00e9es sont couvertes et restent agr\u00e9ablement chaudes. Dimensions : 200 x 150 cm. Couleur : gris fonc\u00e9. Mati\u00e8re : 100 % coton. Emballage : 1 pi\u00e8ce. Utilisation et entretien Trempez du nouveau coton [&hellip;]<\/p>\n","protected":false},"featured_media":148264,"comment_status":"open","ping_status":"closed","template":"","meta":{"_acf_changed":false},"product_brand":[10380],"product_cat":[9964],"product_tag":[],"class_list":{"0":"post-139020","1":"product","2":"type-product","3":"status-publish","4":"has-post-thumbnail","6":"product_brand-districos-fr","7":"product_cat-beaute-materiel-pratique-textile","9":"first","10":"instock","11":"taxable","12":"shipping-taxable","13":"product-type-simple"},"acf":[],"yoast_head":"<!-- This site is optimized with the Yoast SEO plugin v27.3 - https:\/\/yoast.com\/product\/yoast-seo-wordpress\/ -->\n<title>Drap de Massage Fendu Gris Fonc\u00e9 200x150 cm - Districos Webshop<\/title>\n<meta name=\"robots\" content=\"noindex, follow, max-snippet:-1, max-image-preview:large, max-video-preview:-1\" \/>\n<meta property=\"og:locale\" content=\"fr_FR\" \/>\n<meta property=\"og:type\" content=\"article\" \/>\n<meta property=\"og:title\" content=\"Drap de Massage Fendu Gris Fonc\u00e9 200x150 cm - Districos Webshop\" \/>\n<meta property=\"og:description\" content=\"Drap de massage fendu extr\u00eamement original et agr\u00e9able d\u2019emploi qui tient le\/la client(e) au chaud lors du massage. Les zones corporelles non trait\u00e9es sont couvertes et restent agr\u00e9ablement chaudes. Dimensions : 200 x 150 cm. Couleur : gris fonc\u00e9. Mati\u00e8re : 100 % coton. Emballage : 1 pi\u00e8ce. Utilisation et entretien Trempez du nouveau coton [&hellip;]\" \/>\n<meta property=\"og:url\" content=\"https:\/\/districos.standingout.be\/fr\/product\/drap-de-massage-fendu-gris-fonce-200x150-cm-ref-8615-35g\/\" \/>\n<meta property=\"og:site_name\" content=\"Districos Webshop\" \/>\n<meta property=\"article:modified_time\" content=\"2026-04-28T10:08:45+00:00\" \/>\n<meta name=\"twitter:card\" content=\"summary_large_image\" \/>\n<script type=\"application\/ld+json\" class=\"yoast-schema-graph\">{\"@context\":\"https:\\\/\\\/schema.org\",\"@graph\":[{\"@type\":\"WebPage\",\"@id\":\"https:\\\/\\\/districos.standingout.be\\\/fr\\\/product\\\/drap-de-massage-fendu-gris-fonce-200x150-cm-ref-8615-35g\\\/\",\"url\":\"https:\\\/\\\/districos.standingout.be\\\/fr\\\/product\\\/drap-de-massage-fendu-gris-fonce-200x150-cm-ref-8615-35g\\\/\",\"name\":\"Drap de Massage Fendu Gris Fonc\u00e9 200x150 cm - Districos Webshop\",\"isPartOf\":{\"@id\":\"https:\\\/\\\/districos.standingout.be\\\/fr\\\/#website\"},\"primaryImageOfPage\":{\"@id\":\"https:\\\/\\\/districos.standingout.be\\\/fr\\\/product\\\/drap-de-massage-fendu-gris-fonce-200x150-cm-ref-8615-35g\\\/#primaryimage\"},\"image\":{\"@id\":\"https:\\\/\\\/districos.standingout.be\\\/fr\\\/product\\\/drap-de-massage-fendu-gris-fonce-200x150-cm-ref-8615-35g\\\/#primaryimage\"},\"thumbnailUrl\":\"https:\\\/\\\/districos.standingout.be\\\/wp-content\\\/uploads\\\/2026\\\/04\\\/8615.35G@Massagelaken-met-Split-Donkergrijs-200x150-cm_1-1.png\",\"datePublished\":\"2026-04-28T10:08:42+00:00\",\"dateModified\":\"2026-04-28T10:08:45+00:00\",\"breadcrumb\":{\"@id\":\"https:\\\/\\\/districos.standingout.be\\\/fr\\\/product\\\/drap-de-massage-fendu-gris-fonce-200x150-cm-ref-8615-35g\\\/#breadcrumb\"},\"inLanguage\":\"fr-FR\",\"potentialAction\":[{\"@type\":\"ReadAction\",\"target\":[\"https:\\\/\\\/districos.standingout.be\\\/fr\\\/product\\\/drap-de-massage-fendu-gris-fonce-200x150-cm-ref-8615-35g\\\/\"]}]},{\"@type\":\"ImageObject\",\"inLanguage\":\"fr-FR\",\"@id\":\"https:\\\/\\\/districos.standingout.be\\\/fr\\\/product\\\/drap-de-massage-fendu-gris-fonce-200x150-cm-ref-8615-35g\\\/#primaryimage\",\"url\":\"https:\\\/\\\/districos.standingout.be\\\/wp-content\\\/uploads\\\/2026\\\/04\\\/8615.35G@Massagelaken-met-Split-Donkergrijs-200x150-cm_1-1.png\",\"contentUrl\":\"https:\\\/\\\/districos.standingout.be\\\/wp-content\\\/uploads\\\/2026\\\/04\\\/8615.35G@Massagelaken-met-Split-Donkergrijs-200x150-cm_1-1.png\",\"width\":600,\"height\":320},{\"@type\":\"BreadcrumbList\",\"@id\":\"https:\\\/\\\/districos.standingout.be\\\/fr\\\/product\\\/drap-de-massage-fendu-gris-fonce-200x150-cm-ref-8615-35g\\\/#breadcrumb\",\"itemListElement\":[{\"@type\":\"ListItem\",\"position\":1,\"name\":\"Home\",\"item\":\"https:\\\/\\\/districos.standingout.be\\\/fr\\\/bienvenue-chez-districos\\\/\"},{\"@type\":\"ListItem\",\"position\":2,\"name\":\"Boutique\",\"item\":\"https:\\\/\\\/districos.standingout.be\\\/fr\\\/boutique\\\/\"},{\"@type\":\"ListItem\",\"position\":3,\"name\":\"Drap de Massage Fendu Gris Fonc\u00e9 200&#215;150 cm\"}]},{\"@type\":\"WebSite\",\"@id\":\"https:\\\/\\\/districos.standingout.be\\\/fr\\\/#website\",\"url\":\"https:\\\/\\\/districos.standingout.be\\\/fr\\\/\",\"name\":\"Districos Webshop\",\"description\":\"\",\"publisher\":{\"@id\":\"https:\\\/\\\/districos.standingout.be\\\/fr\\\/#organization\"},\"potentialAction\":[{\"@type\":\"SearchAction\",\"target\":{\"@type\":\"EntryPoint\",\"urlTemplate\":\"https:\\\/\\\/districos.standingout.be\\\/fr\\\/?s={search_term_string}\"},\"query-input\":{\"@type\":\"PropertyValueSpecification\",\"valueRequired\":true,\"valueName\":\"search_term_string\"}}],\"inLanguage\":\"fr-FR\"},{\"@type\":\"Organization\",\"@id\":\"https:\\\/\\\/districos.standingout.be\\\/fr\\\/#organization\",\"name\":\"Districos Webshop\",\"url\":\"https:\\\/\\\/districos.standingout.be\\\/fr\\\/\",\"logo\":{\"@type\":\"ImageObject\",\"inLanguage\":\"fr-FR\",\"@id\":\"https:\\\/\\\/districos.standingout.be\\\/fr\\\/#\\\/schema\\\/logo\\\/image\\\/\",\"url\":\"https:\\\/\\\/districos.standingout.be\\\/wp-content\\\/uploads\\\/2022\\\/09\\\/Districos_Logo_Webshop.svg\",\"contentUrl\":\"https:\\\/\\\/districos.standingout.be\\\/wp-content\\\/uploads\\\/2022\\\/09\\\/Districos_Logo_Webshop.svg\",\"caption\":\"Districos Webshop\"},\"image\":{\"@id\":\"https:\\\/\\\/districos.standingout.be\\\/fr\\\/#\\\/schema\\\/logo\\\/image\\\/\"}}]}<\/script>\n<!-- \/ Yoast SEO plugin. -->","yoast_head_json":{"title":"Drap de Massage Fendu Gris Fonc\u00e9 200x150 cm - Districos Webshop","robots":{"index":"noindex","follow":"follow","max-snippet":"max-snippet:-1","max-image-preview":"max-image-preview:large","max-video-preview":"max-video-preview:-1"},"og_locale":"fr_FR","og_type":"article","og_title":"Drap de Massage Fendu Gris Fonc\u00e9 200x150 cm - Districos Webshop","og_description":"Drap de massage fendu extr\u00eamement original et agr\u00e9able d\u2019emploi qui tient le\/la client(e) au chaud lors du massage. Les zones corporelles non trait\u00e9es sont couvertes et restent agr\u00e9ablement chaudes. Dimensions : 200 x 150 cm. Couleur : gris fonc\u00e9. Mati\u00e8re : 100 % coton. Emballage : 1 pi\u00e8ce. Utilisation et entretien Trempez du nouveau coton [&hellip;]","og_url":"https:\/\/districos.standingout.be\/fr\/product\/drap-de-massage-fendu-gris-fonce-200x150-cm-ref-8615-35g\/","og_site_name":"Districos Webshop","article_modified_time":"2026-04-28T10:08:45+00:00","twitter_card":"summary_large_image","schema":{"@context":"https:\/\/schema.org","@graph":[{"@type":"WebPage","@id":"https:\/\/districos.standingout.be\/fr\/product\/drap-de-massage-fendu-gris-fonce-200x150-cm-ref-8615-35g\/","url":"https:\/\/districos.standingout.be\/fr\/product\/drap-de-massage-fendu-gris-fonce-200x150-cm-ref-8615-35g\/","name":"Drap de Massage Fendu Gris Fonc\u00e9 200x150 cm - Districos Webshop","isPartOf":{"@id":"https:\/\/districos.standingout.be\/fr\/#website"},"primaryImageOfPage":{"@id":"https:\/\/districos.standingout.be\/fr\/product\/drap-de-massage-fendu-gris-fonce-200x150-cm-ref-8615-35g\/#primaryimage"},"image":{"@id":"https:\/\/districos.standingout.be\/fr\/product\/drap-de-massage-fendu-gris-fonce-200x150-cm-ref-8615-35g\/#primaryimage"},"thumbnailUrl":"https:\/\/districos.standingout.be\/wp-content\/uploads\/2026\/04\/8615.35G@Massagelaken-met-Split-Donkergrijs-200x150-cm_1-1.png","datePublished":"2026-04-28T10:08:42+00:00","dateModified":"2026-04-28T10:08:45+00:00","breadcrumb":{"@id":"https:\/\/districos.standingout.be\/fr\/product\/drap-de-massage-fendu-gris-fonce-200x150-cm-ref-8615-35g\/#breadcrumb"},"inLanguage":"fr-FR","potentialAction":[{"@type":"ReadAction","target":["https:\/\/districos.standingout.be\/fr\/product\/drap-de-massage-fendu-gris-fonce-200x150-cm-ref-8615-35g\/"]}]},{"@type":"ImageObject","inLanguage":"fr-FR","@id":"https:\/\/districos.standingout.be\/fr\/product\/drap-de-massage-fendu-gris-fonce-200x150-cm-ref-8615-35g\/#primaryimage","url":"https:\/\/districos.standingout.be\/wp-content\/uploads\/2026\/04\/8615.35G@Massagelaken-met-Split-Donkergrijs-200x150-cm_1-1.png","contentUrl":"https:\/\/districos.standingout.be\/wp-content\/uploads\/2026\/04\/8615.35G@Massagelaken-met-Split-Donkergrijs-200x150-cm_1-1.png","width":600,"height":320},{"@type":"BreadcrumbList","@id":"https:\/\/districos.standingout.be\/fr\/product\/drap-de-massage-fendu-gris-fonce-200x150-cm-ref-8615-35g\/#breadcrumb","itemListElement":[{"@type":"ListItem","position":1,"name":"Home","item":"https:\/\/districos.standingout.be\/fr\/bienvenue-chez-districos\/"},{"@type":"ListItem","position":2,"name":"Boutique","item":"https:\/\/districos.standingout.be\/fr\/boutique\/"},{"@type":"ListItem","position":3,"name":"Drap de Massage Fendu Gris Fonc\u00e9 200&#215;150 cm"}]},{"@type":"WebSite","@id":"https:\/\/districos.standingout.be\/fr\/#website","url":"https:\/\/districos.standingout.be\/fr\/","name":"Districos Webshop","description":"","publisher":{"@id":"https:\/\/districos.standingout.be\/fr\/#organization"},"potentialAction":[{"@type":"SearchAction","target":{"@type":"EntryPoint","urlTemplate":"https:\/\/districos.standingout.be\/fr\/?s={search_term_string}"},"query-input":{"@type":"PropertyValueSpecification","valueRequired":true,"valueName":"search_term_string"}}],"inLanguage":"fr-FR"},{"@type":"Organization","@id":"https:\/\/districos.standingout.be\/fr\/#organization","name":"Districos Webshop","url":"https:\/\/districos.standingout.be\/fr\/","logo":{"@type":"ImageObject","inLanguage":"fr-FR","@id":"https:\/\/districos.standingout.be\/fr\/#\/schema\/logo\/image\/","url":"https:\/\/districos.standingout.be\/wp-content\/uploads\/2022\/09\/Districos_Logo_Webshop.svg","contentUrl":"https:\/\/districos.standingout.be\/wp-content\/uploads\/2022\/09\/Districos_Logo_Webshop.svg","caption":"Districos Webshop"},"image":{"@id":"https:\/\/districos.standingout.be\/fr\/#\/schema\/logo\/image\/"}}]}},"_links":{"self":[{"href":"https:\/\/districos.standingout.be\/fr\/wp-json\/wp\/v2\/product\/139020","targetHints":{"allow":["GET"]}}],"collection":[{"href":"https:\/\/districos.standingout.be\/fr\/wp-json\/wp\/v2\/product"}],"about":[{"href":"https:\/\/districos.standingout.be\/fr\/wp-json\/wp\/v2\/types\/product"}],"replies":[{"embeddable":true,"href":"https:\/\/districos.standingout.be\/fr\/wp-json\/wp\/v2\/comments?post=139020"}],"wp:featuredmedia":[{"embeddable":true,"href":"https:\/\/districos.standingout.be\/fr\/wp-json\/wp\/v2\/media\/148264"}],"wp:attachment":[{"href":"https:\/\/districos.standingout.be\/fr\/wp-json\/wp\/v2\/media?parent=139020"}],"wp:term":[{"taxonomy":"product_brand","embeddable":true,"href":"https:\/\/districos.standingout.be\/fr\/wp-json\/wp\/v2\/product_brand?post=139020"},{"taxonomy":"product_cat","embeddable":true,"href":"https:\/\/districos.standingout.be\/fr\/wp-json\/wp\/v2\/product_cat?post=139020"},{"taxonomy":"product_tag","embeddable":true,"href":"https:\/\/districos.standingout.be\/fr\/wp-json\/wp\/v2\/product_tag?post=139020"}],"curies":[{"name":"wp","href":"https:\/\/api.w.org\/{rel}","templated":true}]}}