{"id":139036,"date":"2026-04-28T12:09:12","date_gmt":"2026-04-28T10:09:12","guid":{"rendered":"https:\/\/webshopdistricoscom.webhosting.be\/product\/housse-stretch-6p-blanc-pour-anthea-podo-fauteuil-pedicure-ref-8615-86\/"},"modified":"2026-04-28T12:09:15","modified_gmt":"2026-04-28T10:09:15","slug":"housse-stretch-6p-blanc-pour-anthea-podo-fauteuil-pedicure-ref-8615-86","status":"publish","type":"product","link":"https:\/\/districos.standingout.be\/fr\/product\/housse-stretch-6p-blanc-pour-anthea-podo-fauteuil-pedicure-ref-8615-86\/","title":{"rendered":"Housse Stretch 6P Blanc pour Anthea Podo Fauteuil P\u00e9dicure"},"content":{"rendered":"<p >\n<p dir=ltr>Housse sp\u00e9cifiquement con\u00e7ue pour les fauteuils podo Anthea. En velours doux extensible qui se serre parfaitement autour des portes-jambes. <\/p>\n<p> Taille : appropri\u00e9e pour le fauteuils podo Anthea<br \/> Couleur : blanche<br \/> Mati\u00e8re : 80% coton, 20% polyester<br \/> Emballage : 6 parties (1 x housse corporelle, 1 x housse pour appuie-t\u00eate, 2 x housse pour accoudoirs, 2 x housse pour support-jambes), \u00e9lastique inclus <\/p>\n<ul> <\/ul><\/p>\n","protected":false},"excerpt":{"rendered":"<p>Housse sp\u00e9cifiquement con\u00e7ue pour les fauteuils podo Anthea. En velours doux extensible qui se serre parfaitement autour des portes-jambes. Taille : appropri\u00e9e pour le fauteuils podo Anthea Couleur : blanche Mati\u00e8re : 80% coton, 20% polyester Emballage : 6 parties (1 x housse corporelle, 1 x housse pour appuie-t\u00eate, 2 x housse pour accoudoirs, 2 [&hellip;]<\/p>\n","protected":false},"featured_media":148278,"comment_status":"open","ping_status":"closed","template":"","meta":{"_acf_changed":false},"product_brand":[10436],"product_cat":[9960,10144,10214,10134,9964],"product_tag":[],"class_list":{"0":"post-139036","1":"product","2":"type-product","3":"status-publish","4":"has-post-thumbnail","6":"product_brand-hoezen-fr","7":"product_cat-beaute-pedicure-amenagement-du-cabinet","8":"product_cat-hygiene-articles-jetables-articles-jetables-housses-de-protection","9":"product_cat-fournitures-pour-cabinet-textile-housses-de-protection","10":"product_cat-hygiene-articles-jetables-hygiene-protection-protection-de-table","11":"product_cat-beaute-materiel-pratique-textile","13":"first","14":"instock","15":"taxable","16":"shipping-taxable","17":"product-type-simple"},"acf":[],"yoast_head":"<!-- This site is optimized with the Yoast SEO plugin v27.3 - https:\/\/yoast.com\/product\/yoast-seo-wordpress\/ -->\n<title>Housse Stretch 6P Blanc pour Anthea Podo Fauteuil P\u00e9dicure - Districos Webshop<\/title>\n<meta name=\"robots\" content=\"noindex, follow, max-snippet:-1, max-image-preview:large, max-video-preview:-1\" \/>\n<meta property=\"og:locale\" content=\"fr_FR\" \/>\n<meta property=\"og:type\" content=\"article\" \/>\n<meta property=\"og:title\" content=\"Housse Stretch 6P Blanc pour Anthea Podo Fauteuil P\u00e9dicure - Districos Webshop\" \/>\n<meta property=\"og:description\" content=\"Housse sp\u00e9cifiquement con\u00e7ue pour les fauteuils podo Anthea. En velours doux extensible qui se serre parfaitement autour des portes-jambes. Taille : appropri\u00e9e pour le fauteuils podo Anthea Couleur : blanche Mati\u00e8re : 80% coton, 20% polyester Emballage : 6 parties (1 x housse corporelle, 1 x housse pour appuie-t\u00eate, 2 x housse pour accoudoirs, 2 [&hellip;]\" \/>\n<meta property=\"og:url\" content=\"https:\/\/districos.standingout.be\/fr\/product\/housse-stretch-6p-blanc-pour-anthea-podo-fauteuil-pedicure-ref-8615-86\/\" \/>\n<meta property=\"og:site_name\" content=\"Districos Webshop\" \/>\n<meta property=\"article:modified_time\" content=\"2026-04-28T10:09:15+00:00\" \/>\n<meta name=\"twitter:card\" content=\"summary_large_image\" \/>\n<script type=\"application\/ld+json\" class=\"yoast-schema-graph\">{\"@context\":\"https:\\\/\\\/schema.org\",\"@graph\":[{\"@type\":\"WebPage\",\"@id\":\"https:\\\/\\\/districos.standingout.be\\\/fr\\\/product\\\/housse-stretch-6p-blanc-pour-anthea-podo-fauteuil-pedicure-ref-8615-86\\\/\",\"url\":\"https:\\\/\\\/districos.standingout.be\\\/fr\\\/product\\\/housse-stretch-6p-blanc-pour-anthea-podo-fauteuil-pedicure-ref-8615-86\\\/\",\"name\":\"Housse Stretch 6P Blanc pour Anthea Podo Fauteuil P\u00e9dicure - Districos Webshop\",\"isPartOf\":{\"@id\":\"https:\\\/\\\/districos.standingout.be\\\/fr\\\/#website\"},\"primaryImageOfPage\":{\"@id\":\"https:\\\/\\\/districos.standingout.be\\\/fr\\\/product\\\/housse-stretch-6p-blanc-pour-anthea-podo-fauteuil-pedicure-ref-8615-86\\\/#primaryimage\"},\"image\":{\"@id\":\"https:\\\/\\\/districos.standingout.be\\\/fr\\\/product\\\/housse-stretch-6p-blanc-pour-anthea-podo-fauteuil-pedicure-ref-8615-86\\\/#primaryimage\"},\"thumbnailUrl\":\"https:\\\/\\\/districos.standingout.be\\\/wp-content\\\/uploads\\\/2026\\\/04\\\/8615.86@Stretchhoes-6D-Wit-voor-Anthea-Podo-Pedicurezetel_1-1.png\",\"datePublished\":\"2026-04-28T10:09:12+00:00\",\"dateModified\":\"2026-04-28T10:09:15+00:00\",\"breadcrumb\":{\"@id\":\"https:\\\/\\\/districos.standingout.be\\\/fr\\\/product\\\/housse-stretch-6p-blanc-pour-anthea-podo-fauteuil-pedicure-ref-8615-86\\\/#breadcrumb\"},\"inLanguage\":\"fr-FR\",\"potentialAction\":[{\"@type\":\"ReadAction\",\"target\":[\"https:\\\/\\\/districos.standingout.be\\\/fr\\\/product\\\/housse-stretch-6p-blanc-pour-anthea-podo-fauteuil-pedicure-ref-8615-86\\\/\"]}]},{\"@type\":\"ImageObject\",\"inLanguage\":\"fr-FR\",\"@id\":\"https:\\\/\\\/districos.standingout.be\\\/fr\\\/product\\\/housse-stretch-6p-blanc-pour-anthea-podo-fauteuil-pedicure-ref-8615-86\\\/#primaryimage\",\"url\":\"https:\\\/\\\/districos.standingout.be\\\/wp-content\\\/uploads\\\/2026\\\/04\\\/8615.86@Stretchhoes-6D-Wit-voor-Anthea-Podo-Pedicurezetel_1-1.png\",\"contentUrl\":\"https:\\\/\\\/districos.standingout.be\\\/wp-content\\\/uploads\\\/2026\\\/04\\\/8615.86@Stretchhoes-6D-Wit-voor-Anthea-Podo-Pedicurezetel_1-1.png\",\"width\":600,\"height\":600},{\"@type\":\"BreadcrumbList\",\"@id\":\"https:\\\/\\\/districos.standingout.be\\\/fr\\\/product\\\/housse-stretch-6p-blanc-pour-anthea-podo-fauteuil-pedicure-ref-8615-86\\\/#breadcrumb\",\"itemListElement\":[{\"@type\":\"ListItem\",\"position\":1,\"name\":\"Home\",\"item\":\"https:\\\/\\\/districos.standingout.be\\\/fr\\\/bienvenue-chez-districos\\\/\"},{\"@type\":\"ListItem\",\"position\":2,\"name\":\"Boutique\",\"item\":\"https:\\\/\\\/districos.standingout.be\\\/fr\\\/boutique\\\/\"},{\"@type\":\"ListItem\",\"position\":3,\"name\":\"Housse Stretch 6P Blanc pour Anthea Podo Fauteuil P\u00e9dicure\"}]},{\"@type\":\"WebSite\",\"@id\":\"https:\\\/\\\/districos.standingout.be\\\/fr\\\/#website\",\"url\":\"https:\\\/\\\/districos.standingout.be\\\/fr\\\/\",\"name\":\"Districos Webshop\",\"description\":\"\",\"publisher\":{\"@id\":\"https:\\\/\\\/districos.standingout.be\\\/fr\\\/#organization\"},\"potentialAction\":[{\"@type\":\"SearchAction\",\"target\":{\"@type\":\"EntryPoint\",\"urlTemplate\":\"https:\\\/\\\/districos.standingout.be\\\/fr\\\/?s={search_term_string}\"},\"query-input\":{\"@type\":\"PropertyValueSpecification\",\"valueRequired\":true,\"valueName\":\"search_term_string\"}}],\"inLanguage\":\"fr-FR\"},{\"@type\":\"Organization\",\"@id\":\"https:\\\/\\\/districos.standingout.be\\\/fr\\\/#organization\",\"name\":\"Districos Webshop\",\"url\":\"https:\\\/\\\/districos.standingout.be\\\/fr\\\/\",\"logo\":{\"@type\":\"ImageObject\",\"inLanguage\":\"fr-FR\",\"@id\":\"https:\\\/\\\/districos.standingout.be\\\/fr\\\/#\\\/schema\\\/logo\\\/image\\\/\",\"url\":\"https:\\\/\\\/districos.standingout.be\\\/wp-content\\\/uploads\\\/2022\\\/09\\\/Districos_Logo_Webshop.svg\",\"contentUrl\":\"https:\\\/\\\/districos.standingout.be\\\/wp-content\\\/uploads\\\/2022\\\/09\\\/Districos_Logo_Webshop.svg\",\"caption\":\"Districos Webshop\"},\"image\":{\"@id\":\"https:\\\/\\\/districos.standingout.be\\\/fr\\\/#\\\/schema\\\/logo\\\/image\\\/\"}}]}<\/script>\n<!-- \/ Yoast SEO plugin. -->","yoast_head_json":{"title":"Housse Stretch 6P Blanc pour Anthea Podo Fauteuil P\u00e9dicure - Districos Webshop","robots":{"index":"noindex","follow":"follow","max-snippet":"max-snippet:-1","max-image-preview":"max-image-preview:large","max-video-preview":"max-video-preview:-1"},"og_locale":"fr_FR","og_type":"article","og_title":"Housse Stretch 6P Blanc pour Anthea Podo Fauteuil P\u00e9dicure - Districos Webshop","og_description":"Housse sp\u00e9cifiquement con\u00e7ue pour les fauteuils podo Anthea. En velours doux extensible qui se serre parfaitement autour des portes-jambes. Taille : appropri\u00e9e pour le fauteuils podo Anthea Couleur : blanche Mati\u00e8re : 80% coton, 20% polyester Emballage : 6 parties (1 x housse corporelle, 1 x housse pour appuie-t\u00eate, 2 x housse pour accoudoirs, 2 [&hellip;]","og_url":"https:\/\/districos.standingout.be\/fr\/product\/housse-stretch-6p-blanc-pour-anthea-podo-fauteuil-pedicure-ref-8615-86\/","og_site_name":"Districos Webshop","article_modified_time":"2026-04-28T10:09:15+00:00","twitter_card":"summary_large_image","schema":{"@context":"https:\/\/schema.org","@graph":[{"@type":"WebPage","@id":"https:\/\/districos.standingout.be\/fr\/product\/housse-stretch-6p-blanc-pour-anthea-podo-fauteuil-pedicure-ref-8615-86\/","url":"https:\/\/districos.standingout.be\/fr\/product\/housse-stretch-6p-blanc-pour-anthea-podo-fauteuil-pedicure-ref-8615-86\/","name":"Housse Stretch 6P Blanc pour Anthea Podo Fauteuil P\u00e9dicure - Districos Webshop","isPartOf":{"@id":"https:\/\/districos.standingout.be\/fr\/#website"},"primaryImageOfPage":{"@id":"https:\/\/districos.standingout.be\/fr\/product\/housse-stretch-6p-blanc-pour-anthea-podo-fauteuil-pedicure-ref-8615-86\/#primaryimage"},"image":{"@id":"https:\/\/districos.standingout.be\/fr\/product\/housse-stretch-6p-blanc-pour-anthea-podo-fauteuil-pedicure-ref-8615-86\/#primaryimage"},"thumbnailUrl":"https:\/\/districos.standingout.be\/wp-content\/uploads\/2026\/04\/8615.86@Stretchhoes-6D-Wit-voor-Anthea-Podo-Pedicurezetel_1-1.png","datePublished":"2026-04-28T10:09:12+00:00","dateModified":"2026-04-28T10:09:15+00:00","breadcrumb":{"@id":"https:\/\/districos.standingout.be\/fr\/product\/housse-stretch-6p-blanc-pour-anthea-podo-fauteuil-pedicure-ref-8615-86\/#breadcrumb"},"inLanguage":"fr-FR","potentialAction":[{"@type":"ReadAction","target":["https:\/\/districos.standingout.be\/fr\/product\/housse-stretch-6p-blanc-pour-anthea-podo-fauteuil-pedicure-ref-8615-86\/"]}]},{"@type":"ImageObject","inLanguage":"fr-FR","@id":"https:\/\/districos.standingout.be\/fr\/product\/housse-stretch-6p-blanc-pour-anthea-podo-fauteuil-pedicure-ref-8615-86\/#primaryimage","url":"https:\/\/districos.standingout.be\/wp-content\/uploads\/2026\/04\/8615.86@Stretchhoes-6D-Wit-voor-Anthea-Podo-Pedicurezetel_1-1.png","contentUrl":"https:\/\/districos.standingout.be\/wp-content\/uploads\/2026\/04\/8615.86@Stretchhoes-6D-Wit-voor-Anthea-Podo-Pedicurezetel_1-1.png","width":600,"height":600},{"@type":"BreadcrumbList","@id":"https:\/\/districos.standingout.be\/fr\/product\/housse-stretch-6p-blanc-pour-anthea-podo-fauteuil-pedicure-ref-8615-86\/#breadcrumb","itemListElement":[{"@type":"ListItem","position":1,"name":"Home","item":"https:\/\/districos.standingout.be\/fr\/bienvenue-chez-districos\/"},{"@type":"ListItem","position":2,"name":"Boutique","item":"https:\/\/districos.standingout.be\/fr\/boutique\/"},{"@type":"ListItem","position":3,"name":"Housse Stretch 6P Blanc pour Anthea Podo Fauteuil P\u00e9dicure"}]},{"@type":"WebSite","@id":"https:\/\/districos.standingout.be\/fr\/#website","url":"https:\/\/districos.standingout.be\/fr\/","name":"Districos Webshop","description":"","publisher":{"@id":"https:\/\/districos.standingout.be\/fr\/#organization"},"potentialAction":[{"@type":"SearchAction","target":{"@type":"EntryPoint","urlTemplate":"https:\/\/districos.standingout.be\/fr\/?s={search_term_string}"},"query-input":{"@type":"PropertyValueSpecification","valueRequired":true,"valueName":"search_term_string"}}],"inLanguage":"fr-FR"},{"@type":"Organization","@id":"https:\/\/districos.standingout.be\/fr\/#organization","name":"Districos Webshop","url":"https:\/\/districos.standingout.be\/fr\/","logo":{"@type":"ImageObject","inLanguage":"fr-FR","@id":"https:\/\/districos.standingout.be\/fr\/#\/schema\/logo\/image\/","url":"https:\/\/districos.standingout.be\/wp-content\/uploads\/2022\/09\/Districos_Logo_Webshop.svg","contentUrl":"https:\/\/districos.standingout.be\/wp-content\/uploads\/2022\/09\/Districos_Logo_Webshop.svg","caption":"Districos Webshop"},"image":{"@id":"https:\/\/districos.standingout.be\/fr\/#\/schema\/logo\/image\/"}}]}},"_links":{"self":[{"href":"https:\/\/districos.standingout.be\/fr\/wp-json\/wp\/v2\/product\/139036","targetHints":{"allow":["GET"]}}],"collection":[{"href":"https:\/\/districos.standingout.be\/fr\/wp-json\/wp\/v2\/product"}],"about":[{"href":"https:\/\/districos.standingout.be\/fr\/wp-json\/wp\/v2\/types\/product"}],"replies":[{"embeddable":true,"href":"https:\/\/districos.standingout.be\/fr\/wp-json\/wp\/v2\/comments?post=139036"}],"wp:featuredmedia":[{"embeddable":true,"href":"https:\/\/districos.standingout.be\/fr\/wp-json\/wp\/v2\/media\/148278"}],"wp:attachment":[{"href":"https:\/\/districos.standingout.be\/fr\/wp-json\/wp\/v2\/media?parent=139036"}],"wp:term":[{"taxonomy":"product_brand","embeddable":true,"href":"https:\/\/districos.standingout.be\/fr\/wp-json\/wp\/v2\/product_brand?post=139036"},{"taxonomy":"product_cat","embeddable":true,"href":"https:\/\/districos.standingout.be\/fr\/wp-json\/wp\/v2\/product_cat?post=139036"},{"taxonomy":"product_tag","embeddable":true,"href":"https:\/\/districos.standingout.be\/fr\/wp-json\/wp\/v2\/product_tag?post=139036"}],"curies":[{"name":"wp","href":"https:\/\/api.w.org\/{rel}","templated":true}]}}