{"id":139048,"date":"2026-04-28T12:10:14","date_gmt":"2026-04-28T10:10:14","guid":{"rendered":"https:\/\/webshopdistricoscom.webhosting.be\/product\/housse-de-protection-en-plastic-pour-pieds-universelle-ref-8615-99\/"},"modified":"2026-04-28T12:10:24","modified_gmt":"2026-04-28T10:10:24","slug":"housse-de-protection-en-plastic-pour-pieds-universelle-ref-8615-99","status":"publish","type":"product","link":"https:\/\/districos.standingout.be\/fr\/product\/housse-de-protection-en-plastic-pour-pieds-universelle-ref-8615-99\/","title":{"rendered":"Housse de Protection en Plastic pour Pieds Universelle"},"content":{"rendered":"<p >\n<\/p>\n<p><b>Gardez votre fauteuil de traitement en parfait \u00e9tat avec cette housse de protection en plastique avec \u00e9lastique !<\/b><\/p>\n<p>Cette housse est sp\u00e9cialement con\u00e7ue pour prot\u00e9ger l&rsquo;extr\u00e9mit\u00e9 de votre fauteuil de traitement contre l&rsquo;usure et la salet\u00e9. Gardez votre fauteuil en parfait \u00e9tat et prolongez sa dur\u00e9e de vie avec cette housse de protection. Facile \u00e0 installer et \u00e0 nettoyer, parfaite pour une apparence professionnelle dans votre cabinet.<\/p>\n<\/p>\n<ul>\n<li>Emballage : 1 housse de protection en plastique avec \u00e9lastique<\/li>\n<li>Taille universelle<\/li>\n<li>Gr\u00e2ce \u00e0 l&rsquo;\u00e9lastique, cette housse est adaptable \u00e0 diff\u00e9rentes tables de massage et fauteuils de traitement.<\/li>\n<\/ul>\n<div><b>\u00c9galement disponible :<\/b><\/div>\n<div>\n<ul>\n<li>Plaque de Protection en Plastique pour Repose-Pieds (<a href=\"https:\/\/webshop.districos.com\/ProductDetail\/8615.64\" target=\"_blank\" rel=\"noopener noreferrer nofollow\">r\u00e9f. 8615.64<\/a>)<\/li>\n<\/ul>\n<\/div>\n","protected":false},"excerpt":{"rendered":"<p>Gardez votre fauteuil de traitement en parfait \u00e9tat avec cette housse de protection en plastique avec \u00e9lastique ! Cette housse est sp\u00e9cialement con\u00e7ue pour prot\u00e9ger l&rsquo;extr\u00e9mit\u00e9 de votre fauteuil de traitement contre l&rsquo;usure et la salet\u00e9. Gardez votre fauteuil en parfait \u00e9tat et prolongez sa dur\u00e9e de vie avec cette housse de protection. Facile \u00e0 [&hellip;]<\/p>\n","protected":false},"featured_media":148286,"comment_status":"open","ping_status":"closed","template":"","meta":{"_acf_changed":false},"product_brand":[10492],"product_cat":[10144,10214,10134,9964],"product_tag":[],"class_list":{"0":"post-139048","1":"product","2":"type-product","3":"status-publish","4":"has-post-thumbnail","6":"product_brand-namrol-fr","7":"product_cat-hygiene-articles-jetables-articles-jetables-housses-de-protection","8":"product_cat-fournitures-pour-cabinet-textile-housses-de-protection","9":"product_cat-hygiene-articles-jetables-hygiene-protection-protection-de-table","10":"product_cat-beaute-materiel-pratique-textile","12":"first","13":"instock","14":"taxable","15":"shipping-taxable","16":"product-type-simple"},"acf":[],"yoast_head":"<!-- This site is optimized with the Yoast SEO plugin v27.3 - https:\/\/yoast.com\/product\/yoast-seo-wordpress\/ -->\n<title>Housse de Protection en Plastic pour Pieds Universelle - Districos Webshop<\/title>\n<meta name=\"robots\" content=\"noindex, follow, max-snippet:-1, max-image-preview:large, max-video-preview:-1\" \/>\n<meta property=\"og:locale\" content=\"fr_FR\" \/>\n<meta property=\"og:type\" content=\"article\" \/>\n<meta property=\"og:title\" content=\"Housse de Protection en Plastic pour Pieds Universelle - Districos Webshop\" \/>\n<meta property=\"og:description\" content=\"Gardez votre fauteuil de traitement en parfait \u00e9tat avec cette housse de protection en plastique avec \u00e9lastique ! Cette housse est sp\u00e9cialement con\u00e7ue pour prot\u00e9ger l&rsquo;extr\u00e9mit\u00e9 de votre fauteuil de traitement contre l&rsquo;usure et la salet\u00e9. Gardez votre fauteuil en parfait \u00e9tat et prolongez sa dur\u00e9e de vie avec cette housse de protection. Facile \u00e0 [&hellip;]\" \/>\n<meta property=\"og:url\" content=\"https:\/\/districos.standingout.be\/fr\/product\/housse-de-protection-en-plastic-pour-pieds-universelle-ref-8615-99\/\" \/>\n<meta property=\"og:site_name\" content=\"Districos Webshop\" \/>\n<meta property=\"article:modified_time\" content=\"2026-04-28T10:10:24+00:00\" \/>\n<meta name=\"twitter:card\" content=\"summary_large_image\" \/>\n<meta name=\"twitter:label1\" content=\"Dur\u00e9e de lecture estim\u00e9e\" \/>\n\t<meta name=\"twitter:data1\" content=\"1 minute\" \/>\n<script type=\"application\/ld+json\" class=\"yoast-schema-graph\">{\"@context\":\"https:\\\/\\\/schema.org\",\"@graph\":[{\"@type\":\"WebPage\",\"@id\":\"https:\\\/\\\/districos.standingout.be\\\/fr\\\/product\\\/housse-de-protection-en-plastic-pour-pieds-universelle-ref-8615-99\\\/\",\"url\":\"https:\\\/\\\/districos.standingout.be\\\/fr\\\/product\\\/housse-de-protection-en-plastic-pour-pieds-universelle-ref-8615-99\\\/\",\"name\":\"Housse de Protection en Plastic pour Pieds Universelle - Districos Webshop\",\"isPartOf\":{\"@id\":\"https:\\\/\\\/districos.standingout.be\\\/fr\\\/#website\"},\"primaryImageOfPage\":{\"@id\":\"https:\\\/\\\/districos.standingout.be\\\/fr\\\/product\\\/housse-de-protection-en-plastic-pour-pieds-universelle-ref-8615-99\\\/#primaryimage\"},\"image\":{\"@id\":\"https:\\\/\\\/districos.standingout.be\\\/fr\\\/product\\\/housse-de-protection-en-plastic-pour-pieds-universelle-ref-8615-99\\\/#primaryimage\"},\"thumbnailUrl\":\"https:\\\/\\\/districos.standingout.be\\\/wp-content\\\/uploads\\\/2026\\\/04\\\/8615.99@Plastic-Beschermhoes-Voeteinde-Universeel_1-1.png\",\"datePublished\":\"2026-04-28T10:10:14+00:00\",\"dateModified\":\"2026-04-28T10:10:24+00:00\",\"breadcrumb\":{\"@id\":\"https:\\\/\\\/districos.standingout.be\\\/fr\\\/product\\\/housse-de-protection-en-plastic-pour-pieds-universelle-ref-8615-99\\\/#breadcrumb\"},\"inLanguage\":\"fr-FR\",\"potentialAction\":[{\"@type\":\"ReadAction\",\"target\":[\"https:\\\/\\\/districos.standingout.be\\\/fr\\\/product\\\/housse-de-protection-en-plastic-pour-pieds-universelle-ref-8615-99\\\/\"]}]},{\"@type\":\"ImageObject\",\"inLanguage\":\"fr-FR\",\"@id\":\"https:\\\/\\\/districos.standingout.be\\\/fr\\\/product\\\/housse-de-protection-en-plastic-pour-pieds-universelle-ref-8615-99\\\/#primaryimage\",\"url\":\"https:\\\/\\\/districos.standingout.be\\\/wp-content\\\/uploads\\\/2026\\\/04\\\/8615.99@Plastic-Beschermhoes-Voeteinde-Universeel_1-1.png\",\"contentUrl\":\"https:\\\/\\\/districos.standingout.be\\\/wp-content\\\/uploads\\\/2026\\\/04\\\/8615.99@Plastic-Beschermhoes-Voeteinde-Universeel_1-1.png\",\"width\":600,\"height\":600},{\"@type\":\"BreadcrumbList\",\"@id\":\"https:\\\/\\\/districos.standingout.be\\\/fr\\\/product\\\/housse-de-protection-en-plastic-pour-pieds-universelle-ref-8615-99\\\/#breadcrumb\",\"itemListElement\":[{\"@type\":\"ListItem\",\"position\":1,\"name\":\"Home\",\"item\":\"https:\\\/\\\/districos.standingout.be\\\/fr\\\/bienvenue-chez-districos\\\/\"},{\"@type\":\"ListItem\",\"position\":2,\"name\":\"Boutique\",\"item\":\"https:\\\/\\\/districos.standingout.be\\\/fr\\\/boutique\\\/\"},{\"@type\":\"ListItem\",\"position\":3,\"name\":\"Housse de Protection en Plastic pour Pieds Universelle\"}]},{\"@type\":\"WebSite\",\"@id\":\"https:\\\/\\\/districos.standingout.be\\\/fr\\\/#website\",\"url\":\"https:\\\/\\\/districos.standingout.be\\\/fr\\\/\",\"name\":\"Districos Webshop\",\"description\":\"\",\"publisher\":{\"@id\":\"https:\\\/\\\/districos.standingout.be\\\/fr\\\/#organization\"},\"potentialAction\":[{\"@type\":\"SearchAction\",\"target\":{\"@type\":\"EntryPoint\",\"urlTemplate\":\"https:\\\/\\\/districos.standingout.be\\\/fr\\\/?s={search_term_string}\"},\"query-input\":{\"@type\":\"PropertyValueSpecification\",\"valueRequired\":true,\"valueName\":\"search_term_string\"}}],\"inLanguage\":\"fr-FR\"},{\"@type\":\"Organization\",\"@id\":\"https:\\\/\\\/districos.standingout.be\\\/fr\\\/#organization\",\"name\":\"Districos Webshop\",\"url\":\"https:\\\/\\\/districos.standingout.be\\\/fr\\\/\",\"logo\":{\"@type\":\"ImageObject\",\"inLanguage\":\"fr-FR\",\"@id\":\"https:\\\/\\\/districos.standingout.be\\\/fr\\\/#\\\/schema\\\/logo\\\/image\\\/\",\"url\":\"https:\\\/\\\/districos.standingout.be\\\/wp-content\\\/uploads\\\/2022\\\/09\\\/Districos_Logo_Webshop.svg\",\"contentUrl\":\"https:\\\/\\\/districos.standingout.be\\\/wp-content\\\/uploads\\\/2022\\\/09\\\/Districos_Logo_Webshop.svg\",\"caption\":\"Districos Webshop\"},\"image\":{\"@id\":\"https:\\\/\\\/districos.standingout.be\\\/fr\\\/#\\\/schema\\\/logo\\\/image\\\/\"}}]}<\/script>\n<!-- \/ Yoast SEO plugin. -->","yoast_head_json":{"title":"Housse de Protection en Plastic pour Pieds Universelle - Districos Webshop","robots":{"index":"noindex","follow":"follow","max-snippet":"max-snippet:-1","max-image-preview":"max-image-preview:large","max-video-preview":"max-video-preview:-1"},"og_locale":"fr_FR","og_type":"article","og_title":"Housse de Protection en Plastic pour Pieds Universelle - Districos Webshop","og_description":"Gardez votre fauteuil de traitement en parfait \u00e9tat avec cette housse de protection en plastique avec \u00e9lastique ! Cette housse est sp\u00e9cialement con\u00e7ue pour prot\u00e9ger l&rsquo;extr\u00e9mit\u00e9 de votre fauteuil de traitement contre l&rsquo;usure et la salet\u00e9. Gardez votre fauteuil en parfait \u00e9tat et prolongez sa dur\u00e9e de vie avec cette housse de protection. Facile \u00e0 [&hellip;]","og_url":"https:\/\/districos.standingout.be\/fr\/product\/housse-de-protection-en-plastic-pour-pieds-universelle-ref-8615-99\/","og_site_name":"Districos Webshop","article_modified_time":"2026-04-28T10:10:24+00:00","twitter_card":"summary_large_image","twitter_misc":{"Dur\u00e9e de lecture estim\u00e9e":"1 minute"},"schema":{"@context":"https:\/\/schema.org","@graph":[{"@type":"WebPage","@id":"https:\/\/districos.standingout.be\/fr\/product\/housse-de-protection-en-plastic-pour-pieds-universelle-ref-8615-99\/","url":"https:\/\/districos.standingout.be\/fr\/product\/housse-de-protection-en-plastic-pour-pieds-universelle-ref-8615-99\/","name":"Housse de Protection en Plastic pour Pieds Universelle - Districos Webshop","isPartOf":{"@id":"https:\/\/districos.standingout.be\/fr\/#website"},"primaryImageOfPage":{"@id":"https:\/\/districos.standingout.be\/fr\/product\/housse-de-protection-en-plastic-pour-pieds-universelle-ref-8615-99\/#primaryimage"},"image":{"@id":"https:\/\/districos.standingout.be\/fr\/product\/housse-de-protection-en-plastic-pour-pieds-universelle-ref-8615-99\/#primaryimage"},"thumbnailUrl":"https:\/\/districos.standingout.be\/wp-content\/uploads\/2026\/04\/8615.99@Plastic-Beschermhoes-Voeteinde-Universeel_1-1.png","datePublished":"2026-04-28T10:10:14+00:00","dateModified":"2026-04-28T10:10:24+00:00","breadcrumb":{"@id":"https:\/\/districos.standingout.be\/fr\/product\/housse-de-protection-en-plastic-pour-pieds-universelle-ref-8615-99\/#breadcrumb"},"inLanguage":"fr-FR","potentialAction":[{"@type":"ReadAction","target":["https:\/\/districos.standingout.be\/fr\/product\/housse-de-protection-en-plastic-pour-pieds-universelle-ref-8615-99\/"]}]},{"@type":"ImageObject","inLanguage":"fr-FR","@id":"https:\/\/districos.standingout.be\/fr\/product\/housse-de-protection-en-plastic-pour-pieds-universelle-ref-8615-99\/#primaryimage","url":"https:\/\/districos.standingout.be\/wp-content\/uploads\/2026\/04\/8615.99@Plastic-Beschermhoes-Voeteinde-Universeel_1-1.png","contentUrl":"https:\/\/districos.standingout.be\/wp-content\/uploads\/2026\/04\/8615.99@Plastic-Beschermhoes-Voeteinde-Universeel_1-1.png","width":600,"height":600},{"@type":"BreadcrumbList","@id":"https:\/\/districos.standingout.be\/fr\/product\/housse-de-protection-en-plastic-pour-pieds-universelle-ref-8615-99\/#breadcrumb","itemListElement":[{"@type":"ListItem","position":1,"name":"Home","item":"https:\/\/districos.standingout.be\/fr\/bienvenue-chez-districos\/"},{"@type":"ListItem","position":2,"name":"Boutique","item":"https:\/\/districos.standingout.be\/fr\/boutique\/"},{"@type":"ListItem","position":3,"name":"Housse de Protection en Plastic pour Pieds Universelle"}]},{"@type":"WebSite","@id":"https:\/\/districos.standingout.be\/fr\/#website","url":"https:\/\/districos.standingout.be\/fr\/","name":"Districos Webshop","description":"","publisher":{"@id":"https:\/\/districos.standingout.be\/fr\/#organization"},"potentialAction":[{"@type":"SearchAction","target":{"@type":"EntryPoint","urlTemplate":"https:\/\/districos.standingout.be\/fr\/?s={search_term_string}"},"query-input":{"@type":"PropertyValueSpecification","valueRequired":true,"valueName":"search_term_string"}}],"inLanguage":"fr-FR"},{"@type":"Organization","@id":"https:\/\/districos.standingout.be\/fr\/#organization","name":"Districos Webshop","url":"https:\/\/districos.standingout.be\/fr\/","logo":{"@type":"ImageObject","inLanguage":"fr-FR","@id":"https:\/\/districos.standingout.be\/fr\/#\/schema\/logo\/image\/","url":"https:\/\/districos.standingout.be\/wp-content\/uploads\/2022\/09\/Districos_Logo_Webshop.svg","contentUrl":"https:\/\/districos.standingout.be\/wp-content\/uploads\/2022\/09\/Districos_Logo_Webshop.svg","caption":"Districos Webshop"},"image":{"@id":"https:\/\/districos.standingout.be\/fr\/#\/schema\/logo\/image\/"}}]}},"_links":{"self":[{"href":"https:\/\/districos.standingout.be\/fr\/wp-json\/wp\/v2\/product\/139048","targetHints":{"allow":["GET"]}}],"collection":[{"href":"https:\/\/districos.standingout.be\/fr\/wp-json\/wp\/v2\/product"}],"about":[{"href":"https:\/\/districos.standingout.be\/fr\/wp-json\/wp\/v2\/types\/product"}],"replies":[{"embeddable":true,"href":"https:\/\/districos.standingout.be\/fr\/wp-json\/wp\/v2\/comments?post=139048"}],"wp:featuredmedia":[{"embeddable":true,"href":"https:\/\/districos.standingout.be\/fr\/wp-json\/wp\/v2\/media\/148286"}],"wp:attachment":[{"href":"https:\/\/districos.standingout.be\/fr\/wp-json\/wp\/v2\/media?parent=139048"}],"wp:term":[{"taxonomy":"product_brand","embeddable":true,"href":"https:\/\/districos.standingout.be\/fr\/wp-json\/wp\/v2\/product_brand?post=139048"},{"taxonomy":"product_cat","embeddable":true,"href":"https:\/\/districos.standingout.be\/fr\/wp-json\/wp\/v2\/product_cat?post=139048"},{"taxonomy":"product_tag","embeddable":true,"href":"https:\/\/districos.standingout.be\/fr\/wp-json\/wp\/v2\/product_tag?post=139048"}],"curies":[{"name":"wp","href":"https:\/\/api.w.org\/{rel}","templated":true}]}}