{"id":139113,"date":"2026-04-28T12:11:27","date_gmt":"2026-04-28T10:11:27","guid":{"rendered":"https:\/\/webshopdistricoscom.webhosting.be\/product\/dbk-lames-chirurgicales-n-11-100-pcs-ref-8703-11\/"},"modified":"2026-04-28T12:11:32","modified_gmt":"2026-04-28T10:11:32","slug":"dbk-lames-chirurgicales-n-11-100-pcs-ref-8703-11","status":"publish","type":"product","link":"https:\/\/districos.standingout.be\/fr\/product\/dbk-lames-chirurgicales-n-11-100-pcs-ref-8703-11\/","title":{"rendered":"DBK Lames Chirurgicales N\u00b0 11 100 pcs."},"content":{"rendered":"<p >\n<p dir=ltr>Les lames de chirugie de DBK pour p\u00e9dicure sont une alternative super tranchante pour celles de Swann Morton. <\/p>\n<ul> <\/p>\n<li>Acier au carbone de haute qualit\u00e9<\/li>\n<p> <\/p>\n<li>Restent tranchantes pendant longtemps<\/li>\n<p> <\/p>\n<li>Emball\u00e9es indivuellement par pi\u00e8ce dans une bo\u00eete de 100 pcs.<\/li>\n<p> <\/p>\n<li>Certifi\u00e9es CE<\/li>\n<p> <\/p>\n<li>Convient au porte-lames en inox n\u00b0 3 (<a href=&quot;https:\/\/districos.com\/index.php\/fr\/artikel\/swann-morton-mesjeshouder-inox-nr.-3&quot; title=&quot;&quot; target=\"_blank\" rel=\"noopener noreferrer nofollow\">R\u00e9f. 8703<\/a>) ou 4 (<a href=&quot;https:\/\/districos.com\/index.php\/fr\/artikel\/swann-morton-mesjeshouder-inox-nr.-4&quot; title=&quot;&quot; target=\"_blank\" rel=\"noopener noreferrer nofollow\">R\u00e9f. 8704<\/a>).<\/li>\n<p> <\/ul><\/p>\n","protected":false},"excerpt":{"rendered":"<p>Les lames de chirugie de DBK pour p\u00e9dicure sont une alternative super tranchante pour celles de Swann Morton. Acier au carbone de haute qualit\u00e9 Restent tranchantes pendant longtemps Emball\u00e9es indivuellement par pi\u00e8ce dans une bo\u00eete de 100 pcs. Certifi\u00e9es CE Convient au porte-lames en inox n\u00b0 3 (R\u00e9f. 8703) ou 4 (R\u00e9f. 8704).<\/p>\n","protected":false},"featured_media":112220,"comment_status":"open","ping_status":"closed","template":"","meta":{"_acf_changed":false},"product_brand":[10370],"product_cat":[10170,9944,10192,10044],"product_tag":[],"class_list":{"0":"post-139113","1":"product","2":"type-product","3":"status-publish","4":"has-post-thumbnail","6":"product_brand-dbk-mesjes-fr","7":"product_cat-fournitures-pour-cabinet-accessoires-accessoires-pedicure","8":"product_cat-beaute-pedicure-instruments","9":"product_cat-fournitures-pour-cabinet-instruments-lames-supports","10":"product_cat-soins-des-pieds-podologie-instruments-lames-supports","12":"first","13":"instock","14":"taxable","15":"shipping-taxable","16":"product-type-simple"},"acf":[],"yoast_head":"<!-- This site is optimized with the Yoast SEO plugin v27.3 - https:\/\/yoast.com\/product\/yoast-seo-wordpress\/ -->\n<title>DBK Lames Chirurgicales N\u00b0 11 100 pcs. - Districos Webshop<\/title>\n<meta name=\"robots\" content=\"noindex, follow, max-snippet:-1, max-image-preview:large, max-video-preview:-1\" \/>\n<meta property=\"og:locale\" content=\"fr_FR\" \/>\n<meta property=\"og:type\" content=\"article\" \/>\n<meta property=\"og:title\" content=\"DBK Lames Chirurgicales N\u00b0 11 100 pcs. - Districos Webshop\" \/>\n<meta property=\"og:description\" content=\"Les lames de chirugie de DBK pour p\u00e9dicure sont une alternative super tranchante pour celles de Swann Morton. Acier au carbone de haute qualit\u00e9 Restent tranchantes pendant longtemps Emball\u00e9es indivuellement par pi\u00e8ce dans une bo\u00eete de 100 pcs. Certifi\u00e9es CE Convient au porte-lames en inox n\u00b0 3 (R\u00e9f. 8703) ou 4 (R\u00e9f. 8704).\" \/>\n<meta property=\"og:url\" content=\"https:\/\/districos.standingout.be\/fr\/product\/dbk-lames-chirurgicales-n-11-100-pcs-ref-8703-11\/\" \/>\n<meta property=\"og:site_name\" content=\"Districos Webshop\" \/>\n<meta property=\"article:modified_time\" content=\"2026-04-28T10:11:32+00:00\" \/>\n<meta name=\"twitter:card\" content=\"summary_large_image\" \/>\n<script type=\"application\/ld+json\" class=\"yoast-schema-graph\">{\"@context\":\"https:\\\/\\\/schema.org\",\"@graph\":[{\"@type\":\"WebPage\",\"@id\":\"https:\\\/\\\/districos.standingout.be\\\/fr\\\/product\\\/dbk-lames-chirurgicales-n-11-100-pcs-ref-8703-11\\\/\",\"url\":\"https:\\\/\\\/districos.standingout.be\\\/fr\\\/product\\\/dbk-lames-chirurgicales-n-11-100-pcs-ref-8703-11\\\/\",\"name\":\"DBK Lames Chirurgicales N\u00b0 11 100 pcs. - Districos Webshop\",\"isPartOf\":{\"@id\":\"https:\\\/\\\/districos.standingout.be\\\/fr\\\/#website\"},\"primaryImageOfPage\":{\"@id\":\"https:\\\/\\\/districos.standingout.be\\\/fr\\\/product\\\/dbk-lames-chirurgicales-n-11-100-pcs-ref-8703-11\\\/#primaryimage\"},\"image\":{\"@id\":\"https:\\\/\\\/districos.standingout.be\\\/fr\\\/product\\\/dbk-lames-chirurgicales-n-11-100-pcs-ref-8703-11\\\/#primaryimage\"},\"thumbnailUrl\":\"https:\\\/\\\/districos.standingout.be\\\/wp-content\\\/uploads\\\/2026\\\/03\\\/8703.11@LowRes_1_0.png\",\"datePublished\":\"2026-04-28T10:11:27+00:00\",\"dateModified\":\"2026-04-28T10:11:32+00:00\",\"breadcrumb\":{\"@id\":\"https:\\\/\\\/districos.standingout.be\\\/fr\\\/product\\\/dbk-lames-chirurgicales-n-11-100-pcs-ref-8703-11\\\/#breadcrumb\"},\"inLanguage\":\"fr-FR\",\"potentialAction\":[{\"@type\":\"ReadAction\",\"target\":[\"https:\\\/\\\/districos.standingout.be\\\/fr\\\/product\\\/dbk-lames-chirurgicales-n-11-100-pcs-ref-8703-11\\\/\"]}]},{\"@type\":\"ImageObject\",\"inLanguage\":\"fr-FR\",\"@id\":\"https:\\\/\\\/districos.standingout.be\\\/fr\\\/product\\\/dbk-lames-chirurgicales-n-11-100-pcs-ref-8703-11\\\/#primaryimage\",\"url\":\"https:\\\/\\\/districos.standingout.be\\\/wp-content\\\/uploads\\\/2026\\\/03\\\/8703.11@LowRes_1_0.png\",\"contentUrl\":\"https:\\\/\\\/districos.standingout.be\\\/wp-content\\\/uploads\\\/2026\\\/03\\\/8703.11@LowRes_1_0.png\",\"width\":600,\"height\":600},{\"@type\":\"BreadcrumbList\",\"@id\":\"https:\\\/\\\/districos.standingout.be\\\/fr\\\/product\\\/dbk-lames-chirurgicales-n-11-100-pcs-ref-8703-11\\\/#breadcrumb\",\"itemListElement\":[{\"@type\":\"ListItem\",\"position\":1,\"name\":\"Home\",\"item\":\"https:\\\/\\\/districos.standingout.be\\\/fr\\\/bienvenue-chez-districos\\\/\"},{\"@type\":\"ListItem\",\"position\":2,\"name\":\"Boutique\",\"item\":\"https:\\\/\\\/districos.standingout.be\\\/fr\\\/boutique\\\/\"},{\"@type\":\"ListItem\",\"position\":3,\"name\":\"DBK Lames Chirurgicales N\u00b0 11 100 pcs.\"}]},{\"@type\":\"WebSite\",\"@id\":\"https:\\\/\\\/districos.standingout.be\\\/fr\\\/#website\",\"url\":\"https:\\\/\\\/districos.standingout.be\\\/fr\\\/\",\"name\":\"Districos Webshop\",\"description\":\"\",\"publisher\":{\"@id\":\"https:\\\/\\\/districos.standingout.be\\\/fr\\\/#organization\"},\"potentialAction\":[{\"@type\":\"SearchAction\",\"target\":{\"@type\":\"EntryPoint\",\"urlTemplate\":\"https:\\\/\\\/districos.standingout.be\\\/fr\\\/?s={search_term_string}\"},\"query-input\":{\"@type\":\"PropertyValueSpecification\",\"valueRequired\":true,\"valueName\":\"search_term_string\"}}],\"inLanguage\":\"fr-FR\"},{\"@type\":\"Organization\",\"@id\":\"https:\\\/\\\/districos.standingout.be\\\/fr\\\/#organization\",\"name\":\"Districos Webshop\",\"url\":\"https:\\\/\\\/districos.standingout.be\\\/fr\\\/\",\"logo\":{\"@type\":\"ImageObject\",\"inLanguage\":\"fr-FR\",\"@id\":\"https:\\\/\\\/districos.standingout.be\\\/fr\\\/#\\\/schema\\\/logo\\\/image\\\/\",\"url\":\"https:\\\/\\\/districos.standingout.be\\\/wp-content\\\/uploads\\\/2022\\\/09\\\/Districos_Logo_Webshop.svg\",\"contentUrl\":\"https:\\\/\\\/districos.standingout.be\\\/wp-content\\\/uploads\\\/2022\\\/09\\\/Districos_Logo_Webshop.svg\",\"caption\":\"Districos Webshop\"},\"image\":{\"@id\":\"https:\\\/\\\/districos.standingout.be\\\/fr\\\/#\\\/schema\\\/logo\\\/image\\\/\"}}]}<\/script>\n<!-- \/ Yoast SEO plugin. -->","yoast_head_json":{"title":"DBK Lames Chirurgicales N\u00b0 11 100 pcs. - Districos Webshop","robots":{"index":"noindex","follow":"follow","max-snippet":"max-snippet:-1","max-image-preview":"max-image-preview:large","max-video-preview":"max-video-preview:-1"},"og_locale":"fr_FR","og_type":"article","og_title":"DBK Lames Chirurgicales N\u00b0 11 100 pcs. - Districos Webshop","og_description":"Les lames de chirugie de DBK pour p\u00e9dicure sont une alternative super tranchante pour celles de Swann Morton. Acier au carbone de haute qualit\u00e9 Restent tranchantes pendant longtemps Emball\u00e9es indivuellement par pi\u00e8ce dans une bo\u00eete de 100 pcs. Certifi\u00e9es CE Convient au porte-lames en inox n\u00b0 3 (R\u00e9f. 8703) ou 4 (R\u00e9f. 8704).","og_url":"https:\/\/districos.standingout.be\/fr\/product\/dbk-lames-chirurgicales-n-11-100-pcs-ref-8703-11\/","og_site_name":"Districos Webshop","article_modified_time":"2026-04-28T10:11:32+00:00","twitter_card":"summary_large_image","schema":{"@context":"https:\/\/schema.org","@graph":[{"@type":"WebPage","@id":"https:\/\/districos.standingout.be\/fr\/product\/dbk-lames-chirurgicales-n-11-100-pcs-ref-8703-11\/","url":"https:\/\/districos.standingout.be\/fr\/product\/dbk-lames-chirurgicales-n-11-100-pcs-ref-8703-11\/","name":"DBK Lames Chirurgicales N\u00b0 11 100 pcs. - Districos Webshop","isPartOf":{"@id":"https:\/\/districos.standingout.be\/fr\/#website"},"primaryImageOfPage":{"@id":"https:\/\/districos.standingout.be\/fr\/product\/dbk-lames-chirurgicales-n-11-100-pcs-ref-8703-11\/#primaryimage"},"image":{"@id":"https:\/\/districos.standingout.be\/fr\/product\/dbk-lames-chirurgicales-n-11-100-pcs-ref-8703-11\/#primaryimage"},"thumbnailUrl":"https:\/\/districos.standingout.be\/wp-content\/uploads\/2026\/03\/8703.11@LowRes_1_0.png","datePublished":"2026-04-28T10:11:27+00:00","dateModified":"2026-04-28T10:11:32+00:00","breadcrumb":{"@id":"https:\/\/districos.standingout.be\/fr\/product\/dbk-lames-chirurgicales-n-11-100-pcs-ref-8703-11\/#breadcrumb"},"inLanguage":"fr-FR","potentialAction":[{"@type":"ReadAction","target":["https:\/\/districos.standingout.be\/fr\/product\/dbk-lames-chirurgicales-n-11-100-pcs-ref-8703-11\/"]}]},{"@type":"ImageObject","inLanguage":"fr-FR","@id":"https:\/\/districos.standingout.be\/fr\/product\/dbk-lames-chirurgicales-n-11-100-pcs-ref-8703-11\/#primaryimage","url":"https:\/\/districos.standingout.be\/wp-content\/uploads\/2026\/03\/8703.11@LowRes_1_0.png","contentUrl":"https:\/\/districos.standingout.be\/wp-content\/uploads\/2026\/03\/8703.11@LowRes_1_0.png","width":600,"height":600},{"@type":"BreadcrumbList","@id":"https:\/\/districos.standingout.be\/fr\/product\/dbk-lames-chirurgicales-n-11-100-pcs-ref-8703-11\/#breadcrumb","itemListElement":[{"@type":"ListItem","position":1,"name":"Home","item":"https:\/\/districos.standingout.be\/fr\/bienvenue-chez-districos\/"},{"@type":"ListItem","position":2,"name":"Boutique","item":"https:\/\/districos.standingout.be\/fr\/boutique\/"},{"@type":"ListItem","position":3,"name":"DBK Lames Chirurgicales N\u00b0 11 100 pcs."}]},{"@type":"WebSite","@id":"https:\/\/districos.standingout.be\/fr\/#website","url":"https:\/\/districos.standingout.be\/fr\/","name":"Districos Webshop","description":"","publisher":{"@id":"https:\/\/districos.standingout.be\/fr\/#organization"},"potentialAction":[{"@type":"SearchAction","target":{"@type":"EntryPoint","urlTemplate":"https:\/\/districos.standingout.be\/fr\/?s={search_term_string}"},"query-input":{"@type":"PropertyValueSpecification","valueRequired":true,"valueName":"search_term_string"}}],"inLanguage":"fr-FR"},{"@type":"Organization","@id":"https:\/\/districos.standingout.be\/fr\/#organization","name":"Districos Webshop","url":"https:\/\/districos.standingout.be\/fr\/","logo":{"@type":"ImageObject","inLanguage":"fr-FR","@id":"https:\/\/districos.standingout.be\/fr\/#\/schema\/logo\/image\/","url":"https:\/\/districos.standingout.be\/wp-content\/uploads\/2022\/09\/Districos_Logo_Webshop.svg","contentUrl":"https:\/\/districos.standingout.be\/wp-content\/uploads\/2022\/09\/Districos_Logo_Webshop.svg","caption":"Districos Webshop"},"image":{"@id":"https:\/\/districos.standingout.be\/fr\/#\/schema\/logo\/image\/"}}]}},"_links":{"self":[{"href":"https:\/\/districos.standingout.be\/fr\/wp-json\/wp\/v2\/product\/139113","targetHints":{"allow":["GET"]}}],"collection":[{"href":"https:\/\/districos.standingout.be\/fr\/wp-json\/wp\/v2\/product"}],"about":[{"href":"https:\/\/districos.standingout.be\/fr\/wp-json\/wp\/v2\/types\/product"}],"replies":[{"embeddable":true,"href":"https:\/\/districos.standingout.be\/fr\/wp-json\/wp\/v2\/comments?post=139113"}],"wp:featuredmedia":[{"embeddable":true,"href":"https:\/\/districos.standingout.be\/fr\/wp-json\/wp\/v2\/media\/112220"}],"wp:attachment":[{"href":"https:\/\/districos.standingout.be\/fr\/wp-json\/wp\/v2\/media?parent=139113"}],"wp:term":[{"taxonomy":"product_brand","embeddable":true,"href":"https:\/\/districos.standingout.be\/fr\/wp-json\/wp\/v2\/product_brand?post=139113"},{"taxonomy":"product_cat","embeddable":true,"href":"https:\/\/districos.standingout.be\/fr\/wp-json\/wp\/v2\/product_cat?post=139113"},{"taxonomy":"product_tag","embeddable":true,"href":"https:\/\/districos.standingout.be\/fr\/wp-json\/wp\/v2\/product_tag?post=139113"}],"curies":[{"name":"wp","href":"https:\/\/api.w.org\/{rel}","templated":true}]}}