{"id":139510,"date":"2026-04-28T12:15:36","date_gmt":"2026-04-28T10:15:36","guid":{"rendered":"https:\/\/webshopdistricoscom.webhosting.be\/product\/dbk-lames-de-gouge-n-3-20-pcs-ref-8707-53\/"},"modified":"2026-04-28T12:15:40","modified_gmt":"2026-04-28T10:15:40","slug":"dbk-lames-de-gouge-n-3-20-pcs-ref-8707-53","status":"publish","type":"product","link":"https:\/\/districos.standingout.be\/fr\/product\/dbk-lames-de-gouge-n-3-20-pcs-ref-8707-53\/","title":{"rendered":"DBK Lames de Gouge N\u00b0 3 20 pcs."},"content":{"rendered":"<p >\n<p dir=ltr>Lames de gouges aux multiples usages, comme le traitement de petits et de grands cors ou des sillons ungu\u00e9aux. Emball\u00e9es s\u00e9par\u00e9ment dans une bo\u00eete de 20 pi\u00e8ces.<\/p>\n<p> Avec la lame de gouge n\u00b0 3 :<\/p>\n<p> \u2022 Plus rapide en cas de grands cors. Finition du noyau avec lame n\u00b0 1 ou 2.<\/p>\n<p> \u2022 Apr\u00e8s avoir utilis\u00e9 un produit anti-verrues, il est possible de couper une petite verrue ou une verrue moyenne \u00e0 l&rsquo;aide du c\u00f4t\u00e9 de la lame. <\/p><\/p>\n","protected":false},"excerpt":{"rendered":"<p>Lames de gouges aux multiples usages, comme le traitement de petits et de grands cors ou des sillons ungu\u00e9aux. Emball\u00e9es s\u00e9par\u00e9ment dans une bo\u00eete de 20 pi\u00e8ces. Avec la lame de gouge n\u00b0 3 : \u2022 Plus rapide en cas de grands cors. Finition du noyau avec lame n\u00b0 1 ou 2. \u2022 Apr\u00e8s avoir [&hellip;]<\/p>\n","protected":false},"featured_media":82910,"comment_status":"open","ping_status":"closed","template":"","meta":{"_acf_changed":false},"product_brand":[10370],"product_cat":[10170,9944,10192,10044],"product_tag":[],"class_list":{"0":"post-139510","1":"product","2":"type-product","3":"status-publish","4":"has-post-thumbnail","6":"product_brand-dbk-mesjes-fr","7":"product_cat-fournitures-pour-cabinet-accessoires-accessoires-pedicure","8":"product_cat-beaute-pedicure-instruments","9":"product_cat-fournitures-pour-cabinet-instruments-lames-supports","10":"product_cat-soins-des-pieds-podologie-instruments-lames-supports","12":"first","13":"instock","14":"taxable","15":"shipping-taxable","16":"product-type-simple"},"acf":[],"yoast_head":"<!-- This site is optimized with the Yoast SEO plugin v27.3 - https:\/\/yoast.com\/product\/yoast-seo-wordpress\/ -->\n<title>DBK Lames de Gouge N\u00b0 3 20 pcs. - Districos Webshop<\/title>\n<meta name=\"robots\" content=\"noindex, follow, max-snippet:-1, max-image-preview:large, max-video-preview:-1\" \/>\n<meta property=\"og:locale\" content=\"fr_FR\" \/>\n<meta property=\"og:type\" content=\"article\" \/>\n<meta property=\"og:title\" content=\"DBK Lames de Gouge N\u00b0 3 20 pcs. - Districos Webshop\" \/>\n<meta property=\"og:description\" content=\"Lames de gouges aux multiples usages, comme le traitement de petits et de grands cors ou des sillons ungu\u00e9aux. Emball\u00e9es s\u00e9par\u00e9ment dans une bo\u00eete de 20 pi\u00e8ces. Avec la lame de gouge n\u00b0 3 : \u2022 Plus rapide en cas de grands cors. Finition du noyau avec lame n\u00b0 1 ou 2. \u2022 Apr\u00e8s avoir [&hellip;]\" \/>\n<meta property=\"og:url\" content=\"https:\/\/districos.standingout.be\/fr\/product\/dbk-lames-de-gouge-n-3-20-pcs-ref-8707-53\/\" \/>\n<meta property=\"og:site_name\" content=\"Districos Webshop\" \/>\n<meta property=\"article:modified_time\" content=\"2026-04-28T10:15:40+00:00\" \/>\n<meta name=\"twitter:card\" content=\"summary_large_image\" \/>\n<script type=\"application\/ld+json\" class=\"yoast-schema-graph\">{\"@context\":\"https:\\\/\\\/schema.org\",\"@graph\":[{\"@type\":\"WebPage\",\"@id\":\"https:\\\/\\\/districos.standingout.be\\\/fr\\\/product\\\/dbk-lames-de-gouge-n-3-20-pcs-ref-8707-53\\\/\",\"url\":\"https:\\\/\\\/districos.standingout.be\\\/fr\\\/product\\\/dbk-lames-de-gouge-n-3-20-pcs-ref-8707-53\\\/\",\"name\":\"DBK Lames de Gouge N\u00b0 3 20 pcs. - Districos Webshop\",\"isPartOf\":{\"@id\":\"https:\\\/\\\/districos.standingout.be\\\/fr\\\/#website\"},\"primaryImageOfPage\":{\"@id\":\"https:\\\/\\\/districos.standingout.be\\\/fr\\\/product\\\/dbk-lames-de-gouge-n-3-20-pcs-ref-8707-53\\\/#primaryimage\"},\"image\":{\"@id\":\"https:\\\/\\\/districos.standingout.be\\\/fr\\\/product\\\/dbk-lames-de-gouge-n-3-20-pcs-ref-8707-53\\\/#primaryimage\"},\"thumbnailUrl\":\"https:\\\/\\\/districos.standingout.be\\\/wp-content\\\/uploads\\\/2025\\\/07\\\/8707.53@LowRes_1.png\",\"datePublished\":\"2026-04-28T10:15:36+00:00\",\"dateModified\":\"2026-04-28T10:15:40+00:00\",\"breadcrumb\":{\"@id\":\"https:\\\/\\\/districos.standingout.be\\\/fr\\\/product\\\/dbk-lames-de-gouge-n-3-20-pcs-ref-8707-53\\\/#breadcrumb\"},\"inLanguage\":\"fr-FR\",\"potentialAction\":[{\"@type\":\"ReadAction\",\"target\":[\"https:\\\/\\\/districos.standingout.be\\\/fr\\\/product\\\/dbk-lames-de-gouge-n-3-20-pcs-ref-8707-53\\\/\"]}]},{\"@type\":\"ImageObject\",\"inLanguage\":\"fr-FR\",\"@id\":\"https:\\\/\\\/districos.standingout.be\\\/fr\\\/product\\\/dbk-lames-de-gouge-n-3-20-pcs-ref-8707-53\\\/#primaryimage\",\"url\":\"https:\\\/\\\/districos.standingout.be\\\/wp-content\\\/uploads\\\/2025\\\/07\\\/8707.53@LowRes_1.png\",\"contentUrl\":\"https:\\\/\\\/districos.standingout.be\\\/wp-content\\\/uploads\\\/2025\\\/07\\\/8707.53@LowRes_1.png\",\"width\":600,\"height\":600},{\"@type\":\"BreadcrumbList\",\"@id\":\"https:\\\/\\\/districos.standingout.be\\\/fr\\\/product\\\/dbk-lames-de-gouge-n-3-20-pcs-ref-8707-53\\\/#breadcrumb\",\"itemListElement\":[{\"@type\":\"ListItem\",\"position\":1,\"name\":\"Home\",\"item\":\"https:\\\/\\\/districos.standingout.be\\\/fr\\\/bienvenue-chez-districos\\\/\"},{\"@type\":\"ListItem\",\"position\":2,\"name\":\"Boutique\",\"item\":\"https:\\\/\\\/districos.standingout.be\\\/fr\\\/boutique\\\/\"},{\"@type\":\"ListItem\",\"position\":3,\"name\":\"DBK Lames de Gouge N\u00b0 3 20 pcs.\"}]},{\"@type\":\"WebSite\",\"@id\":\"https:\\\/\\\/districos.standingout.be\\\/fr\\\/#website\",\"url\":\"https:\\\/\\\/districos.standingout.be\\\/fr\\\/\",\"name\":\"Districos Webshop\",\"description\":\"\",\"publisher\":{\"@id\":\"https:\\\/\\\/districos.standingout.be\\\/fr\\\/#organization\"},\"potentialAction\":[{\"@type\":\"SearchAction\",\"target\":{\"@type\":\"EntryPoint\",\"urlTemplate\":\"https:\\\/\\\/districos.standingout.be\\\/fr\\\/?s={search_term_string}\"},\"query-input\":{\"@type\":\"PropertyValueSpecification\",\"valueRequired\":true,\"valueName\":\"search_term_string\"}}],\"inLanguage\":\"fr-FR\"},{\"@type\":\"Organization\",\"@id\":\"https:\\\/\\\/districos.standingout.be\\\/fr\\\/#organization\",\"name\":\"Districos Webshop\",\"url\":\"https:\\\/\\\/districos.standingout.be\\\/fr\\\/\",\"logo\":{\"@type\":\"ImageObject\",\"inLanguage\":\"fr-FR\",\"@id\":\"https:\\\/\\\/districos.standingout.be\\\/fr\\\/#\\\/schema\\\/logo\\\/image\\\/\",\"url\":\"https:\\\/\\\/districos.standingout.be\\\/wp-content\\\/uploads\\\/2022\\\/09\\\/Districos_Logo_Webshop.svg\",\"contentUrl\":\"https:\\\/\\\/districos.standingout.be\\\/wp-content\\\/uploads\\\/2022\\\/09\\\/Districos_Logo_Webshop.svg\",\"caption\":\"Districos Webshop\"},\"image\":{\"@id\":\"https:\\\/\\\/districos.standingout.be\\\/fr\\\/#\\\/schema\\\/logo\\\/image\\\/\"}}]}<\/script>\n<!-- \/ Yoast SEO plugin. -->","yoast_head_json":{"title":"DBK Lames de Gouge N\u00b0 3 20 pcs. - Districos Webshop","robots":{"index":"noindex","follow":"follow","max-snippet":"max-snippet:-1","max-image-preview":"max-image-preview:large","max-video-preview":"max-video-preview:-1"},"og_locale":"fr_FR","og_type":"article","og_title":"DBK Lames de Gouge N\u00b0 3 20 pcs. - Districos Webshop","og_description":"Lames de gouges aux multiples usages, comme le traitement de petits et de grands cors ou des sillons ungu\u00e9aux. Emball\u00e9es s\u00e9par\u00e9ment dans une bo\u00eete de 20 pi\u00e8ces. Avec la lame de gouge n\u00b0 3 : \u2022 Plus rapide en cas de grands cors. Finition du noyau avec lame n\u00b0 1 ou 2. \u2022 Apr\u00e8s avoir [&hellip;]","og_url":"https:\/\/districos.standingout.be\/fr\/product\/dbk-lames-de-gouge-n-3-20-pcs-ref-8707-53\/","og_site_name":"Districos Webshop","article_modified_time":"2026-04-28T10:15:40+00:00","twitter_card":"summary_large_image","schema":{"@context":"https:\/\/schema.org","@graph":[{"@type":"WebPage","@id":"https:\/\/districos.standingout.be\/fr\/product\/dbk-lames-de-gouge-n-3-20-pcs-ref-8707-53\/","url":"https:\/\/districos.standingout.be\/fr\/product\/dbk-lames-de-gouge-n-3-20-pcs-ref-8707-53\/","name":"DBK Lames de Gouge N\u00b0 3 20 pcs. - Districos Webshop","isPartOf":{"@id":"https:\/\/districos.standingout.be\/fr\/#website"},"primaryImageOfPage":{"@id":"https:\/\/districos.standingout.be\/fr\/product\/dbk-lames-de-gouge-n-3-20-pcs-ref-8707-53\/#primaryimage"},"image":{"@id":"https:\/\/districos.standingout.be\/fr\/product\/dbk-lames-de-gouge-n-3-20-pcs-ref-8707-53\/#primaryimage"},"thumbnailUrl":"https:\/\/districos.standingout.be\/wp-content\/uploads\/2025\/07\/8707.53@LowRes_1.png","datePublished":"2026-04-28T10:15:36+00:00","dateModified":"2026-04-28T10:15:40+00:00","breadcrumb":{"@id":"https:\/\/districos.standingout.be\/fr\/product\/dbk-lames-de-gouge-n-3-20-pcs-ref-8707-53\/#breadcrumb"},"inLanguage":"fr-FR","potentialAction":[{"@type":"ReadAction","target":["https:\/\/districos.standingout.be\/fr\/product\/dbk-lames-de-gouge-n-3-20-pcs-ref-8707-53\/"]}]},{"@type":"ImageObject","inLanguage":"fr-FR","@id":"https:\/\/districos.standingout.be\/fr\/product\/dbk-lames-de-gouge-n-3-20-pcs-ref-8707-53\/#primaryimage","url":"https:\/\/districos.standingout.be\/wp-content\/uploads\/2025\/07\/8707.53@LowRes_1.png","contentUrl":"https:\/\/districos.standingout.be\/wp-content\/uploads\/2025\/07\/8707.53@LowRes_1.png","width":600,"height":600},{"@type":"BreadcrumbList","@id":"https:\/\/districos.standingout.be\/fr\/product\/dbk-lames-de-gouge-n-3-20-pcs-ref-8707-53\/#breadcrumb","itemListElement":[{"@type":"ListItem","position":1,"name":"Home","item":"https:\/\/districos.standingout.be\/fr\/bienvenue-chez-districos\/"},{"@type":"ListItem","position":2,"name":"Boutique","item":"https:\/\/districos.standingout.be\/fr\/boutique\/"},{"@type":"ListItem","position":3,"name":"DBK Lames de Gouge N\u00b0 3 20 pcs."}]},{"@type":"WebSite","@id":"https:\/\/districos.standingout.be\/fr\/#website","url":"https:\/\/districos.standingout.be\/fr\/","name":"Districos Webshop","description":"","publisher":{"@id":"https:\/\/districos.standingout.be\/fr\/#organization"},"potentialAction":[{"@type":"SearchAction","target":{"@type":"EntryPoint","urlTemplate":"https:\/\/districos.standingout.be\/fr\/?s={search_term_string}"},"query-input":{"@type":"PropertyValueSpecification","valueRequired":true,"valueName":"search_term_string"}}],"inLanguage":"fr-FR"},{"@type":"Organization","@id":"https:\/\/districos.standingout.be\/fr\/#organization","name":"Districos Webshop","url":"https:\/\/districos.standingout.be\/fr\/","logo":{"@type":"ImageObject","inLanguage":"fr-FR","@id":"https:\/\/districos.standingout.be\/fr\/#\/schema\/logo\/image\/","url":"https:\/\/districos.standingout.be\/wp-content\/uploads\/2022\/09\/Districos_Logo_Webshop.svg","contentUrl":"https:\/\/districos.standingout.be\/wp-content\/uploads\/2022\/09\/Districos_Logo_Webshop.svg","caption":"Districos Webshop"},"image":{"@id":"https:\/\/districos.standingout.be\/fr\/#\/schema\/logo\/image\/"}}]}},"_links":{"self":[{"href":"https:\/\/districos.standingout.be\/fr\/wp-json\/wp\/v2\/product\/139510","targetHints":{"allow":["GET"]}}],"collection":[{"href":"https:\/\/districos.standingout.be\/fr\/wp-json\/wp\/v2\/product"}],"about":[{"href":"https:\/\/districos.standingout.be\/fr\/wp-json\/wp\/v2\/types\/product"}],"replies":[{"embeddable":true,"href":"https:\/\/districos.standingout.be\/fr\/wp-json\/wp\/v2\/comments?post=139510"}],"wp:featuredmedia":[{"embeddable":true,"href":"https:\/\/districos.standingout.be\/fr\/wp-json\/wp\/v2\/media\/82910"}],"wp:attachment":[{"href":"https:\/\/districos.standingout.be\/fr\/wp-json\/wp\/v2\/media?parent=139510"}],"wp:term":[{"taxonomy":"product_brand","embeddable":true,"href":"https:\/\/districos.standingout.be\/fr\/wp-json\/wp\/v2\/product_brand?post=139510"},{"taxonomy":"product_cat","embeddable":true,"href":"https:\/\/districos.standingout.be\/fr\/wp-json\/wp\/v2\/product_cat?post=139510"},{"taxonomy":"product_tag","embeddable":true,"href":"https:\/\/districos.standingout.be\/fr\/wp-json\/wp\/v2\/product_tag?post=139510"}],"curies":[{"name":"wp","href":"https:\/\/api.w.org\/{rel}","templated":true}]}}