{"id":139526,"date":"2026-04-28T12:16:19","date_gmt":"2026-04-28T10:16:19","guid":{"rendered":"https:\/\/webshopdistricoscom.webhosting.be\/product\/titania-pierre-ponce-ergonomique-mousse-de-verre-fine-ref-8710-10\/"},"modified":"2026-04-28T12:16:22","modified_gmt":"2026-04-28T10:16:22","slug":"titania-pierre-ponce-ergonomique-mousse-de-verre-fine-ref-8710-10","status":"publish","type":"product","link":"https:\/\/districos.standingout.be\/fr\/product\/titania-pierre-ponce-ergonomique-mousse-de-verre-fine-ref-8710-10\/","title":{"rendered":"Titania Pierre Ponce Ergonomique Mousse de Verre Fine"},"content":{"rendered":"<p >\n<p>La pierre ponce TITANIA en mousse de verre a une forme ergonomique et garantit un soin sans effort des mains et des pieds, \u00e9liminant efficacement les callosit\u00e9s, les peaux dures et les impuret\u00e9s rugueuses. Pour cela, utilisez la pierre ponce sur une peau humide en effectuant des mouvements circulaires, de pr\u00e9f\u00e9rence apr\u00e8s un bain de pieds ou sous la douche. En cas de troubles circulatoires ou de diab\u00e8te, consultez votre m\u00e9decin avant d&rsquo;utiliser ce produit.<\/p>\n<p> <timestamp:19783384:37\/> <\/p>\n","protected":false},"excerpt":{"rendered":"<p>La pierre ponce TITANIA en mousse de verre a une forme ergonomique et garantit un soin sans effort des mains et des pieds, \u00e9liminant efficacement les callosit\u00e9s, les peaux dures et les impuret\u00e9s rugueuses. Pour cela, utilisez la pierre ponce sur une peau humide en effectuant des mouvements circulaires, de pr\u00e9f\u00e9rence apr\u00e8s un bain de [&hellip;]<\/p>\n","protected":false},"featured_media":148306,"comment_status":"open","ping_status":"closed","template":"","meta":{"_acf_changed":false},"product_brand":[10586],"product_cat":[10170,9944,10048,10196],"product_tag":[],"class_list":{"0":"post-139526","1":"product","2":"type-product","3":"status-publish","4":"has-post-thumbnail","6":"product_brand-titania-fr","7":"product_cat-fournitures-pour-cabinet-accessoires-accessoires-pedicure","8":"product_cat-beaute-pedicure-instruments","9":"product_cat-soins-des-pieds-podologie-instruments-limes-pour-les-pieds","10":"product_cat-fournitures-pour-cabinet-instruments-limes-pour-les-pieds","12":"first","13":"instock","14":"taxable","15":"shipping-taxable","16":"product-type-simple"},"acf":[],"yoast_head":"<!-- This site is optimized with the Yoast SEO plugin v27.3 - https:\/\/yoast.com\/product\/yoast-seo-wordpress\/ -->\n<title>Titania Pierre Ponce Ergonomique Mousse de Verre Fine - Districos Webshop<\/title>\n<meta name=\"robots\" content=\"noindex, follow, max-snippet:-1, max-image-preview:large, max-video-preview:-1\" \/>\n<meta property=\"og:locale\" content=\"fr_FR\" \/>\n<meta property=\"og:type\" content=\"article\" \/>\n<meta property=\"og:title\" content=\"Titania Pierre Ponce Ergonomique Mousse de Verre Fine - Districos Webshop\" \/>\n<meta property=\"og:description\" content=\"La pierre ponce TITANIA en mousse de verre a une forme ergonomique et garantit un soin sans effort des mains et des pieds, \u00e9liminant efficacement les callosit\u00e9s, les peaux dures et les impuret\u00e9s rugueuses. Pour cela, utilisez la pierre ponce sur une peau humide en effectuant des mouvements circulaires, de pr\u00e9f\u00e9rence apr\u00e8s un bain de [&hellip;]\" \/>\n<meta property=\"og:url\" content=\"https:\/\/districos.standingout.be\/fr\/product\/titania-pierre-ponce-ergonomique-mousse-de-verre-fine-ref-8710-10\/\" \/>\n<meta property=\"og:site_name\" content=\"Districos Webshop\" \/>\n<meta property=\"article:modified_time\" content=\"2026-04-28T10:16:22+00:00\" \/>\n<meta name=\"twitter:card\" content=\"summary_large_image\" \/>\n<script type=\"application\/ld+json\" class=\"yoast-schema-graph\">{\"@context\":\"https:\\\/\\\/schema.org\",\"@graph\":[{\"@type\":\"WebPage\",\"@id\":\"https:\\\/\\\/districos.standingout.be\\\/fr\\\/product\\\/titania-pierre-ponce-ergonomique-mousse-de-verre-fine-ref-8710-10\\\/\",\"url\":\"https:\\\/\\\/districos.standingout.be\\\/fr\\\/product\\\/titania-pierre-ponce-ergonomique-mousse-de-verre-fine-ref-8710-10\\\/\",\"name\":\"Titania Pierre Ponce Ergonomique Mousse de Verre Fine - Districos Webshop\",\"isPartOf\":{\"@id\":\"https:\\\/\\\/districos.standingout.be\\\/fr\\\/#website\"},\"primaryImageOfPage\":{\"@id\":\"https:\\\/\\\/districos.standingout.be\\\/fr\\\/product\\\/titania-pierre-ponce-ergonomique-mousse-de-verre-fine-ref-8710-10\\\/#primaryimage\"},\"image\":{\"@id\":\"https:\\\/\\\/districos.standingout.be\\\/fr\\\/product\\\/titania-pierre-ponce-ergonomique-mousse-de-verre-fine-ref-8710-10\\\/#primaryimage\"},\"thumbnailUrl\":\"https:\\\/\\\/districos.standingout.be\\\/wp-content\\\/uploads\\\/2026\\\/04\\\/8710.10@Titania-Ergonomische-Puimsteen-Fijn-Glasschuim_1-1.png\",\"datePublished\":\"2026-04-28T10:16:19+00:00\",\"dateModified\":\"2026-04-28T10:16:22+00:00\",\"breadcrumb\":{\"@id\":\"https:\\\/\\\/districos.standingout.be\\\/fr\\\/product\\\/titania-pierre-ponce-ergonomique-mousse-de-verre-fine-ref-8710-10\\\/#breadcrumb\"},\"inLanguage\":\"fr-FR\",\"potentialAction\":[{\"@type\":\"ReadAction\",\"target\":[\"https:\\\/\\\/districos.standingout.be\\\/fr\\\/product\\\/titania-pierre-ponce-ergonomique-mousse-de-verre-fine-ref-8710-10\\\/\"]}]},{\"@type\":\"ImageObject\",\"inLanguage\":\"fr-FR\",\"@id\":\"https:\\\/\\\/districos.standingout.be\\\/fr\\\/product\\\/titania-pierre-ponce-ergonomique-mousse-de-verre-fine-ref-8710-10\\\/#primaryimage\",\"url\":\"https:\\\/\\\/districos.standingout.be\\\/wp-content\\\/uploads\\\/2026\\\/04\\\/8710.10@Titania-Ergonomische-Puimsteen-Fijn-Glasschuim_1-1.png\",\"contentUrl\":\"https:\\\/\\\/districos.standingout.be\\\/wp-content\\\/uploads\\\/2026\\\/04\\\/8710.10@Titania-Ergonomische-Puimsteen-Fijn-Glasschuim_1-1.png\",\"width\":600,\"height\":600},{\"@type\":\"BreadcrumbList\",\"@id\":\"https:\\\/\\\/districos.standingout.be\\\/fr\\\/product\\\/titania-pierre-ponce-ergonomique-mousse-de-verre-fine-ref-8710-10\\\/#breadcrumb\",\"itemListElement\":[{\"@type\":\"ListItem\",\"position\":1,\"name\":\"Home\",\"item\":\"https:\\\/\\\/districos.standingout.be\\\/fr\\\/bienvenue-chez-districos\\\/\"},{\"@type\":\"ListItem\",\"position\":2,\"name\":\"Boutique\",\"item\":\"https:\\\/\\\/districos.standingout.be\\\/fr\\\/boutique\\\/\"},{\"@type\":\"ListItem\",\"position\":3,\"name\":\"Titania Pierre Ponce Ergonomique Mousse de Verre Fine\"}]},{\"@type\":\"WebSite\",\"@id\":\"https:\\\/\\\/districos.standingout.be\\\/fr\\\/#website\",\"url\":\"https:\\\/\\\/districos.standingout.be\\\/fr\\\/\",\"name\":\"Districos Webshop\",\"description\":\"\",\"publisher\":{\"@id\":\"https:\\\/\\\/districos.standingout.be\\\/fr\\\/#organization\"},\"potentialAction\":[{\"@type\":\"SearchAction\",\"target\":{\"@type\":\"EntryPoint\",\"urlTemplate\":\"https:\\\/\\\/districos.standingout.be\\\/fr\\\/?s={search_term_string}\"},\"query-input\":{\"@type\":\"PropertyValueSpecification\",\"valueRequired\":true,\"valueName\":\"search_term_string\"}}],\"inLanguage\":\"fr-FR\"},{\"@type\":\"Organization\",\"@id\":\"https:\\\/\\\/districos.standingout.be\\\/fr\\\/#organization\",\"name\":\"Districos Webshop\",\"url\":\"https:\\\/\\\/districos.standingout.be\\\/fr\\\/\",\"logo\":{\"@type\":\"ImageObject\",\"inLanguage\":\"fr-FR\",\"@id\":\"https:\\\/\\\/districos.standingout.be\\\/fr\\\/#\\\/schema\\\/logo\\\/image\\\/\",\"url\":\"https:\\\/\\\/districos.standingout.be\\\/wp-content\\\/uploads\\\/2022\\\/09\\\/Districos_Logo_Webshop.svg\",\"contentUrl\":\"https:\\\/\\\/districos.standingout.be\\\/wp-content\\\/uploads\\\/2022\\\/09\\\/Districos_Logo_Webshop.svg\",\"caption\":\"Districos Webshop\"},\"image\":{\"@id\":\"https:\\\/\\\/districos.standingout.be\\\/fr\\\/#\\\/schema\\\/logo\\\/image\\\/\"}}]}<\/script>\n<!-- \/ Yoast SEO plugin. -->","yoast_head_json":{"title":"Titania Pierre Ponce Ergonomique Mousse de Verre Fine - Districos Webshop","robots":{"index":"noindex","follow":"follow","max-snippet":"max-snippet:-1","max-image-preview":"max-image-preview:large","max-video-preview":"max-video-preview:-1"},"og_locale":"fr_FR","og_type":"article","og_title":"Titania Pierre Ponce Ergonomique Mousse de Verre Fine - Districos Webshop","og_description":"La pierre ponce TITANIA en mousse de verre a une forme ergonomique et garantit un soin sans effort des mains et des pieds, \u00e9liminant efficacement les callosit\u00e9s, les peaux dures et les impuret\u00e9s rugueuses. Pour cela, utilisez la pierre ponce sur une peau humide en effectuant des mouvements circulaires, de pr\u00e9f\u00e9rence apr\u00e8s un bain de [&hellip;]","og_url":"https:\/\/districos.standingout.be\/fr\/product\/titania-pierre-ponce-ergonomique-mousse-de-verre-fine-ref-8710-10\/","og_site_name":"Districos Webshop","article_modified_time":"2026-04-28T10:16:22+00:00","twitter_card":"summary_large_image","schema":{"@context":"https:\/\/schema.org","@graph":[{"@type":"WebPage","@id":"https:\/\/districos.standingout.be\/fr\/product\/titania-pierre-ponce-ergonomique-mousse-de-verre-fine-ref-8710-10\/","url":"https:\/\/districos.standingout.be\/fr\/product\/titania-pierre-ponce-ergonomique-mousse-de-verre-fine-ref-8710-10\/","name":"Titania Pierre Ponce Ergonomique Mousse de Verre Fine - Districos Webshop","isPartOf":{"@id":"https:\/\/districos.standingout.be\/fr\/#website"},"primaryImageOfPage":{"@id":"https:\/\/districos.standingout.be\/fr\/product\/titania-pierre-ponce-ergonomique-mousse-de-verre-fine-ref-8710-10\/#primaryimage"},"image":{"@id":"https:\/\/districos.standingout.be\/fr\/product\/titania-pierre-ponce-ergonomique-mousse-de-verre-fine-ref-8710-10\/#primaryimage"},"thumbnailUrl":"https:\/\/districos.standingout.be\/wp-content\/uploads\/2026\/04\/8710.10@Titania-Ergonomische-Puimsteen-Fijn-Glasschuim_1-1.png","datePublished":"2026-04-28T10:16:19+00:00","dateModified":"2026-04-28T10:16:22+00:00","breadcrumb":{"@id":"https:\/\/districos.standingout.be\/fr\/product\/titania-pierre-ponce-ergonomique-mousse-de-verre-fine-ref-8710-10\/#breadcrumb"},"inLanguage":"fr-FR","potentialAction":[{"@type":"ReadAction","target":["https:\/\/districos.standingout.be\/fr\/product\/titania-pierre-ponce-ergonomique-mousse-de-verre-fine-ref-8710-10\/"]}]},{"@type":"ImageObject","inLanguage":"fr-FR","@id":"https:\/\/districos.standingout.be\/fr\/product\/titania-pierre-ponce-ergonomique-mousse-de-verre-fine-ref-8710-10\/#primaryimage","url":"https:\/\/districos.standingout.be\/wp-content\/uploads\/2026\/04\/8710.10@Titania-Ergonomische-Puimsteen-Fijn-Glasschuim_1-1.png","contentUrl":"https:\/\/districos.standingout.be\/wp-content\/uploads\/2026\/04\/8710.10@Titania-Ergonomische-Puimsteen-Fijn-Glasschuim_1-1.png","width":600,"height":600},{"@type":"BreadcrumbList","@id":"https:\/\/districos.standingout.be\/fr\/product\/titania-pierre-ponce-ergonomique-mousse-de-verre-fine-ref-8710-10\/#breadcrumb","itemListElement":[{"@type":"ListItem","position":1,"name":"Home","item":"https:\/\/districos.standingout.be\/fr\/bienvenue-chez-districos\/"},{"@type":"ListItem","position":2,"name":"Boutique","item":"https:\/\/districos.standingout.be\/fr\/boutique\/"},{"@type":"ListItem","position":3,"name":"Titania Pierre Ponce Ergonomique Mousse de Verre Fine"}]},{"@type":"WebSite","@id":"https:\/\/districos.standingout.be\/fr\/#website","url":"https:\/\/districos.standingout.be\/fr\/","name":"Districos Webshop","description":"","publisher":{"@id":"https:\/\/districos.standingout.be\/fr\/#organization"},"potentialAction":[{"@type":"SearchAction","target":{"@type":"EntryPoint","urlTemplate":"https:\/\/districos.standingout.be\/fr\/?s={search_term_string}"},"query-input":{"@type":"PropertyValueSpecification","valueRequired":true,"valueName":"search_term_string"}}],"inLanguage":"fr-FR"},{"@type":"Organization","@id":"https:\/\/districos.standingout.be\/fr\/#organization","name":"Districos Webshop","url":"https:\/\/districos.standingout.be\/fr\/","logo":{"@type":"ImageObject","inLanguage":"fr-FR","@id":"https:\/\/districos.standingout.be\/fr\/#\/schema\/logo\/image\/","url":"https:\/\/districos.standingout.be\/wp-content\/uploads\/2022\/09\/Districos_Logo_Webshop.svg","contentUrl":"https:\/\/districos.standingout.be\/wp-content\/uploads\/2022\/09\/Districos_Logo_Webshop.svg","caption":"Districos Webshop"},"image":{"@id":"https:\/\/districos.standingout.be\/fr\/#\/schema\/logo\/image\/"}}]}},"_links":{"self":[{"href":"https:\/\/districos.standingout.be\/fr\/wp-json\/wp\/v2\/product\/139526","targetHints":{"allow":["GET"]}}],"collection":[{"href":"https:\/\/districos.standingout.be\/fr\/wp-json\/wp\/v2\/product"}],"about":[{"href":"https:\/\/districos.standingout.be\/fr\/wp-json\/wp\/v2\/types\/product"}],"replies":[{"embeddable":true,"href":"https:\/\/districos.standingout.be\/fr\/wp-json\/wp\/v2\/comments?post=139526"}],"wp:featuredmedia":[{"embeddable":true,"href":"https:\/\/districos.standingout.be\/fr\/wp-json\/wp\/v2\/media\/148306"}],"wp:attachment":[{"href":"https:\/\/districos.standingout.be\/fr\/wp-json\/wp\/v2\/media?parent=139526"}],"wp:term":[{"taxonomy":"product_brand","embeddable":true,"href":"https:\/\/districos.standingout.be\/fr\/wp-json\/wp\/v2\/product_brand?post=139526"},{"taxonomy":"product_cat","embeddable":true,"href":"https:\/\/districos.standingout.be\/fr\/wp-json\/wp\/v2\/product_cat?post=139526"},{"taxonomy":"product_tag","embeddable":true,"href":"https:\/\/districos.standingout.be\/fr\/wp-json\/wp\/v2\/product_tag?post=139526"}],"curies":[{"name":"wp","href":"https:\/\/api.w.org\/{rel}","templated":true}]}}