{"id":139767,"date":"2026-04-28T12:19:46","date_gmt":"2026-04-28T10:19:46","guid":{"rendered":"https:\/\/webshopdistricoscom.webhosting.be\/product\/cobra-pince-depilation-croco-105-cm-3-mm-3-pcs-ref-8711-59\/"},"modified":"2026-04-28T12:19:49","modified_gmt":"2026-04-28T10:19:49","slug":"cobra-pince-depilation-croco-105-cm-3-mm-3-pcs-ref-8711-59","status":"publish","type":"product","link":"https:\/\/districos.standingout.be\/fr\/product\/cobra-pince-depilation-croco-105-cm-3-mm-3-pcs-ref-8711-59\/","title":{"rendered":"Cobra Pince d&rsquo;\u00c9pilation Croco 10,5 cm\/3 mm 3 pcs."},"content":{"rendered":"<p ><font face=\"Verdana\" size=\"2\">Pince d&rsquo;\u00e9pilation au motif animal.<\/font><\/p>\n<div>\n<ul>\n<li><font face=\"Verdana\" size=\"2\">Pince oblique.<\/font><\/li>\n<li><font face=\"Verdana\" size=\"2\">10,5 cm\/3 mm.<\/font><\/li>\n<li><font face=\"Verdana\" size=\"2\">Emballage : 3 pi\u00e8ces.<\/font><\/li>\n<\/ul>\n<\/div>\n<div><font face=\"Verdana\" size=\"2\">Aussi disponible en autres motifs : Panth\u00e8re (<u><a href=\"https:\/\/districos.com\/ProductDetail\/8711.56\" target=\"_blank\" rel=\"noopener noreferrer nofollow\">r\u00e9f. 8711.56<\/a><\/u>), Tigre (<u><a href=\"https:\/\/districos.com\/ProductDetail\/8711.57\" target=\"_blank\" rel=\"noopener noreferrer nofollow\">r\u00e9f. 8711.57<\/a><\/u>) et L\u00e9opard (<u><a href=\"https:\/\/districos.com\/ProductDetail\/8711.58\" target=\"_blank\" rel=\"noopener noreferrer nofollow\">r\u00e9f. 8711.58<\/a><\/u>).<\/font><\/div>\n<div><font face=\"Verdana\" size=\"2\">Aussi disponible en pr\u00e9sentoir avec 3 pi\u00e8ces de chaque motif (<u><a href=\"https:\/\/districos.com\/ProductDetail\/8711.55\" target=\"_blank\" rel=\"noopener noreferrer nofollow\">r\u00e9f. 8711.55<\/a><\/u>).<\/font><\/div>\n","protected":false},"excerpt":{"rendered":"<p>Pince d&rsquo;\u00e9pilation au motif animal. Pince oblique. 10,5 cm\/3 mm. Emballage : 3 pi\u00e8ces. Aussi disponible en autres motifs : Panth\u00e8re (r\u00e9f. 8711.56), Tigre (r\u00e9f. 8711.57) et L\u00e9opard (r\u00e9f. 8711.58). Aussi disponible en pr\u00e9sentoir avec 3 pi\u00e8ces de chaque motif (r\u00e9f. 8711.55).<\/p>\n","protected":false},"featured_media":83063,"comment_status":"open","ping_status":"closed","template":"","meta":{"_acf_changed":false},"product_brand":[10342],"product_cat":[9972,9864,10168,9970,9920,10614,10166,10616],"product_tag":[],"class_list":{"0":"post-139767","1":"product","2":"type-product","3":"status-publish","4":"has-post-thumbnail","6":"product_brand-cobra-steel-fr","7":"product_cat-beaute-materiel-pratique-accessoires","8":"product_cat-beaute-visage-accessoires","9":"product_cat-fournitures-pour-cabinet-accessoires-accessoires-visage","10":"product_cat-beaute-materiel-pratique-instruments","11":"product_cat-beaute-epilation-pinces-a-epiler","12":"product_cat-fournitures-pour-cabinet-instruments-pinces-a-epiler","13":"product_cat-fournitures-pour-cabinet-accessoires-pinces-a-epiler","14":"product_cat-fournitures-pour-cabinet-instruments-visage","16":"first","17":"instock","18":"taxable","19":"shipping-taxable","20":"product-type-simple"},"acf":[],"yoast_head":"<!-- This site is optimized with the Yoast SEO plugin v27.3 - https:\/\/yoast.com\/product\/yoast-seo-wordpress\/ -->\n<title>Cobra Pince d&#039;\u00c9pilation Croco 10,5 cm\/3 mm 3 pcs. - Districos Webshop<\/title>\n<meta name=\"robots\" content=\"noindex, follow, max-snippet:-1, max-image-preview:large, max-video-preview:-1\" \/>\n<meta property=\"og:locale\" content=\"fr_FR\" \/>\n<meta property=\"og:type\" content=\"article\" \/>\n<meta property=\"og:title\" content=\"Cobra Pince d&#039;\u00c9pilation Croco 10,5 cm\/3 mm 3 pcs. - Districos Webshop\" \/>\n<meta property=\"og:description\" content=\"Pince d&rsquo;\u00e9pilation au motif animal. Pince oblique. 10,5 cm\/3 mm. Emballage : 3 pi\u00e8ces. Aussi disponible en autres motifs : Panth\u00e8re (r\u00e9f. 8711.56), Tigre (r\u00e9f. 8711.57) et L\u00e9opard (r\u00e9f. 8711.58). Aussi disponible en pr\u00e9sentoir avec 3 pi\u00e8ces de chaque motif (r\u00e9f. 8711.55).\" \/>\n<meta property=\"og:url\" content=\"https:\/\/districos.standingout.be\/fr\/product\/cobra-pince-depilation-croco-105-cm-3-mm-3-pcs-ref-8711-59\/\" \/>\n<meta property=\"og:site_name\" content=\"Districos Webshop\" \/>\n<meta property=\"article:modified_time\" content=\"2026-04-28T10:19:49+00:00\" \/>\n<meta name=\"twitter:card\" content=\"summary_large_image\" \/>\n<script type=\"application\/ld+json\" class=\"yoast-schema-graph\">{\"@context\":\"https:\\\/\\\/schema.org\",\"@graph\":[{\"@type\":\"WebPage\",\"@id\":\"https:\\\/\\\/districos.standingout.be\\\/fr\\\/product\\\/cobra-pince-depilation-croco-105-cm-3-mm-3-pcs-ref-8711-59\\\/\",\"url\":\"https:\\\/\\\/districos.standingout.be\\\/fr\\\/product\\\/cobra-pince-depilation-croco-105-cm-3-mm-3-pcs-ref-8711-59\\\/\",\"name\":\"Cobra Pince d'\u00c9pilation Croco 10,5 cm\\\/3 mm 3 pcs. - Districos Webshop\",\"isPartOf\":{\"@id\":\"https:\\\/\\\/districos.standingout.be\\\/fr\\\/#website\"},\"primaryImageOfPage\":{\"@id\":\"https:\\\/\\\/districos.standingout.be\\\/fr\\\/product\\\/cobra-pince-depilation-croco-105-cm-3-mm-3-pcs-ref-8711-59\\\/#primaryimage\"},\"image\":{\"@id\":\"https:\\\/\\\/districos.standingout.be\\\/fr\\\/product\\\/cobra-pince-depilation-croco-105-cm-3-mm-3-pcs-ref-8711-59\\\/#primaryimage\"},\"thumbnailUrl\":\"https:\\\/\\\/districos.standingout.be\\\/wp-content\\\/uploads\\\/2025\\\/07\\\/8711.59@LowRes_1_0.png\",\"datePublished\":\"2026-04-28T10:19:46+00:00\",\"dateModified\":\"2026-04-28T10:19:49+00:00\",\"breadcrumb\":{\"@id\":\"https:\\\/\\\/districos.standingout.be\\\/fr\\\/product\\\/cobra-pince-depilation-croco-105-cm-3-mm-3-pcs-ref-8711-59\\\/#breadcrumb\"},\"inLanguage\":\"fr-FR\",\"potentialAction\":[{\"@type\":\"ReadAction\",\"target\":[\"https:\\\/\\\/districos.standingout.be\\\/fr\\\/product\\\/cobra-pince-depilation-croco-105-cm-3-mm-3-pcs-ref-8711-59\\\/\"]}]},{\"@type\":\"ImageObject\",\"inLanguage\":\"fr-FR\",\"@id\":\"https:\\\/\\\/districos.standingout.be\\\/fr\\\/product\\\/cobra-pince-depilation-croco-105-cm-3-mm-3-pcs-ref-8711-59\\\/#primaryimage\",\"url\":\"https:\\\/\\\/districos.standingout.be\\\/wp-content\\\/uploads\\\/2025\\\/07\\\/8711.59@LowRes_1_0.png\",\"contentUrl\":\"https:\\\/\\\/districos.standingout.be\\\/wp-content\\\/uploads\\\/2025\\\/07\\\/8711.59@LowRes_1_0.png\",\"width\":600,\"height\":600},{\"@type\":\"BreadcrumbList\",\"@id\":\"https:\\\/\\\/districos.standingout.be\\\/fr\\\/product\\\/cobra-pince-depilation-croco-105-cm-3-mm-3-pcs-ref-8711-59\\\/#breadcrumb\",\"itemListElement\":[{\"@type\":\"ListItem\",\"position\":1,\"name\":\"Home\",\"item\":\"https:\\\/\\\/districos.standingout.be\\\/fr\\\/bienvenue-chez-districos\\\/\"},{\"@type\":\"ListItem\",\"position\":2,\"name\":\"Boutique\",\"item\":\"https:\\\/\\\/districos.standingout.be\\\/fr\\\/boutique\\\/\"},{\"@type\":\"ListItem\",\"position\":3,\"name\":\"Cobra Pince d&#8217;\u00c9pilation Croco 10,5 cm\\\/3 mm 3 pcs.\"}]},{\"@type\":\"WebSite\",\"@id\":\"https:\\\/\\\/districos.standingout.be\\\/fr\\\/#website\",\"url\":\"https:\\\/\\\/districos.standingout.be\\\/fr\\\/\",\"name\":\"Districos Webshop\",\"description\":\"\",\"publisher\":{\"@id\":\"https:\\\/\\\/districos.standingout.be\\\/fr\\\/#organization\"},\"potentialAction\":[{\"@type\":\"SearchAction\",\"target\":{\"@type\":\"EntryPoint\",\"urlTemplate\":\"https:\\\/\\\/districos.standingout.be\\\/fr\\\/?s={search_term_string}\"},\"query-input\":{\"@type\":\"PropertyValueSpecification\",\"valueRequired\":true,\"valueName\":\"search_term_string\"}}],\"inLanguage\":\"fr-FR\"},{\"@type\":\"Organization\",\"@id\":\"https:\\\/\\\/districos.standingout.be\\\/fr\\\/#organization\",\"name\":\"Districos Webshop\",\"url\":\"https:\\\/\\\/districos.standingout.be\\\/fr\\\/\",\"logo\":{\"@type\":\"ImageObject\",\"inLanguage\":\"fr-FR\",\"@id\":\"https:\\\/\\\/districos.standingout.be\\\/fr\\\/#\\\/schema\\\/logo\\\/image\\\/\",\"url\":\"https:\\\/\\\/districos.standingout.be\\\/wp-content\\\/uploads\\\/2022\\\/09\\\/Districos_Logo_Webshop.svg\",\"contentUrl\":\"https:\\\/\\\/districos.standingout.be\\\/wp-content\\\/uploads\\\/2022\\\/09\\\/Districos_Logo_Webshop.svg\",\"caption\":\"Districos Webshop\"},\"image\":{\"@id\":\"https:\\\/\\\/districos.standingout.be\\\/fr\\\/#\\\/schema\\\/logo\\\/image\\\/\"}}]}<\/script>\n<!-- \/ Yoast SEO plugin. -->","yoast_head_json":{"title":"Cobra Pince d'\u00c9pilation Croco 10,5 cm\/3 mm 3 pcs. - Districos Webshop","robots":{"index":"noindex","follow":"follow","max-snippet":"max-snippet:-1","max-image-preview":"max-image-preview:large","max-video-preview":"max-video-preview:-1"},"og_locale":"fr_FR","og_type":"article","og_title":"Cobra Pince d'\u00c9pilation Croco 10,5 cm\/3 mm 3 pcs. - Districos Webshop","og_description":"Pince d&rsquo;\u00e9pilation au motif animal. Pince oblique. 10,5 cm\/3 mm. Emballage : 3 pi\u00e8ces. Aussi disponible en autres motifs : Panth\u00e8re (r\u00e9f. 8711.56), Tigre (r\u00e9f. 8711.57) et L\u00e9opard (r\u00e9f. 8711.58). Aussi disponible en pr\u00e9sentoir avec 3 pi\u00e8ces de chaque motif (r\u00e9f. 8711.55).","og_url":"https:\/\/districos.standingout.be\/fr\/product\/cobra-pince-depilation-croco-105-cm-3-mm-3-pcs-ref-8711-59\/","og_site_name":"Districos Webshop","article_modified_time":"2026-04-28T10:19:49+00:00","twitter_card":"summary_large_image","schema":{"@context":"https:\/\/schema.org","@graph":[{"@type":"WebPage","@id":"https:\/\/districos.standingout.be\/fr\/product\/cobra-pince-depilation-croco-105-cm-3-mm-3-pcs-ref-8711-59\/","url":"https:\/\/districos.standingout.be\/fr\/product\/cobra-pince-depilation-croco-105-cm-3-mm-3-pcs-ref-8711-59\/","name":"Cobra Pince d'\u00c9pilation Croco 10,5 cm\/3 mm 3 pcs. - Districos Webshop","isPartOf":{"@id":"https:\/\/districos.standingout.be\/fr\/#website"},"primaryImageOfPage":{"@id":"https:\/\/districos.standingout.be\/fr\/product\/cobra-pince-depilation-croco-105-cm-3-mm-3-pcs-ref-8711-59\/#primaryimage"},"image":{"@id":"https:\/\/districos.standingout.be\/fr\/product\/cobra-pince-depilation-croco-105-cm-3-mm-3-pcs-ref-8711-59\/#primaryimage"},"thumbnailUrl":"https:\/\/districos.standingout.be\/wp-content\/uploads\/2025\/07\/8711.59@LowRes_1_0.png","datePublished":"2026-04-28T10:19:46+00:00","dateModified":"2026-04-28T10:19:49+00:00","breadcrumb":{"@id":"https:\/\/districos.standingout.be\/fr\/product\/cobra-pince-depilation-croco-105-cm-3-mm-3-pcs-ref-8711-59\/#breadcrumb"},"inLanguage":"fr-FR","potentialAction":[{"@type":"ReadAction","target":["https:\/\/districos.standingout.be\/fr\/product\/cobra-pince-depilation-croco-105-cm-3-mm-3-pcs-ref-8711-59\/"]}]},{"@type":"ImageObject","inLanguage":"fr-FR","@id":"https:\/\/districos.standingout.be\/fr\/product\/cobra-pince-depilation-croco-105-cm-3-mm-3-pcs-ref-8711-59\/#primaryimage","url":"https:\/\/districos.standingout.be\/wp-content\/uploads\/2025\/07\/8711.59@LowRes_1_0.png","contentUrl":"https:\/\/districos.standingout.be\/wp-content\/uploads\/2025\/07\/8711.59@LowRes_1_0.png","width":600,"height":600},{"@type":"BreadcrumbList","@id":"https:\/\/districos.standingout.be\/fr\/product\/cobra-pince-depilation-croco-105-cm-3-mm-3-pcs-ref-8711-59\/#breadcrumb","itemListElement":[{"@type":"ListItem","position":1,"name":"Home","item":"https:\/\/districos.standingout.be\/fr\/bienvenue-chez-districos\/"},{"@type":"ListItem","position":2,"name":"Boutique","item":"https:\/\/districos.standingout.be\/fr\/boutique\/"},{"@type":"ListItem","position":3,"name":"Cobra Pince d&#8217;\u00c9pilation Croco 10,5 cm\/3 mm 3 pcs."}]},{"@type":"WebSite","@id":"https:\/\/districos.standingout.be\/fr\/#website","url":"https:\/\/districos.standingout.be\/fr\/","name":"Districos Webshop","description":"","publisher":{"@id":"https:\/\/districos.standingout.be\/fr\/#organization"},"potentialAction":[{"@type":"SearchAction","target":{"@type":"EntryPoint","urlTemplate":"https:\/\/districos.standingout.be\/fr\/?s={search_term_string}"},"query-input":{"@type":"PropertyValueSpecification","valueRequired":true,"valueName":"search_term_string"}}],"inLanguage":"fr-FR"},{"@type":"Organization","@id":"https:\/\/districos.standingout.be\/fr\/#organization","name":"Districos Webshop","url":"https:\/\/districos.standingout.be\/fr\/","logo":{"@type":"ImageObject","inLanguage":"fr-FR","@id":"https:\/\/districos.standingout.be\/fr\/#\/schema\/logo\/image\/","url":"https:\/\/districos.standingout.be\/wp-content\/uploads\/2022\/09\/Districos_Logo_Webshop.svg","contentUrl":"https:\/\/districos.standingout.be\/wp-content\/uploads\/2022\/09\/Districos_Logo_Webshop.svg","caption":"Districos Webshop"},"image":{"@id":"https:\/\/districos.standingout.be\/fr\/#\/schema\/logo\/image\/"}}]}},"_links":{"self":[{"href":"https:\/\/districos.standingout.be\/fr\/wp-json\/wp\/v2\/product\/139767","targetHints":{"allow":["GET"]}}],"collection":[{"href":"https:\/\/districos.standingout.be\/fr\/wp-json\/wp\/v2\/product"}],"about":[{"href":"https:\/\/districos.standingout.be\/fr\/wp-json\/wp\/v2\/types\/product"}],"replies":[{"embeddable":true,"href":"https:\/\/districos.standingout.be\/fr\/wp-json\/wp\/v2\/comments?post=139767"}],"wp:featuredmedia":[{"embeddable":true,"href":"https:\/\/districos.standingout.be\/fr\/wp-json\/wp\/v2\/media\/83063"}],"wp:attachment":[{"href":"https:\/\/districos.standingout.be\/fr\/wp-json\/wp\/v2\/media?parent=139767"}],"wp:term":[{"taxonomy":"product_brand","embeddable":true,"href":"https:\/\/districos.standingout.be\/fr\/wp-json\/wp\/v2\/product_brand?post=139767"},{"taxonomy":"product_cat","embeddable":true,"href":"https:\/\/districos.standingout.be\/fr\/wp-json\/wp\/v2\/product_cat?post=139767"},{"taxonomy":"product_tag","embeddable":true,"href":"https:\/\/districos.standingout.be\/fr\/wp-json\/wp\/v2\/product_tag?post=139767"}],"curies":[{"name":"wp","href":"https:\/\/api.w.org\/{rel}","templated":true}]}}