{"id":139771,"date":"2026-04-28T12:19:55","date_gmt":"2026-04-28T10:19:55","guid":{"rendered":"https:\/\/webshopdistricoscom.webhosting.be\/product\/cobra-lasersteri-lime-n-6-pointe-arrondie-15-cm-ref-8712-06\/"},"modified":"2026-04-28T12:19:59","modified_gmt":"2026-04-28T10:19:59","slug":"cobra-lasersteri-lime-n-6-pointe-arrondie-15-cm-ref-8712-06","status":"publish","type":"product","link":"https:\/\/districos.standingout.be\/fr\/product\/cobra-lasersteri-lime-n-6-pointe-arrondie-15-cm-ref-8712-06\/","title":{"rendered":"Cobra LaserSteri Lime N\u00b0 6 Pointe Arrondie 15 cm"},"content":{"rendered":"<p >\n<\/p>\n<p><span lang=\"FR-BE\">La lime Cobra LaserSteri est une lime r\u00e9sistante \u00e0 l&rsquo;usure pour manucures et p\u00e9dicures. Les deux grains glissent sur le bord de l&rsquo;ongle avec un minimum de vibrations, afin que les crochets d\u00e9sagr\u00e9ables soient \u00e9vit\u00e9s et le bord libre soit doux et solide.&nbsp; La texture fine de la surface au laser aide \u00e0 fermer le bord de l\u2019ongle et prot\u00e8ge l\u2019ongle.&nbsp;&nbsp; Ainsi vous \u00e9vitez l\u2019\u00e9caillement et le d\u00e9doublement des ongles.&nbsp;<\/span><span lang=\"FR-BE\"><o:p><\/o:p><\/span><\/p>\n<p><b><span lang=\"FR-BE\">Caract\u00e9ristiques&nbsp;<\/span><\/b><b><span lang=\"FR-BE\"><o:p><\/o:p><\/span><\/b><\/p>\n<ul type=\"disc\">\n<li><span lang=\"FR-BE\">Mat\u00e9riau : acier inoxydable<\/span><span lang=\"FR-BE\"><o:p><\/o:p><\/span><\/li>\n<li><span lang=\"FR-BE\">Peut \u00eatre d\u00e9sinfect\u00e9e et st\u00e9rilis\u00e9e sans probl\u00e8me et ind\u00e9finiment<\/span><span lang=\"FR-BE\"><o:p><\/o:p><\/span><\/li>\n<li><span lang=\"FR-BE\">Deux grains diff\u00e9rents : gros et fin<\/span><span lang=\"FR-BE\"><o:p><\/o:p><\/span><\/li>\n<li><span lang=\"FR-BE\">Mod\u00e8le plus long avec une pointe arrondie pour limer les ongles en toute s\u00e9curit\u00e9 sans blesser la peau d\u00e9licate&nbsp;<\/span><span lang=\"FR-BE\"><o:p><\/o:p><\/span><\/li>\n<\/ul>\n<p><b><span lang=\"FR-BE\">Emploi<\/span><\/b><b><span lang=\"FR-BE\"><o:p><\/o:p><\/span><\/b><\/p>\n<ul type=\"disc\">\n<li><span lang=\"FR-BE\">Convient aux mains et aux pieds.<\/span><span lang=\"FR-BE\"><o:p><\/o:p><\/span><\/li>\n<li><span lang=\"FR-BE\">Apr\u00e8s utilisation, rincez la lime sous l&rsquo;eau courante, nettoyez-la dans le nettoyeur \u00e0 ultrasons et st\u00e9rilisez-la \u00e9ventuellement dans l\u2019autoclave.&nbsp;&nbsp;<\/span><span lang=\"FR-BE\"><o:p><\/o:p><\/span><\/li>\n<\/ul>\n<p><b><span lang=\"FR-BE\">\u00c9galement disponible<\/span><\/b><b><span lang=\"FR-BE\"><o:p><\/o:p><\/span><\/b><\/p>\n<p dir=\"ltr\">\n<ul type=\"disc\">\n<li><span lang=\"FR-BE\">Cobra LaserSteri Lime N\u00b0 4 &#8211; 9,8 cm (r\u00e9f.&nbsp;<\/span><span lang=\"FR-BE\"><a href=\"https:\/\/webshop.districos.com\/ProductDetail\/8712.04\" target=\"_blank\" rel=\"noopener noreferrer nofollow\"><span>8712.04<\/span><\/a><\/span><span lang=\"FR-BE\">)<\/span><span lang=\"FR-BE\"><o:p><\/o:p><\/span><\/li>\n<li><span lang=\"FR-BE\">Cobra LaserSteri PRO R\u00e2pe en Inox (r\u00e9f.&nbsp;<\/span><span lang=\"FR-BE\"><a href=\"https:\/\/webshop.districos.com\/ProductDetail\/8935.13\" target=\"_blank\" rel=\"noopener noreferrer nofollow\"><span>8935.13<\/span><\/a><\/span><span lang=\"FR-BE\">)&nbsp;<\/span><span lang=\"FR-BE\"><o:p><\/o:p><\/span><\/li>\n<\/ul><\/p>\n","protected":false},"excerpt":{"rendered":"<p>La lime Cobra LaserSteri est une lime r\u00e9sistante \u00e0 l&rsquo;usure pour manucures et p\u00e9dicures. Les deux grains glissent sur le bord de l&rsquo;ongle avec un minimum de vibrations, afin que les crochets d\u00e9sagr\u00e9ables soient \u00e9vit\u00e9s et le bord libre soit doux et solide.&nbsp; La texture fine de la surface au laser aide \u00e0 fermer le [&hellip;]<\/p>\n","protected":false},"featured_media":148316,"comment_status":"open","ping_status":"closed","template":"","meta":{"_acf_changed":false},"product_brand":[10342],"product_cat":[10172,9896,9900,9902],"product_tag":[],"class_list":{"0":"post-139771","1":"product","2":"type-product","3":"status-publish","4":"has-post-thumbnail","6":"product_brand-cobra-steel-fr","7":"product_cat-fournitures-pour-cabinet-accessoires-accessoires-manucure","8":"product_cat-beaute-manucure-ongles-gel-gel-polish","9":"product_cat-beaute-manucure-ongles-instruments","10":"product_cat-beaute-manucure-ongles-limes","12":"first","13":"instock","14":"taxable","15":"shipping-taxable","16":"product-type-simple"},"acf":[],"yoast_head":"<!-- This site is optimized with the Yoast SEO plugin v27.3 - https:\/\/yoast.com\/product\/yoast-seo-wordpress\/ -->\n<title>Cobra LaserSteri Lime N\u00b0 6 Pointe Arrondie 15 cm - Districos Webshop<\/title>\n<meta name=\"robots\" content=\"noindex, follow, max-snippet:-1, max-image-preview:large, max-video-preview:-1\" \/>\n<meta property=\"og:locale\" content=\"fr_FR\" \/>\n<meta property=\"og:type\" content=\"article\" \/>\n<meta property=\"og:title\" content=\"Cobra LaserSteri Lime N\u00b0 6 Pointe Arrondie 15 cm - Districos Webshop\" \/>\n<meta property=\"og:description\" content=\"La lime Cobra LaserSteri est une lime r\u00e9sistante \u00e0 l&rsquo;usure pour manucures et p\u00e9dicures. Les deux grains glissent sur le bord de l&rsquo;ongle avec un minimum de vibrations, afin que les crochets d\u00e9sagr\u00e9ables soient \u00e9vit\u00e9s et le bord libre soit doux et solide.&nbsp; La texture fine de la surface au laser aide \u00e0 fermer le [&hellip;]\" \/>\n<meta property=\"og:url\" content=\"https:\/\/districos.standingout.be\/fr\/product\/cobra-lasersteri-lime-n-6-pointe-arrondie-15-cm-ref-8712-06\/\" \/>\n<meta property=\"og:site_name\" content=\"Districos Webshop\" \/>\n<meta property=\"article:modified_time\" content=\"2026-04-28T10:19:59+00:00\" \/>\n<meta name=\"twitter:card\" content=\"summary_large_image\" \/>\n<meta name=\"twitter:label1\" content=\"Dur\u00e9e de lecture estim\u00e9e\" \/>\n\t<meta name=\"twitter:data1\" content=\"1 minute\" \/>\n<script type=\"application\/ld+json\" class=\"yoast-schema-graph\">{\"@context\":\"https:\\\/\\\/schema.org\",\"@graph\":[{\"@type\":\"WebPage\",\"@id\":\"https:\\\/\\\/districos.standingout.be\\\/fr\\\/product\\\/cobra-lasersteri-lime-n-6-pointe-arrondie-15-cm-ref-8712-06\\\/\",\"url\":\"https:\\\/\\\/districos.standingout.be\\\/fr\\\/product\\\/cobra-lasersteri-lime-n-6-pointe-arrondie-15-cm-ref-8712-06\\\/\",\"name\":\"Cobra LaserSteri Lime N\u00b0 6 Pointe Arrondie 15 cm - Districos Webshop\",\"isPartOf\":{\"@id\":\"https:\\\/\\\/districos.standingout.be\\\/fr\\\/#website\"},\"primaryImageOfPage\":{\"@id\":\"https:\\\/\\\/districos.standingout.be\\\/fr\\\/product\\\/cobra-lasersteri-lime-n-6-pointe-arrondie-15-cm-ref-8712-06\\\/#primaryimage\"},\"image\":{\"@id\":\"https:\\\/\\\/districos.standingout.be\\\/fr\\\/product\\\/cobra-lasersteri-lime-n-6-pointe-arrondie-15-cm-ref-8712-06\\\/#primaryimage\"},\"thumbnailUrl\":\"https:\\\/\\\/districos.standingout.be\\\/wp-content\\\/uploads\\\/2026\\\/04\\\/8712.06@Cobra-LaserSteri-Vijl-Nr.-6-Afgeronde-Punt-15-cm_1-1.png\",\"datePublished\":\"2026-04-28T10:19:55+00:00\",\"dateModified\":\"2026-04-28T10:19:59+00:00\",\"breadcrumb\":{\"@id\":\"https:\\\/\\\/districos.standingout.be\\\/fr\\\/product\\\/cobra-lasersteri-lime-n-6-pointe-arrondie-15-cm-ref-8712-06\\\/#breadcrumb\"},\"inLanguage\":\"fr-FR\",\"potentialAction\":[{\"@type\":\"ReadAction\",\"target\":[\"https:\\\/\\\/districos.standingout.be\\\/fr\\\/product\\\/cobra-lasersteri-lime-n-6-pointe-arrondie-15-cm-ref-8712-06\\\/\"]}]},{\"@type\":\"ImageObject\",\"inLanguage\":\"fr-FR\",\"@id\":\"https:\\\/\\\/districos.standingout.be\\\/fr\\\/product\\\/cobra-lasersteri-lime-n-6-pointe-arrondie-15-cm-ref-8712-06\\\/#primaryimage\",\"url\":\"https:\\\/\\\/districos.standingout.be\\\/wp-content\\\/uploads\\\/2026\\\/04\\\/8712.06@Cobra-LaserSteri-Vijl-Nr.-6-Afgeronde-Punt-15-cm_1-1.png\",\"contentUrl\":\"https:\\\/\\\/districos.standingout.be\\\/wp-content\\\/uploads\\\/2026\\\/04\\\/8712.06@Cobra-LaserSteri-Vijl-Nr.-6-Afgeronde-Punt-15-cm_1-1.png\",\"width\":600,\"height\":600},{\"@type\":\"BreadcrumbList\",\"@id\":\"https:\\\/\\\/districos.standingout.be\\\/fr\\\/product\\\/cobra-lasersteri-lime-n-6-pointe-arrondie-15-cm-ref-8712-06\\\/#breadcrumb\",\"itemListElement\":[{\"@type\":\"ListItem\",\"position\":1,\"name\":\"Home\",\"item\":\"https:\\\/\\\/districos.standingout.be\\\/fr\\\/bienvenue-chez-districos\\\/\"},{\"@type\":\"ListItem\",\"position\":2,\"name\":\"Boutique\",\"item\":\"https:\\\/\\\/districos.standingout.be\\\/fr\\\/boutique\\\/\"},{\"@type\":\"ListItem\",\"position\":3,\"name\":\"Cobra LaserSteri Lime N\u00b0 6 Pointe Arrondie 15 cm\"}]},{\"@type\":\"WebSite\",\"@id\":\"https:\\\/\\\/districos.standingout.be\\\/fr\\\/#website\",\"url\":\"https:\\\/\\\/districos.standingout.be\\\/fr\\\/\",\"name\":\"Districos Webshop\",\"description\":\"\",\"publisher\":{\"@id\":\"https:\\\/\\\/districos.standingout.be\\\/fr\\\/#organization\"},\"potentialAction\":[{\"@type\":\"SearchAction\",\"target\":{\"@type\":\"EntryPoint\",\"urlTemplate\":\"https:\\\/\\\/districos.standingout.be\\\/fr\\\/?s={search_term_string}\"},\"query-input\":{\"@type\":\"PropertyValueSpecification\",\"valueRequired\":true,\"valueName\":\"search_term_string\"}}],\"inLanguage\":\"fr-FR\"},{\"@type\":\"Organization\",\"@id\":\"https:\\\/\\\/districos.standingout.be\\\/fr\\\/#organization\",\"name\":\"Districos Webshop\",\"url\":\"https:\\\/\\\/districos.standingout.be\\\/fr\\\/\",\"logo\":{\"@type\":\"ImageObject\",\"inLanguage\":\"fr-FR\",\"@id\":\"https:\\\/\\\/districos.standingout.be\\\/fr\\\/#\\\/schema\\\/logo\\\/image\\\/\",\"url\":\"https:\\\/\\\/districos.standingout.be\\\/wp-content\\\/uploads\\\/2022\\\/09\\\/Districos_Logo_Webshop.svg\",\"contentUrl\":\"https:\\\/\\\/districos.standingout.be\\\/wp-content\\\/uploads\\\/2022\\\/09\\\/Districos_Logo_Webshop.svg\",\"caption\":\"Districos Webshop\"},\"image\":{\"@id\":\"https:\\\/\\\/districos.standingout.be\\\/fr\\\/#\\\/schema\\\/logo\\\/image\\\/\"}}]}<\/script>\n<!-- \/ Yoast SEO plugin. -->","yoast_head_json":{"title":"Cobra LaserSteri Lime N\u00b0 6 Pointe Arrondie 15 cm - Districos Webshop","robots":{"index":"noindex","follow":"follow","max-snippet":"max-snippet:-1","max-image-preview":"max-image-preview:large","max-video-preview":"max-video-preview:-1"},"og_locale":"fr_FR","og_type":"article","og_title":"Cobra LaserSteri Lime N\u00b0 6 Pointe Arrondie 15 cm - Districos Webshop","og_description":"La lime Cobra LaserSteri est une lime r\u00e9sistante \u00e0 l&rsquo;usure pour manucures et p\u00e9dicures. Les deux grains glissent sur le bord de l&rsquo;ongle avec un minimum de vibrations, afin que les crochets d\u00e9sagr\u00e9ables soient \u00e9vit\u00e9s et le bord libre soit doux et solide.&nbsp; La texture fine de la surface au laser aide \u00e0 fermer le [&hellip;]","og_url":"https:\/\/districos.standingout.be\/fr\/product\/cobra-lasersteri-lime-n-6-pointe-arrondie-15-cm-ref-8712-06\/","og_site_name":"Districos Webshop","article_modified_time":"2026-04-28T10:19:59+00:00","twitter_card":"summary_large_image","twitter_misc":{"Dur\u00e9e de lecture estim\u00e9e":"1 minute"},"schema":{"@context":"https:\/\/schema.org","@graph":[{"@type":"WebPage","@id":"https:\/\/districos.standingout.be\/fr\/product\/cobra-lasersteri-lime-n-6-pointe-arrondie-15-cm-ref-8712-06\/","url":"https:\/\/districos.standingout.be\/fr\/product\/cobra-lasersteri-lime-n-6-pointe-arrondie-15-cm-ref-8712-06\/","name":"Cobra LaserSteri Lime N\u00b0 6 Pointe Arrondie 15 cm - Districos Webshop","isPartOf":{"@id":"https:\/\/districos.standingout.be\/fr\/#website"},"primaryImageOfPage":{"@id":"https:\/\/districos.standingout.be\/fr\/product\/cobra-lasersteri-lime-n-6-pointe-arrondie-15-cm-ref-8712-06\/#primaryimage"},"image":{"@id":"https:\/\/districos.standingout.be\/fr\/product\/cobra-lasersteri-lime-n-6-pointe-arrondie-15-cm-ref-8712-06\/#primaryimage"},"thumbnailUrl":"https:\/\/districos.standingout.be\/wp-content\/uploads\/2026\/04\/8712.06@Cobra-LaserSteri-Vijl-Nr.-6-Afgeronde-Punt-15-cm_1-1.png","datePublished":"2026-04-28T10:19:55+00:00","dateModified":"2026-04-28T10:19:59+00:00","breadcrumb":{"@id":"https:\/\/districos.standingout.be\/fr\/product\/cobra-lasersteri-lime-n-6-pointe-arrondie-15-cm-ref-8712-06\/#breadcrumb"},"inLanguage":"fr-FR","potentialAction":[{"@type":"ReadAction","target":["https:\/\/districos.standingout.be\/fr\/product\/cobra-lasersteri-lime-n-6-pointe-arrondie-15-cm-ref-8712-06\/"]}]},{"@type":"ImageObject","inLanguage":"fr-FR","@id":"https:\/\/districos.standingout.be\/fr\/product\/cobra-lasersteri-lime-n-6-pointe-arrondie-15-cm-ref-8712-06\/#primaryimage","url":"https:\/\/districos.standingout.be\/wp-content\/uploads\/2026\/04\/8712.06@Cobra-LaserSteri-Vijl-Nr.-6-Afgeronde-Punt-15-cm_1-1.png","contentUrl":"https:\/\/districos.standingout.be\/wp-content\/uploads\/2026\/04\/8712.06@Cobra-LaserSteri-Vijl-Nr.-6-Afgeronde-Punt-15-cm_1-1.png","width":600,"height":600},{"@type":"BreadcrumbList","@id":"https:\/\/districos.standingout.be\/fr\/product\/cobra-lasersteri-lime-n-6-pointe-arrondie-15-cm-ref-8712-06\/#breadcrumb","itemListElement":[{"@type":"ListItem","position":1,"name":"Home","item":"https:\/\/districos.standingout.be\/fr\/bienvenue-chez-districos\/"},{"@type":"ListItem","position":2,"name":"Boutique","item":"https:\/\/districos.standingout.be\/fr\/boutique\/"},{"@type":"ListItem","position":3,"name":"Cobra LaserSteri Lime N\u00b0 6 Pointe Arrondie 15 cm"}]},{"@type":"WebSite","@id":"https:\/\/districos.standingout.be\/fr\/#website","url":"https:\/\/districos.standingout.be\/fr\/","name":"Districos Webshop","description":"","publisher":{"@id":"https:\/\/districos.standingout.be\/fr\/#organization"},"potentialAction":[{"@type":"SearchAction","target":{"@type":"EntryPoint","urlTemplate":"https:\/\/districos.standingout.be\/fr\/?s={search_term_string}"},"query-input":{"@type":"PropertyValueSpecification","valueRequired":true,"valueName":"search_term_string"}}],"inLanguage":"fr-FR"},{"@type":"Organization","@id":"https:\/\/districos.standingout.be\/fr\/#organization","name":"Districos Webshop","url":"https:\/\/districos.standingout.be\/fr\/","logo":{"@type":"ImageObject","inLanguage":"fr-FR","@id":"https:\/\/districos.standingout.be\/fr\/#\/schema\/logo\/image\/","url":"https:\/\/districos.standingout.be\/wp-content\/uploads\/2022\/09\/Districos_Logo_Webshop.svg","contentUrl":"https:\/\/districos.standingout.be\/wp-content\/uploads\/2022\/09\/Districos_Logo_Webshop.svg","caption":"Districos Webshop"},"image":{"@id":"https:\/\/districos.standingout.be\/fr\/#\/schema\/logo\/image\/"}}]}},"_links":{"self":[{"href":"https:\/\/districos.standingout.be\/fr\/wp-json\/wp\/v2\/product\/139771","targetHints":{"allow":["GET"]}}],"collection":[{"href":"https:\/\/districos.standingout.be\/fr\/wp-json\/wp\/v2\/product"}],"about":[{"href":"https:\/\/districos.standingout.be\/fr\/wp-json\/wp\/v2\/types\/product"}],"replies":[{"embeddable":true,"href":"https:\/\/districos.standingout.be\/fr\/wp-json\/wp\/v2\/comments?post=139771"}],"wp:featuredmedia":[{"embeddable":true,"href":"https:\/\/districos.standingout.be\/fr\/wp-json\/wp\/v2\/media\/148316"}],"wp:attachment":[{"href":"https:\/\/districos.standingout.be\/fr\/wp-json\/wp\/v2\/media?parent=139771"}],"wp:term":[{"taxonomy":"product_brand","embeddable":true,"href":"https:\/\/districos.standingout.be\/fr\/wp-json\/wp\/v2\/product_brand?post=139771"},{"taxonomy":"product_cat","embeddable":true,"href":"https:\/\/districos.standingout.be\/fr\/wp-json\/wp\/v2\/product_cat?post=139771"},{"taxonomy":"product_tag","embeddable":true,"href":"https:\/\/districos.standingout.be\/fr\/wp-json\/wp\/v2\/product_tag?post=139771"}],"curies":[{"name":"wp","href":"https:\/\/api.w.org\/{rel}","templated":true}]}}