{"id":139830,"date":"2026-04-28T12:22:04","date_gmt":"2026-04-28T10:22:04","guid":{"rendered":"https:\/\/webshopdistricoscom.webhosting.be\/product\/silkafix-sparadrap-de-fixation-25-cm-x-5-m-ref-8720-04\/"},"modified":"2026-04-28T12:22:08","modified_gmt":"2026-04-28T10:22:08","slug":"silkafix-sparadrap-de-fixation-25-cm-x-5-m-ref-8720-04","status":"publish","type":"product","link":"https:\/\/districos.standingout.be\/fr\/product\/silkafix-sparadrap-de-fixation-25-cm-x-5-m-ref-8720-04\/","title":{"rendered":"Silkafix Sparadrap de Fixation 2,5 cm x 5 m"},"content":{"rendered":"<p >\n<p dir=ltr>Sparadraps de fixation blancs en soie artificielle. Ils sont caract\u00e9ris\u00e9s par un fort pouvoir adh\u00e9sif sans provoquer des r\u00e9actions allergiques. Ne laissent pas des r\u00e9sidus ennuyeux apr\u00e8s l\u2019enl\u00e8vement. Le moyen id\u00e9al pour une fixation prolong\u00e9e de pansements ou compresses. <\/p>\n<p> Largeur : 2,5 cm ; longueur : 5 m<\/p>\n<p> \u00c9galement disponible : rouleau de 1,25 cm x 5 m<\/p><\/p>\n","protected":false},"excerpt":{"rendered":"<p>Sparadraps de fixation blancs en soie artificielle. Ils sont caract\u00e9ris\u00e9s par un fort pouvoir adh\u00e9sif sans provoquer des r\u00e9actions allergiques. Ne laissent pas des r\u00e9sidus ennuyeux apr\u00e8s l\u2019enl\u00e8vement. Le moyen id\u00e9al pour une fixation prolong\u00e9e de pansements ou compresses. Largeur : 2,5 cm ; longueur : 5 m \u00c9galement disponible : rouleau de 1,25 cm [&hellip;]<\/p>\n","protected":false},"featured_media":83138,"comment_status":"open","ping_status":"closed","template":"","meta":{"_acf_changed":false},"product_brand":[10470],"product_cat":[10184,10006,10126,10188,10010,10130,9966,9956],"product_tag":[],"class_list":{"0":"post-139830","1":"product","2":"type-product","3":"status-publish","4":"has-post-thumbnail","6":"product_brand-lohmann-fr","7":"product_cat-fournitures-pour-cabinet-premiers-secours-soins-des-plaies-pansements-adhesifs","8":"product_cat-soins-des-pieds-podologie-premiers-secours-soins-des-plaies-pansements-adhesifs","9":"product_cat-hygiene-articles-jetables-premiers-secours-soins-des-plaies-pansements-adhesifs","10":"product_cat-fournitures-pour-cabinet-premiers-secours-soins-des-plaies-premiers-secours","11":"product_cat-soins-des-pieds-podologie-premiers-secours-soins-des-plaies-premiers-secours","12":"product_cat-hygiene-articles-jetables-premiers-secours-soins-des-plaies-premiers-secours","13":"product_cat-beaute-materiel-pratique-premiers-secours-soins-des-plaies","14":"product_cat-beaute-pedicure-premiers-secours-soins-des-plaies","16":"first","17":"instock","18":"taxable","19":"shipping-taxable","20":"product-type-simple"},"acf":[],"yoast_head":"<!-- This site is optimized with the Yoast SEO plugin v27.3 - https:\/\/yoast.com\/product\/yoast-seo-wordpress\/ -->\n<title>Silkafix Sparadrap de Fixation 2,5 cm x 5 m - Districos Webshop<\/title>\n<meta name=\"robots\" content=\"noindex, follow, max-snippet:-1, max-image-preview:large, max-video-preview:-1\" \/>\n<meta property=\"og:locale\" content=\"fr_FR\" \/>\n<meta property=\"og:type\" content=\"article\" \/>\n<meta property=\"og:title\" content=\"Silkafix Sparadrap de Fixation 2,5 cm x 5 m - Districos Webshop\" \/>\n<meta property=\"og:description\" content=\"Sparadraps de fixation blancs en soie artificielle. Ils sont caract\u00e9ris\u00e9s par un fort pouvoir adh\u00e9sif sans provoquer des r\u00e9actions allergiques. Ne laissent pas des r\u00e9sidus ennuyeux apr\u00e8s l\u2019enl\u00e8vement. Le moyen id\u00e9al pour une fixation prolong\u00e9e de pansements ou compresses. Largeur : 2,5 cm ; longueur : 5 m \u00c9galement disponible : rouleau de 1,25 cm [&hellip;]\" \/>\n<meta property=\"og:url\" content=\"https:\/\/districos.standingout.be\/fr\/product\/silkafix-sparadrap-de-fixation-25-cm-x-5-m-ref-8720-04\/\" \/>\n<meta property=\"og:site_name\" content=\"Districos Webshop\" \/>\n<meta property=\"article:modified_time\" content=\"2026-04-28T10:22:08+00:00\" \/>\n<meta name=\"twitter:card\" content=\"summary_large_image\" \/>\n<script type=\"application\/ld+json\" class=\"yoast-schema-graph\">{\"@context\":\"https:\\\/\\\/schema.org\",\"@graph\":[{\"@type\":\"WebPage\",\"@id\":\"https:\\\/\\\/districos.standingout.be\\\/fr\\\/product\\\/silkafix-sparadrap-de-fixation-25-cm-x-5-m-ref-8720-04\\\/\",\"url\":\"https:\\\/\\\/districos.standingout.be\\\/fr\\\/product\\\/silkafix-sparadrap-de-fixation-25-cm-x-5-m-ref-8720-04\\\/\",\"name\":\"Silkafix Sparadrap de Fixation 2,5 cm x 5 m - Districos Webshop\",\"isPartOf\":{\"@id\":\"https:\\\/\\\/districos.standingout.be\\\/fr\\\/#website\"},\"primaryImageOfPage\":{\"@id\":\"https:\\\/\\\/districos.standingout.be\\\/fr\\\/product\\\/silkafix-sparadrap-de-fixation-25-cm-x-5-m-ref-8720-04\\\/#primaryimage\"},\"image\":{\"@id\":\"https:\\\/\\\/districos.standingout.be\\\/fr\\\/product\\\/silkafix-sparadrap-de-fixation-25-cm-x-5-m-ref-8720-04\\\/#primaryimage\"},\"thumbnailUrl\":\"https:\\\/\\\/districos.standingout.be\\\/wp-content\\\/uploads\\\/2025\\\/07\\\/8720.04@LowRes_1_0.png\",\"datePublished\":\"2026-04-28T10:22:04+00:00\",\"dateModified\":\"2026-04-28T10:22:08+00:00\",\"breadcrumb\":{\"@id\":\"https:\\\/\\\/districos.standingout.be\\\/fr\\\/product\\\/silkafix-sparadrap-de-fixation-25-cm-x-5-m-ref-8720-04\\\/#breadcrumb\"},\"inLanguage\":\"fr-FR\",\"potentialAction\":[{\"@type\":\"ReadAction\",\"target\":[\"https:\\\/\\\/districos.standingout.be\\\/fr\\\/product\\\/silkafix-sparadrap-de-fixation-25-cm-x-5-m-ref-8720-04\\\/\"]}]},{\"@type\":\"ImageObject\",\"inLanguage\":\"fr-FR\",\"@id\":\"https:\\\/\\\/districos.standingout.be\\\/fr\\\/product\\\/silkafix-sparadrap-de-fixation-25-cm-x-5-m-ref-8720-04\\\/#primaryimage\",\"url\":\"https:\\\/\\\/districos.standingout.be\\\/wp-content\\\/uploads\\\/2025\\\/07\\\/8720.04@LowRes_1_0.png\",\"contentUrl\":\"https:\\\/\\\/districos.standingout.be\\\/wp-content\\\/uploads\\\/2025\\\/07\\\/8720.04@LowRes_1_0.png\",\"width\":600,\"height\":600},{\"@type\":\"BreadcrumbList\",\"@id\":\"https:\\\/\\\/districos.standingout.be\\\/fr\\\/product\\\/silkafix-sparadrap-de-fixation-25-cm-x-5-m-ref-8720-04\\\/#breadcrumb\",\"itemListElement\":[{\"@type\":\"ListItem\",\"position\":1,\"name\":\"Home\",\"item\":\"https:\\\/\\\/districos.standingout.be\\\/fr\\\/bienvenue-chez-districos\\\/\"},{\"@type\":\"ListItem\",\"position\":2,\"name\":\"Boutique\",\"item\":\"https:\\\/\\\/districos.standingout.be\\\/fr\\\/boutique\\\/\"},{\"@type\":\"ListItem\",\"position\":3,\"name\":\"Silkafix Sparadrap de Fixation 2,5 cm x 5 m\"}]},{\"@type\":\"WebSite\",\"@id\":\"https:\\\/\\\/districos.standingout.be\\\/fr\\\/#website\",\"url\":\"https:\\\/\\\/districos.standingout.be\\\/fr\\\/\",\"name\":\"Districos Webshop\",\"description\":\"\",\"publisher\":{\"@id\":\"https:\\\/\\\/districos.standingout.be\\\/fr\\\/#organization\"},\"potentialAction\":[{\"@type\":\"SearchAction\",\"target\":{\"@type\":\"EntryPoint\",\"urlTemplate\":\"https:\\\/\\\/districos.standingout.be\\\/fr\\\/?s={search_term_string}\"},\"query-input\":{\"@type\":\"PropertyValueSpecification\",\"valueRequired\":true,\"valueName\":\"search_term_string\"}}],\"inLanguage\":\"fr-FR\"},{\"@type\":\"Organization\",\"@id\":\"https:\\\/\\\/districos.standingout.be\\\/fr\\\/#organization\",\"name\":\"Districos Webshop\",\"url\":\"https:\\\/\\\/districos.standingout.be\\\/fr\\\/\",\"logo\":{\"@type\":\"ImageObject\",\"inLanguage\":\"fr-FR\",\"@id\":\"https:\\\/\\\/districos.standingout.be\\\/fr\\\/#\\\/schema\\\/logo\\\/image\\\/\",\"url\":\"https:\\\/\\\/districos.standingout.be\\\/wp-content\\\/uploads\\\/2022\\\/09\\\/Districos_Logo_Webshop.svg\",\"contentUrl\":\"https:\\\/\\\/districos.standingout.be\\\/wp-content\\\/uploads\\\/2022\\\/09\\\/Districos_Logo_Webshop.svg\",\"caption\":\"Districos Webshop\"},\"image\":{\"@id\":\"https:\\\/\\\/districos.standingout.be\\\/fr\\\/#\\\/schema\\\/logo\\\/image\\\/\"}}]}<\/script>\n<!-- \/ Yoast SEO plugin. -->","yoast_head_json":{"title":"Silkafix Sparadrap de Fixation 2,5 cm x 5 m - Districos Webshop","robots":{"index":"noindex","follow":"follow","max-snippet":"max-snippet:-1","max-image-preview":"max-image-preview:large","max-video-preview":"max-video-preview:-1"},"og_locale":"fr_FR","og_type":"article","og_title":"Silkafix Sparadrap de Fixation 2,5 cm x 5 m - Districos Webshop","og_description":"Sparadraps de fixation blancs en soie artificielle. Ils sont caract\u00e9ris\u00e9s par un fort pouvoir adh\u00e9sif sans provoquer des r\u00e9actions allergiques. Ne laissent pas des r\u00e9sidus ennuyeux apr\u00e8s l\u2019enl\u00e8vement. Le moyen id\u00e9al pour une fixation prolong\u00e9e de pansements ou compresses. Largeur : 2,5 cm ; longueur : 5 m \u00c9galement disponible : rouleau de 1,25 cm [&hellip;]","og_url":"https:\/\/districos.standingout.be\/fr\/product\/silkafix-sparadrap-de-fixation-25-cm-x-5-m-ref-8720-04\/","og_site_name":"Districos Webshop","article_modified_time":"2026-04-28T10:22:08+00:00","twitter_card":"summary_large_image","schema":{"@context":"https:\/\/schema.org","@graph":[{"@type":"WebPage","@id":"https:\/\/districos.standingout.be\/fr\/product\/silkafix-sparadrap-de-fixation-25-cm-x-5-m-ref-8720-04\/","url":"https:\/\/districos.standingout.be\/fr\/product\/silkafix-sparadrap-de-fixation-25-cm-x-5-m-ref-8720-04\/","name":"Silkafix Sparadrap de Fixation 2,5 cm x 5 m - Districos Webshop","isPartOf":{"@id":"https:\/\/districos.standingout.be\/fr\/#website"},"primaryImageOfPage":{"@id":"https:\/\/districos.standingout.be\/fr\/product\/silkafix-sparadrap-de-fixation-25-cm-x-5-m-ref-8720-04\/#primaryimage"},"image":{"@id":"https:\/\/districos.standingout.be\/fr\/product\/silkafix-sparadrap-de-fixation-25-cm-x-5-m-ref-8720-04\/#primaryimage"},"thumbnailUrl":"https:\/\/districos.standingout.be\/wp-content\/uploads\/2025\/07\/8720.04@LowRes_1_0.png","datePublished":"2026-04-28T10:22:04+00:00","dateModified":"2026-04-28T10:22:08+00:00","breadcrumb":{"@id":"https:\/\/districos.standingout.be\/fr\/product\/silkafix-sparadrap-de-fixation-25-cm-x-5-m-ref-8720-04\/#breadcrumb"},"inLanguage":"fr-FR","potentialAction":[{"@type":"ReadAction","target":["https:\/\/districos.standingout.be\/fr\/product\/silkafix-sparadrap-de-fixation-25-cm-x-5-m-ref-8720-04\/"]}]},{"@type":"ImageObject","inLanguage":"fr-FR","@id":"https:\/\/districos.standingout.be\/fr\/product\/silkafix-sparadrap-de-fixation-25-cm-x-5-m-ref-8720-04\/#primaryimage","url":"https:\/\/districos.standingout.be\/wp-content\/uploads\/2025\/07\/8720.04@LowRes_1_0.png","contentUrl":"https:\/\/districos.standingout.be\/wp-content\/uploads\/2025\/07\/8720.04@LowRes_1_0.png","width":600,"height":600},{"@type":"BreadcrumbList","@id":"https:\/\/districos.standingout.be\/fr\/product\/silkafix-sparadrap-de-fixation-25-cm-x-5-m-ref-8720-04\/#breadcrumb","itemListElement":[{"@type":"ListItem","position":1,"name":"Home","item":"https:\/\/districos.standingout.be\/fr\/bienvenue-chez-districos\/"},{"@type":"ListItem","position":2,"name":"Boutique","item":"https:\/\/districos.standingout.be\/fr\/boutique\/"},{"@type":"ListItem","position":3,"name":"Silkafix Sparadrap de Fixation 2,5 cm x 5 m"}]},{"@type":"WebSite","@id":"https:\/\/districos.standingout.be\/fr\/#website","url":"https:\/\/districos.standingout.be\/fr\/","name":"Districos Webshop","description":"","publisher":{"@id":"https:\/\/districos.standingout.be\/fr\/#organization"},"potentialAction":[{"@type":"SearchAction","target":{"@type":"EntryPoint","urlTemplate":"https:\/\/districos.standingout.be\/fr\/?s={search_term_string}"},"query-input":{"@type":"PropertyValueSpecification","valueRequired":true,"valueName":"search_term_string"}}],"inLanguage":"fr-FR"},{"@type":"Organization","@id":"https:\/\/districos.standingout.be\/fr\/#organization","name":"Districos Webshop","url":"https:\/\/districos.standingout.be\/fr\/","logo":{"@type":"ImageObject","inLanguage":"fr-FR","@id":"https:\/\/districos.standingout.be\/fr\/#\/schema\/logo\/image\/","url":"https:\/\/districos.standingout.be\/wp-content\/uploads\/2022\/09\/Districos_Logo_Webshop.svg","contentUrl":"https:\/\/districos.standingout.be\/wp-content\/uploads\/2022\/09\/Districos_Logo_Webshop.svg","caption":"Districos Webshop"},"image":{"@id":"https:\/\/districos.standingout.be\/fr\/#\/schema\/logo\/image\/"}}]}},"_links":{"self":[{"href":"https:\/\/districos.standingout.be\/fr\/wp-json\/wp\/v2\/product\/139830","targetHints":{"allow":["GET"]}}],"collection":[{"href":"https:\/\/districos.standingout.be\/fr\/wp-json\/wp\/v2\/product"}],"about":[{"href":"https:\/\/districos.standingout.be\/fr\/wp-json\/wp\/v2\/types\/product"}],"replies":[{"embeddable":true,"href":"https:\/\/districos.standingout.be\/fr\/wp-json\/wp\/v2\/comments?post=139830"}],"wp:featuredmedia":[{"embeddable":true,"href":"https:\/\/districos.standingout.be\/fr\/wp-json\/wp\/v2\/media\/83138"}],"wp:attachment":[{"href":"https:\/\/districos.standingout.be\/fr\/wp-json\/wp\/v2\/media?parent=139830"}],"wp:term":[{"taxonomy":"product_brand","embeddable":true,"href":"https:\/\/districos.standingout.be\/fr\/wp-json\/wp\/v2\/product_brand?post=139830"},{"taxonomy":"product_cat","embeddable":true,"href":"https:\/\/districos.standingout.be\/fr\/wp-json\/wp\/v2\/product_cat?post=139830"},{"taxonomy":"product_tag","embeddable":true,"href":"https:\/\/districos.standingout.be\/fr\/wp-json\/wp\/v2\/product_tag?post=139830"}],"curies":[{"name":"wp","href":"https:\/\/api.w.org\/{rel}","templated":true}]}}