{"id":139870,"date":"2026-04-28T12:26:17","date_gmt":"2026-04-28T10:26:17","guid":{"rendered":"https:\/\/webshopdistricoscom.webhosting.be\/product\/cederroth-soft-foam-dispenser-soft-foam-bandage-bleu-ref-8721-001\/"},"modified":"2026-04-28T12:26:21","modified_gmt":"2026-04-28T10:26:21","slug":"cederroth-soft-foam-dispenser-soft-foam-bandage-bleu-ref-8721-001","status":"publish","type":"product","link":"https:\/\/districos.standingout.be\/fr\/product\/cederroth-soft-foam-dispenser-soft-foam-bandage-bleu-ref-8721-001\/","title":{"rendered":"Cederroth Soft Foam Dispenser + Soft Foam Bandage Bleu"},"content":{"rendered":"<p >\n<p dir=ltr>Distributeur pratique avec lame int\u00e9gr\u00e9e pour le coupage facile des pansements Cederroth Soft Foam. Facile \u00e0 fixer au mur. Comprend 1 x Pansement Soft Foam bleu 6 cm x 4,5 cm. Dimensions : 20,3 x 30,6 x 15,5 cm.<\/p>\n<p> Les pansements Cederroth Soft Foam sont auto-adh\u00e9sifs, sans colle, qui fonctionne comme pansements ainsi que comme bandages. Le pansement convient \u00e0 tous les types de petites plaies, quelle que soit la chaleur, fra\u00eecheur, l\u2019humidit\u00e9 ou la s\u00e9cheresse. Ils restent en place, m\u00eame dans l\u2019eau. <\/p>\n<ul> <\/p>\n<li>Sans latex.<\/li>\n<p> <\/p>\n<li>Sans colle.<\/li>\n<p> <\/p>\n<li>R\u00e9sistant \u00e0 l\u2019eau.<\/li>\n<p> <\/p>\n<li>\u00c9lastique.<\/li>\n<p> <\/p>\n<li>Ne colle pas \u00e0 la plaie, ni \u00e0 la peau.<\/li>\n<p> <\/ul>\n<p> Recharges pour dans le distributeur : Pansement Soft Foam 6 cm x 4,5 m. R\u00e9f. 8721,021.<\/p><\/p>\n","protected":false},"excerpt":{"rendered":"<p>Distributeur pratique avec lame int\u00e9gr\u00e9e pour le coupage facile des pansements Cederroth Soft Foam. Facile \u00e0 fixer au mur. Comprend 1 x Pansement Soft Foam bleu 6 cm x 4,5 cm. Dimensions : 20,3 x 30,6 x 15,5 cm. Les pansements Cederroth Soft Foam sont auto-adh\u00e9sifs, sans colle, qui fonctionne comme pansements ainsi que comme [&hellip;]<\/p>\n","protected":false},"featured_media":83204,"comment_status":"open","ping_status":"closed","template":"","meta":{"_acf_changed":false},"product_brand":[10328],"product_cat":[10124,10004,10182,10126,10006,10188,10130,10010,9956,9966],"product_tag":[],"class_list":{"0":"post-139870","1":"product","2":"type-product","3":"status-publish","4":"has-post-thumbnail","6":"product_brand-cederroth-fr","7":"product_cat-hygiene-articles-jetables-premiers-secours-soins-des-plaies-bandages","8":"product_cat-soins-des-pieds-podologie-premiers-secours-soins-des-plaies-bandages","9":"product_cat-fournitures-pour-cabinet-premiers-secours-soins-des-plaies-bandages","10":"product_cat-hygiene-articles-jetables-premiers-secours-soins-des-plaies-pansements-adhesifs","11":"product_cat-soins-des-pieds-podologie-premiers-secours-soins-des-plaies-pansements-adhesifs","12":"product_cat-fournitures-pour-cabinet-premiers-secours-soins-des-plaies-premiers-secours","13":"product_cat-hygiene-articles-jetables-premiers-secours-soins-des-plaies-premiers-secours","14":"product_cat-soins-des-pieds-podologie-premiers-secours-soins-des-plaies-premiers-secours","15":"product_cat-beaute-pedicure-premiers-secours-soins-des-plaies","16":"product_cat-beaute-materiel-pratique-premiers-secours-soins-des-plaies","18":"first","19":"instock","20":"taxable","21":"shipping-taxable","22":"product-type-simple"},"acf":[],"yoast_head":"<!-- This site is optimized with the Yoast SEO plugin v27.3 - https:\/\/yoast.com\/product\/yoast-seo-wordpress\/ -->\n<title>Cederroth Soft Foam Dispenser + Soft Foam Bandage Bleu - Districos Webshop<\/title>\n<meta name=\"robots\" content=\"noindex, follow, max-snippet:-1, max-image-preview:large, max-video-preview:-1\" \/>\n<meta property=\"og:locale\" content=\"fr_FR\" \/>\n<meta property=\"og:type\" content=\"article\" \/>\n<meta property=\"og:title\" content=\"Cederroth Soft Foam Dispenser + Soft Foam Bandage Bleu - Districos Webshop\" \/>\n<meta property=\"og:description\" content=\"Distributeur pratique avec lame int\u00e9gr\u00e9e pour le coupage facile des pansements Cederroth Soft Foam. Facile \u00e0 fixer au mur. Comprend 1 x Pansement Soft Foam bleu 6 cm x 4,5 cm. Dimensions : 20,3 x 30,6 x 15,5 cm. Les pansements Cederroth Soft Foam sont auto-adh\u00e9sifs, sans colle, qui fonctionne comme pansements ainsi que comme [&hellip;]\" \/>\n<meta property=\"og:url\" content=\"https:\/\/districos.standingout.be\/fr\/product\/cederroth-soft-foam-dispenser-soft-foam-bandage-bleu-ref-8721-001\/\" \/>\n<meta property=\"og:site_name\" content=\"Districos Webshop\" \/>\n<meta property=\"article:modified_time\" content=\"2026-04-28T10:26:21+00:00\" \/>\n<meta name=\"twitter:card\" content=\"summary_large_image\" \/>\n<meta name=\"twitter:label1\" content=\"Dur\u00e9e de lecture estim\u00e9e\" \/>\n\t<meta name=\"twitter:data1\" content=\"1 minute\" \/>\n<script type=\"application\/ld+json\" class=\"yoast-schema-graph\">{\"@context\":\"https:\\\/\\\/schema.org\",\"@graph\":[{\"@type\":\"WebPage\",\"@id\":\"https:\\\/\\\/districos.standingout.be\\\/fr\\\/product\\\/cederroth-soft-foam-dispenser-soft-foam-bandage-bleu-ref-8721-001\\\/\",\"url\":\"https:\\\/\\\/districos.standingout.be\\\/fr\\\/product\\\/cederroth-soft-foam-dispenser-soft-foam-bandage-bleu-ref-8721-001\\\/\",\"name\":\"Cederroth Soft Foam Dispenser + Soft Foam Bandage Bleu - Districos Webshop\",\"isPartOf\":{\"@id\":\"https:\\\/\\\/districos.standingout.be\\\/fr\\\/#website\"},\"primaryImageOfPage\":{\"@id\":\"https:\\\/\\\/districos.standingout.be\\\/fr\\\/product\\\/cederroth-soft-foam-dispenser-soft-foam-bandage-bleu-ref-8721-001\\\/#primaryimage\"},\"image\":{\"@id\":\"https:\\\/\\\/districos.standingout.be\\\/fr\\\/product\\\/cederroth-soft-foam-dispenser-soft-foam-bandage-bleu-ref-8721-001\\\/#primaryimage\"},\"thumbnailUrl\":\"https:\\\/\\\/districos.standingout.be\\\/wp-content\\\/uploads\\\/2025\\\/07\\\/8721.001@LowRes_1.png\",\"datePublished\":\"2026-04-28T10:26:17+00:00\",\"dateModified\":\"2026-04-28T10:26:21+00:00\",\"breadcrumb\":{\"@id\":\"https:\\\/\\\/districos.standingout.be\\\/fr\\\/product\\\/cederroth-soft-foam-dispenser-soft-foam-bandage-bleu-ref-8721-001\\\/#breadcrumb\"},\"inLanguage\":\"fr-FR\",\"potentialAction\":[{\"@type\":\"ReadAction\",\"target\":[\"https:\\\/\\\/districos.standingout.be\\\/fr\\\/product\\\/cederroth-soft-foam-dispenser-soft-foam-bandage-bleu-ref-8721-001\\\/\"]}]},{\"@type\":\"ImageObject\",\"inLanguage\":\"fr-FR\",\"@id\":\"https:\\\/\\\/districos.standingout.be\\\/fr\\\/product\\\/cederroth-soft-foam-dispenser-soft-foam-bandage-bleu-ref-8721-001\\\/#primaryimage\",\"url\":\"https:\\\/\\\/districos.standingout.be\\\/wp-content\\\/uploads\\\/2025\\\/07\\\/8721.001@LowRes_1.png\",\"contentUrl\":\"https:\\\/\\\/districos.standingout.be\\\/wp-content\\\/uploads\\\/2025\\\/07\\\/8721.001@LowRes_1.png\",\"width\":600,\"height\":600},{\"@type\":\"BreadcrumbList\",\"@id\":\"https:\\\/\\\/districos.standingout.be\\\/fr\\\/product\\\/cederroth-soft-foam-dispenser-soft-foam-bandage-bleu-ref-8721-001\\\/#breadcrumb\",\"itemListElement\":[{\"@type\":\"ListItem\",\"position\":1,\"name\":\"Home\",\"item\":\"https:\\\/\\\/districos.standingout.be\\\/fr\\\/bienvenue-chez-districos\\\/\"},{\"@type\":\"ListItem\",\"position\":2,\"name\":\"Boutique\",\"item\":\"https:\\\/\\\/districos.standingout.be\\\/fr\\\/boutique\\\/\"},{\"@type\":\"ListItem\",\"position\":3,\"name\":\"Cederroth Soft Foam Dispenser + Soft Foam Bandage Bleu\"}]},{\"@type\":\"WebSite\",\"@id\":\"https:\\\/\\\/districos.standingout.be\\\/fr\\\/#website\",\"url\":\"https:\\\/\\\/districos.standingout.be\\\/fr\\\/\",\"name\":\"Districos Webshop\",\"description\":\"\",\"publisher\":{\"@id\":\"https:\\\/\\\/districos.standingout.be\\\/fr\\\/#organization\"},\"potentialAction\":[{\"@type\":\"SearchAction\",\"target\":{\"@type\":\"EntryPoint\",\"urlTemplate\":\"https:\\\/\\\/districos.standingout.be\\\/fr\\\/?s={search_term_string}\"},\"query-input\":{\"@type\":\"PropertyValueSpecification\",\"valueRequired\":true,\"valueName\":\"search_term_string\"}}],\"inLanguage\":\"fr-FR\"},{\"@type\":\"Organization\",\"@id\":\"https:\\\/\\\/districos.standingout.be\\\/fr\\\/#organization\",\"name\":\"Districos Webshop\",\"url\":\"https:\\\/\\\/districos.standingout.be\\\/fr\\\/\",\"logo\":{\"@type\":\"ImageObject\",\"inLanguage\":\"fr-FR\",\"@id\":\"https:\\\/\\\/districos.standingout.be\\\/fr\\\/#\\\/schema\\\/logo\\\/image\\\/\",\"url\":\"https:\\\/\\\/districos.standingout.be\\\/wp-content\\\/uploads\\\/2022\\\/09\\\/Districos_Logo_Webshop.svg\",\"contentUrl\":\"https:\\\/\\\/districos.standingout.be\\\/wp-content\\\/uploads\\\/2022\\\/09\\\/Districos_Logo_Webshop.svg\",\"caption\":\"Districos Webshop\"},\"image\":{\"@id\":\"https:\\\/\\\/districos.standingout.be\\\/fr\\\/#\\\/schema\\\/logo\\\/image\\\/\"}}]}<\/script>\n<!-- \/ Yoast SEO plugin. -->","yoast_head_json":{"title":"Cederroth Soft Foam Dispenser + Soft Foam Bandage Bleu - Districos Webshop","robots":{"index":"noindex","follow":"follow","max-snippet":"max-snippet:-1","max-image-preview":"max-image-preview:large","max-video-preview":"max-video-preview:-1"},"og_locale":"fr_FR","og_type":"article","og_title":"Cederroth Soft Foam Dispenser + Soft Foam Bandage Bleu - Districos Webshop","og_description":"Distributeur pratique avec lame int\u00e9gr\u00e9e pour le coupage facile des pansements Cederroth Soft Foam. Facile \u00e0 fixer au mur. Comprend 1 x Pansement Soft Foam bleu 6 cm x 4,5 cm. Dimensions : 20,3 x 30,6 x 15,5 cm. Les pansements Cederroth Soft Foam sont auto-adh\u00e9sifs, sans colle, qui fonctionne comme pansements ainsi que comme [&hellip;]","og_url":"https:\/\/districos.standingout.be\/fr\/product\/cederroth-soft-foam-dispenser-soft-foam-bandage-bleu-ref-8721-001\/","og_site_name":"Districos Webshop","article_modified_time":"2026-04-28T10:26:21+00:00","twitter_card":"summary_large_image","twitter_misc":{"Dur\u00e9e de lecture estim\u00e9e":"1 minute"},"schema":{"@context":"https:\/\/schema.org","@graph":[{"@type":"WebPage","@id":"https:\/\/districos.standingout.be\/fr\/product\/cederroth-soft-foam-dispenser-soft-foam-bandage-bleu-ref-8721-001\/","url":"https:\/\/districos.standingout.be\/fr\/product\/cederroth-soft-foam-dispenser-soft-foam-bandage-bleu-ref-8721-001\/","name":"Cederroth Soft Foam Dispenser + Soft Foam Bandage Bleu - Districos Webshop","isPartOf":{"@id":"https:\/\/districos.standingout.be\/fr\/#website"},"primaryImageOfPage":{"@id":"https:\/\/districos.standingout.be\/fr\/product\/cederroth-soft-foam-dispenser-soft-foam-bandage-bleu-ref-8721-001\/#primaryimage"},"image":{"@id":"https:\/\/districos.standingout.be\/fr\/product\/cederroth-soft-foam-dispenser-soft-foam-bandage-bleu-ref-8721-001\/#primaryimage"},"thumbnailUrl":"https:\/\/districos.standingout.be\/wp-content\/uploads\/2025\/07\/8721.001@LowRes_1.png","datePublished":"2026-04-28T10:26:17+00:00","dateModified":"2026-04-28T10:26:21+00:00","breadcrumb":{"@id":"https:\/\/districos.standingout.be\/fr\/product\/cederroth-soft-foam-dispenser-soft-foam-bandage-bleu-ref-8721-001\/#breadcrumb"},"inLanguage":"fr-FR","potentialAction":[{"@type":"ReadAction","target":["https:\/\/districos.standingout.be\/fr\/product\/cederroth-soft-foam-dispenser-soft-foam-bandage-bleu-ref-8721-001\/"]}]},{"@type":"ImageObject","inLanguage":"fr-FR","@id":"https:\/\/districos.standingout.be\/fr\/product\/cederroth-soft-foam-dispenser-soft-foam-bandage-bleu-ref-8721-001\/#primaryimage","url":"https:\/\/districos.standingout.be\/wp-content\/uploads\/2025\/07\/8721.001@LowRes_1.png","contentUrl":"https:\/\/districos.standingout.be\/wp-content\/uploads\/2025\/07\/8721.001@LowRes_1.png","width":600,"height":600},{"@type":"BreadcrumbList","@id":"https:\/\/districos.standingout.be\/fr\/product\/cederroth-soft-foam-dispenser-soft-foam-bandage-bleu-ref-8721-001\/#breadcrumb","itemListElement":[{"@type":"ListItem","position":1,"name":"Home","item":"https:\/\/districos.standingout.be\/fr\/bienvenue-chez-districos\/"},{"@type":"ListItem","position":2,"name":"Boutique","item":"https:\/\/districos.standingout.be\/fr\/boutique\/"},{"@type":"ListItem","position":3,"name":"Cederroth Soft Foam Dispenser + Soft Foam Bandage Bleu"}]},{"@type":"WebSite","@id":"https:\/\/districos.standingout.be\/fr\/#website","url":"https:\/\/districos.standingout.be\/fr\/","name":"Districos Webshop","description":"","publisher":{"@id":"https:\/\/districos.standingout.be\/fr\/#organization"},"potentialAction":[{"@type":"SearchAction","target":{"@type":"EntryPoint","urlTemplate":"https:\/\/districos.standingout.be\/fr\/?s={search_term_string}"},"query-input":{"@type":"PropertyValueSpecification","valueRequired":true,"valueName":"search_term_string"}}],"inLanguage":"fr-FR"},{"@type":"Organization","@id":"https:\/\/districos.standingout.be\/fr\/#organization","name":"Districos Webshop","url":"https:\/\/districos.standingout.be\/fr\/","logo":{"@type":"ImageObject","inLanguage":"fr-FR","@id":"https:\/\/districos.standingout.be\/fr\/#\/schema\/logo\/image\/","url":"https:\/\/districos.standingout.be\/wp-content\/uploads\/2022\/09\/Districos_Logo_Webshop.svg","contentUrl":"https:\/\/districos.standingout.be\/wp-content\/uploads\/2022\/09\/Districos_Logo_Webshop.svg","caption":"Districos Webshop"},"image":{"@id":"https:\/\/districos.standingout.be\/fr\/#\/schema\/logo\/image\/"}}]}},"_links":{"self":[{"href":"https:\/\/districos.standingout.be\/fr\/wp-json\/wp\/v2\/product\/139870","targetHints":{"allow":["GET"]}}],"collection":[{"href":"https:\/\/districos.standingout.be\/fr\/wp-json\/wp\/v2\/product"}],"about":[{"href":"https:\/\/districos.standingout.be\/fr\/wp-json\/wp\/v2\/types\/product"}],"replies":[{"embeddable":true,"href":"https:\/\/districos.standingout.be\/fr\/wp-json\/wp\/v2\/comments?post=139870"}],"wp:featuredmedia":[{"embeddable":true,"href":"https:\/\/districos.standingout.be\/fr\/wp-json\/wp\/v2\/media\/83204"}],"wp:attachment":[{"href":"https:\/\/districos.standingout.be\/fr\/wp-json\/wp\/v2\/media?parent=139870"}],"wp:term":[{"taxonomy":"product_brand","embeddable":true,"href":"https:\/\/districos.standingout.be\/fr\/wp-json\/wp\/v2\/product_brand?post=139870"},{"taxonomy":"product_cat","embeddable":true,"href":"https:\/\/districos.standingout.be\/fr\/wp-json\/wp\/v2\/product_cat?post=139870"},{"taxonomy":"product_tag","embeddable":true,"href":"https:\/\/districos.standingout.be\/fr\/wp-json\/wp\/v2\/product_tag?post=139870"}],"curies":[{"name":"wp","href":"https:\/\/api.w.org\/{rel}","templated":true}]}}