{"id":139872,"date":"2026-04-28T12:26:28","date_gmt":"2026-04-28T10:26:28","guid":{"rendered":"https:\/\/webshopdistricoscom.webhosting.be\/product\/cederroth-first-aid-station-ref-8721-002-2\/"},"modified":"2026-04-28T12:26:33","modified_gmt":"2026-04-28T10:26:33","slug":"cederroth-first-aid-station-ref-8721-002","status":"publish","type":"product","link":"https:\/\/districos.standingout.be\/fr\/product\/cederroth-first-aid-station-ref-8721-002\/","title":{"rendered":"Cederroth First Aid Station"},"content":{"rendered":"<p >\n<p dir=ltr>Le poste de Premiers Soins de cederroth contient tous les produits pour soigner une grande vari\u00e9t\u00e9 de blessures. Dimensions : 29 x 56 x 12 cm.<\/p>\n<p> \u2022 2 x Pansements astringents Cederroth 4 en 1 (R\u00e9f. 8721,057)<\/p>\n<p> \u2022 3 x Pansements astringents Cederroth 4 en 1 mini (R\u00e9f. 8721,058)<\/p>\n<p> \u2022 2 x Cederroth Burn Gel Dressing 10 x 10 cm (R\u00e9f. 8721,059)<\/p>\n<p> \u2022 1 x Spray nettoyant yeux et plaies Cederroth 150 ml (R\u00e9f. 8721,060)<\/p>\n<p> \u2022 1 x Distributeur de pansements Salvequick avec sparadraps textils 40 pcs. (R\u00e9f. 8721,051) et sparadraps plastiques Salvequick 45 pcs. (R\u00e9f. 8721,053)<\/p>\n<p> \u2022 1 x Nettoyant plaies Salvequick 40 pcs. (R\u00e9f. 8721,061)<\/p>\n<p> \u2022 1 x Paquet s\u00e9curit\u00e9 Cederroth pour r\u00e9animation en toute s\u00e9curit\u00e9 (R\u00e9f. 8721,062)<\/p>\n<p> \u2022 1 x Cl\u00e9 pour recharges<\/p>\n<p> Comprends des instructions de premiers soins <\/p><\/p>\n","protected":false},"excerpt":{"rendered":"<p>Le poste de Premiers Soins de cederroth contient tous les produits pour soigner une grande vari\u00e9t\u00e9 de blessures. Dimensions : 29 x 56 x 12 cm. \u2022 2 x Pansements astringents Cederroth 4 en 1 (R\u00e9f. 8721,057) \u2022 3 x Pansements astringents Cederroth 4 en 1 mini (R\u00e9f. 8721,058) \u2022 2 x Cederroth Burn Gel [&hellip;]<\/p>\n","protected":false},"featured_media":83213,"comment_status":"open","ping_status":"closed","template":"","meta":{"_acf_changed":false},"product_brand":[10328],"product_cat":[10182,10004,10124,10130,10188,10010,9966,9956],"product_tag":[],"class_list":{"0":"post-139872","1":"product","2":"type-product","3":"status-publish","4":"has-post-thumbnail","6":"product_brand-cederroth-fr","7":"product_cat-fournitures-pour-cabinet-premiers-secours-soins-des-plaies-bandages","8":"product_cat-soins-des-pieds-podologie-premiers-secours-soins-des-plaies-bandages","9":"product_cat-hygiene-articles-jetables-premiers-secours-soins-des-plaies-bandages","10":"product_cat-hygiene-articles-jetables-premiers-secours-soins-des-plaies-premiers-secours","11":"product_cat-fournitures-pour-cabinet-premiers-secours-soins-des-plaies-premiers-secours","12":"product_cat-soins-des-pieds-podologie-premiers-secours-soins-des-plaies-premiers-secours","13":"product_cat-beaute-materiel-pratique-premiers-secours-soins-des-plaies","14":"product_cat-beaute-pedicure-premiers-secours-soins-des-plaies","16":"first","17":"instock","18":"taxable","19":"shipping-taxable","20":"product-type-simple"},"acf":[],"yoast_head":"<!-- This site is optimized with the Yoast SEO plugin v27.3 - https:\/\/yoast.com\/product\/yoast-seo-wordpress\/ -->\n<title>Cederroth First Aid Station - Districos Webshop<\/title>\n<meta name=\"robots\" content=\"noindex, follow, max-snippet:-1, max-image-preview:large, max-video-preview:-1\" \/>\n<meta property=\"og:locale\" content=\"fr_FR\" \/>\n<meta property=\"og:type\" content=\"article\" \/>\n<meta property=\"og:title\" content=\"Cederroth First Aid Station - Districos Webshop\" \/>\n<meta property=\"og:description\" content=\"Le poste de Premiers Soins de cederroth contient tous les produits pour soigner une grande vari\u00e9t\u00e9 de blessures. Dimensions : 29 x 56 x 12 cm. \u2022 2 x Pansements astringents Cederroth 4 en 1 (R\u00e9f. 8721,057) \u2022 3 x Pansements astringents Cederroth 4 en 1 mini (R\u00e9f. 8721,058) \u2022 2 x Cederroth Burn Gel [&hellip;]\" \/>\n<meta property=\"og:url\" content=\"https:\/\/districos.standingout.be\/fr\/product\/cederroth-first-aid-station-ref-8721-002\/\" \/>\n<meta property=\"og:site_name\" content=\"Districos Webshop\" \/>\n<meta property=\"article:modified_time\" content=\"2026-04-28T10:26:33+00:00\" \/>\n<meta name=\"twitter:card\" content=\"summary_large_image\" \/>\n<meta name=\"twitter:label1\" content=\"Dur\u00e9e de lecture estim\u00e9e\" \/>\n\t<meta name=\"twitter:data1\" content=\"1 minute\" \/>\n<script type=\"application\/ld+json\" class=\"yoast-schema-graph\">{\"@context\":\"https:\\\/\\\/schema.org\",\"@graph\":[{\"@type\":\"WebPage\",\"@id\":\"https:\\\/\\\/districos.standingout.be\\\/fr\\\/product\\\/cederroth-first-aid-station-ref-8721-002\\\/\",\"url\":\"https:\\\/\\\/districos.standingout.be\\\/fr\\\/product\\\/cederroth-first-aid-station-ref-8721-002\\\/\",\"name\":\"Cederroth First Aid Station - Districos Webshop\",\"isPartOf\":{\"@id\":\"https:\\\/\\\/districos.standingout.be\\\/fr\\\/#website\"},\"primaryImageOfPage\":{\"@id\":\"https:\\\/\\\/districos.standingout.be\\\/fr\\\/product\\\/cederroth-first-aid-station-ref-8721-002\\\/#primaryimage\"},\"image\":{\"@id\":\"https:\\\/\\\/districos.standingout.be\\\/fr\\\/product\\\/cederroth-first-aid-station-ref-8721-002\\\/#primaryimage\"},\"thumbnailUrl\":\"https:\\\/\\\/districos.standingout.be\\\/wp-content\\\/uploads\\\/2025\\\/07\\\/8721.002@LowRes_1.png\",\"datePublished\":\"2026-04-28T10:26:28+00:00\",\"dateModified\":\"2026-04-28T10:26:33+00:00\",\"breadcrumb\":{\"@id\":\"https:\\\/\\\/districos.standingout.be\\\/fr\\\/product\\\/cederroth-first-aid-station-ref-8721-002\\\/#breadcrumb\"},\"inLanguage\":\"fr-FR\",\"potentialAction\":[{\"@type\":\"ReadAction\",\"target\":[\"https:\\\/\\\/districos.standingout.be\\\/fr\\\/product\\\/cederroth-first-aid-station-ref-8721-002\\\/\"]}]},{\"@type\":\"ImageObject\",\"inLanguage\":\"fr-FR\",\"@id\":\"https:\\\/\\\/districos.standingout.be\\\/fr\\\/product\\\/cederroth-first-aid-station-ref-8721-002\\\/#primaryimage\",\"url\":\"https:\\\/\\\/districos.standingout.be\\\/wp-content\\\/uploads\\\/2025\\\/07\\\/8721.002@LowRes_1.png\",\"contentUrl\":\"https:\\\/\\\/districos.standingout.be\\\/wp-content\\\/uploads\\\/2025\\\/07\\\/8721.002@LowRes_1.png\",\"width\":600,\"height\":600},{\"@type\":\"BreadcrumbList\",\"@id\":\"https:\\\/\\\/districos.standingout.be\\\/fr\\\/product\\\/cederroth-first-aid-station-ref-8721-002\\\/#breadcrumb\",\"itemListElement\":[{\"@type\":\"ListItem\",\"position\":1,\"name\":\"Home\",\"item\":\"https:\\\/\\\/districos.standingout.be\\\/fr\\\/bienvenue-chez-districos\\\/\"},{\"@type\":\"ListItem\",\"position\":2,\"name\":\"Boutique\",\"item\":\"https:\\\/\\\/districos.standingout.be\\\/fr\\\/boutique\\\/\"},{\"@type\":\"ListItem\",\"position\":3,\"name\":\"Cederroth First Aid Station\"}]},{\"@type\":\"WebSite\",\"@id\":\"https:\\\/\\\/districos.standingout.be\\\/fr\\\/#website\",\"url\":\"https:\\\/\\\/districos.standingout.be\\\/fr\\\/\",\"name\":\"Districos Webshop\",\"description\":\"\",\"publisher\":{\"@id\":\"https:\\\/\\\/districos.standingout.be\\\/fr\\\/#organization\"},\"potentialAction\":[{\"@type\":\"SearchAction\",\"target\":{\"@type\":\"EntryPoint\",\"urlTemplate\":\"https:\\\/\\\/districos.standingout.be\\\/fr\\\/?s={search_term_string}\"},\"query-input\":{\"@type\":\"PropertyValueSpecification\",\"valueRequired\":true,\"valueName\":\"search_term_string\"}}],\"inLanguage\":\"fr-FR\"},{\"@type\":\"Organization\",\"@id\":\"https:\\\/\\\/districos.standingout.be\\\/fr\\\/#organization\",\"name\":\"Districos Webshop\",\"url\":\"https:\\\/\\\/districos.standingout.be\\\/fr\\\/\",\"logo\":{\"@type\":\"ImageObject\",\"inLanguage\":\"fr-FR\",\"@id\":\"https:\\\/\\\/districos.standingout.be\\\/fr\\\/#\\\/schema\\\/logo\\\/image\\\/\",\"url\":\"https:\\\/\\\/districos.standingout.be\\\/wp-content\\\/uploads\\\/2022\\\/09\\\/Districos_Logo_Webshop.svg\",\"contentUrl\":\"https:\\\/\\\/districos.standingout.be\\\/wp-content\\\/uploads\\\/2022\\\/09\\\/Districos_Logo_Webshop.svg\",\"caption\":\"Districos Webshop\"},\"image\":{\"@id\":\"https:\\\/\\\/districos.standingout.be\\\/fr\\\/#\\\/schema\\\/logo\\\/image\\\/\"}}]}<\/script>\n<!-- \/ Yoast SEO plugin. -->","yoast_head_json":{"title":"Cederroth First Aid Station - Districos Webshop","robots":{"index":"noindex","follow":"follow","max-snippet":"max-snippet:-1","max-image-preview":"max-image-preview:large","max-video-preview":"max-video-preview:-1"},"og_locale":"fr_FR","og_type":"article","og_title":"Cederroth First Aid Station - Districos Webshop","og_description":"Le poste de Premiers Soins de cederroth contient tous les produits pour soigner une grande vari\u00e9t\u00e9 de blessures. Dimensions : 29 x 56 x 12 cm. \u2022 2 x Pansements astringents Cederroth 4 en 1 (R\u00e9f. 8721,057) \u2022 3 x Pansements astringents Cederroth 4 en 1 mini (R\u00e9f. 8721,058) \u2022 2 x Cederroth Burn Gel [&hellip;]","og_url":"https:\/\/districos.standingout.be\/fr\/product\/cederroth-first-aid-station-ref-8721-002\/","og_site_name":"Districos Webshop","article_modified_time":"2026-04-28T10:26:33+00:00","twitter_card":"summary_large_image","twitter_misc":{"Dur\u00e9e de lecture estim\u00e9e":"1 minute"},"schema":{"@context":"https:\/\/schema.org","@graph":[{"@type":"WebPage","@id":"https:\/\/districos.standingout.be\/fr\/product\/cederroth-first-aid-station-ref-8721-002\/","url":"https:\/\/districos.standingout.be\/fr\/product\/cederroth-first-aid-station-ref-8721-002\/","name":"Cederroth First Aid Station - Districos Webshop","isPartOf":{"@id":"https:\/\/districos.standingout.be\/fr\/#website"},"primaryImageOfPage":{"@id":"https:\/\/districos.standingout.be\/fr\/product\/cederroth-first-aid-station-ref-8721-002\/#primaryimage"},"image":{"@id":"https:\/\/districos.standingout.be\/fr\/product\/cederroth-first-aid-station-ref-8721-002\/#primaryimage"},"thumbnailUrl":"https:\/\/districos.standingout.be\/wp-content\/uploads\/2025\/07\/8721.002@LowRes_1.png","datePublished":"2026-04-28T10:26:28+00:00","dateModified":"2026-04-28T10:26:33+00:00","breadcrumb":{"@id":"https:\/\/districos.standingout.be\/fr\/product\/cederroth-first-aid-station-ref-8721-002\/#breadcrumb"},"inLanguage":"fr-FR","potentialAction":[{"@type":"ReadAction","target":["https:\/\/districos.standingout.be\/fr\/product\/cederroth-first-aid-station-ref-8721-002\/"]}]},{"@type":"ImageObject","inLanguage":"fr-FR","@id":"https:\/\/districos.standingout.be\/fr\/product\/cederroth-first-aid-station-ref-8721-002\/#primaryimage","url":"https:\/\/districos.standingout.be\/wp-content\/uploads\/2025\/07\/8721.002@LowRes_1.png","contentUrl":"https:\/\/districos.standingout.be\/wp-content\/uploads\/2025\/07\/8721.002@LowRes_1.png","width":600,"height":600},{"@type":"BreadcrumbList","@id":"https:\/\/districos.standingout.be\/fr\/product\/cederroth-first-aid-station-ref-8721-002\/#breadcrumb","itemListElement":[{"@type":"ListItem","position":1,"name":"Home","item":"https:\/\/districos.standingout.be\/fr\/bienvenue-chez-districos\/"},{"@type":"ListItem","position":2,"name":"Boutique","item":"https:\/\/districos.standingout.be\/fr\/boutique\/"},{"@type":"ListItem","position":3,"name":"Cederroth First Aid Station"}]},{"@type":"WebSite","@id":"https:\/\/districos.standingout.be\/fr\/#website","url":"https:\/\/districos.standingout.be\/fr\/","name":"Districos Webshop","description":"","publisher":{"@id":"https:\/\/districos.standingout.be\/fr\/#organization"},"potentialAction":[{"@type":"SearchAction","target":{"@type":"EntryPoint","urlTemplate":"https:\/\/districos.standingout.be\/fr\/?s={search_term_string}"},"query-input":{"@type":"PropertyValueSpecification","valueRequired":true,"valueName":"search_term_string"}}],"inLanguage":"fr-FR"},{"@type":"Organization","@id":"https:\/\/districos.standingout.be\/fr\/#organization","name":"Districos Webshop","url":"https:\/\/districos.standingout.be\/fr\/","logo":{"@type":"ImageObject","inLanguage":"fr-FR","@id":"https:\/\/districos.standingout.be\/fr\/#\/schema\/logo\/image\/","url":"https:\/\/districos.standingout.be\/wp-content\/uploads\/2022\/09\/Districos_Logo_Webshop.svg","contentUrl":"https:\/\/districos.standingout.be\/wp-content\/uploads\/2022\/09\/Districos_Logo_Webshop.svg","caption":"Districos Webshop"},"image":{"@id":"https:\/\/districos.standingout.be\/fr\/#\/schema\/logo\/image\/"}}]}},"_links":{"self":[{"href":"https:\/\/districos.standingout.be\/fr\/wp-json\/wp\/v2\/product\/139872","targetHints":{"allow":["GET"]}}],"collection":[{"href":"https:\/\/districos.standingout.be\/fr\/wp-json\/wp\/v2\/product"}],"about":[{"href":"https:\/\/districos.standingout.be\/fr\/wp-json\/wp\/v2\/types\/product"}],"replies":[{"embeddable":true,"href":"https:\/\/districos.standingout.be\/fr\/wp-json\/wp\/v2\/comments?post=139872"}],"wp:featuredmedia":[{"embeddable":true,"href":"https:\/\/districos.standingout.be\/fr\/wp-json\/wp\/v2\/media\/83213"}],"wp:attachment":[{"href":"https:\/\/districos.standingout.be\/fr\/wp-json\/wp\/v2\/media?parent=139872"}],"wp:term":[{"taxonomy":"product_brand","embeddable":true,"href":"https:\/\/districos.standingout.be\/fr\/wp-json\/wp\/v2\/product_brand?post=139872"},{"taxonomy":"product_cat","embeddable":true,"href":"https:\/\/districos.standingout.be\/fr\/wp-json\/wp\/v2\/product_cat?post=139872"},{"taxonomy":"product_tag","embeddable":true,"href":"https:\/\/districos.standingout.be\/fr\/wp-json\/wp\/v2\/product_tag?post=139872"}],"curies":[{"name":"wp","href":"https:\/\/api.w.org\/{rel}","templated":true}]}}