{"id":139901,"date":"2026-04-28T12:26:38","date_gmt":"2026-04-28T10:26:38","guid":{"rendered":"https:\/\/webshopdistricoscom.webhosting.be\/product\/cederroth-distributeur-soins-des-plaies-ref-8721-004\/"},"modified":"2026-04-28T12:26:42","modified_gmt":"2026-04-28T10:26:42","slug":"cederroth-distributeur-soins-des-plaies-ref-8721-004","status":"publish","type":"product","link":"https:\/\/districos.standingout.be\/fr\/product\/cederroth-distributeur-soins-des-plaies-ref-8721-004\/","title":{"rendered":"Cederroth Distributeur Soins des Plaies"},"content":{"rendered":"<p >\n<p dir=ltr>Simple, facilement accessible et bien organis\u00e9 !<\/p>\n<p> Le minimum qui doit \u00eatre \u00e0 port\u00e9e de main pour les petites plaies dans un distributeur.<\/p>\n<p> Dimensions : 20 x 31 x 16 cm.<\/p>\n<p> \u2022 1 x Salvequick nettoyant plaies 40 pcs. (R\u00e9f. 8721,061)<\/p>\n<p> \u2022 1 x Pansement Cederroth Soft Foam 6 cm x 4,5 m (R\u00e9f. 8721,021) (avec distributeur int\u00e9gr\u00e9)<\/p>\n<p> \u2022 1 x Sparadraps Salvequick textile 40 pcs. (R\u00e9f. 8721,0511)<\/p>\n<p> \u2022 1 x Sparadraps Salvequick plastique 45 pcs. (R\u00e9f. 8721,0531)<\/p>\n<p> \u2022 1 x Sparadraps Salvequick textile extra grand 21 pcs. (R\u00e9f. 8721,0521)<\/p>\n<p> \u2022 1 x Cl\u00e9 pour recharges. <\/p><\/p>\n","protected":false},"excerpt":{"rendered":"<p>Simple, facilement accessible et bien organis\u00e9 ! Le minimum qui doit \u00eatre \u00e0 port\u00e9e de main pour les petites plaies dans un distributeur. Dimensions : 20 x 31 x 16 cm. \u2022 1 x Salvequick nettoyant plaies 40 pcs. (R\u00e9f. 8721,061) \u2022 1 x Pansement Cederroth Soft Foam 6 cm x 4,5 m (R\u00e9f. 8721,021) [&hellip;]<\/p>\n","protected":false},"featured_media":83219,"comment_status":"open","ping_status":"closed","template":"","meta":{"_acf_changed":false},"product_brand":[10328],"product_cat":[10182,10004,10124,10188,10010,10130,9966,9956],"product_tag":[],"class_list":{"0":"post-139901","1":"product","2":"type-product","3":"status-publish","4":"has-post-thumbnail","6":"product_brand-cederroth-fr","7":"product_cat-fournitures-pour-cabinet-premiers-secours-soins-des-plaies-bandages","8":"product_cat-soins-des-pieds-podologie-premiers-secours-soins-des-plaies-bandages","9":"product_cat-hygiene-articles-jetables-premiers-secours-soins-des-plaies-bandages","10":"product_cat-fournitures-pour-cabinet-premiers-secours-soins-des-plaies-premiers-secours","11":"product_cat-soins-des-pieds-podologie-premiers-secours-soins-des-plaies-premiers-secours","12":"product_cat-hygiene-articles-jetables-premiers-secours-soins-des-plaies-premiers-secours","13":"product_cat-beaute-materiel-pratique-premiers-secours-soins-des-plaies","14":"product_cat-beaute-pedicure-premiers-secours-soins-des-plaies","16":"first","17":"instock","18":"taxable","19":"shipping-taxable","20":"product-type-simple"},"acf":[],"yoast_head":"<!-- This site is optimized with the Yoast SEO plugin v27.3 - https:\/\/yoast.com\/product\/yoast-seo-wordpress\/ -->\n<title>Cederroth Distributeur Soins des Plaies - Districos Webshop<\/title>\n<meta name=\"robots\" content=\"noindex, follow, max-snippet:-1, max-image-preview:large, max-video-preview:-1\" \/>\n<meta property=\"og:locale\" content=\"fr_FR\" \/>\n<meta property=\"og:type\" content=\"article\" \/>\n<meta property=\"og:title\" content=\"Cederroth Distributeur Soins des Plaies - Districos Webshop\" \/>\n<meta property=\"og:description\" content=\"Simple, facilement accessible et bien organis\u00e9 ! Le minimum qui doit \u00eatre \u00e0 port\u00e9e de main pour les petites plaies dans un distributeur. Dimensions : 20 x 31 x 16 cm. \u2022 1 x Salvequick nettoyant plaies 40 pcs. (R\u00e9f. 8721,061) \u2022 1 x Pansement Cederroth Soft Foam 6 cm x 4,5 m (R\u00e9f. 8721,021) [&hellip;]\" \/>\n<meta property=\"og:url\" content=\"https:\/\/districos.standingout.be\/fr\/product\/cederroth-distributeur-soins-des-plaies-ref-8721-004\/\" \/>\n<meta property=\"og:site_name\" content=\"Districos Webshop\" \/>\n<meta property=\"article:modified_time\" content=\"2026-04-28T10:26:42+00:00\" \/>\n<meta name=\"twitter:card\" content=\"summary_large_image\" \/>\n<script type=\"application\/ld+json\" class=\"yoast-schema-graph\">{\"@context\":\"https:\\\/\\\/schema.org\",\"@graph\":[{\"@type\":\"WebPage\",\"@id\":\"https:\\\/\\\/districos.standingout.be\\\/fr\\\/product\\\/cederroth-distributeur-soins-des-plaies-ref-8721-004\\\/\",\"url\":\"https:\\\/\\\/districos.standingout.be\\\/fr\\\/product\\\/cederroth-distributeur-soins-des-plaies-ref-8721-004\\\/\",\"name\":\"Cederroth Distributeur Soins des Plaies - Districos Webshop\",\"isPartOf\":{\"@id\":\"https:\\\/\\\/districos.standingout.be\\\/fr\\\/#website\"},\"primaryImageOfPage\":{\"@id\":\"https:\\\/\\\/districos.standingout.be\\\/fr\\\/product\\\/cederroth-distributeur-soins-des-plaies-ref-8721-004\\\/#primaryimage\"},\"image\":{\"@id\":\"https:\\\/\\\/districos.standingout.be\\\/fr\\\/product\\\/cederroth-distributeur-soins-des-plaies-ref-8721-004\\\/#primaryimage\"},\"thumbnailUrl\":\"https:\\\/\\\/districos.standingout.be\\\/wp-content\\\/uploads\\\/2025\\\/07\\\/8721.004@LowRes_1.png\",\"datePublished\":\"2026-04-28T10:26:38+00:00\",\"dateModified\":\"2026-04-28T10:26:42+00:00\",\"breadcrumb\":{\"@id\":\"https:\\\/\\\/districos.standingout.be\\\/fr\\\/product\\\/cederroth-distributeur-soins-des-plaies-ref-8721-004\\\/#breadcrumb\"},\"inLanguage\":\"fr-FR\",\"potentialAction\":[{\"@type\":\"ReadAction\",\"target\":[\"https:\\\/\\\/districos.standingout.be\\\/fr\\\/product\\\/cederroth-distributeur-soins-des-plaies-ref-8721-004\\\/\"]}]},{\"@type\":\"ImageObject\",\"inLanguage\":\"fr-FR\",\"@id\":\"https:\\\/\\\/districos.standingout.be\\\/fr\\\/product\\\/cederroth-distributeur-soins-des-plaies-ref-8721-004\\\/#primaryimage\",\"url\":\"https:\\\/\\\/districos.standingout.be\\\/wp-content\\\/uploads\\\/2025\\\/07\\\/8721.004@LowRes_1.png\",\"contentUrl\":\"https:\\\/\\\/districos.standingout.be\\\/wp-content\\\/uploads\\\/2025\\\/07\\\/8721.004@LowRes_1.png\",\"width\":600,\"height\":600},{\"@type\":\"BreadcrumbList\",\"@id\":\"https:\\\/\\\/districos.standingout.be\\\/fr\\\/product\\\/cederroth-distributeur-soins-des-plaies-ref-8721-004\\\/#breadcrumb\",\"itemListElement\":[{\"@type\":\"ListItem\",\"position\":1,\"name\":\"Home\",\"item\":\"https:\\\/\\\/districos.standingout.be\\\/fr\\\/bienvenue-chez-districos\\\/\"},{\"@type\":\"ListItem\",\"position\":2,\"name\":\"Boutique\",\"item\":\"https:\\\/\\\/districos.standingout.be\\\/fr\\\/boutique\\\/\"},{\"@type\":\"ListItem\",\"position\":3,\"name\":\"Cederroth Distributeur Soins des Plaies\"}]},{\"@type\":\"WebSite\",\"@id\":\"https:\\\/\\\/districos.standingout.be\\\/fr\\\/#website\",\"url\":\"https:\\\/\\\/districos.standingout.be\\\/fr\\\/\",\"name\":\"Districos Webshop\",\"description\":\"\",\"publisher\":{\"@id\":\"https:\\\/\\\/districos.standingout.be\\\/fr\\\/#organization\"},\"potentialAction\":[{\"@type\":\"SearchAction\",\"target\":{\"@type\":\"EntryPoint\",\"urlTemplate\":\"https:\\\/\\\/districos.standingout.be\\\/fr\\\/?s={search_term_string}\"},\"query-input\":{\"@type\":\"PropertyValueSpecification\",\"valueRequired\":true,\"valueName\":\"search_term_string\"}}],\"inLanguage\":\"fr-FR\"},{\"@type\":\"Organization\",\"@id\":\"https:\\\/\\\/districos.standingout.be\\\/fr\\\/#organization\",\"name\":\"Districos Webshop\",\"url\":\"https:\\\/\\\/districos.standingout.be\\\/fr\\\/\",\"logo\":{\"@type\":\"ImageObject\",\"inLanguage\":\"fr-FR\",\"@id\":\"https:\\\/\\\/districos.standingout.be\\\/fr\\\/#\\\/schema\\\/logo\\\/image\\\/\",\"url\":\"https:\\\/\\\/districos.standingout.be\\\/wp-content\\\/uploads\\\/2022\\\/09\\\/Districos_Logo_Webshop.svg\",\"contentUrl\":\"https:\\\/\\\/districos.standingout.be\\\/wp-content\\\/uploads\\\/2022\\\/09\\\/Districos_Logo_Webshop.svg\",\"caption\":\"Districos Webshop\"},\"image\":{\"@id\":\"https:\\\/\\\/districos.standingout.be\\\/fr\\\/#\\\/schema\\\/logo\\\/image\\\/\"}}]}<\/script>\n<!-- \/ Yoast SEO plugin. -->","yoast_head_json":{"title":"Cederroth Distributeur Soins des Plaies - Districos Webshop","robots":{"index":"noindex","follow":"follow","max-snippet":"max-snippet:-1","max-image-preview":"max-image-preview:large","max-video-preview":"max-video-preview:-1"},"og_locale":"fr_FR","og_type":"article","og_title":"Cederroth Distributeur Soins des Plaies - Districos Webshop","og_description":"Simple, facilement accessible et bien organis\u00e9 ! Le minimum qui doit \u00eatre \u00e0 port\u00e9e de main pour les petites plaies dans un distributeur. Dimensions : 20 x 31 x 16 cm. \u2022 1 x Salvequick nettoyant plaies 40 pcs. (R\u00e9f. 8721,061) \u2022 1 x Pansement Cederroth Soft Foam 6 cm x 4,5 m (R\u00e9f. 8721,021) [&hellip;]","og_url":"https:\/\/districos.standingout.be\/fr\/product\/cederroth-distributeur-soins-des-plaies-ref-8721-004\/","og_site_name":"Districos Webshop","article_modified_time":"2026-04-28T10:26:42+00:00","twitter_card":"summary_large_image","schema":{"@context":"https:\/\/schema.org","@graph":[{"@type":"WebPage","@id":"https:\/\/districos.standingout.be\/fr\/product\/cederroth-distributeur-soins-des-plaies-ref-8721-004\/","url":"https:\/\/districos.standingout.be\/fr\/product\/cederroth-distributeur-soins-des-plaies-ref-8721-004\/","name":"Cederroth Distributeur Soins des Plaies - Districos Webshop","isPartOf":{"@id":"https:\/\/districos.standingout.be\/fr\/#website"},"primaryImageOfPage":{"@id":"https:\/\/districos.standingout.be\/fr\/product\/cederroth-distributeur-soins-des-plaies-ref-8721-004\/#primaryimage"},"image":{"@id":"https:\/\/districos.standingout.be\/fr\/product\/cederroth-distributeur-soins-des-plaies-ref-8721-004\/#primaryimage"},"thumbnailUrl":"https:\/\/districos.standingout.be\/wp-content\/uploads\/2025\/07\/8721.004@LowRes_1.png","datePublished":"2026-04-28T10:26:38+00:00","dateModified":"2026-04-28T10:26:42+00:00","breadcrumb":{"@id":"https:\/\/districos.standingout.be\/fr\/product\/cederroth-distributeur-soins-des-plaies-ref-8721-004\/#breadcrumb"},"inLanguage":"fr-FR","potentialAction":[{"@type":"ReadAction","target":["https:\/\/districos.standingout.be\/fr\/product\/cederroth-distributeur-soins-des-plaies-ref-8721-004\/"]}]},{"@type":"ImageObject","inLanguage":"fr-FR","@id":"https:\/\/districos.standingout.be\/fr\/product\/cederroth-distributeur-soins-des-plaies-ref-8721-004\/#primaryimage","url":"https:\/\/districos.standingout.be\/wp-content\/uploads\/2025\/07\/8721.004@LowRes_1.png","contentUrl":"https:\/\/districos.standingout.be\/wp-content\/uploads\/2025\/07\/8721.004@LowRes_1.png","width":600,"height":600},{"@type":"BreadcrumbList","@id":"https:\/\/districos.standingout.be\/fr\/product\/cederroth-distributeur-soins-des-plaies-ref-8721-004\/#breadcrumb","itemListElement":[{"@type":"ListItem","position":1,"name":"Home","item":"https:\/\/districos.standingout.be\/fr\/bienvenue-chez-districos\/"},{"@type":"ListItem","position":2,"name":"Boutique","item":"https:\/\/districos.standingout.be\/fr\/boutique\/"},{"@type":"ListItem","position":3,"name":"Cederroth Distributeur Soins des Plaies"}]},{"@type":"WebSite","@id":"https:\/\/districos.standingout.be\/fr\/#website","url":"https:\/\/districos.standingout.be\/fr\/","name":"Districos Webshop","description":"","publisher":{"@id":"https:\/\/districos.standingout.be\/fr\/#organization"},"potentialAction":[{"@type":"SearchAction","target":{"@type":"EntryPoint","urlTemplate":"https:\/\/districos.standingout.be\/fr\/?s={search_term_string}"},"query-input":{"@type":"PropertyValueSpecification","valueRequired":true,"valueName":"search_term_string"}}],"inLanguage":"fr-FR"},{"@type":"Organization","@id":"https:\/\/districos.standingout.be\/fr\/#organization","name":"Districos Webshop","url":"https:\/\/districos.standingout.be\/fr\/","logo":{"@type":"ImageObject","inLanguage":"fr-FR","@id":"https:\/\/districos.standingout.be\/fr\/#\/schema\/logo\/image\/","url":"https:\/\/districos.standingout.be\/wp-content\/uploads\/2022\/09\/Districos_Logo_Webshop.svg","contentUrl":"https:\/\/districos.standingout.be\/wp-content\/uploads\/2022\/09\/Districos_Logo_Webshop.svg","caption":"Districos Webshop"},"image":{"@id":"https:\/\/districos.standingout.be\/fr\/#\/schema\/logo\/image\/"}}]}},"_links":{"self":[{"href":"https:\/\/districos.standingout.be\/fr\/wp-json\/wp\/v2\/product\/139901","targetHints":{"allow":["GET"]}}],"collection":[{"href":"https:\/\/districos.standingout.be\/fr\/wp-json\/wp\/v2\/product"}],"about":[{"href":"https:\/\/districos.standingout.be\/fr\/wp-json\/wp\/v2\/types\/product"}],"replies":[{"embeddable":true,"href":"https:\/\/districos.standingout.be\/fr\/wp-json\/wp\/v2\/comments?post=139901"}],"wp:featuredmedia":[{"embeddable":true,"href":"https:\/\/districos.standingout.be\/fr\/wp-json\/wp\/v2\/media\/83219"}],"wp:attachment":[{"href":"https:\/\/districos.standingout.be\/fr\/wp-json\/wp\/v2\/media?parent=139901"}],"wp:term":[{"taxonomy":"product_brand","embeddable":true,"href":"https:\/\/districos.standingout.be\/fr\/wp-json\/wp\/v2\/product_brand?post=139901"},{"taxonomy":"product_cat","embeddable":true,"href":"https:\/\/districos.standingout.be\/fr\/wp-json\/wp\/v2\/product_cat?post=139901"},{"taxonomy":"product_tag","embeddable":true,"href":"https:\/\/districos.standingout.be\/fr\/wp-json\/wp\/v2\/product_tag?post=139901"}],"curies":[{"name":"wp","href":"https:\/\/api.w.org\/{rel}","templated":true}]}}