{"id":139903,"date":"2026-04-28T12:26:46","date_gmt":"2026-04-28T10:26:46","guid":{"rendered":"https:\/\/webshopdistricoscom.webhosting.be\/product\/cederroth-salvequick-distributeur-de-sparadraps-rempli-ref-8721-005\/"},"modified":"2026-04-28T12:26:50","modified_gmt":"2026-04-28T10:26:50","slug":"cederroth-salvequick-distributeur-de-sparadraps-rempli-ref-8721-005","status":"publish","type":"product","link":"https:\/\/districos.standingout.be\/fr\/product\/cederroth-salvequick-distributeur-de-sparadraps-rempli-ref-8721-005\/","title":{"rendered":"Cederroth Salvequick Distributeur de Sparadraps Rempli"},"content":{"rendered":"<p >\n<p dir=ltr>Propre, sec et hygi\u00e9nique<\/p>\n<p> Dimensions : 23 x 12 x 5,5 cm.<\/p>\n<p> \u2022 Comme les sparadraps dans notre distributeur sont retir\u00e9s vers le bas, vous \u00e9vitez de salir d\u2019autres sparadraps ou de renverser du sang dessus.<\/p>\n<p> \u2022 Lorsque vous en retirez un du distributeur, une surface adh\u00e9sive est expos\u00e9e et le sparadrap est pr\u00eat \u00e0 \u00eatre utilis\u00e9. Il est si flexible que vous pouvez l\u2019appliquer d\u2019une seule main.<\/p>\n<p> \u2022 Recharges appropri\u00e9s : Spraradraps textiles Salvequick, sparadraps textiles Salvequick extra grand, sparadraps plastiques Salvequick, sparadraps bout du doigt Salvequick extra grand. <\/p><\/p>\n","protected":false},"excerpt":{"rendered":"<p>Propre, sec et hygi\u00e9nique Dimensions : 23 x 12 x 5,5 cm. \u2022 Comme les sparadraps dans notre distributeur sont retir\u00e9s vers le bas, vous \u00e9vitez de salir d\u2019autres sparadraps ou de renverser du sang dessus. \u2022 Lorsque vous en retirez un du distributeur, une surface adh\u00e9sive est expos\u00e9e et le sparadrap est pr\u00eat \u00e0 [&hellip;]<\/p>\n","protected":false},"featured_media":83225,"comment_status":"open","ping_status":"closed","template":"","meta":{"_acf_changed":false},"product_brand":[10328],"product_cat":[10124,10004,10126,10006,10184,10130,10010,10188,9966,9956],"product_tag":[],"class_list":{"0":"post-139903","1":"product","2":"type-product","3":"status-publish","4":"has-post-thumbnail","6":"product_brand-cederroth-fr","7":"product_cat-hygiene-articles-jetables-premiers-secours-soins-des-plaies-bandages","8":"product_cat-soins-des-pieds-podologie-premiers-secours-soins-des-plaies-bandages","9":"product_cat-hygiene-articles-jetables-premiers-secours-soins-des-plaies-pansements-adhesifs","10":"product_cat-soins-des-pieds-podologie-premiers-secours-soins-des-plaies-pansements-adhesifs","11":"product_cat-fournitures-pour-cabinet-premiers-secours-soins-des-plaies-pansements-adhesifs","12":"product_cat-hygiene-articles-jetables-premiers-secours-soins-des-plaies-premiers-secours","13":"product_cat-soins-des-pieds-podologie-premiers-secours-soins-des-plaies-premiers-secours","14":"product_cat-fournitures-pour-cabinet-premiers-secours-soins-des-plaies-premiers-secours","15":"product_cat-beaute-materiel-pratique-premiers-secours-soins-des-plaies","16":"product_cat-beaute-pedicure-premiers-secours-soins-des-plaies","18":"first","19":"instock","20":"taxable","21":"shipping-taxable","22":"product-type-simple"},"acf":[],"yoast_head":"<!-- This site is optimized with the Yoast SEO plugin v27.3 - https:\/\/yoast.com\/product\/yoast-seo-wordpress\/ -->\n<title>Cederroth Salvequick Distributeur de Sparadraps Rempli - Districos Webshop<\/title>\n<meta name=\"robots\" content=\"noindex, follow, max-snippet:-1, max-image-preview:large, max-video-preview:-1\" \/>\n<meta property=\"og:locale\" content=\"fr_FR\" \/>\n<meta property=\"og:type\" content=\"article\" \/>\n<meta property=\"og:title\" content=\"Cederroth Salvequick Distributeur de Sparadraps Rempli - Districos Webshop\" \/>\n<meta property=\"og:description\" content=\"Propre, sec et hygi\u00e9nique Dimensions : 23 x 12 x 5,5 cm. \u2022 Comme les sparadraps dans notre distributeur sont retir\u00e9s vers le bas, vous \u00e9vitez de salir d\u2019autres sparadraps ou de renverser du sang dessus. \u2022 Lorsque vous en retirez un du distributeur, une surface adh\u00e9sive est expos\u00e9e et le sparadrap est pr\u00eat \u00e0 [&hellip;]\" \/>\n<meta property=\"og:url\" content=\"https:\/\/districos.standingout.be\/fr\/product\/cederroth-salvequick-distributeur-de-sparadraps-rempli-ref-8721-005\/\" \/>\n<meta property=\"og:site_name\" content=\"Districos Webshop\" \/>\n<meta property=\"article:modified_time\" content=\"2026-04-28T10:26:50+00:00\" \/>\n<meta name=\"twitter:card\" content=\"summary_large_image\" \/>\n<script type=\"application\/ld+json\" class=\"yoast-schema-graph\">{\"@context\":\"https:\\\/\\\/schema.org\",\"@graph\":[{\"@type\":\"WebPage\",\"@id\":\"https:\\\/\\\/districos.standingout.be\\\/fr\\\/product\\\/cederroth-salvequick-distributeur-de-sparadraps-rempli-ref-8721-005\\\/\",\"url\":\"https:\\\/\\\/districos.standingout.be\\\/fr\\\/product\\\/cederroth-salvequick-distributeur-de-sparadraps-rempli-ref-8721-005\\\/\",\"name\":\"Cederroth Salvequick Distributeur de Sparadraps Rempli - Districos Webshop\",\"isPartOf\":{\"@id\":\"https:\\\/\\\/districos.standingout.be\\\/fr\\\/#website\"},\"primaryImageOfPage\":{\"@id\":\"https:\\\/\\\/districos.standingout.be\\\/fr\\\/product\\\/cederroth-salvequick-distributeur-de-sparadraps-rempli-ref-8721-005\\\/#primaryimage\"},\"image\":{\"@id\":\"https:\\\/\\\/districos.standingout.be\\\/fr\\\/product\\\/cederroth-salvequick-distributeur-de-sparadraps-rempli-ref-8721-005\\\/#primaryimage\"},\"thumbnailUrl\":\"https:\\\/\\\/districos.standingout.be\\\/wp-content\\\/uploads\\\/2025\\\/07\\\/8721.005@LowRes_1.png\",\"datePublished\":\"2026-04-28T10:26:46+00:00\",\"dateModified\":\"2026-04-28T10:26:50+00:00\",\"breadcrumb\":{\"@id\":\"https:\\\/\\\/districos.standingout.be\\\/fr\\\/product\\\/cederroth-salvequick-distributeur-de-sparadraps-rempli-ref-8721-005\\\/#breadcrumb\"},\"inLanguage\":\"fr-FR\",\"potentialAction\":[{\"@type\":\"ReadAction\",\"target\":[\"https:\\\/\\\/districos.standingout.be\\\/fr\\\/product\\\/cederroth-salvequick-distributeur-de-sparadraps-rempli-ref-8721-005\\\/\"]}]},{\"@type\":\"ImageObject\",\"inLanguage\":\"fr-FR\",\"@id\":\"https:\\\/\\\/districos.standingout.be\\\/fr\\\/product\\\/cederroth-salvequick-distributeur-de-sparadraps-rempli-ref-8721-005\\\/#primaryimage\",\"url\":\"https:\\\/\\\/districos.standingout.be\\\/wp-content\\\/uploads\\\/2025\\\/07\\\/8721.005@LowRes_1.png\",\"contentUrl\":\"https:\\\/\\\/districos.standingout.be\\\/wp-content\\\/uploads\\\/2025\\\/07\\\/8721.005@LowRes_1.png\",\"width\":600,\"height\":600},{\"@type\":\"BreadcrumbList\",\"@id\":\"https:\\\/\\\/districos.standingout.be\\\/fr\\\/product\\\/cederroth-salvequick-distributeur-de-sparadraps-rempli-ref-8721-005\\\/#breadcrumb\",\"itemListElement\":[{\"@type\":\"ListItem\",\"position\":1,\"name\":\"Home\",\"item\":\"https:\\\/\\\/districos.standingout.be\\\/fr\\\/bienvenue-chez-districos\\\/\"},{\"@type\":\"ListItem\",\"position\":2,\"name\":\"Boutique\",\"item\":\"https:\\\/\\\/districos.standingout.be\\\/fr\\\/boutique\\\/\"},{\"@type\":\"ListItem\",\"position\":3,\"name\":\"Cederroth Salvequick Distributeur de Sparadraps Rempli\"}]},{\"@type\":\"WebSite\",\"@id\":\"https:\\\/\\\/districos.standingout.be\\\/fr\\\/#website\",\"url\":\"https:\\\/\\\/districos.standingout.be\\\/fr\\\/\",\"name\":\"Districos Webshop\",\"description\":\"\",\"publisher\":{\"@id\":\"https:\\\/\\\/districos.standingout.be\\\/fr\\\/#organization\"},\"potentialAction\":[{\"@type\":\"SearchAction\",\"target\":{\"@type\":\"EntryPoint\",\"urlTemplate\":\"https:\\\/\\\/districos.standingout.be\\\/fr\\\/?s={search_term_string}\"},\"query-input\":{\"@type\":\"PropertyValueSpecification\",\"valueRequired\":true,\"valueName\":\"search_term_string\"}}],\"inLanguage\":\"fr-FR\"},{\"@type\":\"Organization\",\"@id\":\"https:\\\/\\\/districos.standingout.be\\\/fr\\\/#organization\",\"name\":\"Districos Webshop\",\"url\":\"https:\\\/\\\/districos.standingout.be\\\/fr\\\/\",\"logo\":{\"@type\":\"ImageObject\",\"inLanguage\":\"fr-FR\",\"@id\":\"https:\\\/\\\/districos.standingout.be\\\/fr\\\/#\\\/schema\\\/logo\\\/image\\\/\",\"url\":\"https:\\\/\\\/districos.standingout.be\\\/wp-content\\\/uploads\\\/2022\\\/09\\\/Districos_Logo_Webshop.svg\",\"contentUrl\":\"https:\\\/\\\/districos.standingout.be\\\/wp-content\\\/uploads\\\/2022\\\/09\\\/Districos_Logo_Webshop.svg\",\"caption\":\"Districos Webshop\"},\"image\":{\"@id\":\"https:\\\/\\\/districos.standingout.be\\\/fr\\\/#\\\/schema\\\/logo\\\/image\\\/\"}}]}<\/script>\n<!-- \/ Yoast SEO plugin. -->","yoast_head_json":{"title":"Cederroth Salvequick Distributeur de Sparadraps Rempli - Districos Webshop","robots":{"index":"noindex","follow":"follow","max-snippet":"max-snippet:-1","max-image-preview":"max-image-preview:large","max-video-preview":"max-video-preview:-1"},"og_locale":"fr_FR","og_type":"article","og_title":"Cederroth Salvequick Distributeur de Sparadraps Rempli - Districos Webshop","og_description":"Propre, sec et hygi\u00e9nique Dimensions : 23 x 12 x 5,5 cm. \u2022 Comme les sparadraps dans notre distributeur sont retir\u00e9s vers le bas, vous \u00e9vitez de salir d\u2019autres sparadraps ou de renverser du sang dessus. \u2022 Lorsque vous en retirez un du distributeur, une surface adh\u00e9sive est expos\u00e9e et le sparadrap est pr\u00eat \u00e0 [&hellip;]","og_url":"https:\/\/districos.standingout.be\/fr\/product\/cederroth-salvequick-distributeur-de-sparadraps-rempli-ref-8721-005\/","og_site_name":"Districos Webshop","article_modified_time":"2026-04-28T10:26:50+00:00","twitter_card":"summary_large_image","schema":{"@context":"https:\/\/schema.org","@graph":[{"@type":"WebPage","@id":"https:\/\/districos.standingout.be\/fr\/product\/cederroth-salvequick-distributeur-de-sparadraps-rempli-ref-8721-005\/","url":"https:\/\/districos.standingout.be\/fr\/product\/cederroth-salvequick-distributeur-de-sparadraps-rempli-ref-8721-005\/","name":"Cederroth Salvequick Distributeur de Sparadraps Rempli - Districos Webshop","isPartOf":{"@id":"https:\/\/districos.standingout.be\/fr\/#website"},"primaryImageOfPage":{"@id":"https:\/\/districos.standingout.be\/fr\/product\/cederroth-salvequick-distributeur-de-sparadraps-rempli-ref-8721-005\/#primaryimage"},"image":{"@id":"https:\/\/districos.standingout.be\/fr\/product\/cederroth-salvequick-distributeur-de-sparadraps-rempli-ref-8721-005\/#primaryimage"},"thumbnailUrl":"https:\/\/districos.standingout.be\/wp-content\/uploads\/2025\/07\/8721.005@LowRes_1.png","datePublished":"2026-04-28T10:26:46+00:00","dateModified":"2026-04-28T10:26:50+00:00","breadcrumb":{"@id":"https:\/\/districos.standingout.be\/fr\/product\/cederroth-salvequick-distributeur-de-sparadraps-rempli-ref-8721-005\/#breadcrumb"},"inLanguage":"fr-FR","potentialAction":[{"@type":"ReadAction","target":["https:\/\/districos.standingout.be\/fr\/product\/cederroth-salvequick-distributeur-de-sparadraps-rempli-ref-8721-005\/"]}]},{"@type":"ImageObject","inLanguage":"fr-FR","@id":"https:\/\/districos.standingout.be\/fr\/product\/cederroth-salvequick-distributeur-de-sparadraps-rempli-ref-8721-005\/#primaryimage","url":"https:\/\/districos.standingout.be\/wp-content\/uploads\/2025\/07\/8721.005@LowRes_1.png","contentUrl":"https:\/\/districos.standingout.be\/wp-content\/uploads\/2025\/07\/8721.005@LowRes_1.png","width":600,"height":600},{"@type":"BreadcrumbList","@id":"https:\/\/districos.standingout.be\/fr\/product\/cederroth-salvequick-distributeur-de-sparadraps-rempli-ref-8721-005\/#breadcrumb","itemListElement":[{"@type":"ListItem","position":1,"name":"Home","item":"https:\/\/districos.standingout.be\/fr\/bienvenue-chez-districos\/"},{"@type":"ListItem","position":2,"name":"Boutique","item":"https:\/\/districos.standingout.be\/fr\/boutique\/"},{"@type":"ListItem","position":3,"name":"Cederroth Salvequick Distributeur de Sparadraps Rempli"}]},{"@type":"WebSite","@id":"https:\/\/districos.standingout.be\/fr\/#website","url":"https:\/\/districos.standingout.be\/fr\/","name":"Districos Webshop","description":"","publisher":{"@id":"https:\/\/districos.standingout.be\/fr\/#organization"},"potentialAction":[{"@type":"SearchAction","target":{"@type":"EntryPoint","urlTemplate":"https:\/\/districos.standingout.be\/fr\/?s={search_term_string}"},"query-input":{"@type":"PropertyValueSpecification","valueRequired":true,"valueName":"search_term_string"}}],"inLanguage":"fr-FR"},{"@type":"Organization","@id":"https:\/\/districos.standingout.be\/fr\/#organization","name":"Districos Webshop","url":"https:\/\/districos.standingout.be\/fr\/","logo":{"@type":"ImageObject","inLanguage":"fr-FR","@id":"https:\/\/districos.standingout.be\/fr\/#\/schema\/logo\/image\/","url":"https:\/\/districos.standingout.be\/wp-content\/uploads\/2022\/09\/Districos_Logo_Webshop.svg","contentUrl":"https:\/\/districos.standingout.be\/wp-content\/uploads\/2022\/09\/Districos_Logo_Webshop.svg","caption":"Districos Webshop"},"image":{"@id":"https:\/\/districos.standingout.be\/fr\/#\/schema\/logo\/image\/"}}]}},"_links":{"self":[{"href":"https:\/\/districos.standingout.be\/fr\/wp-json\/wp\/v2\/product\/139903","targetHints":{"allow":["GET"]}}],"collection":[{"href":"https:\/\/districos.standingout.be\/fr\/wp-json\/wp\/v2\/product"}],"about":[{"href":"https:\/\/districos.standingout.be\/fr\/wp-json\/wp\/v2\/types\/product"}],"replies":[{"embeddable":true,"href":"https:\/\/districos.standingout.be\/fr\/wp-json\/wp\/v2\/comments?post=139903"}],"wp:featuredmedia":[{"embeddable":true,"href":"https:\/\/districos.standingout.be\/fr\/wp-json\/wp\/v2\/media\/83225"}],"wp:attachment":[{"href":"https:\/\/districos.standingout.be\/fr\/wp-json\/wp\/v2\/media?parent=139903"}],"wp:term":[{"taxonomy":"product_brand","embeddable":true,"href":"https:\/\/districos.standingout.be\/fr\/wp-json\/wp\/v2\/product_brand?post=139903"},{"taxonomy":"product_cat","embeddable":true,"href":"https:\/\/districos.standingout.be\/fr\/wp-json\/wp\/v2\/product_cat?post=139903"},{"taxonomy":"product_tag","embeddable":true,"href":"https:\/\/districos.standingout.be\/fr\/wp-json\/wp\/v2\/product_tag?post=139903"}],"curies":[{"name":"wp","href":"https:\/\/api.w.org\/{rel}","templated":true}]}}