{"id":139905,"date":"2026-04-28T12:26:56","date_gmt":"2026-04-28T10:26:56","guid":{"rendered":"https:\/\/webshopdistricoscom.webhosting.be\/product\/cederroth-first-aid-kit-medium-ref-8721-011-2\/"},"modified":"2026-04-28T12:26:59","modified_gmt":"2026-04-28T10:26:59","slug":"cederroth-first-aid-kit-medium-ref-8721-011","status":"publish","type":"product","link":"https:\/\/districos.standingout.be\/fr\/product\/cederroth-first-aid-kit-medium-ref-8721-011\/","title":{"rendered":"Cederroth First Aid Kit Medium"},"content":{"rendered":"<p >\n<p dir=ltr>Le Kit de Premiers Secours mod\u00e8le Moyen est une mallette de Premiers Secours r\u00e9alis\u00e9e dans un mat\u00e9riau r\u00e9sistant semblable \u00e0 du caoutchouc avec une surface mate, qui prot\u00e8ge de la poussi\u00e8re, de l\u2019humidit\u00e9 et de la salet\u00e9. Le contenu du kit reste propre et toujours pr\u00eat \u00e0 servir. Les produits sont emball\u00e9s dans des pochettes en plastique transparent, les rendant identifiables au premier coup d\u2019\u0153il, ce qui permet de trouver facilement le produit appropri\u00e9 lorsque chaque seconde compte. Tous les produits sont accompagn\u00e9s d\u2019instructions claires. Les couleurs vives, jaune et vert, rendent la mallette visible de loin. Sa poign\u00e9e pratique avec une bande velcro r\u00e9glable permet de l\u2019accrocher ou de l\u2019emporter avec soi.<\/p>\n<p> Dimensions: L 231 x H 190 x P 78 mm <\/p>\n<p> Contenu: <\/p>\n<ul> <\/p>\n<li>1 Cederroth 4-in-1 Stop-Sang<\/li>\n<p> <\/p>\n<li>1 Cederroth 4-in-1 mini Stop-Sang<\/li>\n<p> <\/p>\n<li>10 Pansements Salvequick<\/li>\n<p> <\/p>\n<li>Lingettes Lave-blessure Salvequick<\/li>\n<p> <\/p>\n<li>4 Salvequick Maxi Cover<\/li>\n<p> <\/p>\n<li>1 Masque respiratoire<\/li>\n<p> <\/p>\n<li>2 Safety Hand Cleanser<\/li>\n<p> <\/p>\n<li>2 paires de gants<\/li>\n<p> <\/p>\n<li>1 Couvertures de survie<\/li>\n<p> <\/p>\n<li>1 Cederroth Burn Gel Dressing<\/li>\n<p> <\/p>\n<li>1 Paire de Ciseaux<\/li>\n<p> <\/p>\n<li>1 Instruction des premiers secours<\/li>\n<p> <\/ul><\/p>\n","protected":false},"excerpt":{"rendered":"<p>Le Kit de Premiers Secours mod\u00e8le Moyen est une mallette de Premiers Secours r\u00e9alis\u00e9e dans un mat\u00e9riau r\u00e9sistant semblable \u00e0 du caoutchouc avec une surface mate, qui prot\u00e8ge de la poussi\u00e8re, de l\u2019humidit\u00e9 et de la salet\u00e9. Le contenu du kit reste propre et toujours pr\u00eat \u00e0 servir. Les produits sont emball\u00e9s dans des pochettes [&hellip;]<\/p>\n","protected":false},"featured_media":112493,"comment_status":"open","ping_status":"closed","template":"","meta":{"_acf_changed":false},"product_brand":[10328],"product_cat":[10124,10182,10004,10010,10130,10188,9956,9966],"product_tag":[],"class_list":{"0":"post-139905","1":"product","2":"type-product","3":"status-publish","4":"has-post-thumbnail","6":"product_brand-cederroth-fr","7":"product_cat-hygiene-articles-jetables-premiers-secours-soins-des-plaies-bandages","8":"product_cat-fournitures-pour-cabinet-premiers-secours-soins-des-plaies-bandages","9":"product_cat-soins-des-pieds-podologie-premiers-secours-soins-des-plaies-bandages","10":"product_cat-soins-des-pieds-podologie-premiers-secours-soins-des-plaies-premiers-secours","11":"product_cat-hygiene-articles-jetables-premiers-secours-soins-des-plaies-premiers-secours","12":"product_cat-fournitures-pour-cabinet-premiers-secours-soins-des-plaies-premiers-secours","13":"product_cat-beaute-pedicure-premiers-secours-soins-des-plaies","14":"product_cat-beaute-materiel-pratique-premiers-secours-soins-des-plaies","16":"first","17":"instock","18":"taxable","19":"shipping-taxable","20":"product-type-simple"},"acf":[],"yoast_head":"<!-- This site is optimized with the Yoast SEO plugin v27.3 - https:\/\/yoast.com\/product\/yoast-seo-wordpress\/ -->\n<title>Cederroth First Aid Kit Medium - Districos Webshop<\/title>\n<meta name=\"robots\" content=\"noindex, follow, max-snippet:-1, max-image-preview:large, max-video-preview:-1\" \/>\n<meta property=\"og:locale\" content=\"fr_FR\" \/>\n<meta property=\"og:type\" content=\"article\" \/>\n<meta property=\"og:title\" content=\"Cederroth First Aid Kit Medium - Districos Webshop\" \/>\n<meta property=\"og:description\" content=\"Le Kit de Premiers Secours mod\u00e8le Moyen est une mallette de Premiers Secours r\u00e9alis\u00e9e dans un mat\u00e9riau r\u00e9sistant semblable \u00e0 du caoutchouc avec une surface mate, qui prot\u00e8ge de la poussi\u00e8re, de l\u2019humidit\u00e9 et de la salet\u00e9. Le contenu du kit reste propre et toujours pr\u00eat \u00e0 servir. Les produits sont emball\u00e9s dans des pochettes [&hellip;]\" \/>\n<meta property=\"og:url\" content=\"https:\/\/districos.standingout.be\/fr\/product\/cederroth-first-aid-kit-medium-ref-8721-011\/\" \/>\n<meta property=\"og:site_name\" content=\"Districos Webshop\" \/>\n<meta property=\"article:modified_time\" content=\"2026-04-28T10:26:59+00:00\" \/>\n<meta name=\"twitter:card\" content=\"summary_large_image\" \/>\n<meta name=\"twitter:label1\" content=\"Dur\u00e9e de lecture estim\u00e9e\" \/>\n\t<meta name=\"twitter:data1\" content=\"1 minute\" \/>\n<script type=\"application\/ld+json\" class=\"yoast-schema-graph\">{\"@context\":\"https:\\\/\\\/schema.org\",\"@graph\":[{\"@type\":\"WebPage\",\"@id\":\"https:\\\/\\\/districos.standingout.be\\\/fr\\\/product\\\/cederroth-first-aid-kit-medium-ref-8721-011\\\/\",\"url\":\"https:\\\/\\\/districos.standingout.be\\\/fr\\\/product\\\/cederroth-first-aid-kit-medium-ref-8721-011\\\/\",\"name\":\"Cederroth First Aid Kit Medium - Districos Webshop\",\"isPartOf\":{\"@id\":\"https:\\\/\\\/districos.standingout.be\\\/fr\\\/#website\"},\"primaryImageOfPage\":{\"@id\":\"https:\\\/\\\/districos.standingout.be\\\/fr\\\/product\\\/cederroth-first-aid-kit-medium-ref-8721-011\\\/#primaryimage\"},\"image\":{\"@id\":\"https:\\\/\\\/districos.standingout.be\\\/fr\\\/product\\\/cederroth-first-aid-kit-medium-ref-8721-011\\\/#primaryimage\"},\"thumbnailUrl\":\"https:\\\/\\\/districos.standingout.be\\\/wp-content\\\/uploads\\\/2026\\\/03\\\/8721.011@LowRes_0_99.png\",\"datePublished\":\"2026-04-28T10:26:56+00:00\",\"dateModified\":\"2026-04-28T10:26:59+00:00\",\"breadcrumb\":{\"@id\":\"https:\\\/\\\/districos.standingout.be\\\/fr\\\/product\\\/cederroth-first-aid-kit-medium-ref-8721-011\\\/#breadcrumb\"},\"inLanguage\":\"fr-FR\",\"potentialAction\":[{\"@type\":\"ReadAction\",\"target\":[\"https:\\\/\\\/districos.standingout.be\\\/fr\\\/product\\\/cederroth-first-aid-kit-medium-ref-8721-011\\\/\"]}]},{\"@type\":\"ImageObject\",\"inLanguage\":\"fr-FR\",\"@id\":\"https:\\\/\\\/districos.standingout.be\\\/fr\\\/product\\\/cederroth-first-aid-kit-medium-ref-8721-011\\\/#primaryimage\",\"url\":\"https:\\\/\\\/districos.standingout.be\\\/wp-content\\\/uploads\\\/2026\\\/03\\\/8721.011@LowRes_0_99.png\",\"contentUrl\":\"https:\\\/\\\/districos.standingout.be\\\/wp-content\\\/uploads\\\/2026\\\/03\\\/8721.011@LowRes_0_99.png\",\"width\":600,\"height\":600},{\"@type\":\"BreadcrumbList\",\"@id\":\"https:\\\/\\\/districos.standingout.be\\\/fr\\\/product\\\/cederroth-first-aid-kit-medium-ref-8721-011\\\/#breadcrumb\",\"itemListElement\":[{\"@type\":\"ListItem\",\"position\":1,\"name\":\"Home\",\"item\":\"https:\\\/\\\/districos.standingout.be\\\/fr\\\/bienvenue-chez-districos\\\/\"},{\"@type\":\"ListItem\",\"position\":2,\"name\":\"Boutique\",\"item\":\"https:\\\/\\\/districos.standingout.be\\\/fr\\\/boutique\\\/\"},{\"@type\":\"ListItem\",\"position\":3,\"name\":\"Cederroth First Aid Kit Medium\"}]},{\"@type\":\"WebSite\",\"@id\":\"https:\\\/\\\/districos.standingout.be\\\/fr\\\/#website\",\"url\":\"https:\\\/\\\/districos.standingout.be\\\/fr\\\/\",\"name\":\"Districos Webshop\",\"description\":\"\",\"publisher\":{\"@id\":\"https:\\\/\\\/districos.standingout.be\\\/fr\\\/#organization\"},\"potentialAction\":[{\"@type\":\"SearchAction\",\"target\":{\"@type\":\"EntryPoint\",\"urlTemplate\":\"https:\\\/\\\/districos.standingout.be\\\/fr\\\/?s={search_term_string}\"},\"query-input\":{\"@type\":\"PropertyValueSpecification\",\"valueRequired\":true,\"valueName\":\"search_term_string\"}}],\"inLanguage\":\"fr-FR\"},{\"@type\":\"Organization\",\"@id\":\"https:\\\/\\\/districos.standingout.be\\\/fr\\\/#organization\",\"name\":\"Districos Webshop\",\"url\":\"https:\\\/\\\/districos.standingout.be\\\/fr\\\/\",\"logo\":{\"@type\":\"ImageObject\",\"inLanguage\":\"fr-FR\",\"@id\":\"https:\\\/\\\/districos.standingout.be\\\/fr\\\/#\\\/schema\\\/logo\\\/image\\\/\",\"url\":\"https:\\\/\\\/districos.standingout.be\\\/wp-content\\\/uploads\\\/2022\\\/09\\\/Districos_Logo_Webshop.svg\",\"contentUrl\":\"https:\\\/\\\/districos.standingout.be\\\/wp-content\\\/uploads\\\/2022\\\/09\\\/Districos_Logo_Webshop.svg\",\"caption\":\"Districos Webshop\"},\"image\":{\"@id\":\"https:\\\/\\\/districos.standingout.be\\\/fr\\\/#\\\/schema\\\/logo\\\/image\\\/\"}}]}<\/script>\n<!-- \/ Yoast SEO plugin. -->","yoast_head_json":{"title":"Cederroth First Aid Kit Medium - Districos Webshop","robots":{"index":"noindex","follow":"follow","max-snippet":"max-snippet:-1","max-image-preview":"max-image-preview:large","max-video-preview":"max-video-preview:-1"},"og_locale":"fr_FR","og_type":"article","og_title":"Cederroth First Aid Kit Medium - Districos Webshop","og_description":"Le Kit de Premiers Secours mod\u00e8le Moyen est une mallette de Premiers Secours r\u00e9alis\u00e9e dans un mat\u00e9riau r\u00e9sistant semblable \u00e0 du caoutchouc avec une surface mate, qui prot\u00e8ge de la poussi\u00e8re, de l\u2019humidit\u00e9 et de la salet\u00e9. Le contenu du kit reste propre et toujours pr\u00eat \u00e0 servir. Les produits sont emball\u00e9s dans des pochettes [&hellip;]","og_url":"https:\/\/districos.standingout.be\/fr\/product\/cederroth-first-aid-kit-medium-ref-8721-011\/","og_site_name":"Districos Webshop","article_modified_time":"2026-04-28T10:26:59+00:00","twitter_card":"summary_large_image","twitter_misc":{"Dur\u00e9e de lecture estim\u00e9e":"1 minute"},"schema":{"@context":"https:\/\/schema.org","@graph":[{"@type":"WebPage","@id":"https:\/\/districos.standingout.be\/fr\/product\/cederroth-first-aid-kit-medium-ref-8721-011\/","url":"https:\/\/districos.standingout.be\/fr\/product\/cederroth-first-aid-kit-medium-ref-8721-011\/","name":"Cederroth First Aid Kit Medium - Districos Webshop","isPartOf":{"@id":"https:\/\/districos.standingout.be\/fr\/#website"},"primaryImageOfPage":{"@id":"https:\/\/districos.standingout.be\/fr\/product\/cederroth-first-aid-kit-medium-ref-8721-011\/#primaryimage"},"image":{"@id":"https:\/\/districos.standingout.be\/fr\/product\/cederroth-first-aid-kit-medium-ref-8721-011\/#primaryimage"},"thumbnailUrl":"https:\/\/districos.standingout.be\/wp-content\/uploads\/2026\/03\/8721.011@LowRes_0_99.png","datePublished":"2026-04-28T10:26:56+00:00","dateModified":"2026-04-28T10:26:59+00:00","breadcrumb":{"@id":"https:\/\/districos.standingout.be\/fr\/product\/cederroth-first-aid-kit-medium-ref-8721-011\/#breadcrumb"},"inLanguage":"fr-FR","potentialAction":[{"@type":"ReadAction","target":["https:\/\/districos.standingout.be\/fr\/product\/cederroth-first-aid-kit-medium-ref-8721-011\/"]}]},{"@type":"ImageObject","inLanguage":"fr-FR","@id":"https:\/\/districos.standingout.be\/fr\/product\/cederroth-first-aid-kit-medium-ref-8721-011\/#primaryimage","url":"https:\/\/districos.standingout.be\/wp-content\/uploads\/2026\/03\/8721.011@LowRes_0_99.png","contentUrl":"https:\/\/districos.standingout.be\/wp-content\/uploads\/2026\/03\/8721.011@LowRes_0_99.png","width":600,"height":600},{"@type":"BreadcrumbList","@id":"https:\/\/districos.standingout.be\/fr\/product\/cederroth-first-aid-kit-medium-ref-8721-011\/#breadcrumb","itemListElement":[{"@type":"ListItem","position":1,"name":"Home","item":"https:\/\/districos.standingout.be\/fr\/bienvenue-chez-districos\/"},{"@type":"ListItem","position":2,"name":"Boutique","item":"https:\/\/districos.standingout.be\/fr\/boutique\/"},{"@type":"ListItem","position":3,"name":"Cederroth First Aid Kit Medium"}]},{"@type":"WebSite","@id":"https:\/\/districos.standingout.be\/fr\/#website","url":"https:\/\/districos.standingout.be\/fr\/","name":"Districos Webshop","description":"","publisher":{"@id":"https:\/\/districos.standingout.be\/fr\/#organization"},"potentialAction":[{"@type":"SearchAction","target":{"@type":"EntryPoint","urlTemplate":"https:\/\/districos.standingout.be\/fr\/?s={search_term_string}"},"query-input":{"@type":"PropertyValueSpecification","valueRequired":true,"valueName":"search_term_string"}}],"inLanguage":"fr-FR"},{"@type":"Organization","@id":"https:\/\/districos.standingout.be\/fr\/#organization","name":"Districos Webshop","url":"https:\/\/districos.standingout.be\/fr\/","logo":{"@type":"ImageObject","inLanguage":"fr-FR","@id":"https:\/\/districos.standingout.be\/fr\/#\/schema\/logo\/image\/","url":"https:\/\/districos.standingout.be\/wp-content\/uploads\/2022\/09\/Districos_Logo_Webshop.svg","contentUrl":"https:\/\/districos.standingout.be\/wp-content\/uploads\/2022\/09\/Districos_Logo_Webshop.svg","caption":"Districos Webshop"},"image":{"@id":"https:\/\/districos.standingout.be\/fr\/#\/schema\/logo\/image\/"}}]}},"_links":{"self":[{"href":"https:\/\/districos.standingout.be\/fr\/wp-json\/wp\/v2\/product\/139905","targetHints":{"allow":["GET"]}}],"collection":[{"href":"https:\/\/districos.standingout.be\/fr\/wp-json\/wp\/v2\/product"}],"about":[{"href":"https:\/\/districos.standingout.be\/fr\/wp-json\/wp\/v2\/types\/product"}],"replies":[{"embeddable":true,"href":"https:\/\/districos.standingout.be\/fr\/wp-json\/wp\/v2\/comments?post=139905"}],"wp:featuredmedia":[{"embeddable":true,"href":"https:\/\/districos.standingout.be\/fr\/wp-json\/wp\/v2\/media\/112493"}],"wp:attachment":[{"href":"https:\/\/districos.standingout.be\/fr\/wp-json\/wp\/v2\/media?parent=139905"}],"wp:term":[{"taxonomy":"product_brand","embeddable":true,"href":"https:\/\/districos.standingout.be\/fr\/wp-json\/wp\/v2\/product_brand?post=139905"},{"taxonomy":"product_cat","embeddable":true,"href":"https:\/\/districos.standingout.be\/fr\/wp-json\/wp\/v2\/product_cat?post=139905"},{"taxonomy":"product_tag","embeddable":true,"href":"https:\/\/districos.standingout.be\/fr\/wp-json\/wp\/v2\/product_tag?post=139905"}],"curies":[{"name":"wp","href":"https:\/\/api.w.org\/{rel}","templated":true}]}}