{"id":139909,"date":"2026-04-28T12:27:17","date_gmt":"2026-04-28T10:27:17","guid":{"rendered":"https:\/\/webshopdistricoscom.webhosting.be\/product\/cederroth-soft-foam-bandage-beige-6-cm-x-45-m-ref-8721-021-2\/"},"modified":"2026-04-28T12:27:22","modified_gmt":"2026-04-28T10:27:22","slug":"cederroth-soft-foam-bandage-beige-6-cm-x-45-m-ref-8721-021","status":"publish","type":"product","link":"https:\/\/districos.standingout.be\/fr\/product\/cederroth-soft-foam-bandage-beige-6-cm-x-45-m-ref-8721-021\/","title":{"rendered":"Cederroth Soft Foam Bandage Beige 6 cm x 4,5 m"},"content":{"rendered":"<p >\n<p dir=ltr>Les pansements Cederroth Soft Foam sont auto-adh\u00e9sifs, sans colle, qui fonctionne comme pansements ainsi que comme bandages. Le pansement convient \u00e0 tous les types de petites plaies, quelle que soit la chaleur, fra\u00eecheur, l\u2019humidit\u00e9 ou la s\u00e9cheresse. Ils restent en place, m\u00eame dans l\u2019eau.<\/p>\n<p> \u2022 Sans latex.<\/p>\n<p> \u2022 Sans colle.<\/p>\n<p> \u2022 R\u00e9sistant \u00e0 l\u2019eau.<\/p>\n<p> \u2022 \u00c9lastique.<\/p>\n<p> \u2022 Ne colle pas \u00e0 la plaie, ni \u00e0 la peau.<\/p>\n<p> Recharges pour dans le distributeur : Pansement Soft Foam 6 cm x 4,5 m. <\/p><\/p>\n","protected":false},"excerpt":{"rendered":"<p>Les pansements Cederroth Soft Foam sont auto-adh\u00e9sifs, sans colle, qui fonctionne comme pansements ainsi que comme bandages. Le pansement convient \u00e0 tous les types de petites plaies, quelle que soit la chaleur, fra\u00eecheur, l\u2019humidit\u00e9 ou la s\u00e9cheresse. Ils restent en place, m\u00eame dans l\u2019eau. \u2022 Sans latex. \u2022 Sans colle. \u2022 R\u00e9sistant \u00e0 l\u2019eau. \u2022 [&hellip;]<\/p>\n","protected":false},"featured_media":83240,"comment_status":"open","ping_status":"closed","template":"","meta":{"_acf_changed":false},"product_brand":[10328],"product_cat":[10182,10124,10004,10006,10126,10010,10188,10130,9956,9966],"product_tag":[],"class_list":{"0":"post-139909","1":"product","2":"type-product","3":"status-publish","4":"has-post-thumbnail","6":"product_brand-cederroth-fr","7":"product_cat-fournitures-pour-cabinet-premiers-secours-soins-des-plaies-bandages","8":"product_cat-hygiene-articles-jetables-premiers-secours-soins-des-plaies-bandages","9":"product_cat-soins-des-pieds-podologie-premiers-secours-soins-des-plaies-bandages","10":"product_cat-soins-des-pieds-podologie-premiers-secours-soins-des-plaies-pansements-adhesifs","11":"product_cat-hygiene-articles-jetables-premiers-secours-soins-des-plaies-pansements-adhesifs","12":"product_cat-soins-des-pieds-podologie-premiers-secours-soins-des-plaies-premiers-secours","13":"product_cat-fournitures-pour-cabinet-premiers-secours-soins-des-plaies-premiers-secours","14":"product_cat-hygiene-articles-jetables-premiers-secours-soins-des-plaies-premiers-secours","15":"product_cat-beaute-pedicure-premiers-secours-soins-des-plaies","16":"product_cat-beaute-materiel-pratique-premiers-secours-soins-des-plaies","18":"first","19":"instock","20":"taxable","21":"shipping-taxable","22":"product-type-simple"},"acf":[],"yoast_head":"<!-- This site is optimized with the Yoast SEO plugin v27.3 - https:\/\/yoast.com\/product\/yoast-seo-wordpress\/ -->\n<title>Cederroth Soft Foam Bandage Beige 6 cm x 4,5 m - Districos Webshop<\/title>\n<meta name=\"robots\" content=\"noindex, follow, max-snippet:-1, max-image-preview:large, max-video-preview:-1\" \/>\n<meta property=\"og:locale\" content=\"fr_FR\" \/>\n<meta property=\"og:type\" content=\"article\" \/>\n<meta property=\"og:title\" content=\"Cederroth Soft Foam Bandage Beige 6 cm x 4,5 m - Districos Webshop\" \/>\n<meta property=\"og:description\" content=\"Les pansements Cederroth Soft Foam sont auto-adh\u00e9sifs, sans colle, qui fonctionne comme pansements ainsi que comme bandages. Le pansement convient \u00e0 tous les types de petites plaies, quelle que soit la chaleur, fra\u00eecheur, l\u2019humidit\u00e9 ou la s\u00e9cheresse. Ils restent en place, m\u00eame dans l\u2019eau. \u2022 Sans latex. \u2022 Sans colle. \u2022 R\u00e9sistant \u00e0 l\u2019eau. \u2022 [&hellip;]\" \/>\n<meta property=\"og:url\" content=\"https:\/\/districos.standingout.be\/fr\/product\/cederroth-soft-foam-bandage-beige-6-cm-x-45-m-ref-8721-021\/\" \/>\n<meta property=\"og:site_name\" content=\"Districos Webshop\" \/>\n<meta property=\"article:modified_time\" content=\"2026-04-28T10:27:22+00:00\" \/>\n<meta name=\"twitter:card\" content=\"summary_large_image\" \/>\n<script type=\"application\/ld+json\" class=\"yoast-schema-graph\">{\"@context\":\"https:\\\/\\\/schema.org\",\"@graph\":[{\"@type\":\"WebPage\",\"@id\":\"https:\\\/\\\/districos.standingout.be\\\/fr\\\/product\\\/cederroth-soft-foam-bandage-beige-6-cm-x-45-m-ref-8721-021\\\/\",\"url\":\"https:\\\/\\\/districos.standingout.be\\\/fr\\\/product\\\/cederroth-soft-foam-bandage-beige-6-cm-x-45-m-ref-8721-021\\\/\",\"name\":\"Cederroth Soft Foam Bandage Beige 6 cm x 4,5 m - Districos Webshop\",\"isPartOf\":{\"@id\":\"https:\\\/\\\/districos.standingout.be\\\/fr\\\/#website\"},\"primaryImageOfPage\":{\"@id\":\"https:\\\/\\\/districos.standingout.be\\\/fr\\\/product\\\/cederroth-soft-foam-bandage-beige-6-cm-x-45-m-ref-8721-021\\\/#primaryimage\"},\"image\":{\"@id\":\"https:\\\/\\\/districos.standingout.be\\\/fr\\\/product\\\/cederroth-soft-foam-bandage-beige-6-cm-x-45-m-ref-8721-021\\\/#primaryimage\"},\"thumbnailUrl\":\"https:\\\/\\\/districos.standingout.be\\\/wp-content\\\/uploads\\\/2025\\\/07\\\/8721.021@LowRes_1.png\",\"datePublished\":\"2026-04-28T10:27:17+00:00\",\"dateModified\":\"2026-04-28T10:27:22+00:00\",\"breadcrumb\":{\"@id\":\"https:\\\/\\\/districos.standingout.be\\\/fr\\\/product\\\/cederroth-soft-foam-bandage-beige-6-cm-x-45-m-ref-8721-021\\\/#breadcrumb\"},\"inLanguage\":\"fr-FR\",\"potentialAction\":[{\"@type\":\"ReadAction\",\"target\":[\"https:\\\/\\\/districos.standingout.be\\\/fr\\\/product\\\/cederroth-soft-foam-bandage-beige-6-cm-x-45-m-ref-8721-021\\\/\"]}]},{\"@type\":\"ImageObject\",\"inLanguage\":\"fr-FR\",\"@id\":\"https:\\\/\\\/districos.standingout.be\\\/fr\\\/product\\\/cederroth-soft-foam-bandage-beige-6-cm-x-45-m-ref-8721-021\\\/#primaryimage\",\"url\":\"https:\\\/\\\/districos.standingout.be\\\/wp-content\\\/uploads\\\/2025\\\/07\\\/8721.021@LowRes_1.png\",\"contentUrl\":\"https:\\\/\\\/districos.standingout.be\\\/wp-content\\\/uploads\\\/2025\\\/07\\\/8721.021@LowRes_1.png\",\"width\":600,\"height\":600},{\"@type\":\"BreadcrumbList\",\"@id\":\"https:\\\/\\\/districos.standingout.be\\\/fr\\\/product\\\/cederroth-soft-foam-bandage-beige-6-cm-x-45-m-ref-8721-021\\\/#breadcrumb\",\"itemListElement\":[{\"@type\":\"ListItem\",\"position\":1,\"name\":\"Home\",\"item\":\"https:\\\/\\\/districos.standingout.be\\\/fr\\\/bienvenue-chez-districos\\\/\"},{\"@type\":\"ListItem\",\"position\":2,\"name\":\"Boutique\",\"item\":\"https:\\\/\\\/districos.standingout.be\\\/fr\\\/boutique\\\/\"},{\"@type\":\"ListItem\",\"position\":3,\"name\":\"Cederroth Soft Foam Bandage Beige 6 cm x 4,5 m\"}]},{\"@type\":\"WebSite\",\"@id\":\"https:\\\/\\\/districos.standingout.be\\\/fr\\\/#website\",\"url\":\"https:\\\/\\\/districos.standingout.be\\\/fr\\\/\",\"name\":\"Districos Webshop\",\"description\":\"\",\"publisher\":{\"@id\":\"https:\\\/\\\/districos.standingout.be\\\/fr\\\/#organization\"},\"potentialAction\":[{\"@type\":\"SearchAction\",\"target\":{\"@type\":\"EntryPoint\",\"urlTemplate\":\"https:\\\/\\\/districos.standingout.be\\\/fr\\\/?s={search_term_string}\"},\"query-input\":{\"@type\":\"PropertyValueSpecification\",\"valueRequired\":true,\"valueName\":\"search_term_string\"}}],\"inLanguage\":\"fr-FR\"},{\"@type\":\"Organization\",\"@id\":\"https:\\\/\\\/districos.standingout.be\\\/fr\\\/#organization\",\"name\":\"Districos Webshop\",\"url\":\"https:\\\/\\\/districos.standingout.be\\\/fr\\\/\",\"logo\":{\"@type\":\"ImageObject\",\"inLanguage\":\"fr-FR\",\"@id\":\"https:\\\/\\\/districos.standingout.be\\\/fr\\\/#\\\/schema\\\/logo\\\/image\\\/\",\"url\":\"https:\\\/\\\/districos.standingout.be\\\/wp-content\\\/uploads\\\/2022\\\/09\\\/Districos_Logo_Webshop.svg\",\"contentUrl\":\"https:\\\/\\\/districos.standingout.be\\\/wp-content\\\/uploads\\\/2022\\\/09\\\/Districos_Logo_Webshop.svg\",\"caption\":\"Districos Webshop\"},\"image\":{\"@id\":\"https:\\\/\\\/districos.standingout.be\\\/fr\\\/#\\\/schema\\\/logo\\\/image\\\/\"}}]}<\/script>\n<!-- \/ Yoast SEO plugin. -->","yoast_head_json":{"title":"Cederroth Soft Foam Bandage Beige 6 cm x 4,5 m - Districos Webshop","robots":{"index":"noindex","follow":"follow","max-snippet":"max-snippet:-1","max-image-preview":"max-image-preview:large","max-video-preview":"max-video-preview:-1"},"og_locale":"fr_FR","og_type":"article","og_title":"Cederroth Soft Foam Bandage Beige 6 cm x 4,5 m - Districos Webshop","og_description":"Les pansements Cederroth Soft Foam sont auto-adh\u00e9sifs, sans colle, qui fonctionne comme pansements ainsi que comme bandages. Le pansement convient \u00e0 tous les types de petites plaies, quelle que soit la chaleur, fra\u00eecheur, l\u2019humidit\u00e9 ou la s\u00e9cheresse. Ils restent en place, m\u00eame dans l\u2019eau. \u2022 Sans latex. \u2022 Sans colle. \u2022 R\u00e9sistant \u00e0 l\u2019eau. \u2022 [&hellip;]","og_url":"https:\/\/districos.standingout.be\/fr\/product\/cederroth-soft-foam-bandage-beige-6-cm-x-45-m-ref-8721-021\/","og_site_name":"Districos Webshop","article_modified_time":"2026-04-28T10:27:22+00:00","twitter_card":"summary_large_image","schema":{"@context":"https:\/\/schema.org","@graph":[{"@type":"WebPage","@id":"https:\/\/districos.standingout.be\/fr\/product\/cederroth-soft-foam-bandage-beige-6-cm-x-45-m-ref-8721-021\/","url":"https:\/\/districos.standingout.be\/fr\/product\/cederroth-soft-foam-bandage-beige-6-cm-x-45-m-ref-8721-021\/","name":"Cederroth Soft Foam Bandage Beige 6 cm x 4,5 m - Districos Webshop","isPartOf":{"@id":"https:\/\/districos.standingout.be\/fr\/#website"},"primaryImageOfPage":{"@id":"https:\/\/districos.standingout.be\/fr\/product\/cederroth-soft-foam-bandage-beige-6-cm-x-45-m-ref-8721-021\/#primaryimage"},"image":{"@id":"https:\/\/districos.standingout.be\/fr\/product\/cederroth-soft-foam-bandage-beige-6-cm-x-45-m-ref-8721-021\/#primaryimage"},"thumbnailUrl":"https:\/\/districos.standingout.be\/wp-content\/uploads\/2025\/07\/8721.021@LowRes_1.png","datePublished":"2026-04-28T10:27:17+00:00","dateModified":"2026-04-28T10:27:22+00:00","breadcrumb":{"@id":"https:\/\/districos.standingout.be\/fr\/product\/cederroth-soft-foam-bandage-beige-6-cm-x-45-m-ref-8721-021\/#breadcrumb"},"inLanguage":"fr-FR","potentialAction":[{"@type":"ReadAction","target":["https:\/\/districos.standingout.be\/fr\/product\/cederroth-soft-foam-bandage-beige-6-cm-x-45-m-ref-8721-021\/"]}]},{"@type":"ImageObject","inLanguage":"fr-FR","@id":"https:\/\/districos.standingout.be\/fr\/product\/cederroth-soft-foam-bandage-beige-6-cm-x-45-m-ref-8721-021\/#primaryimage","url":"https:\/\/districos.standingout.be\/wp-content\/uploads\/2025\/07\/8721.021@LowRes_1.png","contentUrl":"https:\/\/districos.standingout.be\/wp-content\/uploads\/2025\/07\/8721.021@LowRes_1.png","width":600,"height":600},{"@type":"BreadcrumbList","@id":"https:\/\/districos.standingout.be\/fr\/product\/cederroth-soft-foam-bandage-beige-6-cm-x-45-m-ref-8721-021\/#breadcrumb","itemListElement":[{"@type":"ListItem","position":1,"name":"Home","item":"https:\/\/districos.standingout.be\/fr\/bienvenue-chez-districos\/"},{"@type":"ListItem","position":2,"name":"Boutique","item":"https:\/\/districos.standingout.be\/fr\/boutique\/"},{"@type":"ListItem","position":3,"name":"Cederroth Soft Foam Bandage Beige 6 cm x 4,5 m"}]},{"@type":"WebSite","@id":"https:\/\/districos.standingout.be\/fr\/#website","url":"https:\/\/districos.standingout.be\/fr\/","name":"Districos Webshop","description":"","publisher":{"@id":"https:\/\/districos.standingout.be\/fr\/#organization"},"potentialAction":[{"@type":"SearchAction","target":{"@type":"EntryPoint","urlTemplate":"https:\/\/districos.standingout.be\/fr\/?s={search_term_string}"},"query-input":{"@type":"PropertyValueSpecification","valueRequired":true,"valueName":"search_term_string"}}],"inLanguage":"fr-FR"},{"@type":"Organization","@id":"https:\/\/districos.standingout.be\/fr\/#organization","name":"Districos Webshop","url":"https:\/\/districos.standingout.be\/fr\/","logo":{"@type":"ImageObject","inLanguage":"fr-FR","@id":"https:\/\/districos.standingout.be\/fr\/#\/schema\/logo\/image\/","url":"https:\/\/districos.standingout.be\/wp-content\/uploads\/2022\/09\/Districos_Logo_Webshop.svg","contentUrl":"https:\/\/districos.standingout.be\/wp-content\/uploads\/2022\/09\/Districos_Logo_Webshop.svg","caption":"Districos Webshop"},"image":{"@id":"https:\/\/districos.standingout.be\/fr\/#\/schema\/logo\/image\/"}}]}},"_links":{"self":[{"href":"https:\/\/districos.standingout.be\/fr\/wp-json\/wp\/v2\/product\/139909","targetHints":{"allow":["GET"]}}],"collection":[{"href":"https:\/\/districos.standingout.be\/fr\/wp-json\/wp\/v2\/product"}],"about":[{"href":"https:\/\/districos.standingout.be\/fr\/wp-json\/wp\/v2\/types\/product"}],"replies":[{"embeddable":true,"href":"https:\/\/districos.standingout.be\/fr\/wp-json\/wp\/v2\/comments?post=139909"}],"wp:featuredmedia":[{"embeddable":true,"href":"https:\/\/districos.standingout.be\/fr\/wp-json\/wp\/v2\/media\/83240"}],"wp:attachment":[{"href":"https:\/\/districos.standingout.be\/fr\/wp-json\/wp\/v2\/media?parent=139909"}],"wp:term":[{"taxonomy":"product_brand","embeddable":true,"href":"https:\/\/districos.standingout.be\/fr\/wp-json\/wp\/v2\/product_brand?post=139909"},{"taxonomy":"product_cat","embeddable":true,"href":"https:\/\/districos.standingout.be\/fr\/wp-json\/wp\/v2\/product_cat?post=139909"},{"taxonomy":"product_tag","embeddable":true,"href":"https:\/\/districos.standingout.be\/fr\/wp-json\/wp\/v2\/product_tag?post=139909"}],"curies":[{"name":"wp","href":"https:\/\/api.w.org\/{rel}","templated":true}]}}