{"id":139915,"date":"2026-04-28T12:27:48","date_gmt":"2026-04-28T10:27:48","guid":{"rendered":"https:\/\/webshopdistricoscom.webhosting.be\/product\/salvequick-foam-bandage-8-cm-x-1-m-ref-8721-030-2\/"},"modified":"2026-04-28T12:27:51","modified_gmt":"2026-04-28T10:27:51","slug":"salvequick-foam-bandage-8-cm-x-1-m-ref-8721-030","status":"publish","type":"product","link":"https:\/\/districos.standingout.be\/fr\/product\/salvequick-foam-bandage-8-cm-x-1-m-ref-8721-030\/","title":{"rendered":"Salvequick Foam Bandage 8 cm x 1 m"},"content":{"rendered":"<p >\n<p>Le Salvequick Foam Bandage est comparable au Cederroth Soft Foam Bandage, mais la diff\u00e9rence r\u00e9side dans sa structure plus \u00e9paisse et sa capacit\u00e9 d&rsquo;absorption am\u00e9lior\u00e9e. Cela le rend id\u00e9al pour une utilisation avec des cr\u00e8mes et des onguents, et il peut parfaitement \u00eatre utilis\u00e9 en cas de saignement abondant. Fonctionne \u00e9galement tr\u00e8s bien en tant que pansement de fixation.<\/p>\n<p><b>Mode d&#8217;emploi :<\/b><\/p>\n<ul>\n<li>Couper la bande.<\/li>\n<li>Rouler une extremit\u00e9 de la bande de sorte \u00e0 former un coussin absorbant.<\/li>\n<li>Placer le coussin absorbant sur la plaie. Serrer suffisamment le bandage pour assurer l&rsquo;arr\u00eat du saignement. Garder la partie du corps bless\u00e9e en position haute. Auto-adh\u00e9sive et adsorbante. Ne colle pas \u00e0 la peau, ni aux cheveux, ni aux plaies. Sans latex. Bande auto-adh\u00e9sive. Ne pas trop serrer le pansement afin d&rsquo;\u00e9viter de g\u00eaner la circulation sanguine.<\/li>\n<\/ul>\n<p><b>\u00c9galement disponible :<\/b><\/p>\n<\/p>\n<ul>\n<li>Cederroth Soft Foam Dispenser + Soft Foam Bandage Bleu (r\u00e9f. 8721.001)<\/li>\n<li>Cederroth Soft Foam Bandage Beige 6 cm x 4,5 m (r\u00e9f. 8721.021)<\/li>\n<li>Cederroth Soft Foam Bandage Beige 6 cm x 2 m (r\u00e9f. 8721.024)<\/li>\n<li>Cederroth Soft Foam Bandage Beige 3 cm x 4,5 m (r\u00e9f. 8721.027)<\/li>\n<\/ul>\n","protected":false},"excerpt":{"rendered":"<p>Le Salvequick Foam Bandage est comparable au Cederroth Soft Foam Bandage, mais la diff\u00e9rence r\u00e9side dans sa structure plus \u00e9paisse et sa capacit\u00e9 d&rsquo;absorption am\u00e9lior\u00e9e. Cela le rend id\u00e9al pour une utilisation avec des cr\u00e8mes et des onguents, et il peut parfaitement \u00eatre utilis\u00e9 en cas de saignement abondant. Fonctionne \u00e9galement tr\u00e8s bien en tant [&hellip;]<\/p>\n","protected":false},"featured_media":83255,"comment_status":"open","ping_status":"closed","template":"","meta":{"_acf_changed":false},"product_brand":[10328],"product_cat":[10182,10006,10126,10188,10010,10130,9956,9966],"product_tag":[],"class_list":{"0":"post-139915","1":"product","2":"type-product","3":"status-publish","4":"has-post-thumbnail","6":"product_brand-cederroth-fr","7":"product_cat-fournitures-pour-cabinet-premiers-secours-soins-des-plaies-bandages","8":"product_cat-soins-des-pieds-podologie-premiers-secours-soins-des-plaies-pansements-adhesifs","9":"product_cat-hygiene-articles-jetables-premiers-secours-soins-des-plaies-pansements-adhesifs","10":"product_cat-fournitures-pour-cabinet-premiers-secours-soins-des-plaies-premiers-secours","11":"product_cat-soins-des-pieds-podologie-premiers-secours-soins-des-plaies-premiers-secours","12":"product_cat-hygiene-articles-jetables-premiers-secours-soins-des-plaies-premiers-secours","13":"product_cat-beaute-pedicure-premiers-secours-soins-des-plaies","14":"product_cat-beaute-materiel-pratique-premiers-secours-soins-des-plaies","16":"first","17":"instock","18":"taxable","19":"shipping-taxable","20":"product-type-simple"},"acf":[],"yoast_head":"<!-- This site is optimized with the Yoast SEO plugin v27.3 - https:\/\/yoast.com\/product\/yoast-seo-wordpress\/ -->\n<title>Salvequick Foam Bandage 8 cm x 1 m - Districos Webshop<\/title>\n<meta name=\"robots\" content=\"noindex, follow, max-snippet:-1, max-image-preview:large, max-video-preview:-1\" \/>\n<meta property=\"og:locale\" content=\"fr_FR\" \/>\n<meta property=\"og:type\" content=\"article\" \/>\n<meta property=\"og:title\" content=\"Salvequick Foam Bandage 8 cm x 1 m - Districos Webshop\" \/>\n<meta property=\"og:description\" content=\"Le Salvequick Foam Bandage est comparable au Cederroth Soft Foam Bandage, mais la diff\u00e9rence r\u00e9side dans sa structure plus \u00e9paisse et sa capacit\u00e9 d&rsquo;absorption am\u00e9lior\u00e9e. Cela le rend id\u00e9al pour une utilisation avec des cr\u00e8mes et des onguents, et il peut parfaitement \u00eatre utilis\u00e9 en cas de saignement abondant. Fonctionne \u00e9galement tr\u00e8s bien en tant [&hellip;]\" \/>\n<meta property=\"og:url\" content=\"https:\/\/districos.standingout.be\/fr\/product\/salvequick-foam-bandage-8-cm-x-1-m-ref-8721-030\/\" \/>\n<meta property=\"og:site_name\" content=\"Districos Webshop\" \/>\n<meta property=\"article:modified_time\" content=\"2026-04-28T10:27:51+00:00\" \/>\n<meta name=\"twitter:card\" content=\"summary_large_image\" \/>\n<meta name=\"twitter:label1\" content=\"Dur\u00e9e de lecture estim\u00e9e\" \/>\n\t<meta name=\"twitter:data1\" content=\"1 minute\" \/>\n<script type=\"application\/ld+json\" class=\"yoast-schema-graph\">{\"@context\":\"https:\\\/\\\/schema.org\",\"@graph\":[{\"@type\":\"WebPage\",\"@id\":\"https:\\\/\\\/districos.standingout.be\\\/fr\\\/product\\\/salvequick-foam-bandage-8-cm-x-1-m-ref-8721-030\\\/\",\"url\":\"https:\\\/\\\/districos.standingout.be\\\/fr\\\/product\\\/salvequick-foam-bandage-8-cm-x-1-m-ref-8721-030\\\/\",\"name\":\"Salvequick Foam Bandage 8 cm x 1 m - Districos Webshop\",\"isPartOf\":{\"@id\":\"https:\\\/\\\/districos.standingout.be\\\/fr\\\/#website\"},\"primaryImageOfPage\":{\"@id\":\"https:\\\/\\\/districos.standingout.be\\\/fr\\\/product\\\/salvequick-foam-bandage-8-cm-x-1-m-ref-8721-030\\\/#primaryimage\"},\"image\":{\"@id\":\"https:\\\/\\\/districos.standingout.be\\\/fr\\\/product\\\/salvequick-foam-bandage-8-cm-x-1-m-ref-8721-030\\\/#primaryimage\"},\"thumbnailUrl\":\"https:\\\/\\\/districos.standingout.be\\\/wp-content\\\/uploads\\\/2025\\\/07\\\/8721.030@LowRes_1.png\",\"datePublished\":\"2026-04-28T10:27:48+00:00\",\"dateModified\":\"2026-04-28T10:27:51+00:00\",\"breadcrumb\":{\"@id\":\"https:\\\/\\\/districos.standingout.be\\\/fr\\\/product\\\/salvequick-foam-bandage-8-cm-x-1-m-ref-8721-030\\\/#breadcrumb\"},\"inLanguage\":\"fr-FR\",\"potentialAction\":[{\"@type\":\"ReadAction\",\"target\":[\"https:\\\/\\\/districos.standingout.be\\\/fr\\\/product\\\/salvequick-foam-bandage-8-cm-x-1-m-ref-8721-030\\\/\"]}]},{\"@type\":\"ImageObject\",\"inLanguage\":\"fr-FR\",\"@id\":\"https:\\\/\\\/districos.standingout.be\\\/fr\\\/product\\\/salvequick-foam-bandage-8-cm-x-1-m-ref-8721-030\\\/#primaryimage\",\"url\":\"https:\\\/\\\/districos.standingout.be\\\/wp-content\\\/uploads\\\/2025\\\/07\\\/8721.030@LowRes_1.png\",\"contentUrl\":\"https:\\\/\\\/districos.standingout.be\\\/wp-content\\\/uploads\\\/2025\\\/07\\\/8721.030@LowRes_1.png\",\"width\":600,\"height\":600},{\"@type\":\"BreadcrumbList\",\"@id\":\"https:\\\/\\\/districos.standingout.be\\\/fr\\\/product\\\/salvequick-foam-bandage-8-cm-x-1-m-ref-8721-030\\\/#breadcrumb\",\"itemListElement\":[{\"@type\":\"ListItem\",\"position\":1,\"name\":\"Home\",\"item\":\"https:\\\/\\\/districos.standingout.be\\\/fr\\\/bienvenue-chez-districos\\\/\"},{\"@type\":\"ListItem\",\"position\":2,\"name\":\"Boutique\",\"item\":\"https:\\\/\\\/districos.standingout.be\\\/fr\\\/boutique\\\/\"},{\"@type\":\"ListItem\",\"position\":3,\"name\":\"Salvequick Foam Bandage 8 cm x 1 m\"}]},{\"@type\":\"WebSite\",\"@id\":\"https:\\\/\\\/districos.standingout.be\\\/fr\\\/#website\",\"url\":\"https:\\\/\\\/districos.standingout.be\\\/fr\\\/\",\"name\":\"Districos Webshop\",\"description\":\"\",\"publisher\":{\"@id\":\"https:\\\/\\\/districos.standingout.be\\\/fr\\\/#organization\"},\"potentialAction\":[{\"@type\":\"SearchAction\",\"target\":{\"@type\":\"EntryPoint\",\"urlTemplate\":\"https:\\\/\\\/districos.standingout.be\\\/fr\\\/?s={search_term_string}\"},\"query-input\":{\"@type\":\"PropertyValueSpecification\",\"valueRequired\":true,\"valueName\":\"search_term_string\"}}],\"inLanguage\":\"fr-FR\"},{\"@type\":\"Organization\",\"@id\":\"https:\\\/\\\/districos.standingout.be\\\/fr\\\/#organization\",\"name\":\"Districos Webshop\",\"url\":\"https:\\\/\\\/districos.standingout.be\\\/fr\\\/\",\"logo\":{\"@type\":\"ImageObject\",\"inLanguage\":\"fr-FR\",\"@id\":\"https:\\\/\\\/districos.standingout.be\\\/fr\\\/#\\\/schema\\\/logo\\\/image\\\/\",\"url\":\"https:\\\/\\\/districos.standingout.be\\\/wp-content\\\/uploads\\\/2022\\\/09\\\/Districos_Logo_Webshop.svg\",\"contentUrl\":\"https:\\\/\\\/districos.standingout.be\\\/wp-content\\\/uploads\\\/2022\\\/09\\\/Districos_Logo_Webshop.svg\",\"caption\":\"Districos Webshop\"},\"image\":{\"@id\":\"https:\\\/\\\/districos.standingout.be\\\/fr\\\/#\\\/schema\\\/logo\\\/image\\\/\"}}]}<\/script>\n<!-- \/ Yoast SEO plugin. -->","yoast_head_json":{"title":"Salvequick Foam Bandage 8 cm x 1 m - Districos Webshop","robots":{"index":"noindex","follow":"follow","max-snippet":"max-snippet:-1","max-image-preview":"max-image-preview:large","max-video-preview":"max-video-preview:-1"},"og_locale":"fr_FR","og_type":"article","og_title":"Salvequick Foam Bandage 8 cm x 1 m - Districos Webshop","og_description":"Le Salvequick Foam Bandage est comparable au Cederroth Soft Foam Bandage, mais la diff\u00e9rence r\u00e9side dans sa structure plus \u00e9paisse et sa capacit\u00e9 d&rsquo;absorption am\u00e9lior\u00e9e. Cela le rend id\u00e9al pour une utilisation avec des cr\u00e8mes et des onguents, et il peut parfaitement \u00eatre utilis\u00e9 en cas de saignement abondant. Fonctionne \u00e9galement tr\u00e8s bien en tant [&hellip;]","og_url":"https:\/\/districos.standingout.be\/fr\/product\/salvequick-foam-bandage-8-cm-x-1-m-ref-8721-030\/","og_site_name":"Districos Webshop","article_modified_time":"2026-04-28T10:27:51+00:00","twitter_card":"summary_large_image","twitter_misc":{"Dur\u00e9e de lecture estim\u00e9e":"1 minute"},"schema":{"@context":"https:\/\/schema.org","@graph":[{"@type":"WebPage","@id":"https:\/\/districos.standingout.be\/fr\/product\/salvequick-foam-bandage-8-cm-x-1-m-ref-8721-030\/","url":"https:\/\/districos.standingout.be\/fr\/product\/salvequick-foam-bandage-8-cm-x-1-m-ref-8721-030\/","name":"Salvequick Foam Bandage 8 cm x 1 m - Districos Webshop","isPartOf":{"@id":"https:\/\/districos.standingout.be\/fr\/#website"},"primaryImageOfPage":{"@id":"https:\/\/districos.standingout.be\/fr\/product\/salvequick-foam-bandage-8-cm-x-1-m-ref-8721-030\/#primaryimage"},"image":{"@id":"https:\/\/districos.standingout.be\/fr\/product\/salvequick-foam-bandage-8-cm-x-1-m-ref-8721-030\/#primaryimage"},"thumbnailUrl":"https:\/\/districos.standingout.be\/wp-content\/uploads\/2025\/07\/8721.030@LowRes_1.png","datePublished":"2026-04-28T10:27:48+00:00","dateModified":"2026-04-28T10:27:51+00:00","breadcrumb":{"@id":"https:\/\/districos.standingout.be\/fr\/product\/salvequick-foam-bandage-8-cm-x-1-m-ref-8721-030\/#breadcrumb"},"inLanguage":"fr-FR","potentialAction":[{"@type":"ReadAction","target":["https:\/\/districos.standingout.be\/fr\/product\/salvequick-foam-bandage-8-cm-x-1-m-ref-8721-030\/"]}]},{"@type":"ImageObject","inLanguage":"fr-FR","@id":"https:\/\/districos.standingout.be\/fr\/product\/salvequick-foam-bandage-8-cm-x-1-m-ref-8721-030\/#primaryimage","url":"https:\/\/districos.standingout.be\/wp-content\/uploads\/2025\/07\/8721.030@LowRes_1.png","contentUrl":"https:\/\/districos.standingout.be\/wp-content\/uploads\/2025\/07\/8721.030@LowRes_1.png","width":600,"height":600},{"@type":"BreadcrumbList","@id":"https:\/\/districos.standingout.be\/fr\/product\/salvequick-foam-bandage-8-cm-x-1-m-ref-8721-030\/#breadcrumb","itemListElement":[{"@type":"ListItem","position":1,"name":"Home","item":"https:\/\/districos.standingout.be\/fr\/bienvenue-chez-districos\/"},{"@type":"ListItem","position":2,"name":"Boutique","item":"https:\/\/districos.standingout.be\/fr\/boutique\/"},{"@type":"ListItem","position":3,"name":"Salvequick Foam Bandage 8 cm x 1 m"}]},{"@type":"WebSite","@id":"https:\/\/districos.standingout.be\/fr\/#website","url":"https:\/\/districos.standingout.be\/fr\/","name":"Districos Webshop","description":"","publisher":{"@id":"https:\/\/districos.standingout.be\/fr\/#organization"},"potentialAction":[{"@type":"SearchAction","target":{"@type":"EntryPoint","urlTemplate":"https:\/\/districos.standingout.be\/fr\/?s={search_term_string}"},"query-input":{"@type":"PropertyValueSpecification","valueRequired":true,"valueName":"search_term_string"}}],"inLanguage":"fr-FR"},{"@type":"Organization","@id":"https:\/\/districos.standingout.be\/fr\/#organization","name":"Districos Webshop","url":"https:\/\/districos.standingout.be\/fr\/","logo":{"@type":"ImageObject","inLanguage":"fr-FR","@id":"https:\/\/districos.standingout.be\/fr\/#\/schema\/logo\/image\/","url":"https:\/\/districos.standingout.be\/wp-content\/uploads\/2022\/09\/Districos_Logo_Webshop.svg","contentUrl":"https:\/\/districos.standingout.be\/wp-content\/uploads\/2022\/09\/Districos_Logo_Webshop.svg","caption":"Districos Webshop"},"image":{"@id":"https:\/\/districos.standingout.be\/fr\/#\/schema\/logo\/image\/"}}]}},"_links":{"self":[{"href":"https:\/\/districos.standingout.be\/fr\/wp-json\/wp\/v2\/product\/139915","targetHints":{"allow":["GET"]}}],"collection":[{"href":"https:\/\/districos.standingout.be\/fr\/wp-json\/wp\/v2\/product"}],"about":[{"href":"https:\/\/districos.standingout.be\/fr\/wp-json\/wp\/v2\/types\/product"}],"replies":[{"embeddable":true,"href":"https:\/\/districos.standingout.be\/fr\/wp-json\/wp\/v2\/comments?post=139915"}],"wp:featuredmedia":[{"embeddable":true,"href":"https:\/\/districos.standingout.be\/fr\/wp-json\/wp\/v2\/media\/83255"}],"wp:attachment":[{"href":"https:\/\/districos.standingout.be\/fr\/wp-json\/wp\/v2\/media?parent=139915"}],"wp:term":[{"taxonomy":"product_brand","embeddable":true,"href":"https:\/\/districos.standingout.be\/fr\/wp-json\/wp\/v2\/product_brand?post=139915"},{"taxonomy":"product_cat","embeddable":true,"href":"https:\/\/districos.standingout.be\/fr\/wp-json\/wp\/v2\/product_cat?post=139915"},{"taxonomy":"product_tag","embeddable":true,"href":"https:\/\/districos.standingout.be\/fr\/wp-json\/wp\/v2\/product_tag?post=139915"}],"curies":[{"name":"wp","href":"https:\/\/api.w.org\/{rel}","templated":true}]}}