{"id":139923,"date":"2026-04-28T12:28:23","date_gmt":"2026-04-28T10:28:23","guid":{"rendered":"https:\/\/webshopdistricoscom.webhosting.be\/product\/cederroth-salvequick-pansements-textile-maxi-21-pcs-ref-8721-0521\/"},"modified":"2026-04-28T12:28:27","modified_gmt":"2026-04-28T10:28:27","slug":"cederroth-salvequick-pansements-textile-maxi-21-pcs-ref-8721-0521","status":"publish","type":"product","link":"https:\/\/districos.standingout.be\/fr\/product\/cederroth-salvequick-pansements-textile-maxi-21-pcs-ref-8721-0521\/","title":{"rendered":"Cederroth Salvequick Pansements Textile Maxi 21 pcs."},"content":{"rendered":"<p >\n<p dir=ltr>Les Maxi-pansements textile Salvequick sont des pansements solides de taille sup\u00e9rieure et de haute qualit\u00e9. Ils sont hypoallerg\u00e9niques. Faciles \u00e0 appliquer, ils sont souples et simples d\u2019utilisation. Nettoyer la plaie et veiller \u00e0 ce qu\u2019elle ne soit pas infect\u00e9e. Changer le pansement tous les jours.Inhoud: <\/p>\n<ul> <\/p>\n<li>14 x sparadraps 80 x 30 mm<\/li>\n<p> <\/p>\n<li>7 x sparadraps 80 x 60 mm<\/li>\n<p> <\/ul><\/p>\n","protected":false},"excerpt":{"rendered":"<p>Les Maxi-pansements textile Salvequick sont des pansements solides de taille sup\u00e9rieure et de haute qualit\u00e9. Ils sont hypoallerg\u00e9niques. Faciles \u00e0 appliquer, ils sont souples et simples d\u2019utilisation. Nettoyer la plaie et veiller \u00e0 ce qu\u2019elle ne soit pas infect\u00e9e. Changer le pansement tous les jours.Inhoud: 14 x sparadraps 80 x 30 mm 7 x sparadraps [&hellip;]<\/p>\n","protected":false},"featured_media":83267,"comment_status":"open","ping_status":"closed","template":"","meta":{"_acf_changed":false},"product_brand":[10328],"product_cat":[10184,10006,10126,10130,10188,10010,9966,9956],"product_tag":[],"class_list":{"0":"post-139923","1":"product","2":"type-product","3":"status-publish","4":"has-post-thumbnail","6":"product_brand-cederroth-fr","7":"product_cat-fournitures-pour-cabinet-premiers-secours-soins-des-plaies-pansements-adhesifs","8":"product_cat-soins-des-pieds-podologie-premiers-secours-soins-des-plaies-pansements-adhesifs","9":"product_cat-hygiene-articles-jetables-premiers-secours-soins-des-plaies-pansements-adhesifs","10":"product_cat-hygiene-articles-jetables-premiers-secours-soins-des-plaies-premiers-secours","11":"product_cat-fournitures-pour-cabinet-premiers-secours-soins-des-plaies-premiers-secours","12":"product_cat-soins-des-pieds-podologie-premiers-secours-soins-des-plaies-premiers-secours","13":"product_cat-beaute-materiel-pratique-premiers-secours-soins-des-plaies","14":"product_cat-beaute-pedicure-premiers-secours-soins-des-plaies","16":"first","17":"instock","18":"taxable","19":"shipping-taxable","20":"product-type-simple"},"acf":[],"yoast_head":"<!-- This site is optimized with the Yoast SEO plugin v27.3 - https:\/\/yoast.com\/product\/yoast-seo-wordpress\/ -->\n<title>Cederroth Salvequick Pansements Textile Maxi 21 pcs. - Districos Webshop<\/title>\n<meta name=\"robots\" content=\"noindex, follow, max-snippet:-1, max-image-preview:large, max-video-preview:-1\" \/>\n<meta property=\"og:locale\" content=\"fr_FR\" \/>\n<meta property=\"og:type\" content=\"article\" \/>\n<meta property=\"og:title\" content=\"Cederroth Salvequick Pansements Textile Maxi 21 pcs. - Districos Webshop\" \/>\n<meta property=\"og:description\" content=\"Les Maxi-pansements textile Salvequick sont des pansements solides de taille sup\u00e9rieure et de haute qualit\u00e9. Ils sont hypoallerg\u00e9niques. Faciles \u00e0 appliquer, ils sont souples et simples d\u2019utilisation. Nettoyer la plaie et veiller \u00e0 ce qu\u2019elle ne soit pas infect\u00e9e. Changer le pansement tous les jours.Inhoud: 14 x sparadraps 80 x 30 mm 7 x sparadraps [&hellip;]\" \/>\n<meta property=\"og:url\" content=\"https:\/\/districos.standingout.be\/fr\/product\/cederroth-salvequick-pansements-textile-maxi-21-pcs-ref-8721-0521\/\" \/>\n<meta property=\"og:site_name\" content=\"Districos Webshop\" \/>\n<meta property=\"article:modified_time\" content=\"2026-04-28T10:28:27+00:00\" \/>\n<meta name=\"twitter:card\" content=\"summary_large_image\" \/>\n<script type=\"application\/ld+json\" class=\"yoast-schema-graph\">{\"@context\":\"https:\\\/\\\/schema.org\",\"@graph\":[{\"@type\":\"WebPage\",\"@id\":\"https:\\\/\\\/districos.standingout.be\\\/fr\\\/product\\\/cederroth-salvequick-pansements-textile-maxi-21-pcs-ref-8721-0521\\\/\",\"url\":\"https:\\\/\\\/districos.standingout.be\\\/fr\\\/product\\\/cederroth-salvequick-pansements-textile-maxi-21-pcs-ref-8721-0521\\\/\",\"name\":\"Cederroth Salvequick Pansements Textile Maxi 21 pcs. - Districos Webshop\",\"isPartOf\":{\"@id\":\"https:\\\/\\\/districos.standingout.be\\\/fr\\\/#website\"},\"primaryImageOfPage\":{\"@id\":\"https:\\\/\\\/districos.standingout.be\\\/fr\\\/product\\\/cederroth-salvequick-pansements-textile-maxi-21-pcs-ref-8721-0521\\\/#primaryimage\"},\"image\":{\"@id\":\"https:\\\/\\\/districos.standingout.be\\\/fr\\\/product\\\/cederroth-salvequick-pansements-textile-maxi-21-pcs-ref-8721-0521\\\/#primaryimage\"},\"thumbnailUrl\":\"https:\\\/\\\/districos.standingout.be\\\/wp-content\\\/uploads\\\/2025\\\/07\\\/8721.0521@LowRes_1.png\",\"datePublished\":\"2026-04-28T10:28:23+00:00\",\"dateModified\":\"2026-04-28T10:28:27+00:00\",\"breadcrumb\":{\"@id\":\"https:\\\/\\\/districos.standingout.be\\\/fr\\\/product\\\/cederroth-salvequick-pansements-textile-maxi-21-pcs-ref-8721-0521\\\/#breadcrumb\"},\"inLanguage\":\"fr-FR\",\"potentialAction\":[{\"@type\":\"ReadAction\",\"target\":[\"https:\\\/\\\/districos.standingout.be\\\/fr\\\/product\\\/cederroth-salvequick-pansements-textile-maxi-21-pcs-ref-8721-0521\\\/\"]}]},{\"@type\":\"ImageObject\",\"inLanguage\":\"fr-FR\",\"@id\":\"https:\\\/\\\/districos.standingout.be\\\/fr\\\/product\\\/cederroth-salvequick-pansements-textile-maxi-21-pcs-ref-8721-0521\\\/#primaryimage\",\"url\":\"https:\\\/\\\/districos.standingout.be\\\/wp-content\\\/uploads\\\/2025\\\/07\\\/8721.0521@LowRes_1.png\",\"contentUrl\":\"https:\\\/\\\/districos.standingout.be\\\/wp-content\\\/uploads\\\/2025\\\/07\\\/8721.0521@LowRes_1.png\",\"width\":600,\"height\":600},{\"@type\":\"BreadcrumbList\",\"@id\":\"https:\\\/\\\/districos.standingout.be\\\/fr\\\/product\\\/cederroth-salvequick-pansements-textile-maxi-21-pcs-ref-8721-0521\\\/#breadcrumb\",\"itemListElement\":[{\"@type\":\"ListItem\",\"position\":1,\"name\":\"Home\",\"item\":\"https:\\\/\\\/districos.standingout.be\\\/fr\\\/bienvenue-chez-districos\\\/\"},{\"@type\":\"ListItem\",\"position\":2,\"name\":\"Boutique\",\"item\":\"https:\\\/\\\/districos.standingout.be\\\/fr\\\/boutique\\\/\"},{\"@type\":\"ListItem\",\"position\":3,\"name\":\"Cederroth Salvequick Pansements Textile Maxi 21 pcs.\"}]},{\"@type\":\"WebSite\",\"@id\":\"https:\\\/\\\/districos.standingout.be\\\/fr\\\/#website\",\"url\":\"https:\\\/\\\/districos.standingout.be\\\/fr\\\/\",\"name\":\"Districos Webshop\",\"description\":\"\",\"publisher\":{\"@id\":\"https:\\\/\\\/districos.standingout.be\\\/fr\\\/#organization\"},\"potentialAction\":[{\"@type\":\"SearchAction\",\"target\":{\"@type\":\"EntryPoint\",\"urlTemplate\":\"https:\\\/\\\/districos.standingout.be\\\/fr\\\/?s={search_term_string}\"},\"query-input\":{\"@type\":\"PropertyValueSpecification\",\"valueRequired\":true,\"valueName\":\"search_term_string\"}}],\"inLanguage\":\"fr-FR\"},{\"@type\":\"Organization\",\"@id\":\"https:\\\/\\\/districos.standingout.be\\\/fr\\\/#organization\",\"name\":\"Districos Webshop\",\"url\":\"https:\\\/\\\/districos.standingout.be\\\/fr\\\/\",\"logo\":{\"@type\":\"ImageObject\",\"inLanguage\":\"fr-FR\",\"@id\":\"https:\\\/\\\/districos.standingout.be\\\/fr\\\/#\\\/schema\\\/logo\\\/image\\\/\",\"url\":\"https:\\\/\\\/districos.standingout.be\\\/wp-content\\\/uploads\\\/2022\\\/09\\\/Districos_Logo_Webshop.svg\",\"contentUrl\":\"https:\\\/\\\/districos.standingout.be\\\/wp-content\\\/uploads\\\/2022\\\/09\\\/Districos_Logo_Webshop.svg\",\"caption\":\"Districos Webshop\"},\"image\":{\"@id\":\"https:\\\/\\\/districos.standingout.be\\\/fr\\\/#\\\/schema\\\/logo\\\/image\\\/\"}}]}<\/script>\n<!-- \/ Yoast SEO plugin. -->","yoast_head_json":{"title":"Cederroth Salvequick Pansements Textile Maxi 21 pcs. - Districos Webshop","robots":{"index":"noindex","follow":"follow","max-snippet":"max-snippet:-1","max-image-preview":"max-image-preview:large","max-video-preview":"max-video-preview:-1"},"og_locale":"fr_FR","og_type":"article","og_title":"Cederroth Salvequick Pansements Textile Maxi 21 pcs. - Districos Webshop","og_description":"Les Maxi-pansements textile Salvequick sont des pansements solides de taille sup\u00e9rieure et de haute qualit\u00e9. Ils sont hypoallerg\u00e9niques. Faciles \u00e0 appliquer, ils sont souples et simples d\u2019utilisation. Nettoyer la plaie et veiller \u00e0 ce qu\u2019elle ne soit pas infect\u00e9e. Changer le pansement tous les jours.Inhoud: 14 x sparadraps 80 x 30 mm 7 x sparadraps [&hellip;]","og_url":"https:\/\/districos.standingout.be\/fr\/product\/cederroth-salvequick-pansements-textile-maxi-21-pcs-ref-8721-0521\/","og_site_name":"Districos Webshop","article_modified_time":"2026-04-28T10:28:27+00:00","twitter_card":"summary_large_image","schema":{"@context":"https:\/\/schema.org","@graph":[{"@type":"WebPage","@id":"https:\/\/districos.standingout.be\/fr\/product\/cederroth-salvequick-pansements-textile-maxi-21-pcs-ref-8721-0521\/","url":"https:\/\/districos.standingout.be\/fr\/product\/cederroth-salvequick-pansements-textile-maxi-21-pcs-ref-8721-0521\/","name":"Cederroth Salvequick Pansements Textile Maxi 21 pcs. - Districos Webshop","isPartOf":{"@id":"https:\/\/districos.standingout.be\/fr\/#website"},"primaryImageOfPage":{"@id":"https:\/\/districos.standingout.be\/fr\/product\/cederroth-salvequick-pansements-textile-maxi-21-pcs-ref-8721-0521\/#primaryimage"},"image":{"@id":"https:\/\/districos.standingout.be\/fr\/product\/cederroth-salvequick-pansements-textile-maxi-21-pcs-ref-8721-0521\/#primaryimage"},"thumbnailUrl":"https:\/\/districos.standingout.be\/wp-content\/uploads\/2025\/07\/8721.0521@LowRes_1.png","datePublished":"2026-04-28T10:28:23+00:00","dateModified":"2026-04-28T10:28:27+00:00","breadcrumb":{"@id":"https:\/\/districos.standingout.be\/fr\/product\/cederroth-salvequick-pansements-textile-maxi-21-pcs-ref-8721-0521\/#breadcrumb"},"inLanguage":"fr-FR","potentialAction":[{"@type":"ReadAction","target":["https:\/\/districos.standingout.be\/fr\/product\/cederroth-salvequick-pansements-textile-maxi-21-pcs-ref-8721-0521\/"]}]},{"@type":"ImageObject","inLanguage":"fr-FR","@id":"https:\/\/districos.standingout.be\/fr\/product\/cederroth-salvequick-pansements-textile-maxi-21-pcs-ref-8721-0521\/#primaryimage","url":"https:\/\/districos.standingout.be\/wp-content\/uploads\/2025\/07\/8721.0521@LowRes_1.png","contentUrl":"https:\/\/districos.standingout.be\/wp-content\/uploads\/2025\/07\/8721.0521@LowRes_1.png","width":600,"height":600},{"@type":"BreadcrumbList","@id":"https:\/\/districos.standingout.be\/fr\/product\/cederroth-salvequick-pansements-textile-maxi-21-pcs-ref-8721-0521\/#breadcrumb","itemListElement":[{"@type":"ListItem","position":1,"name":"Home","item":"https:\/\/districos.standingout.be\/fr\/bienvenue-chez-districos\/"},{"@type":"ListItem","position":2,"name":"Boutique","item":"https:\/\/districos.standingout.be\/fr\/boutique\/"},{"@type":"ListItem","position":3,"name":"Cederroth Salvequick Pansements Textile Maxi 21 pcs."}]},{"@type":"WebSite","@id":"https:\/\/districos.standingout.be\/fr\/#website","url":"https:\/\/districos.standingout.be\/fr\/","name":"Districos Webshop","description":"","publisher":{"@id":"https:\/\/districos.standingout.be\/fr\/#organization"},"potentialAction":[{"@type":"SearchAction","target":{"@type":"EntryPoint","urlTemplate":"https:\/\/districos.standingout.be\/fr\/?s={search_term_string}"},"query-input":{"@type":"PropertyValueSpecification","valueRequired":true,"valueName":"search_term_string"}}],"inLanguage":"fr-FR"},{"@type":"Organization","@id":"https:\/\/districos.standingout.be\/fr\/#organization","name":"Districos Webshop","url":"https:\/\/districos.standingout.be\/fr\/","logo":{"@type":"ImageObject","inLanguage":"fr-FR","@id":"https:\/\/districos.standingout.be\/fr\/#\/schema\/logo\/image\/","url":"https:\/\/districos.standingout.be\/wp-content\/uploads\/2022\/09\/Districos_Logo_Webshop.svg","contentUrl":"https:\/\/districos.standingout.be\/wp-content\/uploads\/2022\/09\/Districos_Logo_Webshop.svg","caption":"Districos Webshop"},"image":{"@id":"https:\/\/districos.standingout.be\/fr\/#\/schema\/logo\/image\/"}}]}},"_links":{"self":[{"href":"https:\/\/districos.standingout.be\/fr\/wp-json\/wp\/v2\/product\/139923","targetHints":{"allow":["GET"]}}],"collection":[{"href":"https:\/\/districos.standingout.be\/fr\/wp-json\/wp\/v2\/product"}],"about":[{"href":"https:\/\/districos.standingout.be\/fr\/wp-json\/wp\/v2\/types\/product"}],"replies":[{"embeddable":true,"href":"https:\/\/districos.standingout.be\/fr\/wp-json\/wp\/v2\/comments?post=139923"}],"wp:featuredmedia":[{"embeddable":true,"href":"https:\/\/districos.standingout.be\/fr\/wp-json\/wp\/v2\/media\/83267"}],"wp:attachment":[{"href":"https:\/\/districos.standingout.be\/fr\/wp-json\/wp\/v2\/media?parent=139923"}],"wp:term":[{"taxonomy":"product_brand","embeddable":true,"href":"https:\/\/districos.standingout.be\/fr\/wp-json\/wp\/v2\/product_brand?post=139923"},{"taxonomy":"product_cat","embeddable":true,"href":"https:\/\/districos.standingout.be\/fr\/wp-json\/wp\/v2\/product_cat?post=139923"},{"taxonomy":"product_tag","embeddable":true,"href":"https:\/\/districos.standingout.be\/fr\/wp-json\/wp\/v2\/product_tag?post=139923"}],"curies":[{"name":"wp","href":"https:\/\/api.w.org\/{rel}","templated":true}]}}