{"id":139925,"date":"2026-04-28T12:28:32","date_gmt":"2026-04-28T10:28:32","guid":{"rendered":"https:\/\/webshopdistricoscom.webhosting.be\/product\/cederroth-salvequick-pansements-plastiques-6-x-45-pcs-ref-8721-053\/"},"modified":"2026-04-28T12:28:35","modified_gmt":"2026-04-28T10:28:35","slug":"cederroth-salvequick-pansements-plastiques-6-x-45-pcs-ref-8721-053","status":"publish","type":"product","link":"https:\/\/districos.standingout.be\/fr\/product\/cederroth-salvequick-pansements-plastiques-6-x-45-pcs-ref-8721-053\/","title":{"rendered":"Cederroth Salvequick Pansements Plastiques 6 x 45 pcs."},"content":{"rendered":"<p >\n<p dir=ltr>Les pansements plastique Salvequick sont des pansements souples de haute qualit\u00e9. Ils sont hypoallerg\u00e9niques. Faciles \u00e0 appliquer, ils sont souples et simples d\u2019utilisation. Nettoyer la plaie et veiller \u00e0 ce qu\u2019elle ne soit pas infect\u00e9e. Changer le pansement tous les jours.<\/p>\n<p> Contenu : <\/p>\n<ul> <\/p>\n<li> 27 x sparadraps 72 x 19 mm (x6)<\/li>\n<p> <\/p>\n<li> 18 x sparadraps 72 x 25 mm (x6)<\/li>\n<p> <\/ul><\/p>\n","protected":false},"excerpt":{"rendered":"<p>Les pansements plastique Salvequick sont des pansements souples de haute qualit\u00e9. Ils sont hypoallerg\u00e9niques. Faciles \u00e0 appliquer, ils sont souples et simples d\u2019utilisation. Nettoyer la plaie et veiller \u00e0 ce qu\u2019elle ne soit pas infect\u00e9e. Changer le pansement tous les jours. Contenu : 27 x sparadraps 72 x 19 mm (x6) 18 x sparadraps 72 [&hellip;]<\/p>\n","protected":false},"featured_media":83270,"comment_status":"open","ping_status":"closed","template":"","meta":{"_acf_changed":false},"product_brand":[10328],"product_cat":[10124,10004,10006,10184,10126,10010,10188,10130,9956,9966],"product_tag":[],"class_list":{"0":"post-139925","1":"product","2":"type-product","3":"status-publish","4":"has-post-thumbnail","6":"product_brand-cederroth-fr","7":"product_cat-hygiene-articles-jetables-premiers-secours-soins-des-plaies-bandages","8":"product_cat-soins-des-pieds-podologie-premiers-secours-soins-des-plaies-bandages","9":"product_cat-soins-des-pieds-podologie-premiers-secours-soins-des-plaies-pansements-adhesifs","10":"product_cat-fournitures-pour-cabinet-premiers-secours-soins-des-plaies-pansements-adhesifs","11":"product_cat-hygiene-articles-jetables-premiers-secours-soins-des-plaies-pansements-adhesifs","12":"product_cat-soins-des-pieds-podologie-premiers-secours-soins-des-plaies-premiers-secours","13":"product_cat-fournitures-pour-cabinet-premiers-secours-soins-des-plaies-premiers-secours","14":"product_cat-hygiene-articles-jetables-premiers-secours-soins-des-plaies-premiers-secours","15":"product_cat-beaute-pedicure-premiers-secours-soins-des-plaies","16":"product_cat-beaute-materiel-pratique-premiers-secours-soins-des-plaies","18":"first","19":"instock","20":"taxable","21":"shipping-taxable","22":"product-type-simple"},"acf":[],"yoast_head":"<!-- This site is optimized with the Yoast SEO plugin v27.3 - https:\/\/yoast.com\/product\/yoast-seo-wordpress\/ -->\n<title>Cederroth Salvequick Pansements Plastiques 6 x 45 pcs. - Districos Webshop<\/title>\n<meta name=\"robots\" content=\"noindex, follow, max-snippet:-1, max-image-preview:large, max-video-preview:-1\" \/>\n<meta property=\"og:locale\" content=\"fr_FR\" \/>\n<meta property=\"og:type\" content=\"article\" \/>\n<meta property=\"og:title\" content=\"Cederroth Salvequick Pansements Plastiques 6 x 45 pcs. - Districos Webshop\" \/>\n<meta property=\"og:description\" content=\"Les pansements plastique Salvequick sont des pansements souples de haute qualit\u00e9. Ils sont hypoallerg\u00e9niques. Faciles \u00e0 appliquer, ils sont souples et simples d\u2019utilisation. Nettoyer la plaie et veiller \u00e0 ce qu\u2019elle ne soit pas infect\u00e9e. Changer le pansement tous les jours. Contenu : 27 x sparadraps 72 x 19 mm (x6) 18 x sparadraps 72 [&hellip;]\" \/>\n<meta property=\"og:url\" content=\"https:\/\/districos.standingout.be\/fr\/product\/cederroth-salvequick-pansements-plastiques-6-x-45-pcs-ref-8721-053\/\" \/>\n<meta property=\"og:site_name\" content=\"Districos Webshop\" \/>\n<meta property=\"article:modified_time\" content=\"2026-04-28T10:28:35+00:00\" \/>\n<meta name=\"twitter:card\" content=\"summary_large_image\" \/>\n<script type=\"application\/ld+json\" class=\"yoast-schema-graph\">{\"@context\":\"https:\\\/\\\/schema.org\",\"@graph\":[{\"@type\":\"WebPage\",\"@id\":\"https:\\\/\\\/districos.standingout.be\\\/fr\\\/product\\\/cederroth-salvequick-pansements-plastiques-6-x-45-pcs-ref-8721-053\\\/\",\"url\":\"https:\\\/\\\/districos.standingout.be\\\/fr\\\/product\\\/cederroth-salvequick-pansements-plastiques-6-x-45-pcs-ref-8721-053\\\/\",\"name\":\"Cederroth Salvequick Pansements Plastiques 6 x 45 pcs. - Districos Webshop\",\"isPartOf\":{\"@id\":\"https:\\\/\\\/districos.standingout.be\\\/fr\\\/#website\"},\"primaryImageOfPage\":{\"@id\":\"https:\\\/\\\/districos.standingout.be\\\/fr\\\/product\\\/cederroth-salvequick-pansements-plastiques-6-x-45-pcs-ref-8721-053\\\/#primaryimage\"},\"image\":{\"@id\":\"https:\\\/\\\/districos.standingout.be\\\/fr\\\/product\\\/cederroth-salvequick-pansements-plastiques-6-x-45-pcs-ref-8721-053\\\/#primaryimage\"},\"thumbnailUrl\":\"https:\\\/\\\/districos.standingout.be\\\/wp-content\\\/uploads\\\/2025\\\/07\\\/8721.053@LowRes_0_99.png\",\"datePublished\":\"2026-04-28T10:28:32+00:00\",\"dateModified\":\"2026-04-28T10:28:35+00:00\",\"breadcrumb\":{\"@id\":\"https:\\\/\\\/districos.standingout.be\\\/fr\\\/product\\\/cederroth-salvequick-pansements-plastiques-6-x-45-pcs-ref-8721-053\\\/#breadcrumb\"},\"inLanguage\":\"fr-FR\",\"potentialAction\":[{\"@type\":\"ReadAction\",\"target\":[\"https:\\\/\\\/districos.standingout.be\\\/fr\\\/product\\\/cederroth-salvequick-pansements-plastiques-6-x-45-pcs-ref-8721-053\\\/\"]}]},{\"@type\":\"ImageObject\",\"inLanguage\":\"fr-FR\",\"@id\":\"https:\\\/\\\/districos.standingout.be\\\/fr\\\/product\\\/cederroth-salvequick-pansements-plastiques-6-x-45-pcs-ref-8721-053\\\/#primaryimage\",\"url\":\"https:\\\/\\\/districos.standingout.be\\\/wp-content\\\/uploads\\\/2025\\\/07\\\/8721.053@LowRes_0_99.png\",\"contentUrl\":\"https:\\\/\\\/districos.standingout.be\\\/wp-content\\\/uploads\\\/2025\\\/07\\\/8721.053@LowRes_0_99.png\",\"width\":600,\"height\":600},{\"@type\":\"BreadcrumbList\",\"@id\":\"https:\\\/\\\/districos.standingout.be\\\/fr\\\/product\\\/cederroth-salvequick-pansements-plastiques-6-x-45-pcs-ref-8721-053\\\/#breadcrumb\",\"itemListElement\":[{\"@type\":\"ListItem\",\"position\":1,\"name\":\"Home\",\"item\":\"https:\\\/\\\/districos.standingout.be\\\/fr\\\/bienvenue-chez-districos\\\/\"},{\"@type\":\"ListItem\",\"position\":2,\"name\":\"Boutique\",\"item\":\"https:\\\/\\\/districos.standingout.be\\\/fr\\\/boutique\\\/\"},{\"@type\":\"ListItem\",\"position\":3,\"name\":\"Cederroth Salvequick Pansements Plastiques 6 x 45 pcs.\"}]},{\"@type\":\"WebSite\",\"@id\":\"https:\\\/\\\/districos.standingout.be\\\/fr\\\/#website\",\"url\":\"https:\\\/\\\/districos.standingout.be\\\/fr\\\/\",\"name\":\"Districos Webshop\",\"description\":\"\",\"publisher\":{\"@id\":\"https:\\\/\\\/districos.standingout.be\\\/fr\\\/#organization\"},\"potentialAction\":[{\"@type\":\"SearchAction\",\"target\":{\"@type\":\"EntryPoint\",\"urlTemplate\":\"https:\\\/\\\/districos.standingout.be\\\/fr\\\/?s={search_term_string}\"},\"query-input\":{\"@type\":\"PropertyValueSpecification\",\"valueRequired\":true,\"valueName\":\"search_term_string\"}}],\"inLanguage\":\"fr-FR\"},{\"@type\":\"Organization\",\"@id\":\"https:\\\/\\\/districos.standingout.be\\\/fr\\\/#organization\",\"name\":\"Districos Webshop\",\"url\":\"https:\\\/\\\/districos.standingout.be\\\/fr\\\/\",\"logo\":{\"@type\":\"ImageObject\",\"inLanguage\":\"fr-FR\",\"@id\":\"https:\\\/\\\/districos.standingout.be\\\/fr\\\/#\\\/schema\\\/logo\\\/image\\\/\",\"url\":\"https:\\\/\\\/districos.standingout.be\\\/wp-content\\\/uploads\\\/2022\\\/09\\\/Districos_Logo_Webshop.svg\",\"contentUrl\":\"https:\\\/\\\/districos.standingout.be\\\/wp-content\\\/uploads\\\/2022\\\/09\\\/Districos_Logo_Webshop.svg\",\"caption\":\"Districos Webshop\"},\"image\":{\"@id\":\"https:\\\/\\\/districos.standingout.be\\\/fr\\\/#\\\/schema\\\/logo\\\/image\\\/\"}}]}<\/script>\n<!-- \/ Yoast SEO plugin. -->","yoast_head_json":{"title":"Cederroth Salvequick Pansements Plastiques 6 x 45 pcs. - Districos Webshop","robots":{"index":"noindex","follow":"follow","max-snippet":"max-snippet:-1","max-image-preview":"max-image-preview:large","max-video-preview":"max-video-preview:-1"},"og_locale":"fr_FR","og_type":"article","og_title":"Cederroth Salvequick Pansements Plastiques 6 x 45 pcs. - Districos Webshop","og_description":"Les pansements plastique Salvequick sont des pansements souples de haute qualit\u00e9. Ils sont hypoallerg\u00e9niques. Faciles \u00e0 appliquer, ils sont souples et simples d\u2019utilisation. Nettoyer la plaie et veiller \u00e0 ce qu\u2019elle ne soit pas infect\u00e9e. Changer le pansement tous les jours. Contenu : 27 x sparadraps 72 x 19 mm (x6) 18 x sparadraps 72 [&hellip;]","og_url":"https:\/\/districos.standingout.be\/fr\/product\/cederroth-salvequick-pansements-plastiques-6-x-45-pcs-ref-8721-053\/","og_site_name":"Districos Webshop","article_modified_time":"2026-04-28T10:28:35+00:00","twitter_card":"summary_large_image","schema":{"@context":"https:\/\/schema.org","@graph":[{"@type":"WebPage","@id":"https:\/\/districos.standingout.be\/fr\/product\/cederroth-salvequick-pansements-plastiques-6-x-45-pcs-ref-8721-053\/","url":"https:\/\/districos.standingout.be\/fr\/product\/cederroth-salvequick-pansements-plastiques-6-x-45-pcs-ref-8721-053\/","name":"Cederroth Salvequick Pansements Plastiques 6 x 45 pcs. - Districos Webshop","isPartOf":{"@id":"https:\/\/districos.standingout.be\/fr\/#website"},"primaryImageOfPage":{"@id":"https:\/\/districos.standingout.be\/fr\/product\/cederroth-salvequick-pansements-plastiques-6-x-45-pcs-ref-8721-053\/#primaryimage"},"image":{"@id":"https:\/\/districos.standingout.be\/fr\/product\/cederroth-salvequick-pansements-plastiques-6-x-45-pcs-ref-8721-053\/#primaryimage"},"thumbnailUrl":"https:\/\/districos.standingout.be\/wp-content\/uploads\/2025\/07\/8721.053@LowRes_0_99.png","datePublished":"2026-04-28T10:28:32+00:00","dateModified":"2026-04-28T10:28:35+00:00","breadcrumb":{"@id":"https:\/\/districos.standingout.be\/fr\/product\/cederroth-salvequick-pansements-plastiques-6-x-45-pcs-ref-8721-053\/#breadcrumb"},"inLanguage":"fr-FR","potentialAction":[{"@type":"ReadAction","target":["https:\/\/districos.standingout.be\/fr\/product\/cederroth-salvequick-pansements-plastiques-6-x-45-pcs-ref-8721-053\/"]}]},{"@type":"ImageObject","inLanguage":"fr-FR","@id":"https:\/\/districos.standingout.be\/fr\/product\/cederroth-salvequick-pansements-plastiques-6-x-45-pcs-ref-8721-053\/#primaryimage","url":"https:\/\/districos.standingout.be\/wp-content\/uploads\/2025\/07\/8721.053@LowRes_0_99.png","contentUrl":"https:\/\/districos.standingout.be\/wp-content\/uploads\/2025\/07\/8721.053@LowRes_0_99.png","width":600,"height":600},{"@type":"BreadcrumbList","@id":"https:\/\/districos.standingout.be\/fr\/product\/cederroth-salvequick-pansements-plastiques-6-x-45-pcs-ref-8721-053\/#breadcrumb","itemListElement":[{"@type":"ListItem","position":1,"name":"Home","item":"https:\/\/districos.standingout.be\/fr\/bienvenue-chez-districos\/"},{"@type":"ListItem","position":2,"name":"Boutique","item":"https:\/\/districos.standingout.be\/fr\/boutique\/"},{"@type":"ListItem","position":3,"name":"Cederroth Salvequick Pansements Plastiques 6 x 45 pcs."}]},{"@type":"WebSite","@id":"https:\/\/districos.standingout.be\/fr\/#website","url":"https:\/\/districos.standingout.be\/fr\/","name":"Districos Webshop","description":"","publisher":{"@id":"https:\/\/districos.standingout.be\/fr\/#organization"},"potentialAction":[{"@type":"SearchAction","target":{"@type":"EntryPoint","urlTemplate":"https:\/\/districos.standingout.be\/fr\/?s={search_term_string}"},"query-input":{"@type":"PropertyValueSpecification","valueRequired":true,"valueName":"search_term_string"}}],"inLanguage":"fr-FR"},{"@type":"Organization","@id":"https:\/\/districos.standingout.be\/fr\/#organization","name":"Districos Webshop","url":"https:\/\/districos.standingout.be\/fr\/","logo":{"@type":"ImageObject","inLanguage":"fr-FR","@id":"https:\/\/districos.standingout.be\/fr\/#\/schema\/logo\/image\/","url":"https:\/\/districos.standingout.be\/wp-content\/uploads\/2022\/09\/Districos_Logo_Webshop.svg","contentUrl":"https:\/\/districos.standingout.be\/wp-content\/uploads\/2022\/09\/Districos_Logo_Webshop.svg","caption":"Districos Webshop"},"image":{"@id":"https:\/\/districos.standingout.be\/fr\/#\/schema\/logo\/image\/"}}]}},"_links":{"self":[{"href":"https:\/\/districos.standingout.be\/fr\/wp-json\/wp\/v2\/product\/139925","targetHints":{"allow":["GET"]}}],"collection":[{"href":"https:\/\/districos.standingout.be\/fr\/wp-json\/wp\/v2\/product"}],"about":[{"href":"https:\/\/districos.standingout.be\/fr\/wp-json\/wp\/v2\/types\/product"}],"replies":[{"embeddable":true,"href":"https:\/\/districos.standingout.be\/fr\/wp-json\/wp\/v2\/comments?post=139925"}],"wp:featuredmedia":[{"embeddable":true,"href":"https:\/\/districos.standingout.be\/fr\/wp-json\/wp\/v2\/media\/83270"}],"wp:attachment":[{"href":"https:\/\/districos.standingout.be\/fr\/wp-json\/wp\/v2\/media?parent=139925"}],"wp:term":[{"taxonomy":"product_brand","embeddable":true,"href":"https:\/\/districos.standingout.be\/fr\/wp-json\/wp\/v2\/product_brand?post=139925"},{"taxonomy":"product_cat","embeddable":true,"href":"https:\/\/districos.standingout.be\/fr\/wp-json\/wp\/v2\/product_cat?post=139925"},{"taxonomy":"product_tag","embeddable":true,"href":"https:\/\/districos.standingout.be\/fr\/wp-json\/wp\/v2\/product_tag?post=139925"}],"curies":[{"name":"wp","href":"https:\/\/api.w.org\/{rel}","templated":true}]}}