{"id":140005,"date":"2026-04-28T12:31:00","date_gmt":"2026-04-28T10:31:00","guid":{"rendered":"https:\/\/webshopdistricoscom.webhosting.be\/product\/cederroth-burn-gel-100-ml-ref-8721-063-2\/"},"modified":"2026-04-28T12:31:05","modified_gmt":"2026-04-28T10:31:05","slug":"cederroth-burn-gel-100-ml-ref-8721-063","status":"publish","type":"product","link":"https:\/\/districos.standingout.be\/fr\/product\/cederroth-burn-gel-100-ml-ref-8721-063\/","title":{"rendered":"Cederroth Burn Gel 100 ml"},"content":{"rendered":"<p >\n<p><font size=\"2\"><span lang=\"FR\">Gel en spray qui soulage efficacement la douleur en cas de br\u00fblure mineure. Il agit comme une barri\u00e8re protectrice temporaire qui rafra\u00eechit et apaise la peau tout en r\u00e9duisant la douleur.<o:p><\/o:p><\/span><\/font><\/p>\n<ul>\n<li><font size=\"2\"><span lang=\"FR\">Gel \u00e0 base d\u2019eau pour br\u00fblures mineures et coups de soleil.<\/span><\/font><\/li>\n<li><font size=\"2\"><span lang=\"FR\">Facile \u00e0 appliquer&nbsp;: peut s\u2019utiliser sous tous les angles.<\/span><\/font><\/li>\n<li><font size=\"2\"><span lang=\"FR\">Peut \u00eatre utilis\u00e9 plusieurs fois.<\/span><\/font><\/li>\n<li><font size=\"2\"><span lang=\"FR\">Facile \u00e0 laver.<\/span><\/font><\/li>\n<\/ul>\n<p><font size=\"2\"><span lang=\"FR\"><br \/><\/span><\/font><\/p>\n<p><font size=\"2\"><span lang=\"FR\"><b>Mode d\u2019emploi<o:p><\/o:p><\/b><\/span><\/font><\/p>\n<ul>\n<li><font size=\"2\"><span lang=\"FR\">Appliquez g\u00e9n\u00e9reusement sur la zone touch\u00e9e imm\u00e9diatement apr\u00e8s une br\u00fblure.<\/span><\/font><\/li>\n<li><font size=\"2\"><span lang=\"FR\">Refroidissez pendant 15 \u00e0 20 minutes.<\/span><\/font><\/li>\n<\/ul>\n<p><font size=\"2\"><span lang=\"FR\"><br \/><\/span><\/font><\/p>\n<p><font size=\"2\"><span lang=\"FR\"><b>Conseils d\u2019utilisation<o:p><\/o:p><\/b><\/span><\/font><\/p>\n<ul>\n<li><font size=\"2\"><span lang=\"FR\">Convient aux enfants.<\/span><\/font><\/li>\n<li><font size=\"2\"><span lang=\"FR\">Ne pas utiliser sur les br\u00fblures profondes du deuxi\u00e8me degr\u00e9 ou d\u2019autres types de br\u00fblures comme les br\u00fblures chimiques, les r\u00e9actions phototoxiques, les effets secondaires m\u00e9dicamenteux ou les l\u00e9sions cutan\u00e9es caus\u00e9es par l\u2019\u00e9lectricit\u00e9.<\/span><\/font><\/li>\n<\/ul>\n<p><font size=\"2\"> <\/font><\/p>\n","protected":false},"excerpt":{"rendered":"<p>Gel en spray qui soulage efficacement la douleur en cas de br\u00fblure mineure. Il agit comme une barri\u00e8re protectrice temporaire qui rafra\u00eechit et apaise la peau tout en r\u00e9duisant la douleur. Gel \u00e0 base d\u2019eau pour br\u00fblures mineures et coups de soleil. Facile \u00e0 appliquer&nbsp;: peut s\u2019utiliser sous tous les angles. Peut \u00eatre utilis\u00e9 plusieurs [&hellip;]<\/p>\n","protected":false},"featured_media":83312,"comment_status":"open","ping_status":"closed","template":"","meta":{"_acf_changed":false},"product_brand":[10328],"product_cat":[10004,10124,10182,10188,10010,10130,9956,9966],"product_tag":[],"class_list":{"0":"post-140005","1":"product","2":"type-product","3":"status-publish","4":"has-post-thumbnail","6":"product_brand-cederroth-fr","7":"product_cat-soins-des-pieds-podologie-premiers-secours-soins-des-plaies-bandages","8":"product_cat-hygiene-articles-jetables-premiers-secours-soins-des-plaies-bandages","9":"product_cat-fournitures-pour-cabinet-premiers-secours-soins-des-plaies-bandages","10":"product_cat-fournitures-pour-cabinet-premiers-secours-soins-des-plaies-premiers-secours","11":"product_cat-soins-des-pieds-podologie-premiers-secours-soins-des-plaies-premiers-secours","12":"product_cat-hygiene-articles-jetables-premiers-secours-soins-des-plaies-premiers-secours","13":"product_cat-beaute-pedicure-premiers-secours-soins-des-plaies","14":"product_cat-beaute-materiel-pratique-premiers-secours-soins-des-plaies","16":"first","17":"instock","18":"taxable","19":"shipping-taxable","20":"product-type-simple"},"acf":[],"yoast_head":"<!-- This site is optimized with the Yoast SEO plugin v27.3 - https:\/\/yoast.com\/product\/yoast-seo-wordpress\/ -->\n<title>Cederroth Burn Gel 100 ml - Districos Webshop<\/title>\n<meta name=\"robots\" content=\"noindex, follow, max-snippet:-1, max-image-preview:large, max-video-preview:-1\" \/>\n<meta property=\"og:locale\" content=\"fr_FR\" \/>\n<meta property=\"og:type\" content=\"article\" \/>\n<meta property=\"og:title\" content=\"Cederroth Burn Gel 100 ml - Districos Webshop\" \/>\n<meta property=\"og:description\" content=\"Gel en spray qui soulage efficacement la douleur en cas de br\u00fblure mineure. Il agit comme une barri\u00e8re protectrice temporaire qui rafra\u00eechit et apaise la peau tout en r\u00e9duisant la douleur. Gel \u00e0 base d\u2019eau pour br\u00fblures mineures et coups de soleil. Facile \u00e0 appliquer&nbsp;: peut s\u2019utiliser sous tous les angles. Peut \u00eatre utilis\u00e9 plusieurs [&hellip;]\" \/>\n<meta property=\"og:url\" content=\"https:\/\/districos.standingout.be\/fr\/product\/cederroth-burn-gel-100-ml-ref-8721-063\/\" \/>\n<meta property=\"og:site_name\" content=\"Districos Webshop\" \/>\n<meta property=\"article:modified_time\" content=\"2026-04-28T10:31:05+00:00\" \/>\n<meta name=\"twitter:card\" content=\"summary_large_image\" \/>\n<meta name=\"twitter:label1\" content=\"Dur\u00e9e de lecture estim\u00e9e\" \/>\n\t<meta name=\"twitter:data1\" content=\"1 minute\" \/>\n<script type=\"application\/ld+json\" class=\"yoast-schema-graph\">{\"@context\":\"https:\\\/\\\/schema.org\",\"@graph\":[{\"@type\":\"WebPage\",\"@id\":\"https:\\\/\\\/districos.standingout.be\\\/fr\\\/product\\\/cederroth-burn-gel-100-ml-ref-8721-063\\\/\",\"url\":\"https:\\\/\\\/districos.standingout.be\\\/fr\\\/product\\\/cederroth-burn-gel-100-ml-ref-8721-063\\\/\",\"name\":\"Cederroth Burn Gel 100 ml - Districos Webshop\",\"isPartOf\":{\"@id\":\"https:\\\/\\\/districos.standingout.be\\\/fr\\\/#website\"},\"primaryImageOfPage\":{\"@id\":\"https:\\\/\\\/districos.standingout.be\\\/fr\\\/product\\\/cederroth-burn-gel-100-ml-ref-8721-063\\\/#primaryimage\"},\"image\":{\"@id\":\"https:\\\/\\\/districos.standingout.be\\\/fr\\\/product\\\/cederroth-burn-gel-100-ml-ref-8721-063\\\/#primaryimage\"},\"thumbnailUrl\":\"https:\\\/\\\/districos.standingout.be\\\/wp-content\\\/uploads\\\/2025\\\/07\\\/8721.063@LowRes_0_99.png\",\"datePublished\":\"2026-04-28T10:31:00+00:00\",\"dateModified\":\"2026-04-28T10:31:05+00:00\",\"breadcrumb\":{\"@id\":\"https:\\\/\\\/districos.standingout.be\\\/fr\\\/product\\\/cederroth-burn-gel-100-ml-ref-8721-063\\\/#breadcrumb\"},\"inLanguage\":\"fr-FR\",\"potentialAction\":[{\"@type\":\"ReadAction\",\"target\":[\"https:\\\/\\\/districos.standingout.be\\\/fr\\\/product\\\/cederroth-burn-gel-100-ml-ref-8721-063\\\/\"]}]},{\"@type\":\"ImageObject\",\"inLanguage\":\"fr-FR\",\"@id\":\"https:\\\/\\\/districos.standingout.be\\\/fr\\\/product\\\/cederroth-burn-gel-100-ml-ref-8721-063\\\/#primaryimage\",\"url\":\"https:\\\/\\\/districos.standingout.be\\\/wp-content\\\/uploads\\\/2025\\\/07\\\/8721.063@LowRes_0_99.png\",\"contentUrl\":\"https:\\\/\\\/districos.standingout.be\\\/wp-content\\\/uploads\\\/2025\\\/07\\\/8721.063@LowRes_0_99.png\",\"width\":600,\"height\":600},{\"@type\":\"BreadcrumbList\",\"@id\":\"https:\\\/\\\/districos.standingout.be\\\/fr\\\/product\\\/cederroth-burn-gel-100-ml-ref-8721-063\\\/#breadcrumb\",\"itemListElement\":[{\"@type\":\"ListItem\",\"position\":1,\"name\":\"Home\",\"item\":\"https:\\\/\\\/districos.standingout.be\\\/fr\\\/bienvenue-chez-districos\\\/\"},{\"@type\":\"ListItem\",\"position\":2,\"name\":\"Boutique\",\"item\":\"https:\\\/\\\/districos.standingout.be\\\/fr\\\/boutique\\\/\"},{\"@type\":\"ListItem\",\"position\":3,\"name\":\"Cederroth Burn Gel 100 ml\"}]},{\"@type\":\"WebSite\",\"@id\":\"https:\\\/\\\/districos.standingout.be\\\/fr\\\/#website\",\"url\":\"https:\\\/\\\/districos.standingout.be\\\/fr\\\/\",\"name\":\"Districos Webshop\",\"description\":\"\",\"publisher\":{\"@id\":\"https:\\\/\\\/districos.standingout.be\\\/fr\\\/#organization\"},\"potentialAction\":[{\"@type\":\"SearchAction\",\"target\":{\"@type\":\"EntryPoint\",\"urlTemplate\":\"https:\\\/\\\/districos.standingout.be\\\/fr\\\/?s={search_term_string}\"},\"query-input\":{\"@type\":\"PropertyValueSpecification\",\"valueRequired\":true,\"valueName\":\"search_term_string\"}}],\"inLanguage\":\"fr-FR\"},{\"@type\":\"Organization\",\"@id\":\"https:\\\/\\\/districos.standingout.be\\\/fr\\\/#organization\",\"name\":\"Districos Webshop\",\"url\":\"https:\\\/\\\/districos.standingout.be\\\/fr\\\/\",\"logo\":{\"@type\":\"ImageObject\",\"inLanguage\":\"fr-FR\",\"@id\":\"https:\\\/\\\/districos.standingout.be\\\/fr\\\/#\\\/schema\\\/logo\\\/image\\\/\",\"url\":\"https:\\\/\\\/districos.standingout.be\\\/wp-content\\\/uploads\\\/2022\\\/09\\\/Districos_Logo_Webshop.svg\",\"contentUrl\":\"https:\\\/\\\/districos.standingout.be\\\/wp-content\\\/uploads\\\/2022\\\/09\\\/Districos_Logo_Webshop.svg\",\"caption\":\"Districos Webshop\"},\"image\":{\"@id\":\"https:\\\/\\\/districos.standingout.be\\\/fr\\\/#\\\/schema\\\/logo\\\/image\\\/\"}}]}<\/script>\n<!-- \/ Yoast SEO plugin. -->","yoast_head_json":{"title":"Cederroth Burn Gel 100 ml - Districos Webshop","robots":{"index":"noindex","follow":"follow","max-snippet":"max-snippet:-1","max-image-preview":"max-image-preview:large","max-video-preview":"max-video-preview:-1"},"og_locale":"fr_FR","og_type":"article","og_title":"Cederroth Burn Gel 100 ml - Districos Webshop","og_description":"Gel en spray qui soulage efficacement la douleur en cas de br\u00fblure mineure. Il agit comme une barri\u00e8re protectrice temporaire qui rafra\u00eechit et apaise la peau tout en r\u00e9duisant la douleur. Gel \u00e0 base d\u2019eau pour br\u00fblures mineures et coups de soleil. Facile \u00e0 appliquer&nbsp;: peut s\u2019utiliser sous tous les angles. Peut \u00eatre utilis\u00e9 plusieurs [&hellip;]","og_url":"https:\/\/districos.standingout.be\/fr\/product\/cederroth-burn-gel-100-ml-ref-8721-063\/","og_site_name":"Districos Webshop","article_modified_time":"2026-04-28T10:31:05+00:00","twitter_card":"summary_large_image","twitter_misc":{"Dur\u00e9e de lecture estim\u00e9e":"1 minute"},"schema":{"@context":"https:\/\/schema.org","@graph":[{"@type":"WebPage","@id":"https:\/\/districos.standingout.be\/fr\/product\/cederroth-burn-gel-100-ml-ref-8721-063\/","url":"https:\/\/districos.standingout.be\/fr\/product\/cederroth-burn-gel-100-ml-ref-8721-063\/","name":"Cederroth Burn Gel 100 ml - Districos Webshop","isPartOf":{"@id":"https:\/\/districos.standingout.be\/fr\/#website"},"primaryImageOfPage":{"@id":"https:\/\/districos.standingout.be\/fr\/product\/cederroth-burn-gel-100-ml-ref-8721-063\/#primaryimage"},"image":{"@id":"https:\/\/districos.standingout.be\/fr\/product\/cederroth-burn-gel-100-ml-ref-8721-063\/#primaryimage"},"thumbnailUrl":"https:\/\/districos.standingout.be\/wp-content\/uploads\/2025\/07\/8721.063@LowRes_0_99.png","datePublished":"2026-04-28T10:31:00+00:00","dateModified":"2026-04-28T10:31:05+00:00","breadcrumb":{"@id":"https:\/\/districos.standingout.be\/fr\/product\/cederroth-burn-gel-100-ml-ref-8721-063\/#breadcrumb"},"inLanguage":"fr-FR","potentialAction":[{"@type":"ReadAction","target":["https:\/\/districos.standingout.be\/fr\/product\/cederroth-burn-gel-100-ml-ref-8721-063\/"]}]},{"@type":"ImageObject","inLanguage":"fr-FR","@id":"https:\/\/districos.standingout.be\/fr\/product\/cederroth-burn-gel-100-ml-ref-8721-063\/#primaryimage","url":"https:\/\/districos.standingout.be\/wp-content\/uploads\/2025\/07\/8721.063@LowRes_0_99.png","contentUrl":"https:\/\/districos.standingout.be\/wp-content\/uploads\/2025\/07\/8721.063@LowRes_0_99.png","width":600,"height":600},{"@type":"BreadcrumbList","@id":"https:\/\/districos.standingout.be\/fr\/product\/cederroth-burn-gel-100-ml-ref-8721-063\/#breadcrumb","itemListElement":[{"@type":"ListItem","position":1,"name":"Home","item":"https:\/\/districos.standingout.be\/fr\/bienvenue-chez-districos\/"},{"@type":"ListItem","position":2,"name":"Boutique","item":"https:\/\/districos.standingout.be\/fr\/boutique\/"},{"@type":"ListItem","position":3,"name":"Cederroth Burn Gel 100 ml"}]},{"@type":"WebSite","@id":"https:\/\/districos.standingout.be\/fr\/#website","url":"https:\/\/districos.standingout.be\/fr\/","name":"Districos Webshop","description":"","publisher":{"@id":"https:\/\/districos.standingout.be\/fr\/#organization"},"potentialAction":[{"@type":"SearchAction","target":{"@type":"EntryPoint","urlTemplate":"https:\/\/districos.standingout.be\/fr\/?s={search_term_string}"},"query-input":{"@type":"PropertyValueSpecification","valueRequired":true,"valueName":"search_term_string"}}],"inLanguage":"fr-FR"},{"@type":"Organization","@id":"https:\/\/districos.standingout.be\/fr\/#organization","name":"Districos Webshop","url":"https:\/\/districos.standingout.be\/fr\/","logo":{"@type":"ImageObject","inLanguage":"fr-FR","@id":"https:\/\/districos.standingout.be\/fr\/#\/schema\/logo\/image\/","url":"https:\/\/districos.standingout.be\/wp-content\/uploads\/2022\/09\/Districos_Logo_Webshop.svg","contentUrl":"https:\/\/districos.standingout.be\/wp-content\/uploads\/2022\/09\/Districos_Logo_Webshop.svg","caption":"Districos Webshop"},"image":{"@id":"https:\/\/districos.standingout.be\/fr\/#\/schema\/logo\/image\/"}}]}},"_links":{"self":[{"href":"https:\/\/districos.standingout.be\/fr\/wp-json\/wp\/v2\/product\/140005","targetHints":{"allow":["GET"]}}],"collection":[{"href":"https:\/\/districos.standingout.be\/fr\/wp-json\/wp\/v2\/product"}],"about":[{"href":"https:\/\/districos.standingout.be\/fr\/wp-json\/wp\/v2\/types\/product"}],"replies":[{"embeddable":true,"href":"https:\/\/districos.standingout.be\/fr\/wp-json\/wp\/v2\/comments?post=140005"}],"wp:featuredmedia":[{"embeddable":true,"href":"https:\/\/districos.standingout.be\/fr\/wp-json\/wp\/v2\/media\/83312"}],"wp:attachment":[{"href":"https:\/\/districos.standingout.be\/fr\/wp-json\/wp\/v2\/media?parent=140005"}],"wp:term":[{"taxonomy":"product_brand","embeddable":true,"href":"https:\/\/districos.standingout.be\/fr\/wp-json\/wp\/v2\/product_brand?post=140005"},{"taxonomy":"product_cat","embeddable":true,"href":"https:\/\/districos.standingout.be\/fr\/wp-json\/wp\/v2\/product_cat?post=140005"},{"taxonomy":"product_tag","embeddable":true,"href":"https:\/\/districos.standingout.be\/fr\/wp-json\/wp\/v2\/product_tag?post=140005"}],"curies":[{"name":"wp","href":"https:\/\/api.w.org\/{rel}","templated":true}]}}