{"id":140099,"date":"2026-04-28T12:33:49","date_gmt":"2026-04-28T10:33:49","guid":{"rendered":"https:\/\/webshopdistricoscom.webhosting.be\/product\/cobra-set-de-18-pinceaux-ref-8800-24\/"},"modified":"2026-04-28T12:33:50","modified_gmt":"2026-04-28T10:33:50","slug":"cobra-set-de-18-pinceaux-ref-8800-24","status":"publish","type":"product","link":"https:\/\/districos.standingout.be\/fr\/product\/cobra-set-de-18-pinceaux-ref-8800-24\/","title":{"rendered":"Cobra Set de 18 Pinceaux"},"content":{"rendered":"<p >\n<p dir=\"ltr\">Large \u00e9ventail de pinceaux pour les esth\u00e9ticien(ne)s qui aspirent \u00e0 un maquillage professionnel et cr\u00e9atif. \u00c0 l\u2019achat de ce set de pinceaux, vous recevez gratuitement le bel \u00e9tui de rangement en cuir artificiel. <\/p>\n<p><b> Contenu<\/b><\/p>\n<ul>\n<li>Contenu du Cobra Set de 11 pinceaux (voir <u><a href=\"https:\/\/districos.com\/ProductDetail\/8800.10\" target=\"_blank\" rel=\"noopener noreferrer nofollow\">r\u00e9f. 8800.10<\/a><\/u>)<\/li>\n<li>+ 1 x Cobra Pinceau Ombres \u00e0 Paupi\u00e8res Arrondi M 9 mm<\/li>\n<li>+ 1 x Cobra Pinceau Ombres \u00e0 Paupi\u00e8res Arrondi L 11 mm<\/li>\n<li>+ 1 x Cobra Pinceau Definer<\/li>\n<li>+ 1 x Cobra Pinceau Anticernes<\/li>\n<li>+ 1 x Cobra Pinceau Smudge<\/li>\n<li>+ 1 x Cobra Pinceau Kabuki Plat<\/li>\n<li>+ 1 x Cobra Pinceau Teinture de Cils 5 mm<\/li>\n<\/ul><\/p>\n","protected":false},"excerpt":{"rendered":"<p>Large \u00e9ventail de pinceaux pour les esth\u00e9ticien(ne)s qui aspirent \u00e0 un maquillage professionnel et cr\u00e9atif. \u00c0 l\u2019achat de ce set de pinceaux, vous recevez gratuitement le bel \u00e9tui de rangement en cuir artificiel. Contenu Contenu du Cobra Set de 11 pinceaux (voir r\u00e9f. 8800.10) + 1 x Cobra Pinceau Ombres \u00e0 Paupi\u00e8res Arrondi M 9 [&hellip;]<\/p>\n","protected":false},"featured_media":112523,"comment_status":"open","ping_status":"closed","template":"","meta":{"_acf_changed":false},"product_brand":[10336],"product_cat":[9888],"product_tag":[],"class_list":{"0":"post-140099","1":"product","2":"type-product","3":"status-publish","4":"has-post-thumbnail","6":"product_brand-cobra-cosmetics-fr","7":"product_cat-beaute-maquillage-pinceaux-brosses","9":"first","10":"instock","11":"taxable","12":"shipping-taxable","13":"product-type-simple"},"acf":[],"yoast_head":"<!-- This site is optimized with the Yoast SEO plugin v27.3 - https:\/\/yoast.com\/product\/yoast-seo-wordpress\/ -->\n<title>Cobra Set de 18 Pinceaux - Districos Webshop<\/title>\n<meta name=\"robots\" content=\"noindex, follow, max-snippet:-1, max-image-preview:large, max-video-preview:-1\" \/>\n<meta property=\"og:locale\" content=\"fr_FR\" \/>\n<meta property=\"og:type\" content=\"article\" \/>\n<meta property=\"og:title\" content=\"Cobra Set de 18 Pinceaux - Districos Webshop\" \/>\n<meta property=\"og:description\" content=\"Large \u00e9ventail de pinceaux pour les esth\u00e9ticien(ne)s qui aspirent \u00e0 un maquillage professionnel et cr\u00e9atif. \u00c0 l\u2019achat de ce set de pinceaux, vous recevez gratuitement le bel \u00e9tui de rangement en cuir artificiel. Contenu Contenu du Cobra Set de 11 pinceaux (voir r\u00e9f. 8800.10) + 1 x Cobra Pinceau Ombres \u00e0 Paupi\u00e8res Arrondi M 9 [&hellip;]\" \/>\n<meta property=\"og:url\" content=\"https:\/\/districos.standingout.be\/fr\/product\/cobra-set-de-18-pinceaux-ref-8800-24\/\" \/>\n<meta property=\"og:site_name\" content=\"Districos Webshop\" \/>\n<meta property=\"article:modified_time\" content=\"2026-04-28T10:33:50+00:00\" \/>\n<meta name=\"twitter:card\" content=\"summary_large_image\" \/>\n<script type=\"application\/ld+json\" class=\"yoast-schema-graph\">{\"@context\":\"https:\\\/\\\/schema.org\",\"@graph\":[{\"@type\":\"WebPage\",\"@id\":\"https:\\\/\\\/districos.standingout.be\\\/fr\\\/product\\\/cobra-set-de-18-pinceaux-ref-8800-24\\\/\",\"url\":\"https:\\\/\\\/districos.standingout.be\\\/fr\\\/product\\\/cobra-set-de-18-pinceaux-ref-8800-24\\\/\",\"name\":\"Cobra Set de 18 Pinceaux - Districos Webshop\",\"isPartOf\":{\"@id\":\"https:\\\/\\\/districos.standingout.be\\\/fr\\\/#website\"},\"primaryImageOfPage\":{\"@id\":\"https:\\\/\\\/districos.standingout.be\\\/fr\\\/product\\\/cobra-set-de-18-pinceaux-ref-8800-24\\\/#primaryimage\"},\"image\":{\"@id\":\"https:\\\/\\\/districos.standingout.be\\\/fr\\\/product\\\/cobra-set-de-18-pinceaux-ref-8800-24\\\/#primaryimage\"},\"thumbnailUrl\":\"https:\\\/\\\/districos.standingout.be\\\/wp-content\\\/uploads\\\/2026\\\/03\\\/8800.24@LowRes_1_0.png\",\"datePublished\":\"2026-04-28T10:33:49+00:00\",\"dateModified\":\"2026-04-28T10:33:50+00:00\",\"breadcrumb\":{\"@id\":\"https:\\\/\\\/districos.standingout.be\\\/fr\\\/product\\\/cobra-set-de-18-pinceaux-ref-8800-24\\\/#breadcrumb\"},\"inLanguage\":\"fr-FR\",\"potentialAction\":[{\"@type\":\"ReadAction\",\"target\":[\"https:\\\/\\\/districos.standingout.be\\\/fr\\\/product\\\/cobra-set-de-18-pinceaux-ref-8800-24\\\/\"]}]},{\"@type\":\"ImageObject\",\"inLanguage\":\"fr-FR\",\"@id\":\"https:\\\/\\\/districos.standingout.be\\\/fr\\\/product\\\/cobra-set-de-18-pinceaux-ref-8800-24\\\/#primaryimage\",\"url\":\"https:\\\/\\\/districos.standingout.be\\\/wp-content\\\/uploads\\\/2026\\\/03\\\/8800.24@LowRes_1_0.png\",\"contentUrl\":\"https:\\\/\\\/districos.standingout.be\\\/wp-content\\\/uploads\\\/2026\\\/03\\\/8800.24@LowRes_1_0.png\",\"width\":600,\"height\":600},{\"@type\":\"BreadcrumbList\",\"@id\":\"https:\\\/\\\/districos.standingout.be\\\/fr\\\/product\\\/cobra-set-de-18-pinceaux-ref-8800-24\\\/#breadcrumb\",\"itemListElement\":[{\"@type\":\"ListItem\",\"position\":1,\"name\":\"Home\",\"item\":\"https:\\\/\\\/districos.standingout.be\\\/fr\\\/bienvenue-chez-districos\\\/\"},{\"@type\":\"ListItem\",\"position\":2,\"name\":\"Boutique\",\"item\":\"https:\\\/\\\/districos.standingout.be\\\/fr\\\/boutique\\\/\"},{\"@type\":\"ListItem\",\"position\":3,\"name\":\"Cobra Set de 18 Pinceaux\"}]},{\"@type\":\"WebSite\",\"@id\":\"https:\\\/\\\/districos.standingout.be\\\/fr\\\/#website\",\"url\":\"https:\\\/\\\/districos.standingout.be\\\/fr\\\/\",\"name\":\"Districos Webshop\",\"description\":\"\",\"publisher\":{\"@id\":\"https:\\\/\\\/districos.standingout.be\\\/fr\\\/#organization\"},\"potentialAction\":[{\"@type\":\"SearchAction\",\"target\":{\"@type\":\"EntryPoint\",\"urlTemplate\":\"https:\\\/\\\/districos.standingout.be\\\/fr\\\/?s={search_term_string}\"},\"query-input\":{\"@type\":\"PropertyValueSpecification\",\"valueRequired\":true,\"valueName\":\"search_term_string\"}}],\"inLanguage\":\"fr-FR\"},{\"@type\":\"Organization\",\"@id\":\"https:\\\/\\\/districos.standingout.be\\\/fr\\\/#organization\",\"name\":\"Districos Webshop\",\"url\":\"https:\\\/\\\/districos.standingout.be\\\/fr\\\/\",\"logo\":{\"@type\":\"ImageObject\",\"inLanguage\":\"fr-FR\",\"@id\":\"https:\\\/\\\/districos.standingout.be\\\/fr\\\/#\\\/schema\\\/logo\\\/image\\\/\",\"url\":\"https:\\\/\\\/districos.standingout.be\\\/wp-content\\\/uploads\\\/2022\\\/09\\\/Districos_Logo_Webshop.svg\",\"contentUrl\":\"https:\\\/\\\/districos.standingout.be\\\/wp-content\\\/uploads\\\/2022\\\/09\\\/Districos_Logo_Webshop.svg\",\"caption\":\"Districos Webshop\"},\"image\":{\"@id\":\"https:\\\/\\\/districos.standingout.be\\\/fr\\\/#\\\/schema\\\/logo\\\/image\\\/\"}}]}<\/script>\n<!-- \/ Yoast SEO plugin. -->","yoast_head_json":{"title":"Cobra Set de 18 Pinceaux - Districos Webshop","robots":{"index":"noindex","follow":"follow","max-snippet":"max-snippet:-1","max-image-preview":"max-image-preview:large","max-video-preview":"max-video-preview:-1"},"og_locale":"fr_FR","og_type":"article","og_title":"Cobra Set de 18 Pinceaux - Districos Webshop","og_description":"Large \u00e9ventail de pinceaux pour les esth\u00e9ticien(ne)s qui aspirent \u00e0 un maquillage professionnel et cr\u00e9atif. \u00c0 l\u2019achat de ce set de pinceaux, vous recevez gratuitement le bel \u00e9tui de rangement en cuir artificiel. Contenu Contenu du Cobra Set de 11 pinceaux (voir r\u00e9f. 8800.10) + 1 x Cobra Pinceau Ombres \u00e0 Paupi\u00e8res Arrondi M 9 [&hellip;]","og_url":"https:\/\/districos.standingout.be\/fr\/product\/cobra-set-de-18-pinceaux-ref-8800-24\/","og_site_name":"Districos Webshop","article_modified_time":"2026-04-28T10:33:50+00:00","twitter_card":"summary_large_image","schema":{"@context":"https:\/\/schema.org","@graph":[{"@type":"WebPage","@id":"https:\/\/districos.standingout.be\/fr\/product\/cobra-set-de-18-pinceaux-ref-8800-24\/","url":"https:\/\/districos.standingout.be\/fr\/product\/cobra-set-de-18-pinceaux-ref-8800-24\/","name":"Cobra Set de 18 Pinceaux - Districos Webshop","isPartOf":{"@id":"https:\/\/districos.standingout.be\/fr\/#website"},"primaryImageOfPage":{"@id":"https:\/\/districos.standingout.be\/fr\/product\/cobra-set-de-18-pinceaux-ref-8800-24\/#primaryimage"},"image":{"@id":"https:\/\/districos.standingout.be\/fr\/product\/cobra-set-de-18-pinceaux-ref-8800-24\/#primaryimage"},"thumbnailUrl":"https:\/\/districos.standingout.be\/wp-content\/uploads\/2026\/03\/8800.24@LowRes_1_0.png","datePublished":"2026-04-28T10:33:49+00:00","dateModified":"2026-04-28T10:33:50+00:00","breadcrumb":{"@id":"https:\/\/districos.standingout.be\/fr\/product\/cobra-set-de-18-pinceaux-ref-8800-24\/#breadcrumb"},"inLanguage":"fr-FR","potentialAction":[{"@type":"ReadAction","target":["https:\/\/districos.standingout.be\/fr\/product\/cobra-set-de-18-pinceaux-ref-8800-24\/"]}]},{"@type":"ImageObject","inLanguage":"fr-FR","@id":"https:\/\/districos.standingout.be\/fr\/product\/cobra-set-de-18-pinceaux-ref-8800-24\/#primaryimage","url":"https:\/\/districos.standingout.be\/wp-content\/uploads\/2026\/03\/8800.24@LowRes_1_0.png","contentUrl":"https:\/\/districos.standingout.be\/wp-content\/uploads\/2026\/03\/8800.24@LowRes_1_0.png","width":600,"height":600},{"@type":"BreadcrumbList","@id":"https:\/\/districos.standingout.be\/fr\/product\/cobra-set-de-18-pinceaux-ref-8800-24\/#breadcrumb","itemListElement":[{"@type":"ListItem","position":1,"name":"Home","item":"https:\/\/districos.standingout.be\/fr\/bienvenue-chez-districos\/"},{"@type":"ListItem","position":2,"name":"Boutique","item":"https:\/\/districos.standingout.be\/fr\/boutique\/"},{"@type":"ListItem","position":3,"name":"Cobra Set de 18 Pinceaux"}]},{"@type":"WebSite","@id":"https:\/\/districos.standingout.be\/fr\/#website","url":"https:\/\/districos.standingout.be\/fr\/","name":"Districos Webshop","description":"","publisher":{"@id":"https:\/\/districos.standingout.be\/fr\/#organization"},"potentialAction":[{"@type":"SearchAction","target":{"@type":"EntryPoint","urlTemplate":"https:\/\/districos.standingout.be\/fr\/?s={search_term_string}"},"query-input":{"@type":"PropertyValueSpecification","valueRequired":true,"valueName":"search_term_string"}}],"inLanguage":"fr-FR"},{"@type":"Organization","@id":"https:\/\/districos.standingout.be\/fr\/#organization","name":"Districos Webshop","url":"https:\/\/districos.standingout.be\/fr\/","logo":{"@type":"ImageObject","inLanguage":"fr-FR","@id":"https:\/\/districos.standingout.be\/fr\/#\/schema\/logo\/image\/","url":"https:\/\/districos.standingout.be\/wp-content\/uploads\/2022\/09\/Districos_Logo_Webshop.svg","contentUrl":"https:\/\/districos.standingout.be\/wp-content\/uploads\/2022\/09\/Districos_Logo_Webshop.svg","caption":"Districos Webshop"},"image":{"@id":"https:\/\/districos.standingout.be\/fr\/#\/schema\/logo\/image\/"}}]}},"_links":{"self":[{"href":"https:\/\/districos.standingout.be\/fr\/wp-json\/wp\/v2\/product\/140099","targetHints":{"allow":["GET"]}}],"collection":[{"href":"https:\/\/districos.standingout.be\/fr\/wp-json\/wp\/v2\/product"}],"about":[{"href":"https:\/\/districos.standingout.be\/fr\/wp-json\/wp\/v2\/types\/product"}],"replies":[{"embeddable":true,"href":"https:\/\/districos.standingout.be\/fr\/wp-json\/wp\/v2\/comments?post=140099"}],"wp:featuredmedia":[{"embeddable":true,"href":"https:\/\/districos.standingout.be\/fr\/wp-json\/wp\/v2\/media\/112523"}],"wp:attachment":[{"href":"https:\/\/districos.standingout.be\/fr\/wp-json\/wp\/v2\/media?parent=140099"}],"wp:term":[{"taxonomy":"product_brand","embeddable":true,"href":"https:\/\/districos.standingout.be\/fr\/wp-json\/wp\/v2\/product_brand?post=140099"},{"taxonomy":"product_cat","embeddable":true,"href":"https:\/\/districos.standingout.be\/fr\/wp-json\/wp\/v2\/product_cat?post=140099"},{"taxonomy":"product_tag","embeddable":true,"href":"https:\/\/districos.standingout.be\/fr\/wp-json\/wp\/v2\/product_tag?post=140099"}],"curies":[{"name":"wp","href":"https:\/\/api.w.org\/{rel}","templated":true}]}}