{"id":140119,"date":"2026-04-28T12:34:27","date_gmt":"2026-04-28T10:34:27","guid":{"rendered":"https:\/\/webshopdistricoscom.webhosting.be\/product\/sechoir-pour-28-pinceaux-ref-8800-54\/"},"modified":"2026-04-28T12:34:31","modified_gmt":"2026-04-28T10:34:31","slug":"sechoir-pour-28-pinceaux-ref-8800-54","status":"publish","type":"product","link":"https:\/\/districos.standingout.be\/fr\/product\/sechoir-pour-28-pinceaux-ref-8800-54\/","title":{"rendered":"S\u00e9choir pour 28 pinceaux"},"content":{"rendered":"<p >\n<p dir=\"ltr\">Laissez s\u00e9cher vos pinceaux dans ce s\u00e9choir pratique. Introduisez les pinceaux par-dessous dans les trous avec les poils vers le bas afin qu\u2019ils puissent s\u2019\u00e9goutter et s\u00e9cher sans que le liquide ne coule dans le manche du pinceau. De cette fa\u00e7on, vous \u00e9vitez que les poils et la t\u00eate ne se d\u00e9tachent du manche. Profitez ainsi d\u2019une dur\u00e9e de vie plus longue de vos pinceaux.<\/p>\n<p dir=\"ltr\">\n<ul>\n<li>Emballage : 1 pi\u00e8ce.<\/li>\n<\/ul>\n<p dir=\"ltr\"><font size=\"2\"><b>CONSEIL :&nbsp;<\/b><b>Prolongez la dur\u00e9e de vie de vos pinceaux en suivant la m\u00e9thode ci-dessous<\/b><\/font><\/p>\n<\/p>\n<p dir=\"ltr\"><font size=\"2\"><\/font><\/p>\n<p dir=\"ltr\"><font size=\"2\"><\/font><\/p>\n<\/p>\n<ul>\n<li><font size=\"2\"><font size=\"2\">Rincez les pinceaux \u00e0 l\u2019eau courante.<\/font><\/font><\/li>\n<li><font size=\"2\"><font size=\"2\">Versez une petite quantit\u00e9 de brush cleanser ou de shampooing sur le&nbsp;<b>Nettoyeur en Silicone pour Pinceaux<\/b>&nbsp;(<u><a href=\"https:\/\/districos.com\/ProductDetail\/8800.52\" target=\"_blank\" rel=\"noopener noreferrer nofollow\">r\u00e9f. 8800.52<\/a><\/u>) (les nettoyeurs de pinceaux traditionnels sont souvent \u00e0 base d\u2019alcool, ce qui raccourcit la dur\u00e9e de vie de vos pinceaux).<\/font><\/font><\/li>\n<li><font size=\"2\"><font size=\"2\">Frottez les pinceaux sur le Nettoyeur en Silicone pour Pinceaux.<\/font><\/font><\/li>\n<li><font size=\"2\"><font size=\"2\">Rincez les pinceaux \u00e0 l\u2019eau courante.<\/font><\/font><\/li>\n<li><font size=\"2\"><font size=\"2\">S\u00e9chez les pinceaux avec un tissu non tiss\u00e9 et appliquez un&nbsp;<b>filet protecteur <\/b>(<u><a href=\"https:\/\/districos.com\/ProductDetail\/8800.53\" target=\"_blank\" rel=\"noopener noreferrer nofollow\">r\u00e9f. 8800.53<\/a><\/u>) recouvrant les poils afin qu\u2019ils gardent leur forme.<\/font><\/font><\/li>\n<li><font size=\"2\"><font size=\"2\">Laissez s\u00e9cher les pinceaux \u00e0 l\u2019envers dans le&nbsp;<b>s\u00e9choir<\/b>.<\/font><\/font><\/li>\n<li><font size=\"2\"><font size=\"2\">Nettoyez vos pinceaux 1 fois par mois avec le Cobra Brush Cleaner (<u><a href=\"https:\/\/districos.com\/ProductDetail\/7091.20\" target=\"_blank\" rel=\"noopener noreferrer nofollow\">r\u00e9f. 7091.20<\/a><\/u>).<\/font><\/font><\/li>\n<\/ul><\/p>\n","protected":false},"excerpt":{"rendered":"<p>Laissez s\u00e9cher vos pinceaux dans ce s\u00e9choir pratique. Introduisez les pinceaux par-dessous dans les trous avec les poils vers le bas afin qu\u2019ils puissent s\u2019\u00e9goutter et s\u00e9cher sans que le liquide ne coule dans le manche du pinceau. De cette fa\u00e7on, vous \u00e9vitez que les poils et la t\u00eate ne se d\u00e9tachent du manche. Profitez [&hellip;]<\/p>\n","protected":false},"featured_media":83420,"comment_status":"open","ping_status":"closed","template":"","meta":{"_acf_changed":false},"product_brand":[10336],"product_cat":[9888],"product_tag":[],"class_list":{"0":"post-140119","1":"product","2":"type-product","3":"status-publish","4":"has-post-thumbnail","6":"product_brand-cobra-cosmetics-fr","7":"product_cat-beaute-maquillage-pinceaux-brosses","9":"first","10":"instock","11":"taxable","12":"shipping-taxable","13":"product-type-simple"},"acf":[],"yoast_head":"<!-- This site is optimized with the Yoast SEO plugin v27.3 - https:\/\/yoast.com\/product\/yoast-seo-wordpress\/ -->\n<title>S\u00e9choir pour 28 pinceaux - Districos Webshop<\/title>\n<meta name=\"robots\" content=\"noindex, follow, max-snippet:-1, max-image-preview:large, max-video-preview:-1\" \/>\n<meta property=\"og:locale\" content=\"fr_FR\" \/>\n<meta property=\"og:type\" content=\"article\" \/>\n<meta property=\"og:title\" content=\"S\u00e9choir pour 28 pinceaux - Districos Webshop\" \/>\n<meta property=\"og:description\" content=\"Laissez s\u00e9cher vos pinceaux dans ce s\u00e9choir pratique. Introduisez les pinceaux par-dessous dans les trous avec les poils vers le bas afin qu\u2019ils puissent s\u2019\u00e9goutter et s\u00e9cher sans que le liquide ne coule dans le manche du pinceau. De cette fa\u00e7on, vous \u00e9vitez que les poils et la t\u00eate ne se d\u00e9tachent du manche. Profitez [&hellip;]\" \/>\n<meta property=\"og:url\" content=\"https:\/\/districos.standingout.be\/fr\/product\/sechoir-pour-28-pinceaux-ref-8800-54\/\" \/>\n<meta property=\"og:site_name\" content=\"Districos Webshop\" \/>\n<meta property=\"article:modified_time\" content=\"2026-04-28T10:34:31+00:00\" \/>\n<meta name=\"twitter:card\" content=\"summary_large_image\" \/>\n<meta name=\"twitter:label1\" content=\"Dur\u00e9e de lecture estim\u00e9e\" \/>\n\t<meta name=\"twitter:data1\" content=\"1 minute\" \/>\n<script type=\"application\/ld+json\" class=\"yoast-schema-graph\">{\"@context\":\"https:\\\/\\\/schema.org\",\"@graph\":[{\"@type\":\"WebPage\",\"@id\":\"https:\\\/\\\/districos.standingout.be\\\/fr\\\/product\\\/sechoir-pour-28-pinceaux-ref-8800-54\\\/\",\"url\":\"https:\\\/\\\/districos.standingout.be\\\/fr\\\/product\\\/sechoir-pour-28-pinceaux-ref-8800-54\\\/\",\"name\":\"S\u00e9choir pour 28 pinceaux - Districos Webshop\",\"isPartOf\":{\"@id\":\"https:\\\/\\\/districos.standingout.be\\\/fr\\\/#website\"},\"primaryImageOfPage\":{\"@id\":\"https:\\\/\\\/districos.standingout.be\\\/fr\\\/product\\\/sechoir-pour-28-pinceaux-ref-8800-54\\\/#primaryimage\"},\"image\":{\"@id\":\"https:\\\/\\\/districos.standingout.be\\\/fr\\\/product\\\/sechoir-pour-28-pinceaux-ref-8800-54\\\/#primaryimage\"},\"thumbnailUrl\":\"https:\\\/\\\/districos.standingout.be\\\/wp-content\\\/uploads\\\/2025\\\/07\\\/8800.54@HighRes_0_99.png\",\"datePublished\":\"2026-04-28T10:34:27+00:00\",\"dateModified\":\"2026-04-28T10:34:31+00:00\",\"breadcrumb\":{\"@id\":\"https:\\\/\\\/districos.standingout.be\\\/fr\\\/product\\\/sechoir-pour-28-pinceaux-ref-8800-54\\\/#breadcrumb\"},\"inLanguage\":\"fr-FR\",\"potentialAction\":[{\"@type\":\"ReadAction\",\"target\":[\"https:\\\/\\\/districos.standingout.be\\\/fr\\\/product\\\/sechoir-pour-28-pinceaux-ref-8800-54\\\/\"]}]},{\"@type\":\"ImageObject\",\"inLanguage\":\"fr-FR\",\"@id\":\"https:\\\/\\\/districos.standingout.be\\\/fr\\\/product\\\/sechoir-pour-28-pinceaux-ref-8800-54\\\/#primaryimage\",\"url\":\"https:\\\/\\\/districos.standingout.be\\\/wp-content\\\/uploads\\\/2025\\\/07\\\/8800.54@HighRes_0_99.png\",\"contentUrl\":\"https:\\\/\\\/districos.standingout.be\\\/wp-content\\\/uploads\\\/2025\\\/07\\\/8800.54@HighRes_0_99.png\",\"width\":600,\"height\":600},{\"@type\":\"BreadcrumbList\",\"@id\":\"https:\\\/\\\/districos.standingout.be\\\/fr\\\/product\\\/sechoir-pour-28-pinceaux-ref-8800-54\\\/#breadcrumb\",\"itemListElement\":[{\"@type\":\"ListItem\",\"position\":1,\"name\":\"Home\",\"item\":\"https:\\\/\\\/districos.standingout.be\\\/fr\\\/bienvenue-chez-districos\\\/\"},{\"@type\":\"ListItem\",\"position\":2,\"name\":\"Boutique\",\"item\":\"https:\\\/\\\/districos.standingout.be\\\/fr\\\/boutique\\\/\"},{\"@type\":\"ListItem\",\"position\":3,\"name\":\"S\u00e9choir pour 28 pinceaux\"}]},{\"@type\":\"WebSite\",\"@id\":\"https:\\\/\\\/districos.standingout.be\\\/fr\\\/#website\",\"url\":\"https:\\\/\\\/districos.standingout.be\\\/fr\\\/\",\"name\":\"Districos Webshop\",\"description\":\"\",\"publisher\":{\"@id\":\"https:\\\/\\\/districos.standingout.be\\\/fr\\\/#organization\"},\"potentialAction\":[{\"@type\":\"SearchAction\",\"target\":{\"@type\":\"EntryPoint\",\"urlTemplate\":\"https:\\\/\\\/districos.standingout.be\\\/fr\\\/?s={search_term_string}\"},\"query-input\":{\"@type\":\"PropertyValueSpecification\",\"valueRequired\":true,\"valueName\":\"search_term_string\"}}],\"inLanguage\":\"fr-FR\"},{\"@type\":\"Organization\",\"@id\":\"https:\\\/\\\/districos.standingout.be\\\/fr\\\/#organization\",\"name\":\"Districos Webshop\",\"url\":\"https:\\\/\\\/districos.standingout.be\\\/fr\\\/\",\"logo\":{\"@type\":\"ImageObject\",\"inLanguage\":\"fr-FR\",\"@id\":\"https:\\\/\\\/districos.standingout.be\\\/fr\\\/#\\\/schema\\\/logo\\\/image\\\/\",\"url\":\"https:\\\/\\\/districos.standingout.be\\\/wp-content\\\/uploads\\\/2022\\\/09\\\/Districos_Logo_Webshop.svg\",\"contentUrl\":\"https:\\\/\\\/districos.standingout.be\\\/wp-content\\\/uploads\\\/2022\\\/09\\\/Districos_Logo_Webshop.svg\",\"caption\":\"Districos Webshop\"},\"image\":{\"@id\":\"https:\\\/\\\/districos.standingout.be\\\/fr\\\/#\\\/schema\\\/logo\\\/image\\\/\"}}]}<\/script>\n<!-- \/ Yoast SEO plugin. -->","yoast_head_json":{"title":"S\u00e9choir pour 28 pinceaux - Districos Webshop","robots":{"index":"noindex","follow":"follow","max-snippet":"max-snippet:-1","max-image-preview":"max-image-preview:large","max-video-preview":"max-video-preview:-1"},"og_locale":"fr_FR","og_type":"article","og_title":"S\u00e9choir pour 28 pinceaux - Districos Webshop","og_description":"Laissez s\u00e9cher vos pinceaux dans ce s\u00e9choir pratique. Introduisez les pinceaux par-dessous dans les trous avec les poils vers le bas afin qu\u2019ils puissent s\u2019\u00e9goutter et s\u00e9cher sans que le liquide ne coule dans le manche du pinceau. De cette fa\u00e7on, vous \u00e9vitez que les poils et la t\u00eate ne se d\u00e9tachent du manche. Profitez [&hellip;]","og_url":"https:\/\/districos.standingout.be\/fr\/product\/sechoir-pour-28-pinceaux-ref-8800-54\/","og_site_name":"Districos Webshop","article_modified_time":"2026-04-28T10:34:31+00:00","twitter_card":"summary_large_image","twitter_misc":{"Dur\u00e9e de lecture estim\u00e9e":"1 minute"},"schema":{"@context":"https:\/\/schema.org","@graph":[{"@type":"WebPage","@id":"https:\/\/districos.standingout.be\/fr\/product\/sechoir-pour-28-pinceaux-ref-8800-54\/","url":"https:\/\/districos.standingout.be\/fr\/product\/sechoir-pour-28-pinceaux-ref-8800-54\/","name":"S\u00e9choir pour 28 pinceaux - Districos Webshop","isPartOf":{"@id":"https:\/\/districos.standingout.be\/fr\/#website"},"primaryImageOfPage":{"@id":"https:\/\/districos.standingout.be\/fr\/product\/sechoir-pour-28-pinceaux-ref-8800-54\/#primaryimage"},"image":{"@id":"https:\/\/districos.standingout.be\/fr\/product\/sechoir-pour-28-pinceaux-ref-8800-54\/#primaryimage"},"thumbnailUrl":"https:\/\/districos.standingout.be\/wp-content\/uploads\/2025\/07\/8800.54@HighRes_0_99.png","datePublished":"2026-04-28T10:34:27+00:00","dateModified":"2026-04-28T10:34:31+00:00","breadcrumb":{"@id":"https:\/\/districos.standingout.be\/fr\/product\/sechoir-pour-28-pinceaux-ref-8800-54\/#breadcrumb"},"inLanguage":"fr-FR","potentialAction":[{"@type":"ReadAction","target":["https:\/\/districos.standingout.be\/fr\/product\/sechoir-pour-28-pinceaux-ref-8800-54\/"]}]},{"@type":"ImageObject","inLanguage":"fr-FR","@id":"https:\/\/districos.standingout.be\/fr\/product\/sechoir-pour-28-pinceaux-ref-8800-54\/#primaryimage","url":"https:\/\/districos.standingout.be\/wp-content\/uploads\/2025\/07\/8800.54@HighRes_0_99.png","contentUrl":"https:\/\/districos.standingout.be\/wp-content\/uploads\/2025\/07\/8800.54@HighRes_0_99.png","width":600,"height":600},{"@type":"BreadcrumbList","@id":"https:\/\/districos.standingout.be\/fr\/product\/sechoir-pour-28-pinceaux-ref-8800-54\/#breadcrumb","itemListElement":[{"@type":"ListItem","position":1,"name":"Home","item":"https:\/\/districos.standingout.be\/fr\/bienvenue-chez-districos\/"},{"@type":"ListItem","position":2,"name":"Boutique","item":"https:\/\/districos.standingout.be\/fr\/boutique\/"},{"@type":"ListItem","position":3,"name":"S\u00e9choir pour 28 pinceaux"}]},{"@type":"WebSite","@id":"https:\/\/districos.standingout.be\/fr\/#website","url":"https:\/\/districos.standingout.be\/fr\/","name":"Districos Webshop","description":"","publisher":{"@id":"https:\/\/districos.standingout.be\/fr\/#organization"},"potentialAction":[{"@type":"SearchAction","target":{"@type":"EntryPoint","urlTemplate":"https:\/\/districos.standingout.be\/fr\/?s={search_term_string}"},"query-input":{"@type":"PropertyValueSpecification","valueRequired":true,"valueName":"search_term_string"}}],"inLanguage":"fr-FR"},{"@type":"Organization","@id":"https:\/\/districos.standingout.be\/fr\/#organization","name":"Districos Webshop","url":"https:\/\/districos.standingout.be\/fr\/","logo":{"@type":"ImageObject","inLanguage":"fr-FR","@id":"https:\/\/districos.standingout.be\/fr\/#\/schema\/logo\/image\/","url":"https:\/\/districos.standingout.be\/wp-content\/uploads\/2022\/09\/Districos_Logo_Webshop.svg","contentUrl":"https:\/\/districos.standingout.be\/wp-content\/uploads\/2022\/09\/Districos_Logo_Webshop.svg","caption":"Districos Webshop"},"image":{"@id":"https:\/\/districos.standingout.be\/fr\/#\/schema\/logo\/image\/"}}]}},"_links":{"self":[{"href":"https:\/\/districos.standingout.be\/fr\/wp-json\/wp\/v2\/product\/140119","targetHints":{"allow":["GET"]}}],"collection":[{"href":"https:\/\/districos.standingout.be\/fr\/wp-json\/wp\/v2\/product"}],"about":[{"href":"https:\/\/districos.standingout.be\/fr\/wp-json\/wp\/v2\/types\/product"}],"replies":[{"embeddable":true,"href":"https:\/\/districos.standingout.be\/fr\/wp-json\/wp\/v2\/comments?post=140119"}],"wp:featuredmedia":[{"embeddable":true,"href":"https:\/\/districos.standingout.be\/fr\/wp-json\/wp\/v2\/media\/83420"}],"wp:attachment":[{"href":"https:\/\/districos.standingout.be\/fr\/wp-json\/wp\/v2\/media?parent=140119"}],"wp:term":[{"taxonomy":"product_brand","embeddable":true,"href":"https:\/\/districos.standingout.be\/fr\/wp-json\/wp\/v2\/product_brand?post=140119"},{"taxonomy":"product_cat","embeddable":true,"href":"https:\/\/districos.standingout.be\/fr\/wp-json\/wp\/v2\/product_cat?post=140119"},{"taxonomy":"product_tag","embeddable":true,"href":"https:\/\/districos.standingout.be\/fr\/wp-json\/wp\/v2\/product_tag?post=140119"}],"curies":[{"name":"wp","href":"https:\/\/api.w.org\/{rel}","templated":true}]}}