{"id":140123,"date":"2026-04-28T12:34:36","date_gmt":"2026-04-28T10:34:36","guid":{"rendered":"https:\/\/webshopdistricoscom.webhosting.be\/product\/alcool-desinfectant-70-5-l-ref-8821-01\/"},"modified":"2026-04-28T12:34:41","modified_gmt":"2026-04-28T10:34:41","slug":"alcool-desinfectant-70-5-l-ref-8821-01","status":"publish","type":"product","link":"https:\/\/districos.standingout.be\/fr\/product\/alcool-desinfectant-70-5-l-ref-8821-01\/","title":{"rendered":"Alcool D\u00e9sinfectant 70 % 5 l"},"content":{"rendered":"<p >\n<\/p>\n<\/p>\n<\/p>\n<p dir=\"ltr\">Pour la d\u00e9sinfection d\u2019instruments et des surfaces de travail. Attention ! Ne jamais soigner des plaies ouvertes avec cet alcool de d\u00e9sinfection.<\/p>\n<ul>\n<li><span>Emballage : bidon \u00e9co de 5 l<\/span><\/li>\n<li><span>Optionnel : pompe de compression pratique<\/span><\/li>\n<\/ul>\n<p><span>\u00c9galement disponible en bidon d\u2019 1 l (R\u00e9f. : <\/span><a href=\"&quot;https:\/\/www.districos.com\/index.php\/fr\/artikel\/ontsmettingsalcohol-70-1-l&quot;\" target=\"_blank\" rel=\"noopener noreferrer nofollow\">8821.02<\/a><span>)<\/span><\/p>\n<\/p>\n<div><span><br \/><\/span><\/div>\n<div>\n<p data-start=\"76\" data-end=\"116\"><font size=\"1\"><strong data-start=\"76\" data-end=\"116\">ATTENTION \u2013 SUPPL\u00c9MENT POUR LIQUIDES<\/strong><\/font><\/p>\n<p dir=\"ltr\"><font size=\"1\"><\/font><\/p>\n<p data-start=\"76\" data-end=\"116\"><font size=\"1\"><\/font><\/p>\n<p data-start=\"118\" data-end=\"392\"><font size=\"1\">Pour les commandes livr\u00e9es contenant plus de&nbsp;<strong data-start=\"155\" data-end=\"180\">15 litres de liquides<\/strong>, un suppl\u00e9ment de&nbsp;<strong data-start=\"199\" data-end=\"245\">0,50 \u20ac (hors TVA) par litre suppl\u00e9mentaire<\/strong>&nbsp;sera appliqu\u00e9 au-del\u00e0 de ce volume.<br data-start=\"281\" data-end=\"284\">Ce suppl\u00e9ment couvre les co\u00fbts additionnels li\u00e9s \u00e0 l\u2019emballage, la manutention et le transport des liquides.<\/font><\/p>\n<\/div>\n","protected":false},"excerpt":{"rendered":"<p>Pour la d\u00e9sinfection d\u2019instruments et des surfaces de travail. Attention ! Ne jamais soigner des plaies ouvertes avec cet alcool de d\u00e9sinfection. Emballage : bidon \u00e9co de 5 l Optionnel : pompe de compression pratique \u00c9galement disponible en bidon d\u2019 1 l (R\u00e9f. : 8821.02) ATTENTION \u2013 SUPPL\u00c9MENT POUR LIQUIDES Pour les commandes livr\u00e9es contenant [&hellip;]<\/p>\n","protected":false},"featured_media":83426,"comment_status":"open","ping_status":"closed","template":"","meta":{"_acf_changed":false},"product_brand":[10530],"product_cat":[9958,10118,9988],"product_tag":[],"class_list":{"0":"post-140123","1":"product","2":"type-product","3":"status-publish","4":"has-post-thumbnail","6":"product_brand-reymerink-fr","7":"product_cat-beaute-pedicure-desinfection-nettoyage","8":"product_cat-hygiene-articles-jetables-desinfection-nettoyage-produits-de-desinfection-de-nettoyage","9":"product_cat-soins-des-pieds-podologie-desinfection-nettoyage-produits-de-desinfection-de-nettoyage","11":"first","12":"instock","13":"taxable","14":"shipping-taxable","15":"product-type-simple"},"acf":[],"yoast_head":"<!-- This site is optimized with the Yoast SEO plugin v27.3 - https:\/\/yoast.com\/product\/yoast-seo-wordpress\/ -->\n<title>Alcool D\u00e9sinfectant 70 % 5 l - Districos Webshop<\/title>\n<meta name=\"robots\" content=\"noindex, follow, max-snippet:-1, max-image-preview:large, max-video-preview:-1\" \/>\n<meta property=\"og:locale\" content=\"fr_FR\" \/>\n<meta property=\"og:type\" content=\"article\" \/>\n<meta property=\"og:title\" content=\"Alcool D\u00e9sinfectant 70 % 5 l - Districos Webshop\" \/>\n<meta property=\"og:description\" content=\"Pour la d\u00e9sinfection d\u2019instruments et des surfaces de travail. Attention ! Ne jamais soigner des plaies ouvertes avec cet alcool de d\u00e9sinfection. Emballage : bidon \u00e9co de 5 l Optionnel : pompe de compression pratique \u00c9galement disponible en bidon d\u2019 1 l (R\u00e9f. : 8821.02) ATTENTION \u2013 SUPPL\u00c9MENT POUR LIQUIDES Pour les commandes livr\u00e9es contenant [&hellip;]\" \/>\n<meta property=\"og:url\" content=\"https:\/\/districos.standingout.be\/fr\/product\/alcool-desinfectant-70-5-l-ref-8821-01\/\" \/>\n<meta property=\"og:site_name\" content=\"Districos Webshop\" \/>\n<meta property=\"article:modified_time\" content=\"2026-04-28T10:34:41+00:00\" \/>\n<meta name=\"twitter:card\" content=\"summary_large_image\" \/>\n<script type=\"application\/ld+json\" class=\"yoast-schema-graph\">{\"@context\":\"https:\\\/\\\/schema.org\",\"@graph\":[{\"@type\":\"WebPage\",\"@id\":\"https:\\\/\\\/districos.standingout.be\\\/fr\\\/product\\\/alcool-desinfectant-70-5-l-ref-8821-01\\\/\",\"url\":\"https:\\\/\\\/districos.standingout.be\\\/fr\\\/product\\\/alcool-desinfectant-70-5-l-ref-8821-01\\\/\",\"name\":\"Alcool D\u00e9sinfectant 70 % 5 l - Districos Webshop\",\"isPartOf\":{\"@id\":\"https:\\\/\\\/districos.standingout.be\\\/fr\\\/#website\"},\"primaryImageOfPage\":{\"@id\":\"https:\\\/\\\/districos.standingout.be\\\/fr\\\/product\\\/alcool-desinfectant-70-5-l-ref-8821-01\\\/#primaryimage\"},\"image\":{\"@id\":\"https:\\\/\\\/districos.standingout.be\\\/fr\\\/product\\\/alcool-desinfectant-70-5-l-ref-8821-01\\\/#primaryimage\"},\"thumbnailUrl\":\"https:\\\/\\\/districos.standingout.be\\\/wp-content\\\/uploads\\\/2025\\\/07\\\/8821.01@LowRes_1_0.png\",\"datePublished\":\"2026-04-28T10:34:36+00:00\",\"dateModified\":\"2026-04-28T10:34:41+00:00\",\"breadcrumb\":{\"@id\":\"https:\\\/\\\/districos.standingout.be\\\/fr\\\/product\\\/alcool-desinfectant-70-5-l-ref-8821-01\\\/#breadcrumb\"},\"inLanguage\":\"fr-FR\",\"potentialAction\":[{\"@type\":\"ReadAction\",\"target\":[\"https:\\\/\\\/districos.standingout.be\\\/fr\\\/product\\\/alcool-desinfectant-70-5-l-ref-8821-01\\\/\"]}]},{\"@type\":\"ImageObject\",\"inLanguage\":\"fr-FR\",\"@id\":\"https:\\\/\\\/districos.standingout.be\\\/fr\\\/product\\\/alcool-desinfectant-70-5-l-ref-8821-01\\\/#primaryimage\",\"url\":\"https:\\\/\\\/districos.standingout.be\\\/wp-content\\\/uploads\\\/2025\\\/07\\\/8821.01@LowRes_1_0.png\",\"contentUrl\":\"https:\\\/\\\/districos.standingout.be\\\/wp-content\\\/uploads\\\/2025\\\/07\\\/8821.01@LowRes_1_0.png\",\"width\":600,\"height\":600},{\"@type\":\"BreadcrumbList\",\"@id\":\"https:\\\/\\\/districos.standingout.be\\\/fr\\\/product\\\/alcool-desinfectant-70-5-l-ref-8821-01\\\/#breadcrumb\",\"itemListElement\":[{\"@type\":\"ListItem\",\"position\":1,\"name\":\"Home\",\"item\":\"https:\\\/\\\/districos.standingout.be\\\/fr\\\/bienvenue-chez-districos\\\/\"},{\"@type\":\"ListItem\",\"position\":2,\"name\":\"Boutique\",\"item\":\"https:\\\/\\\/districos.standingout.be\\\/fr\\\/boutique\\\/\"},{\"@type\":\"ListItem\",\"position\":3,\"name\":\"Alcool D\u00e9sinfectant 70 % 5 l\"}]},{\"@type\":\"WebSite\",\"@id\":\"https:\\\/\\\/districos.standingout.be\\\/fr\\\/#website\",\"url\":\"https:\\\/\\\/districos.standingout.be\\\/fr\\\/\",\"name\":\"Districos Webshop\",\"description\":\"\",\"publisher\":{\"@id\":\"https:\\\/\\\/districos.standingout.be\\\/fr\\\/#organization\"},\"potentialAction\":[{\"@type\":\"SearchAction\",\"target\":{\"@type\":\"EntryPoint\",\"urlTemplate\":\"https:\\\/\\\/districos.standingout.be\\\/fr\\\/?s={search_term_string}\"},\"query-input\":{\"@type\":\"PropertyValueSpecification\",\"valueRequired\":true,\"valueName\":\"search_term_string\"}}],\"inLanguage\":\"fr-FR\"},{\"@type\":\"Organization\",\"@id\":\"https:\\\/\\\/districos.standingout.be\\\/fr\\\/#organization\",\"name\":\"Districos Webshop\",\"url\":\"https:\\\/\\\/districos.standingout.be\\\/fr\\\/\",\"logo\":{\"@type\":\"ImageObject\",\"inLanguage\":\"fr-FR\",\"@id\":\"https:\\\/\\\/districos.standingout.be\\\/fr\\\/#\\\/schema\\\/logo\\\/image\\\/\",\"url\":\"https:\\\/\\\/districos.standingout.be\\\/wp-content\\\/uploads\\\/2022\\\/09\\\/Districos_Logo_Webshop.svg\",\"contentUrl\":\"https:\\\/\\\/districos.standingout.be\\\/wp-content\\\/uploads\\\/2022\\\/09\\\/Districos_Logo_Webshop.svg\",\"caption\":\"Districos Webshop\"},\"image\":{\"@id\":\"https:\\\/\\\/districos.standingout.be\\\/fr\\\/#\\\/schema\\\/logo\\\/image\\\/\"}}]}<\/script>\n<!-- \/ Yoast SEO plugin. -->","yoast_head_json":{"title":"Alcool D\u00e9sinfectant 70 % 5 l - Districos Webshop","robots":{"index":"noindex","follow":"follow","max-snippet":"max-snippet:-1","max-image-preview":"max-image-preview:large","max-video-preview":"max-video-preview:-1"},"og_locale":"fr_FR","og_type":"article","og_title":"Alcool D\u00e9sinfectant 70 % 5 l - Districos Webshop","og_description":"Pour la d\u00e9sinfection d\u2019instruments et des surfaces de travail. Attention ! Ne jamais soigner des plaies ouvertes avec cet alcool de d\u00e9sinfection. Emballage : bidon \u00e9co de 5 l Optionnel : pompe de compression pratique \u00c9galement disponible en bidon d\u2019 1 l (R\u00e9f. : 8821.02) ATTENTION \u2013 SUPPL\u00c9MENT POUR LIQUIDES Pour les commandes livr\u00e9es contenant [&hellip;]","og_url":"https:\/\/districos.standingout.be\/fr\/product\/alcool-desinfectant-70-5-l-ref-8821-01\/","og_site_name":"Districos Webshop","article_modified_time":"2026-04-28T10:34:41+00:00","twitter_card":"summary_large_image","schema":{"@context":"https:\/\/schema.org","@graph":[{"@type":"WebPage","@id":"https:\/\/districos.standingout.be\/fr\/product\/alcool-desinfectant-70-5-l-ref-8821-01\/","url":"https:\/\/districos.standingout.be\/fr\/product\/alcool-desinfectant-70-5-l-ref-8821-01\/","name":"Alcool D\u00e9sinfectant 70 % 5 l - Districos Webshop","isPartOf":{"@id":"https:\/\/districos.standingout.be\/fr\/#website"},"primaryImageOfPage":{"@id":"https:\/\/districos.standingout.be\/fr\/product\/alcool-desinfectant-70-5-l-ref-8821-01\/#primaryimage"},"image":{"@id":"https:\/\/districos.standingout.be\/fr\/product\/alcool-desinfectant-70-5-l-ref-8821-01\/#primaryimage"},"thumbnailUrl":"https:\/\/districos.standingout.be\/wp-content\/uploads\/2025\/07\/8821.01@LowRes_1_0.png","datePublished":"2026-04-28T10:34:36+00:00","dateModified":"2026-04-28T10:34:41+00:00","breadcrumb":{"@id":"https:\/\/districos.standingout.be\/fr\/product\/alcool-desinfectant-70-5-l-ref-8821-01\/#breadcrumb"},"inLanguage":"fr-FR","potentialAction":[{"@type":"ReadAction","target":["https:\/\/districos.standingout.be\/fr\/product\/alcool-desinfectant-70-5-l-ref-8821-01\/"]}]},{"@type":"ImageObject","inLanguage":"fr-FR","@id":"https:\/\/districos.standingout.be\/fr\/product\/alcool-desinfectant-70-5-l-ref-8821-01\/#primaryimage","url":"https:\/\/districos.standingout.be\/wp-content\/uploads\/2025\/07\/8821.01@LowRes_1_0.png","contentUrl":"https:\/\/districos.standingout.be\/wp-content\/uploads\/2025\/07\/8821.01@LowRes_1_0.png","width":600,"height":600},{"@type":"BreadcrumbList","@id":"https:\/\/districos.standingout.be\/fr\/product\/alcool-desinfectant-70-5-l-ref-8821-01\/#breadcrumb","itemListElement":[{"@type":"ListItem","position":1,"name":"Home","item":"https:\/\/districos.standingout.be\/fr\/bienvenue-chez-districos\/"},{"@type":"ListItem","position":2,"name":"Boutique","item":"https:\/\/districos.standingout.be\/fr\/boutique\/"},{"@type":"ListItem","position":3,"name":"Alcool D\u00e9sinfectant 70 % 5 l"}]},{"@type":"WebSite","@id":"https:\/\/districos.standingout.be\/fr\/#website","url":"https:\/\/districos.standingout.be\/fr\/","name":"Districos Webshop","description":"","publisher":{"@id":"https:\/\/districos.standingout.be\/fr\/#organization"},"potentialAction":[{"@type":"SearchAction","target":{"@type":"EntryPoint","urlTemplate":"https:\/\/districos.standingout.be\/fr\/?s={search_term_string}"},"query-input":{"@type":"PropertyValueSpecification","valueRequired":true,"valueName":"search_term_string"}}],"inLanguage":"fr-FR"},{"@type":"Organization","@id":"https:\/\/districos.standingout.be\/fr\/#organization","name":"Districos Webshop","url":"https:\/\/districos.standingout.be\/fr\/","logo":{"@type":"ImageObject","inLanguage":"fr-FR","@id":"https:\/\/districos.standingout.be\/fr\/#\/schema\/logo\/image\/","url":"https:\/\/districos.standingout.be\/wp-content\/uploads\/2022\/09\/Districos_Logo_Webshop.svg","contentUrl":"https:\/\/districos.standingout.be\/wp-content\/uploads\/2022\/09\/Districos_Logo_Webshop.svg","caption":"Districos Webshop"},"image":{"@id":"https:\/\/districos.standingout.be\/fr\/#\/schema\/logo\/image\/"}}]}},"_links":{"self":[{"href":"https:\/\/districos.standingout.be\/fr\/wp-json\/wp\/v2\/product\/140123","targetHints":{"allow":["GET"]}}],"collection":[{"href":"https:\/\/districos.standingout.be\/fr\/wp-json\/wp\/v2\/product"}],"about":[{"href":"https:\/\/districos.standingout.be\/fr\/wp-json\/wp\/v2\/types\/product"}],"replies":[{"embeddable":true,"href":"https:\/\/districos.standingout.be\/fr\/wp-json\/wp\/v2\/comments?post=140123"}],"wp:featuredmedia":[{"embeddable":true,"href":"https:\/\/districos.standingout.be\/fr\/wp-json\/wp\/v2\/media\/83426"}],"wp:attachment":[{"href":"https:\/\/districos.standingout.be\/fr\/wp-json\/wp\/v2\/media?parent=140123"}],"wp:term":[{"taxonomy":"product_brand","embeddable":true,"href":"https:\/\/districos.standingout.be\/fr\/wp-json\/wp\/v2\/product_brand?post=140123"},{"taxonomy":"product_cat","embeddable":true,"href":"https:\/\/districos.standingout.be\/fr\/wp-json\/wp\/v2\/product_cat?post=140123"},{"taxonomy":"product_tag","embeddable":true,"href":"https:\/\/districos.standingout.be\/fr\/wp-json\/wp\/v2\/product_tag?post=140123"}],"curies":[{"name":"wp","href":"https:\/\/api.w.org\/{rel}","templated":true}]}}