{"id":140131,"date":"2026-04-28T12:34:59","date_gmt":"2026-04-28T10:34:59","guid":{"rendered":"https:\/\/webshopdistricoscom.webhosting.be\/product\/flacon-plastique-vide-avec-pompe-100-ml-ref-8821-05\/"},"modified":"2026-04-28T12:35:05","modified_gmt":"2026-04-28T10:35:05","slug":"flacon-plastique-vide-avec-pompe-100-ml-ref-8821-05","status":"publish","type":"product","link":"https:\/\/districos.standingout.be\/fr\/product\/flacon-plastique-vide-avec-pompe-100-ml-ref-8821-05\/","title":{"rendered":"Flacon Plastique Vide avec Pompe 100 ml"},"content":{"rendered":"<p >\n<p dir=\"ltr\">Arr\u00eatez de tra\u00eener ces grands emballages de cabine. Emportez plut\u00f4t ces petits flacons pratiques lorsque vous allez en d\u00e9placement. Ou cr\u00e9ez vos propres testeurs. <\/p>\n<p> Contenu : 100 ml<\/p>\n<p dir=\"ltr\"><\/p>\n<p dir=\"ltr\"><b>Aussi Disponible:<\/b><\/p>\n<p dir=\"ltr\">Flacon Plastique Vide avec Pompe 200 ml (<a href=\"https:\/\/webshop.districos.com\/ProductDetail\/8821.18\" target=\"_blank\" rel=\"noopener noreferrer nofollow\">r\u00e9f. 8821.18<\/a>)<\/p>\n<p dir=\"ltr\"><span>Flacon Spray Plastique Vide<\/span>&nbsp;100 ml (<a href=\"https:\/\/webshop.districos.com\/ProductDetail\/8821.07\" target=\"_blank\" rel=\"noopener noreferrer nofollow\">r\u00e9f. 8821.07<\/a>)<\/p>\n<p dir=\"ltr\">Flacon Spray Plastique Vide 200 ml (<a href=\"https:\/\/webshop.districos.com\/ProductDetail\/8821.17\" target=\"_blank\" rel=\"noopener noreferrer nofollow\">r\u00e9f. 8821.17<\/a>)<\/p><\/p>\n","protected":false},"excerpt":{"rendered":"<p>Arr\u00eatez de tra\u00eener ces grands emballages de cabine. Emportez plut\u00f4t ces petits flacons pratiques lorsque vous allez en d\u00e9placement. Ou cr\u00e9ez vos propres testeurs. Contenu : 100 ml Aussi Disponible: Flacon Plastique Vide avec Pompe 200 ml (r\u00e9f. 8821.18) Flacon Spray Plastique Vide&nbsp;100 ml (r\u00e9f. 8821.07) Flacon Spray Plastique Vide 200 ml (r\u00e9f. 8821.17)<\/p>\n","protected":false},"featured_media":83435,"comment_status":"open","ping_status":"closed","template":"","meta":{"_acf_changed":false},"product_brand":[10380],"product_cat":[9992,10136,10158],"product_tag":[],"class_list":{"0":"post-140131","1":"product","2":"type-product","3":"status-publish","4":"has-post-thumbnail","6":"product_brand-districos-fr","7":"product_cat-soins-des-pieds-podologie-desinfection-nettoyage-articles-jetables","8":"product_cat-hygiene-articles-jetables-hygiene-protection-equipements-de-protection-individuelle-epi","9":"product_cat-hygiene-articles-jetables-distributeurs-plastique","11":"first","12":"instock","13":"taxable","14":"shipping-taxable","15":"product-type-simple"},"acf":[],"yoast_head":"<!-- This site is optimized with the Yoast SEO plugin v27.3 - https:\/\/yoast.com\/product\/yoast-seo-wordpress\/ -->\n<title>Flacon Plastique Vide avec Pompe 100 ml - Districos Webshop<\/title>\n<meta name=\"robots\" content=\"noindex, follow, max-snippet:-1, max-image-preview:large, max-video-preview:-1\" \/>\n<meta property=\"og:locale\" content=\"fr_FR\" \/>\n<meta property=\"og:type\" content=\"article\" \/>\n<meta property=\"og:title\" content=\"Flacon Plastique Vide avec Pompe 100 ml - Districos Webshop\" \/>\n<meta property=\"og:description\" content=\"Arr\u00eatez de tra\u00eener ces grands emballages de cabine. Emportez plut\u00f4t ces petits flacons pratiques lorsque vous allez en d\u00e9placement. Ou cr\u00e9ez vos propres testeurs. Contenu : 100 ml Aussi Disponible: Flacon Plastique Vide avec Pompe 200 ml (r\u00e9f. 8821.18) Flacon Spray Plastique Vide&nbsp;100 ml (r\u00e9f. 8821.07) Flacon Spray Plastique Vide 200 ml (r\u00e9f. 8821.17)\" \/>\n<meta property=\"og:url\" content=\"https:\/\/districos.standingout.be\/fr\/product\/flacon-plastique-vide-avec-pompe-100-ml-ref-8821-05\/\" \/>\n<meta property=\"og:site_name\" content=\"Districos Webshop\" \/>\n<meta property=\"article:modified_time\" content=\"2026-04-28T10:35:05+00:00\" \/>\n<meta name=\"twitter:card\" content=\"summary_large_image\" \/>\n<script type=\"application\/ld+json\" class=\"yoast-schema-graph\">{\"@context\":\"https:\\\/\\\/schema.org\",\"@graph\":[{\"@type\":\"WebPage\",\"@id\":\"https:\\\/\\\/districos.standingout.be\\\/fr\\\/product\\\/flacon-plastique-vide-avec-pompe-100-ml-ref-8821-05\\\/\",\"url\":\"https:\\\/\\\/districos.standingout.be\\\/fr\\\/product\\\/flacon-plastique-vide-avec-pompe-100-ml-ref-8821-05\\\/\",\"name\":\"Flacon Plastique Vide avec Pompe 100 ml - Districos Webshop\",\"isPartOf\":{\"@id\":\"https:\\\/\\\/districos.standingout.be\\\/fr\\\/#website\"},\"primaryImageOfPage\":{\"@id\":\"https:\\\/\\\/districos.standingout.be\\\/fr\\\/product\\\/flacon-plastique-vide-avec-pompe-100-ml-ref-8821-05\\\/#primaryimage\"},\"image\":{\"@id\":\"https:\\\/\\\/districos.standingout.be\\\/fr\\\/product\\\/flacon-plastique-vide-avec-pompe-100-ml-ref-8821-05\\\/#primaryimage\"},\"thumbnailUrl\":\"https:\\\/\\\/districos.standingout.be\\\/wp-content\\\/uploads\\\/2025\\\/07\\\/8821.05@LowRes_1_0.png\",\"datePublished\":\"2026-04-28T10:34:59+00:00\",\"dateModified\":\"2026-04-28T10:35:05+00:00\",\"breadcrumb\":{\"@id\":\"https:\\\/\\\/districos.standingout.be\\\/fr\\\/product\\\/flacon-plastique-vide-avec-pompe-100-ml-ref-8821-05\\\/#breadcrumb\"},\"inLanguage\":\"fr-FR\",\"potentialAction\":[{\"@type\":\"ReadAction\",\"target\":[\"https:\\\/\\\/districos.standingout.be\\\/fr\\\/product\\\/flacon-plastique-vide-avec-pompe-100-ml-ref-8821-05\\\/\"]}]},{\"@type\":\"ImageObject\",\"inLanguage\":\"fr-FR\",\"@id\":\"https:\\\/\\\/districos.standingout.be\\\/fr\\\/product\\\/flacon-plastique-vide-avec-pompe-100-ml-ref-8821-05\\\/#primaryimage\",\"url\":\"https:\\\/\\\/districos.standingout.be\\\/wp-content\\\/uploads\\\/2025\\\/07\\\/8821.05@LowRes_1_0.png\",\"contentUrl\":\"https:\\\/\\\/districos.standingout.be\\\/wp-content\\\/uploads\\\/2025\\\/07\\\/8821.05@LowRes_1_0.png\",\"width\":600,\"height\":600},{\"@type\":\"BreadcrumbList\",\"@id\":\"https:\\\/\\\/districos.standingout.be\\\/fr\\\/product\\\/flacon-plastique-vide-avec-pompe-100-ml-ref-8821-05\\\/#breadcrumb\",\"itemListElement\":[{\"@type\":\"ListItem\",\"position\":1,\"name\":\"Home\",\"item\":\"https:\\\/\\\/districos.standingout.be\\\/fr\\\/bienvenue-chez-districos\\\/\"},{\"@type\":\"ListItem\",\"position\":2,\"name\":\"Boutique\",\"item\":\"https:\\\/\\\/districos.standingout.be\\\/fr\\\/boutique\\\/\"},{\"@type\":\"ListItem\",\"position\":3,\"name\":\"Flacon Plastique Vide avec Pompe 100 ml\"}]},{\"@type\":\"WebSite\",\"@id\":\"https:\\\/\\\/districos.standingout.be\\\/fr\\\/#website\",\"url\":\"https:\\\/\\\/districos.standingout.be\\\/fr\\\/\",\"name\":\"Districos Webshop\",\"description\":\"\",\"publisher\":{\"@id\":\"https:\\\/\\\/districos.standingout.be\\\/fr\\\/#organization\"},\"potentialAction\":[{\"@type\":\"SearchAction\",\"target\":{\"@type\":\"EntryPoint\",\"urlTemplate\":\"https:\\\/\\\/districos.standingout.be\\\/fr\\\/?s={search_term_string}\"},\"query-input\":{\"@type\":\"PropertyValueSpecification\",\"valueRequired\":true,\"valueName\":\"search_term_string\"}}],\"inLanguage\":\"fr-FR\"},{\"@type\":\"Organization\",\"@id\":\"https:\\\/\\\/districos.standingout.be\\\/fr\\\/#organization\",\"name\":\"Districos Webshop\",\"url\":\"https:\\\/\\\/districos.standingout.be\\\/fr\\\/\",\"logo\":{\"@type\":\"ImageObject\",\"inLanguage\":\"fr-FR\",\"@id\":\"https:\\\/\\\/districos.standingout.be\\\/fr\\\/#\\\/schema\\\/logo\\\/image\\\/\",\"url\":\"https:\\\/\\\/districos.standingout.be\\\/wp-content\\\/uploads\\\/2022\\\/09\\\/Districos_Logo_Webshop.svg\",\"contentUrl\":\"https:\\\/\\\/districos.standingout.be\\\/wp-content\\\/uploads\\\/2022\\\/09\\\/Districos_Logo_Webshop.svg\",\"caption\":\"Districos Webshop\"},\"image\":{\"@id\":\"https:\\\/\\\/districos.standingout.be\\\/fr\\\/#\\\/schema\\\/logo\\\/image\\\/\"}}]}<\/script>\n<!-- \/ Yoast SEO plugin. -->","yoast_head_json":{"title":"Flacon Plastique Vide avec Pompe 100 ml - Districos Webshop","robots":{"index":"noindex","follow":"follow","max-snippet":"max-snippet:-1","max-image-preview":"max-image-preview:large","max-video-preview":"max-video-preview:-1"},"og_locale":"fr_FR","og_type":"article","og_title":"Flacon Plastique Vide avec Pompe 100 ml - Districos Webshop","og_description":"Arr\u00eatez de tra\u00eener ces grands emballages de cabine. Emportez plut\u00f4t ces petits flacons pratiques lorsque vous allez en d\u00e9placement. Ou cr\u00e9ez vos propres testeurs. Contenu : 100 ml Aussi Disponible: Flacon Plastique Vide avec Pompe 200 ml (r\u00e9f. 8821.18) Flacon Spray Plastique Vide&nbsp;100 ml (r\u00e9f. 8821.07) Flacon Spray Plastique Vide 200 ml (r\u00e9f. 8821.17)","og_url":"https:\/\/districos.standingout.be\/fr\/product\/flacon-plastique-vide-avec-pompe-100-ml-ref-8821-05\/","og_site_name":"Districos Webshop","article_modified_time":"2026-04-28T10:35:05+00:00","twitter_card":"summary_large_image","schema":{"@context":"https:\/\/schema.org","@graph":[{"@type":"WebPage","@id":"https:\/\/districos.standingout.be\/fr\/product\/flacon-plastique-vide-avec-pompe-100-ml-ref-8821-05\/","url":"https:\/\/districos.standingout.be\/fr\/product\/flacon-plastique-vide-avec-pompe-100-ml-ref-8821-05\/","name":"Flacon Plastique Vide avec Pompe 100 ml - Districos Webshop","isPartOf":{"@id":"https:\/\/districos.standingout.be\/fr\/#website"},"primaryImageOfPage":{"@id":"https:\/\/districos.standingout.be\/fr\/product\/flacon-plastique-vide-avec-pompe-100-ml-ref-8821-05\/#primaryimage"},"image":{"@id":"https:\/\/districos.standingout.be\/fr\/product\/flacon-plastique-vide-avec-pompe-100-ml-ref-8821-05\/#primaryimage"},"thumbnailUrl":"https:\/\/districos.standingout.be\/wp-content\/uploads\/2025\/07\/8821.05@LowRes_1_0.png","datePublished":"2026-04-28T10:34:59+00:00","dateModified":"2026-04-28T10:35:05+00:00","breadcrumb":{"@id":"https:\/\/districos.standingout.be\/fr\/product\/flacon-plastique-vide-avec-pompe-100-ml-ref-8821-05\/#breadcrumb"},"inLanguage":"fr-FR","potentialAction":[{"@type":"ReadAction","target":["https:\/\/districos.standingout.be\/fr\/product\/flacon-plastique-vide-avec-pompe-100-ml-ref-8821-05\/"]}]},{"@type":"ImageObject","inLanguage":"fr-FR","@id":"https:\/\/districos.standingout.be\/fr\/product\/flacon-plastique-vide-avec-pompe-100-ml-ref-8821-05\/#primaryimage","url":"https:\/\/districos.standingout.be\/wp-content\/uploads\/2025\/07\/8821.05@LowRes_1_0.png","contentUrl":"https:\/\/districos.standingout.be\/wp-content\/uploads\/2025\/07\/8821.05@LowRes_1_0.png","width":600,"height":600},{"@type":"BreadcrumbList","@id":"https:\/\/districos.standingout.be\/fr\/product\/flacon-plastique-vide-avec-pompe-100-ml-ref-8821-05\/#breadcrumb","itemListElement":[{"@type":"ListItem","position":1,"name":"Home","item":"https:\/\/districos.standingout.be\/fr\/bienvenue-chez-districos\/"},{"@type":"ListItem","position":2,"name":"Boutique","item":"https:\/\/districos.standingout.be\/fr\/boutique\/"},{"@type":"ListItem","position":3,"name":"Flacon Plastique Vide avec Pompe 100 ml"}]},{"@type":"WebSite","@id":"https:\/\/districos.standingout.be\/fr\/#website","url":"https:\/\/districos.standingout.be\/fr\/","name":"Districos Webshop","description":"","publisher":{"@id":"https:\/\/districos.standingout.be\/fr\/#organization"},"potentialAction":[{"@type":"SearchAction","target":{"@type":"EntryPoint","urlTemplate":"https:\/\/districos.standingout.be\/fr\/?s={search_term_string}"},"query-input":{"@type":"PropertyValueSpecification","valueRequired":true,"valueName":"search_term_string"}}],"inLanguage":"fr-FR"},{"@type":"Organization","@id":"https:\/\/districos.standingout.be\/fr\/#organization","name":"Districos Webshop","url":"https:\/\/districos.standingout.be\/fr\/","logo":{"@type":"ImageObject","inLanguage":"fr-FR","@id":"https:\/\/districos.standingout.be\/fr\/#\/schema\/logo\/image\/","url":"https:\/\/districos.standingout.be\/wp-content\/uploads\/2022\/09\/Districos_Logo_Webshop.svg","contentUrl":"https:\/\/districos.standingout.be\/wp-content\/uploads\/2022\/09\/Districos_Logo_Webshop.svg","caption":"Districos Webshop"},"image":{"@id":"https:\/\/districos.standingout.be\/fr\/#\/schema\/logo\/image\/"}}]}},"_links":{"self":[{"href":"https:\/\/districos.standingout.be\/fr\/wp-json\/wp\/v2\/product\/140131","targetHints":{"allow":["GET"]}}],"collection":[{"href":"https:\/\/districos.standingout.be\/fr\/wp-json\/wp\/v2\/product"}],"about":[{"href":"https:\/\/districos.standingout.be\/fr\/wp-json\/wp\/v2\/types\/product"}],"replies":[{"embeddable":true,"href":"https:\/\/districos.standingout.be\/fr\/wp-json\/wp\/v2\/comments?post=140131"}],"wp:featuredmedia":[{"embeddable":true,"href":"https:\/\/districos.standingout.be\/fr\/wp-json\/wp\/v2\/media\/83435"}],"wp:attachment":[{"href":"https:\/\/districos.standingout.be\/fr\/wp-json\/wp\/v2\/media?parent=140131"}],"wp:term":[{"taxonomy":"product_brand","embeddable":true,"href":"https:\/\/districos.standingout.be\/fr\/wp-json\/wp\/v2\/product_brand?post=140131"},{"taxonomy":"product_cat","embeddable":true,"href":"https:\/\/districos.standingout.be\/fr\/wp-json\/wp\/v2\/product_cat?post=140131"},{"taxonomy":"product_tag","embeddable":true,"href":"https:\/\/districos.standingout.be\/fr\/wp-json\/wp\/v2\/product_tag?post=140131"}],"curies":[{"name":"wp","href":"https:\/\/api.w.org\/{rel}","templated":true}]}}