{"id":140171,"date":"2026-04-28T12:35:37","date_gmt":"2026-04-28T10:35:37","guid":{"rendered":"https:\/\/webshopdistricoscom.webhosting.be\/product\/flacon-pour-liquides-250-ml-bouchon-rouge-ref-8821-09\/"},"modified":"2026-04-28T12:35:40","modified_gmt":"2026-04-28T10:35:40","slug":"flacon-pour-liquides-250-ml-bouchon-rouge-ref-8821-09","status":"publish","type":"product","link":"https:\/\/districos.standingout.be\/fr\/product\/flacon-pour-liquides-250-ml-bouchon-rouge-ref-8821-09\/","title":{"rendered":"Flacon pour Liquides 250 ml + Bouchon Rouge"},"content":{"rendered":"<p >\n<p dir=ltr>Arr\u00eatez de tra\u00eener ces grands emballages de cabine. Emportez plut\u00f4t ces petits flacons pratiques lorsque vous allez en d\u00e9placement. Ou cr\u00e9ez vos propres testeurs.<\/p>\n<p> Pratique pour, par exemple, des solutions HAC. <\/p>\n<p> Contenu : 250 ml<\/p><\/p>\n","protected":false},"excerpt":{"rendered":"<p>Arr\u00eatez de tra\u00eener ces grands emballages de cabine. Emportez plut\u00f4t ces petits flacons pratiques lorsque vous allez en d\u00e9placement. Ou cr\u00e9ez vos propres testeurs. Pratique pour, par exemple, des solutions HAC. Contenu : 250 ml<\/p>\n","protected":false},"featured_media":83450,"comment_status":"open","ping_status":"closed","template":"","meta":{"_acf_changed":false},"product_brand":[10380],"product_cat":[9992,10136,10158],"product_tag":[],"class_list":{"0":"post-140171","1":"product","2":"type-product","3":"status-publish","4":"has-post-thumbnail","6":"product_brand-districos-fr","7":"product_cat-soins-des-pieds-podologie-desinfection-nettoyage-articles-jetables","8":"product_cat-hygiene-articles-jetables-hygiene-protection-equipements-de-protection-individuelle-epi","9":"product_cat-hygiene-articles-jetables-distributeurs-plastique","11":"first","12":"instock","13":"taxable","14":"shipping-taxable","15":"product-type-simple"},"acf":[],"yoast_head":"<!-- This site is optimized with the Yoast SEO plugin v27.3 - https:\/\/yoast.com\/product\/yoast-seo-wordpress\/ -->\n<title>Flacon pour Liquides 250 ml + Bouchon Rouge - Districos Webshop<\/title>\n<meta name=\"robots\" content=\"noindex, follow, max-snippet:-1, max-image-preview:large, max-video-preview:-1\" \/>\n<meta property=\"og:locale\" content=\"fr_FR\" \/>\n<meta property=\"og:type\" content=\"article\" \/>\n<meta property=\"og:title\" content=\"Flacon pour Liquides 250 ml + Bouchon Rouge - Districos Webshop\" \/>\n<meta property=\"og:description\" content=\"Arr\u00eatez de tra\u00eener ces grands emballages de cabine. Emportez plut\u00f4t ces petits flacons pratiques lorsque vous allez en d\u00e9placement. Ou cr\u00e9ez vos propres testeurs. Pratique pour, par exemple, des solutions HAC. Contenu : 250 ml\" \/>\n<meta property=\"og:url\" content=\"https:\/\/districos.standingout.be\/fr\/product\/flacon-pour-liquides-250-ml-bouchon-rouge-ref-8821-09\/\" \/>\n<meta property=\"og:site_name\" content=\"Districos Webshop\" \/>\n<meta property=\"article:modified_time\" content=\"2026-04-28T10:35:40+00:00\" \/>\n<meta name=\"twitter:card\" content=\"summary_large_image\" \/>\n<script type=\"application\/ld+json\" class=\"yoast-schema-graph\">{\"@context\":\"https:\\\/\\\/schema.org\",\"@graph\":[{\"@type\":\"WebPage\",\"@id\":\"https:\\\/\\\/districos.standingout.be\\\/fr\\\/product\\\/flacon-pour-liquides-250-ml-bouchon-rouge-ref-8821-09\\\/\",\"url\":\"https:\\\/\\\/districos.standingout.be\\\/fr\\\/product\\\/flacon-pour-liquides-250-ml-bouchon-rouge-ref-8821-09\\\/\",\"name\":\"Flacon pour Liquides 250 ml + Bouchon Rouge - Districos Webshop\",\"isPartOf\":{\"@id\":\"https:\\\/\\\/districos.standingout.be\\\/fr\\\/#website\"},\"primaryImageOfPage\":{\"@id\":\"https:\\\/\\\/districos.standingout.be\\\/fr\\\/product\\\/flacon-pour-liquides-250-ml-bouchon-rouge-ref-8821-09\\\/#primaryimage\"},\"image\":{\"@id\":\"https:\\\/\\\/districos.standingout.be\\\/fr\\\/product\\\/flacon-pour-liquides-250-ml-bouchon-rouge-ref-8821-09\\\/#primaryimage\"},\"thumbnailUrl\":\"https:\\\/\\\/districos.standingout.be\\\/wp-content\\\/uploads\\\/2025\\\/07\\\/8821.09@LowRes_1_0.png\",\"datePublished\":\"2026-04-28T10:35:37+00:00\",\"dateModified\":\"2026-04-28T10:35:40+00:00\",\"breadcrumb\":{\"@id\":\"https:\\\/\\\/districos.standingout.be\\\/fr\\\/product\\\/flacon-pour-liquides-250-ml-bouchon-rouge-ref-8821-09\\\/#breadcrumb\"},\"inLanguage\":\"fr-FR\",\"potentialAction\":[{\"@type\":\"ReadAction\",\"target\":[\"https:\\\/\\\/districos.standingout.be\\\/fr\\\/product\\\/flacon-pour-liquides-250-ml-bouchon-rouge-ref-8821-09\\\/\"]}]},{\"@type\":\"ImageObject\",\"inLanguage\":\"fr-FR\",\"@id\":\"https:\\\/\\\/districos.standingout.be\\\/fr\\\/product\\\/flacon-pour-liquides-250-ml-bouchon-rouge-ref-8821-09\\\/#primaryimage\",\"url\":\"https:\\\/\\\/districos.standingout.be\\\/wp-content\\\/uploads\\\/2025\\\/07\\\/8821.09@LowRes_1_0.png\",\"contentUrl\":\"https:\\\/\\\/districos.standingout.be\\\/wp-content\\\/uploads\\\/2025\\\/07\\\/8821.09@LowRes_1_0.png\",\"width\":600,\"height\":600},{\"@type\":\"BreadcrumbList\",\"@id\":\"https:\\\/\\\/districos.standingout.be\\\/fr\\\/product\\\/flacon-pour-liquides-250-ml-bouchon-rouge-ref-8821-09\\\/#breadcrumb\",\"itemListElement\":[{\"@type\":\"ListItem\",\"position\":1,\"name\":\"Home\",\"item\":\"https:\\\/\\\/districos.standingout.be\\\/fr\\\/bienvenue-chez-districos\\\/\"},{\"@type\":\"ListItem\",\"position\":2,\"name\":\"Boutique\",\"item\":\"https:\\\/\\\/districos.standingout.be\\\/fr\\\/boutique\\\/\"},{\"@type\":\"ListItem\",\"position\":3,\"name\":\"Flacon pour Liquides 250 ml + Bouchon Rouge\"}]},{\"@type\":\"WebSite\",\"@id\":\"https:\\\/\\\/districos.standingout.be\\\/fr\\\/#website\",\"url\":\"https:\\\/\\\/districos.standingout.be\\\/fr\\\/\",\"name\":\"Districos Webshop\",\"description\":\"\",\"publisher\":{\"@id\":\"https:\\\/\\\/districos.standingout.be\\\/fr\\\/#organization\"},\"potentialAction\":[{\"@type\":\"SearchAction\",\"target\":{\"@type\":\"EntryPoint\",\"urlTemplate\":\"https:\\\/\\\/districos.standingout.be\\\/fr\\\/?s={search_term_string}\"},\"query-input\":{\"@type\":\"PropertyValueSpecification\",\"valueRequired\":true,\"valueName\":\"search_term_string\"}}],\"inLanguage\":\"fr-FR\"},{\"@type\":\"Organization\",\"@id\":\"https:\\\/\\\/districos.standingout.be\\\/fr\\\/#organization\",\"name\":\"Districos Webshop\",\"url\":\"https:\\\/\\\/districos.standingout.be\\\/fr\\\/\",\"logo\":{\"@type\":\"ImageObject\",\"inLanguage\":\"fr-FR\",\"@id\":\"https:\\\/\\\/districos.standingout.be\\\/fr\\\/#\\\/schema\\\/logo\\\/image\\\/\",\"url\":\"https:\\\/\\\/districos.standingout.be\\\/wp-content\\\/uploads\\\/2022\\\/09\\\/Districos_Logo_Webshop.svg\",\"contentUrl\":\"https:\\\/\\\/districos.standingout.be\\\/wp-content\\\/uploads\\\/2022\\\/09\\\/Districos_Logo_Webshop.svg\",\"caption\":\"Districos Webshop\"},\"image\":{\"@id\":\"https:\\\/\\\/districos.standingout.be\\\/fr\\\/#\\\/schema\\\/logo\\\/image\\\/\"}}]}<\/script>\n<!-- \/ Yoast SEO plugin. -->","yoast_head_json":{"title":"Flacon pour Liquides 250 ml + Bouchon Rouge - Districos Webshop","robots":{"index":"noindex","follow":"follow","max-snippet":"max-snippet:-1","max-image-preview":"max-image-preview:large","max-video-preview":"max-video-preview:-1"},"og_locale":"fr_FR","og_type":"article","og_title":"Flacon pour Liquides 250 ml + Bouchon Rouge - Districos Webshop","og_description":"Arr\u00eatez de tra\u00eener ces grands emballages de cabine. Emportez plut\u00f4t ces petits flacons pratiques lorsque vous allez en d\u00e9placement. Ou cr\u00e9ez vos propres testeurs. Pratique pour, par exemple, des solutions HAC. Contenu : 250 ml","og_url":"https:\/\/districos.standingout.be\/fr\/product\/flacon-pour-liquides-250-ml-bouchon-rouge-ref-8821-09\/","og_site_name":"Districos Webshop","article_modified_time":"2026-04-28T10:35:40+00:00","twitter_card":"summary_large_image","schema":{"@context":"https:\/\/schema.org","@graph":[{"@type":"WebPage","@id":"https:\/\/districos.standingout.be\/fr\/product\/flacon-pour-liquides-250-ml-bouchon-rouge-ref-8821-09\/","url":"https:\/\/districos.standingout.be\/fr\/product\/flacon-pour-liquides-250-ml-bouchon-rouge-ref-8821-09\/","name":"Flacon pour Liquides 250 ml + Bouchon Rouge - Districos Webshop","isPartOf":{"@id":"https:\/\/districos.standingout.be\/fr\/#website"},"primaryImageOfPage":{"@id":"https:\/\/districos.standingout.be\/fr\/product\/flacon-pour-liquides-250-ml-bouchon-rouge-ref-8821-09\/#primaryimage"},"image":{"@id":"https:\/\/districos.standingout.be\/fr\/product\/flacon-pour-liquides-250-ml-bouchon-rouge-ref-8821-09\/#primaryimage"},"thumbnailUrl":"https:\/\/districos.standingout.be\/wp-content\/uploads\/2025\/07\/8821.09@LowRes_1_0.png","datePublished":"2026-04-28T10:35:37+00:00","dateModified":"2026-04-28T10:35:40+00:00","breadcrumb":{"@id":"https:\/\/districos.standingout.be\/fr\/product\/flacon-pour-liquides-250-ml-bouchon-rouge-ref-8821-09\/#breadcrumb"},"inLanguage":"fr-FR","potentialAction":[{"@type":"ReadAction","target":["https:\/\/districos.standingout.be\/fr\/product\/flacon-pour-liquides-250-ml-bouchon-rouge-ref-8821-09\/"]}]},{"@type":"ImageObject","inLanguage":"fr-FR","@id":"https:\/\/districos.standingout.be\/fr\/product\/flacon-pour-liquides-250-ml-bouchon-rouge-ref-8821-09\/#primaryimage","url":"https:\/\/districos.standingout.be\/wp-content\/uploads\/2025\/07\/8821.09@LowRes_1_0.png","contentUrl":"https:\/\/districos.standingout.be\/wp-content\/uploads\/2025\/07\/8821.09@LowRes_1_0.png","width":600,"height":600},{"@type":"BreadcrumbList","@id":"https:\/\/districos.standingout.be\/fr\/product\/flacon-pour-liquides-250-ml-bouchon-rouge-ref-8821-09\/#breadcrumb","itemListElement":[{"@type":"ListItem","position":1,"name":"Home","item":"https:\/\/districos.standingout.be\/fr\/bienvenue-chez-districos\/"},{"@type":"ListItem","position":2,"name":"Boutique","item":"https:\/\/districos.standingout.be\/fr\/boutique\/"},{"@type":"ListItem","position":3,"name":"Flacon pour Liquides 250 ml + Bouchon Rouge"}]},{"@type":"WebSite","@id":"https:\/\/districos.standingout.be\/fr\/#website","url":"https:\/\/districos.standingout.be\/fr\/","name":"Districos Webshop","description":"","publisher":{"@id":"https:\/\/districos.standingout.be\/fr\/#organization"},"potentialAction":[{"@type":"SearchAction","target":{"@type":"EntryPoint","urlTemplate":"https:\/\/districos.standingout.be\/fr\/?s={search_term_string}"},"query-input":{"@type":"PropertyValueSpecification","valueRequired":true,"valueName":"search_term_string"}}],"inLanguage":"fr-FR"},{"@type":"Organization","@id":"https:\/\/districos.standingout.be\/fr\/#organization","name":"Districos Webshop","url":"https:\/\/districos.standingout.be\/fr\/","logo":{"@type":"ImageObject","inLanguage":"fr-FR","@id":"https:\/\/districos.standingout.be\/fr\/#\/schema\/logo\/image\/","url":"https:\/\/districos.standingout.be\/wp-content\/uploads\/2022\/09\/Districos_Logo_Webshop.svg","contentUrl":"https:\/\/districos.standingout.be\/wp-content\/uploads\/2022\/09\/Districos_Logo_Webshop.svg","caption":"Districos Webshop"},"image":{"@id":"https:\/\/districos.standingout.be\/fr\/#\/schema\/logo\/image\/"}}]}},"_links":{"self":[{"href":"https:\/\/districos.standingout.be\/fr\/wp-json\/wp\/v2\/product\/140171","targetHints":{"allow":["GET"]}}],"collection":[{"href":"https:\/\/districos.standingout.be\/fr\/wp-json\/wp\/v2\/product"}],"about":[{"href":"https:\/\/districos.standingout.be\/fr\/wp-json\/wp\/v2\/types\/product"}],"replies":[{"embeddable":true,"href":"https:\/\/districos.standingout.be\/fr\/wp-json\/wp\/v2\/comments?post=140171"}],"wp:featuredmedia":[{"embeddable":true,"href":"https:\/\/districos.standingout.be\/fr\/wp-json\/wp\/v2\/media\/83450"}],"wp:attachment":[{"href":"https:\/\/districos.standingout.be\/fr\/wp-json\/wp\/v2\/media?parent=140171"}],"wp:term":[{"taxonomy":"product_brand","embeddable":true,"href":"https:\/\/districos.standingout.be\/fr\/wp-json\/wp\/v2\/product_brand?post=140171"},{"taxonomy":"product_cat","embeddable":true,"href":"https:\/\/districos.standingout.be\/fr\/wp-json\/wp\/v2\/product_cat?post=140171"},{"taxonomy":"product_tag","embeddable":true,"href":"https:\/\/districos.standingout.be\/fr\/wp-json\/wp\/v2\/product_tag?post=140171"}],"curies":[{"name":"wp","href":"https:\/\/api.w.org\/{rel}","templated":true}]}}