{"id":140175,"date":"2026-04-28T12:35:45","date_gmt":"2026-04-28T10:35:45","guid":{"rendered":"https:\/\/webshopdistricoscom.webhosting.be\/product\/leather-look-care-kit-ref-8821-111-2\/"},"modified":"2026-04-28T12:35:48","modified_gmt":"2026-04-28T10:35:48","slug":"leather-look-care-kit-ref-8821-111","status":"publish","type":"product","link":"https:\/\/districos.standingout.be\/fr\/product\/leather-look-care-kit-ref-8821-111\/","title":{"rendered":"Leather Look Care Kit"},"content":{"rendered":"<p >\n<p dir=ltr>Le similicuir est une mati\u00e8re pratique offrant une bonne protection contre la p\u00e9n\u00e9tration de l\u2019humudit\u00e9 et de la salet\u00e9. Ce set comprend un produit de traitement efficace et s\u00fbr qui nettoie le similicuir en un traitement, lui donnant une couche de protection transparente contre l\u2019adh\u00e9sion de la salet\u00e9, l\u2019huile de la peau et la transpiration.<\/p>\n<p> <b>Contenu :<\/b> <\/p>\n<ul> <\/p>\n<li>150 ml Leatherlook Clean &amp; Care<\/li>\n<p> <\/p>\n<li>Chiffon<\/li>\n<p> <\/p>\n<li>Eponge Double Action (Utilisez le c\u00f4t\u00e9 orange de l\u2019\u00e9ponge pour un nettoyage normal, le c\u00f4t\u00e9 blanc-gris est utilis\u00e9 pour les souillures importantes ou les taches difficiles.)<\/li>\n<p> <\/ul>\n<p> <\/p>\n<ul> <\/ul><\/p>\n","protected":false},"excerpt":{"rendered":"<p>Le similicuir est une mati\u00e8re pratique offrant une bonne protection contre la p\u00e9n\u00e9tration de l\u2019humudit\u00e9 et de la salet\u00e9. Ce set comprend un produit de traitement efficace et s\u00fbr qui nettoie le similicuir en un traitement, lui donnant une couche de protection transparente contre l\u2019adh\u00e9sion de la salet\u00e9, l\u2019huile de la peau et la transpiration. [&hellip;]<\/p>\n","protected":false},"featured_media":112541,"comment_status":"open","ping_status":"closed","template":"","meta":{"_acf_changed":false},"product_brand":[10380],"product_cat":[9992,10136],"product_tag":[],"class_list":{"0":"post-140175","1":"product","2":"type-product","3":"status-publish","4":"has-post-thumbnail","6":"product_brand-districos-fr","7":"product_cat-soins-des-pieds-podologie-desinfection-nettoyage-articles-jetables","8":"product_cat-hygiene-articles-jetables-hygiene-protection-equipements-de-protection-individuelle-epi","10":"first","11":"instock","12":"taxable","13":"shipping-taxable","14":"product-type-simple"},"acf":[],"yoast_head":"<!-- This site is optimized with the Yoast SEO plugin v27.3 - https:\/\/yoast.com\/product\/yoast-seo-wordpress\/ -->\n<title>Leather Look Care Kit - Districos Webshop<\/title>\n<meta name=\"robots\" content=\"noindex, follow, max-snippet:-1, max-image-preview:large, max-video-preview:-1\" \/>\n<meta property=\"og:locale\" content=\"fr_FR\" \/>\n<meta property=\"og:type\" content=\"article\" \/>\n<meta property=\"og:title\" content=\"Leather Look Care Kit - Districos Webshop\" \/>\n<meta property=\"og:description\" content=\"Le similicuir est une mati\u00e8re pratique offrant une bonne protection contre la p\u00e9n\u00e9tration de l\u2019humudit\u00e9 et de la salet\u00e9. Ce set comprend un produit de traitement efficace et s\u00fbr qui nettoie le similicuir en un traitement, lui donnant une couche de protection transparente contre l\u2019adh\u00e9sion de la salet\u00e9, l\u2019huile de la peau et la transpiration. [&hellip;]\" \/>\n<meta property=\"og:url\" content=\"https:\/\/districos.standingout.be\/fr\/product\/leather-look-care-kit-ref-8821-111\/\" \/>\n<meta property=\"og:site_name\" content=\"Districos Webshop\" \/>\n<meta property=\"article:modified_time\" content=\"2026-04-28T10:35:48+00:00\" \/>\n<meta name=\"twitter:card\" content=\"summary_large_image\" \/>\n<script type=\"application\/ld+json\" class=\"yoast-schema-graph\">{\"@context\":\"https:\\\/\\\/schema.org\",\"@graph\":[{\"@type\":\"WebPage\",\"@id\":\"https:\\\/\\\/districos.standingout.be\\\/fr\\\/product\\\/leather-look-care-kit-ref-8821-111\\\/\",\"url\":\"https:\\\/\\\/districos.standingout.be\\\/fr\\\/product\\\/leather-look-care-kit-ref-8821-111\\\/\",\"name\":\"Leather Look Care Kit - Districos Webshop\",\"isPartOf\":{\"@id\":\"https:\\\/\\\/districos.standingout.be\\\/fr\\\/#website\"},\"primaryImageOfPage\":{\"@id\":\"https:\\\/\\\/districos.standingout.be\\\/fr\\\/product\\\/leather-look-care-kit-ref-8821-111\\\/#primaryimage\"},\"image\":{\"@id\":\"https:\\\/\\\/districos.standingout.be\\\/fr\\\/product\\\/leather-look-care-kit-ref-8821-111\\\/#primaryimage\"},\"thumbnailUrl\":\"https:\\\/\\\/districos.standingout.be\\\/wp-content\\\/uploads\\\/2026\\\/03\\\/8821.111@LowRes_1_0.png\",\"datePublished\":\"2026-04-28T10:35:45+00:00\",\"dateModified\":\"2026-04-28T10:35:48+00:00\",\"breadcrumb\":{\"@id\":\"https:\\\/\\\/districos.standingout.be\\\/fr\\\/product\\\/leather-look-care-kit-ref-8821-111\\\/#breadcrumb\"},\"inLanguage\":\"fr-FR\",\"potentialAction\":[{\"@type\":\"ReadAction\",\"target\":[\"https:\\\/\\\/districos.standingout.be\\\/fr\\\/product\\\/leather-look-care-kit-ref-8821-111\\\/\"]}]},{\"@type\":\"ImageObject\",\"inLanguage\":\"fr-FR\",\"@id\":\"https:\\\/\\\/districos.standingout.be\\\/fr\\\/product\\\/leather-look-care-kit-ref-8821-111\\\/#primaryimage\",\"url\":\"https:\\\/\\\/districos.standingout.be\\\/wp-content\\\/uploads\\\/2026\\\/03\\\/8821.111@LowRes_1_0.png\",\"contentUrl\":\"https:\\\/\\\/districos.standingout.be\\\/wp-content\\\/uploads\\\/2026\\\/03\\\/8821.111@LowRes_1_0.png\",\"width\":600,\"height\":600},{\"@type\":\"BreadcrumbList\",\"@id\":\"https:\\\/\\\/districos.standingout.be\\\/fr\\\/product\\\/leather-look-care-kit-ref-8821-111\\\/#breadcrumb\",\"itemListElement\":[{\"@type\":\"ListItem\",\"position\":1,\"name\":\"Home\",\"item\":\"https:\\\/\\\/districos.standingout.be\\\/fr\\\/bienvenue-chez-districos\\\/\"},{\"@type\":\"ListItem\",\"position\":2,\"name\":\"Boutique\",\"item\":\"https:\\\/\\\/districos.standingout.be\\\/fr\\\/boutique\\\/\"},{\"@type\":\"ListItem\",\"position\":3,\"name\":\"Leather Look Care Kit\"}]},{\"@type\":\"WebSite\",\"@id\":\"https:\\\/\\\/districos.standingout.be\\\/fr\\\/#website\",\"url\":\"https:\\\/\\\/districos.standingout.be\\\/fr\\\/\",\"name\":\"Districos Webshop\",\"description\":\"\",\"publisher\":{\"@id\":\"https:\\\/\\\/districos.standingout.be\\\/fr\\\/#organization\"},\"potentialAction\":[{\"@type\":\"SearchAction\",\"target\":{\"@type\":\"EntryPoint\",\"urlTemplate\":\"https:\\\/\\\/districos.standingout.be\\\/fr\\\/?s={search_term_string}\"},\"query-input\":{\"@type\":\"PropertyValueSpecification\",\"valueRequired\":true,\"valueName\":\"search_term_string\"}}],\"inLanguage\":\"fr-FR\"},{\"@type\":\"Organization\",\"@id\":\"https:\\\/\\\/districos.standingout.be\\\/fr\\\/#organization\",\"name\":\"Districos Webshop\",\"url\":\"https:\\\/\\\/districos.standingout.be\\\/fr\\\/\",\"logo\":{\"@type\":\"ImageObject\",\"inLanguage\":\"fr-FR\",\"@id\":\"https:\\\/\\\/districos.standingout.be\\\/fr\\\/#\\\/schema\\\/logo\\\/image\\\/\",\"url\":\"https:\\\/\\\/districos.standingout.be\\\/wp-content\\\/uploads\\\/2022\\\/09\\\/Districos_Logo_Webshop.svg\",\"contentUrl\":\"https:\\\/\\\/districos.standingout.be\\\/wp-content\\\/uploads\\\/2022\\\/09\\\/Districos_Logo_Webshop.svg\",\"caption\":\"Districos Webshop\"},\"image\":{\"@id\":\"https:\\\/\\\/districos.standingout.be\\\/fr\\\/#\\\/schema\\\/logo\\\/image\\\/\"}}]}<\/script>\n<!-- \/ Yoast SEO plugin. -->","yoast_head_json":{"title":"Leather Look Care Kit - Districos Webshop","robots":{"index":"noindex","follow":"follow","max-snippet":"max-snippet:-1","max-image-preview":"max-image-preview:large","max-video-preview":"max-video-preview:-1"},"og_locale":"fr_FR","og_type":"article","og_title":"Leather Look Care Kit - Districos Webshop","og_description":"Le similicuir est une mati\u00e8re pratique offrant une bonne protection contre la p\u00e9n\u00e9tration de l\u2019humudit\u00e9 et de la salet\u00e9. Ce set comprend un produit de traitement efficace et s\u00fbr qui nettoie le similicuir en un traitement, lui donnant une couche de protection transparente contre l\u2019adh\u00e9sion de la salet\u00e9, l\u2019huile de la peau et la transpiration. [&hellip;]","og_url":"https:\/\/districos.standingout.be\/fr\/product\/leather-look-care-kit-ref-8821-111\/","og_site_name":"Districos Webshop","article_modified_time":"2026-04-28T10:35:48+00:00","twitter_card":"summary_large_image","schema":{"@context":"https:\/\/schema.org","@graph":[{"@type":"WebPage","@id":"https:\/\/districos.standingout.be\/fr\/product\/leather-look-care-kit-ref-8821-111\/","url":"https:\/\/districos.standingout.be\/fr\/product\/leather-look-care-kit-ref-8821-111\/","name":"Leather Look Care Kit - Districos Webshop","isPartOf":{"@id":"https:\/\/districos.standingout.be\/fr\/#website"},"primaryImageOfPage":{"@id":"https:\/\/districos.standingout.be\/fr\/product\/leather-look-care-kit-ref-8821-111\/#primaryimage"},"image":{"@id":"https:\/\/districos.standingout.be\/fr\/product\/leather-look-care-kit-ref-8821-111\/#primaryimage"},"thumbnailUrl":"https:\/\/districos.standingout.be\/wp-content\/uploads\/2026\/03\/8821.111@LowRes_1_0.png","datePublished":"2026-04-28T10:35:45+00:00","dateModified":"2026-04-28T10:35:48+00:00","breadcrumb":{"@id":"https:\/\/districos.standingout.be\/fr\/product\/leather-look-care-kit-ref-8821-111\/#breadcrumb"},"inLanguage":"fr-FR","potentialAction":[{"@type":"ReadAction","target":["https:\/\/districos.standingout.be\/fr\/product\/leather-look-care-kit-ref-8821-111\/"]}]},{"@type":"ImageObject","inLanguage":"fr-FR","@id":"https:\/\/districos.standingout.be\/fr\/product\/leather-look-care-kit-ref-8821-111\/#primaryimage","url":"https:\/\/districos.standingout.be\/wp-content\/uploads\/2026\/03\/8821.111@LowRes_1_0.png","contentUrl":"https:\/\/districos.standingout.be\/wp-content\/uploads\/2026\/03\/8821.111@LowRes_1_0.png","width":600,"height":600},{"@type":"BreadcrumbList","@id":"https:\/\/districos.standingout.be\/fr\/product\/leather-look-care-kit-ref-8821-111\/#breadcrumb","itemListElement":[{"@type":"ListItem","position":1,"name":"Home","item":"https:\/\/districos.standingout.be\/fr\/bienvenue-chez-districos\/"},{"@type":"ListItem","position":2,"name":"Boutique","item":"https:\/\/districos.standingout.be\/fr\/boutique\/"},{"@type":"ListItem","position":3,"name":"Leather Look Care Kit"}]},{"@type":"WebSite","@id":"https:\/\/districos.standingout.be\/fr\/#website","url":"https:\/\/districos.standingout.be\/fr\/","name":"Districos Webshop","description":"","publisher":{"@id":"https:\/\/districos.standingout.be\/fr\/#organization"},"potentialAction":[{"@type":"SearchAction","target":{"@type":"EntryPoint","urlTemplate":"https:\/\/districos.standingout.be\/fr\/?s={search_term_string}"},"query-input":{"@type":"PropertyValueSpecification","valueRequired":true,"valueName":"search_term_string"}}],"inLanguage":"fr-FR"},{"@type":"Organization","@id":"https:\/\/districos.standingout.be\/fr\/#organization","name":"Districos Webshop","url":"https:\/\/districos.standingout.be\/fr\/","logo":{"@type":"ImageObject","inLanguage":"fr-FR","@id":"https:\/\/districos.standingout.be\/fr\/#\/schema\/logo\/image\/","url":"https:\/\/districos.standingout.be\/wp-content\/uploads\/2022\/09\/Districos_Logo_Webshop.svg","contentUrl":"https:\/\/districos.standingout.be\/wp-content\/uploads\/2022\/09\/Districos_Logo_Webshop.svg","caption":"Districos Webshop"},"image":{"@id":"https:\/\/districos.standingout.be\/fr\/#\/schema\/logo\/image\/"}}]}},"_links":{"self":[{"href":"https:\/\/districos.standingout.be\/fr\/wp-json\/wp\/v2\/product\/140175","targetHints":{"allow":["GET"]}}],"collection":[{"href":"https:\/\/districos.standingout.be\/fr\/wp-json\/wp\/v2\/product"}],"about":[{"href":"https:\/\/districos.standingout.be\/fr\/wp-json\/wp\/v2\/types\/product"}],"replies":[{"embeddable":true,"href":"https:\/\/districos.standingout.be\/fr\/wp-json\/wp\/v2\/comments?post=140175"}],"wp:featuredmedia":[{"embeddable":true,"href":"https:\/\/districos.standingout.be\/fr\/wp-json\/wp\/v2\/media\/112541"}],"wp:attachment":[{"href":"https:\/\/districos.standingout.be\/fr\/wp-json\/wp\/v2\/media?parent=140175"}],"wp:term":[{"taxonomy":"product_brand","embeddable":true,"href":"https:\/\/districos.standingout.be\/fr\/wp-json\/wp\/v2\/product_brand?post=140175"},{"taxonomy":"product_cat","embeddable":true,"href":"https:\/\/districos.standingout.be\/fr\/wp-json\/wp\/v2\/product_cat?post=140175"},{"taxonomy":"product_tag","embeddable":true,"href":"https:\/\/districos.standingout.be\/fr\/wp-json\/wp\/v2\/product_tag?post=140175"}],"curies":[{"name":"wp","href":"https:\/\/api.w.org\/{rel}","templated":true}]}}