{"id":140185,"date":"2026-04-28T12:36:04","date_gmt":"2026-04-28T10:36:04","guid":{"rendered":"https:\/\/webshopdistricoscom.webhosting.be\/product\/alcool-desinfectant-80-1-l-ref-8821-22\/"},"modified":"2026-04-28T12:36:08","modified_gmt":"2026-04-28T10:36:08","slug":"alcool-desinfectant-80-1-l-ref-8821-22","status":"publish","type":"product","link":"https:\/\/districos.standingout.be\/fr\/product\/alcool-desinfectant-80-1-l-ref-8821-22\/","title":{"rendered":"Alcool D\u00e9sinfectant 80 % 1 l"},"content":{"rendered":"<p >\n<p dir=ltr>Pour la d\u00e9sinfection d\u2019instruments et des surfaces de travail. Attention ! Ne jamais soigner des plaies ouvertes avec cet alcool de d\u00e9sinfection.<\/p>\n<p> D\u00e9sinfectant pour les mains autoris\u00e9 par la CTGB N\u00e9erlandaise (College voor de toelating van gewasbeschermingsmiddelen en biociden) \u00e0 utiliser sur mains propres et frictionner sur les mains humides pendant minimum 60 secondes.<\/p>\n<p> <b>Max 12 par personne<\/b><\/p>\n<p> <b>source: <\/b><a href=&quot;https:\/\/www.ctgb.nl\/onderwerpen\/coronavirus---desinfectie\/vraag-en-antwoord\/handdesinfectie-tegen-coronavirus-voor-zorgverleners&quot; title=&quot;&quot; target=\"_blank\" rel=\"noopener noreferrer nofollow\">https:\/\/www.ctgb.nl\/onderwerpen\/coronavirus\u2014-desinfectie\/vraag-en-antwoord\/handdesinfectie-tegen-coronavirus-voor-zorgverleners<\/a> &gt; liste 2<\/p>\n<p> <i>\u201cD\u00e9sinfectant pour les mains autoris\u00e9 sans activit\u00e9 viruside mais qui peut totuefois \u00eatre utilis\u00e9 par des utilisateurs professionnels contre le coronavirus en utilisant ces produits sur des mains propres et en frictionnant sur les mains humides pendant minimum 60 secondes\u201d<\/i> <\/p>\n<p> Emballage : bouteille d\u2019 1 l<\/p>\n<p> \u00c9galement disponible en bidon de 5 l (R\u00e9f. : 8821.21)<\/p><\/p>\n","protected":false},"excerpt":{"rendered":"<p>Pour la d\u00e9sinfection d\u2019instruments et des surfaces de travail. Attention ! Ne jamais soigner des plaies ouvertes avec cet alcool de d\u00e9sinfection. D\u00e9sinfectant pour les mains autoris\u00e9 par la CTGB N\u00e9erlandaise (College voor de toelating van gewasbeschermingsmiddelen en biociden) \u00e0 utiliser sur mains propres et frictionner sur les mains humides pendant minimum 60 secondes. Max [&hellip;]<\/p>\n","protected":false},"featured_media":83468,"comment_status":"open","ping_status":"closed","template":"","meta":{"_acf_changed":false},"product_brand":[10530],"product_cat":[9958,10118,9988],"product_tag":[],"class_list":{"0":"post-140185","1":"product","2":"type-product","3":"status-publish","4":"has-post-thumbnail","6":"product_brand-reymerink-fr","7":"product_cat-beaute-pedicure-desinfection-nettoyage","8":"product_cat-hygiene-articles-jetables-desinfection-nettoyage-produits-de-desinfection-de-nettoyage","9":"product_cat-soins-des-pieds-podologie-desinfection-nettoyage-produits-de-desinfection-de-nettoyage","11":"first","12":"instock","13":"taxable","14":"shipping-taxable","15":"product-type-simple"},"acf":[],"yoast_head":"<!-- This site is optimized with the Yoast SEO plugin v27.3 - https:\/\/yoast.com\/product\/yoast-seo-wordpress\/ -->\n<title>Alcool D\u00e9sinfectant 80 % 1 l - Districos Webshop<\/title>\n<meta name=\"robots\" content=\"noindex, follow, max-snippet:-1, max-image-preview:large, max-video-preview:-1\" \/>\n<meta property=\"og:locale\" content=\"fr_FR\" \/>\n<meta property=\"og:type\" content=\"article\" \/>\n<meta property=\"og:title\" content=\"Alcool D\u00e9sinfectant 80 % 1 l - Districos Webshop\" \/>\n<meta property=\"og:description\" content=\"Pour la d\u00e9sinfection d\u2019instruments et des surfaces de travail. Attention ! Ne jamais soigner des plaies ouvertes avec cet alcool de d\u00e9sinfection. D\u00e9sinfectant pour les mains autoris\u00e9 par la CTGB N\u00e9erlandaise (College voor de toelating van gewasbeschermingsmiddelen en biociden) \u00e0 utiliser sur mains propres et frictionner sur les mains humides pendant minimum 60 secondes. Max [&hellip;]\" \/>\n<meta property=\"og:url\" content=\"https:\/\/districos.standingout.be\/fr\/product\/alcool-desinfectant-80-1-l-ref-8821-22\/\" \/>\n<meta property=\"og:site_name\" content=\"Districos Webshop\" \/>\n<meta property=\"article:modified_time\" content=\"2026-04-28T10:36:08+00:00\" \/>\n<meta name=\"twitter:card\" content=\"summary_large_image\" \/>\n<meta name=\"twitter:label1\" content=\"Dur\u00e9e de lecture estim\u00e9e\" \/>\n\t<meta name=\"twitter:data1\" content=\"1 minute\" \/>\n<script type=\"application\/ld+json\" class=\"yoast-schema-graph\">{\"@context\":\"https:\\\/\\\/schema.org\",\"@graph\":[{\"@type\":\"WebPage\",\"@id\":\"https:\\\/\\\/districos.standingout.be\\\/fr\\\/product\\\/alcool-desinfectant-80-1-l-ref-8821-22\\\/\",\"url\":\"https:\\\/\\\/districos.standingout.be\\\/fr\\\/product\\\/alcool-desinfectant-80-1-l-ref-8821-22\\\/\",\"name\":\"Alcool D\u00e9sinfectant 80 % 1 l - Districos Webshop\",\"isPartOf\":{\"@id\":\"https:\\\/\\\/districos.standingout.be\\\/fr\\\/#website\"},\"primaryImageOfPage\":{\"@id\":\"https:\\\/\\\/districos.standingout.be\\\/fr\\\/product\\\/alcool-desinfectant-80-1-l-ref-8821-22\\\/#primaryimage\"},\"image\":{\"@id\":\"https:\\\/\\\/districos.standingout.be\\\/fr\\\/product\\\/alcool-desinfectant-80-1-l-ref-8821-22\\\/#primaryimage\"},\"thumbnailUrl\":\"https:\\\/\\\/districos.standingout.be\\\/wp-content\\\/uploads\\\/2025\\\/07\\\/8821.22@LowRes_1_0.png\",\"datePublished\":\"2026-04-28T10:36:04+00:00\",\"dateModified\":\"2026-04-28T10:36:08+00:00\",\"breadcrumb\":{\"@id\":\"https:\\\/\\\/districos.standingout.be\\\/fr\\\/product\\\/alcool-desinfectant-80-1-l-ref-8821-22\\\/#breadcrumb\"},\"inLanguage\":\"fr-FR\",\"potentialAction\":[{\"@type\":\"ReadAction\",\"target\":[\"https:\\\/\\\/districos.standingout.be\\\/fr\\\/product\\\/alcool-desinfectant-80-1-l-ref-8821-22\\\/\"]}]},{\"@type\":\"ImageObject\",\"inLanguage\":\"fr-FR\",\"@id\":\"https:\\\/\\\/districos.standingout.be\\\/fr\\\/product\\\/alcool-desinfectant-80-1-l-ref-8821-22\\\/#primaryimage\",\"url\":\"https:\\\/\\\/districos.standingout.be\\\/wp-content\\\/uploads\\\/2025\\\/07\\\/8821.22@LowRes_1_0.png\",\"contentUrl\":\"https:\\\/\\\/districos.standingout.be\\\/wp-content\\\/uploads\\\/2025\\\/07\\\/8821.22@LowRes_1_0.png\",\"width\":600,\"height\":600},{\"@type\":\"BreadcrumbList\",\"@id\":\"https:\\\/\\\/districos.standingout.be\\\/fr\\\/product\\\/alcool-desinfectant-80-1-l-ref-8821-22\\\/#breadcrumb\",\"itemListElement\":[{\"@type\":\"ListItem\",\"position\":1,\"name\":\"Home\",\"item\":\"https:\\\/\\\/districos.standingout.be\\\/fr\\\/bienvenue-chez-districos\\\/\"},{\"@type\":\"ListItem\",\"position\":2,\"name\":\"Boutique\",\"item\":\"https:\\\/\\\/districos.standingout.be\\\/fr\\\/boutique\\\/\"},{\"@type\":\"ListItem\",\"position\":3,\"name\":\"Alcool D\u00e9sinfectant 80 % 1 l\"}]},{\"@type\":\"WebSite\",\"@id\":\"https:\\\/\\\/districos.standingout.be\\\/fr\\\/#website\",\"url\":\"https:\\\/\\\/districos.standingout.be\\\/fr\\\/\",\"name\":\"Districos Webshop\",\"description\":\"\",\"publisher\":{\"@id\":\"https:\\\/\\\/districos.standingout.be\\\/fr\\\/#organization\"},\"potentialAction\":[{\"@type\":\"SearchAction\",\"target\":{\"@type\":\"EntryPoint\",\"urlTemplate\":\"https:\\\/\\\/districos.standingout.be\\\/fr\\\/?s={search_term_string}\"},\"query-input\":{\"@type\":\"PropertyValueSpecification\",\"valueRequired\":true,\"valueName\":\"search_term_string\"}}],\"inLanguage\":\"fr-FR\"},{\"@type\":\"Organization\",\"@id\":\"https:\\\/\\\/districos.standingout.be\\\/fr\\\/#organization\",\"name\":\"Districos Webshop\",\"url\":\"https:\\\/\\\/districos.standingout.be\\\/fr\\\/\",\"logo\":{\"@type\":\"ImageObject\",\"inLanguage\":\"fr-FR\",\"@id\":\"https:\\\/\\\/districos.standingout.be\\\/fr\\\/#\\\/schema\\\/logo\\\/image\\\/\",\"url\":\"https:\\\/\\\/districos.standingout.be\\\/wp-content\\\/uploads\\\/2022\\\/09\\\/Districos_Logo_Webshop.svg\",\"contentUrl\":\"https:\\\/\\\/districos.standingout.be\\\/wp-content\\\/uploads\\\/2022\\\/09\\\/Districos_Logo_Webshop.svg\",\"caption\":\"Districos Webshop\"},\"image\":{\"@id\":\"https:\\\/\\\/districos.standingout.be\\\/fr\\\/#\\\/schema\\\/logo\\\/image\\\/\"}}]}<\/script>\n<!-- \/ Yoast SEO plugin. -->","yoast_head_json":{"title":"Alcool D\u00e9sinfectant 80 % 1 l - Districos Webshop","robots":{"index":"noindex","follow":"follow","max-snippet":"max-snippet:-1","max-image-preview":"max-image-preview:large","max-video-preview":"max-video-preview:-1"},"og_locale":"fr_FR","og_type":"article","og_title":"Alcool D\u00e9sinfectant 80 % 1 l - Districos Webshop","og_description":"Pour la d\u00e9sinfection d\u2019instruments et des surfaces de travail. Attention ! Ne jamais soigner des plaies ouvertes avec cet alcool de d\u00e9sinfection. D\u00e9sinfectant pour les mains autoris\u00e9 par la CTGB N\u00e9erlandaise (College voor de toelating van gewasbeschermingsmiddelen en biociden) \u00e0 utiliser sur mains propres et frictionner sur les mains humides pendant minimum 60 secondes. Max [&hellip;]","og_url":"https:\/\/districos.standingout.be\/fr\/product\/alcool-desinfectant-80-1-l-ref-8821-22\/","og_site_name":"Districos Webshop","article_modified_time":"2026-04-28T10:36:08+00:00","twitter_card":"summary_large_image","twitter_misc":{"Dur\u00e9e de lecture estim\u00e9e":"1 minute"},"schema":{"@context":"https:\/\/schema.org","@graph":[{"@type":"WebPage","@id":"https:\/\/districos.standingout.be\/fr\/product\/alcool-desinfectant-80-1-l-ref-8821-22\/","url":"https:\/\/districos.standingout.be\/fr\/product\/alcool-desinfectant-80-1-l-ref-8821-22\/","name":"Alcool D\u00e9sinfectant 80 % 1 l - Districos Webshop","isPartOf":{"@id":"https:\/\/districos.standingout.be\/fr\/#website"},"primaryImageOfPage":{"@id":"https:\/\/districos.standingout.be\/fr\/product\/alcool-desinfectant-80-1-l-ref-8821-22\/#primaryimage"},"image":{"@id":"https:\/\/districos.standingout.be\/fr\/product\/alcool-desinfectant-80-1-l-ref-8821-22\/#primaryimage"},"thumbnailUrl":"https:\/\/districos.standingout.be\/wp-content\/uploads\/2025\/07\/8821.22@LowRes_1_0.png","datePublished":"2026-04-28T10:36:04+00:00","dateModified":"2026-04-28T10:36:08+00:00","breadcrumb":{"@id":"https:\/\/districos.standingout.be\/fr\/product\/alcool-desinfectant-80-1-l-ref-8821-22\/#breadcrumb"},"inLanguage":"fr-FR","potentialAction":[{"@type":"ReadAction","target":["https:\/\/districos.standingout.be\/fr\/product\/alcool-desinfectant-80-1-l-ref-8821-22\/"]}]},{"@type":"ImageObject","inLanguage":"fr-FR","@id":"https:\/\/districos.standingout.be\/fr\/product\/alcool-desinfectant-80-1-l-ref-8821-22\/#primaryimage","url":"https:\/\/districos.standingout.be\/wp-content\/uploads\/2025\/07\/8821.22@LowRes_1_0.png","contentUrl":"https:\/\/districos.standingout.be\/wp-content\/uploads\/2025\/07\/8821.22@LowRes_1_0.png","width":600,"height":600},{"@type":"BreadcrumbList","@id":"https:\/\/districos.standingout.be\/fr\/product\/alcool-desinfectant-80-1-l-ref-8821-22\/#breadcrumb","itemListElement":[{"@type":"ListItem","position":1,"name":"Home","item":"https:\/\/districos.standingout.be\/fr\/bienvenue-chez-districos\/"},{"@type":"ListItem","position":2,"name":"Boutique","item":"https:\/\/districos.standingout.be\/fr\/boutique\/"},{"@type":"ListItem","position":3,"name":"Alcool D\u00e9sinfectant 80 % 1 l"}]},{"@type":"WebSite","@id":"https:\/\/districos.standingout.be\/fr\/#website","url":"https:\/\/districos.standingout.be\/fr\/","name":"Districos Webshop","description":"","publisher":{"@id":"https:\/\/districos.standingout.be\/fr\/#organization"},"potentialAction":[{"@type":"SearchAction","target":{"@type":"EntryPoint","urlTemplate":"https:\/\/districos.standingout.be\/fr\/?s={search_term_string}"},"query-input":{"@type":"PropertyValueSpecification","valueRequired":true,"valueName":"search_term_string"}}],"inLanguage":"fr-FR"},{"@type":"Organization","@id":"https:\/\/districos.standingout.be\/fr\/#organization","name":"Districos Webshop","url":"https:\/\/districos.standingout.be\/fr\/","logo":{"@type":"ImageObject","inLanguage":"fr-FR","@id":"https:\/\/districos.standingout.be\/fr\/#\/schema\/logo\/image\/","url":"https:\/\/districos.standingout.be\/wp-content\/uploads\/2022\/09\/Districos_Logo_Webshop.svg","contentUrl":"https:\/\/districos.standingout.be\/wp-content\/uploads\/2022\/09\/Districos_Logo_Webshop.svg","caption":"Districos Webshop"},"image":{"@id":"https:\/\/districos.standingout.be\/fr\/#\/schema\/logo\/image\/"}}]}},"_links":{"self":[{"href":"https:\/\/districos.standingout.be\/fr\/wp-json\/wp\/v2\/product\/140185","targetHints":{"allow":["GET"]}}],"collection":[{"href":"https:\/\/districos.standingout.be\/fr\/wp-json\/wp\/v2\/product"}],"about":[{"href":"https:\/\/districos.standingout.be\/fr\/wp-json\/wp\/v2\/types\/product"}],"replies":[{"embeddable":true,"href":"https:\/\/districos.standingout.be\/fr\/wp-json\/wp\/v2\/comments?post=140185"}],"wp:featuredmedia":[{"embeddable":true,"href":"https:\/\/districos.standingout.be\/fr\/wp-json\/wp\/v2\/media\/83468"}],"wp:attachment":[{"href":"https:\/\/districos.standingout.be\/fr\/wp-json\/wp\/v2\/media?parent=140185"}],"wp:term":[{"taxonomy":"product_brand","embeddable":true,"href":"https:\/\/districos.standingout.be\/fr\/wp-json\/wp\/v2\/product_brand?post=140185"},{"taxonomy":"product_cat","embeddable":true,"href":"https:\/\/districos.standingout.be\/fr\/wp-json\/wp\/v2\/product_cat?post=140185"},{"taxonomy":"product_tag","embeddable":true,"href":"https:\/\/districos.standingout.be\/fr\/wp-json\/wp\/v2\/product_tag?post=140185"}],"curies":[{"name":"wp","href":"https:\/\/api.w.org\/{rel}","templated":true}]}}