{"id":140213,"date":"2026-04-28T12:38:08","date_gmt":"2026-04-28T10:38:08","guid":{"rendered":"https:\/\/webshopdistricoscom.webhosting.be\/product\/eau-demineralisee-5-l-ref-8825\/"},"modified":"2026-04-28T12:38:13","modified_gmt":"2026-04-28T10:38:13","slug":"eau-demineralisee-5-l-ref-8825","status":"publish","type":"product","link":"https:\/\/districos.standingout.be\/fr\/product\/eau-demineralisee-5-l-ref-8825\/","title":{"rendered":"Eau D\u00e9min\u00e9ralis\u00e9e 5 l"},"content":{"rendered":"<p >\n<\/p>\n<p dir=\"ltr\">De l\u2019eau d\u00e9min\u00e9ralis\u00e9e pour votre vapozone. Vous \u00e9vitez ainsi d\u2019\u00e9ventuels probl\u00e8mes tels que le tartre, l\u2019obstruction, etc. Elle est aussi utilis\u00e9e pour la dilution du Podisonic et du Podisan.<\/p>\n<p> Emballage : bidon de 5 l <\/p>\n<p> Eau D\u00e9min\u00e9ralis\u00e9e, 8025<\/p>\n<p dir=\"ltr\"><\/p>\n<p data-start=\"76\" data-end=\"116\"><font size=\"1\"><strong data-start=\"76\" data-end=\"116\">ATTENTION \u2013 SUPPL\u00c9MENT POUR LIQUIDES<\/strong><\/font><\/p>\n<p dir=\"ltr\"><font size=\"1\"> <\/font><\/p>\n<p data-start=\"76\" data-end=\"116\"><font size=\"1\"><\/font><\/p>\n<p data-start=\"118\" data-end=\"392\"><font size=\"1\">Pour les commandes livr\u00e9es contenant plus de <strong data-start=\"155\" data-end=\"180\">15 litres de liquides<\/strong>, un suppl\u00e9ment de <strong data-start=\"199\" data-end=\"245\">0,50 \u20ac (hors TVA) par litre suppl\u00e9mentaire<\/strong> sera appliqu\u00e9 au-del\u00e0 de ce volume.<br data-start=\"281\" data-end=\"284\"> Ce suppl\u00e9ment couvre les co\u00fbts additionnels li\u00e9s \u00e0 l\u2019emballage, la manutention et le transport des liquides.<\/font><\/p><\/p>\n","protected":false},"excerpt":{"rendered":"<p>De l\u2019eau d\u00e9min\u00e9ralis\u00e9e pour votre vapozone. Vous \u00e9vitez ainsi d\u2019\u00e9ventuels probl\u00e8mes tels que le tartre, l\u2019obstruction, etc. Elle est aussi utilis\u00e9e pour la dilution du Podisonic et du Podisan. Emballage : bidon de 5 l Eau D\u00e9min\u00e9ralis\u00e9e, 8025 ATTENTION \u2013 SUPPL\u00c9MENT POUR LIQUIDES Pour les commandes livr\u00e9es contenant plus de 15 litres de liquides, un [&hellip;]<\/p>\n","protected":false},"featured_media":83492,"comment_status":"open","ping_status":"closed","template":"","meta":{"_acf_changed":false},"product_brand":[10380],"product_cat":[9940,10096],"product_tag":[],"class_list":{"0":"post-140213","1":"product","2":"type-product","3":"status-publish","4":"has-post-thumbnail","6":"product_brand-districos-fr","7":"product_cat-beaute-pedicure-fraiseuses","8":"product_cat-amenagement-equipement-pedicure","10":"first","11":"instock","12":"taxable","13":"shipping-taxable","14":"product-type-simple"},"acf":[],"yoast_head":"<!-- This site is optimized with the Yoast SEO plugin v27.3 - https:\/\/yoast.com\/product\/yoast-seo-wordpress\/ -->\n<title>Eau D\u00e9min\u00e9ralis\u00e9e 5 l - Districos Webshop<\/title>\n<meta name=\"robots\" content=\"noindex, follow, max-snippet:-1, max-image-preview:large, max-video-preview:-1\" \/>\n<meta property=\"og:locale\" content=\"fr_FR\" \/>\n<meta property=\"og:type\" content=\"article\" \/>\n<meta property=\"og:title\" content=\"Eau D\u00e9min\u00e9ralis\u00e9e 5 l - Districos Webshop\" \/>\n<meta property=\"og:description\" content=\"De l\u2019eau d\u00e9min\u00e9ralis\u00e9e pour votre vapozone. Vous \u00e9vitez ainsi d\u2019\u00e9ventuels probl\u00e8mes tels que le tartre, l\u2019obstruction, etc. Elle est aussi utilis\u00e9e pour la dilution du Podisonic et du Podisan. Emballage : bidon de 5 l Eau D\u00e9min\u00e9ralis\u00e9e, 8025 ATTENTION \u2013 SUPPL\u00c9MENT POUR LIQUIDES Pour les commandes livr\u00e9es contenant plus de 15 litres de liquides, un [&hellip;]\" \/>\n<meta property=\"og:url\" content=\"https:\/\/districos.standingout.be\/fr\/product\/eau-demineralisee-5-l-ref-8825\/\" \/>\n<meta property=\"og:site_name\" content=\"Districos Webshop\" \/>\n<meta property=\"article:modified_time\" content=\"2026-04-28T10:38:13+00:00\" \/>\n<meta name=\"twitter:card\" content=\"summary_large_image\" \/>\n<script type=\"application\/ld+json\" class=\"yoast-schema-graph\">{\"@context\":\"https:\\\/\\\/schema.org\",\"@graph\":[{\"@type\":\"WebPage\",\"@id\":\"https:\\\/\\\/districos.standingout.be\\\/fr\\\/product\\\/eau-demineralisee-5-l-ref-8825\\\/\",\"url\":\"https:\\\/\\\/districos.standingout.be\\\/fr\\\/product\\\/eau-demineralisee-5-l-ref-8825\\\/\",\"name\":\"Eau D\u00e9min\u00e9ralis\u00e9e 5 l - Districos Webshop\",\"isPartOf\":{\"@id\":\"https:\\\/\\\/districos.standingout.be\\\/fr\\\/#website\"},\"primaryImageOfPage\":{\"@id\":\"https:\\\/\\\/districos.standingout.be\\\/fr\\\/product\\\/eau-demineralisee-5-l-ref-8825\\\/#primaryimage\"},\"image\":{\"@id\":\"https:\\\/\\\/districos.standingout.be\\\/fr\\\/product\\\/eau-demineralisee-5-l-ref-8825\\\/#primaryimage\"},\"thumbnailUrl\":\"https:\\\/\\\/districos.standingout.be\\\/wp-content\\\/uploads\\\/2025\\\/07\\\/8825@LowRes_1_0.png\",\"datePublished\":\"2026-04-28T10:38:08+00:00\",\"dateModified\":\"2026-04-28T10:38:13+00:00\",\"breadcrumb\":{\"@id\":\"https:\\\/\\\/districos.standingout.be\\\/fr\\\/product\\\/eau-demineralisee-5-l-ref-8825\\\/#breadcrumb\"},\"inLanguage\":\"fr-FR\",\"potentialAction\":[{\"@type\":\"ReadAction\",\"target\":[\"https:\\\/\\\/districos.standingout.be\\\/fr\\\/product\\\/eau-demineralisee-5-l-ref-8825\\\/\"]}]},{\"@type\":\"ImageObject\",\"inLanguage\":\"fr-FR\",\"@id\":\"https:\\\/\\\/districos.standingout.be\\\/fr\\\/product\\\/eau-demineralisee-5-l-ref-8825\\\/#primaryimage\",\"url\":\"https:\\\/\\\/districos.standingout.be\\\/wp-content\\\/uploads\\\/2025\\\/07\\\/8825@LowRes_1_0.png\",\"contentUrl\":\"https:\\\/\\\/districos.standingout.be\\\/wp-content\\\/uploads\\\/2025\\\/07\\\/8825@LowRes_1_0.png\",\"width\":600,\"height\":600},{\"@type\":\"BreadcrumbList\",\"@id\":\"https:\\\/\\\/districos.standingout.be\\\/fr\\\/product\\\/eau-demineralisee-5-l-ref-8825\\\/#breadcrumb\",\"itemListElement\":[{\"@type\":\"ListItem\",\"position\":1,\"name\":\"Home\",\"item\":\"https:\\\/\\\/districos.standingout.be\\\/fr\\\/bienvenue-chez-districos\\\/\"},{\"@type\":\"ListItem\",\"position\":2,\"name\":\"Boutique\",\"item\":\"https:\\\/\\\/districos.standingout.be\\\/fr\\\/boutique\\\/\"},{\"@type\":\"ListItem\",\"position\":3,\"name\":\"Eau D\u00e9min\u00e9ralis\u00e9e 5 l\"}]},{\"@type\":\"WebSite\",\"@id\":\"https:\\\/\\\/districos.standingout.be\\\/fr\\\/#website\",\"url\":\"https:\\\/\\\/districos.standingout.be\\\/fr\\\/\",\"name\":\"Districos Webshop\",\"description\":\"\",\"publisher\":{\"@id\":\"https:\\\/\\\/districos.standingout.be\\\/fr\\\/#organization\"},\"potentialAction\":[{\"@type\":\"SearchAction\",\"target\":{\"@type\":\"EntryPoint\",\"urlTemplate\":\"https:\\\/\\\/districos.standingout.be\\\/fr\\\/?s={search_term_string}\"},\"query-input\":{\"@type\":\"PropertyValueSpecification\",\"valueRequired\":true,\"valueName\":\"search_term_string\"}}],\"inLanguage\":\"fr-FR\"},{\"@type\":\"Organization\",\"@id\":\"https:\\\/\\\/districos.standingout.be\\\/fr\\\/#organization\",\"name\":\"Districos Webshop\",\"url\":\"https:\\\/\\\/districos.standingout.be\\\/fr\\\/\",\"logo\":{\"@type\":\"ImageObject\",\"inLanguage\":\"fr-FR\",\"@id\":\"https:\\\/\\\/districos.standingout.be\\\/fr\\\/#\\\/schema\\\/logo\\\/image\\\/\",\"url\":\"https:\\\/\\\/districos.standingout.be\\\/wp-content\\\/uploads\\\/2022\\\/09\\\/Districos_Logo_Webshop.svg\",\"contentUrl\":\"https:\\\/\\\/districos.standingout.be\\\/wp-content\\\/uploads\\\/2022\\\/09\\\/Districos_Logo_Webshop.svg\",\"caption\":\"Districos Webshop\"},\"image\":{\"@id\":\"https:\\\/\\\/districos.standingout.be\\\/fr\\\/#\\\/schema\\\/logo\\\/image\\\/\"}}]}<\/script>\n<!-- \/ Yoast SEO plugin. -->","yoast_head_json":{"title":"Eau D\u00e9min\u00e9ralis\u00e9e 5 l - Districos Webshop","robots":{"index":"noindex","follow":"follow","max-snippet":"max-snippet:-1","max-image-preview":"max-image-preview:large","max-video-preview":"max-video-preview:-1"},"og_locale":"fr_FR","og_type":"article","og_title":"Eau D\u00e9min\u00e9ralis\u00e9e 5 l - Districos Webshop","og_description":"De l\u2019eau d\u00e9min\u00e9ralis\u00e9e pour votre vapozone. Vous \u00e9vitez ainsi d\u2019\u00e9ventuels probl\u00e8mes tels que le tartre, l\u2019obstruction, etc. Elle est aussi utilis\u00e9e pour la dilution du Podisonic et du Podisan. Emballage : bidon de 5 l Eau D\u00e9min\u00e9ralis\u00e9e, 8025 ATTENTION \u2013 SUPPL\u00c9MENT POUR LIQUIDES Pour les commandes livr\u00e9es contenant plus de 15 litres de liquides, un [&hellip;]","og_url":"https:\/\/districos.standingout.be\/fr\/product\/eau-demineralisee-5-l-ref-8825\/","og_site_name":"Districos Webshop","article_modified_time":"2026-04-28T10:38:13+00:00","twitter_card":"summary_large_image","schema":{"@context":"https:\/\/schema.org","@graph":[{"@type":"WebPage","@id":"https:\/\/districos.standingout.be\/fr\/product\/eau-demineralisee-5-l-ref-8825\/","url":"https:\/\/districos.standingout.be\/fr\/product\/eau-demineralisee-5-l-ref-8825\/","name":"Eau D\u00e9min\u00e9ralis\u00e9e 5 l - Districos Webshop","isPartOf":{"@id":"https:\/\/districos.standingout.be\/fr\/#website"},"primaryImageOfPage":{"@id":"https:\/\/districos.standingout.be\/fr\/product\/eau-demineralisee-5-l-ref-8825\/#primaryimage"},"image":{"@id":"https:\/\/districos.standingout.be\/fr\/product\/eau-demineralisee-5-l-ref-8825\/#primaryimage"},"thumbnailUrl":"https:\/\/districos.standingout.be\/wp-content\/uploads\/2025\/07\/8825@LowRes_1_0.png","datePublished":"2026-04-28T10:38:08+00:00","dateModified":"2026-04-28T10:38:13+00:00","breadcrumb":{"@id":"https:\/\/districos.standingout.be\/fr\/product\/eau-demineralisee-5-l-ref-8825\/#breadcrumb"},"inLanguage":"fr-FR","potentialAction":[{"@type":"ReadAction","target":["https:\/\/districos.standingout.be\/fr\/product\/eau-demineralisee-5-l-ref-8825\/"]}]},{"@type":"ImageObject","inLanguage":"fr-FR","@id":"https:\/\/districos.standingout.be\/fr\/product\/eau-demineralisee-5-l-ref-8825\/#primaryimage","url":"https:\/\/districos.standingout.be\/wp-content\/uploads\/2025\/07\/8825@LowRes_1_0.png","contentUrl":"https:\/\/districos.standingout.be\/wp-content\/uploads\/2025\/07\/8825@LowRes_1_0.png","width":600,"height":600},{"@type":"BreadcrumbList","@id":"https:\/\/districos.standingout.be\/fr\/product\/eau-demineralisee-5-l-ref-8825\/#breadcrumb","itemListElement":[{"@type":"ListItem","position":1,"name":"Home","item":"https:\/\/districos.standingout.be\/fr\/bienvenue-chez-districos\/"},{"@type":"ListItem","position":2,"name":"Boutique","item":"https:\/\/districos.standingout.be\/fr\/boutique\/"},{"@type":"ListItem","position":3,"name":"Eau D\u00e9min\u00e9ralis\u00e9e 5 l"}]},{"@type":"WebSite","@id":"https:\/\/districos.standingout.be\/fr\/#website","url":"https:\/\/districos.standingout.be\/fr\/","name":"Districos Webshop","description":"","publisher":{"@id":"https:\/\/districos.standingout.be\/fr\/#organization"},"potentialAction":[{"@type":"SearchAction","target":{"@type":"EntryPoint","urlTemplate":"https:\/\/districos.standingout.be\/fr\/?s={search_term_string}"},"query-input":{"@type":"PropertyValueSpecification","valueRequired":true,"valueName":"search_term_string"}}],"inLanguage":"fr-FR"},{"@type":"Organization","@id":"https:\/\/districos.standingout.be\/fr\/#organization","name":"Districos Webshop","url":"https:\/\/districos.standingout.be\/fr\/","logo":{"@type":"ImageObject","inLanguage":"fr-FR","@id":"https:\/\/districos.standingout.be\/fr\/#\/schema\/logo\/image\/","url":"https:\/\/districos.standingout.be\/wp-content\/uploads\/2022\/09\/Districos_Logo_Webshop.svg","contentUrl":"https:\/\/districos.standingout.be\/wp-content\/uploads\/2022\/09\/Districos_Logo_Webshop.svg","caption":"Districos Webshop"},"image":{"@id":"https:\/\/districos.standingout.be\/fr\/#\/schema\/logo\/image\/"}}]}},"_links":{"self":[{"href":"https:\/\/districos.standingout.be\/fr\/wp-json\/wp\/v2\/product\/140213","targetHints":{"allow":["GET"]}}],"collection":[{"href":"https:\/\/districos.standingout.be\/fr\/wp-json\/wp\/v2\/product"}],"about":[{"href":"https:\/\/districos.standingout.be\/fr\/wp-json\/wp\/v2\/types\/product"}],"replies":[{"embeddable":true,"href":"https:\/\/districos.standingout.be\/fr\/wp-json\/wp\/v2\/comments?post=140213"}],"wp:featuredmedia":[{"embeddable":true,"href":"https:\/\/districos.standingout.be\/fr\/wp-json\/wp\/v2\/media\/83492"}],"wp:attachment":[{"href":"https:\/\/districos.standingout.be\/fr\/wp-json\/wp\/v2\/media?parent=140213"}],"wp:term":[{"taxonomy":"product_brand","embeddable":true,"href":"https:\/\/districos.standingout.be\/fr\/wp-json\/wp\/v2\/product_brand?post=140213"},{"taxonomy":"product_cat","embeddable":true,"href":"https:\/\/districos.standingout.be\/fr\/wp-json\/wp\/v2\/product_cat?post=140213"},{"taxonomy":"product_tag","embeddable":true,"href":"https:\/\/districos.standingout.be\/fr\/wp-json\/wp\/v2\/product_tag?post=140213"}],"curies":[{"name":"wp","href":"https:\/\/api.w.org\/{rel}","templated":true}]}}