{"id":140221,"date":"2026-04-28T12:38:32","date_gmt":"2026-04-28T10:38:32","guid":{"rendered":"https:\/\/webshopdistricoscom.webhosting.be\/product\/cobra-dissolvant-sans-acetone-500-ml-ref-8828-15\/"},"modified":"2026-04-28T12:38:38","modified_gmt":"2026-04-28T10:38:38","slug":"cobra-dissolvant-sans-acetone-500-ml-ref-8828-15","status":"publish","type":"product","link":"https:\/\/districos.standingout.be\/fr\/product\/cobra-dissolvant-sans-acetone-500-ml-ref-8828-15\/","title":{"rendered":"Cobra Dissolvant Sans Ac\u00e9tone 500 ml"},"content":{"rendered":"<p >\n<\/p>\n<div>\n<div>Dissolvant sans ac\u00e9tone qui enl\u00e8ve le vernis des ongles naturels en douceur.<\/div>\n<div>\n<ul>\n<li>Dissolvant doux, enrichi en glyc\u00e9rine soignante.<\/li>\n<li>Convient aussi \u00e0 l&rsquo;enl\u00e8vement de vernis classiques sur les ongles artificiels.<\/li>\n<\/ul>\n<\/div>\n<ul>\n<li>Emballage : flacon de 500 ml.<\/li>\n<\/ul>\n<p><b>Disponible en :<\/b><\/p>\n<ul>\n<li>Flacon de 100 ml (<a href=\"https:\/\/districos.com\/ProductDetail\/8828.11\" target=\"_blank\" rel=\"noopener noreferrer nofollow\"><font color=\"#0004ff\">r\u00e9f. 8828.11<\/font><\/a>)<\/li>\n<li>Flacon de 300 ml (<a href=\"https:\/\/districos.com\/ProductDetail\/8828.13\" target=\"_blank\" rel=\"noopener noreferrer nofollow\"><font color=\"#0004ff\">r\u00e9f. 8828.13<\/font><\/a>)<\/li>\n<li>Flacon de 500 ml (<a href=\"https:\/\/districos.com\/ProductDetail\/8828.15\" target=\"_blank\" rel=\"noopener noreferrer nofollow\"><font color=\"#0004ff\">r\u00e9f. 8828.15<\/font><\/a>)<\/li>\n<li>Flacon de 1 l (<a href=\"https:\/\/districos.com\/ProductDetail\/8828.14\" target=\"_blank\" rel=\"noopener noreferrer nofollow\"><font color=\"#0004ff\">r\u00e9f. 8828.14<\/font><\/a>)<\/li>\n<\/ul>\n<\/div>\n","protected":false},"excerpt":{"rendered":"<p>Dissolvant sans ac\u00e9tone qui enl\u00e8ve le vernis des ongles naturels en douceur. Dissolvant doux, enrichi en glyc\u00e9rine soignante. Convient aussi \u00e0 l&rsquo;enl\u00e8vement de vernis classiques sur les ongles artificiels. Emballage : flacon de 500 ml. Disponible en : Flacon de 100 ml (r\u00e9f. 8828.11) Flacon de 300 ml (r\u00e9f. 8828.13) Flacon de 500 ml (r\u00e9f. [&hellip;]<\/p>\n","protected":false},"featured_media":83507,"comment_status":"open","ping_status":"closed","template":"","meta":{"_acf_changed":false},"product_brand":[10340],"product_cat":[10172,9896,9898],"product_tag":[],"class_list":{"0":"post-140221","1":"product","2":"type-product","3":"status-publish","4":"has-post-thumbnail","6":"product_brand-cobra-nails-fr","7":"product_cat-fournitures-pour-cabinet-accessoires-accessoires-manucure","8":"product_cat-beaute-manucure-ongles-gel-gel-polish","9":"product_cat-beaute-manucure-ongles-vernis-a-ongles","11":"first","12":"instock","13":"taxable","14":"shipping-taxable","15":"product-type-simple"},"acf":[],"yoast_head":"<!-- This site is optimized with the Yoast SEO plugin v27.3 - https:\/\/yoast.com\/product\/yoast-seo-wordpress\/ -->\n<title>Cobra Dissolvant Sans Ac\u00e9tone 500 ml - Districos Webshop<\/title>\n<meta name=\"robots\" content=\"noindex, follow, max-snippet:-1, max-image-preview:large, max-video-preview:-1\" \/>\n<meta property=\"og:locale\" content=\"fr_FR\" \/>\n<meta property=\"og:type\" content=\"article\" \/>\n<meta property=\"og:title\" content=\"Cobra Dissolvant Sans Ac\u00e9tone 500 ml - Districos Webshop\" \/>\n<meta property=\"og:description\" content=\"Dissolvant sans ac\u00e9tone qui enl\u00e8ve le vernis des ongles naturels en douceur. Dissolvant doux, enrichi en glyc\u00e9rine soignante. Convient aussi \u00e0 l&rsquo;enl\u00e8vement de vernis classiques sur les ongles artificiels. Emballage : flacon de 500 ml. Disponible en : Flacon de 100 ml (r\u00e9f. 8828.11) Flacon de 300 ml (r\u00e9f. 8828.13) Flacon de 500 ml (r\u00e9f. [&hellip;]\" \/>\n<meta property=\"og:url\" content=\"https:\/\/districos.standingout.be\/fr\/product\/cobra-dissolvant-sans-acetone-500-ml-ref-8828-15\/\" \/>\n<meta property=\"og:site_name\" content=\"Districos Webshop\" \/>\n<meta property=\"article:modified_time\" content=\"2026-04-28T10:38:38+00:00\" \/>\n<meta name=\"twitter:card\" content=\"summary_large_image\" \/>\n<script type=\"application\/ld+json\" class=\"yoast-schema-graph\">{\"@context\":\"https:\\\/\\\/schema.org\",\"@graph\":[{\"@type\":\"WebPage\",\"@id\":\"https:\\\/\\\/districos.standingout.be\\\/fr\\\/product\\\/cobra-dissolvant-sans-acetone-500-ml-ref-8828-15\\\/\",\"url\":\"https:\\\/\\\/districos.standingout.be\\\/fr\\\/product\\\/cobra-dissolvant-sans-acetone-500-ml-ref-8828-15\\\/\",\"name\":\"Cobra Dissolvant Sans Ac\u00e9tone 500 ml - Districos Webshop\",\"isPartOf\":{\"@id\":\"https:\\\/\\\/districos.standingout.be\\\/fr\\\/#website\"},\"primaryImageOfPage\":{\"@id\":\"https:\\\/\\\/districos.standingout.be\\\/fr\\\/product\\\/cobra-dissolvant-sans-acetone-500-ml-ref-8828-15\\\/#primaryimage\"},\"image\":{\"@id\":\"https:\\\/\\\/districos.standingout.be\\\/fr\\\/product\\\/cobra-dissolvant-sans-acetone-500-ml-ref-8828-15\\\/#primaryimage\"},\"thumbnailUrl\":\"https:\\\/\\\/districos.standingout.be\\\/wp-content\\\/uploads\\\/2025\\\/07\\\/8828.15@LowRes_0_99.png\",\"datePublished\":\"2026-04-28T10:38:32+00:00\",\"dateModified\":\"2026-04-28T10:38:38+00:00\",\"breadcrumb\":{\"@id\":\"https:\\\/\\\/districos.standingout.be\\\/fr\\\/product\\\/cobra-dissolvant-sans-acetone-500-ml-ref-8828-15\\\/#breadcrumb\"},\"inLanguage\":\"fr-FR\",\"potentialAction\":[{\"@type\":\"ReadAction\",\"target\":[\"https:\\\/\\\/districos.standingout.be\\\/fr\\\/product\\\/cobra-dissolvant-sans-acetone-500-ml-ref-8828-15\\\/\"]}]},{\"@type\":\"ImageObject\",\"inLanguage\":\"fr-FR\",\"@id\":\"https:\\\/\\\/districos.standingout.be\\\/fr\\\/product\\\/cobra-dissolvant-sans-acetone-500-ml-ref-8828-15\\\/#primaryimage\",\"url\":\"https:\\\/\\\/districos.standingout.be\\\/wp-content\\\/uploads\\\/2025\\\/07\\\/8828.15@LowRes_0_99.png\",\"contentUrl\":\"https:\\\/\\\/districos.standingout.be\\\/wp-content\\\/uploads\\\/2025\\\/07\\\/8828.15@LowRes_0_99.png\",\"width\":600,\"height\":600},{\"@type\":\"BreadcrumbList\",\"@id\":\"https:\\\/\\\/districos.standingout.be\\\/fr\\\/product\\\/cobra-dissolvant-sans-acetone-500-ml-ref-8828-15\\\/#breadcrumb\",\"itemListElement\":[{\"@type\":\"ListItem\",\"position\":1,\"name\":\"Home\",\"item\":\"https:\\\/\\\/districos.standingout.be\\\/fr\\\/bienvenue-chez-districos\\\/\"},{\"@type\":\"ListItem\",\"position\":2,\"name\":\"Boutique\",\"item\":\"https:\\\/\\\/districos.standingout.be\\\/fr\\\/boutique\\\/\"},{\"@type\":\"ListItem\",\"position\":3,\"name\":\"Cobra Dissolvant Sans Ac\u00e9tone 500 ml\"}]},{\"@type\":\"WebSite\",\"@id\":\"https:\\\/\\\/districos.standingout.be\\\/fr\\\/#website\",\"url\":\"https:\\\/\\\/districos.standingout.be\\\/fr\\\/\",\"name\":\"Districos Webshop\",\"description\":\"\",\"publisher\":{\"@id\":\"https:\\\/\\\/districos.standingout.be\\\/fr\\\/#organization\"},\"potentialAction\":[{\"@type\":\"SearchAction\",\"target\":{\"@type\":\"EntryPoint\",\"urlTemplate\":\"https:\\\/\\\/districos.standingout.be\\\/fr\\\/?s={search_term_string}\"},\"query-input\":{\"@type\":\"PropertyValueSpecification\",\"valueRequired\":true,\"valueName\":\"search_term_string\"}}],\"inLanguage\":\"fr-FR\"},{\"@type\":\"Organization\",\"@id\":\"https:\\\/\\\/districos.standingout.be\\\/fr\\\/#organization\",\"name\":\"Districos Webshop\",\"url\":\"https:\\\/\\\/districos.standingout.be\\\/fr\\\/\",\"logo\":{\"@type\":\"ImageObject\",\"inLanguage\":\"fr-FR\",\"@id\":\"https:\\\/\\\/districos.standingout.be\\\/fr\\\/#\\\/schema\\\/logo\\\/image\\\/\",\"url\":\"https:\\\/\\\/districos.standingout.be\\\/wp-content\\\/uploads\\\/2022\\\/09\\\/Districos_Logo_Webshop.svg\",\"contentUrl\":\"https:\\\/\\\/districos.standingout.be\\\/wp-content\\\/uploads\\\/2022\\\/09\\\/Districos_Logo_Webshop.svg\",\"caption\":\"Districos Webshop\"},\"image\":{\"@id\":\"https:\\\/\\\/districos.standingout.be\\\/fr\\\/#\\\/schema\\\/logo\\\/image\\\/\"}}]}<\/script>\n<!-- \/ Yoast SEO plugin. -->","yoast_head_json":{"title":"Cobra Dissolvant Sans Ac\u00e9tone 500 ml - Districos Webshop","robots":{"index":"noindex","follow":"follow","max-snippet":"max-snippet:-1","max-image-preview":"max-image-preview:large","max-video-preview":"max-video-preview:-1"},"og_locale":"fr_FR","og_type":"article","og_title":"Cobra Dissolvant Sans Ac\u00e9tone 500 ml - Districos Webshop","og_description":"Dissolvant sans ac\u00e9tone qui enl\u00e8ve le vernis des ongles naturels en douceur. Dissolvant doux, enrichi en glyc\u00e9rine soignante. Convient aussi \u00e0 l&rsquo;enl\u00e8vement de vernis classiques sur les ongles artificiels. Emballage : flacon de 500 ml. Disponible en : Flacon de 100 ml (r\u00e9f. 8828.11) Flacon de 300 ml (r\u00e9f. 8828.13) Flacon de 500 ml (r\u00e9f. [&hellip;]","og_url":"https:\/\/districos.standingout.be\/fr\/product\/cobra-dissolvant-sans-acetone-500-ml-ref-8828-15\/","og_site_name":"Districos Webshop","article_modified_time":"2026-04-28T10:38:38+00:00","twitter_card":"summary_large_image","schema":{"@context":"https:\/\/schema.org","@graph":[{"@type":"WebPage","@id":"https:\/\/districos.standingout.be\/fr\/product\/cobra-dissolvant-sans-acetone-500-ml-ref-8828-15\/","url":"https:\/\/districos.standingout.be\/fr\/product\/cobra-dissolvant-sans-acetone-500-ml-ref-8828-15\/","name":"Cobra Dissolvant Sans Ac\u00e9tone 500 ml - Districos Webshop","isPartOf":{"@id":"https:\/\/districos.standingout.be\/fr\/#website"},"primaryImageOfPage":{"@id":"https:\/\/districos.standingout.be\/fr\/product\/cobra-dissolvant-sans-acetone-500-ml-ref-8828-15\/#primaryimage"},"image":{"@id":"https:\/\/districos.standingout.be\/fr\/product\/cobra-dissolvant-sans-acetone-500-ml-ref-8828-15\/#primaryimage"},"thumbnailUrl":"https:\/\/districos.standingout.be\/wp-content\/uploads\/2025\/07\/8828.15@LowRes_0_99.png","datePublished":"2026-04-28T10:38:32+00:00","dateModified":"2026-04-28T10:38:38+00:00","breadcrumb":{"@id":"https:\/\/districos.standingout.be\/fr\/product\/cobra-dissolvant-sans-acetone-500-ml-ref-8828-15\/#breadcrumb"},"inLanguage":"fr-FR","potentialAction":[{"@type":"ReadAction","target":["https:\/\/districos.standingout.be\/fr\/product\/cobra-dissolvant-sans-acetone-500-ml-ref-8828-15\/"]}]},{"@type":"ImageObject","inLanguage":"fr-FR","@id":"https:\/\/districos.standingout.be\/fr\/product\/cobra-dissolvant-sans-acetone-500-ml-ref-8828-15\/#primaryimage","url":"https:\/\/districos.standingout.be\/wp-content\/uploads\/2025\/07\/8828.15@LowRes_0_99.png","contentUrl":"https:\/\/districos.standingout.be\/wp-content\/uploads\/2025\/07\/8828.15@LowRes_0_99.png","width":600,"height":600},{"@type":"BreadcrumbList","@id":"https:\/\/districos.standingout.be\/fr\/product\/cobra-dissolvant-sans-acetone-500-ml-ref-8828-15\/#breadcrumb","itemListElement":[{"@type":"ListItem","position":1,"name":"Home","item":"https:\/\/districos.standingout.be\/fr\/bienvenue-chez-districos\/"},{"@type":"ListItem","position":2,"name":"Boutique","item":"https:\/\/districos.standingout.be\/fr\/boutique\/"},{"@type":"ListItem","position":3,"name":"Cobra Dissolvant Sans Ac\u00e9tone 500 ml"}]},{"@type":"WebSite","@id":"https:\/\/districos.standingout.be\/fr\/#website","url":"https:\/\/districos.standingout.be\/fr\/","name":"Districos Webshop","description":"","publisher":{"@id":"https:\/\/districos.standingout.be\/fr\/#organization"},"potentialAction":[{"@type":"SearchAction","target":{"@type":"EntryPoint","urlTemplate":"https:\/\/districos.standingout.be\/fr\/?s={search_term_string}"},"query-input":{"@type":"PropertyValueSpecification","valueRequired":true,"valueName":"search_term_string"}}],"inLanguage":"fr-FR"},{"@type":"Organization","@id":"https:\/\/districos.standingout.be\/fr\/#organization","name":"Districos Webshop","url":"https:\/\/districos.standingout.be\/fr\/","logo":{"@type":"ImageObject","inLanguage":"fr-FR","@id":"https:\/\/districos.standingout.be\/fr\/#\/schema\/logo\/image\/","url":"https:\/\/districos.standingout.be\/wp-content\/uploads\/2022\/09\/Districos_Logo_Webshop.svg","contentUrl":"https:\/\/districos.standingout.be\/wp-content\/uploads\/2022\/09\/Districos_Logo_Webshop.svg","caption":"Districos Webshop"},"image":{"@id":"https:\/\/districos.standingout.be\/fr\/#\/schema\/logo\/image\/"}}]}},"_links":{"self":[{"href":"https:\/\/districos.standingout.be\/fr\/wp-json\/wp\/v2\/product\/140221","targetHints":{"allow":["GET"]}}],"collection":[{"href":"https:\/\/districos.standingout.be\/fr\/wp-json\/wp\/v2\/product"}],"about":[{"href":"https:\/\/districos.standingout.be\/fr\/wp-json\/wp\/v2\/types\/product"}],"replies":[{"embeddable":true,"href":"https:\/\/districos.standingout.be\/fr\/wp-json\/wp\/v2\/comments?post=140221"}],"wp:featuredmedia":[{"embeddable":true,"href":"https:\/\/districos.standingout.be\/fr\/wp-json\/wp\/v2\/media\/83507"}],"wp:attachment":[{"href":"https:\/\/districos.standingout.be\/fr\/wp-json\/wp\/v2\/media?parent=140221"}],"wp:term":[{"taxonomy":"product_brand","embeddable":true,"href":"https:\/\/districos.standingout.be\/fr\/wp-json\/wp\/v2\/product_brand?post=140221"},{"taxonomy":"product_cat","embeddable":true,"href":"https:\/\/districos.standingout.be\/fr\/wp-json\/wp\/v2\/product_cat?post=140221"},{"taxonomy":"product_tag","embeddable":true,"href":"https:\/\/districos.standingout.be\/fr\/wp-json\/wp\/v2\/product_tag?post=140221"}],"curies":[{"name":"wp","href":"https:\/\/api.w.org\/{rel}","templated":true}]}}