{"id":140273,"date":"2026-04-28T12:40:39","date_gmt":"2026-04-28T10:40:39","guid":{"rendered":"https:\/\/webshopdistricoscom.webhosting.be\/product\/cobra-polissoir-professionnel-240-800-4000-ref-8834\/"},"modified":"2026-04-28T12:40:47","modified_gmt":"2026-04-28T10:40:47","slug":"cobra-polissoir-professionnel-240-800-4000-ref-8834","status":"publish","type":"product","link":"https:\/\/districos.standingout.be\/fr\/product\/cobra-polissoir-professionnel-240-800-4000-ref-8834\/","title":{"rendered":"Cobra Polissoir Professionnel 240\/800\/4000"},"content":{"rendered":"<p >\n<\/p>\n<p dir=\"ltr\">Polissoir professionnel 3 en 1 (mod\u00e8le droit). La partie violette \u00e9limine les in\u00e9galit\u00e9s sur l\u2019ongle naturel, la blanche lisse la surface ungu\u00e9ale et la grise polit l\u2019ongle.<\/p>\n<p dir=\"ltr\">\n<ul>\n<li>240\/800\/4000.<\/li>\n<li>Emballage : 1 pi\u00e8ce.<\/li>\n<\/ul>\n<div><b>Degr\u00e9 de rugosit\u00e9 des limes, exprim\u00e9 en grain<\/b><\/div>\n<div>\n<ul>\n<li>80\/100\/120\/150\/180 : tr\u00e8s gros \u00e0 gros.<\/li>\n<li>240\/280 : doux.<\/li>\n<li>400\/800\/4000 : tr\u00e8s doux.<\/li>\n<\/ul>\n<\/div><\/p>\n","protected":false},"excerpt":{"rendered":"<p>Polissoir professionnel 3 en 1 (mod\u00e8le droit). La partie violette \u00e9limine les in\u00e9galit\u00e9s sur l\u2019ongle naturel, la blanche lisse la surface ungu\u00e9ale et la grise polit l\u2019ongle. 240\/800\/4000. Emballage : 1 pi\u00e8ce. Degr\u00e9 de rugosit\u00e9 des limes, exprim\u00e9 en grain 80\/100\/120\/150\/180 : tr\u00e8s gros \u00e0 gros. 240\/280 : doux. 400\/800\/4000 : tr\u00e8s doux.<\/p>\n","protected":false},"featured_media":112562,"comment_status":"open","ping_status":"closed","template":"","meta":{"_acf_changed":false},"product_brand":[10340],"product_cat":[10172,9902],"product_tag":[],"class_list":{"0":"post-140273","1":"product","2":"type-product","3":"status-publish","4":"has-post-thumbnail","6":"product_brand-cobra-nails-fr","7":"product_cat-fournitures-pour-cabinet-accessoires-accessoires-manucure","8":"product_cat-beaute-manucure-ongles-limes","10":"first","11":"instock","12":"taxable","13":"shipping-taxable","14":"product-type-simple"},"acf":[],"yoast_head":"<!-- This site is optimized with the Yoast SEO plugin v27.3 - https:\/\/yoast.com\/product\/yoast-seo-wordpress\/ -->\n<title>Cobra Polissoir Professionnel 240\/800\/4000 - Districos Webshop<\/title>\n<meta name=\"robots\" content=\"noindex, follow, max-snippet:-1, max-image-preview:large, max-video-preview:-1\" \/>\n<meta property=\"og:locale\" content=\"fr_FR\" \/>\n<meta property=\"og:type\" content=\"article\" \/>\n<meta property=\"og:title\" content=\"Cobra Polissoir Professionnel 240\/800\/4000 - Districos Webshop\" \/>\n<meta property=\"og:description\" content=\"Polissoir professionnel 3 en 1 (mod\u00e8le droit). La partie violette \u00e9limine les in\u00e9galit\u00e9s sur l\u2019ongle naturel, la blanche lisse la surface ungu\u00e9ale et la grise polit l\u2019ongle. 240\/800\/4000. Emballage : 1 pi\u00e8ce. Degr\u00e9 de rugosit\u00e9 des limes, exprim\u00e9 en grain 80\/100\/120\/150\/180 : tr\u00e8s gros \u00e0 gros. 240\/280 : doux. 400\/800\/4000 : tr\u00e8s doux.\" \/>\n<meta property=\"og:url\" content=\"https:\/\/districos.standingout.be\/fr\/product\/cobra-polissoir-professionnel-240-800-4000-ref-8834\/\" \/>\n<meta property=\"og:site_name\" content=\"Districos Webshop\" \/>\n<meta property=\"article:modified_time\" content=\"2026-04-28T10:40:47+00:00\" \/>\n<meta name=\"twitter:card\" content=\"summary_large_image\" \/>\n<script type=\"application\/ld+json\" class=\"yoast-schema-graph\">{\"@context\":\"https:\\\/\\\/schema.org\",\"@graph\":[{\"@type\":\"WebPage\",\"@id\":\"https:\\\/\\\/districos.standingout.be\\\/fr\\\/product\\\/cobra-polissoir-professionnel-240-800-4000-ref-8834\\\/\",\"url\":\"https:\\\/\\\/districos.standingout.be\\\/fr\\\/product\\\/cobra-polissoir-professionnel-240-800-4000-ref-8834\\\/\",\"name\":\"Cobra Polissoir Professionnel 240\\\/800\\\/4000 - Districos Webshop\",\"isPartOf\":{\"@id\":\"https:\\\/\\\/districos.standingout.be\\\/fr\\\/#website\"},\"primaryImageOfPage\":{\"@id\":\"https:\\\/\\\/districos.standingout.be\\\/fr\\\/product\\\/cobra-polissoir-professionnel-240-800-4000-ref-8834\\\/#primaryimage\"},\"image\":{\"@id\":\"https:\\\/\\\/districos.standingout.be\\\/fr\\\/product\\\/cobra-polissoir-professionnel-240-800-4000-ref-8834\\\/#primaryimage\"},\"thumbnailUrl\":\"https:\\\/\\\/districos.standingout.be\\\/wp-content\\\/uploads\\\/2026\\\/03\\\/8834@LowRes_1_0.png\",\"datePublished\":\"2026-04-28T10:40:39+00:00\",\"dateModified\":\"2026-04-28T10:40:47+00:00\",\"breadcrumb\":{\"@id\":\"https:\\\/\\\/districos.standingout.be\\\/fr\\\/product\\\/cobra-polissoir-professionnel-240-800-4000-ref-8834\\\/#breadcrumb\"},\"inLanguage\":\"fr-FR\",\"potentialAction\":[{\"@type\":\"ReadAction\",\"target\":[\"https:\\\/\\\/districos.standingout.be\\\/fr\\\/product\\\/cobra-polissoir-professionnel-240-800-4000-ref-8834\\\/\"]}]},{\"@type\":\"ImageObject\",\"inLanguage\":\"fr-FR\",\"@id\":\"https:\\\/\\\/districos.standingout.be\\\/fr\\\/product\\\/cobra-polissoir-professionnel-240-800-4000-ref-8834\\\/#primaryimage\",\"url\":\"https:\\\/\\\/districos.standingout.be\\\/wp-content\\\/uploads\\\/2026\\\/03\\\/8834@LowRes_1_0.png\",\"contentUrl\":\"https:\\\/\\\/districos.standingout.be\\\/wp-content\\\/uploads\\\/2026\\\/03\\\/8834@LowRes_1_0.png\",\"width\":600,\"height\":600},{\"@type\":\"BreadcrumbList\",\"@id\":\"https:\\\/\\\/districos.standingout.be\\\/fr\\\/product\\\/cobra-polissoir-professionnel-240-800-4000-ref-8834\\\/#breadcrumb\",\"itemListElement\":[{\"@type\":\"ListItem\",\"position\":1,\"name\":\"Home\",\"item\":\"https:\\\/\\\/districos.standingout.be\\\/fr\\\/bienvenue-chez-districos\\\/\"},{\"@type\":\"ListItem\",\"position\":2,\"name\":\"Boutique\",\"item\":\"https:\\\/\\\/districos.standingout.be\\\/fr\\\/boutique\\\/\"},{\"@type\":\"ListItem\",\"position\":3,\"name\":\"Cobra Polissoir Professionnel 240\\\/800\\\/4000\"}]},{\"@type\":\"WebSite\",\"@id\":\"https:\\\/\\\/districos.standingout.be\\\/fr\\\/#website\",\"url\":\"https:\\\/\\\/districos.standingout.be\\\/fr\\\/\",\"name\":\"Districos Webshop\",\"description\":\"\",\"publisher\":{\"@id\":\"https:\\\/\\\/districos.standingout.be\\\/fr\\\/#organization\"},\"potentialAction\":[{\"@type\":\"SearchAction\",\"target\":{\"@type\":\"EntryPoint\",\"urlTemplate\":\"https:\\\/\\\/districos.standingout.be\\\/fr\\\/?s={search_term_string}\"},\"query-input\":{\"@type\":\"PropertyValueSpecification\",\"valueRequired\":true,\"valueName\":\"search_term_string\"}}],\"inLanguage\":\"fr-FR\"},{\"@type\":\"Organization\",\"@id\":\"https:\\\/\\\/districos.standingout.be\\\/fr\\\/#organization\",\"name\":\"Districos Webshop\",\"url\":\"https:\\\/\\\/districos.standingout.be\\\/fr\\\/\",\"logo\":{\"@type\":\"ImageObject\",\"inLanguage\":\"fr-FR\",\"@id\":\"https:\\\/\\\/districos.standingout.be\\\/fr\\\/#\\\/schema\\\/logo\\\/image\\\/\",\"url\":\"https:\\\/\\\/districos.standingout.be\\\/wp-content\\\/uploads\\\/2022\\\/09\\\/Districos_Logo_Webshop.svg\",\"contentUrl\":\"https:\\\/\\\/districos.standingout.be\\\/wp-content\\\/uploads\\\/2022\\\/09\\\/Districos_Logo_Webshop.svg\",\"caption\":\"Districos Webshop\"},\"image\":{\"@id\":\"https:\\\/\\\/districos.standingout.be\\\/fr\\\/#\\\/schema\\\/logo\\\/image\\\/\"}}]}<\/script>\n<!-- \/ Yoast SEO plugin. -->","yoast_head_json":{"title":"Cobra Polissoir Professionnel 240\/800\/4000 - Districos Webshop","robots":{"index":"noindex","follow":"follow","max-snippet":"max-snippet:-1","max-image-preview":"max-image-preview:large","max-video-preview":"max-video-preview:-1"},"og_locale":"fr_FR","og_type":"article","og_title":"Cobra Polissoir Professionnel 240\/800\/4000 - Districos Webshop","og_description":"Polissoir professionnel 3 en 1 (mod\u00e8le droit). La partie violette \u00e9limine les in\u00e9galit\u00e9s sur l\u2019ongle naturel, la blanche lisse la surface ungu\u00e9ale et la grise polit l\u2019ongle. 240\/800\/4000. Emballage : 1 pi\u00e8ce. Degr\u00e9 de rugosit\u00e9 des limes, exprim\u00e9 en grain 80\/100\/120\/150\/180 : tr\u00e8s gros \u00e0 gros. 240\/280 : doux. 400\/800\/4000 : tr\u00e8s doux.","og_url":"https:\/\/districos.standingout.be\/fr\/product\/cobra-polissoir-professionnel-240-800-4000-ref-8834\/","og_site_name":"Districos Webshop","article_modified_time":"2026-04-28T10:40:47+00:00","twitter_card":"summary_large_image","schema":{"@context":"https:\/\/schema.org","@graph":[{"@type":"WebPage","@id":"https:\/\/districos.standingout.be\/fr\/product\/cobra-polissoir-professionnel-240-800-4000-ref-8834\/","url":"https:\/\/districos.standingout.be\/fr\/product\/cobra-polissoir-professionnel-240-800-4000-ref-8834\/","name":"Cobra Polissoir Professionnel 240\/800\/4000 - Districos Webshop","isPartOf":{"@id":"https:\/\/districos.standingout.be\/fr\/#website"},"primaryImageOfPage":{"@id":"https:\/\/districos.standingout.be\/fr\/product\/cobra-polissoir-professionnel-240-800-4000-ref-8834\/#primaryimage"},"image":{"@id":"https:\/\/districos.standingout.be\/fr\/product\/cobra-polissoir-professionnel-240-800-4000-ref-8834\/#primaryimage"},"thumbnailUrl":"https:\/\/districos.standingout.be\/wp-content\/uploads\/2026\/03\/8834@LowRes_1_0.png","datePublished":"2026-04-28T10:40:39+00:00","dateModified":"2026-04-28T10:40:47+00:00","breadcrumb":{"@id":"https:\/\/districos.standingout.be\/fr\/product\/cobra-polissoir-professionnel-240-800-4000-ref-8834\/#breadcrumb"},"inLanguage":"fr-FR","potentialAction":[{"@type":"ReadAction","target":["https:\/\/districos.standingout.be\/fr\/product\/cobra-polissoir-professionnel-240-800-4000-ref-8834\/"]}]},{"@type":"ImageObject","inLanguage":"fr-FR","@id":"https:\/\/districos.standingout.be\/fr\/product\/cobra-polissoir-professionnel-240-800-4000-ref-8834\/#primaryimage","url":"https:\/\/districos.standingout.be\/wp-content\/uploads\/2026\/03\/8834@LowRes_1_0.png","contentUrl":"https:\/\/districos.standingout.be\/wp-content\/uploads\/2026\/03\/8834@LowRes_1_0.png","width":600,"height":600},{"@type":"BreadcrumbList","@id":"https:\/\/districos.standingout.be\/fr\/product\/cobra-polissoir-professionnel-240-800-4000-ref-8834\/#breadcrumb","itemListElement":[{"@type":"ListItem","position":1,"name":"Home","item":"https:\/\/districos.standingout.be\/fr\/bienvenue-chez-districos\/"},{"@type":"ListItem","position":2,"name":"Boutique","item":"https:\/\/districos.standingout.be\/fr\/boutique\/"},{"@type":"ListItem","position":3,"name":"Cobra Polissoir Professionnel 240\/800\/4000"}]},{"@type":"WebSite","@id":"https:\/\/districos.standingout.be\/fr\/#website","url":"https:\/\/districos.standingout.be\/fr\/","name":"Districos Webshop","description":"","publisher":{"@id":"https:\/\/districos.standingout.be\/fr\/#organization"},"potentialAction":[{"@type":"SearchAction","target":{"@type":"EntryPoint","urlTemplate":"https:\/\/districos.standingout.be\/fr\/?s={search_term_string}"},"query-input":{"@type":"PropertyValueSpecification","valueRequired":true,"valueName":"search_term_string"}}],"inLanguage":"fr-FR"},{"@type":"Organization","@id":"https:\/\/districos.standingout.be\/fr\/#organization","name":"Districos Webshop","url":"https:\/\/districos.standingout.be\/fr\/","logo":{"@type":"ImageObject","inLanguage":"fr-FR","@id":"https:\/\/districos.standingout.be\/fr\/#\/schema\/logo\/image\/","url":"https:\/\/districos.standingout.be\/wp-content\/uploads\/2022\/09\/Districos_Logo_Webshop.svg","contentUrl":"https:\/\/districos.standingout.be\/wp-content\/uploads\/2022\/09\/Districos_Logo_Webshop.svg","caption":"Districos Webshop"},"image":{"@id":"https:\/\/districos.standingout.be\/fr\/#\/schema\/logo\/image\/"}}]}},"_links":{"self":[{"href":"https:\/\/districos.standingout.be\/fr\/wp-json\/wp\/v2\/product\/140273","targetHints":{"allow":["GET"]}}],"collection":[{"href":"https:\/\/districos.standingout.be\/fr\/wp-json\/wp\/v2\/product"}],"about":[{"href":"https:\/\/districos.standingout.be\/fr\/wp-json\/wp\/v2\/types\/product"}],"replies":[{"embeddable":true,"href":"https:\/\/districos.standingout.be\/fr\/wp-json\/wp\/v2\/comments?post=140273"}],"wp:featuredmedia":[{"embeddable":true,"href":"https:\/\/districos.standingout.be\/fr\/wp-json\/wp\/v2\/media\/112562"}],"wp:attachment":[{"href":"https:\/\/districos.standingout.be\/fr\/wp-json\/wp\/v2\/media?parent=140273"}],"wp:term":[{"taxonomy":"product_brand","embeddable":true,"href":"https:\/\/districos.standingout.be\/fr\/wp-json\/wp\/v2\/product_brand?post=140273"},{"taxonomy":"product_cat","embeddable":true,"href":"https:\/\/districos.standingout.be\/fr\/wp-json\/wp\/v2\/product_cat?post=140273"},{"taxonomy":"product_tag","embeddable":true,"href":"https:\/\/districos.standingout.be\/fr\/wp-json\/wp\/v2\/product_tag?post=140273"}],"curies":[{"name":"wp","href":"https:\/\/api.w.org\/{rel}","templated":true}]}}