{"id":140279,"date":"2026-04-28T12:41:01","date_gmt":"2026-04-28T10:41:01","guid":{"rendered":"https:\/\/webshopdistricoscom.webhosting.be\/product\/cobra-lime-grain-boomerang-120-180-pro-ref-8837\/"},"modified":"2026-04-28T12:41:07","modified_gmt":"2026-04-28T10:41:07","slug":"cobra-lime-grain-boomerang-120-180-pro-ref-8837","status":"publish","type":"product","link":"https:\/\/districos.standingout.be\/fr\/product\/cobra-lime-grain-boomerang-120-180-pro-ref-8837\/","title":{"rendered":"Cobra Lime Grain Boomerang 120\/180 Pro"},"content":{"rendered":"<p >\n<p dir=\"ltr\">Lime grain dont le c\u00f4t\u00e9 rugueux est utilis\u00e9 pour l&rsquo;enl\u00e8vement de la couche ancienne de gel ou d&rsquo;acrylique et le c\u00f4t\u00e9 doux pour pr\u00e9parer les ongles au gel ou \u00e0 l\u2019acrylique. La forme anatomique suit la forme naturelle de l\u2019ongle et facilite ainsi le limage.<\/p>\n<p dir=\"ltr\">\n<ul>\n<li>120\/180.<\/li>\n<li>Emballage : 1 pi\u00e8ce.<\/li>\n<\/ul>\n<p><span lang=\"FR\"><b>Degr\u00e9 de rugosit\u00e9 des limes, exprim\u00e9 en grain<\/b><o:p><\/o:p><\/span><\/p>\n<div>\n<ul>\n<li><span lang=\"FR\">80\/100\/120\/150\/180 : tr\u00e8s gros \u00e0 gros.<\/span><\/li>\n<li><span lang=\"FR\">240\/280 : doux.<\/span><\/li>\n<li>400\/800\/4000 : tr\u00e8s doux.<\/li>\n<\/ul>\n<p><o:p><\/o:p><\/p>\n<\/div>\n","protected":false},"excerpt":{"rendered":"<p>Lime grain dont le c\u00f4t\u00e9 rugueux est utilis\u00e9 pour l&rsquo;enl\u00e8vement de la couche ancienne de gel ou d&rsquo;acrylique et le c\u00f4t\u00e9 doux pour pr\u00e9parer les ongles au gel ou \u00e0 l\u2019acrylique. La forme anatomique suit la forme naturelle de l\u2019ongle et facilite ainsi le limage. 120\/180. Emballage : 1 pi\u00e8ce. Degr\u00e9 de rugosit\u00e9 des limes, [&hellip;]<\/p>\n","protected":false},"featured_media":83561,"comment_status":"open","ping_status":"closed","template":"","meta":{"_acf_changed":false},"product_brand":[10340],"product_cat":[10172,9902],"product_tag":[],"class_list":{"0":"post-140279","1":"product","2":"type-product","3":"status-publish","4":"has-post-thumbnail","6":"product_brand-cobra-nails-fr","7":"product_cat-fournitures-pour-cabinet-accessoires-accessoires-manucure","8":"product_cat-beaute-manucure-ongles-limes","10":"first","11":"instock","12":"taxable","13":"shipping-taxable","14":"product-type-simple"},"acf":[],"yoast_head":"<!-- This site is optimized with the Yoast SEO plugin v27.3 - https:\/\/yoast.com\/product\/yoast-seo-wordpress\/ -->\n<title>Cobra Lime Grain Boomerang 120\/180 Pro - Districos Webshop<\/title>\n<meta name=\"robots\" content=\"noindex, follow, max-snippet:-1, max-image-preview:large, max-video-preview:-1\" \/>\n<meta property=\"og:locale\" content=\"fr_FR\" \/>\n<meta property=\"og:type\" content=\"article\" \/>\n<meta property=\"og:title\" content=\"Cobra Lime Grain Boomerang 120\/180 Pro - Districos Webshop\" \/>\n<meta property=\"og:description\" content=\"Lime grain dont le c\u00f4t\u00e9 rugueux est utilis\u00e9 pour l&rsquo;enl\u00e8vement de la couche ancienne de gel ou d&rsquo;acrylique et le c\u00f4t\u00e9 doux pour pr\u00e9parer les ongles au gel ou \u00e0 l\u2019acrylique. La forme anatomique suit la forme naturelle de l\u2019ongle et facilite ainsi le limage. 120\/180. Emballage : 1 pi\u00e8ce. Degr\u00e9 de rugosit\u00e9 des limes, [&hellip;]\" \/>\n<meta property=\"og:url\" content=\"https:\/\/districos.standingout.be\/fr\/product\/cobra-lime-grain-boomerang-120-180-pro-ref-8837\/\" \/>\n<meta property=\"og:site_name\" content=\"Districos Webshop\" \/>\n<meta property=\"article:modified_time\" content=\"2026-04-28T10:41:07+00:00\" \/>\n<meta name=\"twitter:card\" content=\"summary_large_image\" \/>\n<script type=\"application\/ld+json\" class=\"yoast-schema-graph\">{\"@context\":\"https:\\\/\\\/schema.org\",\"@graph\":[{\"@type\":\"WebPage\",\"@id\":\"https:\\\/\\\/districos.standingout.be\\\/fr\\\/product\\\/cobra-lime-grain-boomerang-120-180-pro-ref-8837\\\/\",\"url\":\"https:\\\/\\\/districos.standingout.be\\\/fr\\\/product\\\/cobra-lime-grain-boomerang-120-180-pro-ref-8837\\\/\",\"name\":\"Cobra Lime Grain Boomerang 120\\\/180 Pro - Districos Webshop\",\"isPartOf\":{\"@id\":\"https:\\\/\\\/districos.standingout.be\\\/fr\\\/#website\"},\"primaryImageOfPage\":{\"@id\":\"https:\\\/\\\/districos.standingout.be\\\/fr\\\/product\\\/cobra-lime-grain-boomerang-120-180-pro-ref-8837\\\/#primaryimage\"},\"image\":{\"@id\":\"https:\\\/\\\/districos.standingout.be\\\/fr\\\/product\\\/cobra-lime-grain-boomerang-120-180-pro-ref-8837\\\/#primaryimage\"},\"thumbnailUrl\":\"https:\\\/\\\/districos.standingout.be\\\/wp-content\\\/uploads\\\/2025\\\/07\\\/8837@LowRes_1_0.png\",\"datePublished\":\"2026-04-28T10:41:01+00:00\",\"dateModified\":\"2026-04-28T10:41:07+00:00\",\"breadcrumb\":{\"@id\":\"https:\\\/\\\/districos.standingout.be\\\/fr\\\/product\\\/cobra-lime-grain-boomerang-120-180-pro-ref-8837\\\/#breadcrumb\"},\"inLanguage\":\"fr-FR\",\"potentialAction\":[{\"@type\":\"ReadAction\",\"target\":[\"https:\\\/\\\/districos.standingout.be\\\/fr\\\/product\\\/cobra-lime-grain-boomerang-120-180-pro-ref-8837\\\/\"]}]},{\"@type\":\"ImageObject\",\"inLanguage\":\"fr-FR\",\"@id\":\"https:\\\/\\\/districos.standingout.be\\\/fr\\\/product\\\/cobra-lime-grain-boomerang-120-180-pro-ref-8837\\\/#primaryimage\",\"url\":\"https:\\\/\\\/districos.standingout.be\\\/wp-content\\\/uploads\\\/2025\\\/07\\\/8837@LowRes_1_0.png\",\"contentUrl\":\"https:\\\/\\\/districos.standingout.be\\\/wp-content\\\/uploads\\\/2025\\\/07\\\/8837@LowRes_1_0.png\",\"width\":600,\"height\":600},{\"@type\":\"BreadcrumbList\",\"@id\":\"https:\\\/\\\/districos.standingout.be\\\/fr\\\/product\\\/cobra-lime-grain-boomerang-120-180-pro-ref-8837\\\/#breadcrumb\",\"itemListElement\":[{\"@type\":\"ListItem\",\"position\":1,\"name\":\"Home\",\"item\":\"https:\\\/\\\/districos.standingout.be\\\/fr\\\/bienvenue-chez-districos\\\/\"},{\"@type\":\"ListItem\",\"position\":2,\"name\":\"Boutique\",\"item\":\"https:\\\/\\\/districos.standingout.be\\\/fr\\\/boutique\\\/\"},{\"@type\":\"ListItem\",\"position\":3,\"name\":\"Cobra Lime Grain Boomerang 120\\\/180 Pro\"}]},{\"@type\":\"WebSite\",\"@id\":\"https:\\\/\\\/districos.standingout.be\\\/fr\\\/#website\",\"url\":\"https:\\\/\\\/districos.standingout.be\\\/fr\\\/\",\"name\":\"Districos Webshop\",\"description\":\"\",\"publisher\":{\"@id\":\"https:\\\/\\\/districos.standingout.be\\\/fr\\\/#organization\"},\"potentialAction\":[{\"@type\":\"SearchAction\",\"target\":{\"@type\":\"EntryPoint\",\"urlTemplate\":\"https:\\\/\\\/districos.standingout.be\\\/fr\\\/?s={search_term_string}\"},\"query-input\":{\"@type\":\"PropertyValueSpecification\",\"valueRequired\":true,\"valueName\":\"search_term_string\"}}],\"inLanguage\":\"fr-FR\"},{\"@type\":\"Organization\",\"@id\":\"https:\\\/\\\/districos.standingout.be\\\/fr\\\/#organization\",\"name\":\"Districos Webshop\",\"url\":\"https:\\\/\\\/districos.standingout.be\\\/fr\\\/\",\"logo\":{\"@type\":\"ImageObject\",\"inLanguage\":\"fr-FR\",\"@id\":\"https:\\\/\\\/districos.standingout.be\\\/fr\\\/#\\\/schema\\\/logo\\\/image\\\/\",\"url\":\"https:\\\/\\\/districos.standingout.be\\\/wp-content\\\/uploads\\\/2022\\\/09\\\/Districos_Logo_Webshop.svg\",\"contentUrl\":\"https:\\\/\\\/districos.standingout.be\\\/wp-content\\\/uploads\\\/2022\\\/09\\\/Districos_Logo_Webshop.svg\",\"caption\":\"Districos Webshop\"},\"image\":{\"@id\":\"https:\\\/\\\/districos.standingout.be\\\/fr\\\/#\\\/schema\\\/logo\\\/image\\\/\"}}]}<\/script>\n<!-- \/ Yoast SEO plugin. -->","yoast_head_json":{"title":"Cobra Lime Grain Boomerang 120\/180 Pro - Districos Webshop","robots":{"index":"noindex","follow":"follow","max-snippet":"max-snippet:-1","max-image-preview":"max-image-preview:large","max-video-preview":"max-video-preview:-1"},"og_locale":"fr_FR","og_type":"article","og_title":"Cobra Lime Grain Boomerang 120\/180 Pro - Districos Webshop","og_description":"Lime grain dont le c\u00f4t\u00e9 rugueux est utilis\u00e9 pour l&rsquo;enl\u00e8vement de la couche ancienne de gel ou d&rsquo;acrylique et le c\u00f4t\u00e9 doux pour pr\u00e9parer les ongles au gel ou \u00e0 l\u2019acrylique. La forme anatomique suit la forme naturelle de l\u2019ongle et facilite ainsi le limage. 120\/180. Emballage : 1 pi\u00e8ce. Degr\u00e9 de rugosit\u00e9 des limes, [&hellip;]","og_url":"https:\/\/districos.standingout.be\/fr\/product\/cobra-lime-grain-boomerang-120-180-pro-ref-8837\/","og_site_name":"Districos Webshop","article_modified_time":"2026-04-28T10:41:07+00:00","twitter_card":"summary_large_image","schema":{"@context":"https:\/\/schema.org","@graph":[{"@type":"WebPage","@id":"https:\/\/districos.standingout.be\/fr\/product\/cobra-lime-grain-boomerang-120-180-pro-ref-8837\/","url":"https:\/\/districos.standingout.be\/fr\/product\/cobra-lime-grain-boomerang-120-180-pro-ref-8837\/","name":"Cobra Lime Grain Boomerang 120\/180 Pro - Districos Webshop","isPartOf":{"@id":"https:\/\/districos.standingout.be\/fr\/#website"},"primaryImageOfPage":{"@id":"https:\/\/districos.standingout.be\/fr\/product\/cobra-lime-grain-boomerang-120-180-pro-ref-8837\/#primaryimage"},"image":{"@id":"https:\/\/districos.standingout.be\/fr\/product\/cobra-lime-grain-boomerang-120-180-pro-ref-8837\/#primaryimage"},"thumbnailUrl":"https:\/\/districos.standingout.be\/wp-content\/uploads\/2025\/07\/8837@LowRes_1_0.png","datePublished":"2026-04-28T10:41:01+00:00","dateModified":"2026-04-28T10:41:07+00:00","breadcrumb":{"@id":"https:\/\/districos.standingout.be\/fr\/product\/cobra-lime-grain-boomerang-120-180-pro-ref-8837\/#breadcrumb"},"inLanguage":"fr-FR","potentialAction":[{"@type":"ReadAction","target":["https:\/\/districos.standingout.be\/fr\/product\/cobra-lime-grain-boomerang-120-180-pro-ref-8837\/"]}]},{"@type":"ImageObject","inLanguage":"fr-FR","@id":"https:\/\/districos.standingout.be\/fr\/product\/cobra-lime-grain-boomerang-120-180-pro-ref-8837\/#primaryimage","url":"https:\/\/districos.standingout.be\/wp-content\/uploads\/2025\/07\/8837@LowRes_1_0.png","contentUrl":"https:\/\/districos.standingout.be\/wp-content\/uploads\/2025\/07\/8837@LowRes_1_0.png","width":600,"height":600},{"@type":"BreadcrumbList","@id":"https:\/\/districos.standingout.be\/fr\/product\/cobra-lime-grain-boomerang-120-180-pro-ref-8837\/#breadcrumb","itemListElement":[{"@type":"ListItem","position":1,"name":"Home","item":"https:\/\/districos.standingout.be\/fr\/bienvenue-chez-districos\/"},{"@type":"ListItem","position":2,"name":"Boutique","item":"https:\/\/districos.standingout.be\/fr\/boutique\/"},{"@type":"ListItem","position":3,"name":"Cobra Lime Grain Boomerang 120\/180 Pro"}]},{"@type":"WebSite","@id":"https:\/\/districos.standingout.be\/fr\/#website","url":"https:\/\/districos.standingout.be\/fr\/","name":"Districos Webshop","description":"","publisher":{"@id":"https:\/\/districos.standingout.be\/fr\/#organization"},"potentialAction":[{"@type":"SearchAction","target":{"@type":"EntryPoint","urlTemplate":"https:\/\/districos.standingout.be\/fr\/?s={search_term_string}"},"query-input":{"@type":"PropertyValueSpecification","valueRequired":true,"valueName":"search_term_string"}}],"inLanguage":"fr-FR"},{"@type":"Organization","@id":"https:\/\/districos.standingout.be\/fr\/#organization","name":"Districos Webshop","url":"https:\/\/districos.standingout.be\/fr\/","logo":{"@type":"ImageObject","inLanguage":"fr-FR","@id":"https:\/\/districos.standingout.be\/fr\/#\/schema\/logo\/image\/","url":"https:\/\/districos.standingout.be\/wp-content\/uploads\/2022\/09\/Districos_Logo_Webshop.svg","contentUrl":"https:\/\/districos.standingout.be\/wp-content\/uploads\/2022\/09\/Districos_Logo_Webshop.svg","caption":"Districos Webshop"},"image":{"@id":"https:\/\/districos.standingout.be\/fr\/#\/schema\/logo\/image\/"}}]}},"_links":{"self":[{"href":"https:\/\/districos.standingout.be\/fr\/wp-json\/wp\/v2\/product\/140279","targetHints":{"allow":["GET"]}}],"collection":[{"href":"https:\/\/districos.standingout.be\/fr\/wp-json\/wp\/v2\/product"}],"about":[{"href":"https:\/\/districos.standingout.be\/fr\/wp-json\/wp\/v2\/types\/product"}],"replies":[{"embeddable":true,"href":"https:\/\/districos.standingout.be\/fr\/wp-json\/wp\/v2\/comments?post=140279"}],"wp:featuredmedia":[{"embeddable":true,"href":"https:\/\/districos.standingout.be\/fr\/wp-json\/wp\/v2\/media\/83561"}],"wp:attachment":[{"href":"https:\/\/districos.standingout.be\/fr\/wp-json\/wp\/v2\/media?parent=140279"}],"wp:term":[{"taxonomy":"product_brand","embeddable":true,"href":"https:\/\/districos.standingout.be\/fr\/wp-json\/wp\/v2\/product_brand?post=140279"},{"taxonomy":"product_cat","embeddable":true,"href":"https:\/\/districos.standingout.be\/fr\/wp-json\/wp\/v2\/product_cat?post=140279"},{"taxonomy":"product_tag","embeddable":true,"href":"https:\/\/districos.standingout.be\/fr\/wp-json\/wp\/v2\/product_tag?post=140279"}],"curies":[{"name":"wp","href":"https:\/\/api.w.org\/{rel}","templated":true}]}}