{"id":140377,"date":"2026-04-28T12:42:19","date_gmt":"2026-04-28T10:42:19","guid":{"rendered":"https:\/\/webshopdistricoscom.webhosting.be\/product\/cobra-lime-en-verre-turquoise-120-mm-ref-8839-55\/"},"modified":"2026-04-28T12:42:24","modified_gmt":"2026-04-28T10:42:24","slug":"cobra-lime-en-verre-turquoise-120-mm-ref-8839-55","status":"publish","type":"product","link":"https:\/\/districos.standingout.be\/fr\/product\/cobra-lime-en-verre-turquoise-120-mm-ref-8839-55\/","title":{"rendered":"Cobra Lime en Verre Turquoise 120 mm"},"content":{"rendered":"<p >\n<\/p>\n<p dir=\"ltr\">Cette lime glisse sur le bord libre afin que les crochets d\u00e9sagr\u00e9ables soient \u00e9vit\u00e9s et le bord libre soit doux et solide. Gr\u00e2ce \u00e0 la fine structure du verre, le limage ferme et prot\u00e8ge le bord libre. Elle emp\u00eache que les ongles ne se d\u00e9doublent et ne se fendent, ce qui favorise une croissance saine des ongles naturels.<\/p>\n<p dir=\"ltr\">\n<ul>\n<li>La lime en verre est hygi\u00e9nique \u00e0 l\u2019usage, parce qu\u2019elle peut \u00eatre compl\u00e8tement d\u00e9sinfect\u00e9e comme les instruments en m\u00e9tal.<\/li>\n<li>Avantage suppl\u00e9mentaire : elle ne s\u2019use pas et est donc plus durable qu&rsquo;une lime classique.<\/li>\n<li><span>Longueur : 120 mm.<\/span><\/li>\n<li><span>Couleur : vert pastel.<\/span><\/li>\n<li>Emballage : 1 pi\u00e8ce.<\/li>\n<\/ul><\/p>\n","protected":false},"excerpt":{"rendered":"<p>Cette lime glisse sur le bord libre afin que les crochets d\u00e9sagr\u00e9ables soient \u00e9vit\u00e9s et le bord libre soit doux et solide. Gr\u00e2ce \u00e0 la fine structure du verre, le limage ferme et prot\u00e8ge le bord libre. Elle emp\u00eache que les ongles ne se d\u00e9doublent et ne se fendent, ce qui favorise une croissance saine [&hellip;]<\/p>\n","protected":false},"featured_media":148372,"comment_status":"open","ping_status":"closed","template":"","meta":{"_acf_changed":false},"product_brand":[10340],"product_cat":[10172,9902],"product_tag":[],"class_list":{"0":"post-140377","1":"product","2":"type-product","3":"status-publish","4":"has-post-thumbnail","6":"product_brand-cobra-nails-fr","7":"product_cat-fournitures-pour-cabinet-accessoires-accessoires-manucure","8":"product_cat-beaute-manucure-ongles-limes","10":"first","11":"instock","12":"taxable","13":"shipping-taxable","14":"product-type-simple"},"acf":[],"yoast_head":"<!-- This site is optimized with the Yoast SEO plugin v27.3 - https:\/\/yoast.com\/product\/yoast-seo-wordpress\/ -->\n<title>Cobra Lime en Verre Turquoise 120 mm - Districos Webshop<\/title>\n<meta name=\"robots\" content=\"noindex, follow, max-snippet:-1, max-image-preview:large, max-video-preview:-1\" \/>\n<meta property=\"og:locale\" content=\"fr_FR\" \/>\n<meta property=\"og:type\" content=\"article\" \/>\n<meta property=\"og:title\" content=\"Cobra Lime en Verre Turquoise 120 mm - Districos Webshop\" \/>\n<meta property=\"og:description\" content=\"Cette lime glisse sur le bord libre afin que les crochets d\u00e9sagr\u00e9ables soient \u00e9vit\u00e9s et le bord libre soit doux et solide. Gr\u00e2ce \u00e0 la fine structure du verre, le limage ferme et prot\u00e8ge le bord libre. Elle emp\u00eache que les ongles ne se d\u00e9doublent et ne se fendent, ce qui favorise une croissance saine [&hellip;]\" \/>\n<meta property=\"og:url\" content=\"https:\/\/districos.standingout.be\/fr\/product\/cobra-lime-en-verre-turquoise-120-mm-ref-8839-55\/\" \/>\n<meta property=\"og:site_name\" content=\"Districos Webshop\" \/>\n<meta property=\"article:modified_time\" content=\"2026-04-28T10:42:24+00:00\" \/>\n<meta name=\"twitter:card\" content=\"summary_large_image\" \/>\n<meta name=\"twitter:label1\" content=\"Dur\u00e9e de lecture estim\u00e9e\" \/>\n\t<meta name=\"twitter:data1\" content=\"1 minute\" \/>\n<script type=\"application\/ld+json\" class=\"yoast-schema-graph\">{\"@context\":\"https:\\\/\\\/schema.org\",\"@graph\":[{\"@type\":\"WebPage\",\"@id\":\"https:\\\/\\\/districos.standingout.be\\\/fr\\\/product\\\/cobra-lime-en-verre-turquoise-120-mm-ref-8839-55\\\/\",\"url\":\"https:\\\/\\\/districos.standingout.be\\\/fr\\\/product\\\/cobra-lime-en-verre-turquoise-120-mm-ref-8839-55\\\/\",\"name\":\"Cobra Lime en Verre Turquoise 120 mm - Districos Webshop\",\"isPartOf\":{\"@id\":\"https:\\\/\\\/districos.standingout.be\\\/fr\\\/#website\"},\"primaryImageOfPage\":{\"@id\":\"https:\\\/\\\/districos.standingout.be\\\/fr\\\/product\\\/cobra-lime-en-verre-turquoise-120-mm-ref-8839-55\\\/#primaryimage\"},\"image\":{\"@id\":\"https:\\\/\\\/districos.standingout.be\\\/fr\\\/product\\\/cobra-lime-en-verre-turquoise-120-mm-ref-8839-55\\\/#primaryimage\"},\"thumbnailUrl\":\"https:\\\/\\\/districos.standingout.be\\\/wp-content\\\/uploads\\\/2026\\\/04\\\/8839.55@Cobra-Glasvijl-Turkoois-120-mm_1-1.png\",\"datePublished\":\"2026-04-28T10:42:19+00:00\",\"dateModified\":\"2026-04-28T10:42:24+00:00\",\"breadcrumb\":{\"@id\":\"https:\\\/\\\/districos.standingout.be\\\/fr\\\/product\\\/cobra-lime-en-verre-turquoise-120-mm-ref-8839-55\\\/#breadcrumb\"},\"inLanguage\":\"fr-FR\",\"potentialAction\":[{\"@type\":\"ReadAction\",\"target\":[\"https:\\\/\\\/districos.standingout.be\\\/fr\\\/product\\\/cobra-lime-en-verre-turquoise-120-mm-ref-8839-55\\\/\"]}]},{\"@type\":\"ImageObject\",\"inLanguage\":\"fr-FR\",\"@id\":\"https:\\\/\\\/districos.standingout.be\\\/fr\\\/product\\\/cobra-lime-en-verre-turquoise-120-mm-ref-8839-55\\\/#primaryimage\",\"url\":\"https:\\\/\\\/districos.standingout.be\\\/wp-content\\\/uploads\\\/2026\\\/04\\\/8839.55@Cobra-Glasvijl-Turkoois-120-mm_1-1.png\",\"contentUrl\":\"https:\\\/\\\/districos.standingout.be\\\/wp-content\\\/uploads\\\/2026\\\/04\\\/8839.55@Cobra-Glasvijl-Turkoois-120-mm_1-1.png\",\"width\":600,\"height\":600},{\"@type\":\"BreadcrumbList\",\"@id\":\"https:\\\/\\\/districos.standingout.be\\\/fr\\\/product\\\/cobra-lime-en-verre-turquoise-120-mm-ref-8839-55\\\/#breadcrumb\",\"itemListElement\":[{\"@type\":\"ListItem\",\"position\":1,\"name\":\"Home\",\"item\":\"https:\\\/\\\/districos.standingout.be\\\/fr\\\/bienvenue-chez-districos\\\/\"},{\"@type\":\"ListItem\",\"position\":2,\"name\":\"Boutique\",\"item\":\"https:\\\/\\\/districos.standingout.be\\\/fr\\\/boutique\\\/\"},{\"@type\":\"ListItem\",\"position\":3,\"name\":\"Cobra Lime en Verre Turquoise 120 mm\"}]},{\"@type\":\"WebSite\",\"@id\":\"https:\\\/\\\/districos.standingout.be\\\/fr\\\/#website\",\"url\":\"https:\\\/\\\/districos.standingout.be\\\/fr\\\/\",\"name\":\"Districos Webshop\",\"description\":\"\",\"publisher\":{\"@id\":\"https:\\\/\\\/districos.standingout.be\\\/fr\\\/#organization\"},\"potentialAction\":[{\"@type\":\"SearchAction\",\"target\":{\"@type\":\"EntryPoint\",\"urlTemplate\":\"https:\\\/\\\/districos.standingout.be\\\/fr\\\/?s={search_term_string}\"},\"query-input\":{\"@type\":\"PropertyValueSpecification\",\"valueRequired\":true,\"valueName\":\"search_term_string\"}}],\"inLanguage\":\"fr-FR\"},{\"@type\":\"Organization\",\"@id\":\"https:\\\/\\\/districos.standingout.be\\\/fr\\\/#organization\",\"name\":\"Districos Webshop\",\"url\":\"https:\\\/\\\/districos.standingout.be\\\/fr\\\/\",\"logo\":{\"@type\":\"ImageObject\",\"inLanguage\":\"fr-FR\",\"@id\":\"https:\\\/\\\/districos.standingout.be\\\/fr\\\/#\\\/schema\\\/logo\\\/image\\\/\",\"url\":\"https:\\\/\\\/districos.standingout.be\\\/wp-content\\\/uploads\\\/2022\\\/09\\\/Districos_Logo_Webshop.svg\",\"contentUrl\":\"https:\\\/\\\/districos.standingout.be\\\/wp-content\\\/uploads\\\/2022\\\/09\\\/Districos_Logo_Webshop.svg\",\"caption\":\"Districos Webshop\"},\"image\":{\"@id\":\"https:\\\/\\\/districos.standingout.be\\\/fr\\\/#\\\/schema\\\/logo\\\/image\\\/\"}}]}<\/script>\n<!-- \/ Yoast SEO plugin. -->","yoast_head_json":{"title":"Cobra Lime en Verre Turquoise 120 mm - Districos Webshop","robots":{"index":"noindex","follow":"follow","max-snippet":"max-snippet:-1","max-image-preview":"max-image-preview:large","max-video-preview":"max-video-preview:-1"},"og_locale":"fr_FR","og_type":"article","og_title":"Cobra Lime en Verre Turquoise 120 mm - Districos Webshop","og_description":"Cette lime glisse sur le bord libre afin que les crochets d\u00e9sagr\u00e9ables soient \u00e9vit\u00e9s et le bord libre soit doux et solide. Gr\u00e2ce \u00e0 la fine structure du verre, le limage ferme et prot\u00e8ge le bord libre. Elle emp\u00eache que les ongles ne se d\u00e9doublent et ne se fendent, ce qui favorise une croissance saine [&hellip;]","og_url":"https:\/\/districos.standingout.be\/fr\/product\/cobra-lime-en-verre-turquoise-120-mm-ref-8839-55\/","og_site_name":"Districos Webshop","article_modified_time":"2026-04-28T10:42:24+00:00","twitter_card":"summary_large_image","twitter_misc":{"Dur\u00e9e de lecture estim\u00e9e":"1 minute"},"schema":{"@context":"https:\/\/schema.org","@graph":[{"@type":"WebPage","@id":"https:\/\/districos.standingout.be\/fr\/product\/cobra-lime-en-verre-turquoise-120-mm-ref-8839-55\/","url":"https:\/\/districos.standingout.be\/fr\/product\/cobra-lime-en-verre-turquoise-120-mm-ref-8839-55\/","name":"Cobra Lime en Verre Turquoise 120 mm - Districos Webshop","isPartOf":{"@id":"https:\/\/districos.standingout.be\/fr\/#website"},"primaryImageOfPage":{"@id":"https:\/\/districos.standingout.be\/fr\/product\/cobra-lime-en-verre-turquoise-120-mm-ref-8839-55\/#primaryimage"},"image":{"@id":"https:\/\/districos.standingout.be\/fr\/product\/cobra-lime-en-verre-turquoise-120-mm-ref-8839-55\/#primaryimage"},"thumbnailUrl":"https:\/\/districos.standingout.be\/wp-content\/uploads\/2026\/04\/8839.55@Cobra-Glasvijl-Turkoois-120-mm_1-1.png","datePublished":"2026-04-28T10:42:19+00:00","dateModified":"2026-04-28T10:42:24+00:00","breadcrumb":{"@id":"https:\/\/districos.standingout.be\/fr\/product\/cobra-lime-en-verre-turquoise-120-mm-ref-8839-55\/#breadcrumb"},"inLanguage":"fr-FR","potentialAction":[{"@type":"ReadAction","target":["https:\/\/districos.standingout.be\/fr\/product\/cobra-lime-en-verre-turquoise-120-mm-ref-8839-55\/"]}]},{"@type":"ImageObject","inLanguage":"fr-FR","@id":"https:\/\/districos.standingout.be\/fr\/product\/cobra-lime-en-verre-turquoise-120-mm-ref-8839-55\/#primaryimage","url":"https:\/\/districos.standingout.be\/wp-content\/uploads\/2026\/04\/8839.55@Cobra-Glasvijl-Turkoois-120-mm_1-1.png","contentUrl":"https:\/\/districos.standingout.be\/wp-content\/uploads\/2026\/04\/8839.55@Cobra-Glasvijl-Turkoois-120-mm_1-1.png","width":600,"height":600},{"@type":"BreadcrumbList","@id":"https:\/\/districos.standingout.be\/fr\/product\/cobra-lime-en-verre-turquoise-120-mm-ref-8839-55\/#breadcrumb","itemListElement":[{"@type":"ListItem","position":1,"name":"Home","item":"https:\/\/districos.standingout.be\/fr\/bienvenue-chez-districos\/"},{"@type":"ListItem","position":2,"name":"Boutique","item":"https:\/\/districos.standingout.be\/fr\/boutique\/"},{"@type":"ListItem","position":3,"name":"Cobra Lime en Verre Turquoise 120 mm"}]},{"@type":"WebSite","@id":"https:\/\/districos.standingout.be\/fr\/#website","url":"https:\/\/districos.standingout.be\/fr\/","name":"Districos Webshop","description":"","publisher":{"@id":"https:\/\/districos.standingout.be\/fr\/#organization"},"potentialAction":[{"@type":"SearchAction","target":{"@type":"EntryPoint","urlTemplate":"https:\/\/districos.standingout.be\/fr\/?s={search_term_string}"},"query-input":{"@type":"PropertyValueSpecification","valueRequired":true,"valueName":"search_term_string"}}],"inLanguage":"fr-FR"},{"@type":"Organization","@id":"https:\/\/districos.standingout.be\/fr\/#organization","name":"Districos Webshop","url":"https:\/\/districos.standingout.be\/fr\/","logo":{"@type":"ImageObject","inLanguage":"fr-FR","@id":"https:\/\/districos.standingout.be\/fr\/#\/schema\/logo\/image\/","url":"https:\/\/districos.standingout.be\/wp-content\/uploads\/2022\/09\/Districos_Logo_Webshop.svg","contentUrl":"https:\/\/districos.standingout.be\/wp-content\/uploads\/2022\/09\/Districos_Logo_Webshop.svg","caption":"Districos Webshop"},"image":{"@id":"https:\/\/districos.standingout.be\/fr\/#\/schema\/logo\/image\/"}}]}},"_links":{"self":[{"href":"https:\/\/districos.standingout.be\/fr\/wp-json\/wp\/v2\/product\/140377","targetHints":{"allow":["GET"]}}],"collection":[{"href":"https:\/\/districos.standingout.be\/fr\/wp-json\/wp\/v2\/product"}],"about":[{"href":"https:\/\/districos.standingout.be\/fr\/wp-json\/wp\/v2\/types\/product"}],"replies":[{"embeddable":true,"href":"https:\/\/districos.standingout.be\/fr\/wp-json\/wp\/v2\/comments?post=140377"}],"wp:featuredmedia":[{"embeddable":true,"href":"https:\/\/districos.standingout.be\/fr\/wp-json\/wp\/v2\/media\/148372"}],"wp:attachment":[{"href":"https:\/\/districos.standingout.be\/fr\/wp-json\/wp\/v2\/media?parent=140377"}],"wp:term":[{"taxonomy":"product_brand","embeddable":true,"href":"https:\/\/districos.standingout.be\/fr\/wp-json\/wp\/v2\/product_brand?post=140377"},{"taxonomy":"product_cat","embeddable":true,"href":"https:\/\/districos.standingout.be\/fr\/wp-json\/wp\/v2\/product_cat?post=140377"},{"taxonomy":"product_tag","embeddable":true,"href":"https:\/\/districos.standingout.be\/fr\/wp-json\/wp\/v2\/product_tag?post=140377"}],"curies":[{"name":"wp","href":"https:\/\/api.w.org\/{rel}","templated":true}]}}