{"id":140381,"date":"2026-04-28T12:42:31","date_gmt":"2026-04-28T10:42:31","guid":{"rendered":"https:\/\/webshopdistricoscom.webhosting.be\/product\/set-dessai-visage-pour-etudiants-ref-8840-21\/"},"modified":"2026-04-28T12:42:35","modified_gmt":"2026-04-28T10:42:35","slug":"set-dessai-visage-pour-etudiants-ref-8840-21","status":"publish","type":"product","link":"https:\/\/districos.standingout.be\/fr\/product\/set-dessai-visage-pour-etudiants-ref-8840-21\/","title":{"rendered":"Set d&rsquo;Essai Visage pour \u00c9tudiants"},"content":{"rendered":"<p >\n<\/p>\n<\/p>\n<p dir=\"ltr\"><font size=\"2\">Ce set contient tout le mat\u00e9riel n\u00e9cessaire pour l&rsquo;\u00e9tudiant(e) d\u00e9butant(e) en esth\u00e9tique.<\/p>\n<p><b> Contenu<\/b><\/font><\/p>\n<ul>\n<li><font size=\"2\">1 x Bandeau Synth\u00e9tique \u00c9lastique Blanc<\/font><\/li>\n<li><font size=\"2\">10 x Charlotte Tiss\u00e9e Zigzag<\/font><\/li>\n<li><font size=\"2\">1 x Cobra Pince d&rsquo;\u00c9pilation Inox \u00e0 Bec Droit 9 cm\/3 mm<\/font><\/li>\n<li><font size=\"2\">1 x Cobra Peigne &amp; Brosse \u00e0 Cils\/Sourcils<\/font><\/li>\n<li><font size=\"2\">1 x Tire-Com\u00e9dons avec Double Boucle<\/font><\/li>\n<li><font size=\"2\">1 x R\u00e9cipient en Plastique (\u00d8 9 cm)<\/font><\/li>\n<li><font size=\"2\">1 x Spatule Cr\u00e8me Couteau 15 cm<\/font><\/li>\n<li><font size=\"2\">1 x Cobra Pinceau Masque Arrondi en Nylon<\/font><\/li>\n<li><font size=\"2\">4 x \u00c9ponge Cellulosique Traditionnelle<\/font><\/li>\n<li><font size=\"2\">80 x Coton Rond<\/font><\/li>\n<li><font size=\"2\">1 x Alcool D\u00e9sinfectant 70 % 1 l<\/font><\/li>\n<li><font size=\"2\">1 x Flacon de Compression avec Pompe 150 ml<\/font><\/li>\n<li><font size=\"2\">2 x Serviette de Bain en Coton Blanc 100 x 50 cm<\/font><\/li>\n<li><font size=\"2\">1 x Drap de Bain en Coton Blanc 150 x 100 cm<\/font><\/li>\n<\/ul>\n<p dir=\"ltr\"><font size=\"2\"><font face=\"Verdana\">Vous souhaitez ce set avec des produits de visage de Bio Balance ? Voir le Bio Balance Kit de D\u00e9part All-in (<u><a href=\"https:\/\/districos.com\/ProductDetail\/7065.13\" target=\"_blank\" rel=\"noopener noreferrer nofollow\">r\u00e9f. 7065.13<\/a><\/u>)<\/font><\/font><\/p><\/p>\n","protected":false},"excerpt":{"rendered":"<p>Ce set contient tout le mat\u00e9riel n\u00e9cessaire pour l&rsquo;\u00e9tudiant(e) d\u00e9butant(e) en esth\u00e9tique. Contenu 1 x Bandeau Synth\u00e9tique \u00c9lastique Blanc 10 x Charlotte Tiss\u00e9e Zigzag 1 x Cobra Pince d&rsquo;\u00c9pilation Inox \u00e0 Bec Droit 9 cm\/3 mm 1 x Cobra Peigne &amp; Brosse \u00e0 Cils\/Sourcils 1 x Tire-Com\u00e9dons avec Double Boucle 1 x R\u00e9cipient en Plastique [&hellip;]<\/p>\n","protected":false},"featured_media":83603,"comment_status":"open","ping_status":"closed","template":"","meta":{"_acf_changed":false},"product_brand":[10380],"product_cat":[9864,9972,10168,9970,10616],"product_tag":[],"class_list":{"0":"post-140381","1":"product","2":"type-product","3":"status-publish","4":"has-post-thumbnail","6":"product_brand-districos-fr","7":"product_cat-beaute-visage-accessoires","8":"product_cat-beaute-materiel-pratique-accessoires","9":"product_cat-fournitures-pour-cabinet-accessoires-accessoires-visage","10":"product_cat-beaute-materiel-pratique-instruments","11":"product_cat-fournitures-pour-cabinet-instruments-visage","13":"first","14":"instock","15":"taxable","16":"shipping-taxable","17":"product-type-simple"},"acf":[],"yoast_head":"<!-- This site is optimized with the Yoast SEO plugin v27.3 - https:\/\/yoast.com\/product\/yoast-seo-wordpress\/ -->\n<title>Set d&#039;Essai Visage pour \u00c9tudiants - Districos Webshop<\/title>\n<meta name=\"robots\" content=\"noindex, follow, max-snippet:-1, max-image-preview:large, max-video-preview:-1\" \/>\n<meta property=\"og:locale\" content=\"fr_FR\" \/>\n<meta property=\"og:type\" content=\"article\" \/>\n<meta property=\"og:title\" content=\"Set d&#039;Essai Visage pour \u00c9tudiants - Districos Webshop\" \/>\n<meta property=\"og:description\" content=\"Ce set contient tout le mat\u00e9riel n\u00e9cessaire pour l&rsquo;\u00e9tudiant(e) d\u00e9butant(e) en esth\u00e9tique. Contenu 1 x Bandeau Synth\u00e9tique \u00c9lastique Blanc 10 x Charlotte Tiss\u00e9e Zigzag 1 x Cobra Pince d&rsquo;\u00c9pilation Inox \u00e0 Bec Droit 9 cm\/3 mm 1 x Cobra Peigne &amp; Brosse \u00e0 Cils\/Sourcils 1 x Tire-Com\u00e9dons avec Double Boucle 1 x R\u00e9cipient en Plastique [&hellip;]\" \/>\n<meta property=\"og:url\" content=\"https:\/\/districos.standingout.be\/fr\/product\/set-dessai-visage-pour-etudiants-ref-8840-21\/\" \/>\n<meta property=\"og:site_name\" content=\"Districos Webshop\" \/>\n<meta property=\"article:modified_time\" content=\"2026-04-28T10:42:35+00:00\" \/>\n<meta name=\"twitter:card\" content=\"summary_large_image\" \/>\n<meta name=\"twitter:label1\" content=\"Dur\u00e9e de lecture estim\u00e9e\" \/>\n\t<meta name=\"twitter:data1\" content=\"1 minute\" \/>\n<script type=\"application\/ld+json\" class=\"yoast-schema-graph\">{\"@context\":\"https:\\\/\\\/schema.org\",\"@graph\":[{\"@type\":\"WebPage\",\"@id\":\"https:\\\/\\\/districos.standingout.be\\\/fr\\\/product\\\/set-dessai-visage-pour-etudiants-ref-8840-21\\\/\",\"url\":\"https:\\\/\\\/districos.standingout.be\\\/fr\\\/product\\\/set-dessai-visage-pour-etudiants-ref-8840-21\\\/\",\"name\":\"Set d'Essai Visage pour \u00c9tudiants - Districos Webshop\",\"isPartOf\":{\"@id\":\"https:\\\/\\\/districos.standingout.be\\\/fr\\\/#website\"},\"primaryImageOfPage\":{\"@id\":\"https:\\\/\\\/districos.standingout.be\\\/fr\\\/product\\\/set-dessai-visage-pour-etudiants-ref-8840-21\\\/#primaryimage\"},\"image\":{\"@id\":\"https:\\\/\\\/districos.standingout.be\\\/fr\\\/product\\\/set-dessai-visage-pour-etudiants-ref-8840-21\\\/#primaryimage\"},\"thumbnailUrl\":\"https:\\\/\\\/districos.standingout.be\\\/wp-content\\\/uploads\\\/2025\\\/07\\\/8840.21@LowRes_1_0.png\",\"datePublished\":\"2026-04-28T10:42:31+00:00\",\"dateModified\":\"2026-04-28T10:42:35+00:00\",\"breadcrumb\":{\"@id\":\"https:\\\/\\\/districos.standingout.be\\\/fr\\\/product\\\/set-dessai-visage-pour-etudiants-ref-8840-21\\\/#breadcrumb\"},\"inLanguage\":\"fr-FR\",\"potentialAction\":[{\"@type\":\"ReadAction\",\"target\":[\"https:\\\/\\\/districos.standingout.be\\\/fr\\\/product\\\/set-dessai-visage-pour-etudiants-ref-8840-21\\\/\"]}]},{\"@type\":\"ImageObject\",\"inLanguage\":\"fr-FR\",\"@id\":\"https:\\\/\\\/districos.standingout.be\\\/fr\\\/product\\\/set-dessai-visage-pour-etudiants-ref-8840-21\\\/#primaryimage\",\"url\":\"https:\\\/\\\/districos.standingout.be\\\/wp-content\\\/uploads\\\/2025\\\/07\\\/8840.21@LowRes_1_0.png\",\"contentUrl\":\"https:\\\/\\\/districos.standingout.be\\\/wp-content\\\/uploads\\\/2025\\\/07\\\/8840.21@LowRes_1_0.png\",\"width\":600,\"height\":600},{\"@type\":\"BreadcrumbList\",\"@id\":\"https:\\\/\\\/districos.standingout.be\\\/fr\\\/product\\\/set-dessai-visage-pour-etudiants-ref-8840-21\\\/#breadcrumb\",\"itemListElement\":[{\"@type\":\"ListItem\",\"position\":1,\"name\":\"Home\",\"item\":\"https:\\\/\\\/districos.standingout.be\\\/fr\\\/bienvenue-chez-districos\\\/\"},{\"@type\":\"ListItem\",\"position\":2,\"name\":\"Boutique\",\"item\":\"https:\\\/\\\/districos.standingout.be\\\/fr\\\/boutique\\\/\"},{\"@type\":\"ListItem\",\"position\":3,\"name\":\"Set d&#8217;Essai Visage pour \u00c9tudiants\"}]},{\"@type\":\"WebSite\",\"@id\":\"https:\\\/\\\/districos.standingout.be\\\/fr\\\/#website\",\"url\":\"https:\\\/\\\/districos.standingout.be\\\/fr\\\/\",\"name\":\"Districos Webshop\",\"description\":\"\",\"publisher\":{\"@id\":\"https:\\\/\\\/districos.standingout.be\\\/fr\\\/#organization\"},\"potentialAction\":[{\"@type\":\"SearchAction\",\"target\":{\"@type\":\"EntryPoint\",\"urlTemplate\":\"https:\\\/\\\/districos.standingout.be\\\/fr\\\/?s={search_term_string}\"},\"query-input\":{\"@type\":\"PropertyValueSpecification\",\"valueRequired\":true,\"valueName\":\"search_term_string\"}}],\"inLanguage\":\"fr-FR\"},{\"@type\":\"Organization\",\"@id\":\"https:\\\/\\\/districos.standingout.be\\\/fr\\\/#organization\",\"name\":\"Districos Webshop\",\"url\":\"https:\\\/\\\/districos.standingout.be\\\/fr\\\/\",\"logo\":{\"@type\":\"ImageObject\",\"inLanguage\":\"fr-FR\",\"@id\":\"https:\\\/\\\/districos.standingout.be\\\/fr\\\/#\\\/schema\\\/logo\\\/image\\\/\",\"url\":\"https:\\\/\\\/districos.standingout.be\\\/wp-content\\\/uploads\\\/2022\\\/09\\\/Districos_Logo_Webshop.svg\",\"contentUrl\":\"https:\\\/\\\/districos.standingout.be\\\/wp-content\\\/uploads\\\/2022\\\/09\\\/Districos_Logo_Webshop.svg\",\"caption\":\"Districos Webshop\"},\"image\":{\"@id\":\"https:\\\/\\\/districos.standingout.be\\\/fr\\\/#\\\/schema\\\/logo\\\/image\\\/\"}}]}<\/script>\n<!-- \/ Yoast SEO plugin. -->","yoast_head_json":{"title":"Set d'Essai Visage pour \u00c9tudiants - Districos Webshop","robots":{"index":"noindex","follow":"follow","max-snippet":"max-snippet:-1","max-image-preview":"max-image-preview:large","max-video-preview":"max-video-preview:-1"},"og_locale":"fr_FR","og_type":"article","og_title":"Set d'Essai Visage pour \u00c9tudiants - Districos Webshop","og_description":"Ce set contient tout le mat\u00e9riel n\u00e9cessaire pour l&rsquo;\u00e9tudiant(e) d\u00e9butant(e) en esth\u00e9tique. Contenu 1 x Bandeau Synth\u00e9tique \u00c9lastique Blanc 10 x Charlotte Tiss\u00e9e Zigzag 1 x Cobra Pince d&rsquo;\u00c9pilation Inox \u00e0 Bec Droit 9 cm\/3 mm 1 x Cobra Peigne &amp; Brosse \u00e0 Cils\/Sourcils 1 x Tire-Com\u00e9dons avec Double Boucle 1 x R\u00e9cipient en Plastique [&hellip;]","og_url":"https:\/\/districos.standingout.be\/fr\/product\/set-dessai-visage-pour-etudiants-ref-8840-21\/","og_site_name":"Districos Webshop","article_modified_time":"2026-04-28T10:42:35+00:00","twitter_card":"summary_large_image","twitter_misc":{"Dur\u00e9e de lecture estim\u00e9e":"1 minute"},"schema":{"@context":"https:\/\/schema.org","@graph":[{"@type":"WebPage","@id":"https:\/\/districos.standingout.be\/fr\/product\/set-dessai-visage-pour-etudiants-ref-8840-21\/","url":"https:\/\/districos.standingout.be\/fr\/product\/set-dessai-visage-pour-etudiants-ref-8840-21\/","name":"Set d'Essai Visage pour \u00c9tudiants - Districos Webshop","isPartOf":{"@id":"https:\/\/districos.standingout.be\/fr\/#website"},"primaryImageOfPage":{"@id":"https:\/\/districos.standingout.be\/fr\/product\/set-dessai-visage-pour-etudiants-ref-8840-21\/#primaryimage"},"image":{"@id":"https:\/\/districos.standingout.be\/fr\/product\/set-dessai-visage-pour-etudiants-ref-8840-21\/#primaryimage"},"thumbnailUrl":"https:\/\/districos.standingout.be\/wp-content\/uploads\/2025\/07\/8840.21@LowRes_1_0.png","datePublished":"2026-04-28T10:42:31+00:00","dateModified":"2026-04-28T10:42:35+00:00","breadcrumb":{"@id":"https:\/\/districos.standingout.be\/fr\/product\/set-dessai-visage-pour-etudiants-ref-8840-21\/#breadcrumb"},"inLanguage":"fr-FR","potentialAction":[{"@type":"ReadAction","target":["https:\/\/districos.standingout.be\/fr\/product\/set-dessai-visage-pour-etudiants-ref-8840-21\/"]}]},{"@type":"ImageObject","inLanguage":"fr-FR","@id":"https:\/\/districos.standingout.be\/fr\/product\/set-dessai-visage-pour-etudiants-ref-8840-21\/#primaryimage","url":"https:\/\/districos.standingout.be\/wp-content\/uploads\/2025\/07\/8840.21@LowRes_1_0.png","contentUrl":"https:\/\/districos.standingout.be\/wp-content\/uploads\/2025\/07\/8840.21@LowRes_1_0.png","width":600,"height":600},{"@type":"BreadcrumbList","@id":"https:\/\/districos.standingout.be\/fr\/product\/set-dessai-visage-pour-etudiants-ref-8840-21\/#breadcrumb","itemListElement":[{"@type":"ListItem","position":1,"name":"Home","item":"https:\/\/districos.standingout.be\/fr\/bienvenue-chez-districos\/"},{"@type":"ListItem","position":2,"name":"Boutique","item":"https:\/\/districos.standingout.be\/fr\/boutique\/"},{"@type":"ListItem","position":3,"name":"Set d&#8217;Essai Visage pour \u00c9tudiants"}]},{"@type":"WebSite","@id":"https:\/\/districos.standingout.be\/fr\/#website","url":"https:\/\/districos.standingout.be\/fr\/","name":"Districos Webshop","description":"","publisher":{"@id":"https:\/\/districos.standingout.be\/fr\/#organization"},"potentialAction":[{"@type":"SearchAction","target":{"@type":"EntryPoint","urlTemplate":"https:\/\/districos.standingout.be\/fr\/?s={search_term_string}"},"query-input":{"@type":"PropertyValueSpecification","valueRequired":true,"valueName":"search_term_string"}}],"inLanguage":"fr-FR"},{"@type":"Organization","@id":"https:\/\/districos.standingout.be\/fr\/#organization","name":"Districos Webshop","url":"https:\/\/districos.standingout.be\/fr\/","logo":{"@type":"ImageObject","inLanguage":"fr-FR","@id":"https:\/\/districos.standingout.be\/fr\/#\/schema\/logo\/image\/","url":"https:\/\/districos.standingout.be\/wp-content\/uploads\/2022\/09\/Districos_Logo_Webshop.svg","contentUrl":"https:\/\/districos.standingout.be\/wp-content\/uploads\/2022\/09\/Districos_Logo_Webshop.svg","caption":"Districos Webshop"},"image":{"@id":"https:\/\/districos.standingout.be\/fr\/#\/schema\/logo\/image\/"}}]}},"_links":{"self":[{"href":"https:\/\/districos.standingout.be\/fr\/wp-json\/wp\/v2\/product\/140381","targetHints":{"allow":["GET"]}}],"collection":[{"href":"https:\/\/districos.standingout.be\/fr\/wp-json\/wp\/v2\/product"}],"about":[{"href":"https:\/\/districos.standingout.be\/fr\/wp-json\/wp\/v2\/types\/product"}],"replies":[{"embeddable":true,"href":"https:\/\/districos.standingout.be\/fr\/wp-json\/wp\/v2\/comments?post=140381"}],"wp:featuredmedia":[{"embeddable":true,"href":"https:\/\/districos.standingout.be\/fr\/wp-json\/wp\/v2\/media\/83603"}],"wp:attachment":[{"href":"https:\/\/districos.standingout.be\/fr\/wp-json\/wp\/v2\/media?parent=140381"}],"wp:term":[{"taxonomy":"product_brand","embeddable":true,"href":"https:\/\/districos.standingout.be\/fr\/wp-json\/wp\/v2\/product_brand?post=140381"},{"taxonomy":"product_cat","embeddable":true,"href":"https:\/\/districos.standingout.be\/fr\/wp-json\/wp\/v2\/product_cat?post=140381"},{"taxonomy":"product_tag","embeddable":true,"href":"https:\/\/districos.standingout.be\/fr\/wp-json\/wp\/v2\/product_tag?post=140381"}],"curies":[{"name":"wp","href":"https:\/\/api.w.org\/{rel}","templated":true}]}}