{"id":141067,"date":"2026-04-28T12:44:47","date_gmt":"2026-04-28T10:44:47","guid":{"rendered":"https:\/\/webshopdistricoscom.webhosting.be\/product\/maimed-sensitiv-pf-gants-latex-beige-s-100-pcs-ref-8843-022\/"},"modified":"2026-04-28T12:44:49","modified_gmt":"2026-04-28T10:44:49","slug":"maimed-sensitiv-pf-gants-latex-beige-s-100-pcs-ref-8843-022","status":"publish","type":"product","link":"https:\/\/districos.standingout.be\/fr\/product\/maimed-sensitiv-pf-gants-latex-beige-s-100-pcs-ref-8843-022\/","title":{"rendered":"MaiMed Sensitiv PF Gants Latex Beige S 100 pcs."},"content":{"rendered":"<p >Gr\u00e2ce \u00e0 la surface fortement textur\u00e9e et une pr\u00e9paration sp\u00e9ciale, les gants MaiMed Sensitiv PF sont particuli\u00e8rement maniables, m\u00eame \u00e0 l\u2019\u00e9tat humide. En plus, les gants sont particuli\u00e8rement r\u00e9sistants gr\u00e2ce \u00e0 l\u2019\u00e9paisseur de ses parois.<\/p>\n<div><font face=\"Arial\"><br \/><\/font><\/p>\n<div>\n<ul>\n<li><span>Taille : S.<\/span><\/li>\n<li>Mati\u00e8re : latex.<\/li>\n<li>Non poudr\u00e9s.<\/li>\n<li>Non st\u00e9riles.<\/li>\n<li>Emballage : bo\u00eete de 100 pi\u00e8ces.<\/li>\n<li>Attention : En cas d\u2019utilisation fr\u00e9quente, cette substance naturelle peut engendrer des r\u00e9actions allergiques. Dans ce cas, il est conseill\u00e9 d\u2019opter pour des gants en nitrile ou en vinyle.<\/li>\n<\/ul>\n<p>\u00c9galement disponible en XS (r\u00e9f. 8843,021), M (r\u00e9f. 8843, 023) et L (r\u00e9f. 8843,024).<\/div>\n<\/div>\n","protected":false},"excerpt":{"rendered":"<p>Gr\u00e2ce \u00e0 la surface fortement textur\u00e9e et une pr\u00e9paration sp\u00e9ciale, les gants MaiMed Sensitiv PF sont particuli\u00e8rement maniables, m\u00eame \u00e0 l\u2019\u00e9tat humide. En plus, les gants sont particuli\u00e8rement r\u00e9sistants gr\u00e2ce \u00e0 l\u2019\u00e9paisseur de ses parois. Taille : S. Mati\u00e8re : latex. Non poudr\u00e9s. Non st\u00e9riles. Emballage : bo\u00eete de 100 pi\u00e8ces. Attention : En cas [&hellip;]<\/p>\n","protected":false},"featured_media":148380,"comment_status":"open","ping_status":"closed","template":"","meta":{"_acf_changed":false},"product_brand":[10474],"product_cat":[9992,10136,10148],"product_tag":[],"class_list":{"0":"post-141067","1":"product","2":"type-product","3":"status-publish","4":"has-post-thumbnail","6":"product_brand-maimed-fr","7":"product_cat-soins-des-pieds-podologie-desinfection-nettoyage-articles-jetables","8":"product_cat-hygiene-articles-jetables-hygiene-protection-equipements-de-protection-individuelle-epi","9":"product_cat-hygiene-articles-jetables-articles-jetables-gants","11":"first","12":"instock","13":"taxable","14":"shipping-taxable","15":"product-type-simple"},"acf":[],"yoast_head":"<!-- This site is optimized with the Yoast SEO plugin v27.3 - https:\/\/yoast.com\/product\/yoast-seo-wordpress\/ -->\n<title>MaiMed Sensitiv PF Gants Latex Beige S 100 pcs. - Districos Webshop<\/title>\n<meta name=\"robots\" content=\"noindex, follow, max-snippet:-1, max-image-preview:large, max-video-preview:-1\" \/>\n<meta property=\"og:locale\" content=\"fr_FR\" \/>\n<meta property=\"og:type\" content=\"article\" \/>\n<meta property=\"og:title\" content=\"MaiMed Sensitiv PF Gants Latex Beige S 100 pcs. - Districos Webshop\" \/>\n<meta property=\"og:description\" content=\"Gr\u00e2ce \u00e0 la surface fortement textur\u00e9e et une pr\u00e9paration sp\u00e9ciale, les gants MaiMed Sensitiv PF sont particuli\u00e8rement maniables, m\u00eame \u00e0 l\u2019\u00e9tat humide. En plus, les gants sont particuli\u00e8rement r\u00e9sistants gr\u00e2ce \u00e0 l\u2019\u00e9paisseur de ses parois. Taille : S. Mati\u00e8re : latex. Non poudr\u00e9s. Non st\u00e9riles. Emballage : bo\u00eete de 100 pi\u00e8ces. Attention : En cas [&hellip;]\" \/>\n<meta property=\"og:url\" content=\"https:\/\/districos.standingout.be\/fr\/product\/maimed-sensitiv-pf-gants-latex-beige-s-100-pcs-ref-8843-022\/\" \/>\n<meta property=\"og:site_name\" content=\"Districos Webshop\" \/>\n<meta property=\"article:modified_time\" content=\"2026-04-28T10:44:49+00:00\" \/>\n<meta name=\"twitter:card\" content=\"summary_large_image\" \/>\n<meta name=\"twitter:label1\" content=\"Dur\u00e9e de lecture estim\u00e9e\" \/>\n\t<meta name=\"twitter:data1\" content=\"1 minute\" \/>\n<script type=\"application\/ld+json\" class=\"yoast-schema-graph\">{\"@context\":\"https:\\\/\\\/schema.org\",\"@graph\":[{\"@type\":\"WebPage\",\"@id\":\"https:\\\/\\\/districos.standingout.be\\\/fr\\\/product\\\/maimed-sensitiv-pf-gants-latex-beige-s-100-pcs-ref-8843-022\\\/\",\"url\":\"https:\\\/\\\/districos.standingout.be\\\/fr\\\/product\\\/maimed-sensitiv-pf-gants-latex-beige-s-100-pcs-ref-8843-022\\\/\",\"name\":\"MaiMed Sensitiv PF Gants Latex Beige S 100 pcs. - Districos Webshop\",\"isPartOf\":{\"@id\":\"https:\\\/\\\/districos.standingout.be\\\/fr\\\/#website\"},\"primaryImageOfPage\":{\"@id\":\"https:\\\/\\\/districos.standingout.be\\\/fr\\\/product\\\/maimed-sensitiv-pf-gants-latex-beige-s-100-pcs-ref-8843-022\\\/#primaryimage\"},\"image\":{\"@id\":\"https:\\\/\\\/districos.standingout.be\\\/fr\\\/product\\\/maimed-sensitiv-pf-gants-latex-beige-s-100-pcs-ref-8843-022\\\/#primaryimage\"},\"thumbnailUrl\":\"https:\\\/\\\/districos.standingout.be\\\/wp-content\\\/uploads\\\/2026\\\/04\\\/8843.022@MaiMed-Sensitiv-PF-Handschoenen-Latex-Beige-S-100-st._1-1.png\",\"datePublished\":\"2026-04-28T10:44:47+00:00\",\"dateModified\":\"2026-04-28T10:44:49+00:00\",\"breadcrumb\":{\"@id\":\"https:\\\/\\\/districos.standingout.be\\\/fr\\\/product\\\/maimed-sensitiv-pf-gants-latex-beige-s-100-pcs-ref-8843-022\\\/#breadcrumb\"},\"inLanguage\":\"fr-FR\",\"potentialAction\":[{\"@type\":\"ReadAction\",\"target\":[\"https:\\\/\\\/districos.standingout.be\\\/fr\\\/product\\\/maimed-sensitiv-pf-gants-latex-beige-s-100-pcs-ref-8843-022\\\/\"]}]},{\"@type\":\"ImageObject\",\"inLanguage\":\"fr-FR\",\"@id\":\"https:\\\/\\\/districos.standingout.be\\\/fr\\\/product\\\/maimed-sensitiv-pf-gants-latex-beige-s-100-pcs-ref-8843-022\\\/#primaryimage\",\"url\":\"https:\\\/\\\/districos.standingout.be\\\/wp-content\\\/uploads\\\/2026\\\/04\\\/8843.022@MaiMed-Sensitiv-PF-Handschoenen-Latex-Beige-S-100-st._1-1.png\",\"contentUrl\":\"https:\\\/\\\/districos.standingout.be\\\/wp-content\\\/uploads\\\/2026\\\/04\\\/8843.022@MaiMed-Sensitiv-PF-Handschoenen-Latex-Beige-S-100-st._1-1.png\",\"width\":600,\"height\":600},{\"@type\":\"BreadcrumbList\",\"@id\":\"https:\\\/\\\/districos.standingout.be\\\/fr\\\/product\\\/maimed-sensitiv-pf-gants-latex-beige-s-100-pcs-ref-8843-022\\\/#breadcrumb\",\"itemListElement\":[{\"@type\":\"ListItem\",\"position\":1,\"name\":\"Home\",\"item\":\"https:\\\/\\\/districos.standingout.be\\\/fr\\\/bienvenue-chez-districos\\\/\"},{\"@type\":\"ListItem\",\"position\":2,\"name\":\"Boutique\",\"item\":\"https:\\\/\\\/districos.standingout.be\\\/fr\\\/boutique\\\/\"},{\"@type\":\"ListItem\",\"position\":3,\"name\":\"MaiMed Sensitiv PF Gants Latex Beige S 100 pcs.\"}]},{\"@type\":\"WebSite\",\"@id\":\"https:\\\/\\\/districos.standingout.be\\\/fr\\\/#website\",\"url\":\"https:\\\/\\\/districos.standingout.be\\\/fr\\\/\",\"name\":\"Districos Webshop\",\"description\":\"\",\"publisher\":{\"@id\":\"https:\\\/\\\/districos.standingout.be\\\/fr\\\/#organization\"},\"potentialAction\":[{\"@type\":\"SearchAction\",\"target\":{\"@type\":\"EntryPoint\",\"urlTemplate\":\"https:\\\/\\\/districos.standingout.be\\\/fr\\\/?s={search_term_string}\"},\"query-input\":{\"@type\":\"PropertyValueSpecification\",\"valueRequired\":true,\"valueName\":\"search_term_string\"}}],\"inLanguage\":\"fr-FR\"},{\"@type\":\"Organization\",\"@id\":\"https:\\\/\\\/districos.standingout.be\\\/fr\\\/#organization\",\"name\":\"Districos Webshop\",\"url\":\"https:\\\/\\\/districos.standingout.be\\\/fr\\\/\",\"logo\":{\"@type\":\"ImageObject\",\"inLanguage\":\"fr-FR\",\"@id\":\"https:\\\/\\\/districos.standingout.be\\\/fr\\\/#\\\/schema\\\/logo\\\/image\\\/\",\"url\":\"https:\\\/\\\/districos.standingout.be\\\/wp-content\\\/uploads\\\/2022\\\/09\\\/Districos_Logo_Webshop.svg\",\"contentUrl\":\"https:\\\/\\\/districos.standingout.be\\\/wp-content\\\/uploads\\\/2022\\\/09\\\/Districos_Logo_Webshop.svg\",\"caption\":\"Districos Webshop\"},\"image\":{\"@id\":\"https:\\\/\\\/districos.standingout.be\\\/fr\\\/#\\\/schema\\\/logo\\\/image\\\/\"}}]}<\/script>\n<!-- \/ Yoast SEO plugin. -->","yoast_head_json":{"title":"MaiMed Sensitiv PF Gants Latex Beige S 100 pcs. - Districos Webshop","robots":{"index":"noindex","follow":"follow","max-snippet":"max-snippet:-1","max-image-preview":"max-image-preview:large","max-video-preview":"max-video-preview:-1"},"og_locale":"fr_FR","og_type":"article","og_title":"MaiMed Sensitiv PF Gants Latex Beige S 100 pcs. - Districos Webshop","og_description":"Gr\u00e2ce \u00e0 la surface fortement textur\u00e9e et une pr\u00e9paration sp\u00e9ciale, les gants MaiMed Sensitiv PF sont particuli\u00e8rement maniables, m\u00eame \u00e0 l\u2019\u00e9tat humide. En plus, les gants sont particuli\u00e8rement r\u00e9sistants gr\u00e2ce \u00e0 l\u2019\u00e9paisseur de ses parois. Taille : S. Mati\u00e8re : latex. Non poudr\u00e9s. Non st\u00e9riles. Emballage : bo\u00eete de 100 pi\u00e8ces. Attention : En cas [&hellip;]","og_url":"https:\/\/districos.standingout.be\/fr\/product\/maimed-sensitiv-pf-gants-latex-beige-s-100-pcs-ref-8843-022\/","og_site_name":"Districos Webshop","article_modified_time":"2026-04-28T10:44:49+00:00","twitter_card":"summary_large_image","twitter_misc":{"Dur\u00e9e de lecture estim\u00e9e":"1 minute"},"schema":{"@context":"https:\/\/schema.org","@graph":[{"@type":"WebPage","@id":"https:\/\/districos.standingout.be\/fr\/product\/maimed-sensitiv-pf-gants-latex-beige-s-100-pcs-ref-8843-022\/","url":"https:\/\/districos.standingout.be\/fr\/product\/maimed-sensitiv-pf-gants-latex-beige-s-100-pcs-ref-8843-022\/","name":"MaiMed Sensitiv PF Gants Latex Beige S 100 pcs. - Districos Webshop","isPartOf":{"@id":"https:\/\/districos.standingout.be\/fr\/#website"},"primaryImageOfPage":{"@id":"https:\/\/districos.standingout.be\/fr\/product\/maimed-sensitiv-pf-gants-latex-beige-s-100-pcs-ref-8843-022\/#primaryimage"},"image":{"@id":"https:\/\/districos.standingout.be\/fr\/product\/maimed-sensitiv-pf-gants-latex-beige-s-100-pcs-ref-8843-022\/#primaryimage"},"thumbnailUrl":"https:\/\/districos.standingout.be\/wp-content\/uploads\/2026\/04\/8843.022@MaiMed-Sensitiv-PF-Handschoenen-Latex-Beige-S-100-st._1-1.png","datePublished":"2026-04-28T10:44:47+00:00","dateModified":"2026-04-28T10:44:49+00:00","breadcrumb":{"@id":"https:\/\/districos.standingout.be\/fr\/product\/maimed-sensitiv-pf-gants-latex-beige-s-100-pcs-ref-8843-022\/#breadcrumb"},"inLanguage":"fr-FR","potentialAction":[{"@type":"ReadAction","target":["https:\/\/districos.standingout.be\/fr\/product\/maimed-sensitiv-pf-gants-latex-beige-s-100-pcs-ref-8843-022\/"]}]},{"@type":"ImageObject","inLanguage":"fr-FR","@id":"https:\/\/districos.standingout.be\/fr\/product\/maimed-sensitiv-pf-gants-latex-beige-s-100-pcs-ref-8843-022\/#primaryimage","url":"https:\/\/districos.standingout.be\/wp-content\/uploads\/2026\/04\/8843.022@MaiMed-Sensitiv-PF-Handschoenen-Latex-Beige-S-100-st._1-1.png","contentUrl":"https:\/\/districos.standingout.be\/wp-content\/uploads\/2026\/04\/8843.022@MaiMed-Sensitiv-PF-Handschoenen-Latex-Beige-S-100-st._1-1.png","width":600,"height":600},{"@type":"BreadcrumbList","@id":"https:\/\/districos.standingout.be\/fr\/product\/maimed-sensitiv-pf-gants-latex-beige-s-100-pcs-ref-8843-022\/#breadcrumb","itemListElement":[{"@type":"ListItem","position":1,"name":"Home","item":"https:\/\/districos.standingout.be\/fr\/bienvenue-chez-districos\/"},{"@type":"ListItem","position":2,"name":"Boutique","item":"https:\/\/districos.standingout.be\/fr\/boutique\/"},{"@type":"ListItem","position":3,"name":"MaiMed Sensitiv PF Gants Latex Beige S 100 pcs."}]},{"@type":"WebSite","@id":"https:\/\/districos.standingout.be\/fr\/#website","url":"https:\/\/districos.standingout.be\/fr\/","name":"Districos Webshop","description":"","publisher":{"@id":"https:\/\/districos.standingout.be\/fr\/#organization"},"potentialAction":[{"@type":"SearchAction","target":{"@type":"EntryPoint","urlTemplate":"https:\/\/districos.standingout.be\/fr\/?s={search_term_string}"},"query-input":{"@type":"PropertyValueSpecification","valueRequired":true,"valueName":"search_term_string"}}],"inLanguage":"fr-FR"},{"@type":"Organization","@id":"https:\/\/districos.standingout.be\/fr\/#organization","name":"Districos Webshop","url":"https:\/\/districos.standingout.be\/fr\/","logo":{"@type":"ImageObject","inLanguage":"fr-FR","@id":"https:\/\/districos.standingout.be\/fr\/#\/schema\/logo\/image\/","url":"https:\/\/districos.standingout.be\/wp-content\/uploads\/2022\/09\/Districos_Logo_Webshop.svg","contentUrl":"https:\/\/districos.standingout.be\/wp-content\/uploads\/2022\/09\/Districos_Logo_Webshop.svg","caption":"Districos Webshop"},"image":{"@id":"https:\/\/districos.standingout.be\/fr\/#\/schema\/logo\/image\/"}}]}},"_links":{"self":[{"href":"https:\/\/districos.standingout.be\/fr\/wp-json\/wp\/v2\/product\/141067","targetHints":{"allow":["GET"]}}],"collection":[{"href":"https:\/\/districos.standingout.be\/fr\/wp-json\/wp\/v2\/product"}],"about":[{"href":"https:\/\/districos.standingout.be\/fr\/wp-json\/wp\/v2\/types\/product"}],"replies":[{"embeddable":true,"href":"https:\/\/districos.standingout.be\/fr\/wp-json\/wp\/v2\/comments?post=141067"}],"wp:featuredmedia":[{"embeddable":true,"href":"https:\/\/districos.standingout.be\/fr\/wp-json\/wp\/v2\/media\/148380"}],"wp:attachment":[{"href":"https:\/\/districos.standingout.be\/fr\/wp-json\/wp\/v2\/media?parent=141067"}],"wp:term":[{"taxonomy":"product_brand","embeddable":true,"href":"https:\/\/districos.standingout.be\/fr\/wp-json\/wp\/v2\/product_brand?post=141067"},{"taxonomy":"product_cat","embeddable":true,"href":"https:\/\/districos.standingout.be\/fr\/wp-json\/wp\/v2\/product_cat?post=141067"},{"taxonomy":"product_tag","embeddable":true,"href":"https:\/\/districos.standingout.be\/fr\/wp-json\/wp\/v2\/product_tag?post=141067"}],"curies":[{"name":"wp","href":"https:\/\/api.w.org\/{rel}","templated":true}]}}