{"id":141103,"date":"2026-04-28T12:45:17","date_gmt":"2026-04-28T10:45:17","guid":{"rendered":"https:\/\/webshopdistricoscom.webhosting.be\/product\/blossom-gants-nitrile-rose-xs-100-pcs-ref-8844-16\/"},"modified":"2026-04-28T12:45:21","modified_gmt":"2026-04-28T10:45:21","slug":"blossom-gants-nitrile-rose-xs-100-pcs-ref-8844-16","status":"publish","type":"product","link":"https:\/\/districos.standingout.be\/fr\/product\/blossom-gants-nitrile-rose-xs-100-pcs-ref-8844-16\/","title":{"rendered":"Blossom Gants Nitrile Rose XS 100 pcs."},"content":{"rendered":"<p >\n<p>Gants en nitrile avec une r\u00e9sistance \u00e9lev\u00e9e aux perforations et aux d\u00e9chirures.<\/p>\n<\/p>\n<ul>\n<li>Ne contiennent pas de traces de latex.<\/li>\n<li>Non poudr\u00e9s.<\/li>\n<li>Ne provoquent aucune allergie.<\/li>\n<li>Le nitrile colle beaucoup moins \u00e0 la cire, donc les gants sont tr\u00e8s appropri\u00e9s \u00e0 l&rsquo;\u00e9pilation.<\/li>\n<li>Couleur : rose.<\/li>\n<li>Taille : XS.<\/li>\n<li>100 pi\u00e8ces.<\/li>\n<\/ul>\n<div><\/div>\n<div>\u00c9galement disponible en<\/div>\n<div>\n<ul>\n<li>S (r\u00e9f. 8844.17)<\/li>\n<li>M (r\u00e9f. 8844.18)<\/li>\n<li>L (r\u00e9f. 8844.19)<\/li>\n<\/ul>\n<\/div>\n","protected":false},"excerpt":{"rendered":"<p>Gants en nitrile avec une r\u00e9sistance \u00e9lev\u00e9e aux perforations et aux d\u00e9chirures. Ne contiennent pas de traces de latex. Non poudr\u00e9s. Ne provoquent aucune allergie. Le nitrile colle beaucoup moins \u00e0 la cire, donc les gants sont tr\u00e8s appropri\u00e9s \u00e0 l&rsquo;\u00e9pilation. Couleur : rose. Taille : XS. 100 pi\u00e8ces. \u00c9galement disponible en S (r\u00e9f. 8844.17) [&hellip;]<\/p>\n","protected":false},"featured_media":112601,"comment_status":"open","ping_status":"closed","template":"","meta":{"_acf_changed":false},"product_brand":[10318],"product_cat":[9992,10136,10148],"product_tag":[],"class_list":{"0":"post-141103","1":"product","2":"type-product","3":"status-publish","4":"has-post-thumbnail","6":"product_brand-blossom-fr","7":"product_cat-soins-des-pieds-podologie-desinfection-nettoyage-articles-jetables","8":"product_cat-hygiene-articles-jetables-hygiene-protection-equipements-de-protection-individuelle-epi","9":"product_cat-hygiene-articles-jetables-articles-jetables-gants","11":"first","12":"instock","13":"taxable","14":"shipping-taxable","15":"product-type-simple"},"acf":[],"yoast_head":"<!-- This site is optimized with the Yoast SEO plugin v27.3 - https:\/\/yoast.com\/product\/yoast-seo-wordpress\/ -->\n<title>Blossom Gants Nitrile Rose XS 100 pcs. - Districos Webshop<\/title>\n<meta name=\"robots\" content=\"noindex, follow, max-snippet:-1, max-image-preview:large, max-video-preview:-1\" \/>\n<meta property=\"og:locale\" content=\"fr_FR\" \/>\n<meta property=\"og:type\" content=\"article\" \/>\n<meta property=\"og:title\" content=\"Blossom Gants Nitrile Rose XS 100 pcs. - Districos Webshop\" \/>\n<meta property=\"og:description\" content=\"Gants en nitrile avec une r\u00e9sistance \u00e9lev\u00e9e aux perforations et aux d\u00e9chirures. Ne contiennent pas de traces de latex. Non poudr\u00e9s. Ne provoquent aucune allergie. Le nitrile colle beaucoup moins \u00e0 la cire, donc les gants sont tr\u00e8s appropri\u00e9s \u00e0 l&rsquo;\u00e9pilation. Couleur : rose. Taille : XS. 100 pi\u00e8ces. \u00c9galement disponible en S (r\u00e9f. 8844.17) [&hellip;]\" \/>\n<meta property=\"og:url\" content=\"https:\/\/districos.standingout.be\/fr\/product\/blossom-gants-nitrile-rose-xs-100-pcs-ref-8844-16\/\" \/>\n<meta property=\"og:site_name\" content=\"Districos Webshop\" \/>\n<meta property=\"article:modified_time\" content=\"2026-04-28T10:45:21+00:00\" \/>\n<meta name=\"twitter:card\" content=\"summary_large_image\" \/>\n<script type=\"application\/ld+json\" class=\"yoast-schema-graph\">{\"@context\":\"https:\\\/\\\/schema.org\",\"@graph\":[{\"@type\":\"WebPage\",\"@id\":\"https:\\\/\\\/districos.standingout.be\\\/fr\\\/product\\\/blossom-gants-nitrile-rose-xs-100-pcs-ref-8844-16\\\/\",\"url\":\"https:\\\/\\\/districos.standingout.be\\\/fr\\\/product\\\/blossom-gants-nitrile-rose-xs-100-pcs-ref-8844-16\\\/\",\"name\":\"Blossom Gants Nitrile Rose XS 100 pcs. - Districos Webshop\",\"isPartOf\":{\"@id\":\"https:\\\/\\\/districos.standingout.be\\\/fr\\\/#website\"},\"primaryImageOfPage\":{\"@id\":\"https:\\\/\\\/districos.standingout.be\\\/fr\\\/product\\\/blossom-gants-nitrile-rose-xs-100-pcs-ref-8844-16\\\/#primaryimage\"},\"image\":{\"@id\":\"https:\\\/\\\/districos.standingout.be\\\/fr\\\/product\\\/blossom-gants-nitrile-rose-xs-100-pcs-ref-8844-16\\\/#primaryimage\"},\"thumbnailUrl\":\"https:\\\/\\\/districos.standingout.be\\\/wp-content\\\/uploads\\\/2026\\\/03\\\/8844.16@LowRes_1_0.png\",\"datePublished\":\"2026-04-28T10:45:17+00:00\",\"dateModified\":\"2026-04-28T10:45:21+00:00\",\"breadcrumb\":{\"@id\":\"https:\\\/\\\/districos.standingout.be\\\/fr\\\/product\\\/blossom-gants-nitrile-rose-xs-100-pcs-ref-8844-16\\\/#breadcrumb\"},\"inLanguage\":\"fr-FR\",\"potentialAction\":[{\"@type\":\"ReadAction\",\"target\":[\"https:\\\/\\\/districos.standingout.be\\\/fr\\\/product\\\/blossom-gants-nitrile-rose-xs-100-pcs-ref-8844-16\\\/\"]}]},{\"@type\":\"ImageObject\",\"inLanguage\":\"fr-FR\",\"@id\":\"https:\\\/\\\/districos.standingout.be\\\/fr\\\/product\\\/blossom-gants-nitrile-rose-xs-100-pcs-ref-8844-16\\\/#primaryimage\",\"url\":\"https:\\\/\\\/districos.standingout.be\\\/wp-content\\\/uploads\\\/2026\\\/03\\\/8844.16@LowRes_1_0.png\",\"contentUrl\":\"https:\\\/\\\/districos.standingout.be\\\/wp-content\\\/uploads\\\/2026\\\/03\\\/8844.16@LowRes_1_0.png\",\"width\":600,\"height\":600},{\"@type\":\"BreadcrumbList\",\"@id\":\"https:\\\/\\\/districos.standingout.be\\\/fr\\\/product\\\/blossom-gants-nitrile-rose-xs-100-pcs-ref-8844-16\\\/#breadcrumb\",\"itemListElement\":[{\"@type\":\"ListItem\",\"position\":1,\"name\":\"Home\",\"item\":\"https:\\\/\\\/districos.standingout.be\\\/fr\\\/bienvenue-chez-districos\\\/\"},{\"@type\":\"ListItem\",\"position\":2,\"name\":\"Boutique\",\"item\":\"https:\\\/\\\/districos.standingout.be\\\/fr\\\/boutique\\\/\"},{\"@type\":\"ListItem\",\"position\":3,\"name\":\"Blossom Gants Nitrile Rose XS 100 pcs.\"}]},{\"@type\":\"WebSite\",\"@id\":\"https:\\\/\\\/districos.standingout.be\\\/fr\\\/#website\",\"url\":\"https:\\\/\\\/districos.standingout.be\\\/fr\\\/\",\"name\":\"Districos Webshop\",\"description\":\"\",\"publisher\":{\"@id\":\"https:\\\/\\\/districos.standingout.be\\\/fr\\\/#organization\"},\"potentialAction\":[{\"@type\":\"SearchAction\",\"target\":{\"@type\":\"EntryPoint\",\"urlTemplate\":\"https:\\\/\\\/districos.standingout.be\\\/fr\\\/?s={search_term_string}\"},\"query-input\":{\"@type\":\"PropertyValueSpecification\",\"valueRequired\":true,\"valueName\":\"search_term_string\"}}],\"inLanguage\":\"fr-FR\"},{\"@type\":\"Organization\",\"@id\":\"https:\\\/\\\/districos.standingout.be\\\/fr\\\/#organization\",\"name\":\"Districos Webshop\",\"url\":\"https:\\\/\\\/districos.standingout.be\\\/fr\\\/\",\"logo\":{\"@type\":\"ImageObject\",\"inLanguage\":\"fr-FR\",\"@id\":\"https:\\\/\\\/districos.standingout.be\\\/fr\\\/#\\\/schema\\\/logo\\\/image\\\/\",\"url\":\"https:\\\/\\\/districos.standingout.be\\\/wp-content\\\/uploads\\\/2022\\\/09\\\/Districos_Logo_Webshop.svg\",\"contentUrl\":\"https:\\\/\\\/districos.standingout.be\\\/wp-content\\\/uploads\\\/2022\\\/09\\\/Districos_Logo_Webshop.svg\",\"caption\":\"Districos Webshop\"},\"image\":{\"@id\":\"https:\\\/\\\/districos.standingout.be\\\/fr\\\/#\\\/schema\\\/logo\\\/image\\\/\"}}]}<\/script>\n<!-- \/ Yoast SEO plugin. -->","yoast_head_json":{"title":"Blossom Gants Nitrile Rose XS 100 pcs. - Districos Webshop","robots":{"index":"noindex","follow":"follow","max-snippet":"max-snippet:-1","max-image-preview":"max-image-preview:large","max-video-preview":"max-video-preview:-1"},"og_locale":"fr_FR","og_type":"article","og_title":"Blossom Gants Nitrile Rose XS 100 pcs. - Districos Webshop","og_description":"Gants en nitrile avec une r\u00e9sistance \u00e9lev\u00e9e aux perforations et aux d\u00e9chirures. Ne contiennent pas de traces de latex. Non poudr\u00e9s. Ne provoquent aucune allergie. Le nitrile colle beaucoup moins \u00e0 la cire, donc les gants sont tr\u00e8s appropri\u00e9s \u00e0 l&rsquo;\u00e9pilation. Couleur : rose. Taille : XS. 100 pi\u00e8ces. \u00c9galement disponible en S (r\u00e9f. 8844.17) [&hellip;]","og_url":"https:\/\/districos.standingout.be\/fr\/product\/blossom-gants-nitrile-rose-xs-100-pcs-ref-8844-16\/","og_site_name":"Districos Webshop","article_modified_time":"2026-04-28T10:45:21+00:00","twitter_card":"summary_large_image","schema":{"@context":"https:\/\/schema.org","@graph":[{"@type":"WebPage","@id":"https:\/\/districos.standingout.be\/fr\/product\/blossom-gants-nitrile-rose-xs-100-pcs-ref-8844-16\/","url":"https:\/\/districos.standingout.be\/fr\/product\/blossom-gants-nitrile-rose-xs-100-pcs-ref-8844-16\/","name":"Blossom Gants Nitrile Rose XS 100 pcs. - Districos Webshop","isPartOf":{"@id":"https:\/\/districos.standingout.be\/fr\/#website"},"primaryImageOfPage":{"@id":"https:\/\/districos.standingout.be\/fr\/product\/blossom-gants-nitrile-rose-xs-100-pcs-ref-8844-16\/#primaryimage"},"image":{"@id":"https:\/\/districos.standingout.be\/fr\/product\/blossom-gants-nitrile-rose-xs-100-pcs-ref-8844-16\/#primaryimage"},"thumbnailUrl":"https:\/\/districos.standingout.be\/wp-content\/uploads\/2026\/03\/8844.16@LowRes_1_0.png","datePublished":"2026-04-28T10:45:17+00:00","dateModified":"2026-04-28T10:45:21+00:00","breadcrumb":{"@id":"https:\/\/districos.standingout.be\/fr\/product\/blossom-gants-nitrile-rose-xs-100-pcs-ref-8844-16\/#breadcrumb"},"inLanguage":"fr-FR","potentialAction":[{"@type":"ReadAction","target":["https:\/\/districos.standingout.be\/fr\/product\/blossom-gants-nitrile-rose-xs-100-pcs-ref-8844-16\/"]}]},{"@type":"ImageObject","inLanguage":"fr-FR","@id":"https:\/\/districos.standingout.be\/fr\/product\/blossom-gants-nitrile-rose-xs-100-pcs-ref-8844-16\/#primaryimage","url":"https:\/\/districos.standingout.be\/wp-content\/uploads\/2026\/03\/8844.16@LowRes_1_0.png","contentUrl":"https:\/\/districos.standingout.be\/wp-content\/uploads\/2026\/03\/8844.16@LowRes_1_0.png","width":600,"height":600},{"@type":"BreadcrumbList","@id":"https:\/\/districos.standingout.be\/fr\/product\/blossom-gants-nitrile-rose-xs-100-pcs-ref-8844-16\/#breadcrumb","itemListElement":[{"@type":"ListItem","position":1,"name":"Home","item":"https:\/\/districos.standingout.be\/fr\/bienvenue-chez-districos\/"},{"@type":"ListItem","position":2,"name":"Boutique","item":"https:\/\/districos.standingout.be\/fr\/boutique\/"},{"@type":"ListItem","position":3,"name":"Blossom Gants Nitrile Rose XS 100 pcs."}]},{"@type":"WebSite","@id":"https:\/\/districos.standingout.be\/fr\/#website","url":"https:\/\/districos.standingout.be\/fr\/","name":"Districos Webshop","description":"","publisher":{"@id":"https:\/\/districos.standingout.be\/fr\/#organization"},"potentialAction":[{"@type":"SearchAction","target":{"@type":"EntryPoint","urlTemplate":"https:\/\/districos.standingout.be\/fr\/?s={search_term_string}"},"query-input":{"@type":"PropertyValueSpecification","valueRequired":true,"valueName":"search_term_string"}}],"inLanguage":"fr-FR"},{"@type":"Organization","@id":"https:\/\/districos.standingout.be\/fr\/#organization","name":"Districos Webshop","url":"https:\/\/districos.standingout.be\/fr\/","logo":{"@type":"ImageObject","inLanguage":"fr-FR","@id":"https:\/\/districos.standingout.be\/fr\/#\/schema\/logo\/image\/","url":"https:\/\/districos.standingout.be\/wp-content\/uploads\/2022\/09\/Districos_Logo_Webshop.svg","contentUrl":"https:\/\/districos.standingout.be\/wp-content\/uploads\/2022\/09\/Districos_Logo_Webshop.svg","caption":"Districos Webshop"},"image":{"@id":"https:\/\/districos.standingout.be\/fr\/#\/schema\/logo\/image\/"}}]}},"_links":{"self":[{"href":"https:\/\/districos.standingout.be\/fr\/wp-json\/wp\/v2\/product\/141103","targetHints":{"allow":["GET"]}}],"collection":[{"href":"https:\/\/districos.standingout.be\/fr\/wp-json\/wp\/v2\/product"}],"about":[{"href":"https:\/\/districos.standingout.be\/fr\/wp-json\/wp\/v2\/types\/product"}],"replies":[{"embeddable":true,"href":"https:\/\/districos.standingout.be\/fr\/wp-json\/wp\/v2\/comments?post=141103"}],"wp:featuredmedia":[{"embeddable":true,"href":"https:\/\/districos.standingout.be\/fr\/wp-json\/wp\/v2\/media\/112601"}],"wp:attachment":[{"href":"https:\/\/districos.standingout.be\/fr\/wp-json\/wp\/v2\/media?parent=141103"}],"wp:term":[{"taxonomy":"product_brand","embeddable":true,"href":"https:\/\/districos.standingout.be\/fr\/wp-json\/wp\/v2\/product_brand?post=141103"},{"taxonomy":"product_cat","embeddable":true,"href":"https:\/\/districos.standingout.be\/fr\/wp-json\/wp\/v2\/product_cat?post=141103"},{"taxonomy":"product_tag","embeddable":true,"href":"https:\/\/districos.standingout.be\/fr\/wp-json\/wp\/v2\/product_tag?post=141103"}],"curies":[{"name":"wp","href":"https:\/\/api.w.org\/{rel}","templated":true}]}}