{"id":141105,"date":"2026-04-28T12:45:23","date_gmt":"2026-04-28T10:45:23","guid":{"rendered":"https:\/\/webshopdistricoscom.webhosting.be\/product\/blossom-gants-nitrile-rose-s-100-pcs-ref-8844-17\/"},"modified":"2026-04-28T12:45:27","modified_gmt":"2026-04-28T10:45:27","slug":"blossom-gants-nitrile-rose-s-100-pcs-ref-8844-17","status":"publish","type":"product","link":"https:\/\/districos.standingout.be\/fr\/product\/blossom-gants-nitrile-rose-s-100-pcs-ref-8844-17\/","title":{"rendered":"Blossom Gants Nitrile Rose S 100 pcs."},"content":{"rendered":"<p >\n<p><font face=\"Verdana\">Gants en nitrile avec une r\u00e9sistance \u00e9lev\u00e9e aux perforations et aux d\u00e9chirures.&nbsp;<\/font><\/p>\n<div>\n<ul>\n<li><font face=\"Verdana\">Ne contiennent pas de traces de latex.&nbsp;<\/font><\/li>\n<li><font face=\"Verdana\">Non poudr\u00e9s.&nbsp;<\/font><\/li>\n<li><font face=\"Verdana\">Ne provoquent aucune allergie.&nbsp;<\/font><\/li>\n<li><font face=\"Verdana\">Le nitrile colle beaucoup moins \u00e0 la cire, donc les gants sont tr\u00e8s appropri\u00e9s \u00e0 l&rsquo;\u00e9pilation.&nbsp;<\/font><\/li>\n<li><font face=\"Verdana\">Couleur : rose.&nbsp;<\/font><\/li>\n<li><font face=\"Verdana\">Taille : S.&nbsp;<\/font><\/li>\n<li><font face=\"Verdana\">100 pi\u00e8ces.&nbsp;<\/font><\/li>\n<\/ul>\n<p><span><\/p>\n<div><span><br \/><\/span><\/div>\n<p>\u00c9galement disponible en<\/span><\/div>\n<div>\n<ul>\n<li><span>XS (r\u00e9f. <a href=\"https:\/\/webshop.districos.com\/ProductDetail\/8844.16\" target=\"_blank\" rel=\"noopener noreferrer nofollow\"> 8844.16<\/a>)&nbsp;<\/span><\/li>\n<li><span>M (r\u00e9f. <a href=\"https:\/\/webshop.districos.com\/ProductDetail\/8844.18\" target=\"_blank\" rel=\"noopener noreferrer nofollow\"> 8844.18<\/a>)&nbsp;<\/span><\/li>\n<li><span>L (r\u00e9f. <a href=\"https:\/\/webshop.districos.com\/ProductDetail\/8844.19\" target=\"_blank\" rel=\"noopener noreferrer nofollow\"> 8844.19<\/a>)<\/span><\/li>\n<\/ul>\n<\/div>\n","protected":false},"excerpt":{"rendered":"<p>Gants en nitrile avec une r\u00e9sistance \u00e9lev\u00e9e aux perforations et aux d\u00e9chirures.&nbsp; Ne contiennent pas de traces de latex.&nbsp; Non poudr\u00e9s.&nbsp; Ne provoquent aucune allergie.&nbsp; Le nitrile colle beaucoup moins \u00e0 la cire, donc les gants sont tr\u00e8s appropri\u00e9s \u00e0 l&rsquo;\u00e9pilation.&nbsp; Couleur : rose.&nbsp; Taille : S.&nbsp; 100 pi\u00e8ces.&nbsp; \u00c9galement disponible en XS (r\u00e9f. 8844.16)&nbsp; [&hellip;]<\/p>\n","protected":false},"featured_media":112604,"comment_status":"open","ping_status":"closed","template":"","meta":{"_acf_changed":false},"product_brand":[10318],"product_cat":[9992,10136,10148],"product_tag":[],"class_list":{"0":"post-141105","1":"product","2":"type-product","3":"status-publish","4":"has-post-thumbnail","6":"product_brand-blossom-fr","7":"product_cat-soins-des-pieds-podologie-desinfection-nettoyage-articles-jetables","8":"product_cat-hygiene-articles-jetables-hygiene-protection-equipements-de-protection-individuelle-epi","9":"product_cat-hygiene-articles-jetables-articles-jetables-gants","11":"first","12":"instock","13":"taxable","14":"shipping-taxable","15":"product-type-simple"},"acf":[],"yoast_head":"<!-- This site is optimized with the Yoast SEO plugin v27.3 - https:\/\/yoast.com\/product\/yoast-seo-wordpress\/ -->\n<title>Blossom Gants Nitrile Rose S 100 pcs. - Districos Webshop<\/title>\n<meta name=\"robots\" content=\"noindex, follow, max-snippet:-1, max-image-preview:large, max-video-preview:-1\" \/>\n<meta property=\"og:locale\" content=\"fr_FR\" \/>\n<meta property=\"og:type\" content=\"article\" \/>\n<meta property=\"og:title\" content=\"Blossom Gants Nitrile Rose S 100 pcs. - Districos Webshop\" \/>\n<meta property=\"og:description\" content=\"Gants en nitrile avec une r\u00e9sistance \u00e9lev\u00e9e aux perforations et aux d\u00e9chirures.&nbsp; Ne contiennent pas de traces de latex.&nbsp; Non poudr\u00e9s.&nbsp; Ne provoquent aucune allergie.&nbsp; Le nitrile colle beaucoup moins \u00e0 la cire, donc les gants sont tr\u00e8s appropri\u00e9s \u00e0 l&rsquo;\u00e9pilation.&nbsp; Couleur : rose.&nbsp; Taille : S.&nbsp; 100 pi\u00e8ces.&nbsp; \u00c9galement disponible en XS (r\u00e9f. 8844.16)&nbsp; [&hellip;]\" \/>\n<meta property=\"og:url\" content=\"https:\/\/districos.standingout.be\/fr\/product\/blossom-gants-nitrile-rose-s-100-pcs-ref-8844-17\/\" \/>\n<meta property=\"og:site_name\" content=\"Districos Webshop\" \/>\n<meta property=\"article:modified_time\" content=\"2026-04-28T10:45:27+00:00\" \/>\n<meta name=\"twitter:card\" content=\"summary_large_image\" \/>\n<script type=\"application\/ld+json\" class=\"yoast-schema-graph\">{\"@context\":\"https:\\\/\\\/schema.org\",\"@graph\":[{\"@type\":\"WebPage\",\"@id\":\"https:\\\/\\\/districos.standingout.be\\\/fr\\\/product\\\/blossom-gants-nitrile-rose-s-100-pcs-ref-8844-17\\\/\",\"url\":\"https:\\\/\\\/districos.standingout.be\\\/fr\\\/product\\\/blossom-gants-nitrile-rose-s-100-pcs-ref-8844-17\\\/\",\"name\":\"Blossom Gants Nitrile Rose S 100 pcs. - Districos Webshop\",\"isPartOf\":{\"@id\":\"https:\\\/\\\/districos.standingout.be\\\/fr\\\/#website\"},\"primaryImageOfPage\":{\"@id\":\"https:\\\/\\\/districos.standingout.be\\\/fr\\\/product\\\/blossom-gants-nitrile-rose-s-100-pcs-ref-8844-17\\\/#primaryimage\"},\"image\":{\"@id\":\"https:\\\/\\\/districos.standingout.be\\\/fr\\\/product\\\/blossom-gants-nitrile-rose-s-100-pcs-ref-8844-17\\\/#primaryimage\"},\"thumbnailUrl\":\"https:\\\/\\\/districos.standingout.be\\\/wp-content\\\/uploads\\\/2026\\\/03\\\/8844.17@LowRes_1_0.png\",\"datePublished\":\"2026-04-28T10:45:23+00:00\",\"dateModified\":\"2026-04-28T10:45:27+00:00\",\"breadcrumb\":{\"@id\":\"https:\\\/\\\/districos.standingout.be\\\/fr\\\/product\\\/blossom-gants-nitrile-rose-s-100-pcs-ref-8844-17\\\/#breadcrumb\"},\"inLanguage\":\"fr-FR\",\"potentialAction\":[{\"@type\":\"ReadAction\",\"target\":[\"https:\\\/\\\/districos.standingout.be\\\/fr\\\/product\\\/blossom-gants-nitrile-rose-s-100-pcs-ref-8844-17\\\/\"]}]},{\"@type\":\"ImageObject\",\"inLanguage\":\"fr-FR\",\"@id\":\"https:\\\/\\\/districos.standingout.be\\\/fr\\\/product\\\/blossom-gants-nitrile-rose-s-100-pcs-ref-8844-17\\\/#primaryimage\",\"url\":\"https:\\\/\\\/districos.standingout.be\\\/wp-content\\\/uploads\\\/2026\\\/03\\\/8844.17@LowRes_1_0.png\",\"contentUrl\":\"https:\\\/\\\/districos.standingout.be\\\/wp-content\\\/uploads\\\/2026\\\/03\\\/8844.17@LowRes_1_0.png\",\"width\":600,\"height\":600},{\"@type\":\"BreadcrumbList\",\"@id\":\"https:\\\/\\\/districos.standingout.be\\\/fr\\\/product\\\/blossom-gants-nitrile-rose-s-100-pcs-ref-8844-17\\\/#breadcrumb\",\"itemListElement\":[{\"@type\":\"ListItem\",\"position\":1,\"name\":\"Home\",\"item\":\"https:\\\/\\\/districos.standingout.be\\\/fr\\\/bienvenue-chez-districos\\\/\"},{\"@type\":\"ListItem\",\"position\":2,\"name\":\"Boutique\",\"item\":\"https:\\\/\\\/districos.standingout.be\\\/fr\\\/boutique\\\/\"},{\"@type\":\"ListItem\",\"position\":3,\"name\":\"Blossom Gants Nitrile Rose S 100 pcs.\"}]},{\"@type\":\"WebSite\",\"@id\":\"https:\\\/\\\/districos.standingout.be\\\/fr\\\/#website\",\"url\":\"https:\\\/\\\/districos.standingout.be\\\/fr\\\/\",\"name\":\"Districos Webshop\",\"description\":\"\",\"publisher\":{\"@id\":\"https:\\\/\\\/districos.standingout.be\\\/fr\\\/#organization\"},\"potentialAction\":[{\"@type\":\"SearchAction\",\"target\":{\"@type\":\"EntryPoint\",\"urlTemplate\":\"https:\\\/\\\/districos.standingout.be\\\/fr\\\/?s={search_term_string}\"},\"query-input\":{\"@type\":\"PropertyValueSpecification\",\"valueRequired\":true,\"valueName\":\"search_term_string\"}}],\"inLanguage\":\"fr-FR\"},{\"@type\":\"Organization\",\"@id\":\"https:\\\/\\\/districos.standingout.be\\\/fr\\\/#organization\",\"name\":\"Districos Webshop\",\"url\":\"https:\\\/\\\/districos.standingout.be\\\/fr\\\/\",\"logo\":{\"@type\":\"ImageObject\",\"inLanguage\":\"fr-FR\",\"@id\":\"https:\\\/\\\/districos.standingout.be\\\/fr\\\/#\\\/schema\\\/logo\\\/image\\\/\",\"url\":\"https:\\\/\\\/districos.standingout.be\\\/wp-content\\\/uploads\\\/2022\\\/09\\\/Districos_Logo_Webshop.svg\",\"contentUrl\":\"https:\\\/\\\/districos.standingout.be\\\/wp-content\\\/uploads\\\/2022\\\/09\\\/Districos_Logo_Webshop.svg\",\"caption\":\"Districos Webshop\"},\"image\":{\"@id\":\"https:\\\/\\\/districos.standingout.be\\\/fr\\\/#\\\/schema\\\/logo\\\/image\\\/\"}}]}<\/script>\n<!-- \/ Yoast SEO plugin. -->","yoast_head_json":{"title":"Blossom Gants Nitrile Rose S 100 pcs. - Districos Webshop","robots":{"index":"noindex","follow":"follow","max-snippet":"max-snippet:-1","max-image-preview":"max-image-preview:large","max-video-preview":"max-video-preview:-1"},"og_locale":"fr_FR","og_type":"article","og_title":"Blossom Gants Nitrile Rose S 100 pcs. - Districos Webshop","og_description":"Gants en nitrile avec une r\u00e9sistance \u00e9lev\u00e9e aux perforations et aux d\u00e9chirures.&nbsp; Ne contiennent pas de traces de latex.&nbsp; Non poudr\u00e9s.&nbsp; Ne provoquent aucune allergie.&nbsp; Le nitrile colle beaucoup moins \u00e0 la cire, donc les gants sont tr\u00e8s appropri\u00e9s \u00e0 l&rsquo;\u00e9pilation.&nbsp; Couleur : rose.&nbsp; Taille : S.&nbsp; 100 pi\u00e8ces.&nbsp; \u00c9galement disponible en XS (r\u00e9f. 8844.16)&nbsp; [&hellip;]","og_url":"https:\/\/districos.standingout.be\/fr\/product\/blossom-gants-nitrile-rose-s-100-pcs-ref-8844-17\/","og_site_name":"Districos Webshop","article_modified_time":"2026-04-28T10:45:27+00:00","twitter_card":"summary_large_image","schema":{"@context":"https:\/\/schema.org","@graph":[{"@type":"WebPage","@id":"https:\/\/districos.standingout.be\/fr\/product\/blossom-gants-nitrile-rose-s-100-pcs-ref-8844-17\/","url":"https:\/\/districos.standingout.be\/fr\/product\/blossom-gants-nitrile-rose-s-100-pcs-ref-8844-17\/","name":"Blossom Gants Nitrile Rose S 100 pcs. - Districos Webshop","isPartOf":{"@id":"https:\/\/districos.standingout.be\/fr\/#website"},"primaryImageOfPage":{"@id":"https:\/\/districos.standingout.be\/fr\/product\/blossom-gants-nitrile-rose-s-100-pcs-ref-8844-17\/#primaryimage"},"image":{"@id":"https:\/\/districos.standingout.be\/fr\/product\/blossom-gants-nitrile-rose-s-100-pcs-ref-8844-17\/#primaryimage"},"thumbnailUrl":"https:\/\/districos.standingout.be\/wp-content\/uploads\/2026\/03\/8844.17@LowRes_1_0.png","datePublished":"2026-04-28T10:45:23+00:00","dateModified":"2026-04-28T10:45:27+00:00","breadcrumb":{"@id":"https:\/\/districos.standingout.be\/fr\/product\/blossom-gants-nitrile-rose-s-100-pcs-ref-8844-17\/#breadcrumb"},"inLanguage":"fr-FR","potentialAction":[{"@type":"ReadAction","target":["https:\/\/districos.standingout.be\/fr\/product\/blossom-gants-nitrile-rose-s-100-pcs-ref-8844-17\/"]}]},{"@type":"ImageObject","inLanguage":"fr-FR","@id":"https:\/\/districos.standingout.be\/fr\/product\/blossom-gants-nitrile-rose-s-100-pcs-ref-8844-17\/#primaryimage","url":"https:\/\/districos.standingout.be\/wp-content\/uploads\/2026\/03\/8844.17@LowRes_1_0.png","contentUrl":"https:\/\/districos.standingout.be\/wp-content\/uploads\/2026\/03\/8844.17@LowRes_1_0.png","width":600,"height":600},{"@type":"BreadcrumbList","@id":"https:\/\/districos.standingout.be\/fr\/product\/blossom-gants-nitrile-rose-s-100-pcs-ref-8844-17\/#breadcrumb","itemListElement":[{"@type":"ListItem","position":1,"name":"Home","item":"https:\/\/districos.standingout.be\/fr\/bienvenue-chez-districos\/"},{"@type":"ListItem","position":2,"name":"Boutique","item":"https:\/\/districos.standingout.be\/fr\/boutique\/"},{"@type":"ListItem","position":3,"name":"Blossom Gants Nitrile Rose S 100 pcs."}]},{"@type":"WebSite","@id":"https:\/\/districos.standingout.be\/fr\/#website","url":"https:\/\/districos.standingout.be\/fr\/","name":"Districos Webshop","description":"","publisher":{"@id":"https:\/\/districos.standingout.be\/fr\/#organization"},"potentialAction":[{"@type":"SearchAction","target":{"@type":"EntryPoint","urlTemplate":"https:\/\/districos.standingout.be\/fr\/?s={search_term_string}"},"query-input":{"@type":"PropertyValueSpecification","valueRequired":true,"valueName":"search_term_string"}}],"inLanguage":"fr-FR"},{"@type":"Organization","@id":"https:\/\/districos.standingout.be\/fr\/#organization","name":"Districos Webshop","url":"https:\/\/districos.standingout.be\/fr\/","logo":{"@type":"ImageObject","inLanguage":"fr-FR","@id":"https:\/\/districos.standingout.be\/fr\/#\/schema\/logo\/image\/","url":"https:\/\/districos.standingout.be\/wp-content\/uploads\/2022\/09\/Districos_Logo_Webshop.svg","contentUrl":"https:\/\/districos.standingout.be\/wp-content\/uploads\/2022\/09\/Districos_Logo_Webshop.svg","caption":"Districos Webshop"},"image":{"@id":"https:\/\/districos.standingout.be\/fr\/#\/schema\/logo\/image\/"}}]}},"_links":{"self":[{"href":"https:\/\/districos.standingout.be\/fr\/wp-json\/wp\/v2\/product\/141105","targetHints":{"allow":["GET"]}}],"collection":[{"href":"https:\/\/districos.standingout.be\/fr\/wp-json\/wp\/v2\/product"}],"about":[{"href":"https:\/\/districos.standingout.be\/fr\/wp-json\/wp\/v2\/types\/product"}],"replies":[{"embeddable":true,"href":"https:\/\/districos.standingout.be\/fr\/wp-json\/wp\/v2\/comments?post=141105"}],"wp:featuredmedia":[{"embeddable":true,"href":"https:\/\/districos.standingout.be\/fr\/wp-json\/wp\/v2\/media\/112604"}],"wp:attachment":[{"href":"https:\/\/districos.standingout.be\/fr\/wp-json\/wp\/v2\/media?parent=141105"}],"wp:term":[{"taxonomy":"product_brand","embeddable":true,"href":"https:\/\/districos.standingout.be\/fr\/wp-json\/wp\/v2\/product_brand?post=141105"},{"taxonomy":"product_cat","embeddable":true,"href":"https:\/\/districos.standingout.be\/fr\/wp-json\/wp\/v2\/product_cat?post=141105"},{"taxonomy":"product_tag","embeddable":true,"href":"https:\/\/districos.standingout.be\/fr\/wp-json\/wp\/v2\/product_tag?post=141105"}],"curies":[{"name":"wp","href":"https:\/\/api.w.org\/{rel}","templated":true}]}}