{"id":141235,"date":"2026-04-28T12:46:40","date_gmt":"2026-04-28T10:46:40","guid":{"rendered":"https:\/\/webshopdistricoscom.webhosting.be\/product\/hypro-gants-nitrile-orange-edition-limitee-m-100-pcs-ref-8844-94\/"},"modified":"2026-04-28T12:46:43","modified_gmt":"2026-04-28T10:46:43","slug":"hypro-gants-nitrile-orange-edition-limitee-m-100-pcs-ref-8844-94","status":"publish","type":"product","link":"https:\/\/districos.standingout.be\/fr\/product\/hypro-gants-nitrile-orange-edition-limitee-m-100-pcs-ref-8844-94\/","title":{"rendered":"HY@PRO Gants Nitrile Orange Edition Limit\u00e9e M 100 pcs."},"content":{"rendered":"<p >\n<\/p>\n<\/p>\n<\/p>\n<\/p>\n<\/p>\n<p><span lang=\"FR\"><b>\u00c9dition limit\u00e9e \u2013 Attention : stock limit\u00e9 ! Commandez vite, jusqu\u2019\u00e0 \u00e9puisement des stocks.<\/b><\/span><\/p>\n<p><span lang=\"FR\"><br \/><\/span><\/p>\n<p><span lang=\"FR\">Fabriqu\u00e9s en nitrile 100 % synth\u00e9tique pour une protection optimale des mains. Les gants en nitrile \u00e9pousent parfaitement la forme de la main et sont exempts de substances allerg\u00e8nes. Sans acc\u00e9l\u00e9rateurs chimiques : ne contiennent pas de composants susceptibles de provoquer des irritations cutan\u00e9es. Le nitrile adh\u00e8re beaucoup moins \u00e0 la cire, ce qui les rend particuli\u00e8rement adapt\u00e9s aux soins d\u2019\u00e9pilation. Excellente r\u00e9sistance \u00e0 la perforation et \u00e0 la d\u00e9chirure. Sans latex ni poudre.<\/p>\n<p><o:p><\/o:p><\/span><\/p>\n<\/p>\n<ul>\n<li><span lang=\"FR\">Taille : M<\/span><\/li>\n<li><span lang=\"FR\">Couleur : Oranje, \u00e9dition limit\u00e9e !<\/span><\/li>\n<li><span lang=\"FR\">Conditionnement : 100 pi\u00e8ces<\/span><\/li>\n<\/ul>\n<p><span lang=\"FR\"> &nbsp; <\/span><\/p>\n<\/p>\n<p><span lang=\"FR\"><b>Ces gants CATIII offrent une bonne protection contre les substances chimiques, les solvants, les virus et les bact\u00e9ries. Ils sont confortables et offrent une bonne prise. Sans latex, ni poudre.<\/b><\/p>\n<p><i> *EN 455 &#8211; 1, 2, 3, 4; ASTM D6319; EN ISO 374 &#8211; 1,2, 3, 4, 5; CAT III; Verordnung (EU) 2016\/425 \/Regulation (EU) 2016\/425; AQL 1,5.<\/i><\/span><\/p><\/p>\n","protected":false},"excerpt":{"rendered":"<p>\u00c9dition limit\u00e9e \u2013 Attention : stock limit\u00e9 ! Commandez vite, jusqu\u2019\u00e0 \u00e9puisement des stocks. Fabriqu\u00e9s en nitrile 100 % synth\u00e9tique pour une protection optimale des mains. Les gants en nitrile \u00e9pousent parfaitement la forme de la main et sont exempts de substances allerg\u00e8nes. Sans acc\u00e9l\u00e9rateurs chimiques : ne contiennent pas de composants susceptibles de provoquer [&hellip;]<\/p>\n","protected":false},"featured_media":148426,"comment_status":"open","ping_status":"closed","template":"","meta":{"_acf_changed":false},"product_brand":[10440],"product_cat":[9992,10136,10148],"product_tag":[],"class_list":{"0":"post-141235","1":"product","2":"type-product","3":"status-publish","4":"has-post-thumbnail","6":"product_brand-hypro-fr","7":"product_cat-soins-des-pieds-podologie-desinfection-nettoyage-articles-jetables","8":"product_cat-hygiene-articles-jetables-hygiene-protection-equipements-de-protection-individuelle-epi","9":"product_cat-hygiene-articles-jetables-articles-jetables-gants","11":"first","12":"instock","13":"taxable","14":"shipping-taxable","15":"product-type-simple"},"acf":[],"yoast_head":"<!-- This site is optimized with the Yoast SEO plugin v27.3 - https:\/\/yoast.com\/product\/yoast-seo-wordpress\/ -->\n<title>HY@PRO Gants Nitrile Orange Edition Limit\u00e9e M 100 pcs. - Districos Webshop<\/title>\n<meta name=\"robots\" content=\"noindex, follow, max-snippet:-1, max-image-preview:large, max-video-preview:-1\" \/>\n<meta property=\"og:locale\" content=\"fr_FR\" \/>\n<meta property=\"og:type\" content=\"article\" \/>\n<meta property=\"og:title\" content=\"HY@PRO Gants Nitrile Orange Edition Limit\u00e9e M 100 pcs. - Districos Webshop\" \/>\n<meta property=\"og:description\" content=\"\u00c9dition limit\u00e9e \u2013 Attention : stock limit\u00e9 ! Commandez vite, jusqu\u2019\u00e0 \u00e9puisement des stocks. Fabriqu\u00e9s en nitrile 100 % synth\u00e9tique pour une protection optimale des mains. Les gants en nitrile \u00e9pousent parfaitement la forme de la main et sont exempts de substances allerg\u00e8nes. Sans acc\u00e9l\u00e9rateurs chimiques : ne contiennent pas de composants susceptibles de provoquer [&hellip;]\" \/>\n<meta property=\"og:url\" content=\"https:\/\/districos.standingout.be\/fr\/product\/hypro-gants-nitrile-orange-edition-limitee-m-100-pcs-ref-8844-94\/\" \/>\n<meta property=\"og:site_name\" content=\"Districos Webshop\" \/>\n<meta property=\"article:modified_time\" content=\"2026-04-28T10:46:43+00:00\" \/>\n<meta name=\"twitter:card\" content=\"summary_large_image\" \/>\n<meta name=\"twitter:label1\" content=\"Dur\u00e9e de lecture estim\u00e9e\" \/>\n\t<meta name=\"twitter:data1\" content=\"1 minute\" \/>\n<script type=\"application\/ld+json\" class=\"yoast-schema-graph\">{\"@context\":\"https:\\\/\\\/schema.org\",\"@graph\":[{\"@type\":\"WebPage\",\"@id\":\"https:\\\/\\\/districos.standingout.be\\\/fr\\\/product\\\/hypro-gants-nitrile-orange-edition-limitee-m-100-pcs-ref-8844-94\\\/\",\"url\":\"https:\\\/\\\/districos.standingout.be\\\/fr\\\/product\\\/hypro-gants-nitrile-orange-edition-limitee-m-100-pcs-ref-8844-94\\\/\",\"name\":\"HY@PRO Gants Nitrile Orange Edition Limit\u00e9e M 100 pcs. - Districos Webshop\",\"isPartOf\":{\"@id\":\"https:\\\/\\\/districos.standingout.be\\\/fr\\\/#website\"},\"primaryImageOfPage\":{\"@id\":\"https:\\\/\\\/districos.standingout.be\\\/fr\\\/product\\\/hypro-gants-nitrile-orange-edition-limitee-m-100-pcs-ref-8844-94\\\/#primaryimage\"},\"image\":{\"@id\":\"https:\\\/\\\/districos.standingout.be\\\/fr\\\/product\\\/hypro-gants-nitrile-orange-edition-limitee-m-100-pcs-ref-8844-94\\\/#primaryimage\"},\"thumbnailUrl\":\"https:\\\/\\\/districos.standingout.be\\\/wp-content\\\/uploads\\\/2026\\\/04\\\/8844.94@HYPRO-Nitril-Handschoenen-M-Oranje-Limited-100-st._1.png\",\"datePublished\":\"2026-04-28T10:46:40+00:00\",\"dateModified\":\"2026-04-28T10:46:43+00:00\",\"breadcrumb\":{\"@id\":\"https:\\\/\\\/districos.standingout.be\\\/fr\\\/product\\\/hypro-gants-nitrile-orange-edition-limitee-m-100-pcs-ref-8844-94\\\/#breadcrumb\"},\"inLanguage\":\"fr-FR\",\"potentialAction\":[{\"@type\":\"ReadAction\",\"target\":[\"https:\\\/\\\/districos.standingout.be\\\/fr\\\/product\\\/hypro-gants-nitrile-orange-edition-limitee-m-100-pcs-ref-8844-94\\\/\"]}]},{\"@type\":\"ImageObject\",\"inLanguage\":\"fr-FR\",\"@id\":\"https:\\\/\\\/districos.standingout.be\\\/fr\\\/product\\\/hypro-gants-nitrile-orange-edition-limitee-m-100-pcs-ref-8844-94\\\/#primaryimage\",\"url\":\"https:\\\/\\\/districos.standingout.be\\\/wp-content\\\/uploads\\\/2026\\\/04\\\/8844.94@HYPRO-Nitril-Handschoenen-M-Oranje-Limited-100-st._1.png\",\"contentUrl\":\"https:\\\/\\\/districos.standingout.be\\\/wp-content\\\/uploads\\\/2026\\\/04\\\/8844.94@HYPRO-Nitril-Handschoenen-M-Oranje-Limited-100-st._1.png\",\"width\":600,\"height\":600},{\"@type\":\"BreadcrumbList\",\"@id\":\"https:\\\/\\\/districos.standingout.be\\\/fr\\\/product\\\/hypro-gants-nitrile-orange-edition-limitee-m-100-pcs-ref-8844-94\\\/#breadcrumb\",\"itemListElement\":[{\"@type\":\"ListItem\",\"position\":1,\"name\":\"Home\",\"item\":\"https:\\\/\\\/districos.standingout.be\\\/fr\\\/bienvenue-chez-districos\\\/\"},{\"@type\":\"ListItem\",\"position\":2,\"name\":\"Boutique\",\"item\":\"https:\\\/\\\/districos.standingout.be\\\/fr\\\/boutique\\\/\"},{\"@type\":\"ListItem\",\"position\":3,\"name\":\"HY@PRO Gants Nitrile Orange Edition Limit\u00e9e M 100 pcs.\"}]},{\"@type\":\"WebSite\",\"@id\":\"https:\\\/\\\/districos.standingout.be\\\/fr\\\/#website\",\"url\":\"https:\\\/\\\/districos.standingout.be\\\/fr\\\/\",\"name\":\"Districos Webshop\",\"description\":\"\",\"publisher\":{\"@id\":\"https:\\\/\\\/districos.standingout.be\\\/fr\\\/#organization\"},\"potentialAction\":[{\"@type\":\"SearchAction\",\"target\":{\"@type\":\"EntryPoint\",\"urlTemplate\":\"https:\\\/\\\/districos.standingout.be\\\/fr\\\/?s={search_term_string}\"},\"query-input\":{\"@type\":\"PropertyValueSpecification\",\"valueRequired\":true,\"valueName\":\"search_term_string\"}}],\"inLanguage\":\"fr-FR\"},{\"@type\":\"Organization\",\"@id\":\"https:\\\/\\\/districos.standingout.be\\\/fr\\\/#organization\",\"name\":\"Districos Webshop\",\"url\":\"https:\\\/\\\/districos.standingout.be\\\/fr\\\/\",\"logo\":{\"@type\":\"ImageObject\",\"inLanguage\":\"fr-FR\",\"@id\":\"https:\\\/\\\/districos.standingout.be\\\/fr\\\/#\\\/schema\\\/logo\\\/image\\\/\",\"url\":\"https:\\\/\\\/districos.standingout.be\\\/wp-content\\\/uploads\\\/2022\\\/09\\\/Districos_Logo_Webshop.svg\",\"contentUrl\":\"https:\\\/\\\/districos.standingout.be\\\/wp-content\\\/uploads\\\/2022\\\/09\\\/Districos_Logo_Webshop.svg\",\"caption\":\"Districos Webshop\"},\"image\":{\"@id\":\"https:\\\/\\\/districos.standingout.be\\\/fr\\\/#\\\/schema\\\/logo\\\/image\\\/\"}}]}<\/script>\n<!-- \/ Yoast SEO plugin. -->","yoast_head_json":{"title":"HY@PRO Gants Nitrile Orange Edition Limit\u00e9e M 100 pcs. - Districos Webshop","robots":{"index":"noindex","follow":"follow","max-snippet":"max-snippet:-1","max-image-preview":"max-image-preview:large","max-video-preview":"max-video-preview:-1"},"og_locale":"fr_FR","og_type":"article","og_title":"HY@PRO Gants Nitrile Orange Edition Limit\u00e9e M 100 pcs. - Districos Webshop","og_description":"\u00c9dition limit\u00e9e \u2013 Attention : stock limit\u00e9 ! Commandez vite, jusqu\u2019\u00e0 \u00e9puisement des stocks. Fabriqu\u00e9s en nitrile 100 % synth\u00e9tique pour une protection optimale des mains. Les gants en nitrile \u00e9pousent parfaitement la forme de la main et sont exempts de substances allerg\u00e8nes. Sans acc\u00e9l\u00e9rateurs chimiques : ne contiennent pas de composants susceptibles de provoquer [&hellip;]","og_url":"https:\/\/districos.standingout.be\/fr\/product\/hypro-gants-nitrile-orange-edition-limitee-m-100-pcs-ref-8844-94\/","og_site_name":"Districos Webshop","article_modified_time":"2026-04-28T10:46:43+00:00","twitter_card":"summary_large_image","twitter_misc":{"Dur\u00e9e de lecture estim\u00e9e":"1 minute"},"schema":{"@context":"https:\/\/schema.org","@graph":[{"@type":"WebPage","@id":"https:\/\/districos.standingout.be\/fr\/product\/hypro-gants-nitrile-orange-edition-limitee-m-100-pcs-ref-8844-94\/","url":"https:\/\/districos.standingout.be\/fr\/product\/hypro-gants-nitrile-orange-edition-limitee-m-100-pcs-ref-8844-94\/","name":"HY@PRO Gants Nitrile Orange Edition Limit\u00e9e M 100 pcs. - Districos Webshop","isPartOf":{"@id":"https:\/\/districos.standingout.be\/fr\/#website"},"primaryImageOfPage":{"@id":"https:\/\/districos.standingout.be\/fr\/product\/hypro-gants-nitrile-orange-edition-limitee-m-100-pcs-ref-8844-94\/#primaryimage"},"image":{"@id":"https:\/\/districos.standingout.be\/fr\/product\/hypro-gants-nitrile-orange-edition-limitee-m-100-pcs-ref-8844-94\/#primaryimage"},"thumbnailUrl":"https:\/\/districos.standingout.be\/wp-content\/uploads\/2026\/04\/8844.94@HYPRO-Nitril-Handschoenen-M-Oranje-Limited-100-st._1.png","datePublished":"2026-04-28T10:46:40+00:00","dateModified":"2026-04-28T10:46:43+00:00","breadcrumb":{"@id":"https:\/\/districos.standingout.be\/fr\/product\/hypro-gants-nitrile-orange-edition-limitee-m-100-pcs-ref-8844-94\/#breadcrumb"},"inLanguage":"fr-FR","potentialAction":[{"@type":"ReadAction","target":["https:\/\/districos.standingout.be\/fr\/product\/hypro-gants-nitrile-orange-edition-limitee-m-100-pcs-ref-8844-94\/"]}]},{"@type":"ImageObject","inLanguage":"fr-FR","@id":"https:\/\/districos.standingout.be\/fr\/product\/hypro-gants-nitrile-orange-edition-limitee-m-100-pcs-ref-8844-94\/#primaryimage","url":"https:\/\/districos.standingout.be\/wp-content\/uploads\/2026\/04\/8844.94@HYPRO-Nitril-Handschoenen-M-Oranje-Limited-100-st._1.png","contentUrl":"https:\/\/districos.standingout.be\/wp-content\/uploads\/2026\/04\/8844.94@HYPRO-Nitril-Handschoenen-M-Oranje-Limited-100-st._1.png","width":600,"height":600},{"@type":"BreadcrumbList","@id":"https:\/\/districos.standingout.be\/fr\/product\/hypro-gants-nitrile-orange-edition-limitee-m-100-pcs-ref-8844-94\/#breadcrumb","itemListElement":[{"@type":"ListItem","position":1,"name":"Home","item":"https:\/\/districos.standingout.be\/fr\/bienvenue-chez-districos\/"},{"@type":"ListItem","position":2,"name":"Boutique","item":"https:\/\/districos.standingout.be\/fr\/boutique\/"},{"@type":"ListItem","position":3,"name":"HY@PRO Gants Nitrile Orange Edition Limit\u00e9e M 100 pcs."}]},{"@type":"WebSite","@id":"https:\/\/districos.standingout.be\/fr\/#website","url":"https:\/\/districos.standingout.be\/fr\/","name":"Districos Webshop","description":"","publisher":{"@id":"https:\/\/districos.standingout.be\/fr\/#organization"},"potentialAction":[{"@type":"SearchAction","target":{"@type":"EntryPoint","urlTemplate":"https:\/\/districos.standingout.be\/fr\/?s={search_term_string}"},"query-input":{"@type":"PropertyValueSpecification","valueRequired":true,"valueName":"search_term_string"}}],"inLanguage":"fr-FR"},{"@type":"Organization","@id":"https:\/\/districos.standingout.be\/fr\/#organization","name":"Districos Webshop","url":"https:\/\/districos.standingout.be\/fr\/","logo":{"@type":"ImageObject","inLanguage":"fr-FR","@id":"https:\/\/districos.standingout.be\/fr\/#\/schema\/logo\/image\/","url":"https:\/\/districos.standingout.be\/wp-content\/uploads\/2022\/09\/Districos_Logo_Webshop.svg","contentUrl":"https:\/\/districos.standingout.be\/wp-content\/uploads\/2022\/09\/Districos_Logo_Webshop.svg","caption":"Districos Webshop"},"image":{"@id":"https:\/\/districos.standingout.be\/fr\/#\/schema\/logo\/image\/"}}]}},"_links":{"self":[{"href":"https:\/\/districos.standingout.be\/fr\/wp-json\/wp\/v2\/product\/141235","targetHints":{"allow":["GET"]}}],"collection":[{"href":"https:\/\/districos.standingout.be\/fr\/wp-json\/wp\/v2\/product"}],"about":[{"href":"https:\/\/districos.standingout.be\/fr\/wp-json\/wp\/v2\/types\/product"}],"replies":[{"embeddable":true,"href":"https:\/\/districos.standingout.be\/fr\/wp-json\/wp\/v2\/comments?post=141235"}],"wp:featuredmedia":[{"embeddable":true,"href":"https:\/\/districos.standingout.be\/fr\/wp-json\/wp\/v2\/media\/148426"}],"wp:attachment":[{"href":"https:\/\/districos.standingout.be\/fr\/wp-json\/wp\/v2\/media?parent=141235"}],"wp:term":[{"taxonomy":"product_brand","embeddable":true,"href":"https:\/\/districos.standingout.be\/fr\/wp-json\/wp\/v2\/product_brand?post=141235"},{"taxonomy":"product_cat","embeddable":true,"href":"https:\/\/districos.standingout.be\/fr\/wp-json\/wp\/v2\/product_cat?post=141235"},{"taxonomy":"product_tag","embeddable":true,"href":"https:\/\/districos.standingout.be\/fr\/wp-json\/wp\/v2\/product_tag?post=141235"}],"curies":[{"name":"wp","href":"https:\/\/api.w.org\/{rel}","templated":true}]}}