{"id":141239,"date":"2026-04-28T12:46:48","date_gmt":"2026-04-28T10:46:48","guid":{"rendered":"https:\/\/webshopdistricoscom.webhosting.be\/product\/cotons-carres-sur-rouleau-2-x-500-pcs-ref-8846-01\/"},"modified":"2026-04-28T12:46:51","modified_gmt":"2026-04-28T10:46:51","slug":"cotons-carres-sur-rouleau-2-x-500-pcs-ref-8846-01","status":"publish","type":"product","link":"https:\/\/districos.standingout.be\/fr\/product\/cotons-carres-sur-rouleau-2-x-500-pcs-ref-8846-01\/","title":{"rendered":"Cotons Carr\u00e9s sur Rouleau (2 x 500 pcs.)"},"content":{"rendered":"<p >\n<p dir=\"ltr\">Des cotons carr\u00e9s non pelucheux sur rouleau.<\/p>\n<p dir=\"ltr\">\n<ul>\n<li>Pr\u00e9perfor\u00e9s et donc tr\u00e8s faciles \u00e0 d\u00e9chirer.<\/li>\n<li>Ces cotons sont plac\u00e9s dans un distributeur pratique et transparent (<u><a href=\"https:\/\/districos.com\/ProductDetail\/8846.11\" target=\"_blank\" rel=\"noopener noreferrer nofollow\">r\u00e9f. 8846.11<\/a><\/u>).<\/li>\n<li>Emballage : 2 x 500 cotons.<\/li>\n<\/ul><\/p>\n","protected":false},"excerpt":{"rendered":"<p>Des cotons carr\u00e9s non pelucheux sur rouleau. Pr\u00e9perfor\u00e9s et donc tr\u00e8s faciles \u00e0 d\u00e9chirer. Ces cotons sont plac\u00e9s dans un distributeur pratique et transparent (r\u00e9f. 8846.11). Emballage : 2 x 500 cotons.<\/p>\n","protected":false},"featured_media":83675,"comment_status":"open","ping_status":"closed","template":"","meta":{"_acf_changed":false},"product_brand":[10380],"product_cat":[9992,10146,10136],"product_tag":[],"class_list":{"0":"post-141239","1":"product","2":"type-product","3":"status-publish","4":"has-post-thumbnail","6":"product_brand-districos-fr","7":"product_cat-soins-des-pieds-podologie-desinfection-nettoyage-articles-jetables","8":"product_cat-hygiene-articles-jetables-articles-jetables-coton-cotons-tiges","9":"product_cat-hygiene-articles-jetables-hygiene-protection-equipements-de-protection-individuelle-epi","11":"first","12":"instock","13":"taxable","14":"shipping-taxable","15":"product-type-simple"},"acf":[],"yoast_head":"<!-- This site is optimized with the Yoast SEO plugin v27.3 - https:\/\/yoast.com\/product\/yoast-seo-wordpress\/ -->\n<title>Cotons Carr\u00e9s sur Rouleau (2 x 500 pcs.) - Districos Webshop<\/title>\n<meta name=\"robots\" content=\"noindex, follow, max-snippet:-1, max-image-preview:large, max-video-preview:-1\" \/>\n<meta property=\"og:locale\" content=\"fr_FR\" \/>\n<meta property=\"og:type\" content=\"article\" \/>\n<meta property=\"og:title\" content=\"Cotons Carr\u00e9s sur Rouleau (2 x 500 pcs.) - Districos Webshop\" \/>\n<meta property=\"og:description\" content=\"Des cotons carr\u00e9s non pelucheux sur rouleau. Pr\u00e9perfor\u00e9s et donc tr\u00e8s faciles \u00e0 d\u00e9chirer. Ces cotons sont plac\u00e9s dans un distributeur pratique et transparent (r\u00e9f. 8846.11). Emballage : 2 x 500 cotons.\" \/>\n<meta property=\"og:url\" content=\"https:\/\/districos.standingout.be\/fr\/product\/cotons-carres-sur-rouleau-2-x-500-pcs-ref-8846-01\/\" \/>\n<meta property=\"og:site_name\" content=\"Districos Webshop\" \/>\n<meta property=\"article:modified_time\" content=\"2026-04-28T10:46:51+00:00\" \/>\n<meta name=\"twitter:card\" content=\"summary_large_image\" \/>\n<script type=\"application\/ld+json\" class=\"yoast-schema-graph\">{\"@context\":\"https:\\\/\\\/schema.org\",\"@graph\":[{\"@type\":\"WebPage\",\"@id\":\"https:\\\/\\\/districos.standingout.be\\\/fr\\\/product\\\/cotons-carres-sur-rouleau-2-x-500-pcs-ref-8846-01\\\/\",\"url\":\"https:\\\/\\\/districos.standingout.be\\\/fr\\\/product\\\/cotons-carres-sur-rouleau-2-x-500-pcs-ref-8846-01\\\/\",\"name\":\"Cotons Carr\u00e9s sur Rouleau (2 x 500 pcs.) - Districos Webshop\",\"isPartOf\":{\"@id\":\"https:\\\/\\\/districos.standingout.be\\\/fr\\\/#website\"},\"primaryImageOfPage\":{\"@id\":\"https:\\\/\\\/districos.standingout.be\\\/fr\\\/product\\\/cotons-carres-sur-rouleau-2-x-500-pcs-ref-8846-01\\\/#primaryimage\"},\"image\":{\"@id\":\"https:\\\/\\\/districos.standingout.be\\\/fr\\\/product\\\/cotons-carres-sur-rouleau-2-x-500-pcs-ref-8846-01\\\/#primaryimage\"},\"thumbnailUrl\":\"https:\\\/\\\/districos.standingout.be\\\/wp-content\\\/uploads\\\/2025\\\/07\\\/8846.01@LowRes_1_0.png\",\"datePublished\":\"2026-04-28T10:46:48+00:00\",\"dateModified\":\"2026-04-28T10:46:51+00:00\",\"breadcrumb\":{\"@id\":\"https:\\\/\\\/districos.standingout.be\\\/fr\\\/product\\\/cotons-carres-sur-rouleau-2-x-500-pcs-ref-8846-01\\\/#breadcrumb\"},\"inLanguage\":\"fr-FR\",\"potentialAction\":[{\"@type\":\"ReadAction\",\"target\":[\"https:\\\/\\\/districos.standingout.be\\\/fr\\\/product\\\/cotons-carres-sur-rouleau-2-x-500-pcs-ref-8846-01\\\/\"]}]},{\"@type\":\"ImageObject\",\"inLanguage\":\"fr-FR\",\"@id\":\"https:\\\/\\\/districos.standingout.be\\\/fr\\\/product\\\/cotons-carres-sur-rouleau-2-x-500-pcs-ref-8846-01\\\/#primaryimage\",\"url\":\"https:\\\/\\\/districos.standingout.be\\\/wp-content\\\/uploads\\\/2025\\\/07\\\/8846.01@LowRes_1_0.png\",\"contentUrl\":\"https:\\\/\\\/districos.standingout.be\\\/wp-content\\\/uploads\\\/2025\\\/07\\\/8846.01@LowRes_1_0.png\",\"width\":600,\"height\":600},{\"@type\":\"BreadcrumbList\",\"@id\":\"https:\\\/\\\/districos.standingout.be\\\/fr\\\/product\\\/cotons-carres-sur-rouleau-2-x-500-pcs-ref-8846-01\\\/#breadcrumb\",\"itemListElement\":[{\"@type\":\"ListItem\",\"position\":1,\"name\":\"Home\",\"item\":\"https:\\\/\\\/districos.standingout.be\\\/fr\\\/bienvenue-chez-districos\\\/\"},{\"@type\":\"ListItem\",\"position\":2,\"name\":\"Boutique\",\"item\":\"https:\\\/\\\/districos.standingout.be\\\/fr\\\/boutique\\\/\"},{\"@type\":\"ListItem\",\"position\":3,\"name\":\"Cotons Carr\u00e9s sur Rouleau (2 x 500 pcs.)\"}]},{\"@type\":\"WebSite\",\"@id\":\"https:\\\/\\\/districos.standingout.be\\\/fr\\\/#website\",\"url\":\"https:\\\/\\\/districos.standingout.be\\\/fr\\\/\",\"name\":\"Districos Webshop\",\"description\":\"\",\"publisher\":{\"@id\":\"https:\\\/\\\/districos.standingout.be\\\/fr\\\/#organization\"},\"potentialAction\":[{\"@type\":\"SearchAction\",\"target\":{\"@type\":\"EntryPoint\",\"urlTemplate\":\"https:\\\/\\\/districos.standingout.be\\\/fr\\\/?s={search_term_string}\"},\"query-input\":{\"@type\":\"PropertyValueSpecification\",\"valueRequired\":true,\"valueName\":\"search_term_string\"}}],\"inLanguage\":\"fr-FR\"},{\"@type\":\"Organization\",\"@id\":\"https:\\\/\\\/districos.standingout.be\\\/fr\\\/#organization\",\"name\":\"Districos Webshop\",\"url\":\"https:\\\/\\\/districos.standingout.be\\\/fr\\\/\",\"logo\":{\"@type\":\"ImageObject\",\"inLanguage\":\"fr-FR\",\"@id\":\"https:\\\/\\\/districos.standingout.be\\\/fr\\\/#\\\/schema\\\/logo\\\/image\\\/\",\"url\":\"https:\\\/\\\/districos.standingout.be\\\/wp-content\\\/uploads\\\/2022\\\/09\\\/Districos_Logo_Webshop.svg\",\"contentUrl\":\"https:\\\/\\\/districos.standingout.be\\\/wp-content\\\/uploads\\\/2022\\\/09\\\/Districos_Logo_Webshop.svg\",\"caption\":\"Districos Webshop\"},\"image\":{\"@id\":\"https:\\\/\\\/districos.standingout.be\\\/fr\\\/#\\\/schema\\\/logo\\\/image\\\/\"}}]}<\/script>\n<!-- \/ Yoast SEO plugin. -->","yoast_head_json":{"title":"Cotons Carr\u00e9s sur Rouleau (2 x 500 pcs.) - Districos Webshop","robots":{"index":"noindex","follow":"follow","max-snippet":"max-snippet:-1","max-image-preview":"max-image-preview:large","max-video-preview":"max-video-preview:-1"},"og_locale":"fr_FR","og_type":"article","og_title":"Cotons Carr\u00e9s sur Rouleau (2 x 500 pcs.) - Districos Webshop","og_description":"Des cotons carr\u00e9s non pelucheux sur rouleau. Pr\u00e9perfor\u00e9s et donc tr\u00e8s faciles \u00e0 d\u00e9chirer. Ces cotons sont plac\u00e9s dans un distributeur pratique et transparent (r\u00e9f. 8846.11). Emballage : 2 x 500 cotons.","og_url":"https:\/\/districos.standingout.be\/fr\/product\/cotons-carres-sur-rouleau-2-x-500-pcs-ref-8846-01\/","og_site_name":"Districos Webshop","article_modified_time":"2026-04-28T10:46:51+00:00","twitter_card":"summary_large_image","schema":{"@context":"https:\/\/schema.org","@graph":[{"@type":"WebPage","@id":"https:\/\/districos.standingout.be\/fr\/product\/cotons-carres-sur-rouleau-2-x-500-pcs-ref-8846-01\/","url":"https:\/\/districos.standingout.be\/fr\/product\/cotons-carres-sur-rouleau-2-x-500-pcs-ref-8846-01\/","name":"Cotons Carr\u00e9s sur Rouleau (2 x 500 pcs.) - Districos Webshop","isPartOf":{"@id":"https:\/\/districos.standingout.be\/fr\/#website"},"primaryImageOfPage":{"@id":"https:\/\/districos.standingout.be\/fr\/product\/cotons-carres-sur-rouleau-2-x-500-pcs-ref-8846-01\/#primaryimage"},"image":{"@id":"https:\/\/districos.standingout.be\/fr\/product\/cotons-carres-sur-rouleau-2-x-500-pcs-ref-8846-01\/#primaryimage"},"thumbnailUrl":"https:\/\/districos.standingout.be\/wp-content\/uploads\/2025\/07\/8846.01@LowRes_1_0.png","datePublished":"2026-04-28T10:46:48+00:00","dateModified":"2026-04-28T10:46:51+00:00","breadcrumb":{"@id":"https:\/\/districos.standingout.be\/fr\/product\/cotons-carres-sur-rouleau-2-x-500-pcs-ref-8846-01\/#breadcrumb"},"inLanguage":"fr-FR","potentialAction":[{"@type":"ReadAction","target":["https:\/\/districos.standingout.be\/fr\/product\/cotons-carres-sur-rouleau-2-x-500-pcs-ref-8846-01\/"]}]},{"@type":"ImageObject","inLanguage":"fr-FR","@id":"https:\/\/districos.standingout.be\/fr\/product\/cotons-carres-sur-rouleau-2-x-500-pcs-ref-8846-01\/#primaryimage","url":"https:\/\/districos.standingout.be\/wp-content\/uploads\/2025\/07\/8846.01@LowRes_1_0.png","contentUrl":"https:\/\/districos.standingout.be\/wp-content\/uploads\/2025\/07\/8846.01@LowRes_1_0.png","width":600,"height":600},{"@type":"BreadcrumbList","@id":"https:\/\/districos.standingout.be\/fr\/product\/cotons-carres-sur-rouleau-2-x-500-pcs-ref-8846-01\/#breadcrumb","itemListElement":[{"@type":"ListItem","position":1,"name":"Home","item":"https:\/\/districos.standingout.be\/fr\/bienvenue-chez-districos\/"},{"@type":"ListItem","position":2,"name":"Boutique","item":"https:\/\/districos.standingout.be\/fr\/boutique\/"},{"@type":"ListItem","position":3,"name":"Cotons Carr\u00e9s sur Rouleau (2 x 500 pcs.)"}]},{"@type":"WebSite","@id":"https:\/\/districos.standingout.be\/fr\/#website","url":"https:\/\/districos.standingout.be\/fr\/","name":"Districos Webshop","description":"","publisher":{"@id":"https:\/\/districos.standingout.be\/fr\/#organization"},"potentialAction":[{"@type":"SearchAction","target":{"@type":"EntryPoint","urlTemplate":"https:\/\/districos.standingout.be\/fr\/?s={search_term_string}"},"query-input":{"@type":"PropertyValueSpecification","valueRequired":true,"valueName":"search_term_string"}}],"inLanguage":"fr-FR"},{"@type":"Organization","@id":"https:\/\/districos.standingout.be\/fr\/#organization","name":"Districos Webshop","url":"https:\/\/districos.standingout.be\/fr\/","logo":{"@type":"ImageObject","inLanguage":"fr-FR","@id":"https:\/\/districos.standingout.be\/fr\/#\/schema\/logo\/image\/","url":"https:\/\/districos.standingout.be\/wp-content\/uploads\/2022\/09\/Districos_Logo_Webshop.svg","contentUrl":"https:\/\/districos.standingout.be\/wp-content\/uploads\/2022\/09\/Districos_Logo_Webshop.svg","caption":"Districos Webshop"},"image":{"@id":"https:\/\/districos.standingout.be\/fr\/#\/schema\/logo\/image\/"}}]}},"_links":{"self":[{"href":"https:\/\/districos.standingout.be\/fr\/wp-json\/wp\/v2\/product\/141239","targetHints":{"allow":["GET"]}}],"collection":[{"href":"https:\/\/districos.standingout.be\/fr\/wp-json\/wp\/v2\/product"}],"about":[{"href":"https:\/\/districos.standingout.be\/fr\/wp-json\/wp\/v2\/types\/product"}],"replies":[{"embeddable":true,"href":"https:\/\/districos.standingout.be\/fr\/wp-json\/wp\/v2\/comments?post=141239"}],"wp:featuredmedia":[{"embeddable":true,"href":"https:\/\/districos.standingout.be\/fr\/wp-json\/wp\/v2\/media\/83675"}],"wp:attachment":[{"href":"https:\/\/districos.standingout.be\/fr\/wp-json\/wp\/v2\/media?parent=141239"}],"wp:term":[{"taxonomy":"product_brand","embeddable":true,"href":"https:\/\/districos.standingout.be\/fr\/wp-json\/wp\/v2\/product_brand?post=141239"},{"taxonomy":"product_cat","embeddable":true,"href":"https:\/\/districos.standingout.be\/fr\/wp-json\/wp\/v2\/product_cat?post=141239"},{"taxonomy":"product_tag","embeddable":true,"href":"https:\/\/districos.standingout.be\/fr\/wp-json\/wp\/v2\/product_tag?post=141239"}],"curies":[{"name":"wp","href":"https:\/\/api.w.org\/{rel}","templated":true}]}}