{"id":141413,"date":"2026-04-28T12:47:44","date_gmt":"2026-04-28T10:47:44","guid":{"rendered":"https:\/\/webshopdistricoscom.webhosting.be\/product\/cotons-carres-eco-8x10-cm-200-pcs-ref-8846-32\/"},"modified":"2026-04-28T12:47:46","modified_gmt":"2026-04-28T10:47:46","slug":"cotons-carres-eco-8x10-cm-200-pcs-ref-8846-32","status":"publish","type":"product","link":"https:\/\/districos.standingout.be\/fr\/product\/cotons-carres-eco-8x10-cm-200-pcs-ref-8846-32\/","title":{"rendered":"Cotons Carr\u00e9s \u00c9CO 8&#215;10 cm 200 pcs."},"content":{"rendered":"<p >\n<p><span lang=\"FR\">Pads en coton polyvalents sp\u00e9cifiquement con\u00e7us pour l\u2019hygi\u00e8ne corporelle et des applications dermatologiques. Id\u00e9als pour les soins cutan\u00e9s et le d\u00e9maquillage. Fabriqu\u00e9s en coton de qualit\u00e9 sup\u00e9rieure, d\u00e8s lors tr\u00e8s doux \u00e0 l\u2019emploi. Pr\u00e9d\u00e9coup\u00e9s en morceaux de 8 x 10 cm.<br \/><b>Soins cutan\u00e9s \/D\u00e9maquillage<\/b><o:p><\/o:p><\/span><\/p>\n<\/p>\n<ul>\n<li><span lang=\"FR\">Efficaces.<\/span><\/li>\n<li><span lang=\"FR\">Fortement absorbants.<\/span><\/li>\n<li><span lang=\"FR\">Pas d\u2019irritations cutan\u00e9es.<\/span><\/li>\n<li><span lang=\"FR\">100 % coton.<\/span><\/li>\n<li><span lang=\"FR\">Ne peluchent pas.<\/span><\/li>\n<li><span lang=\"FR\">Doux \u00e0 l&#8217;emploi.<\/span><\/li>\n<li><span lang=\"FR\">Emballage : sac de 200 pi\u00e8ces<\/span><\/li>\n<\/ul>\n<p><span lang=\"FR\"><b>\u00c9galement disponible :<\/b><o:p><\/o:p><\/span><\/p>\n<\/p>\n<ul>\n<li><span lang=\"FR\">Cotopads Cotons Carr\u00e9s 5 x 5 cm 500 pcs. (<a href=\"https:\/\/webshop.districos.com\/ProductDetail\/8846\" target=\"_blank\" rel=\"noopener noreferrer nofollow\">r\u00e9f. 8846<\/a>)<\/span><\/li>\n<li><span lang=\"FR\">Cotons Carr\u00e9s \u00c9co 5 x 5 cm 500 pcs. (<a href=\"https:\/\/webshop.districos.com\/ProductDetail\/8846.31\" target=\"_blank\" rel=\"noopener noreferrer nofollow\">r\u00e9f. 8846.31<\/a>)<\/span><\/li>\n<\/ul>\n","protected":false},"excerpt":{"rendered":"<p>Pads en coton polyvalents sp\u00e9cifiquement con\u00e7us pour l\u2019hygi\u00e8ne corporelle et des applications dermatologiques. Id\u00e9als pour les soins cutan\u00e9s et le d\u00e9maquillage. Fabriqu\u00e9s en coton de qualit\u00e9 sup\u00e9rieure, d\u00e8s lors tr\u00e8s doux \u00e0 l\u2019emploi. Pr\u00e9d\u00e9coup\u00e9s en morceaux de 8 x 10 cm.Soins cutan\u00e9s \/D\u00e9maquillage Efficaces. Fortement absorbants. Pas d\u2019irritations cutan\u00e9es. 100 % coton. Ne peluchent pas. [&hellip;]<\/p>\n","protected":false},"featured_media":148436,"comment_status":"open","ping_status":"closed","template":"","meta":{"_acf_changed":false},"product_brand":[10380],"product_cat":[9992,10146,10136],"product_tag":[],"class_list":{"0":"post-141413","1":"product","2":"type-product","3":"status-publish","4":"has-post-thumbnail","6":"product_brand-districos-fr","7":"product_cat-soins-des-pieds-podologie-desinfection-nettoyage-articles-jetables","8":"product_cat-hygiene-articles-jetables-articles-jetables-coton-cotons-tiges","9":"product_cat-hygiene-articles-jetables-hygiene-protection-equipements-de-protection-individuelle-epi","11":"first","12":"instock","13":"taxable","14":"shipping-taxable","15":"product-type-simple"},"acf":[],"yoast_head":"<!-- This site is optimized with the Yoast SEO plugin v27.3 - https:\/\/yoast.com\/product\/yoast-seo-wordpress\/ -->\n<title>Cotons Carr\u00e9s \u00c9CO 8x10 cm 200 pcs. - Districos Webshop<\/title>\n<meta name=\"robots\" content=\"noindex, follow, max-snippet:-1, max-image-preview:large, max-video-preview:-1\" \/>\n<meta property=\"og:locale\" content=\"fr_FR\" \/>\n<meta property=\"og:type\" content=\"article\" \/>\n<meta property=\"og:title\" content=\"Cotons Carr\u00e9s \u00c9CO 8x10 cm 200 pcs. - Districos Webshop\" \/>\n<meta property=\"og:description\" content=\"Pads en coton polyvalents sp\u00e9cifiquement con\u00e7us pour l\u2019hygi\u00e8ne corporelle et des applications dermatologiques. Id\u00e9als pour les soins cutan\u00e9s et le d\u00e9maquillage. Fabriqu\u00e9s en coton de qualit\u00e9 sup\u00e9rieure, d\u00e8s lors tr\u00e8s doux \u00e0 l\u2019emploi. Pr\u00e9d\u00e9coup\u00e9s en morceaux de 8 x 10 cm.Soins cutan\u00e9s \/D\u00e9maquillage Efficaces. Fortement absorbants. Pas d\u2019irritations cutan\u00e9es. 100 % coton. Ne peluchent pas. [&hellip;]\" \/>\n<meta property=\"og:url\" content=\"https:\/\/districos.standingout.be\/fr\/product\/cotons-carres-eco-8x10-cm-200-pcs-ref-8846-32\/\" \/>\n<meta property=\"og:site_name\" content=\"Districos Webshop\" \/>\n<meta property=\"article:modified_time\" content=\"2026-04-28T10:47:46+00:00\" \/>\n<meta name=\"twitter:card\" content=\"summary_large_image\" \/>\n<script type=\"application\/ld+json\" class=\"yoast-schema-graph\">{\"@context\":\"https:\\\/\\\/schema.org\",\"@graph\":[{\"@type\":\"WebPage\",\"@id\":\"https:\\\/\\\/districos.standingout.be\\\/fr\\\/product\\\/cotons-carres-eco-8x10-cm-200-pcs-ref-8846-32\\\/\",\"url\":\"https:\\\/\\\/districos.standingout.be\\\/fr\\\/product\\\/cotons-carres-eco-8x10-cm-200-pcs-ref-8846-32\\\/\",\"name\":\"Cotons Carr\u00e9s \u00c9CO 8x10 cm 200 pcs. - Districos Webshop\",\"isPartOf\":{\"@id\":\"https:\\\/\\\/districos.standingout.be\\\/fr\\\/#website\"},\"primaryImageOfPage\":{\"@id\":\"https:\\\/\\\/districos.standingout.be\\\/fr\\\/product\\\/cotons-carres-eco-8x10-cm-200-pcs-ref-8846-32\\\/#primaryimage\"},\"image\":{\"@id\":\"https:\\\/\\\/districos.standingout.be\\\/fr\\\/product\\\/cotons-carres-eco-8x10-cm-200-pcs-ref-8846-32\\\/#primaryimage\"},\"thumbnailUrl\":\"https:\\\/\\\/districos.standingout.be\\\/wp-content\\\/uploads\\\/2026\\\/04\\\/8846.32@Vierkante-Wattenschijfjes-ECO-8x10-cm-200-st._1-1.png\",\"datePublished\":\"2026-04-28T10:47:44+00:00\",\"dateModified\":\"2026-04-28T10:47:46+00:00\",\"breadcrumb\":{\"@id\":\"https:\\\/\\\/districos.standingout.be\\\/fr\\\/product\\\/cotons-carres-eco-8x10-cm-200-pcs-ref-8846-32\\\/#breadcrumb\"},\"inLanguage\":\"fr-FR\",\"potentialAction\":[{\"@type\":\"ReadAction\",\"target\":[\"https:\\\/\\\/districos.standingout.be\\\/fr\\\/product\\\/cotons-carres-eco-8x10-cm-200-pcs-ref-8846-32\\\/\"]}]},{\"@type\":\"ImageObject\",\"inLanguage\":\"fr-FR\",\"@id\":\"https:\\\/\\\/districos.standingout.be\\\/fr\\\/product\\\/cotons-carres-eco-8x10-cm-200-pcs-ref-8846-32\\\/#primaryimage\",\"url\":\"https:\\\/\\\/districos.standingout.be\\\/wp-content\\\/uploads\\\/2026\\\/04\\\/8846.32@Vierkante-Wattenschijfjes-ECO-8x10-cm-200-st._1-1.png\",\"contentUrl\":\"https:\\\/\\\/districos.standingout.be\\\/wp-content\\\/uploads\\\/2026\\\/04\\\/8846.32@Vierkante-Wattenschijfjes-ECO-8x10-cm-200-st._1-1.png\",\"width\":600,\"height\":600},{\"@type\":\"BreadcrumbList\",\"@id\":\"https:\\\/\\\/districos.standingout.be\\\/fr\\\/product\\\/cotons-carres-eco-8x10-cm-200-pcs-ref-8846-32\\\/#breadcrumb\",\"itemListElement\":[{\"@type\":\"ListItem\",\"position\":1,\"name\":\"Home\",\"item\":\"https:\\\/\\\/districos.standingout.be\\\/fr\\\/bienvenue-chez-districos\\\/\"},{\"@type\":\"ListItem\",\"position\":2,\"name\":\"Boutique\",\"item\":\"https:\\\/\\\/districos.standingout.be\\\/fr\\\/boutique\\\/\"},{\"@type\":\"ListItem\",\"position\":3,\"name\":\"Cotons Carr\u00e9s \u00c9CO 8&#215;10 cm 200 pcs.\"}]},{\"@type\":\"WebSite\",\"@id\":\"https:\\\/\\\/districos.standingout.be\\\/fr\\\/#website\",\"url\":\"https:\\\/\\\/districos.standingout.be\\\/fr\\\/\",\"name\":\"Districos Webshop\",\"description\":\"\",\"publisher\":{\"@id\":\"https:\\\/\\\/districos.standingout.be\\\/fr\\\/#organization\"},\"potentialAction\":[{\"@type\":\"SearchAction\",\"target\":{\"@type\":\"EntryPoint\",\"urlTemplate\":\"https:\\\/\\\/districos.standingout.be\\\/fr\\\/?s={search_term_string}\"},\"query-input\":{\"@type\":\"PropertyValueSpecification\",\"valueRequired\":true,\"valueName\":\"search_term_string\"}}],\"inLanguage\":\"fr-FR\"},{\"@type\":\"Organization\",\"@id\":\"https:\\\/\\\/districos.standingout.be\\\/fr\\\/#organization\",\"name\":\"Districos Webshop\",\"url\":\"https:\\\/\\\/districos.standingout.be\\\/fr\\\/\",\"logo\":{\"@type\":\"ImageObject\",\"inLanguage\":\"fr-FR\",\"@id\":\"https:\\\/\\\/districos.standingout.be\\\/fr\\\/#\\\/schema\\\/logo\\\/image\\\/\",\"url\":\"https:\\\/\\\/districos.standingout.be\\\/wp-content\\\/uploads\\\/2022\\\/09\\\/Districos_Logo_Webshop.svg\",\"contentUrl\":\"https:\\\/\\\/districos.standingout.be\\\/wp-content\\\/uploads\\\/2022\\\/09\\\/Districos_Logo_Webshop.svg\",\"caption\":\"Districos Webshop\"},\"image\":{\"@id\":\"https:\\\/\\\/districos.standingout.be\\\/fr\\\/#\\\/schema\\\/logo\\\/image\\\/\"}}]}<\/script>\n<!-- \/ Yoast SEO plugin. -->","yoast_head_json":{"title":"Cotons Carr\u00e9s \u00c9CO 8x10 cm 200 pcs. - Districos Webshop","robots":{"index":"noindex","follow":"follow","max-snippet":"max-snippet:-1","max-image-preview":"max-image-preview:large","max-video-preview":"max-video-preview:-1"},"og_locale":"fr_FR","og_type":"article","og_title":"Cotons Carr\u00e9s \u00c9CO 8x10 cm 200 pcs. - Districos Webshop","og_description":"Pads en coton polyvalents sp\u00e9cifiquement con\u00e7us pour l\u2019hygi\u00e8ne corporelle et des applications dermatologiques. Id\u00e9als pour les soins cutan\u00e9s et le d\u00e9maquillage. Fabriqu\u00e9s en coton de qualit\u00e9 sup\u00e9rieure, d\u00e8s lors tr\u00e8s doux \u00e0 l\u2019emploi. Pr\u00e9d\u00e9coup\u00e9s en morceaux de 8 x 10 cm.Soins cutan\u00e9s \/D\u00e9maquillage Efficaces. Fortement absorbants. Pas d\u2019irritations cutan\u00e9es. 100 % coton. Ne peluchent pas. [&hellip;]","og_url":"https:\/\/districos.standingout.be\/fr\/product\/cotons-carres-eco-8x10-cm-200-pcs-ref-8846-32\/","og_site_name":"Districos Webshop","article_modified_time":"2026-04-28T10:47:46+00:00","twitter_card":"summary_large_image","schema":{"@context":"https:\/\/schema.org","@graph":[{"@type":"WebPage","@id":"https:\/\/districos.standingout.be\/fr\/product\/cotons-carres-eco-8x10-cm-200-pcs-ref-8846-32\/","url":"https:\/\/districos.standingout.be\/fr\/product\/cotons-carres-eco-8x10-cm-200-pcs-ref-8846-32\/","name":"Cotons Carr\u00e9s \u00c9CO 8x10 cm 200 pcs. - Districos Webshop","isPartOf":{"@id":"https:\/\/districos.standingout.be\/fr\/#website"},"primaryImageOfPage":{"@id":"https:\/\/districos.standingout.be\/fr\/product\/cotons-carres-eco-8x10-cm-200-pcs-ref-8846-32\/#primaryimage"},"image":{"@id":"https:\/\/districos.standingout.be\/fr\/product\/cotons-carres-eco-8x10-cm-200-pcs-ref-8846-32\/#primaryimage"},"thumbnailUrl":"https:\/\/districos.standingout.be\/wp-content\/uploads\/2026\/04\/8846.32@Vierkante-Wattenschijfjes-ECO-8x10-cm-200-st._1-1.png","datePublished":"2026-04-28T10:47:44+00:00","dateModified":"2026-04-28T10:47:46+00:00","breadcrumb":{"@id":"https:\/\/districos.standingout.be\/fr\/product\/cotons-carres-eco-8x10-cm-200-pcs-ref-8846-32\/#breadcrumb"},"inLanguage":"fr-FR","potentialAction":[{"@type":"ReadAction","target":["https:\/\/districos.standingout.be\/fr\/product\/cotons-carres-eco-8x10-cm-200-pcs-ref-8846-32\/"]}]},{"@type":"ImageObject","inLanguage":"fr-FR","@id":"https:\/\/districos.standingout.be\/fr\/product\/cotons-carres-eco-8x10-cm-200-pcs-ref-8846-32\/#primaryimage","url":"https:\/\/districos.standingout.be\/wp-content\/uploads\/2026\/04\/8846.32@Vierkante-Wattenschijfjes-ECO-8x10-cm-200-st._1-1.png","contentUrl":"https:\/\/districos.standingout.be\/wp-content\/uploads\/2026\/04\/8846.32@Vierkante-Wattenschijfjes-ECO-8x10-cm-200-st._1-1.png","width":600,"height":600},{"@type":"BreadcrumbList","@id":"https:\/\/districos.standingout.be\/fr\/product\/cotons-carres-eco-8x10-cm-200-pcs-ref-8846-32\/#breadcrumb","itemListElement":[{"@type":"ListItem","position":1,"name":"Home","item":"https:\/\/districos.standingout.be\/fr\/bienvenue-chez-districos\/"},{"@type":"ListItem","position":2,"name":"Boutique","item":"https:\/\/districos.standingout.be\/fr\/boutique\/"},{"@type":"ListItem","position":3,"name":"Cotons Carr\u00e9s \u00c9CO 8&#215;10 cm 200 pcs."}]},{"@type":"WebSite","@id":"https:\/\/districos.standingout.be\/fr\/#website","url":"https:\/\/districos.standingout.be\/fr\/","name":"Districos Webshop","description":"","publisher":{"@id":"https:\/\/districos.standingout.be\/fr\/#organization"},"potentialAction":[{"@type":"SearchAction","target":{"@type":"EntryPoint","urlTemplate":"https:\/\/districos.standingout.be\/fr\/?s={search_term_string}"},"query-input":{"@type":"PropertyValueSpecification","valueRequired":true,"valueName":"search_term_string"}}],"inLanguage":"fr-FR"},{"@type":"Organization","@id":"https:\/\/districos.standingout.be\/fr\/#organization","name":"Districos Webshop","url":"https:\/\/districos.standingout.be\/fr\/","logo":{"@type":"ImageObject","inLanguage":"fr-FR","@id":"https:\/\/districos.standingout.be\/fr\/#\/schema\/logo\/image\/","url":"https:\/\/districos.standingout.be\/wp-content\/uploads\/2022\/09\/Districos_Logo_Webshop.svg","contentUrl":"https:\/\/districos.standingout.be\/wp-content\/uploads\/2022\/09\/Districos_Logo_Webshop.svg","caption":"Districos Webshop"},"image":{"@id":"https:\/\/districos.standingout.be\/fr\/#\/schema\/logo\/image\/"}}]}},"_links":{"self":[{"href":"https:\/\/districos.standingout.be\/fr\/wp-json\/wp\/v2\/product\/141413","targetHints":{"allow":["GET"]}}],"collection":[{"href":"https:\/\/districos.standingout.be\/fr\/wp-json\/wp\/v2\/product"}],"about":[{"href":"https:\/\/districos.standingout.be\/fr\/wp-json\/wp\/v2\/types\/product"}],"replies":[{"embeddable":true,"href":"https:\/\/districos.standingout.be\/fr\/wp-json\/wp\/v2\/comments?post=141413"}],"wp:featuredmedia":[{"embeddable":true,"href":"https:\/\/districos.standingout.be\/fr\/wp-json\/wp\/v2\/media\/148436"}],"wp:attachment":[{"href":"https:\/\/districos.standingout.be\/fr\/wp-json\/wp\/v2\/media?parent=141413"}],"wp:term":[{"taxonomy":"product_brand","embeddable":true,"href":"https:\/\/districos.standingout.be\/fr\/wp-json\/wp\/v2\/product_brand?post=141413"},{"taxonomy":"product_cat","embeddable":true,"href":"https:\/\/districos.standingout.be\/fr\/wp-json\/wp\/v2\/product_cat?post=141413"},{"taxonomy":"product_tag","embeddable":true,"href":"https:\/\/districos.standingout.be\/fr\/wp-json\/wp\/v2\/product_tag?post=141413"}],"curies":[{"name":"wp","href":"https:\/\/api.w.org\/{rel}","templated":true}]}}