{"id":141415,"date":"2026-04-28T12:47:47","date_gmt":"2026-04-28T10:47:47","guid":{"rendered":"https:\/\/webshopdistricoscom.webhosting.be\/product\/hygoclean-gants-vinyle-transparent-m-100-pcs-ref-8847-01\/"},"modified":"2026-04-28T12:47:50","modified_gmt":"2026-04-28T10:47:50","slug":"hygoclean-gants-vinyle-transparent-m-100-pcs-ref-8847-01","status":"publish","type":"product","link":"https:\/\/districos.standingout.be\/fr\/product\/hygoclean-gants-vinyle-transparent-m-100-pcs-ref-8847-01\/","title":{"rendered":"Hygoclean Gants Vinyle Transparent M 100 pcs."},"content":{"rendered":"<p >\n<p dir=ltr>Ces gants vous pr\u00e9servent vous ainsi que votre client\u00e8le des infections et prot\u00e8gent vos ongles vernis. Fabriqu\u00e9s en PVC. Excellente alternative pour les personnes allergiques au latex. Non poudr\u00e9s. Disponibles en S et M. Couleur : blanc. <\/p>\n<p> Taille : m\u00e9dium<br \/> Couleur : blanc<br \/> Mati\u00e8re : PVC<br \/> Emballage : bo\u00eete de 100 pcs.<\/p>\n<p> Disponible en small et m\u00e9dium (R\u00e9f. : resp. 8847,02-01)<\/p>\n<p> Gants en vinyle S\/M 100 pcs., REF 8847.01<\/p><\/p>\n","protected":false},"excerpt":{"rendered":"<p>Ces gants vous pr\u00e9servent vous ainsi que votre client\u00e8le des infections et prot\u00e8gent vos ongles vernis. Fabriqu\u00e9s en PVC. Excellente alternative pour les personnes allergiques au latex. Non poudr\u00e9s. Disponibles en S et M. Couleur : blanc. Taille : m\u00e9dium Couleur : blanc Mati\u00e8re : PVC Emballage : bo\u00eete de 100 pcs. Disponible en small [&hellip;]<\/p>\n","protected":false},"featured_media":83708,"comment_status":"open","ping_status":"closed","template":"","meta":{"_acf_changed":false},"product_brand":[10380],"product_cat":[9992,10136,10148],"product_tag":[],"class_list":{"0":"post-141415","1":"product","2":"type-product","3":"status-publish","4":"has-post-thumbnail","6":"product_brand-districos-fr","7":"product_cat-soins-des-pieds-podologie-desinfection-nettoyage-articles-jetables","8":"product_cat-hygiene-articles-jetables-hygiene-protection-equipements-de-protection-individuelle-epi","9":"product_cat-hygiene-articles-jetables-articles-jetables-gants","11":"first","12":"instock","13":"taxable","14":"shipping-taxable","15":"product-type-simple"},"acf":[],"yoast_head":"<!-- This site is optimized with the Yoast SEO plugin v27.3 - https:\/\/yoast.com\/product\/yoast-seo-wordpress\/ -->\n<title>Hygoclean Gants Vinyle Transparent M 100 pcs. - Districos Webshop<\/title>\n<meta name=\"robots\" content=\"noindex, follow, max-snippet:-1, max-image-preview:large, max-video-preview:-1\" \/>\n<meta property=\"og:locale\" content=\"fr_FR\" \/>\n<meta property=\"og:type\" content=\"article\" \/>\n<meta property=\"og:title\" content=\"Hygoclean Gants Vinyle Transparent M 100 pcs. - Districos Webshop\" \/>\n<meta property=\"og:description\" content=\"Ces gants vous pr\u00e9servent vous ainsi que votre client\u00e8le des infections et prot\u00e8gent vos ongles vernis. Fabriqu\u00e9s en PVC. Excellente alternative pour les personnes allergiques au latex. Non poudr\u00e9s. Disponibles en S et M. Couleur : blanc. Taille : m\u00e9dium Couleur : blanc Mati\u00e8re : PVC Emballage : bo\u00eete de 100 pcs. Disponible en small [&hellip;]\" \/>\n<meta property=\"og:url\" content=\"https:\/\/districos.standingout.be\/fr\/product\/hygoclean-gants-vinyle-transparent-m-100-pcs-ref-8847-01\/\" \/>\n<meta property=\"og:site_name\" content=\"Districos Webshop\" \/>\n<meta property=\"article:modified_time\" content=\"2026-04-28T10:47:50+00:00\" \/>\n<meta name=\"twitter:card\" content=\"summary_large_image\" \/>\n<script type=\"application\/ld+json\" class=\"yoast-schema-graph\">{\"@context\":\"https:\\\/\\\/schema.org\",\"@graph\":[{\"@type\":\"WebPage\",\"@id\":\"https:\\\/\\\/districos.standingout.be\\\/fr\\\/product\\\/hygoclean-gants-vinyle-transparent-m-100-pcs-ref-8847-01\\\/\",\"url\":\"https:\\\/\\\/districos.standingout.be\\\/fr\\\/product\\\/hygoclean-gants-vinyle-transparent-m-100-pcs-ref-8847-01\\\/\",\"name\":\"Hygoclean Gants Vinyle Transparent M 100 pcs. - Districos Webshop\",\"isPartOf\":{\"@id\":\"https:\\\/\\\/districos.standingout.be\\\/fr\\\/#website\"},\"primaryImageOfPage\":{\"@id\":\"https:\\\/\\\/districos.standingout.be\\\/fr\\\/product\\\/hygoclean-gants-vinyle-transparent-m-100-pcs-ref-8847-01\\\/#primaryimage\"},\"image\":{\"@id\":\"https:\\\/\\\/districos.standingout.be\\\/fr\\\/product\\\/hygoclean-gants-vinyle-transparent-m-100-pcs-ref-8847-01\\\/#primaryimage\"},\"thumbnailUrl\":\"https:\\\/\\\/districos.standingout.be\\\/wp-content\\\/uploads\\\/2025\\\/07\\\/8847.01@LowRes_1_0.png\",\"datePublished\":\"2026-04-28T10:47:47+00:00\",\"dateModified\":\"2026-04-28T10:47:50+00:00\",\"breadcrumb\":{\"@id\":\"https:\\\/\\\/districos.standingout.be\\\/fr\\\/product\\\/hygoclean-gants-vinyle-transparent-m-100-pcs-ref-8847-01\\\/#breadcrumb\"},\"inLanguage\":\"fr-FR\",\"potentialAction\":[{\"@type\":\"ReadAction\",\"target\":[\"https:\\\/\\\/districos.standingout.be\\\/fr\\\/product\\\/hygoclean-gants-vinyle-transparent-m-100-pcs-ref-8847-01\\\/\"]}]},{\"@type\":\"ImageObject\",\"inLanguage\":\"fr-FR\",\"@id\":\"https:\\\/\\\/districos.standingout.be\\\/fr\\\/product\\\/hygoclean-gants-vinyle-transparent-m-100-pcs-ref-8847-01\\\/#primaryimage\",\"url\":\"https:\\\/\\\/districos.standingout.be\\\/wp-content\\\/uploads\\\/2025\\\/07\\\/8847.01@LowRes_1_0.png\",\"contentUrl\":\"https:\\\/\\\/districos.standingout.be\\\/wp-content\\\/uploads\\\/2025\\\/07\\\/8847.01@LowRes_1_0.png\",\"width\":600,\"height\":600},{\"@type\":\"BreadcrumbList\",\"@id\":\"https:\\\/\\\/districos.standingout.be\\\/fr\\\/product\\\/hygoclean-gants-vinyle-transparent-m-100-pcs-ref-8847-01\\\/#breadcrumb\",\"itemListElement\":[{\"@type\":\"ListItem\",\"position\":1,\"name\":\"Home\",\"item\":\"https:\\\/\\\/districos.standingout.be\\\/fr\\\/bienvenue-chez-districos\\\/\"},{\"@type\":\"ListItem\",\"position\":2,\"name\":\"Boutique\",\"item\":\"https:\\\/\\\/districos.standingout.be\\\/fr\\\/boutique\\\/\"},{\"@type\":\"ListItem\",\"position\":3,\"name\":\"Hygoclean Gants Vinyle Transparent M 100 pcs.\"}]},{\"@type\":\"WebSite\",\"@id\":\"https:\\\/\\\/districos.standingout.be\\\/fr\\\/#website\",\"url\":\"https:\\\/\\\/districos.standingout.be\\\/fr\\\/\",\"name\":\"Districos Webshop\",\"description\":\"\",\"publisher\":{\"@id\":\"https:\\\/\\\/districos.standingout.be\\\/fr\\\/#organization\"},\"potentialAction\":[{\"@type\":\"SearchAction\",\"target\":{\"@type\":\"EntryPoint\",\"urlTemplate\":\"https:\\\/\\\/districos.standingout.be\\\/fr\\\/?s={search_term_string}\"},\"query-input\":{\"@type\":\"PropertyValueSpecification\",\"valueRequired\":true,\"valueName\":\"search_term_string\"}}],\"inLanguage\":\"fr-FR\"},{\"@type\":\"Organization\",\"@id\":\"https:\\\/\\\/districos.standingout.be\\\/fr\\\/#organization\",\"name\":\"Districos Webshop\",\"url\":\"https:\\\/\\\/districos.standingout.be\\\/fr\\\/\",\"logo\":{\"@type\":\"ImageObject\",\"inLanguage\":\"fr-FR\",\"@id\":\"https:\\\/\\\/districos.standingout.be\\\/fr\\\/#\\\/schema\\\/logo\\\/image\\\/\",\"url\":\"https:\\\/\\\/districos.standingout.be\\\/wp-content\\\/uploads\\\/2022\\\/09\\\/Districos_Logo_Webshop.svg\",\"contentUrl\":\"https:\\\/\\\/districos.standingout.be\\\/wp-content\\\/uploads\\\/2022\\\/09\\\/Districos_Logo_Webshop.svg\",\"caption\":\"Districos Webshop\"},\"image\":{\"@id\":\"https:\\\/\\\/districos.standingout.be\\\/fr\\\/#\\\/schema\\\/logo\\\/image\\\/\"}}]}<\/script>\n<!-- \/ Yoast SEO plugin. -->","yoast_head_json":{"title":"Hygoclean Gants Vinyle Transparent M 100 pcs. - Districos Webshop","robots":{"index":"noindex","follow":"follow","max-snippet":"max-snippet:-1","max-image-preview":"max-image-preview:large","max-video-preview":"max-video-preview:-1"},"og_locale":"fr_FR","og_type":"article","og_title":"Hygoclean Gants Vinyle Transparent M 100 pcs. - Districos Webshop","og_description":"Ces gants vous pr\u00e9servent vous ainsi que votre client\u00e8le des infections et prot\u00e8gent vos ongles vernis. Fabriqu\u00e9s en PVC. Excellente alternative pour les personnes allergiques au latex. Non poudr\u00e9s. Disponibles en S et M. Couleur : blanc. Taille : m\u00e9dium Couleur : blanc Mati\u00e8re : PVC Emballage : bo\u00eete de 100 pcs. Disponible en small [&hellip;]","og_url":"https:\/\/districos.standingout.be\/fr\/product\/hygoclean-gants-vinyle-transparent-m-100-pcs-ref-8847-01\/","og_site_name":"Districos Webshop","article_modified_time":"2026-04-28T10:47:50+00:00","twitter_card":"summary_large_image","schema":{"@context":"https:\/\/schema.org","@graph":[{"@type":"WebPage","@id":"https:\/\/districos.standingout.be\/fr\/product\/hygoclean-gants-vinyle-transparent-m-100-pcs-ref-8847-01\/","url":"https:\/\/districos.standingout.be\/fr\/product\/hygoclean-gants-vinyle-transparent-m-100-pcs-ref-8847-01\/","name":"Hygoclean Gants Vinyle Transparent M 100 pcs. - Districos Webshop","isPartOf":{"@id":"https:\/\/districos.standingout.be\/fr\/#website"},"primaryImageOfPage":{"@id":"https:\/\/districos.standingout.be\/fr\/product\/hygoclean-gants-vinyle-transparent-m-100-pcs-ref-8847-01\/#primaryimage"},"image":{"@id":"https:\/\/districos.standingout.be\/fr\/product\/hygoclean-gants-vinyle-transparent-m-100-pcs-ref-8847-01\/#primaryimage"},"thumbnailUrl":"https:\/\/districos.standingout.be\/wp-content\/uploads\/2025\/07\/8847.01@LowRes_1_0.png","datePublished":"2026-04-28T10:47:47+00:00","dateModified":"2026-04-28T10:47:50+00:00","breadcrumb":{"@id":"https:\/\/districos.standingout.be\/fr\/product\/hygoclean-gants-vinyle-transparent-m-100-pcs-ref-8847-01\/#breadcrumb"},"inLanguage":"fr-FR","potentialAction":[{"@type":"ReadAction","target":["https:\/\/districos.standingout.be\/fr\/product\/hygoclean-gants-vinyle-transparent-m-100-pcs-ref-8847-01\/"]}]},{"@type":"ImageObject","inLanguage":"fr-FR","@id":"https:\/\/districos.standingout.be\/fr\/product\/hygoclean-gants-vinyle-transparent-m-100-pcs-ref-8847-01\/#primaryimage","url":"https:\/\/districos.standingout.be\/wp-content\/uploads\/2025\/07\/8847.01@LowRes_1_0.png","contentUrl":"https:\/\/districos.standingout.be\/wp-content\/uploads\/2025\/07\/8847.01@LowRes_1_0.png","width":600,"height":600},{"@type":"BreadcrumbList","@id":"https:\/\/districos.standingout.be\/fr\/product\/hygoclean-gants-vinyle-transparent-m-100-pcs-ref-8847-01\/#breadcrumb","itemListElement":[{"@type":"ListItem","position":1,"name":"Home","item":"https:\/\/districos.standingout.be\/fr\/bienvenue-chez-districos\/"},{"@type":"ListItem","position":2,"name":"Boutique","item":"https:\/\/districos.standingout.be\/fr\/boutique\/"},{"@type":"ListItem","position":3,"name":"Hygoclean Gants Vinyle Transparent M 100 pcs."}]},{"@type":"WebSite","@id":"https:\/\/districos.standingout.be\/fr\/#website","url":"https:\/\/districos.standingout.be\/fr\/","name":"Districos Webshop","description":"","publisher":{"@id":"https:\/\/districos.standingout.be\/fr\/#organization"},"potentialAction":[{"@type":"SearchAction","target":{"@type":"EntryPoint","urlTemplate":"https:\/\/districos.standingout.be\/fr\/?s={search_term_string}"},"query-input":{"@type":"PropertyValueSpecification","valueRequired":true,"valueName":"search_term_string"}}],"inLanguage":"fr-FR"},{"@type":"Organization","@id":"https:\/\/districos.standingout.be\/fr\/#organization","name":"Districos Webshop","url":"https:\/\/districos.standingout.be\/fr\/","logo":{"@type":"ImageObject","inLanguage":"fr-FR","@id":"https:\/\/districos.standingout.be\/fr\/#\/schema\/logo\/image\/","url":"https:\/\/districos.standingout.be\/wp-content\/uploads\/2022\/09\/Districos_Logo_Webshop.svg","contentUrl":"https:\/\/districos.standingout.be\/wp-content\/uploads\/2022\/09\/Districos_Logo_Webshop.svg","caption":"Districos Webshop"},"image":{"@id":"https:\/\/districos.standingout.be\/fr\/#\/schema\/logo\/image\/"}}]}},"_links":{"self":[{"href":"https:\/\/districos.standingout.be\/fr\/wp-json\/wp\/v2\/product\/141415","targetHints":{"allow":["GET"]}}],"collection":[{"href":"https:\/\/districos.standingout.be\/fr\/wp-json\/wp\/v2\/product"}],"about":[{"href":"https:\/\/districos.standingout.be\/fr\/wp-json\/wp\/v2\/types\/product"}],"replies":[{"embeddable":true,"href":"https:\/\/districos.standingout.be\/fr\/wp-json\/wp\/v2\/comments?post=141415"}],"wp:featuredmedia":[{"embeddable":true,"href":"https:\/\/districos.standingout.be\/fr\/wp-json\/wp\/v2\/media\/83708"}],"wp:attachment":[{"href":"https:\/\/districos.standingout.be\/fr\/wp-json\/wp\/v2\/media?parent=141415"}],"wp:term":[{"taxonomy":"product_brand","embeddable":true,"href":"https:\/\/districos.standingout.be\/fr\/wp-json\/wp\/v2\/product_brand?post=141415"},{"taxonomy":"product_cat","embeddable":true,"href":"https:\/\/districos.standingout.be\/fr\/wp-json\/wp\/v2\/product_cat?post=141415"},{"taxonomy":"product_tag","embeddable":true,"href":"https:\/\/districos.standingout.be\/fr\/wp-json\/wp\/v2\/product_tag?post=141415"}],"curies":[{"name":"wp","href":"https:\/\/api.w.org\/{rel}","templated":true}]}}