{"id":141419,"date":"2026-04-28T12:47:54","date_gmt":"2026-04-28T10:47:54","guid":{"rendered":"https:\/\/webshopdistricoscom.webhosting.be\/product\/cobra-beauty-blender-goutte-ref-8849-01\/"},"modified":"2026-04-28T12:47:56","modified_gmt":"2026-04-28T10:47:56","slug":"cobra-beauty-blender-goutte-ref-8849-01","status":"publish","type":"product","link":"https:\/\/districos.standingout.be\/fr\/product\/cobra-beauty-blender-goutte-ref-8849-01\/","title":{"rendered":"Cobra Beauty Blender Goutte"},"content":{"rendered":"<p >\n<\/p>\n<\/p>\n<\/p>\n<p dir=\"ltr\"><b>La mani\u00e8re id\u00e9ale de fondre du maquillage !<\/b><br \/> \u00c9ponge ultra douce et glissante pour appliquer de mani\u00e8re uniforme le maquillage. <\/p>\n<ul>\n<li>Peut \u00eatre utilis\u00e9e s\u00e8che ou humidifi\u00e9e.<\/li>\n<li>Adapt\u00e9e \u00e0 tous les types de peaux.<\/li>\n<li>Lavable et donc r\u00e9utilisable.<\/li>\n<li><span>\u00c9cologique et non test\u00e9e sur les animaux.<\/span><\/li>\n<li>Application du maquillage souple et uniforme.<\/li>\n<li>Sans latex.<\/li>\n<li>Convient pour l&rsquo;appliaction du maquillage en poudre ou liquide.<\/li>\n<li>Forme : goutte.<\/li>\n<li>Emballage : 1 pi\u00e8ce.<\/li>\n<\/ul>\n<div>En cas d&rsquo;utilisation humide, le Beauty Blender devient 2 fois plus gros, vous gaspillez moins de produit, vous appliquez le maquillage sans traces et vous obtenez une application \u00e9gale et uniforme.<\/div>\n<div><\/div>\n<div>\n<div><b>Aussi disponible<\/b><\/div>\n<div>\n<ul>\n<li>Beauty Blender Courge (<u><a href=\"https:\/\/districos.com\/ProductDetail\/8849.02\" target=\"_blank\" rel=\"noopener noreferrer nofollow\">r\u00e9f. 8849.02<\/a><\/u>)<\/li>\n<li>Pr\u00e9sentoir contenant 12 Beauty Blenders (6 x Goutte et 6 x Courge) (<u><a href=\"https:\/\/districos.com\/ProductDetail\/8849.03\" target=\"_blank\" rel=\"noopener noreferrer nofollow\">r\u00e9f. 8849.03<\/a><\/u>)<\/li>\n<\/ul>\n<\/div>\n<\/div>\n<ul><\/ul><\/p>\n","protected":false},"excerpt":{"rendered":"<p>La mani\u00e8re id\u00e9ale de fondre du maquillage ! \u00c9ponge ultra douce et glissante pour appliquer de mani\u00e8re uniforme le maquillage. Peut \u00eatre utilis\u00e9e s\u00e8che ou humidifi\u00e9e. Adapt\u00e9e \u00e0 tous les types de peaux. Lavable et donc r\u00e9utilisable. \u00c9cologique et non test\u00e9e sur les animaux. Application du maquillage souple et uniforme. Sans latex. Convient pour l&rsquo;appliaction [&hellip;]<\/p>\n","protected":false},"featured_media":112676,"comment_status":"open","ping_status":"closed","template":"","meta":{"_acf_changed":false},"product_brand":[10334],"product_cat":[9864,9972,10168,10616],"product_tag":[],"class_list":{"0":"post-141419","1":"product","2":"type-product","3":"status-publish","4":"has-post-thumbnail","6":"product_brand-cobra-fr","7":"product_cat-beaute-visage-accessoires","8":"product_cat-beaute-materiel-pratique-accessoires","9":"product_cat-fournitures-pour-cabinet-accessoires-accessoires-visage","10":"product_cat-fournitures-pour-cabinet-instruments-visage","12":"first","13":"instock","14":"taxable","15":"shipping-taxable","16":"product-type-simple"},"acf":[],"yoast_head":"<!-- This site is optimized with the Yoast SEO plugin v27.3 - https:\/\/yoast.com\/product\/yoast-seo-wordpress\/ -->\n<title>Cobra Beauty Blender Goutte - Districos Webshop<\/title>\n<meta name=\"robots\" content=\"noindex, follow, max-snippet:-1, max-image-preview:large, max-video-preview:-1\" \/>\n<meta property=\"og:locale\" content=\"fr_FR\" \/>\n<meta property=\"og:type\" content=\"article\" \/>\n<meta property=\"og:title\" content=\"Cobra Beauty Blender Goutte - Districos Webshop\" \/>\n<meta property=\"og:description\" content=\"La mani\u00e8re id\u00e9ale de fondre du maquillage ! \u00c9ponge ultra douce et glissante pour appliquer de mani\u00e8re uniforme le maquillage. Peut \u00eatre utilis\u00e9e s\u00e8che ou humidifi\u00e9e. Adapt\u00e9e \u00e0 tous les types de peaux. Lavable et donc r\u00e9utilisable. \u00c9cologique et non test\u00e9e sur les animaux. Application du maquillage souple et uniforme. Sans latex. Convient pour l&rsquo;appliaction [&hellip;]\" \/>\n<meta property=\"og:url\" content=\"https:\/\/districos.standingout.be\/fr\/product\/cobra-beauty-blender-goutte-ref-8849-01\/\" \/>\n<meta property=\"og:site_name\" content=\"Districos Webshop\" \/>\n<meta property=\"article:modified_time\" content=\"2026-04-28T10:47:56+00:00\" \/>\n<meta name=\"twitter:card\" content=\"summary_large_image\" \/>\n<meta name=\"twitter:label1\" content=\"Dur\u00e9e de lecture estim\u00e9e\" \/>\n\t<meta name=\"twitter:data1\" content=\"1 minute\" \/>\n<script type=\"application\/ld+json\" class=\"yoast-schema-graph\">{\"@context\":\"https:\\\/\\\/schema.org\",\"@graph\":[{\"@type\":\"WebPage\",\"@id\":\"https:\\\/\\\/districos.standingout.be\\\/fr\\\/product\\\/cobra-beauty-blender-goutte-ref-8849-01\\\/\",\"url\":\"https:\\\/\\\/districos.standingout.be\\\/fr\\\/product\\\/cobra-beauty-blender-goutte-ref-8849-01\\\/\",\"name\":\"Cobra Beauty Blender Goutte - Districos Webshop\",\"isPartOf\":{\"@id\":\"https:\\\/\\\/districos.standingout.be\\\/fr\\\/#website\"},\"primaryImageOfPage\":{\"@id\":\"https:\\\/\\\/districos.standingout.be\\\/fr\\\/product\\\/cobra-beauty-blender-goutte-ref-8849-01\\\/#primaryimage\"},\"image\":{\"@id\":\"https:\\\/\\\/districos.standingout.be\\\/fr\\\/product\\\/cobra-beauty-blender-goutte-ref-8849-01\\\/#primaryimage\"},\"thumbnailUrl\":\"https:\\\/\\\/districos.standingout.be\\\/wp-content\\\/uploads\\\/2026\\\/03\\\/8849.01@LowRes_1_0.png\",\"datePublished\":\"2026-04-28T10:47:54+00:00\",\"dateModified\":\"2026-04-28T10:47:56+00:00\",\"breadcrumb\":{\"@id\":\"https:\\\/\\\/districos.standingout.be\\\/fr\\\/product\\\/cobra-beauty-blender-goutte-ref-8849-01\\\/#breadcrumb\"},\"inLanguage\":\"fr-FR\",\"potentialAction\":[{\"@type\":\"ReadAction\",\"target\":[\"https:\\\/\\\/districos.standingout.be\\\/fr\\\/product\\\/cobra-beauty-blender-goutte-ref-8849-01\\\/\"]}]},{\"@type\":\"ImageObject\",\"inLanguage\":\"fr-FR\",\"@id\":\"https:\\\/\\\/districos.standingout.be\\\/fr\\\/product\\\/cobra-beauty-blender-goutte-ref-8849-01\\\/#primaryimage\",\"url\":\"https:\\\/\\\/districos.standingout.be\\\/wp-content\\\/uploads\\\/2026\\\/03\\\/8849.01@LowRes_1_0.png\",\"contentUrl\":\"https:\\\/\\\/districos.standingout.be\\\/wp-content\\\/uploads\\\/2026\\\/03\\\/8849.01@LowRes_1_0.png\",\"width\":600,\"height\":600},{\"@type\":\"BreadcrumbList\",\"@id\":\"https:\\\/\\\/districos.standingout.be\\\/fr\\\/product\\\/cobra-beauty-blender-goutte-ref-8849-01\\\/#breadcrumb\",\"itemListElement\":[{\"@type\":\"ListItem\",\"position\":1,\"name\":\"Home\",\"item\":\"https:\\\/\\\/districos.standingout.be\\\/fr\\\/bienvenue-chez-districos\\\/\"},{\"@type\":\"ListItem\",\"position\":2,\"name\":\"Boutique\",\"item\":\"https:\\\/\\\/districos.standingout.be\\\/fr\\\/boutique\\\/\"},{\"@type\":\"ListItem\",\"position\":3,\"name\":\"Cobra Beauty Blender Goutte\"}]},{\"@type\":\"WebSite\",\"@id\":\"https:\\\/\\\/districos.standingout.be\\\/fr\\\/#website\",\"url\":\"https:\\\/\\\/districos.standingout.be\\\/fr\\\/\",\"name\":\"Districos Webshop\",\"description\":\"\",\"publisher\":{\"@id\":\"https:\\\/\\\/districos.standingout.be\\\/fr\\\/#organization\"},\"potentialAction\":[{\"@type\":\"SearchAction\",\"target\":{\"@type\":\"EntryPoint\",\"urlTemplate\":\"https:\\\/\\\/districos.standingout.be\\\/fr\\\/?s={search_term_string}\"},\"query-input\":{\"@type\":\"PropertyValueSpecification\",\"valueRequired\":true,\"valueName\":\"search_term_string\"}}],\"inLanguage\":\"fr-FR\"},{\"@type\":\"Organization\",\"@id\":\"https:\\\/\\\/districos.standingout.be\\\/fr\\\/#organization\",\"name\":\"Districos Webshop\",\"url\":\"https:\\\/\\\/districos.standingout.be\\\/fr\\\/\",\"logo\":{\"@type\":\"ImageObject\",\"inLanguage\":\"fr-FR\",\"@id\":\"https:\\\/\\\/districos.standingout.be\\\/fr\\\/#\\\/schema\\\/logo\\\/image\\\/\",\"url\":\"https:\\\/\\\/districos.standingout.be\\\/wp-content\\\/uploads\\\/2022\\\/09\\\/Districos_Logo_Webshop.svg\",\"contentUrl\":\"https:\\\/\\\/districos.standingout.be\\\/wp-content\\\/uploads\\\/2022\\\/09\\\/Districos_Logo_Webshop.svg\",\"caption\":\"Districos Webshop\"},\"image\":{\"@id\":\"https:\\\/\\\/districos.standingout.be\\\/fr\\\/#\\\/schema\\\/logo\\\/image\\\/\"}}]}<\/script>\n<!-- \/ Yoast SEO plugin. -->","yoast_head_json":{"title":"Cobra Beauty Blender Goutte - Districos Webshop","robots":{"index":"noindex","follow":"follow","max-snippet":"max-snippet:-1","max-image-preview":"max-image-preview:large","max-video-preview":"max-video-preview:-1"},"og_locale":"fr_FR","og_type":"article","og_title":"Cobra Beauty Blender Goutte - Districos Webshop","og_description":"La mani\u00e8re id\u00e9ale de fondre du maquillage ! \u00c9ponge ultra douce et glissante pour appliquer de mani\u00e8re uniforme le maquillage. Peut \u00eatre utilis\u00e9e s\u00e8che ou humidifi\u00e9e. Adapt\u00e9e \u00e0 tous les types de peaux. Lavable et donc r\u00e9utilisable. \u00c9cologique et non test\u00e9e sur les animaux. Application du maquillage souple et uniforme. Sans latex. Convient pour l&rsquo;appliaction [&hellip;]","og_url":"https:\/\/districos.standingout.be\/fr\/product\/cobra-beauty-blender-goutte-ref-8849-01\/","og_site_name":"Districos Webshop","article_modified_time":"2026-04-28T10:47:56+00:00","twitter_card":"summary_large_image","twitter_misc":{"Dur\u00e9e de lecture estim\u00e9e":"1 minute"},"schema":{"@context":"https:\/\/schema.org","@graph":[{"@type":"WebPage","@id":"https:\/\/districos.standingout.be\/fr\/product\/cobra-beauty-blender-goutte-ref-8849-01\/","url":"https:\/\/districos.standingout.be\/fr\/product\/cobra-beauty-blender-goutte-ref-8849-01\/","name":"Cobra Beauty Blender Goutte - Districos Webshop","isPartOf":{"@id":"https:\/\/districos.standingout.be\/fr\/#website"},"primaryImageOfPage":{"@id":"https:\/\/districos.standingout.be\/fr\/product\/cobra-beauty-blender-goutte-ref-8849-01\/#primaryimage"},"image":{"@id":"https:\/\/districos.standingout.be\/fr\/product\/cobra-beauty-blender-goutte-ref-8849-01\/#primaryimage"},"thumbnailUrl":"https:\/\/districos.standingout.be\/wp-content\/uploads\/2026\/03\/8849.01@LowRes_1_0.png","datePublished":"2026-04-28T10:47:54+00:00","dateModified":"2026-04-28T10:47:56+00:00","breadcrumb":{"@id":"https:\/\/districos.standingout.be\/fr\/product\/cobra-beauty-blender-goutte-ref-8849-01\/#breadcrumb"},"inLanguage":"fr-FR","potentialAction":[{"@type":"ReadAction","target":["https:\/\/districos.standingout.be\/fr\/product\/cobra-beauty-blender-goutte-ref-8849-01\/"]}]},{"@type":"ImageObject","inLanguage":"fr-FR","@id":"https:\/\/districos.standingout.be\/fr\/product\/cobra-beauty-blender-goutte-ref-8849-01\/#primaryimage","url":"https:\/\/districos.standingout.be\/wp-content\/uploads\/2026\/03\/8849.01@LowRes_1_0.png","contentUrl":"https:\/\/districos.standingout.be\/wp-content\/uploads\/2026\/03\/8849.01@LowRes_1_0.png","width":600,"height":600},{"@type":"BreadcrumbList","@id":"https:\/\/districos.standingout.be\/fr\/product\/cobra-beauty-blender-goutte-ref-8849-01\/#breadcrumb","itemListElement":[{"@type":"ListItem","position":1,"name":"Home","item":"https:\/\/districos.standingout.be\/fr\/bienvenue-chez-districos\/"},{"@type":"ListItem","position":2,"name":"Boutique","item":"https:\/\/districos.standingout.be\/fr\/boutique\/"},{"@type":"ListItem","position":3,"name":"Cobra Beauty Blender Goutte"}]},{"@type":"WebSite","@id":"https:\/\/districos.standingout.be\/fr\/#website","url":"https:\/\/districos.standingout.be\/fr\/","name":"Districos Webshop","description":"","publisher":{"@id":"https:\/\/districos.standingout.be\/fr\/#organization"},"potentialAction":[{"@type":"SearchAction","target":{"@type":"EntryPoint","urlTemplate":"https:\/\/districos.standingout.be\/fr\/?s={search_term_string}"},"query-input":{"@type":"PropertyValueSpecification","valueRequired":true,"valueName":"search_term_string"}}],"inLanguage":"fr-FR"},{"@type":"Organization","@id":"https:\/\/districos.standingout.be\/fr\/#organization","name":"Districos Webshop","url":"https:\/\/districos.standingout.be\/fr\/","logo":{"@type":"ImageObject","inLanguage":"fr-FR","@id":"https:\/\/districos.standingout.be\/fr\/#\/schema\/logo\/image\/","url":"https:\/\/districos.standingout.be\/wp-content\/uploads\/2022\/09\/Districos_Logo_Webshop.svg","contentUrl":"https:\/\/districos.standingout.be\/wp-content\/uploads\/2022\/09\/Districos_Logo_Webshop.svg","caption":"Districos Webshop"},"image":{"@id":"https:\/\/districos.standingout.be\/fr\/#\/schema\/logo\/image\/"}}]}},"_links":{"self":[{"href":"https:\/\/districos.standingout.be\/fr\/wp-json\/wp\/v2\/product\/141419","targetHints":{"allow":["GET"]}}],"collection":[{"href":"https:\/\/districos.standingout.be\/fr\/wp-json\/wp\/v2\/product"}],"about":[{"href":"https:\/\/districos.standingout.be\/fr\/wp-json\/wp\/v2\/types\/product"}],"replies":[{"embeddable":true,"href":"https:\/\/districos.standingout.be\/fr\/wp-json\/wp\/v2\/comments?post=141419"}],"wp:featuredmedia":[{"embeddable":true,"href":"https:\/\/districos.standingout.be\/fr\/wp-json\/wp\/v2\/media\/112676"}],"wp:attachment":[{"href":"https:\/\/districos.standingout.be\/fr\/wp-json\/wp\/v2\/media?parent=141419"}],"wp:term":[{"taxonomy":"product_brand","embeddable":true,"href":"https:\/\/districos.standingout.be\/fr\/wp-json\/wp\/v2\/product_brand?post=141419"},{"taxonomy":"product_cat","embeddable":true,"href":"https:\/\/districos.standingout.be\/fr\/wp-json\/wp\/v2\/product_cat?post=141419"},{"taxonomy":"product_tag","embeddable":true,"href":"https:\/\/districos.standingout.be\/fr\/wp-json\/wp\/v2\/product_tag?post=141419"}],"curies":[{"name":"wp","href":"https:\/\/api.w.org\/{rel}","templated":true}]}}