{"id":141429,"date":"2026-04-28T12:48:10","date_gmt":"2026-04-28T10:48:10","guid":{"rendered":"https:\/\/webshopdistricoscom.webhosting.be\/product\/eponge-a-maquillage-en-nitrile-2-pcs-ref-8852-02\/"},"modified":"2026-04-28T12:48:13","modified_gmt":"2026-04-28T10:48:13","slug":"eponge-a-maquillage-en-nitrile-2-pcs-ref-8852-02","status":"publish","type":"product","link":"https:\/\/districos.standingout.be\/fr\/product\/eponge-a-maquillage-en-nitrile-2-pcs-ref-8852-02\/","title":{"rendered":"\u00c9ponge \u00e0 Maquillage en Nitrile 2 pcs."},"content":{"rendered":"<p >\n<\/p>\n<\/p>\n<\/p>\n<\/p>\n<\/p>\n<p><span lang=\"FR\">\u00c9ponge en forme de larme en caoutchouc nitrile, r\u00e9sistante \u00e0 l\u2019huile et aux acides. Sa forme sp\u00e9cifique permet d\u2019appliquer le maquillage aux endroits difficilement accessibles.<o:p><\/o:p><\/span><\/p>\n<ul type=\"disc\">\n<li><span lang=\"FR\">Durable et particuli\u00e8rement douce !<o:p><\/o:p><\/span><\/li>\n<li><span lang=\"FR\">Dimensions : 6,7 x 4,5 x 0,9 cm.<o:p><\/o:p><\/span><\/li>\n<li><span lang=\"FR\">Emballage: 2 pi\u00e8ces.<o:p><\/o:p><\/span><\/li>\n<\/ul>\n<p><b><span lang=\"FR\">\u00c9galement disponible<o:p><\/o:p><\/span><\/b><\/p>\n<p dir=\"ltr\">\n<ul type=\"disc\">\n<li><span lang=\"FR\">Triangle \u00e0 Maquillage 8 pcs. (r\u00e9f.&nbsp;<a href=\"https:\/\/webshop.districos.com\/ProductDetail\/8852.01\" target=\"_blank\" rel=\"noopener noreferrer nofollow\"><span>8852.01<\/span><\/a>)<o:p><\/o:p><\/span><\/li>\n<li><span lang=\"FR\">\u00c9ponge \u00e0 Maquillage Ronde 2 pcs. (r\u00e9f.&nbsp;<a href=\"https:\/\/webshop.districos.com\/ProductDetail\/8851\" target=\"_blank\" rel=\"noopener noreferrer nofollow\"><span>8851<\/span><\/a>)<o:p><\/o:p><\/span><\/li>\n<li><span lang=\"FR\">Cobra Beauty Blender Goutte (r\u00e9f.&nbsp;<a href=\"https:\/\/webshop.districos.com\/ProductDetail\/8849.01\" target=\"_blank\" rel=\"noopener noreferrer nofollow\"><span>8849.01<\/span><\/a>)<o:p><\/o:p><\/span><\/li>\n<li><span lang=\"FR\">Cobra Beauty Blender Courge (r\u00e9f.&nbsp;<a href=\"https:\/\/webshop.districos.com\/ProductDetail\/8849.02\" target=\"_blank\" rel=\"noopener noreferrer nofollow\"><span>8849.02<\/span><\/a>)&nbsp;<o:p><\/o:p><\/span><\/li>\n<\/ul><\/p>\n","protected":false},"excerpt":{"rendered":"<p>\u00c9ponge en forme de larme en caoutchouc nitrile, r\u00e9sistante \u00e0 l\u2019huile et aux acides. Sa forme sp\u00e9cifique permet d\u2019appliquer le maquillage aux endroits difficilement accessibles. Durable et particuli\u00e8rement douce ! Dimensions : 6,7 x 4,5 x 0,9 cm. Emballage: 2 pi\u00e8ces. \u00c9galement disponible Triangle \u00e0 Maquillage 8 pcs. (r\u00e9f.&nbsp;8852.01) \u00c9ponge \u00e0 Maquillage Ronde 2 pcs. [&hellip;]<\/p>\n","protected":false},"featured_media":148438,"comment_status":"open","ping_status":"closed","template":"","meta":{"_acf_changed":false},"product_brand":[10380],"product_cat":[9864,9892,9972,10168,10616],"product_tag":[],"class_list":{"0":"post-141429","1":"product","2":"type-product","3":"status-publish","4":"has-post-thumbnail","6":"product_brand-districos-fr","7":"product_cat-beaute-visage-accessoires","8":"product_cat-beaute-maquillage-accessoires","9":"product_cat-beaute-materiel-pratique-accessoires","10":"product_cat-fournitures-pour-cabinet-accessoires-accessoires-visage","11":"product_cat-fournitures-pour-cabinet-instruments-visage","13":"first","14":"instock","15":"taxable","16":"shipping-taxable","17":"product-type-simple"},"acf":[],"yoast_head":"<!-- This site is optimized with the Yoast SEO plugin v27.3 - https:\/\/yoast.com\/product\/yoast-seo-wordpress\/ -->\n<title>\u00c9ponge \u00e0 Maquillage en Nitrile 2 pcs. - Districos Webshop<\/title>\n<meta name=\"robots\" content=\"noindex, follow, max-snippet:-1, max-image-preview:large, max-video-preview:-1\" \/>\n<meta property=\"og:locale\" content=\"fr_FR\" \/>\n<meta property=\"og:type\" content=\"article\" \/>\n<meta property=\"og:title\" content=\"\u00c9ponge \u00e0 Maquillage en Nitrile 2 pcs. - Districos Webshop\" \/>\n<meta property=\"og:description\" content=\"\u00c9ponge en forme de larme en caoutchouc nitrile, r\u00e9sistante \u00e0 l\u2019huile et aux acides. Sa forme sp\u00e9cifique permet d\u2019appliquer le maquillage aux endroits difficilement accessibles. Durable et particuli\u00e8rement douce ! Dimensions : 6,7 x 4,5 x 0,9 cm. Emballage: 2 pi\u00e8ces. \u00c9galement disponible Triangle \u00e0 Maquillage 8 pcs. (r\u00e9f.&nbsp;8852.01) \u00c9ponge \u00e0 Maquillage Ronde 2 pcs. [&hellip;]\" \/>\n<meta property=\"og:url\" content=\"https:\/\/districos.standingout.be\/fr\/product\/eponge-a-maquillage-en-nitrile-2-pcs-ref-8852-02\/\" \/>\n<meta property=\"og:site_name\" content=\"Districos Webshop\" \/>\n<meta property=\"article:modified_time\" content=\"2026-04-28T10:48:13+00:00\" \/>\n<meta name=\"twitter:card\" content=\"summary_large_image\" \/>\n<script type=\"application\/ld+json\" class=\"yoast-schema-graph\">{\"@context\":\"https:\\\/\\\/schema.org\",\"@graph\":[{\"@type\":\"WebPage\",\"@id\":\"https:\\\/\\\/districos.standingout.be\\\/fr\\\/product\\\/eponge-a-maquillage-en-nitrile-2-pcs-ref-8852-02\\\/\",\"url\":\"https:\\\/\\\/districos.standingout.be\\\/fr\\\/product\\\/eponge-a-maquillage-en-nitrile-2-pcs-ref-8852-02\\\/\",\"name\":\"\u00c9ponge \u00e0 Maquillage en Nitrile 2 pcs. - Districos Webshop\",\"isPartOf\":{\"@id\":\"https:\\\/\\\/districos.standingout.be\\\/fr\\\/#website\"},\"primaryImageOfPage\":{\"@id\":\"https:\\\/\\\/districos.standingout.be\\\/fr\\\/product\\\/eponge-a-maquillage-en-nitrile-2-pcs-ref-8852-02\\\/#primaryimage\"},\"image\":{\"@id\":\"https:\\\/\\\/districos.standingout.be\\\/fr\\\/product\\\/eponge-a-maquillage-en-nitrile-2-pcs-ref-8852-02\\\/#primaryimage\"},\"thumbnailUrl\":\"https:\\\/\\\/districos.standingout.be\\\/wp-content\\\/uploads\\\/2026\\\/04\\\/8852.02@Nitril-Make-upspons-2-stuks_1-1.png\",\"datePublished\":\"2026-04-28T10:48:10+00:00\",\"dateModified\":\"2026-04-28T10:48:13+00:00\",\"breadcrumb\":{\"@id\":\"https:\\\/\\\/districos.standingout.be\\\/fr\\\/product\\\/eponge-a-maquillage-en-nitrile-2-pcs-ref-8852-02\\\/#breadcrumb\"},\"inLanguage\":\"fr-FR\",\"potentialAction\":[{\"@type\":\"ReadAction\",\"target\":[\"https:\\\/\\\/districos.standingout.be\\\/fr\\\/product\\\/eponge-a-maquillage-en-nitrile-2-pcs-ref-8852-02\\\/\"]}]},{\"@type\":\"ImageObject\",\"inLanguage\":\"fr-FR\",\"@id\":\"https:\\\/\\\/districos.standingout.be\\\/fr\\\/product\\\/eponge-a-maquillage-en-nitrile-2-pcs-ref-8852-02\\\/#primaryimage\",\"url\":\"https:\\\/\\\/districos.standingout.be\\\/wp-content\\\/uploads\\\/2026\\\/04\\\/8852.02@Nitril-Make-upspons-2-stuks_1-1.png\",\"contentUrl\":\"https:\\\/\\\/districos.standingout.be\\\/wp-content\\\/uploads\\\/2026\\\/04\\\/8852.02@Nitril-Make-upspons-2-stuks_1-1.png\",\"width\":600,\"height\":600},{\"@type\":\"BreadcrumbList\",\"@id\":\"https:\\\/\\\/districos.standingout.be\\\/fr\\\/product\\\/eponge-a-maquillage-en-nitrile-2-pcs-ref-8852-02\\\/#breadcrumb\",\"itemListElement\":[{\"@type\":\"ListItem\",\"position\":1,\"name\":\"Home\",\"item\":\"https:\\\/\\\/districos.standingout.be\\\/fr\\\/bienvenue-chez-districos\\\/\"},{\"@type\":\"ListItem\",\"position\":2,\"name\":\"Boutique\",\"item\":\"https:\\\/\\\/districos.standingout.be\\\/fr\\\/boutique\\\/\"},{\"@type\":\"ListItem\",\"position\":3,\"name\":\"\u00c9ponge \u00e0 Maquillage en Nitrile 2 pcs.\"}]},{\"@type\":\"WebSite\",\"@id\":\"https:\\\/\\\/districos.standingout.be\\\/fr\\\/#website\",\"url\":\"https:\\\/\\\/districos.standingout.be\\\/fr\\\/\",\"name\":\"Districos Webshop\",\"description\":\"\",\"publisher\":{\"@id\":\"https:\\\/\\\/districos.standingout.be\\\/fr\\\/#organization\"},\"potentialAction\":[{\"@type\":\"SearchAction\",\"target\":{\"@type\":\"EntryPoint\",\"urlTemplate\":\"https:\\\/\\\/districos.standingout.be\\\/fr\\\/?s={search_term_string}\"},\"query-input\":{\"@type\":\"PropertyValueSpecification\",\"valueRequired\":true,\"valueName\":\"search_term_string\"}}],\"inLanguage\":\"fr-FR\"},{\"@type\":\"Organization\",\"@id\":\"https:\\\/\\\/districos.standingout.be\\\/fr\\\/#organization\",\"name\":\"Districos Webshop\",\"url\":\"https:\\\/\\\/districos.standingout.be\\\/fr\\\/\",\"logo\":{\"@type\":\"ImageObject\",\"inLanguage\":\"fr-FR\",\"@id\":\"https:\\\/\\\/districos.standingout.be\\\/fr\\\/#\\\/schema\\\/logo\\\/image\\\/\",\"url\":\"https:\\\/\\\/districos.standingout.be\\\/wp-content\\\/uploads\\\/2022\\\/09\\\/Districos_Logo_Webshop.svg\",\"contentUrl\":\"https:\\\/\\\/districos.standingout.be\\\/wp-content\\\/uploads\\\/2022\\\/09\\\/Districos_Logo_Webshop.svg\",\"caption\":\"Districos Webshop\"},\"image\":{\"@id\":\"https:\\\/\\\/districos.standingout.be\\\/fr\\\/#\\\/schema\\\/logo\\\/image\\\/\"}}]}<\/script>\n<!-- \/ Yoast SEO plugin. -->","yoast_head_json":{"title":"\u00c9ponge \u00e0 Maquillage en Nitrile 2 pcs. - Districos Webshop","robots":{"index":"noindex","follow":"follow","max-snippet":"max-snippet:-1","max-image-preview":"max-image-preview:large","max-video-preview":"max-video-preview:-1"},"og_locale":"fr_FR","og_type":"article","og_title":"\u00c9ponge \u00e0 Maquillage en Nitrile 2 pcs. - Districos Webshop","og_description":"\u00c9ponge en forme de larme en caoutchouc nitrile, r\u00e9sistante \u00e0 l\u2019huile et aux acides. Sa forme sp\u00e9cifique permet d\u2019appliquer le maquillage aux endroits difficilement accessibles. Durable et particuli\u00e8rement douce ! Dimensions : 6,7 x 4,5 x 0,9 cm. Emballage: 2 pi\u00e8ces. \u00c9galement disponible Triangle \u00e0 Maquillage 8 pcs. (r\u00e9f.&nbsp;8852.01) \u00c9ponge \u00e0 Maquillage Ronde 2 pcs. [&hellip;]","og_url":"https:\/\/districos.standingout.be\/fr\/product\/eponge-a-maquillage-en-nitrile-2-pcs-ref-8852-02\/","og_site_name":"Districos Webshop","article_modified_time":"2026-04-28T10:48:13+00:00","twitter_card":"summary_large_image","schema":{"@context":"https:\/\/schema.org","@graph":[{"@type":"WebPage","@id":"https:\/\/districos.standingout.be\/fr\/product\/eponge-a-maquillage-en-nitrile-2-pcs-ref-8852-02\/","url":"https:\/\/districos.standingout.be\/fr\/product\/eponge-a-maquillage-en-nitrile-2-pcs-ref-8852-02\/","name":"\u00c9ponge \u00e0 Maquillage en Nitrile 2 pcs. - Districos Webshop","isPartOf":{"@id":"https:\/\/districos.standingout.be\/fr\/#website"},"primaryImageOfPage":{"@id":"https:\/\/districos.standingout.be\/fr\/product\/eponge-a-maquillage-en-nitrile-2-pcs-ref-8852-02\/#primaryimage"},"image":{"@id":"https:\/\/districos.standingout.be\/fr\/product\/eponge-a-maquillage-en-nitrile-2-pcs-ref-8852-02\/#primaryimage"},"thumbnailUrl":"https:\/\/districos.standingout.be\/wp-content\/uploads\/2026\/04\/8852.02@Nitril-Make-upspons-2-stuks_1-1.png","datePublished":"2026-04-28T10:48:10+00:00","dateModified":"2026-04-28T10:48:13+00:00","breadcrumb":{"@id":"https:\/\/districos.standingout.be\/fr\/product\/eponge-a-maquillage-en-nitrile-2-pcs-ref-8852-02\/#breadcrumb"},"inLanguage":"fr-FR","potentialAction":[{"@type":"ReadAction","target":["https:\/\/districos.standingout.be\/fr\/product\/eponge-a-maquillage-en-nitrile-2-pcs-ref-8852-02\/"]}]},{"@type":"ImageObject","inLanguage":"fr-FR","@id":"https:\/\/districos.standingout.be\/fr\/product\/eponge-a-maquillage-en-nitrile-2-pcs-ref-8852-02\/#primaryimage","url":"https:\/\/districos.standingout.be\/wp-content\/uploads\/2026\/04\/8852.02@Nitril-Make-upspons-2-stuks_1-1.png","contentUrl":"https:\/\/districos.standingout.be\/wp-content\/uploads\/2026\/04\/8852.02@Nitril-Make-upspons-2-stuks_1-1.png","width":600,"height":600},{"@type":"BreadcrumbList","@id":"https:\/\/districos.standingout.be\/fr\/product\/eponge-a-maquillage-en-nitrile-2-pcs-ref-8852-02\/#breadcrumb","itemListElement":[{"@type":"ListItem","position":1,"name":"Home","item":"https:\/\/districos.standingout.be\/fr\/bienvenue-chez-districos\/"},{"@type":"ListItem","position":2,"name":"Boutique","item":"https:\/\/districos.standingout.be\/fr\/boutique\/"},{"@type":"ListItem","position":3,"name":"\u00c9ponge \u00e0 Maquillage en Nitrile 2 pcs."}]},{"@type":"WebSite","@id":"https:\/\/districos.standingout.be\/fr\/#website","url":"https:\/\/districos.standingout.be\/fr\/","name":"Districos Webshop","description":"","publisher":{"@id":"https:\/\/districos.standingout.be\/fr\/#organization"},"potentialAction":[{"@type":"SearchAction","target":{"@type":"EntryPoint","urlTemplate":"https:\/\/districos.standingout.be\/fr\/?s={search_term_string}"},"query-input":{"@type":"PropertyValueSpecification","valueRequired":true,"valueName":"search_term_string"}}],"inLanguage":"fr-FR"},{"@type":"Organization","@id":"https:\/\/districos.standingout.be\/fr\/#organization","name":"Districos Webshop","url":"https:\/\/districos.standingout.be\/fr\/","logo":{"@type":"ImageObject","inLanguage":"fr-FR","@id":"https:\/\/districos.standingout.be\/fr\/#\/schema\/logo\/image\/","url":"https:\/\/districos.standingout.be\/wp-content\/uploads\/2022\/09\/Districos_Logo_Webshop.svg","contentUrl":"https:\/\/districos.standingout.be\/wp-content\/uploads\/2022\/09\/Districos_Logo_Webshop.svg","caption":"Districos Webshop"},"image":{"@id":"https:\/\/districos.standingout.be\/fr\/#\/schema\/logo\/image\/"}}]}},"_links":{"self":[{"href":"https:\/\/districos.standingout.be\/fr\/wp-json\/wp\/v2\/product\/141429","targetHints":{"allow":["GET"]}}],"collection":[{"href":"https:\/\/districos.standingout.be\/fr\/wp-json\/wp\/v2\/product"}],"about":[{"href":"https:\/\/districos.standingout.be\/fr\/wp-json\/wp\/v2\/types\/product"}],"replies":[{"embeddable":true,"href":"https:\/\/districos.standingout.be\/fr\/wp-json\/wp\/v2\/comments?post=141429"}],"wp:featuredmedia":[{"embeddable":true,"href":"https:\/\/districos.standingout.be\/fr\/wp-json\/wp\/v2\/media\/148438"}],"wp:attachment":[{"href":"https:\/\/districos.standingout.be\/fr\/wp-json\/wp\/v2\/media?parent=141429"}],"wp:term":[{"taxonomy":"product_brand","embeddable":true,"href":"https:\/\/districos.standingout.be\/fr\/wp-json\/wp\/v2\/product_brand?post=141429"},{"taxonomy":"product_cat","embeddable":true,"href":"https:\/\/districos.standingout.be\/fr\/wp-json\/wp\/v2\/product_cat?post=141429"},{"taxonomy":"product_tag","embeddable":true,"href":"https:\/\/districos.standingout.be\/fr\/wp-json\/wp\/v2\/product_tag?post=141429"}],"curies":[{"name":"wp","href":"https:\/\/api.w.org\/{rel}","templated":true}]}}