{"id":141437,"date":"2026-04-28T12:48:24","date_gmt":"2026-04-28T10:48:24","guid":{"rendered":"https:\/\/webshopdistricoscom.webhosting.be\/product\/cobra-eponge-pva-plate-4-pcs-ref-8855-4\/"},"modified":"2026-04-28T12:48:26","modified_gmt":"2026-04-28T10:48:26","slug":"cobra-eponge-pva-plate-4-pcs-ref-8855-4","status":"publish","type":"product","link":"https:\/\/districos.standingout.be\/fr\/product\/cobra-eponge-pva-plate-4-pcs-ref-8855-4\/","title":{"rendered":"Cobra \u00c9ponge PVA Plate 4 pcs."},"content":{"rendered":"<p >\n<\/p>\n<\/p>\n<p dir=\"ltr\">\u00c9ponge qualitative, douce, hypoallerg\u00e9nique et biod\u00e9gradable pour appliquer ou enlever le maquillage. Apr\u00e8s l&rsquo;utilisation, l&rsquo;\u00e9ponge durcit pendant le s\u00e9chage, ce qui emp\u00eache le d\u00e9veloppement des germes.<\/p>\n<p dir=\"ltr\">\n<ul>\n<li>\u00c9ponge de maquillage professionnelle.<\/li>\n<li>Convient \u00e0 tous les types de peaux.<\/li>\n<li>Dimensions :&nbsp;&nbsp;11,5 x 8,5 x 0,7 cm (L x l x h).<\/li>\n<li>Emballage : 4 pi\u00e8ces.<\/li>\n<\/ul>\n<div><b>Mode d&#8217;emploi<\/b><\/div>\n<div><span>Humidifiez suffisamment l&rsquo;\u00e9ponge avant l&rsquo;utilisation pour qu&rsquo;elle soit douce et pr\u00eate \u00e0 l&#8217;emploi.<\/span><\/div><\/p>\n","protected":false},"excerpt":{"rendered":"<p>\u00c9ponge qualitative, douce, hypoallerg\u00e9nique et biod\u00e9gradable pour appliquer ou enlever le maquillage. Apr\u00e8s l&rsquo;utilisation, l&rsquo;\u00e9ponge durcit pendant le s\u00e9chage, ce qui emp\u00eache le d\u00e9veloppement des germes. \u00c9ponge de maquillage professionnelle. Convient \u00e0 tous les types de peaux. Dimensions :&nbsp;&nbsp;11,5 x 8,5 x 0,7 cm (L x l x h). Emballage : 4 pi\u00e8ces. Mode d&#8217;emploi [&hellip;]<\/p>\n","protected":false},"featured_media":83744,"comment_status":"open","ping_status":"closed","template":"","meta":{"_acf_changed":false},"product_brand":[10380],"product_cat":[9892,9972,9864,10168,10616],"product_tag":[],"class_list":{"0":"post-141437","1":"product","2":"type-product","3":"status-publish","4":"has-post-thumbnail","6":"product_brand-districos-fr","7":"product_cat-beaute-maquillage-accessoires","8":"product_cat-beaute-materiel-pratique-accessoires","9":"product_cat-beaute-visage-accessoires","10":"product_cat-fournitures-pour-cabinet-accessoires-accessoires-visage","11":"product_cat-fournitures-pour-cabinet-instruments-visage","13":"first","14":"instock","15":"taxable","16":"shipping-taxable","17":"product-type-simple"},"acf":[],"yoast_head":"<!-- This site is optimized with the Yoast SEO plugin v27.3 - https:\/\/yoast.com\/product\/yoast-seo-wordpress\/ -->\n<title>Cobra \u00c9ponge PVA Plate 4 pcs. - Districos Webshop<\/title>\n<meta name=\"robots\" content=\"noindex, follow, max-snippet:-1, max-image-preview:large, max-video-preview:-1\" \/>\n<meta property=\"og:locale\" content=\"fr_FR\" \/>\n<meta property=\"og:type\" content=\"article\" \/>\n<meta property=\"og:title\" content=\"Cobra \u00c9ponge PVA Plate 4 pcs. - Districos Webshop\" \/>\n<meta property=\"og:description\" content=\"\u00c9ponge qualitative, douce, hypoallerg\u00e9nique et biod\u00e9gradable pour appliquer ou enlever le maquillage. Apr\u00e8s l&rsquo;utilisation, l&rsquo;\u00e9ponge durcit pendant le s\u00e9chage, ce qui emp\u00eache le d\u00e9veloppement des germes. \u00c9ponge de maquillage professionnelle. Convient \u00e0 tous les types de peaux. Dimensions :&nbsp;&nbsp;11,5 x 8,5 x 0,7 cm (L x l x h). Emballage : 4 pi\u00e8ces. Mode d&#8217;emploi [&hellip;]\" \/>\n<meta property=\"og:url\" content=\"https:\/\/districos.standingout.be\/fr\/product\/cobra-eponge-pva-plate-4-pcs-ref-8855-4\/\" \/>\n<meta property=\"og:site_name\" content=\"Districos Webshop\" \/>\n<meta property=\"article:modified_time\" content=\"2026-04-28T10:48:26+00:00\" \/>\n<meta name=\"twitter:card\" content=\"summary_large_image\" \/>\n<script type=\"application\/ld+json\" class=\"yoast-schema-graph\">{\"@context\":\"https:\\\/\\\/schema.org\",\"@graph\":[{\"@type\":\"WebPage\",\"@id\":\"https:\\\/\\\/districos.standingout.be\\\/fr\\\/product\\\/cobra-eponge-pva-plate-4-pcs-ref-8855-4\\\/\",\"url\":\"https:\\\/\\\/districos.standingout.be\\\/fr\\\/product\\\/cobra-eponge-pva-plate-4-pcs-ref-8855-4\\\/\",\"name\":\"Cobra \u00c9ponge PVA Plate 4 pcs. - Districos Webshop\",\"isPartOf\":{\"@id\":\"https:\\\/\\\/districos.standingout.be\\\/fr\\\/#website\"},\"primaryImageOfPage\":{\"@id\":\"https:\\\/\\\/districos.standingout.be\\\/fr\\\/product\\\/cobra-eponge-pva-plate-4-pcs-ref-8855-4\\\/#primaryimage\"},\"image\":{\"@id\":\"https:\\\/\\\/districos.standingout.be\\\/fr\\\/product\\\/cobra-eponge-pva-plate-4-pcs-ref-8855-4\\\/#primaryimage\"},\"thumbnailUrl\":\"https:\\\/\\\/districos.standingout.be\\\/wp-content\\\/uploads\\\/2025\\\/07\\\/8855.4@LowRes_1_0.png\",\"datePublished\":\"2026-04-28T10:48:24+00:00\",\"dateModified\":\"2026-04-28T10:48:26+00:00\",\"breadcrumb\":{\"@id\":\"https:\\\/\\\/districos.standingout.be\\\/fr\\\/product\\\/cobra-eponge-pva-plate-4-pcs-ref-8855-4\\\/#breadcrumb\"},\"inLanguage\":\"fr-FR\",\"potentialAction\":[{\"@type\":\"ReadAction\",\"target\":[\"https:\\\/\\\/districos.standingout.be\\\/fr\\\/product\\\/cobra-eponge-pva-plate-4-pcs-ref-8855-4\\\/\"]}]},{\"@type\":\"ImageObject\",\"inLanguage\":\"fr-FR\",\"@id\":\"https:\\\/\\\/districos.standingout.be\\\/fr\\\/product\\\/cobra-eponge-pva-plate-4-pcs-ref-8855-4\\\/#primaryimage\",\"url\":\"https:\\\/\\\/districos.standingout.be\\\/wp-content\\\/uploads\\\/2025\\\/07\\\/8855.4@LowRes_1_0.png\",\"contentUrl\":\"https:\\\/\\\/districos.standingout.be\\\/wp-content\\\/uploads\\\/2025\\\/07\\\/8855.4@LowRes_1_0.png\",\"width\":600,\"height\":600},{\"@type\":\"BreadcrumbList\",\"@id\":\"https:\\\/\\\/districos.standingout.be\\\/fr\\\/product\\\/cobra-eponge-pva-plate-4-pcs-ref-8855-4\\\/#breadcrumb\",\"itemListElement\":[{\"@type\":\"ListItem\",\"position\":1,\"name\":\"Home\",\"item\":\"https:\\\/\\\/districos.standingout.be\\\/fr\\\/bienvenue-chez-districos\\\/\"},{\"@type\":\"ListItem\",\"position\":2,\"name\":\"Boutique\",\"item\":\"https:\\\/\\\/districos.standingout.be\\\/fr\\\/boutique\\\/\"},{\"@type\":\"ListItem\",\"position\":3,\"name\":\"Cobra \u00c9ponge PVA Plate 4 pcs.\"}]},{\"@type\":\"WebSite\",\"@id\":\"https:\\\/\\\/districos.standingout.be\\\/fr\\\/#website\",\"url\":\"https:\\\/\\\/districos.standingout.be\\\/fr\\\/\",\"name\":\"Districos Webshop\",\"description\":\"\",\"publisher\":{\"@id\":\"https:\\\/\\\/districos.standingout.be\\\/fr\\\/#organization\"},\"potentialAction\":[{\"@type\":\"SearchAction\",\"target\":{\"@type\":\"EntryPoint\",\"urlTemplate\":\"https:\\\/\\\/districos.standingout.be\\\/fr\\\/?s={search_term_string}\"},\"query-input\":{\"@type\":\"PropertyValueSpecification\",\"valueRequired\":true,\"valueName\":\"search_term_string\"}}],\"inLanguage\":\"fr-FR\"},{\"@type\":\"Organization\",\"@id\":\"https:\\\/\\\/districos.standingout.be\\\/fr\\\/#organization\",\"name\":\"Districos Webshop\",\"url\":\"https:\\\/\\\/districos.standingout.be\\\/fr\\\/\",\"logo\":{\"@type\":\"ImageObject\",\"inLanguage\":\"fr-FR\",\"@id\":\"https:\\\/\\\/districos.standingout.be\\\/fr\\\/#\\\/schema\\\/logo\\\/image\\\/\",\"url\":\"https:\\\/\\\/districos.standingout.be\\\/wp-content\\\/uploads\\\/2022\\\/09\\\/Districos_Logo_Webshop.svg\",\"contentUrl\":\"https:\\\/\\\/districos.standingout.be\\\/wp-content\\\/uploads\\\/2022\\\/09\\\/Districos_Logo_Webshop.svg\",\"caption\":\"Districos Webshop\"},\"image\":{\"@id\":\"https:\\\/\\\/districos.standingout.be\\\/fr\\\/#\\\/schema\\\/logo\\\/image\\\/\"}}]}<\/script>\n<!-- \/ Yoast SEO plugin. -->","yoast_head_json":{"title":"Cobra \u00c9ponge PVA Plate 4 pcs. - Districos Webshop","robots":{"index":"noindex","follow":"follow","max-snippet":"max-snippet:-1","max-image-preview":"max-image-preview:large","max-video-preview":"max-video-preview:-1"},"og_locale":"fr_FR","og_type":"article","og_title":"Cobra \u00c9ponge PVA Plate 4 pcs. - Districos Webshop","og_description":"\u00c9ponge qualitative, douce, hypoallerg\u00e9nique et biod\u00e9gradable pour appliquer ou enlever le maquillage. Apr\u00e8s l&rsquo;utilisation, l&rsquo;\u00e9ponge durcit pendant le s\u00e9chage, ce qui emp\u00eache le d\u00e9veloppement des germes. \u00c9ponge de maquillage professionnelle. Convient \u00e0 tous les types de peaux. Dimensions :&nbsp;&nbsp;11,5 x 8,5 x 0,7 cm (L x l x h). Emballage : 4 pi\u00e8ces. Mode d&#8217;emploi [&hellip;]","og_url":"https:\/\/districos.standingout.be\/fr\/product\/cobra-eponge-pva-plate-4-pcs-ref-8855-4\/","og_site_name":"Districos Webshop","article_modified_time":"2026-04-28T10:48:26+00:00","twitter_card":"summary_large_image","schema":{"@context":"https:\/\/schema.org","@graph":[{"@type":"WebPage","@id":"https:\/\/districos.standingout.be\/fr\/product\/cobra-eponge-pva-plate-4-pcs-ref-8855-4\/","url":"https:\/\/districos.standingout.be\/fr\/product\/cobra-eponge-pva-plate-4-pcs-ref-8855-4\/","name":"Cobra \u00c9ponge PVA Plate 4 pcs. - Districos Webshop","isPartOf":{"@id":"https:\/\/districos.standingout.be\/fr\/#website"},"primaryImageOfPage":{"@id":"https:\/\/districos.standingout.be\/fr\/product\/cobra-eponge-pva-plate-4-pcs-ref-8855-4\/#primaryimage"},"image":{"@id":"https:\/\/districos.standingout.be\/fr\/product\/cobra-eponge-pva-plate-4-pcs-ref-8855-4\/#primaryimage"},"thumbnailUrl":"https:\/\/districos.standingout.be\/wp-content\/uploads\/2025\/07\/8855.4@LowRes_1_0.png","datePublished":"2026-04-28T10:48:24+00:00","dateModified":"2026-04-28T10:48:26+00:00","breadcrumb":{"@id":"https:\/\/districos.standingout.be\/fr\/product\/cobra-eponge-pva-plate-4-pcs-ref-8855-4\/#breadcrumb"},"inLanguage":"fr-FR","potentialAction":[{"@type":"ReadAction","target":["https:\/\/districos.standingout.be\/fr\/product\/cobra-eponge-pva-plate-4-pcs-ref-8855-4\/"]}]},{"@type":"ImageObject","inLanguage":"fr-FR","@id":"https:\/\/districos.standingout.be\/fr\/product\/cobra-eponge-pva-plate-4-pcs-ref-8855-4\/#primaryimage","url":"https:\/\/districos.standingout.be\/wp-content\/uploads\/2025\/07\/8855.4@LowRes_1_0.png","contentUrl":"https:\/\/districos.standingout.be\/wp-content\/uploads\/2025\/07\/8855.4@LowRes_1_0.png","width":600,"height":600},{"@type":"BreadcrumbList","@id":"https:\/\/districos.standingout.be\/fr\/product\/cobra-eponge-pva-plate-4-pcs-ref-8855-4\/#breadcrumb","itemListElement":[{"@type":"ListItem","position":1,"name":"Home","item":"https:\/\/districos.standingout.be\/fr\/bienvenue-chez-districos\/"},{"@type":"ListItem","position":2,"name":"Boutique","item":"https:\/\/districos.standingout.be\/fr\/boutique\/"},{"@type":"ListItem","position":3,"name":"Cobra \u00c9ponge PVA Plate 4 pcs."}]},{"@type":"WebSite","@id":"https:\/\/districos.standingout.be\/fr\/#website","url":"https:\/\/districos.standingout.be\/fr\/","name":"Districos Webshop","description":"","publisher":{"@id":"https:\/\/districos.standingout.be\/fr\/#organization"},"potentialAction":[{"@type":"SearchAction","target":{"@type":"EntryPoint","urlTemplate":"https:\/\/districos.standingout.be\/fr\/?s={search_term_string}"},"query-input":{"@type":"PropertyValueSpecification","valueRequired":true,"valueName":"search_term_string"}}],"inLanguage":"fr-FR"},{"@type":"Organization","@id":"https:\/\/districos.standingout.be\/fr\/#organization","name":"Districos Webshop","url":"https:\/\/districos.standingout.be\/fr\/","logo":{"@type":"ImageObject","inLanguage":"fr-FR","@id":"https:\/\/districos.standingout.be\/fr\/#\/schema\/logo\/image\/","url":"https:\/\/districos.standingout.be\/wp-content\/uploads\/2022\/09\/Districos_Logo_Webshop.svg","contentUrl":"https:\/\/districos.standingout.be\/wp-content\/uploads\/2022\/09\/Districos_Logo_Webshop.svg","caption":"Districos Webshop"},"image":{"@id":"https:\/\/districos.standingout.be\/fr\/#\/schema\/logo\/image\/"}}]}},"_links":{"self":[{"href":"https:\/\/districos.standingout.be\/fr\/wp-json\/wp\/v2\/product\/141437","targetHints":{"allow":["GET"]}}],"collection":[{"href":"https:\/\/districos.standingout.be\/fr\/wp-json\/wp\/v2\/product"}],"about":[{"href":"https:\/\/districos.standingout.be\/fr\/wp-json\/wp\/v2\/types\/product"}],"replies":[{"embeddable":true,"href":"https:\/\/districos.standingout.be\/fr\/wp-json\/wp\/v2\/comments?post=141437"}],"wp:featuredmedia":[{"embeddable":true,"href":"https:\/\/districos.standingout.be\/fr\/wp-json\/wp\/v2\/media\/83744"}],"wp:attachment":[{"href":"https:\/\/districos.standingout.be\/fr\/wp-json\/wp\/v2\/media?parent=141437"}],"wp:term":[{"taxonomy":"product_brand","embeddable":true,"href":"https:\/\/districos.standingout.be\/fr\/wp-json\/wp\/v2\/product_brand?post=141437"},{"taxonomy":"product_cat","embeddable":true,"href":"https:\/\/districos.standingout.be\/fr\/wp-json\/wp\/v2\/product_cat?post=141437"},{"taxonomy":"product_tag","embeddable":true,"href":"https:\/\/districos.standingout.be\/fr\/wp-json\/wp\/v2\/product_tag?post=141437"}],"curies":[{"name":"wp","href":"https:\/\/api.w.org\/{rel}","templated":true}]}}