{"id":141447,"date":"2026-04-28T12:48:59","date_gmt":"2026-04-28T10:48:59","guid":{"rendered":"https:\/\/webshopdistricoscom.webhosting.be\/product\/cobra-eponge-pva-douce-traditionnelle-compressee-10-pcs-ref-8859-2\/"},"modified":"2026-04-28T12:49:03","modified_gmt":"2026-04-28T10:49:03","slug":"cobra-eponge-pva-douce-traditionnelle-compressee-10-pcs-ref-8859-2","status":"publish","type":"product","link":"https:\/\/districos.standingout.be\/fr\/product\/cobra-eponge-pva-douce-traditionnelle-compressee-10-pcs-ref-8859-2\/","title":{"rendered":"Cobra \u00c9ponge PVA Douce Traditionnelle Compress\u00e9e 10 pcs."},"content":{"rendered":"<p >\n<\/p>\n<\/p>\n<\/p>\n<p><span>D\u00e9couvrez les \u00e9ponges traditionnelles de Cobra dans une formule compress\u00e9e. Apr\u00e8s le contact avec l\u2019eau, l\u2019\u00e9ponge devient douce et pr\u00eate \u00e0 l\u2019emploi. Les \u00e9ponges durcissent pendant le s\u00e9chage, ce qui emp\u00eache le d\u00e9veloppement des germes. <o:p><\/o:p><\/span><\/p>\n<ul type=\"disc\">\n<li><span>\u00c9ponge PVA Douce Traditionnelle Compress\u00e9e<\/span><span><o:p><\/o:p><\/span><\/li>\n<li><span>Structure fine (petite taille de pores)<o:p><\/o:p><\/span><\/li>\n<li><span lang=\"EN-US\">Douce au toucher<\/span><span><o:p><\/o:p><\/span><\/li>\n<li><span lang=\"EN-US\">Id\u00e9ale pour enlever le maquillage : absorbe facilement<o:p><\/o:p><\/span><\/li>\n<li><span lang=\"EN-US\">le maquillage et l\u2019huile de la peau<\/span><span><o:p><\/o:p><\/span><\/li>\n<li><span>Conviennent \u00e0 tous les types de peaux.<\/span><\/li>\n<li><span>Dimensions avant le contact avec l&rsquo;eau:&nbsp;<\/span>9 x 1,2 x 0,8 cm (L x l x h)<\/li>\n<li>Dimensions apr\u00e8s le contact avec l&rsquo;eau : 8 x 0,8 cm (diam. x h)<\/li>\n<\/ul>\n<p><span><br \/><\/span><\/p><\/p>\n","protected":false},"excerpt":{"rendered":"<p>D\u00e9couvrez les \u00e9ponges traditionnelles de Cobra dans une formule compress\u00e9e. Apr\u00e8s le contact avec l\u2019eau, l\u2019\u00e9ponge devient douce et pr\u00eate \u00e0 l\u2019emploi. Les \u00e9ponges durcissent pendant le s\u00e9chage, ce qui emp\u00eache le d\u00e9veloppement des germes. \u00c9ponge PVA Douce Traditionnelle Compress\u00e9e Structure fine (petite taille de pores) Douce au toucher Id\u00e9ale pour enlever le maquillage : [&hellip;]<\/p>\n","protected":false},"featured_media":112706,"comment_status":"open","ping_status":"closed","template":"","meta":{"_acf_changed":false},"product_brand":[10380],"product_cat":[9892,9972,9864,10168,10616],"product_tag":[],"class_list":{"0":"post-141447","1":"product","2":"type-product","3":"status-publish","4":"has-post-thumbnail","6":"product_brand-districos-fr","7":"product_cat-beaute-maquillage-accessoires","8":"product_cat-beaute-materiel-pratique-accessoires","9":"product_cat-beaute-visage-accessoires","10":"product_cat-fournitures-pour-cabinet-accessoires-accessoires-visage","11":"product_cat-fournitures-pour-cabinet-instruments-visage","13":"first","14":"instock","15":"taxable","16":"shipping-taxable","17":"product-type-simple"},"acf":[],"yoast_head":"<!-- This site is optimized with the Yoast SEO plugin v27.3 - https:\/\/yoast.com\/product\/yoast-seo-wordpress\/ -->\n<title>Cobra \u00c9ponge PVA Douce Traditionnelle Compress\u00e9e 10 pcs. - Districos Webshop<\/title>\n<meta name=\"robots\" content=\"noindex, follow, max-snippet:-1, max-image-preview:large, max-video-preview:-1\" \/>\n<meta property=\"og:locale\" content=\"fr_FR\" \/>\n<meta property=\"og:type\" content=\"article\" \/>\n<meta property=\"og:title\" content=\"Cobra \u00c9ponge PVA Douce Traditionnelle Compress\u00e9e 10 pcs. - Districos Webshop\" \/>\n<meta property=\"og:description\" content=\"D\u00e9couvrez les \u00e9ponges traditionnelles de Cobra dans une formule compress\u00e9e. Apr\u00e8s le contact avec l\u2019eau, l\u2019\u00e9ponge devient douce et pr\u00eate \u00e0 l\u2019emploi. Les \u00e9ponges durcissent pendant le s\u00e9chage, ce qui emp\u00eache le d\u00e9veloppement des germes. \u00c9ponge PVA Douce Traditionnelle Compress\u00e9e Structure fine (petite taille de pores) Douce au toucher Id\u00e9ale pour enlever le maquillage : [&hellip;]\" \/>\n<meta property=\"og:url\" content=\"https:\/\/districos.standingout.be\/fr\/product\/cobra-eponge-pva-douce-traditionnelle-compressee-10-pcs-ref-8859-2\/\" \/>\n<meta property=\"og:site_name\" content=\"Districos Webshop\" \/>\n<meta property=\"article:modified_time\" content=\"2026-04-28T10:49:03+00:00\" \/>\n<meta name=\"twitter:card\" content=\"summary_large_image\" \/>\n<meta name=\"twitter:label1\" content=\"Dur\u00e9e de lecture estim\u00e9e\" \/>\n\t<meta name=\"twitter:data1\" content=\"1 minute\" \/>\n<script type=\"application\/ld+json\" class=\"yoast-schema-graph\">{\"@context\":\"https:\\\/\\\/schema.org\",\"@graph\":[{\"@type\":\"WebPage\",\"@id\":\"https:\\\/\\\/districos.standingout.be\\\/fr\\\/product\\\/cobra-eponge-pva-douce-traditionnelle-compressee-10-pcs-ref-8859-2\\\/\",\"url\":\"https:\\\/\\\/districos.standingout.be\\\/fr\\\/product\\\/cobra-eponge-pva-douce-traditionnelle-compressee-10-pcs-ref-8859-2\\\/\",\"name\":\"Cobra \u00c9ponge PVA Douce Traditionnelle Compress\u00e9e 10 pcs. - Districos Webshop\",\"isPartOf\":{\"@id\":\"https:\\\/\\\/districos.standingout.be\\\/fr\\\/#website\"},\"primaryImageOfPage\":{\"@id\":\"https:\\\/\\\/districos.standingout.be\\\/fr\\\/product\\\/cobra-eponge-pva-douce-traditionnelle-compressee-10-pcs-ref-8859-2\\\/#primaryimage\"},\"image\":{\"@id\":\"https:\\\/\\\/districos.standingout.be\\\/fr\\\/product\\\/cobra-eponge-pva-douce-traditionnelle-compressee-10-pcs-ref-8859-2\\\/#primaryimage\"},\"thumbnailUrl\":\"https:\\\/\\\/districos.standingout.be\\\/wp-content\\\/uploads\\\/2026\\\/03\\\/8859.2@LowRes_1_0.png\",\"datePublished\":\"2026-04-28T10:48:59+00:00\",\"dateModified\":\"2026-04-28T10:49:03+00:00\",\"breadcrumb\":{\"@id\":\"https:\\\/\\\/districos.standingout.be\\\/fr\\\/product\\\/cobra-eponge-pva-douce-traditionnelle-compressee-10-pcs-ref-8859-2\\\/#breadcrumb\"},\"inLanguage\":\"fr-FR\",\"potentialAction\":[{\"@type\":\"ReadAction\",\"target\":[\"https:\\\/\\\/districos.standingout.be\\\/fr\\\/product\\\/cobra-eponge-pva-douce-traditionnelle-compressee-10-pcs-ref-8859-2\\\/\"]}]},{\"@type\":\"ImageObject\",\"inLanguage\":\"fr-FR\",\"@id\":\"https:\\\/\\\/districos.standingout.be\\\/fr\\\/product\\\/cobra-eponge-pva-douce-traditionnelle-compressee-10-pcs-ref-8859-2\\\/#primaryimage\",\"url\":\"https:\\\/\\\/districos.standingout.be\\\/wp-content\\\/uploads\\\/2026\\\/03\\\/8859.2@LowRes_1_0.png\",\"contentUrl\":\"https:\\\/\\\/districos.standingout.be\\\/wp-content\\\/uploads\\\/2026\\\/03\\\/8859.2@LowRes_1_0.png\",\"width\":600,\"height\":600},{\"@type\":\"BreadcrumbList\",\"@id\":\"https:\\\/\\\/districos.standingout.be\\\/fr\\\/product\\\/cobra-eponge-pva-douce-traditionnelle-compressee-10-pcs-ref-8859-2\\\/#breadcrumb\",\"itemListElement\":[{\"@type\":\"ListItem\",\"position\":1,\"name\":\"Home\",\"item\":\"https:\\\/\\\/districos.standingout.be\\\/fr\\\/bienvenue-chez-districos\\\/\"},{\"@type\":\"ListItem\",\"position\":2,\"name\":\"Boutique\",\"item\":\"https:\\\/\\\/districos.standingout.be\\\/fr\\\/boutique\\\/\"},{\"@type\":\"ListItem\",\"position\":3,\"name\":\"Cobra \u00c9ponge PVA Douce Traditionnelle Compress\u00e9e 10 pcs.\"}]},{\"@type\":\"WebSite\",\"@id\":\"https:\\\/\\\/districos.standingout.be\\\/fr\\\/#website\",\"url\":\"https:\\\/\\\/districos.standingout.be\\\/fr\\\/\",\"name\":\"Districos Webshop\",\"description\":\"\",\"publisher\":{\"@id\":\"https:\\\/\\\/districos.standingout.be\\\/fr\\\/#organization\"},\"potentialAction\":[{\"@type\":\"SearchAction\",\"target\":{\"@type\":\"EntryPoint\",\"urlTemplate\":\"https:\\\/\\\/districos.standingout.be\\\/fr\\\/?s={search_term_string}\"},\"query-input\":{\"@type\":\"PropertyValueSpecification\",\"valueRequired\":true,\"valueName\":\"search_term_string\"}}],\"inLanguage\":\"fr-FR\"},{\"@type\":\"Organization\",\"@id\":\"https:\\\/\\\/districos.standingout.be\\\/fr\\\/#organization\",\"name\":\"Districos Webshop\",\"url\":\"https:\\\/\\\/districos.standingout.be\\\/fr\\\/\",\"logo\":{\"@type\":\"ImageObject\",\"inLanguage\":\"fr-FR\",\"@id\":\"https:\\\/\\\/districos.standingout.be\\\/fr\\\/#\\\/schema\\\/logo\\\/image\\\/\",\"url\":\"https:\\\/\\\/districos.standingout.be\\\/wp-content\\\/uploads\\\/2022\\\/09\\\/Districos_Logo_Webshop.svg\",\"contentUrl\":\"https:\\\/\\\/districos.standingout.be\\\/wp-content\\\/uploads\\\/2022\\\/09\\\/Districos_Logo_Webshop.svg\",\"caption\":\"Districos Webshop\"},\"image\":{\"@id\":\"https:\\\/\\\/districos.standingout.be\\\/fr\\\/#\\\/schema\\\/logo\\\/image\\\/\"}}]}<\/script>\n<!-- \/ Yoast SEO plugin. -->","yoast_head_json":{"title":"Cobra \u00c9ponge PVA Douce Traditionnelle Compress\u00e9e 10 pcs. - Districos Webshop","robots":{"index":"noindex","follow":"follow","max-snippet":"max-snippet:-1","max-image-preview":"max-image-preview:large","max-video-preview":"max-video-preview:-1"},"og_locale":"fr_FR","og_type":"article","og_title":"Cobra \u00c9ponge PVA Douce Traditionnelle Compress\u00e9e 10 pcs. - Districos Webshop","og_description":"D\u00e9couvrez les \u00e9ponges traditionnelles de Cobra dans une formule compress\u00e9e. Apr\u00e8s le contact avec l\u2019eau, l\u2019\u00e9ponge devient douce et pr\u00eate \u00e0 l\u2019emploi. Les \u00e9ponges durcissent pendant le s\u00e9chage, ce qui emp\u00eache le d\u00e9veloppement des germes. \u00c9ponge PVA Douce Traditionnelle Compress\u00e9e Structure fine (petite taille de pores) Douce au toucher Id\u00e9ale pour enlever le maquillage : [&hellip;]","og_url":"https:\/\/districos.standingout.be\/fr\/product\/cobra-eponge-pva-douce-traditionnelle-compressee-10-pcs-ref-8859-2\/","og_site_name":"Districos Webshop","article_modified_time":"2026-04-28T10:49:03+00:00","twitter_card":"summary_large_image","twitter_misc":{"Dur\u00e9e de lecture estim\u00e9e":"1 minute"},"schema":{"@context":"https:\/\/schema.org","@graph":[{"@type":"WebPage","@id":"https:\/\/districos.standingout.be\/fr\/product\/cobra-eponge-pva-douce-traditionnelle-compressee-10-pcs-ref-8859-2\/","url":"https:\/\/districos.standingout.be\/fr\/product\/cobra-eponge-pva-douce-traditionnelle-compressee-10-pcs-ref-8859-2\/","name":"Cobra \u00c9ponge PVA Douce Traditionnelle Compress\u00e9e 10 pcs. - Districos Webshop","isPartOf":{"@id":"https:\/\/districos.standingout.be\/fr\/#website"},"primaryImageOfPage":{"@id":"https:\/\/districos.standingout.be\/fr\/product\/cobra-eponge-pva-douce-traditionnelle-compressee-10-pcs-ref-8859-2\/#primaryimage"},"image":{"@id":"https:\/\/districos.standingout.be\/fr\/product\/cobra-eponge-pva-douce-traditionnelle-compressee-10-pcs-ref-8859-2\/#primaryimage"},"thumbnailUrl":"https:\/\/districos.standingout.be\/wp-content\/uploads\/2026\/03\/8859.2@LowRes_1_0.png","datePublished":"2026-04-28T10:48:59+00:00","dateModified":"2026-04-28T10:49:03+00:00","breadcrumb":{"@id":"https:\/\/districos.standingout.be\/fr\/product\/cobra-eponge-pva-douce-traditionnelle-compressee-10-pcs-ref-8859-2\/#breadcrumb"},"inLanguage":"fr-FR","potentialAction":[{"@type":"ReadAction","target":["https:\/\/districos.standingout.be\/fr\/product\/cobra-eponge-pva-douce-traditionnelle-compressee-10-pcs-ref-8859-2\/"]}]},{"@type":"ImageObject","inLanguage":"fr-FR","@id":"https:\/\/districos.standingout.be\/fr\/product\/cobra-eponge-pva-douce-traditionnelle-compressee-10-pcs-ref-8859-2\/#primaryimage","url":"https:\/\/districos.standingout.be\/wp-content\/uploads\/2026\/03\/8859.2@LowRes_1_0.png","contentUrl":"https:\/\/districos.standingout.be\/wp-content\/uploads\/2026\/03\/8859.2@LowRes_1_0.png","width":600,"height":600},{"@type":"BreadcrumbList","@id":"https:\/\/districos.standingout.be\/fr\/product\/cobra-eponge-pva-douce-traditionnelle-compressee-10-pcs-ref-8859-2\/#breadcrumb","itemListElement":[{"@type":"ListItem","position":1,"name":"Home","item":"https:\/\/districos.standingout.be\/fr\/bienvenue-chez-districos\/"},{"@type":"ListItem","position":2,"name":"Boutique","item":"https:\/\/districos.standingout.be\/fr\/boutique\/"},{"@type":"ListItem","position":3,"name":"Cobra \u00c9ponge PVA Douce Traditionnelle Compress\u00e9e 10 pcs."}]},{"@type":"WebSite","@id":"https:\/\/districos.standingout.be\/fr\/#website","url":"https:\/\/districos.standingout.be\/fr\/","name":"Districos Webshop","description":"","publisher":{"@id":"https:\/\/districos.standingout.be\/fr\/#organization"},"potentialAction":[{"@type":"SearchAction","target":{"@type":"EntryPoint","urlTemplate":"https:\/\/districos.standingout.be\/fr\/?s={search_term_string}"},"query-input":{"@type":"PropertyValueSpecification","valueRequired":true,"valueName":"search_term_string"}}],"inLanguage":"fr-FR"},{"@type":"Organization","@id":"https:\/\/districos.standingout.be\/fr\/#organization","name":"Districos Webshop","url":"https:\/\/districos.standingout.be\/fr\/","logo":{"@type":"ImageObject","inLanguage":"fr-FR","@id":"https:\/\/districos.standingout.be\/fr\/#\/schema\/logo\/image\/","url":"https:\/\/districos.standingout.be\/wp-content\/uploads\/2022\/09\/Districos_Logo_Webshop.svg","contentUrl":"https:\/\/districos.standingout.be\/wp-content\/uploads\/2022\/09\/Districos_Logo_Webshop.svg","caption":"Districos Webshop"},"image":{"@id":"https:\/\/districos.standingout.be\/fr\/#\/schema\/logo\/image\/"}}]}},"_links":{"self":[{"href":"https:\/\/districos.standingout.be\/fr\/wp-json\/wp\/v2\/product\/141447","targetHints":{"allow":["GET"]}}],"collection":[{"href":"https:\/\/districos.standingout.be\/fr\/wp-json\/wp\/v2\/product"}],"about":[{"href":"https:\/\/districos.standingout.be\/fr\/wp-json\/wp\/v2\/types\/product"}],"replies":[{"embeddable":true,"href":"https:\/\/districos.standingout.be\/fr\/wp-json\/wp\/v2\/comments?post=141447"}],"wp:featuredmedia":[{"embeddable":true,"href":"https:\/\/districos.standingout.be\/fr\/wp-json\/wp\/v2\/media\/112706"}],"wp:attachment":[{"href":"https:\/\/districos.standingout.be\/fr\/wp-json\/wp\/v2\/media?parent=141447"}],"wp:term":[{"taxonomy":"product_brand","embeddable":true,"href":"https:\/\/districos.standingout.be\/fr\/wp-json\/wp\/v2\/product_brand?post=141447"},{"taxonomy":"product_cat","embeddable":true,"href":"https:\/\/districos.standingout.be\/fr\/wp-json\/wp\/v2\/product_cat?post=141447"},{"taxonomy":"product_tag","embeddable":true,"href":"https:\/\/districos.standingout.be\/fr\/wp-json\/wp\/v2\/product_tag?post=141447"}],"curies":[{"name":"wp","href":"https:\/\/api.w.org\/{rel}","templated":true}]}}