{"id":141463,"date":"2026-04-28T12:49:27","date_gmt":"2026-04-28T10:49:27","guid":{"rendered":"https:\/\/webshopdistricoscom.webhosting.be\/product\/dbk-pince-diabetique-pour-ongles-incarnes-115-cm-15-mm-ref-8863-25\/"},"modified":"2026-04-28T12:49:29","modified_gmt":"2026-04-28T10:49:29","slug":"dbk-pince-diabetique-pour-ongles-incarnes-115-cm-15-mm-ref-8863-25","status":"publish","type":"product","link":"https:\/\/districos.standingout.be\/fr\/product\/dbk-pince-diabetique-pour-ongles-incarnes-115-cm-15-mm-ref-8863-25\/","title":{"rendered":"DBK Pince Diab\u00e9tique pour Ongles Incarn\u00e9s 11,5 cm\/15 mm"},"content":{"rendered":"<p >\n<p dir=ltr>Pince \u00e0 ongles incarn\u00e9s avec pointe arrondie et tranchant incis\u00e9 afin de r\u00e9duire le risque de blessures. Gr\u00e2ce au tranchant incis\u00e9, vous voyez mieux ce que vous faites. Id\u00e9ale pour les diab\u00e9tiques !<\/p>\n<p> Marque : DBK Solingen<\/p>\n<p> Bec : 15 mm <\/p><\/p>\n","protected":false},"excerpt":{"rendered":"<p>Pince \u00e0 ongles incarn\u00e9s avec pointe arrondie et tranchant incis\u00e9 afin de r\u00e9duire le risque de blessures. Gr\u00e2ce au tranchant incis\u00e9, vous voyez mieux ce que vous faites. Id\u00e9ale pour les diab\u00e9tiques ! Marque : DBK Solingen Bec : 15 mm<\/p>\n","protected":false},"featured_media":112796,"comment_status":"open","ping_status":"closed","template":"","meta":{"_acf_changed":false},"product_brand":[10372],"product_cat":[10170,9944,10046,10194],"product_tag":[],"class_list":{"0":"post-141463","1":"product","2":"type-product","3":"status-publish","4":"has-post-thumbnail","6":"product_brand-dbk-solingen-fr","7":"product_cat-fournitures-pour-cabinet-accessoires-accessoires-pedicure","8":"product_cat-beaute-pedicure-instruments","9":"product_cat-soins-des-pieds-podologie-instruments-pinces","10":"product_cat-fournitures-pour-cabinet-instruments-pinces","12":"first","13":"instock","14":"taxable","15":"shipping-taxable","16":"product-type-simple"},"acf":[],"yoast_head":"<!-- This site is optimized with the Yoast SEO plugin v27.3 - https:\/\/yoast.com\/product\/yoast-seo-wordpress\/ -->\n<title>DBK Pince Diab\u00e9tique pour Ongles Incarn\u00e9s 11,5 cm\/15 mm - Districos Webshop<\/title>\n<meta name=\"robots\" content=\"noindex, follow, max-snippet:-1, max-image-preview:large, max-video-preview:-1\" \/>\n<meta property=\"og:locale\" content=\"fr_FR\" \/>\n<meta property=\"og:type\" content=\"article\" \/>\n<meta property=\"og:title\" content=\"DBK Pince Diab\u00e9tique pour Ongles Incarn\u00e9s 11,5 cm\/15 mm - Districos Webshop\" \/>\n<meta property=\"og:description\" content=\"Pince \u00e0 ongles incarn\u00e9s avec pointe arrondie et tranchant incis\u00e9 afin de r\u00e9duire le risque de blessures. Gr\u00e2ce au tranchant incis\u00e9, vous voyez mieux ce que vous faites. Id\u00e9ale pour les diab\u00e9tiques ! Marque : DBK Solingen Bec : 15 mm\" \/>\n<meta property=\"og:url\" content=\"https:\/\/districos.standingout.be\/fr\/product\/dbk-pince-diabetique-pour-ongles-incarnes-115-cm-15-mm-ref-8863-25\/\" \/>\n<meta property=\"og:site_name\" content=\"Districos Webshop\" \/>\n<meta property=\"article:modified_time\" content=\"2026-04-28T10:49:29+00:00\" \/>\n<meta name=\"twitter:card\" content=\"summary_large_image\" \/>\n<script type=\"application\/ld+json\" class=\"yoast-schema-graph\">{\"@context\":\"https:\\\/\\\/schema.org\",\"@graph\":[{\"@type\":\"WebPage\",\"@id\":\"https:\\\/\\\/districos.standingout.be\\\/fr\\\/product\\\/dbk-pince-diabetique-pour-ongles-incarnes-115-cm-15-mm-ref-8863-25\\\/\",\"url\":\"https:\\\/\\\/districos.standingout.be\\\/fr\\\/product\\\/dbk-pince-diabetique-pour-ongles-incarnes-115-cm-15-mm-ref-8863-25\\\/\",\"name\":\"DBK Pince Diab\u00e9tique pour Ongles Incarn\u00e9s 11,5 cm\\\/15 mm - Districos Webshop\",\"isPartOf\":{\"@id\":\"https:\\\/\\\/districos.standingout.be\\\/fr\\\/#website\"},\"primaryImageOfPage\":{\"@id\":\"https:\\\/\\\/districos.standingout.be\\\/fr\\\/product\\\/dbk-pince-diabetique-pour-ongles-incarnes-115-cm-15-mm-ref-8863-25\\\/#primaryimage\"},\"image\":{\"@id\":\"https:\\\/\\\/districos.standingout.be\\\/fr\\\/product\\\/dbk-pince-diabetique-pour-ongles-incarnes-115-cm-15-mm-ref-8863-25\\\/#primaryimage\"},\"thumbnailUrl\":\"https:\\\/\\\/districos.standingout.be\\\/wp-content\\\/uploads\\\/2026\\\/03\\\/8863.25@LowRes_1_0.png\",\"datePublished\":\"2026-04-28T10:49:27+00:00\",\"dateModified\":\"2026-04-28T10:49:29+00:00\",\"breadcrumb\":{\"@id\":\"https:\\\/\\\/districos.standingout.be\\\/fr\\\/product\\\/dbk-pince-diabetique-pour-ongles-incarnes-115-cm-15-mm-ref-8863-25\\\/#breadcrumb\"},\"inLanguage\":\"fr-FR\",\"potentialAction\":[{\"@type\":\"ReadAction\",\"target\":[\"https:\\\/\\\/districos.standingout.be\\\/fr\\\/product\\\/dbk-pince-diabetique-pour-ongles-incarnes-115-cm-15-mm-ref-8863-25\\\/\"]}]},{\"@type\":\"ImageObject\",\"inLanguage\":\"fr-FR\",\"@id\":\"https:\\\/\\\/districos.standingout.be\\\/fr\\\/product\\\/dbk-pince-diabetique-pour-ongles-incarnes-115-cm-15-mm-ref-8863-25\\\/#primaryimage\",\"url\":\"https:\\\/\\\/districos.standingout.be\\\/wp-content\\\/uploads\\\/2026\\\/03\\\/8863.25@LowRes_1_0.png\",\"contentUrl\":\"https:\\\/\\\/districos.standingout.be\\\/wp-content\\\/uploads\\\/2026\\\/03\\\/8863.25@LowRes_1_0.png\",\"width\":600,\"height\":600},{\"@type\":\"BreadcrumbList\",\"@id\":\"https:\\\/\\\/districos.standingout.be\\\/fr\\\/product\\\/dbk-pince-diabetique-pour-ongles-incarnes-115-cm-15-mm-ref-8863-25\\\/#breadcrumb\",\"itemListElement\":[{\"@type\":\"ListItem\",\"position\":1,\"name\":\"Home\",\"item\":\"https:\\\/\\\/districos.standingout.be\\\/fr\\\/bienvenue-chez-districos\\\/\"},{\"@type\":\"ListItem\",\"position\":2,\"name\":\"Boutique\",\"item\":\"https:\\\/\\\/districos.standingout.be\\\/fr\\\/boutique\\\/\"},{\"@type\":\"ListItem\",\"position\":3,\"name\":\"DBK Pince Diab\u00e9tique pour Ongles Incarn\u00e9s 11,5 cm\\\/15 mm\"}]},{\"@type\":\"WebSite\",\"@id\":\"https:\\\/\\\/districos.standingout.be\\\/fr\\\/#website\",\"url\":\"https:\\\/\\\/districos.standingout.be\\\/fr\\\/\",\"name\":\"Districos Webshop\",\"description\":\"\",\"publisher\":{\"@id\":\"https:\\\/\\\/districos.standingout.be\\\/fr\\\/#organization\"},\"potentialAction\":[{\"@type\":\"SearchAction\",\"target\":{\"@type\":\"EntryPoint\",\"urlTemplate\":\"https:\\\/\\\/districos.standingout.be\\\/fr\\\/?s={search_term_string}\"},\"query-input\":{\"@type\":\"PropertyValueSpecification\",\"valueRequired\":true,\"valueName\":\"search_term_string\"}}],\"inLanguage\":\"fr-FR\"},{\"@type\":\"Organization\",\"@id\":\"https:\\\/\\\/districos.standingout.be\\\/fr\\\/#organization\",\"name\":\"Districos Webshop\",\"url\":\"https:\\\/\\\/districos.standingout.be\\\/fr\\\/\",\"logo\":{\"@type\":\"ImageObject\",\"inLanguage\":\"fr-FR\",\"@id\":\"https:\\\/\\\/districos.standingout.be\\\/fr\\\/#\\\/schema\\\/logo\\\/image\\\/\",\"url\":\"https:\\\/\\\/districos.standingout.be\\\/wp-content\\\/uploads\\\/2022\\\/09\\\/Districos_Logo_Webshop.svg\",\"contentUrl\":\"https:\\\/\\\/districos.standingout.be\\\/wp-content\\\/uploads\\\/2022\\\/09\\\/Districos_Logo_Webshop.svg\",\"caption\":\"Districos Webshop\"},\"image\":{\"@id\":\"https:\\\/\\\/districos.standingout.be\\\/fr\\\/#\\\/schema\\\/logo\\\/image\\\/\"}}]}<\/script>\n<!-- \/ Yoast SEO plugin. -->","yoast_head_json":{"title":"DBK Pince Diab\u00e9tique pour Ongles Incarn\u00e9s 11,5 cm\/15 mm - Districos Webshop","robots":{"index":"noindex","follow":"follow","max-snippet":"max-snippet:-1","max-image-preview":"max-image-preview:large","max-video-preview":"max-video-preview:-1"},"og_locale":"fr_FR","og_type":"article","og_title":"DBK Pince Diab\u00e9tique pour Ongles Incarn\u00e9s 11,5 cm\/15 mm - Districos Webshop","og_description":"Pince \u00e0 ongles incarn\u00e9s avec pointe arrondie et tranchant incis\u00e9 afin de r\u00e9duire le risque de blessures. Gr\u00e2ce au tranchant incis\u00e9, vous voyez mieux ce que vous faites. Id\u00e9ale pour les diab\u00e9tiques ! Marque : DBK Solingen Bec : 15 mm","og_url":"https:\/\/districos.standingout.be\/fr\/product\/dbk-pince-diabetique-pour-ongles-incarnes-115-cm-15-mm-ref-8863-25\/","og_site_name":"Districos Webshop","article_modified_time":"2026-04-28T10:49:29+00:00","twitter_card":"summary_large_image","schema":{"@context":"https:\/\/schema.org","@graph":[{"@type":"WebPage","@id":"https:\/\/districos.standingout.be\/fr\/product\/dbk-pince-diabetique-pour-ongles-incarnes-115-cm-15-mm-ref-8863-25\/","url":"https:\/\/districos.standingout.be\/fr\/product\/dbk-pince-diabetique-pour-ongles-incarnes-115-cm-15-mm-ref-8863-25\/","name":"DBK Pince Diab\u00e9tique pour Ongles Incarn\u00e9s 11,5 cm\/15 mm - Districos Webshop","isPartOf":{"@id":"https:\/\/districos.standingout.be\/fr\/#website"},"primaryImageOfPage":{"@id":"https:\/\/districos.standingout.be\/fr\/product\/dbk-pince-diabetique-pour-ongles-incarnes-115-cm-15-mm-ref-8863-25\/#primaryimage"},"image":{"@id":"https:\/\/districos.standingout.be\/fr\/product\/dbk-pince-diabetique-pour-ongles-incarnes-115-cm-15-mm-ref-8863-25\/#primaryimage"},"thumbnailUrl":"https:\/\/districos.standingout.be\/wp-content\/uploads\/2026\/03\/8863.25@LowRes_1_0.png","datePublished":"2026-04-28T10:49:27+00:00","dateModified":"2026-04-28T10:49:29+00:00","breadcrumb":{"@id":"https:\/\/districos.standingout.be\/fr\/product\/dbk-pince-diabetique-pour-ongles-incarnes-115-cm-15-mm-ref-8863-25\/#breadcrumb"},"inLanguage":"fr-FR","potentialAction":[{"@type":"ReadAction","target":["https:\/\/districos.standingout.be\/fr\/product\/dbk-pince-diabetique-pour-ongles-incarnes-115-cm-15-mm-ref-8863-25\/"]}]},{"@type":"ImageObject","inLanguage":"fr-FR","@id":"https:\/\/districos.standingout.be\/fr\/product\/dbk-pince-diabetique-pour-ongles-incarnes-115-cm-15-mm-ref-8863-25\/#primaryimage","url":"https:\/\/districos.standingout.be\/wp-content\/uploads\/2026\/03\/8863.25@LowRes_1_0.png","contentUrl":"https:\/\/districos.standingout.be\/wp-content\/uploads\/2026\/03\/8863.25@LowRes_1_0.png","width":600,"height":600},{"@type":"BreadcrumbList","@id":"https:\/\/districos.standingout.be\/fr\/product\/dbk-pince-diabetique-pour-ongles-incarnes-115-cm-15-mm-ref-8863-25\/#breadcrumb","itemListElement":[{"@type":"ListItem","position":1,"name":"Home","item":"https:\/\/districos.standingout.be\/fr\/bienvenue-chez-districos\/"},{"@type":"ListItem","position":2,"name":"Boutique","item":"https:\/\/districos.standingout.be\/fr\/boutique\/"},{"@type":"ListItem","position":3,"name":"DBK Pince Diab\u00e9tique pour Ongles Incarn\u00e9s 11,5 cm\/15 mm"}]},{"@type":"WebSite","@id":"https:\/\/districos.standingout.be\/fr\/#website","url":"https:\/\/districos.standingout.be\/fr\/","name":"Districos Webshop","description":"","publisher":{"@id":"https:\/\/districos.standingout.be\/fr\/#organization"},"potentialAction":[{"@type":"SearchAction","target":{"@type":"EntryPoint","urlTemplate":"https:\/\/districos.standingout.be\/fr\/?s={search_term_string}"},"query-input":{"@type":"PropertyValueSpecification","valueRequired":true,"valueName":"search_term_string"}}],"inLanguage":"fr-FR"},{"@type":"Organization","@id":"https:\/\/districos.standingout.be\/fr\/#organization","name":"Districos Webshop","url":"https:\/\/districos.standingout.be\/fr\/","logo":{"@type":"ImageObject","inLanguage":"fr-FR","@id":"https:\/\/districos.standingout.be\/fr\/#\/schema\/logo\/image\/","url":"https:\/\/districos.standingout.be\/wp-content\/uploads\/2022\/09\/Districos_Logo_Webshop.svg","contentUrl":"https:\/\/districos.standingout.be\/wp-content\/uploads\/2022\/09\/Districos_Logo_Webshop.svg","caption":"Districos Webshop"},"image":{"@id":"https:\/\/districos.standingout.be\/fr\/#\/schema\/logo\/image\/"}}]}},"_links":{"self":[{"href":"https:\/\/districos.standingout.be\/fr\/wp-json\/wp\/v2\/product\/141463","targetHints":{"allow":["GET"]}}],"collection":[{"href":"https:\/\/districos.standingout.be\/fr\/wp-json\/wp\/v2\/product"}],"about":[{"href":"https:\/\/districos.standingout.be\/fr\/wp-json\/wp\/v2\/types\/product"}],"replies":[{"embeddable":true,"href":"https:\/\/districos.standingout.be\/fr\/wp-json\/wp\/v2\/comments?post=141463"}],"wp:featuredmedia":[{"embeddable":true,"href":"https:\/\/districos.standingout.be\/fr\/wp-json\/wp\/v2\/media\/112796"}],"wp:attachment":[{"href":"https:\/\/districos.standingout.be\/fr\/wp-json\/wp\/v2\/media?parent=141463"}],"wp:term":[{"taxonomy":"product_brand","embeddable":true,"href":"https:\/\/districos.standingout.be\/fr\/wp-json\/wp\/v2\/product_brand?post=141463"},{"taxonomy":"product_cat","embeddable":true,"href":"https:\/\/districos.standingout.be\/fr\/wp-json\/wp\/v2\/product_cat?post=141463"},{"taxonomy":"product_tag","embeddable":true,"href":"https:\/\/districos.standingout.be\/fr\/wp-json\/wp\/v2\/product_tag?post=141463"}],"curies":[{"name":"wp","href":"https:\/\/api.w.org\/{rel}","templated":true}]}}