{"id":141473,"date":"2026-04-28T12:50:21","date_gmt":"2026-04-28T10:50:21","guid":{"rendered":"https:\/\/webshopdistricoscom.webhosting.be\/product\/dbm-pince-coins-ongles-fine-115-cm-ref-8864-10\/"},"modified":"2026-04-28T12:50:26","modified_gmt":"2026-04-28T10:50:26","slug":"dbm-pince-coins-ongles-fine-115-cm-ref-8864-10","status":"publish","type":"product","link":"https:\/\/districos.standingout.be\/fr\/product\/dbm-pince-coins-ongles-fine-115-cm-ref-8864-10\/","title":{"rendered":"DBM Pince Coins Ongles Fine 11,5 cm"},"content":{"rendered":"<p >\n<\/p>\n<\/p>\n<p><i>Pince ergonomique \u00e0 t\u00eate fine pour l\u2019extraction des ongles incarn\u00e9s. Id\u00e9ale pour un travail de pr\u00e9cision dans le sillon ungu\u00e9al.<\/i><\/p>\n<p><font size=\"3\"><b>Pinces et instruments DBM Medical<\/b><\/font><\/p>\n<p><b><i>Durables, de haute qualit\u00e9 et parfaitement ergonomiques<\/i><\/b><\/p>\n<p>Les pinces et instruments DBM Medical sont fabriqu\u00e9s en acier inoxydable de haute qualit\u00e9 (REMANIT 4021, conforme \u00e0 la norme EN 10204) et r\u00e9pondent aux normes de qualit\u00e9 les plus strictes. Ils sont enregistr\u00e9s comme dispositif m\u00e9dical de classe I selon le r\u00e8glement europ\u00e9en MDR (UE) 2017\/745.<\/p>\n<p>Con\u00e7us pour un usage durable et intensif, ils r\u00e9sistent \u00e0 une st\u00e9rilisation jusqu\u2019\u00e0 180 \u00b0C et sont parfaitement adapt\u00e9s au travail m\u00e9dical professionnel.<\/p>\n<p>De plus, leur conception ergonomique assure une excellente prise en main, afin de traiter vos patients avec confort et pr\u00e9cision.&nbsp;<\/p>\n<p>D\u00e9couvrez la&nbsp;<a href=\"https:\/\/webshop.districos.com\/search?SearchText=dbm\" target=\"_blank\" rel=\"noopener noreferrer nofollow\">gamme compl\u00e8te<\/a>&nbsp;de DBM Medical.<\/p>\n","protected":false},"excerpt":{"rendered":"<p>Pince ergonomique \u00e0 t\u00eate fine pour l\u2019extraction des ongles incarn\u00e9s. Id\u00e9ale pour un travail de pr\u00e9cision dans le sillon ungu\u00e9al. Pinces et instruments DBM Medical Durables, de haute qualit\u00e9 et parfaitement ergonomiques Les pinces et instruments DBM Medical sont fabriqu\u00e9s en acier inoxydable de haute qualit\u00e9 (REMANIT 4021, conforme \u00e0 la norme EN 10204) et [&hellip;]<\/p>\n","protected":false},"featured_media":148450,"comment_status":"open","ping_status":"closed","template":"","meta":{"_acf_changed":false},"product_brand":[10374],"product_cat":[10170,9944,10194,10046],"product_tag":[],"class_list":{"0":"post-141473","1":"product","2":"type-product","3":"status-publish","4":"has-post-thumbnail","6":"product_brand-dbm-medical-fr","7":"product_cat-fournitures-pour-cabinet-accessoires-accessoires-pedicure","8":"product_cat-beaute-pedicure-instruments","9":"product_cat-fournitures-pour-cabinet-instruments-pinces","10":"product_cat-soins-des-pieds-podologie-instruments-pinces","12":"first","13":"instock","14":"taxable","15":"shipping-taxable","16":"product-type-simple"},"acf":[],"yoast_head":"<!-- This site is optimized with the Yoast SEO plugin v27.3 - https:\/\/yoast.com\/product\/yoast-seo-wordpress\/ -->\n<title>DBM Pince Coins Ongles Fine 11,5 cm - Districos Webshop<\/title>\n<meta name=\"robots\" content=\"noindex, follow, max-snippet:-1, max-image-preview:large, max-video-preview:-1\" \/>\n<meta property=\"og:locale\" content=\"fr_FR\" \/>\n<meta property=\"og:type\" content=\"article\" \/>\n<meta property=\"og:title\" content=\"DBM Pince Coins Ongles Fine 11,5 cm - Districos Webshop\" \/>\n<meta property=\"og:description\" content=\"Pince ergonomique \u00e0 t\u00eate fine pour l\u2019extraction des ongles incarn\u00e9s. Id\u00e9ale pour un travail de pr\u00e9cision dans le sillon ungu\u00e9al. Pinces et instruments DBM Medical Durables, de haute qualit\u00e9 et parfaitement ergonomiques Les pinces et instruments DBM Medical sont fabriqu\u00e9s en acier inoxydable de haute qualit\u00e9 (REMANIT 4021, conforme \u00e0 la norme EN 10204) et [&hellip;]\" \/>\n<meta property=\"og:url\" content=\"https:\/\/districos.standingout.be\/fr\/product\/dbm-pince-coins-ongles-fine-115-cm-ref-8864-10\/\" \/>\n<meta property=\"og:site_name\" content=\"Districos Webshop\" \/>\n<meta property=\"article:modified_time\" content=\"2026-04-28T10:50:26+00:00\" \/>\n<meta name=\"twitter:card\" content=\"summary_large_image\" \/>\n<meta name=\"twitter:label1\" content=\"Dur\u00e9e de lecture estim\u00e9e\" \/>\n\t<meta name=\"twitter:data1\" content=\"1 minute\" \/>\n<script type=\"application\/ld+json\" class=\"yoast-schema-graph\">{\"@context\":\"https:\\\/\\\/schema.org\",\"@graph\":[{\"@type\":\"WebPage\",\"@id\":\"https:\\\/\\\/districos.standingout.be\\\/fr\\\/product\\\/dbm-pince-coins-ongles-fine-115-cm-ref-8864-10\\\/\",\"url\":\"https:\\\/\\\/districos.standingout.be\\\/fr\\\/product\\\/dbm-pince-coins-ongles-fine-115-cm-ref-8864-10\\\/\",\"name\":\"DBM Pince Coins Ongles Fine 11,5 cm - Districos Webshop\",\"isPartOf\":{\"@id\":\"https:\\\/\\\/districos.standingout.be\\\/fr\\\/#website\"},\"primaryImageOfPage\":{\"@id\":\"https:\\\/\\\/districos.standingout.be\\\/fr\\\/product\\\/dbm-pince-coins-ongles-fine-115-cm-ref-8864-10\\\/#primaryimage\"},\"image\":{\"@id\":\"https:\\\/\\\/districos.standingout.be\\\/fr\\\/product\\\/dbm-pince-coins-ongles-fine-115-cm-ref-8864-10\\\/#primaryimage\"},\"thumbnailUrl\":\"https:\\\/\\\/districos.standingout.be\\\/wp-content\\\/uploads\\\/2026\\\/04\\\/8864.10@DBM-Fijne-Nagelhoektang-115-cm_1.png\",\"datePublished\":\"2026-04-28T10:50:21+00:00\",\"dateModified\":\"2026-04-28T10:50:26+00:00\",\"breadcrumb\":{\"@id\":\"https:\\\/\\\/districos.standingout.be\\\/fr\\\/product\\\/dbm-pince-coins-ongles-fine-115-cm-ref-8864-10\\\/#breadcrumb\"},\"inLanguage\":\"fr-FR\",\"potentialAction\":[{\"@type\":\"ReadAction\",\"target\":[\"https:\\\/\\\/districos.standingout.be\\\/fr\\\/product\\\/dbm-pince-coins-ongles-fine-115-cm-ref-8864-10\\\/\"]}]},{\"@type\":\"ImageObject\",\"inLanguage\":\"fr-FR\",\"@id\":\"https:\\\/\\\/districos.standingout.be\\\/fr\\\/product\\\/dbm-pince-coins-ongles-fine-115-cm-ref-8864-10\\\/#primaryimage\",\"url\":\"https:\\\/\\\/districos.standingout.be\\\/wp-content\\\/uploads\\\/2026\\\/04\\\/8864.10@DBM-Fijne-Nagelhoektang-115-cm_1.png\",\"contentUrl\":\"https:\\\/\\\/districos.standingout.be\\\/wp-content\\\/uploads\\\/2026\\\/04\\\/8864.10@DBM-Fijne-Nagelhoektang-115-cm_1.png\",\"width\":600,\"height\":600},{\"@type\":\"BreadcrumbList\",\"@id\":\"https:\\\/\\\/districos.standingout.be\\\/fr\\\/product\\\/dbm-pince-coins-ongles-fine-115-cm-ref-8864-10\\\/#breadcrumb\",\"itemListElement\":[{\"@type\":\"ListItem\",\"position\":1,\"name\":\"Home\",\"item\":\"https:\\\/\\\/districos.standingout.be\\\/fr\\\/bienvenue-chez-districos\\\/\"},{\"@type\":\"ListItem\",\"position\":2,\"name\":\"Boutique\",\"item\":\"https:\\\/\\\/districos.standingout.be\\\/fr\\\/boutique\\\/\"},{\"@type\":\"ListItem\",\"position\":3,\"name\":\"DBM Pince Coins Ongles Fine 11,5 cm\"}]},{\"@type\":\"WebSite\",\"@id\":\"https:\\\/\\\/districos.standingout.be\\\/fr\\\/#website\",\"url\":\"https:\\\/\\\/districos.standingout.be\\\/fr\\\/\",\"name\":\"Districos Webshop\",\"description\":\"\",\"publisher\":{\"@id\":\"https:\\\/\\\/districos.standingout.be\\\/fr\\\/#organization\"},\"potentialAction\":[{\"@type\":\"SearchAction\",\"target\":{\"@type\":\"EntryPoint\",\"urlTemplate\":\"https:\\\/\\\/districos.standingout.be\\\/fr\\\/?s={search_term_string}\"},\"query-input\":{\"@type\":\"PropertyValueSpecification\",\"valueRequired\":true,\"valueName\":\"search_term_string\"}}],\"inLanguage\":\"fr-FR\"},{\"@type\":\"Organization\",\"@id\":\"https:\\\/\\\/districos.standingout.be\\\/fr\\\/#organization\",\"name\":\"Districos Webshop\",\"url\":\"https:\\\/\\\/districos.standingout.be\\\/fr\\\/\",\"logo\":{\"@type\":\"ImageObject\",\"inLanguage\":\"fr-FR\",\"@id\":\"https:\\\/\\\/districos.standingout.be\\\/fr\\\/#\\\/schema\\\/logo\\\/image\\\/\",\"url\":\"https:\\\/\\\/districos.standingout.be\\\/wp-content\\\/uploads\\\/2022\\\/09\\\/Districos_Logo_Webshop.svg\",\"contentUrl\":\"https:\\\/\\\/districos.standingout.be\\\/wp-content\\\/uploads\\\/2022\\\/09\\\/Districos_Logo_Webshop.svg\",\"caption\":\"Districos Webshop\"},\"image\":{\"@id\":\"https:\\\/\\\/districos.standingout.be\\\/fr\\\/#\\\/schema\\\/logo\\\/image\\\/\"}}]}<\/script>\n<!-- \/ Yoast SEO plugin. -->","yoast_head_json":{"title":"DBM Pince Coins Ongles Fine 11,5 cm - Districos Webshop","robots":{"index":"noindex","follow":"follow","max-snippet":"max-snippet:-1","max-image-preview":"max-image-preview:large","max-video-preview":"max-video-preview:-1"},"og_locale":"fr_FR","og_type":"article","og_title":"DBM Pince Coins Ongles Fine 11,5 cm - Districos Webshop","og_description":"Pince ergonomique \u00e0 t\u00eate fine pour l\u2019extraction des ongles incarn\u00e9s. Id\u00e9ale pour un travail de pr\u00e9cision dans le sillon ungu\u00e9al. Pinces et instruments DBM Medical Durables, de haute qualit\u00e9 et parfaitement ergonomiques Les pinces et instruments DBM Medical sont fabriqu\u00e9s en acier inoxydable de haute qualit\u00e9 (REMANIT 4021, conforme \u00e0 la norme EN 10204) et [&hellip;]","og_url":"https:\/\/districos.standingout.be\/fr\/product\/dbm-pince-coins-ongles-fine-115-cm-ref-8864-10\/","og_site_name":"Districos Webshop","article_modified_time":"2026-04-28T10:50:26+00:00","twitter_card":"summary_large_image","twitter_misc":{"Dur\u00e9e de lecture estim\u00e9e":"1 minute"},"schema":{"@context":"https:\/\/schema.org","@graph":[{"@type":"WebPage","@id":"https:\/\/districos.standingout.be\/fr\/product\/dbm-pince-coins-ongles-fine-115-cm-ref-8864-10\/","url":"https:\/\/districos.standingout.be\/fr\/product\/dbm-pince-coins-ongles-fine-115-cm-ref-8864-10\/","name":"DBM Pince Coins Ongles Fine 11,5 cm - Districos Webshop","isPartOf":{"@id":"https:\/\/districos.standingout.be\/fr\/#website"},"primaryImageOfPage":{"@id":"https:\/\/districos.standingout.be\/fr\/product\/dbm-pince-coins-ongles-fine-115-cm-ref-8864-10\/#primaryimage"},"image":{"@id":"https:\/\/districos.standingout.be\/fr\/product\/dbm-pince-coins-ongles-fine-115-cm-ref-8864-10\/#primaryimage"},"thumbnailUrl":"https:\/\/districos.standingout.be\/wp-content\/uploads\/2026\/04\/8864.10@DBM-Fijne-Nagelhoektang-115-cm_1.png","datePublished":"2026-04-28T10:50:21+00:00","dateModified":"2026-04-28T10:50:26+00:00","breadcrumb":{"@id":"https:\/\/districos.standingout.be\/fr\/product\/dbm-pince-coins-ongles-fine-115-cm-ref-8864-10\/#breadcrumb"},"inLanguage":"fr-FR","potentialAction":[{"@type":"ReadAction","target":["https:\/\/districos.standingout.be\/fr\/product\/dbm-pince-coins-ongles-fine-115-cm-ref-8864-10\/"]}]},{"@type":"ImageObject","inLanguage":"fr-FR","@id":"https:\/\/districos.standingout.be\/fr\/product\/dbm-pince-coins-ongles-fine-115-cm-ref-8864-10\/#primaryimage","url":"https:\/\/districos.standingout.be\/wp-content\/uploads\/2026\/04\/8864.10@DBM-Fijne-Nagelhoektang-115-cm_1.png","contentUrl":"https:\/\/districos.standingout.be\/wp-content\/uploads\/2026\/04\/8864.10@DBM-Fijne-Nagelhoektang-115-cm_1.png","width":600,"height":600},{"@type":"BreadcrumbList","@id":"https:\/\/districos.standingout.be\/fr\/product\/dbm-pince-coins-ongles-fine-115-cm-ref-8864-10\/#breadcrumb","itemListElement":[{"@type":"ListItem","position":1,"name":"Home","item":"https:\/\/districos.standingout.be\/fr\/bienvenue-chez-districos\/"},{"@type":"ListItem","position":2,"name":"Boutique","item":"https:\/\/districos.standingout.be\/fr\/boutique\/"},{"@type":"ListItem","position":3,"name":"DBM Pince Coins Ongles Fine 11,5 cm"}]},{"@type":"WebSite","@id":"https:\/\/districos.standingout.be\/fr\/#website","url":"https:\/\/districos.standingout.be\/fr\/","name":"Districos Webshop","description":"","publisher":{"@id":"https:\/\/districos.standingout.be\/fr\/#organization"},"potentialAction":[{"@type":"SearchAction","target":{"@type":"EntryPoint","urlTemplate":"https:\/\/districos.standingout.be\/fr\/?s={search_term_string}"},"query-input":{"@type":"PropertyValueSpecification","valueRequired":true,"valueName":"search_term_string"}}],"inLanguage":"fr-FR"},{"@type":"Organization","@id":"https:\/\/districos.standingout.be\/fr\/#organization","name":"Districos Webshop","url":"https:\/\/districos.standingout.be\/fr\/","logo":{"@type":"ImageObject","inLanguage":"fr-FR","@id":"https:\/\/districos.standingout.be\/fr\/#\/schema\/logo\/image\/","url":"https:\/\/districos.standingout.be\/wp-content\/uploads\/2022\/09\/Districos_Logo_Webshop.svg","contentUrl":"https:\/\/districos.standingout.be\/wp-content\/uploads\/2022\/09\/Districos_Logo_Webshop.svg","caption":"Districos Webshop"},"image":{"@id":"https:\/\/districos.standingout.be\/fr\/#\/schema\/logo\/image\/"}}]}},"_links":{"self":[{"href":"https:\/\/districos.standingout.be\/fr\/wp-json\/wp\/v2\/product\/141473","targetHints":{"allow":["GET"]}}],"collection":[{"href":"https:\/\/districos.standingout.be\/fr\/wp-json\/wp\/v2\/product"}],"about":[{"href":"https:\/\/districos.standingout.be\/fr\/wp-json\/wp\/v2\/types\/product"}],"replies":[{"embeddable":true,"href":"https:\/\/districos.standingout.be\/fr\/wp-json\/wp\/v2\/comments?post=141473"}],"wp:featuredmedia":[{"embeddable":true,"href":"https:\/\/districos.standingout.be\/fr\/wp-json\/wp\/v2\/media\/148450"}],"wp:attachment":[{"href":"https:\/\/districos.standingout.be\/fr\/wp-json\/wp\/v2\/media?parent=141473"}],"wp:term":[{"taxonomy":"product_brand","embeddable":true,"href":"https:\/\/districos.standingout.be\/fr\/wp-json\/wp\/v2\/product_brand?post=141473"},{"taxonomy":"product_cat","embeddable":true,"href":"https:\/\/districos.standingout.be\/fr\/wp-json\/wp\/v2\/product_cat?post=141473"},{"taxonomy":"product_tag","embeddable":true,"href":"https:\/\/districos.standingout.be\/fr\/wp-json\/wp\/v2\/product_tag?post=141473"}],"curies":[{"name":"wp","href":"https:\/\/api.w.org\/{rel}","templated":true}]}}