{"id":141485,"date":"2026-04-28T12:50:47","date_gmt":"2026-04-28T10:50:47","guid":{"rendered":"https:\/\/webshopdistricoscom.webhosting.be\/product\/dbm-grattoir-gouge-plate-courbee-14-cm-ref-8864-41\/"},"modified":"2026-04-28T12:50:50","modified_gmt":"2026-04-28T10:50:50","slug":"dbm-grattoir-gouge-plate-courbee-14-cm-ref-8864-41","status":"publish","type":"product","link":"https:\/\/districos.standingout.be\/fr\/product\/dbm-grattoir-gouge-plate-courbee-14-cm-ref-8864-41\/","title":{"rendered":"DBM Grattoir \/ Gouge Plate Courb\u00e9e 14 cm"},"content":{"rendered":"<p >\n<p><font size=\"3\"><b>Pinces et instruments DBM Medical<\/b><\/font><\/p>\n<p><font size=\"3\"><br \/><\/font><\/p>\n<p><b><i>Durables, de haute qualit\u00e9 et parfaitement ergonomiques<\/i><\/b><\/p>\n<p>Les pinces et instruments DBM Medical sont fabriqu\u00e9s en acier inoxydable de haute qualit\u00e9 (REMANIT 4021, conforme \u00e0 la norme EN 10204) et r\u00e9pondent aux normes de qualit\u00e9 les plus strictes. Ils sont enregistr\u00e9s comme dispositif m\u00e9dical de classe I selon le r\u00e8glement europ\u00e9en MDR (UE) 2017\/745.<\/p>\n<p>Con\u00e7us pour un usage durable et intensif, ils r\u00e9sistent \u00e0 une st\u00e9rilisation jusqu\u2019\u00e0 180 \u00b0C et sont parfaitement adapt\u00e9s au travail m\u00e9dical professionnel.<\/p>\n<p>De plus, leur conception ergonomique assure une excellente prise en main, afin de traiter vos patients avec confort et pr\u00e9cision.&nbsp;<\/p>\n<p><\/p>\n<p>D\u00e9couvrez la&nbsp;<a href=\"https:\/\/webshop.districos.com\/search?SearchText=dbm\" target=\"_blank\" rel=\"noopener noreferrer nofollow\">gamme compl\u00e8te<\/a>&nbsp;de DBM Medical.<\/p>\n","protected":false},"excerpt":{"rendered":"<p>Pinces et instruments DBM Medical Durables, de haute qualit\u00e9 et parfaitement ergonomiques Les pinces et instruments DBM Medical sont fabriqu\u00e9s en acier inoxydable de haute qualit\u00e9 (REMANIT 4021, conforme \u00e0 la norme EN 10204) et r\u00e9pondent aux normes de qualit\u00e9 les plus strictes. Ils sont enregistr\u00e9s comme dispositif m\u00e9dical de classe I selon le r\u00e8glement [&hellip;]<\/p>\n","protected":false},"featured_media":148476,"comment_status":"open","ping_status":"closed","template":"","meta":{"_acf_changed":false},"product_brand":[10374],"product_cat":[10170,9944],"product_tag":[],"class_list":{"0":"post-141485","1":"product","2":"type-product","3":"status-publish","4":"has-post-thumbnail","6":"product_brand-dbm-medical-fr","7":"product_cat-fournitures-pour-cabinet-accessoires-accessoires-pedicure","8":"product_cat-beaute-pedicure-instruments","10":"first","11":"instock","12":"taxable","13":"shipping-taxable","14":"product-type-simple"},"acf":[],"yoast_head":"<!-- This site is optimized with the Yoast SEO plugin v27.3 - https:\/\/yoast.com\/product\/yoast-seo-wordpress\/ -->\n<title>DBM Grattoir \/ Gouge Plate Courb\u00e9e 14 cm - Districos Webshop<\/title>\n<meta name=\"robots\" content=\"noindex, follow, max-snippet:-1, max-image-preview:large, max-video-preview:-1\" \/>\n<meta property=\"og:locale\" content=\"fr_FR\" \/>\n<meta property=\"og:type\" content=\"article\" \/>\n<meta property=\"og:title\" content=\"DBM Grattoir \/ Gouge Plate Courb\u00e9e 14 cm - Districos Webshop\" \/>\n<meta property=\"og:description\" content=\"Pinces et instruments DBM Medical Durables, de haute qualit\u00e9 et parfaitement ergonomiques Les pinces et instruments DBM Medical sont fabriqu\u00e9s en acier inoxydable de haute qualit\u00e9 (REMANIT 4021, conforme \u00e0 la norme EN 10204) et r\u00e9pondent aux normes de qualit\u00e9 les plus strictes. Ils sont enregistr\u00e9s comme dispositif m\u00e9dical de classe I selon le r\u00e8glement [&hellip;]\" \/>\n<meta property=\"og:url\" content=\"https:\/\/districos.standingout.be\/fr\/product\/dbm-grattoir-gouge-plate-courbee-14-cm-ref-8864-41\/\" \/>\n<meta property=\"og:site_name\" content=\"Districos Webshop\" \/>\n<meta property=\"article:modified_time\" content=\"2026-04-28T10:50:50+00:00\" \/>\n<meta name=\"twitter:card\" content=\"summary_large_image\" \/>\n<meta name=\"twitter:label1\" content=\"Dur\u00e9e de lecture estim\u00e9e\" \/>\n\t<meta name=\"twitter:data1\" content=\"1 minute\" \/>\n<script type=\"application\/ld+json\" class=\"yoast-schema-graph\">{\"@context\":\"https:\\\/\\\/schema.org\",\"@graph\":[{\"@type\":\"WebPage\",\"@id\":\"https:\\\/\\\/districos.standingout.be\\\/fr\\\/product\\\/dbm-grattoir-gouge-plate-courbee-14-cm-ref-8864-41\\\/\",\"url\":\"https:\\\/\\\/districos.standingout.be\\\/fr\\\/product\\\/dbm-grattoir-gouge-plate-courbee-14-cm-ref-8864-41\\\/\",\"name\":\"DBM Grattoir \\\/ Gouge Plate Courb\u00e9e 14 cm - Districos Webshop\",\"isPartOf\":{\"@id\":\"https:\\\/\\\/districos.standingout.be\\\/fr\\\/#website\"},\"primaryImageOfPage\":{\"@id\":\"https:\\\/\\\/districos.standingout.be\\\/fr\\\/product\\\/dbm-grattoir-gouge-plate-courbee-14-cm-ref-8864-41\\\/#primaryimage\"},\"image\":{\"@id\":\"https:\\\/\\\/districos.standingout.be\\\/fr\\\/product\\\/dbm-grattoir-gouge-plate-courbee-14-cm-ref-8864-41\\\/#primaryimage\"},\"thumbnailUrl\":\"https:\\\/\\\/districos.standingout.be\\\/wp-content\\\/uploads\\\/2026\\\/04\\\/8864.41@DBM-Schraper-Platte-Beitel-Gebogen-14-cm_1.png\",\"datePublished\":\"2026-04-28T10:50:47+00:00\",\"dateModified\":\"2026-04-28T10:50:50+00:00\",\"breadcrumb\":{\"@id\":\"https:\\\/\\\/districos.standingout.be\\\/fr\\\/product\\\/dbm-grattoir-gouge-plate-courbee-14-cm-ref-8864-41\\\/#breadcrumb\"},\"inLanguage\":\"fr-FR\",\"potentialAction\":[{\"@type\":\"ReadAction\",\"target\":[\"https:\\\/\\\/districos.standingout.be\\\/fr\\\/product\\\/dbm-grattoir-gouge-plate-courbee-14-cm-ref-8864-41\\\/\"]}]},{\"@type\":\"ImageObject\",\"inLanguage\":\"fr-FR\",\"@id\":\"https:\\\/\\\/districos.standingout.be\\\/fr\\\/product\\\/dbm-grattoir-gouge-plate-courbee-14-cm-ref-8864-41\\\/#primaryimage\",\"url\":\"https:\\\/\\\/districos.standingout.be\\\/wp-content\\\/uploads\\\/2026\\\/04\\\/8864.41@DBM-Schraper-Platte-Beitel-Gebogen-14-cm_1.png\",\"contentUrl\":\"https:\\\/\\\/districos.standingout.be\\\/wp-content\\\/uploads\\\/2026\\\/04\\\/8864.41@DBM-Schraper-Platte-Beitel-Gebogen-14-cm_1.png\",\"width\":600,\"height\":600},{\"@type\":\"BreadcrumbList\",\"@id\":\"https:\\\/\\\/districos.standingout.be\\\/fr\\\/product\\\/dbm-grattoir-gouge-plate-courbee-14-cm-ref-8864-41\\\/#breadcrumb\",\"itemListElement\":[{\"@type\":\"ListItem\",\"position\":1,\"name\":\"Home\",\"item\":\"https:\\\/\\\/districos.standingout.be\\\/fr\\\/bienvenue-chez-districos\\\/\"},{\"@type\":\"ListItem\",\"position\":2,\"name\":\"Boutique\",\"item\":\"https:\\\/\\\/districos.standingout.be\\\/fr\\\/boutique\\\/\"},{\"@type\":\"ListItem\",\"position\":3,\"name\":\"DBM Grattoir \\\/ Gouge Plate Courb\u00e9e 14 cm\"}]},{\"@type\":\"WebSite\",\"@id\":\"https:\\\/\\\/districos.standingout.be\\\/fr\\\/#website\",\"url\":\"https:\\\/\\\/districos.standingout.be\\\/fr\\\/\",\"name\":\"Districos Webshop\",\"description\":\"\",\"publisher\":{\"@id\":\"https:\\\/\\\/districos.standingout.be\\\/fr\\\/#organization\"},\"potentialAction\":[{\"@type\":\"SearchAction\",\"target\":{\"@type\":\"EntryPoint\",\"urlTemplate\":\"https:\\\/\\\/districos.standingout.be\\\/fr\\\/?s={search_term_string}\"},\"query-input\":{\"@type\":\"PropertyValueSpecification\",\"valueRequired\":true,\"valueName\":\"search_term_string\"}}],\"inLanguage\":\"fr-FR\"},{\"@type\":\"Organization\",\"@id\":\"https:\\\/\\\/districos.standingout.be\\\/fr\\\/#organization\",\"name\":\"Districos Webshop\",\"url\":\"https:\\\/\\\/districos.standingout.be\\\/fr\\\/\",\"logo\":{\"@type\":\"ImageObject\",\"inLanguage\":\"fr-FR\",\"@id\":\"https:\\\/\\\/districos.standingout.be\\\/fr\\\/#\\\/schema\\\/logo\\\/image\\\/\",\"url\":\"https:\\\/\\\/districos.standingout.be\\\/wp-content\\\/uploads\\\/2022\\\/09\\\/Districos_Logo_Webshop.svg\",\"contentUrl\":\"https:\\\/\\\/districos.standingout.be\\\/wp-content\\\/uploads\\\/2022\\\/09\\\/Districos_Logo_Webshop.svg\",\"caption\":\"Districos Webshop\"},\"image\":{\"@id\":\"https:\\\/\\\/districos.standingout.be\\\/fr\\\/#\\\/schema\\\/logo\\\/image\\\/\"}}]}<\/script>\n<!-- \/ Yoast SEO plugin. -->","yoast_head_json":{"title":"DBM Grattoir \/ Gouge Plate Courb\u00e9e 14 cm - Districos Webshop","robots":{"index":"noindex","follow":"follow","max-snippet":"max-snippet:-1","max-image-preview":"max-image-preview:large","max-video-preview":"max-video-preview:-1"},"og_locale":"fr_FR","og_type":"article","og_title":"DBM Grattoir \/ Gouge Plate Courb\u00e9e 14 cm - Districos Webshop","og_description":"Pinces et instruments DBM Medical Durables, de haute qualit\u00e9 et parfaitement ergonomiques Les pinces et instruments DBM Medical sont fabriqu\u00e9s en acier inoxydable de haute qualit\u00e9 (REMANIT 4021, conforme \u00e0 la norme EN 10204) et r\u00e9pondent aux normes de qualit\u00e9 les plus strictes. Ils sont enregistr\u00e9s comme dispositif m\u00e9dical de classe I selon le r\u00e8glement [&hellip;]","og_url":"https:\/\/districos.standingout.be\/fr\/product\/dbm-grattoir-gouge-plate-courbee-14-cm-ref-8864-41\/","og_site_name":"Districos Webshop","article_modified_time":"2026-04-28T10:50:50+00:00","twitter_card":"summary_large_image","twitter_misc":{"Dur\u00e9e de lecture estim\u00e9e":"1 minute"},"schema":{"@context":"https:\/\/schema.org","@graph":[{"@type":"WebPage","@id":"https:\/\/districos.standingout.be\/fr\/product\/dbm-grattoir-gouge-plate-courbee-14-cm-ref-8864-41\/","url":"https:\/\/districos.standingout.be\/fr\/product\/dbm-grattoir-gouge-plate-courbee-14-cm-ref-8864-41\/","name":"DBM Grattoir \/ Gouge Plate Courb\u00e9e 14 cm - Districos Webshop","isPartOf":{"@id":"https:\/\/districos.standingout.be\/fr\/#website"},"primaryImageOfPage":{"@id":"https:\/\/districos.standingout.be\/fr\/product\/dbm-grattoir-gouge-plate-courbee-14-cm-ref-8864-41\/#primaryimage"},"image":{"@id":"https:\/\/districos.standingout.be\/fr\/product\/dbm-grattoir-gouge-plate-courbee-14-cm-ref-8864-41\/#primaryimage"},"thumbnailUrl":"https:\/\/districos.standingout.be\/wp-content\/uploads\/2026\/04\/8864.41@DBM-Schraper-Platte-Beitel-Gebogen-14-cm_1.png","datePublished":"2026-04-28T10:50:47+00:00","dateModified":"2026-04-28T10:50:50+00:00","breadcrumb":{"@id":"https:\/\/districos.standingout.be\/fr\/product\/dbm-grattoir-gouge-plate-courbee-14-cm-ref-8864-41\/#breadcrumb"},"inLanguage":"fr-FR","potentialAction":[{"@type":"ReadAction","target":["https:\/\/districos.standingout.be\/fr\/product\/dbm-grattoir-gouge-plate-courbee-14-cm-ref-8864-41\/"]}]},{"@type":"ImageObject","inLanguage":"fr-FR","@id":"https:\/\/districos.standingout.be\/fr\/product\/dbm-grattoir-gouge-plate-courbee-14-cm-ref-8864-41\/#primaryimage","url":"https:\/\/districos.standingout.be\/wp-content\/uploads\/2026\/04\/8864.41@DBM-Schraper-Platte-Beitel-Gebogen-14-cm_1.png","contentUrl":"https:\/\/districos.standingout.be\/wp-content\/uploads\/2026\/04\/8864.41@DBM-Schraper-Platte-Beitel-Gebogen-14-cm_1.png","width":600,"height":600},{"@type":"BreadcrumbList","@id":"https:\/\/districos.standingout.be\/fr\/product\/dbm-grattoir-gouge-plate-courbee-14-cm-ref-8864-41\/#breadcrumb","itemListElement":[{"@type":"ListItem","position":1,"name":"Home","item":"https:\/\/districos.standingout.be\/fr\/bienvenue-chez-districos\/"},{"@type":"ListItem","position":2,"name":"Boutique","item":"https:\/\/districos.standingout.be\/fr\/boutique\/"},{"@type":"ListItem","position":3,"name":"DBM Grattoir \/ Gouge Plate Courb\u00e9e 14 cm"}]},{"@type":"WebSite","@id":"https:\/\/districos.standingout.be\/fr\/#website","url":"https:\/\/districos.standingout.be\/fr\/","name":"Districos Webshop","description":"","publisher":{"@id":"https:\/\/districos.standingout.be\/fr\/#organization"},"potentialAction":[{"@type":"SearchAction","target":{"@type":"EntryPoint","urlTemplate":"https:\/\/districos.standingout.be\/fr\/?s={search_term_string}"},"query-input":{"@type":"PropertyValueSpecification","valueRequired":true,"valueName":"search_term_string"}}],"inLanguage":"fr-FR"},{"@type":"Organization","@id":"https:\/\/districos.standingout.be\/fr\/#organization","name":"Districos Webshop","url":"https:\/\/districos.standingout.be\/fr\/","logo":{"@type":"ImageObject","inLanguage":"fr-FR","@id":"https:\/\/districos.standingout.be\/fr\/#\/schema\/logo\/image\/","url":"https:\/\/districos.standingout.be\/wp-content\/uploads\/2022\/09\/Districos_Logo_Webshop.svg","contentUrl":"https:\/\/districos.standingout.be\/wp-content\/uploads\/2022\/09\/Districos_Logo_Webshop.svg","caption":"Districos Webshop"},"image":{"@id":"https:\/\/districos.standingout.be\/fr\/#\/schema\/logo\/image\/"}}]}},"_links":{"self":[{"href":"https:\/\/districos.standingout.be\/fr\/wp-json\/wp\/v2\/product\/141485","targetHints":{"allow":["GET"]}}],"collection":[{"href":"https:\/\/districos.standingout.be\/fr\/wp-json\/wp\/v2\/product"}],"about":[{"href":"https:\/\/districos.standingout.be\/fr\/wp-json\/wp\/v2\/types\/product"}],"replies":[{"embeddable":true,"href":"https:\/\/districos.standingout.be\/fr\/wp-json\/wp\/v2\/comments?post=141485"}],"wp:featuredmedia":[{"embeddable":true,"href":"https:\/\/districos.standingout.be\/fr\/wp-json\/wp\/v2\/media\/148476"}],"wp:attachment":[{"href":"https:\/\/districos.standingout.be\/fr\/wp-json\/wp\/v2\/media?parent=141485"}],"wp:term":[{"taxonomy":"product_brand","embeddable":true,"href":"https:\/\/districos.standingout.be\/fr\/wp-json\/wp\/v2\/product_brand?post=141485"},{"taxonomy":"product_cat","embeddable":true,"href":"https:\/\/districos.standingout.be\/fr\/wp-json\/wp\/v2\/product_cat?post=141485"},{"taxonomy":"product_tag","embeddable":true,"href":"https:\/\/districos.standingout.be\/fr\/wp-json\/wp\/v2\/product_tag?post=141485"}],"curies":[{"name":"wp","href":"https:\/\/api.w.org\/{rel}","templated":true}]}}