{"id":141501,"date":"2026-04-28T12:51:41","date_gmt":"2026-04-28T10:51:41","guid":{"rendered":"https:\/\/webshopdistricoscom.webhosting.be\/product\/eks-set-dentretien-de-nettoyage-complet-ref-8866-70\/"},"modified":"2026-04-28T12:51:44","modified_gmt":"2026-04-28T10:51:44","slug":"eks-set-dentretien-de-nettoyage-complet-ref-8866-70","status":"publish","type":"product","link":"https:\/\/districos.standingout.be\/fr\/product\/eks-set-dentretien-de-nettoyage-complet-ref-8866-70\/","title":{"rendered":"EKS Set d&rsquo;Entretien &#038; de Nettoyage Complet"},"content":{"rendered":"<p >\n<p dir=ltr>Les pinces plong\u00e9es trop longtemps dans un d\u00e9sinfectant ou mal rinc\u00e9es et bross\u00e9es apr\u00e8s la d\u00e9sinfection peuvent pr\u00e9senter des taches brunes. Ce ne sont pas des taches de rouille, mais un s\u00e9diment \u00e9rod\u00e9 du d\u00e9sinfectant. Pour une longue dur\u00e9e de vie de vos pinces, il est n\u00e9cessaire de les nettoyer correctement. Il est \u00e9galement important de graisser r\u00e9guli\u00e8rement les pinces avec une huile sans r\u00e9sine afin que les charni\u00e8res restent souples. Une goutte d&rsquo;huile sur les charni\u00e8res fait des miracles. Avec ce set vous avez tout \u00e0 port\u00e9e de main pour un nettoyage et un graissage approfondi. Tous les accessoires sont \u00e9galement disponibles s\u00e9par\u00e9ment. <\/p>\n<p> CONTENU <\/p>\n<ul> <\/p>\n<li>Bo\u00eete de Rangement en Plastique pour le Set <\/li>\n<p> <\/p>\n<li>Feuille Abrasive Micro Mesh grain 2400, 7,5 x 11 cm <\/li>\n<p> <\/p>\n<li>Feuille Abrasive Micro Mesh grain 4000, 7,5 x 11 cm <\/li>\n<p> <\/p>\n<li>Feuille Abrasive Micro Mesh grain 12000, 7,5 x 11 cm <\/li>\n<p> <\/p>\n<li>Lingot Abrasif <\/li>\n<p> <\/p>\n<li>Brosse de Surface <\/li>\n<p> <\/p>\n<li>Brosse \u00e0 Angle <\/li>\n<p> <\/p>\n<li>Hi-Tech Steri Stylo d\u2019Huile 12 ml <\/li>\n<p> <\/ul><\/p>\n","protected":false},"excerpt":{"rendered":"<p>Les pinces plong\u00e9es trop longtemps dans un d\u00e9sinfectant ou mal rinc\u00e9es et bross\u00e9es apr\u00e8s la d\u00e9sinfection peuvent pr\u00e9senter des taches brunes. Ce ne sont pas des taches de rouille, mais un s\u00e9diment \u00e9rod\u00e9 du d\u00e9sinfectant. Pour une longue dur\u00e9e de vie de vos pinces, il est n\u00e9cessaire de les nettoyer correctement. Il est \u00e9galement important [&hellip;]<\/p>\n","protected":false},"featured_media":112907,"comment_status":"open","ping_status":"closed","template":"","meta":{"_acf_changed":false},"product_brand":[10390],"product_cat":[10170,9944],"product_tag":[],"class_list":{"0":"post-141501","1":"product","2":"type-product","3":"status-publish","4":"has-post-thumbnail","6":"product_brand-eks-fr","7":"product_cat-fournitures-pour-cabinet-accessoires-accessoires-pedicure","8":"product_cat-beaute-pedicure-instruments","10":"first","11":"instock","12":"taxable","13":"shipping-taxable","14":"product-type-simple"},"acf":[],"yoast_head":"<!-- This site is optimized with the Yoast SEO plugin v27.3 - https:\/\/yoast.com\/product\/yoast-seo-wordpress\/ -->\n<title>EKS Set d&#039;Entretien &amp; de Nettoyage Complet - Districos Webshop<\/title>\n<meta name=\"robots\" content=\"noindex, follow, max-snippet:-1, max-image-preview:large, max-video-preview:-1\" \/>\n<meta property=\"og:locale\" content=\"fr_FR\" \/>\n<meta property=\"og:type\" content=\"article\" \/>\n<meta property=\"og:title\" content=\"EKS Set d&#039;Entretien &amp; de Nettoyage Complet - Districos Webshop\" \/>\n<meta property=\"og:description\" content=\"Les pinces plong\u00e9es trop longtemps dans un d\u00e9sinfectant ou mal rinc\u00e9es et bross\u00e9es apr\u00e8s la d\u00e9sinfection peuvent pr\u00e9senter des taches brunes. Ce ne sont pas des taches de rouille, mais un s\u00e9diment \u00e9rod\u00e9 du d\u00e9sinfectant. Pour une longue dur\u00e9e de vie de vos pinces, il est n\u00e9cessaire de les nettoyer correctement. Il est \u00e9galement important [&hellip;]\" \/>\n<meta property=\"og:url\" content=\"https:\/\/districos.standingout.be\/fr\/product\/eks-set-dentretien-de-nettoyage-complet-ref-8866-70\/\" \/>\n<meta property=\"og:site_name\" content=\"Districos Webshop\" \/>\n<meta property=\"article:modified_time\" content=\"2026-04-28T10:51:44+00:00\" \/>\n<meta name=\"twitter:card\" content=\"summary_large_image\" \/>\n<meta name=\"twitter:label1\" content=\"Dur\u00e9e de lecture estim\u00e9e\" \/>\n\t<meta name=\"twitter:data1\" content=\"1 minute\" \/>\n<script type=\"application\/ld+json\" class=\"yoast-schema-graph\">{\"@context\":\"https:\\\/\\\/schema.org\",\"@graph\":[{\"@type\":\"WebPage\",\"@id\":\"https:\\\/\\\/districos.standingout.be\\\/fr\\\/product\\\/eks-set-dentretien-de-nettoyage-complet-ref-8866-70\\\/\",\"url\":\"https:\\\/\\\/districos.standingout.be\\\/fr\\\/product\\\/eks-set-dentretien-de-nettoyage-complet-ref-8866-70\\\/\",\"name\":\"EKS Set d'Entretien & de Nettoyage Complet - Districos Webshop\",\"isPartOf\":{\"@id\":\"https:\\\/\\\/districos.standingout.be\\\/fr\\\/#website\"},\"primaryImageOfPage\":{\"@id\":\"https:\\\/\\\/districos.standingout.be\\\/fr\\\/product\\\/eks-set-dentretien-de-nettoyage-complet-ref-8866-70\\\/#primaryimage\"},\"image\":{\"@id\":\"https:\\\/\\\/districos.standingout.be\\\/fr\\\/product\\\/eks-set-dentretien-de-nettoyage-complet-ref-8866-70\\\/#primaryimage\"},\"thumbnailUrl\":\"https:\\\/\\\/districos.standingout.be\\\/wp-content\\\/uploads\\\/2026\\\/03\\\/8866.70@LowRes_1_0.png\",\"datePublished\":\"2026-04-28T10:51:41+00:00\",\"dateModified\":\"2026-04-28T10:51:44+00:00\",\"breadcrumb\":{\"@id\":\"https:\\\/\\\/districos.standingout.be\\\/fr\\\/product\\\/eks-set-dentretien-de-nettoyage-complet-ref-8866-70\\\/#breadcrumb\"},\"inLanguage\":\"fr-FR\",\"potentialAction\":[{\"@type\":\"ReadAction\",\"target\":[\"https:\\\/\\\/districos.standingout.be\\\/fr\\\/product\\\/eks-set-dentretien-de-nettoyage-complet-ref-8866-70\\\/\"]}]},{\"@type\":\"ImageObject\",\"inLanguage\":\"fr-FR\",\"@id\":\"https:\\\/\\\/districos.standingout.be\\\/fr\\\/product\\\/eks-set-dentretien-de-nettoyage-complet-ref-8866-70\\\/#primaryimage\",\"url\":\"https:\\\/\\\/districos.standingout.be\\\/wp-content\\\/uploads\\\/2026\\\/03\\\/8866.70@LowRes_1_0.png\",\"contentUrl\":\"https:\\\/\\\/districos.standingout.be\\\/wp-content\\\/uploads\\\/2026\\\/03\\\/8866.70@LowRes_1_0.png\",\"width\":600,\"height\":600},{\"@type\":\"BreadcrumbList\",\"@id\":\"https:\\\/\\\/districos.standingout.be\\\/fr\\\/product\\\/eks-set-dentretien-de-nettoyage-complet-ref-8866-70\\\/#breadcrumb\",\"itemListElement\":[{\"@type\":\"ListItem\",\"position\":1,\"name\":\"Home\",\"item\":\"https:\\\/\\\/districos.standingout.be\\\/fr\\\/bienvenue-chez-districos\\\/\"},{\"@type\":\"ListItem\",\"position\":2,\"name\":\"Boutique\",\"item\":\"https:\\\/\\\/districos.standingout.be\\\/fr\\\/boutique\\\/\"},{\"@type\":\"ListItem\",\"position\":3,\"name\":\"EKS Set d&#8217;Entretien &#038; de Nettoyage Complet\"}]},{\"@type\":\"WebSite\",\"@id\":\"https:\\\/\\\/districos.standingout.be\\\/fr\\\/#website\",\"url\":\"https:\\\/\\\/districos.standingout.be\\\/fr\\\/\",\"name\":\"Districos Webshop\",\"description\":\"\",\"publisher\":{\"@id\":\"https:\\\/\\\/districos.standingout.be\\\/fr\\\/#organization\"},\"potentialAction\":[{\"@type\":\"SearchAction\",\"target\":{\"@type\":\"EntryPoint\",\"urlTemplate\":\"https:\\\/\\\/districos.standingout.be\\\/fr\\\/?s={search_term_string}\"},\"query-input\":{\"@type\":\"PropertyValueSpecification\",\"valueRequired\":true,\"valueName\":\"search_term_string\"}}],\"inLanguage\":\"fr-FR\"},{\"@type\":\"Organization\",\"@id\":\"https:\\\/\\\/districos.standingout.be\\\/fr\\\/#organization\",\"name\":\"Districos Webshop\",\"url\":\"https:\\\/\\\/districos.standingout.be\\\/fr\\\/\",\"logo\":{\"@type\":\"ImageObject\",\"inLanguage\":\"fr-FR\",\"@id\":\"https:\\\/\\\/districos.standingout.be\\\/fr\\\/#\\\/schema\\\/logo\\\/image\\\/\",\"url\":\"https:\\\/\\\/districos.standingout.be\\\/wp-content\\\/uploads\\\/2022\\\/09\\\/Districos_Logo_Webshop.svg\",\"contentUrl\":\"https:\\\/\\\/districos.standingout.be\\\/wp-content\\\/uploads\\\/2022\\\/09\\\/Districos_Logo_Webshop.svg\",\"caption\":\"Districos Webshop\"},\"image\":{\"@id\":\"https:\\\/\\\/districos.standingout.be\\\/fr\\\/#\\\/schema\\\/logo\\\/image\\\/\"}}]}<\/script>\n<!-- \/ Yoast SEO plugin. -->","yoast_head_json":{"title":"EKS Set d'Entretien & de Nettoyage Complet - Districos Webshop","robots":{"index":"noindex","follow":"follow","max-snippet":"max-snippet:-1","max-image-preview":"max-image-preview:large","max-video-preview":"max-video-preview:-1"},"og_locale":"fr_FR","og_type":"article","og_title":"EKS Set d'Entretien & de Nettoyage Complet - Districos Webshop","og_description":"Les pinces plong\u00e9es trop longtemps dans un d\u00e9sinfectant ou mal rinc\u00e9es et bross\u00e9es apr\u00e8s la d\u00e9sinfection peuvent pr\u00e9senter des taches brunes. Ce ne sont pas des taches de rouille, mais un s\u00e9diment \u00e9rod\u00e9 du d\u00e9sinfectant. Pour une longue dur\u00e9e de vie de vos pinces, il est n\u00e9cessaire de les nettoyer correctement. Il est \u00e9galement important [&hellip;]","og_url":"https:\/\/districos.standingout.be\/fr\/product\/eks-set-dentretien-de-nettoyage-complet-ref-8866-70\/","og_site_name":"Districos Webshop","article_modified_time":"2026-04-28T10:51:44+00:00","twitter_card":"summary_large_image","twitter_misc":{"Dur\u00e9e de lecture estim\u00e9e":"1 minute"},"schema":{"@context":"https:\/\/schema.org","@graph":[{"@type":"WebPage","@id":"https:\/\/districos.standingout.be\/fr\/product\/eks-set-dentretien-de-nettoyage-complet-ref-8866-70\/","url":"https:\/\/districos.standingout.be\/fr\/product\/eks-set-dentretien-de-nettoyage-complet-ref-8866-70\/","name":"EKS Set d'Entretien & de Nettoyage Complet - Districos Webshop","isPartOf":{"@id":"https:\/\/districos.standingout.be\/fr\/#website"},"primaryImageOfPage":{"@id":"https:\/\/districos.standingout.be\/fr\/product\/eks-set-dentretien-de-nettoyage-complet-ref-8866-70\/#primaryimage"},"image":{"@id":"https:\/\/districos.standingout.be\/fr\/product\/eks-set-dentretien-de-nettoyage-complet-ref-8866-70\/#primaryimage"},"thumbnailUrl":"https:\/\/districos.standingout.be\/wp-content\/uploads\/2026\/03\/8866.70@LowRes_1_0.png","datePublished":"2026-04-28T10:51:41+00:00","dateModified":"2026-04-28T10:51:44+00:00","breadcrumb":{"@id":"https:\/\/districos.standingout.be\/fr\/product\/eks-set-dentretien-de-nettoyage-complet-ref-8866-70\/#breadcrumb"},"inLanguage":"fr-FR","potentialAction":[{"@type":"ReadAction","target":["https:\/\/districos.standingout.be\/fr\/product\/eks-set-dentretien-de-nettoyage-complet-ref-8866-70\/"]}]},{"@type":"ImageObject","inLanguage":"fr-FR","@id":"https:\/\/districos.standingout.be\/fr\/product\/eks-set-dentretien-de-nettoyage-complet-ref-8866-70\/#primaryimage","url":"https:\/\/districos.standingout.be\/wp-content\/uploads\/2026\/03\/8866.70@LowRes_1_0.png","contentUrl":"https:\/\/districos.standingout.be\/wp-content\/uploads\/2026\/03\/8866.70@LowRes_1_0.png","width":600,"height":600},{"@type":"BreadcrumbList","@id":"https:\/\/districos.standingout.be\/fr\/product\/eks-set-dentretien-de-nettoyage-complet-ref-8866-70\/#breadcrumb","itemListElement":[{"@type":"ListItem","position":1,"name":"Home","item":"https:\/\/districos.standingout.be\/fr\/bienvenue-chez-districos\/"},{"@type":"ListItem","position":2,"name":"Boutique","item":"https:\/\/districos.standingout.be\/fr\/boutique\/"},{"@type":"ListItem","position":3,"name":"EKS Set d&#8217;Entretien &#038; de Nettoyage Complet"}]},{"@type":"WebSite","@id":"https:\/\/districos.standingout.be\/fr\/#website","url":"https:\/\/districos.standingout.be\/fr\/","name":"Districos Webshop","description":"","publisher":{"@id":"https:\/\/districos.standingout.be\/fr\/#organization"},"potentialAction":[{"@type":"SearchAction","target":{"@type":"EntryPoint","urlTemplate":"https:\/\/districos.standingout.be\/fr\/?s={search_term_string}"},"query-input":{"@type":"PropertyValueSpecification","valueRequired":true,"valueName":"search_term_string"}}],"inLanguage":"fr-FR"},{"@type":"Organization","@id":"https:\/\/districos.standingout.be\/fr\/#organization","name":"Districos Webshop","url":"https:\/\/districos.standingout.be\/fr\/","logo":{"@type":"ImageObject","inLanguage":"fr-FR","@id":"https:\/\/districos.standingout.be\/fr\/#\/schema\/logo\/image\/","url":"https:\/\/districos.standingout.be\/wp-content\/uploads\/2022\/09\/Districos_Logo_Webshop.svg","contentUrl":"https:\/\/districos.standingout.be\/wp-content\/uploads\/2022\/09\/Districos_Logo_Webshop.svg","caption":"Districos Webshop"},"image":{"@id":"https:\/\/districos.standingout.be\/fr\/#\/schema\/logo\/image\/"}}]}},"_links":{"self":[{"href":"https:\/\/districos.standingout.be\/fr\/wp-json\/wp\/v2\/product\/141501","targetHints":{"allow":["GET"]}}],"collection":[{"href":"https:\/\/districos.standingout.be\/fr\/wp-json\/wp\/v2\/product"}],"about":[{"href":"https:\/\/districos.standingout.be\/fr\/wp-json\/wp\/v2\/types\/product"}],"replies":[{"embeddable":true,"href":"https:\/\/districos.standingout.be\/fr\/wp-json\/wp\/v2\/comments?post=141501"}],"wp:featuredmedia":[{"embeddable":true,"href":"https:\/\/districos.standingout.be\/fr\/wp-json\/wp\/v2\/media\/112907"}],"wp:attachment":[{"href":"https:\/\/districos.standingout.be\/fr\/wp-json\/wp\/v2\/media?parent=141501"}],"wp:term":[{"taxonomy":"product_brand","embeddable":true,"href":"https:\/\/districos.standingout.be\/fr\/wp-json\/wp\/v2\/product_brand?post=141501"},{"taxonomy":"product_cat","embeddable":true,"href":"https:\/\/districos.standingout.be\/fr\/wp-json\/wp\/v2\/product_cat?post=141501"},{"taxonomy":"product_tag","embeddable":true,"href":"https:\/\/districos.standingout.be\/fr\/wp-json\/wp\/v2\/product_tag?post=141501"}],"curies":[{"name":"wp","href":"https:\/\/api.w.org\/{rel}","templated":true}]}}