{"id":141511,"date":"2026-04-28T12:52:16","date_gmt":"2026-04-28T10:52:16","guid":{"rendered":"https:\/\/webshopdistricoscom.webhosting.be\/product\/brosse-de-nettoyage-en-matiere-synthetique-ref-8866-78\/"},"modified":"2026-04-28T12:52:19","modified_gmt":"2026-04-28T10:52:19","slug":"brosse-de-nettoyage-en-matiere-synthetique-ref-8866-78","status":"publish","type":"product","link":"https:\/\/districos.standingout.be\/fr\/product\/brosse-de-nettoyage-en-matiere-synthetique-ref-8866-78\/","title":{"rendered":"Brosse de Nettoyage en Mati\u00e8re Synth\u00e9tique"},"content":{"rendered":"<p >\n<p dir=\"ltr\">Brosse de nettoyage en mati\u00e8re synth\u00e9tique pour toutes sortes de fraises et de r\u00e2pes en m\u00e9tal dur (carbure et inox). Cette brosse va seulement enlever les salet\u00e9s superficielles, par cons\u00e9quent, il faut toujours encore nettoyer avec un produit d\u00e9sinfectant de pr\u00e9f\u00e9rence en combinaison avec un appareil \u00e0 ultrasons. <\/p>\n<p> \u00c9galement disponible en fil de cuivre (<a href=\"https:\/\/webshop.districos.com\/ProductDetail\/8870.09\" target=\"_blank\" rel=\"noopener noreferrer nofollow\">r\u00e9f. 8870.09<\/a>).<\/p><\/p>\n","protected":false},"excerpt":{"rendered":"<p>Brosse de nettoyage en mati\u00e8re synth\u00e9tique pour toutes sortes de fraises et de r\u00e2pes en m\u00e9tal dur (carbure et inox). Cette brosse va seulement enlever les salet\u00e9s superficielles, par cons\u00e9quent, il faut toujours encore nettoyer avec un produit d\u00e9sinfectant de pr\u00e9f\u00e9rence en combinaison avec un appareil \u00e0 ultrasons. \u00c9galement disponible en fil de cuivre (r\u00e9f. [&hellip;]<\/p>\n","protected":false},"featured_media":83867,"comment_status":"open","ping_status":"closed","template":"","meta":{"_acf_changed":false},"product_brand":[10334],"product_cat":[10170,9944],"product_tag":[],"class_list":{"0":"post-141511","1":"product","2":"type-product","3":"status-publish","4":"has-post-thumbnail","6":"product_brand-cobra-fr","7":"product_cat-fournitures-pour-cabinet-accessoires-accessoires-pedicure","8":"product_cat-beaute-pedicure-instruments","10":"first","11":"instock","12":"taxable","13":"shipping-taxable","14":"product-type-simple"},"acf":[],"yoast_head":"<!-- This site is optimized with the Yoast SEO plugin v27.3 - https:\/\/yoast.com\/product\/yoast-seo-wordpress\/ -->\n<title>Brosse de Nettoyage en Mati\u00e8re Synth\u00e9tique - Districos Webshop<\/title>\n<meta name=\"robots\" content=\"noindex, follow, max-snippet:-1, max-image-preview:large, max-video-preview:-1\" \/>\n<meta property=\"og:locale\" content=\"fr_FR\" \/>\n<meta property=\"og:type\" content=\"article\" \/>\n<meta property=\"og:title\" content=\"Brosse de Nettoyage en Mati\u00e8re Synth\u00e9tique - Districos Webshop\" \/>\n<meta property=\"og:description\" content=\"Brosse de nettoyage en mati\u00e8re synth\u00e9tique pour toutes sortes de fraises et de r\u00e2pes en m\u00e9tal dur (carbure et inox). Cette brosse va seulement enlever les salet\u00e9s superficielles, par cons\u00e9quent, il faut toujours encore nettoyer avec un produit d\u00e9sinfectant de pr\u00e9f\u00e9rence en combinaison avec un appareil \u00e0 ultrasons. \u00c9galement disponible en fil de cuivre (r\u00e9f. [&hellip;]\" \/>\n<meta property=\"og:url\" content=\"https:\/\/districos.standingout.be\/fr\/product\/brosse-de-nettoyage-en-matiere-synthetique-ref-8866-78\/\" \/>\n<meta property=\"og:site_name\" content=\"Districos Webshop\" \/>\n<meta property=\"article:modified_time\" content=\"2026-04-28T10:52:19+00:00\" \/>\n<meta name=\"twitter:card\" content=\"summary_large_image\" \/>\n<script type=\"application\/ld+json\" class=\"yoast-schema-graph\">{\"@context\":\"https:\\\/\\\/schema.org\",\"@graph\":[{\"@type\":\"WebPage\",\"@id\":\"https:\\\/\\\/districos.standingout.be\\\/fr\\\/product\\\/brosse-de-nettoyage-en-matiere-synthetique-ref-8866-78\\\/\",\"url\":\"https:\\\/\\\/districos.standingout.be\\\/fr\\\/product\\\/brosse-de-nettoyage-en-matiere-synthetique-ref-8866-78\\\/\",\"name\":\"Brosse de Nettoyage en Mati\u00e8re Synth\u00e9tique - Districos Webshop\",\"isPartOf\":{\"@id\":\"https:\\\/\\\/districos.standingout.be\\\/fr\\\/#website\"},\"primaryImageOfPage\":{\"@id\":\"https:\\\/\\\/districos.standingout.be\\\/fr\\\/product\\\/brosse-de-nettoyage-en-matiere-synthetique-ref-8866-78\\\/#primaryimage\"},\"image\":{\"@id\":\"https:\\\/\\\/districos.standingout.be\\\/fr\\\/product\\\/brosse-de-nettoyage-en-matiere-synthetique-ref-8866-78\\\/#primaryimage\"},\"thumbnailUrl\":\"https:\\\/\\\/districos.standingout.be\\\/wp-content\\\/uploads\\\/2025\\\/07\\\/8866.78@LowRes_1_0.png\",\"datePublished\":\"2026-04-28T10:52:16+00:00\",\"dateModified\":\"2026-04-28T10:52:19+00:00\",\"breadcrumb\":{\"@id\":\"https:\\\/\\\/districos.standingout.be\\\/fr\\\/product\\\/brosse-de-nettoyage-en-matiere-synthetique-ref-8866-78\\\/#breadcrumb\"},\"inLanguage\":\"fr-FR\",\"potentialAction\":[{\"@type\":\"ReadAction\",\"target\":[\"https:\\\/\\\/districos.standingout.be\\\/fr\\\/product\\\/brosse-de-nettoyage-en-matiere-synthetique-ref-8866-78\\\/\"]}]},{\"@type\":\"ImageObject\",\"inLanguage\":\"fr-FR\",\"@id\":\"https:\\\/\\\/districos.standingout.be\\\/fr\\\/product\\\/brosse-de-nettoyage-en-matiere-synthetique-ref-8866-78\\\/#primaryimage\",\"url\":\"https:\\\/\\\/districos.standingout.be\\\/wp-content\\\/uploads\\\/2025\\\/07\\\/8866.78@LowRes_1_0.png\",\"contentUrl\":\"https:\\\/\\\/districos.standingout.be\\\/wp-content\\\/uploads\\\/2025\\\/07\\\/8866.78@LowRes_1_0.png\",\"width\":600,\"height\":600},{\"@type\":\"BreadcrumbList\",\"@id\":\"https:\\\/\\\/districos.standingout.be\\\/fr\\\/product\\\/brosse-de-nettoyage-en-matiere-synthetique-ref-8866-78\\\/#breadcrumb\",\"itemListElement\":[{\"@type\":\"ListItem\",\"position\":1,\"name\":\"Home\",\"item\":\"https:\\\/\\\/districos.standingout.be\\\/fr\\\/bienvenue-chez-districos\\\/\"},{\"@type\":\"ListItem\",\"position\":2,\"name\":\"Boutique\",\"item\":\"https:\\\/\\\/districos.standingout.be\\\/fr\\\/boutique\\\/\"},{\"@type\":\"ListItem\",\"position\":3,\"name\":\"Brosse de Nettoyage en Mati\u00e8re Synth\u00e9tique\"}]},{\"@type\":\"WebSite\",\"@id\":\"https:\\\/\\\/districos.standingout.be\\\/fr\\\/#website\",\"url\":\"https:\\\/\\\/districos.standingout.be\\\/fr\\\/\",\"name\":\"Districos Webshop\",\"description\":\"\",\"publisher\":{\"@id\":\"https:\\\/\\\/districos.standingout.be\\\/fr\\\/#organization\"},\"potentialAction\":[{\"@type\":\"SearchAction\",\"target\":{\"@type\":\"EntryPoint\",\"urlTemplate\":\"https:\\\/\\\/districos.standingout.be\\\/fr\\\/?s={search_term_string}\"},\"query-input\":{\"@type\":\"PropertyValueSpecification\",\"valueRequired\":true,\"valueName\":\"search_term_string\"}}],\"inLanguage\":\"fr-FR\"},{\"@type\":\"Organization\",\"@id\":\"https:\\\/\\\/districos.standingout.be\\\/fr\\\/#organization\",\"name\":\"Districos Webshop\",\"url\":\"https:\\\/\\\/districos.standingout.be\\\/fr\\\/\",\"logo\":{\"@type\":\"ImageObject\",\"inLanguage\":\"fr-FR\",\"@id\":\"https:\\\/\\\/districos.standingout.be\\\/fr\\\/#\\\/schema\\\/logo\\\/image\\\/\",\"url\":\"https:\\\/\\\/districos.standingout.be\\\/wp-content\\\/uploads\\\/2022\\\/09\\\/Districos_Logo_Webshop.svg\",\"contentUrl\":\"https:\\\/\\\/districos.standingout.be\\\/wp-content\\\/uploads\\\/2022\\\/09\\\/Districos_Logo_Webshop.svg\",\"caption\":\"Districos Webshop\"},\"image\":{\"@id\":\"https:\\\/\\\/districos.standingout.be\\\/fr\\\/#\\\/schema\\\/logo\\\/image\\\/\"}}]}<\/script>\n<!-- \/ Yoast SEO plugin. -->","yoast_head_json":{"title":"Brosse de Nettoyage en Mati\u00e8re Synth\u00e9tique - Districos Webshop","robots":{"index":"noindex","follow":"follow","max-snippet":"max-snippet:-1","max-image-preview":"max-image-preview:large","max-video-preview":"max-video-preview:-1"},"og_locale":"fr_FR","og_type":"article","og_title":"Brosse de Nettoyage en Mati\u00e8re Synth\u00e9tique - Districos Webshop","og_description":"Brosse de nettoyage en mati\u00e8re synth\u00e9tique pour toutes sortes de fraises et de r\u00e2pes en m\u00e9tal dur (carbure et inox). Cette brosse va seulement enlever les salet\u00e9s superficielles, par cons\u00e9quent, il faut toujours encore nettoyer avec un produit d\u00e9sinfectant de pr\u00e9f\u00e9rence en combinaison avec un appareil \u00e0 ultrasons. \u00c9galement disponible en fil de cuivre (r\u00e9f. [&hellip;]","og_url":"https:\/\/districos.standingout.be\/fr\/product\/brosse-de-nettoyage-en-matiere-synthetique-ref-8866-78\/","og_site_name":"Districos Webshop","article_modified_time":"2026-04-28T10:52:19+00:00","twitter_card":"summary_large_image","schema":{"@context":"https:\/\/schema.org","@graph":[{"@type":"WebPage","@id":"https:\/\/districos.standingout.be\/fr\/product\/brosse-de-nettoyage-en-matiere-synthetique-ref-8866-78\/","url":"https:\/\/districos.standingout.be\/fr\/product\/brosse-de-nettoyage-en-matiere-synthetique-ref-8866-78\/","name":"Brosse de Nettoyage en Mati\u00e8re Synth\u00e9tique - Districos Webshop","isPartOf":{"@id":"https:\/\/districos.standingout.be\/fr\/#website"},"primaryImageOfPage":{"@id":"https:\/\/districos.standingout.be\/fr\/product\/brosse-de-nettoyage-en-matiere-synthetique-ref-8866-78\/#primaryimage"},"image":{"@id":"https:\/\/districos.standingout.be\/fr\/product\/brosse-de-nettoyage-en-matiere-synthetique-ref-8866-78\/#primaryimage"},"thumbnailUrl":"https:\/\/districos.standingout.be\/wp-content\/uploads\/2025\/07\/8866.78@LowRes_1_0.png","datePublished":"2026-04-28T10:52:16+00:00","dateModified":"2026-04-28T10:52:19+00:00","breadcrumb":{"@id":"https:\/\/districos.standingout.be\/fr\/product\/brosse-de-nettoyage-en-matiere-synthetique-ref-8866-78\/#breadcrumb"},"inLanguage":"fr-FR","potentialAction":[{"@type":"ReadAction","target":["https:\/\/districos.standingout.be\/fr\/product\/brosse-de-nettoyage-en-matiere-synthetique-ref-8866-78\/"]}]},{"@type":"ImageObject","inLanguage":"fr-FR","@id":"https:\/\/districos.standingout.be\/fr\/product\/brosse-de-nettoyage-en-matiere-synthetique-ref-8866-78\/#primaryimage","url":"https:\/\/districos.standingout.be\/wp-content\/uploads\/2025\/07\/8866.78@LowRes_1_0.png","contentUrl":"https:\/\/districos.standingout.be\/wp-content\/uploads\/2025\/07\/8866.78@LowRes_1_0.png","width":600,"height":600},{"@type":"BreadcrumbList","@id":"https:\/\/districos.standingout.be\/fr\/product\/brosse-de-nettoyage-en-matiere-synthetique-ref-8866-78\/#breadcrumb","itemListElement":[{"@type":"ListItem","position":1,"name":"Home","item":"https:\/\/districos.standingout.be\/fr\/bienvenue-chez-districos\/"},{"@type":"ListItem","position":2,"name":"Boutique","item":"https:\/\/districos.standingout.be\/fr\/boutique\/"},{"@type":"ListItem","position":3,"name":"Brosse de Nettoyage en Mati\u00e8re Synth\u00e9tique"}]},{"@type":"WebSite","@id":"https:\/\/districos.standingout.be\/fr\/#website","url":"https:\/\/districos.standingout.be\/fr\/","name":"Districos Webshop","description":"","publisher":{"@id":"https:\/\/districos.standingout.be\/fr\/#organization"},"potentialAction":[{"@type":"SearchAction","target":{"@type":"EntryPoint","urlTemplate":"https:\/\/districos.standingout.be\/fr\/?s={search_term_string}"},"query-input":{"@type":"PropertyValueSpecification","valueRequired":true,"valueName":"search_term_string"}}],"inLanguage":"fr-FR"},{"@type":"Organization","@id":"https:\/\/districos.standingout.be\/fr\/#organization","name":"Districos Webshop","url":"https:\/\/districos.standingout.be\/fr\/","logo":{"@type":"ImageObject","inLanguage":"fr-FR","@id":"https:\/\/districos.standingout.be\/fr\/#\/schema\/logo\/image\/","url":"https:\/\/districos.standingout.be\/wp-content\/uploads\/2022\/09\/Districos_Logo_Webshop.svg","contentUrl":"https:\/\/districos.standingout.be\/wp-content\/uploads\/2022\/09\/Districos_Logo_Webshop.svg","caption":"Districos Webshop"},"image":{"@id":"https:\/\/districos.standingout.be\/fr\/#\/schema\/logo\/image\/"}}]}},"_links":{"self":[{"href":"https:\/\/districos.standingout.be\/fr\/wp-json\/wp\/v2\/product\/141511","targetHints":{"allow":["GET"]}}],"collection":[{"href":"https:\/\/districos.standingout.be\/fr\/wp-json\/wp\/v2\/product"}],"about":[{"href":"https:\/\/districos.standingout.be\/fr\/wp-json\/wp\/v2\/types\/product"}],"replies":[{"embeddable":true,"href":"https:\/\/districos.standingout.be\/fr\/wp-json\/wp\/v2\/comments?post=141511"}],"wp:featuredmedia":[{"embeddable":true,"href":"https:\/\/districos.standingout.be\/fr\/wp-json\/wp\/v2\/media\/83867"}],"wp:attachment":[{"href":"https:\/\/districos.standingout.be\/fr\/wp-json\/wp\/v2\/media?parent=141511"}],"wp:term":[{"taxonomy":"product_brand","embeddable":true,"href":"https:\/\/districos.standingout.be\/fr\/wp-json\/wp\/v2\/product_brand?post=141511"},{"taxonomy":"product_cat","embeddable":true,"href":"https:\/\/districos.standingout.be\/fr\/wp-json\/wp\/v2\/product_cat?post=141511"},{"taxonomy":"product_tag","embeddable":true,"href":"https:\/\/districos.standingout.be\/fr\/wp-json\/wp\/v2\/product_tag?post=141511"}],"curies":[{"name":"wp","href":"https:\/\/api.w.org\/{rel}","templated":true}]}}