{"id":141519,"date":"2026-04-28T12:52:30","date_gmt":"2026-04-28T10:52:30","guid":{"rendered":"https:\/\/webshopdistricoscom.webhosting.be\/product\/busch-diatwister-rond-super-gros-8-mm-dt5880-080-ref-8867-101\/"},"modified":"2026-04-28T12:52:34","modified_gmt":"2026-04-28T10:52:34","slug":"busch-diatwister-rond-super-gros-8-mm-dt5880-080-ref-8867-101","status":"publish","type":"product","link":"https:\/\/districos.standingout.be\/fr\/product\/busch-diatwister-rond-super-gros-8-mm-dt5880-080-ref-8867-101\/","title":{"rendered":"Busch Diatwister Rond Super Gros 8 mm DT5880\/080"},"content":{"rendered":"<p >\n<p dir=ltr>Fraise diamant\u00e9e \u00e0 fentes de ventilation afin d\u2019enlever les grandes surfaces calleuses. Le refroidissement interne emp\u00eache la surchauffe et rend la fraise appropri\u00e9e pour la technique \u00e0 sec et au spray.<\/p>\n<p> Disponible en trois diam\u00e8tres : 8, 10 et 12 mm. <\/p>\n<p> <b>Disponibles en 3 grains :<\/b> <\/p>\n<ul> <\/p>\n<li>m\u00e9ga gros (callosit\u00e9s \u00e9paisses)<\/li>\n<p> <\/p>\n<li>tr\u00e8s gros (callosit\u00e9s dures)<\/li>\n<p> <\/p>\n<li>gros (callosit\u00e9s d\u00e9butantes)<\/li>\n<p> <\/ul>\n<p> ATTENTION : Toutes les fraises diamant\u00e9es de BUSCH doivent \u00eatre nettoy\u00e9es avec la brosse de nettoyage sp\u00e9cifiquement con\u00e7ue \u00e0 cette fin (R\u00e9f. 8867.950) ou la brosse de nettoyage synth\u00e9tique (R\u00e9f. 8866.78) et ne peuvent PAS \u00eatre nettoy\u00e9es avec la brosse en cuivre classique. Cette brosse diminuera consid\u00e9rablement la dur\u00e9e de vie de vos fraises.<\/p>\n<p> <b><\/b> <\/p>\n<p> Celle-ci est la version tr\u00e8s grosse pour callosit\u00e9s dures. <\/p>\n<ul> <\/p>\n<li>\u200bDiam\u00e8tre : 080<\/li>\n<p> <\/p>\n<li>+\/-20.000 tpm<\/li>\n<p> <\/ul><\/p>\n","protected":false},"excerpt":{"rendered":"<p>Fraise diamant\u00e9e \u00e0 fentes de ventilation afin d\u2019enlever les grandes surfaces calleuses. Le refroidissement interne emp\u00eache la surchauffe et rend la fraise appropri\u00e9e pour la technique \u00e0 sec et au spray. Disponible en trois diam\u00e8tres : 8, 10 et 12 mm. Disponibles en 3 grains : m\u00e9ga gros (callosit\u00e9s \u00e9paisses) tr\u00e8s gros (callosit\u00e9s dures) gros [&hellip;]<\/p>\n","protected":false},"featured_media":83879,"comment_status":"open","ping_status":"closed","template":"","meta":{"_acf_changed":false},"product_brand":[10322],"product_cat":[10014,9942,10273],"product_tag":[],"class_list":{"0":"post-141519","1":"product","2":"type-product","3":"status-publish","4":"has-post-thumbnail","6":"product_brand-busch-fr","7":"product_cat-soins-des-pieds-podologie-fraises-callosites","8":"product_cat-beaute-pedicure-fraises","9":"product_cat-soins-des-pieds-podologie-fraises-toutes-les-fraises","11":"first","12":"instock","13":"taxable","14":"shipping-taxable","15":"product-type-simple"},"acf":[],"yoast_head":"<!-- This site is optimized with the Yoast SEO plugin v27.3 - https:\/\/yoast.com\/product\/yoast-seo-wordpress\/ -->\n<title>Busch Diatwister Rond Super Gros 8 mm DT5880\/080 - Districos Webshop<\/title>\n<meta name=\"robots\" content=\"noindex, follow, max-snippet:-1, max-image-preview:large, max-video-preview:-1\" \/>\n<meta property=\"og:locale\" content=\"fr_FR\" \/>\n<meta property=\"og:type\" content=\"article\" \/>\n<meta property=\"og:title\" content=\"Busch Diatwister Rond Super Gros 8 mm DT5880\/080 - Districos Webshop\" \/>\n<meta property=\"og:description\" content=\"Fraise diamant\u00e9e \u00e0 fentes de ventilation afin d\u2019enlever les grandes surfaces calleuses. Le refroidissement interne emp\u00eache la surchauffe et rend la fraise appropri\u00e9e pour la technique \u00e0 sec et au spray. Disponible en trois diam\u00e8tres : 8, 10 et 12 mm. Disponibles en 3 grains : m\u00e9ga gros (callosit\u00e9s \u00e9paisses) tr\u00e8s gros (callosit\u00e9s dures) gros [&hellip;]\" \/>\n<meta property=\"og:url\" content=\"https:\/\/districos.standingout.be\/fr\/product\/busch-diatwister-rond-super-gros-8-mm-dt5880-080-ref-8867-101\/\" \/>\n<meta property=\"og:site_name\" content=\"Districos Webshop\" \/>\n<meta property=\"article:modified_time\" content=\"2026-04-28T10:52:34+00:00\" \/>\n<meta name=\"twitter:card\" content=\"summary_large_image\" \/>\n<meta name=\"twitter:label1\" content=\"Dur\u00e9e de lecture estim\u00e9e\" \/>\n\t<meta name=\"twitter:data1\" content=\"1 minute\" \/>\n<script type=\"application\/ld+json\" class=\"yoast-schema-graph\">{\"@context\":\"https:\\\/\\\/schema.org\",\"@graph\":[{\"@type\":\"WebPage\",\"@id\":\"https:\\\/\\\/districos.standingout.be\\\/fr\\\/product\\\/busch-diatwister-rond-super-gros-8-mm-dt5880-080-ref-8867-101\\\/\",\"url\":\"https:\\\/\\\/districos.standingout.be\\\/fr\\\/product\\\/busch-diatwister-rond-super-gros-8-mm-dt5880-080-ref-8867-101\\\/\",\"name\":\"Busch Diatwister Rond Super Gros 8 mm DT5880\\\/080 - Districos Webshop\",\"isPartOf\":{\"@id\":\"https:\\\/\\\/districos.standingout.be\\\/fr\\\/#website\"},\"primaryImageOfPage\":{\"@id\":\"https:\\\/\\\/districos.standingout.be\\\/fr\\\/product\\\/busch-diatwister-rond-super-gros-8-mm-dt5880-080-ref-8867-101\\\/#primaryimage\"},\"image\":{\"@id\":\"https:\\\/\\\/districos.standingout.be\\\/fr\\\/product\\\/busch-diatwister-rond-super-gros-8-mm-dt5880-080-ref-8867-101\\\/#primaryimage\"},\"thumbnailUrl\":\"https:\\\/\\\/districos.standingout.be\\\/wp-content\\\/uploads\\\/2025\\\/07\\\/8867.101@LowRes_0.png\",\"datePublished\":\"2026-04-28T10:52:30+00:00\",\"dateModified\":\"2026-04-28T10:52:34+00:00\",\"breadcrumb\":{\"@id\":\"https:\\\/\\\/districos.standingout.be\\\/fr\\\/product\\\/busch-diatwister-rond-super-gros-8-mm-dt5880-080-ref-8867-101\\\/#breadcrumb\"},\"inLanguage\":\"fr-FR\",\"potentialAction\":[{\"@type\":\"ReadAction\",\"target\":[\"https:\\\/\\\/districos.standingout.be\\\/fr\\\/product\\\/busch-diatwister-rond-super-gros-8-mm-dt5880-080-ref-8867-101\\\/\"]}]},{\"@type\":\"ImageObject\",\"inLanguage\":\"fr-FR\",\"@id\":\"https:\\\/\\\/districos.standingout.be\\\/fr\\\/product\\\/busch-diatwister-rond-super-gros-8-mm-dt5880-080-ref-8867-101\\\/#primaryimage\",\"url\":\"https:\\\/\\\/districos.standingout.be\\\/wp-content\\\/uploads\\\/2025\\\/07\\\/8867.101@LowRes_0.png\",\"contentUrl\":\"https:\\\/\\\/districos.standingout.be\\\/wp-content\\\/uploads\\\/2025\\\/07\\\/8867.101@LowRes_0.png\",\"width\":600,\"height\":600},{\"@type\":\"BreadcrumbList\",\"@id\":\"https:\\\/\\\/districos.standingout.be\\\/fr\\\/product\\\/busch-diatwister-rond-super-gros-8-mm-dt5880-080-ref-8867-101\\\/#breadcrumb\",\"itemListElement\":[{\"@type\":\"ListItem\",\"position\":1,\"name\":\"Home\",\"item\":\"https:\\\/\\\/districos.standingout.be\\\/fr\\\/bienvenue-chez-districos\\\/\"},{\"@type\":\"ListItem\",\"position\":2,\"name\":\"Boutique\",\"item\":\"https:\\\/\\\/districos.standingout.be\\\/fr\\\/boutique\\\/\"},{\"@type\":\"ListItem\",\"position\":3,\"name\":\"Busch Diatwister Rond Super Gros 8 mm DT5880\\\/080\"}]},{\"@type\":\"WebSite\",\"@id\":\"https:\\\/\\\/districos.standingout.be\\\/fr\\\/#website\",\"url\":\"https:\\\/\\\/districos.standingout.be\\\/fr\\\/\",\"name\":\"Districos Webshop\",\"description\":\"\",\"publisher\":{\"@id\":\"https:\\\/\\\/districos.standingout.be\\\/fr\\\/#organization\"},\"potentialAction\":[{\"@type\":\"SearchAction\",\"target\":{\"@type\":\"EntryPoint\",\"urlTemplate\":\"https:\\\/\\\/districos.standingout.be\\\/fr\\\/?s={search_term_string}\"},\"query-input\":{\"@type\":\"PropertyValueSpecification\",\"valueRequired\":true,\"valueName\":\"search_term_string\"}}],\"inLanguage\":\"fr-FR\"},{\"@type\":\"Organization\",\"@id\":\"https:\\\/\\\/districos.standingout.be\\\/fr\\\/#organization\",\"name\":\"Districos Webshop\",\"url\":\"https:\\\/\\\/districos.standingout.be\\\/fr\\\/\",\"logo\":{\"@type\":\"ImageObject\",\"inLanguage\":\"fr-FR\",\"@id\":\"https:\\\/\\\/districos.standingout.be\\\/fr\\\/#\\\/schema\\\/logo\\\/image\\\/\",\"url\":\"https:\\\/\\\/districos.standingout.be\\\/wp-content\\\/uploads\\\/2022\\\/09\\\/Districos_Logo_Webshop.svg\",\"contentUrl\":\"https:\\\/\\\/districos.standingout.be\\\/wp-content\\\/uploads\\\/2022\\\/09\\\/Districos_Logo_Webshop.svg\",\"caption\":\"Districos Webshop\"},\"image\":{\"@id\":\"https:\\\/\\\/districos.standingout.be\\\/fr\\\/#\\\/schema\\\/logo\\\/image\\\/\"}}]}<\/script>\n<!-- \/ Yoast SEO plugin. -->","yoast_head_json":{"title":"Busch Diatwister Rond Super Gros 8 mm DT5880\/080 - Districos Webshop","robots":{"index":"noindex","follow":"follow","max-snippet":"max-snippet:-1","max-image-preview":"max-image-preview:large","max-video-preview":"max-video-preview:-1"},"og_locale":"fr_FR","og_type":"article","og_title":"Busch Diatwister Rond Super Gros 8 mm DT5880\/080 - Districos Webshop","og_description":"Fraise diamant\u00e9e \u00e0 fentes de ventilation afin d\u2019enlever les grandes surfaces calleuses. Le refroidissement interne emp\u00eache la surchauffe et rend la fraise appropri\u00e9e pour la technique \u00e0 sec et au spray. Disponible en trois diam\u00e8tres : 8, 10 et 12 mm. Disponibles en 3 grains : m\u00e9ga gros (callosit\u00e9s \u00e9paisses) tr\u00e8s gros (callosit\u00e9s dures) gros [&hellip;]","og_url":"https:\/\/districos.standingout.be\/fr\/product\/busch-diatwister-rond-super-gros-8-mm-dt5880-080-ref-8867-101\/","og_site_name":"Districos Webshop","article_modified_time":"2026-04-28T10:52:34+00:00","twitter_card":"summary_large_image","twitter_misc":{"Dur\u00e9e de lecture estim\u00e9e":"1 minute"},"schema":{"@context":"https:\/\/schema.org","@graph":[{"@type":"WebPage","@id":"https:\/\/districos.standingout.be\/fr\/product\/busch-diatwister-rond-super-gros-8-mm-dt5880-080-ref-8867-101\/","url":"https:\/\/districos.standingout.be\/fr\/product\/busch-diatwister-rond-super-gros-8-mm-dt5880-080-ref-8867-101\/","name":"Busch Diatwister Rond Super Gros 8 mm DT5880\/080 - Districos Webshop","isPartOf":{"@id":"https:\/\/districos.standingout.be\/fr\/#website"},"primaryImageOfPage":{"@id":"https:\/\/districos.standingout.be\/fr\/product\/busch-diatwister-rond-super-gros-8-mm-dt5880-080-ref-8867-101\/#primaryimage"},"image":{"@id":"https:\/\/districos.standingout.be\/fr\/product\/busch-diatwister-rond-super-gros-8-mm-dt5880-080-ref-8867-101\/#primaryimage"},"thumbnailUrl":"https:\/\/districos.standingout.be\/wp-content\/uploads\/2025\/07\/8867.101@LowRes_0.png","datePublished":"2026-04-28T10:52:30+00:00","dateModified":"2026-04-28T10:52:34+00:00","breadcrumb":{"@id":"https:\/\/districos.standingout.be\/fr\/product\/busch-diatwister-rond-super-gros-8-mm-dt5880-080-ref-8867-101\/#breadcrumb"},"inLanguage":"fr-FR","potentialAction":[{"@type":"ReadAction","target":["https:\/\/districos.standingout.be\/fr\/product\/busch-diatwister-rond-super-gros-8-mm-dt5880-080-ref-8867-101\/"]}]},{"@type":"ImageObject","inLanguage":"fr-FR","@id":"https:\/\/districos.standingout.be\/fr\/product\/busch-diatwister-rond-super-gros-8-mm-dt5880-080-ref-8867-101\/#primaryimage","url":"https:\/\/districos.standingout.be\/wp-content\/uploads\/2025\/07\/8867.101@LowRes_0.png","contentUrl":"https:\/\/districos.standingout.be\/wp-content\/uploads\/2025\/07\/8867.101@LowRes_0.png","width":600,"height":600},{"@type":"BreadcrumbList","@id":"https:\/\/districos.standingout.be\/fr\/product\/busch-diatwister-rond-super-gros-8-mm-dt5880-080-ref-8867-101\/#breadcrumb","itemListElement":[{"@type":"ListItem","position":1,"name":"Home","item":"https:\/\/districos.standingout.be\/fr\/bienvenue-chez-districos\/"},{"@type":"ListItem","position":2,"name":"Boutique","item":"https:\/\/districos.standingout.be\/fr\/boutique\/"},{"@type":"ListItem","position":3,"name":"Busch Diatwister Rond Super Gros 8 mm DT5880\/080"}]},{"@type":"WebSite","@id":"https:\/\/districos.standingout.be\/fr\/#website","url":"https:\/\/districos.standingout.be\/fr\/","name":"Districos Webshop","description":"","publisher":{"@id":"https:\/\/districos.standingout.be\/fr\/#organization"},"potentialAction":[{"@type":"SearchAction","target":{"@type":"EntryPoint","urlTemplate":"https:\/\/districos.standingout.be\/fr\/?s={search_term_string}"},"query-input":{"@type":"PropertyValueSpecification","valueRequired":true,"valueName":"search_term_string"}}],"inLanguage":"fr-FR"},{"@type":"Organization","@id":"https:\/\/districos.standingout.be\/fr\/#organization","name":"Districos Webshop","url":"https:\/\/districos.standingout.be\/fr\/","logo":{"@type":"ImageObject","inLanguage":"fr-FR","@id":"https:\/\/districos.standingout.be\/fr\/#\/schema\/logo\/image\/","url":"https:\/\/districos.standingout.be\/wp-content\/uploads\/2022\/09\/Districos_Logo_Webshop.svg","contentUrl":"https:\/\/districos.standingout.be\/wp-content\/uploads\/2022\/09\/Districos_Logo_Webshop.svg","caption":"Districos Webshop"},"image":{"@id":"https:\/\/districos.standingout.be\/fr\/#\/schema\/logo\/image\/"}}]}},"_links":{"self":[{"href":"https:\/\/districos.standingout.be\/fr\/wp-json\/wp\/v2\/product\/141519","targetHints":{"allow":["GET"]}}],"collection":[{"href":"https:\/\/districos.standingout.be\/fr\/wp-json\/wp\/v2\/product"}],"about":[{"href":"https:\/\/districos.standingout.be\/fr\/wp-json\/wp\/v2\/types\/product"}],"replies":[{"embeddable":true,"href":"https:\/\/districos.standingout.be\/fr\/wp-json\/wp\/v2\/comments?post=141519"}],"wp:featuredmedia":[{"embeddable":true,"href":"https:\/\/districos.standingout.be\/fr\/wp-json\/wp\/v2\/media\/83879"}],"wp:attachment":[{"href":"https:\/\/districos.standingout.be\/fr\/wp-json\/wp\/v2\/media?parent=141519"}],"wp:term":[{"taxonomy":"product_brand","embeddable":true,"href":"https:\/\/districos.standingout.be\/fr\/wp-json\/wp\/v2\/product_brand?post=141519"},{"taxonomy":"product_cat","embeddable":true,"href":"https:\/\/districos.standingout.be\/fr\/wp-json\/wp\/v2\/product_cat?post=141519"},{"taxonomy":"product_tag","embeddable":true,"href":"https:\/\/districos.standingout.be\/fr\/wp-json\/wp\/v2\/product_tag?post=141519"}],"curies":[{"name":"wp","href":"https:\/\/api.w.org\/{rel}","templated":true}]}}