{"id":141581,"date":"2026-04-28T12:55:32","date_gmt":"2026-04-28T10:55:32","guid":{"rendered":"https:\/\/webshopdistricoscom.webhosting.be\/product\/busch-porte-hybrid-cap-8-mm-309s-ref-8867-145\/"},"modified":"2026-04-28T12:55:37","modified_gmt":"2026-04-28T10:55:37","slug":"busch-porte-hybrid-cap-8-mm-309s-ref-8867-145","status":"publish","type":"product","link":"https:\/\/districos.standingout.be\/fr\/product\/busch-porte-hybrid-cap-8-mm-309s-ref-8867-145\/","title":{"rendered":"Busch Porte-Hybrid Cap 8 mm 309S"},"content":{"rendered":"<p >\n<p dir=ltr>Porte-Capuchon pour les Hybrid Caps de 8 mm avec lesquels on peut enlever les callosit\u00e9s et finir une zone de fa\u00e7on efficace et rapide.<\/p>\n<p> Appropri\u00e9e pour les Hybrid Caps R\u00e9f. 8867.148 (M\u00e9ga gros), R\u00e9f. 8867.149 (tr\u00e8s gros) et R\u00e9f. 8867.150 (Gros) <\/p>\n<p> Emballage: 1 pi\u00e8ce<\/p><\/p>\n","protected":false},"excerpt":{"rendered":"<p>Porte-Capuchon pour les Hybrid Caps de 8 mm avec lesquels on peut enlever les callosit\u00e9s et finir une zone de fa\u00e7on efficace et rapide. Appropri\u00e9e pour les Hybrid Caps R\u00e9f. 8867.148 (M\u00e9ga gros), R\u00e9f. 8867.149 (tr\u00e8s gros) et R\u00e9f. 8867.150 (Gros) Emballage: 1 pi\u00e8ce<\/p>\n","protected":false},"featured_media":83972,"comment_status":"open","ping_status":"closed","template":"","meta":{"_acf_changed":false},"product_brand":[10322],"product_cat":[10014,9942,10273],"product_tag":[],"class_list":{"0":"post-141581","1":"product","2":"type-product","3":"status-publish","4":"has-post-thumbnail","6":"product_brand-busch-fr","7":"product_cat-soins-des-pieds-podologie-fraises-callosites","8":"product_cat-beaute-pedicure-fraises","9":"product_cat-soins-des-pieds-podologie-fraises-toutes-les-fraises","11":"first","12":"instock","13":"taxable","14":"shipping-taxable","15":"product-type-simple"},"acf":[],"yoast_head":"<!-- This site is optimized with the Yoast SEO plugin v27.3 - https:\/\/yoast.com\/product\/yoast-seo-wordpress\/ -->\n<title>Busch Porte-Hybrid Cap 8 mm 309S - Districos Webshop<\/title>\n<meta name=\"robots\" content=\"noindex, follow, max-snippet:-1, max-image-preview:large, max-video-preview:-1\" \/>\n<meta property=\"og:locale\" content=\"fr_FR\" \/>\n<meta property=\"og:type\" content=\"article\" \/>\n<meta property=\"og:title\" content=\"Busch Porte-Hybrid Cap 8 mm 309S - Districos Webshop\" \/>\n<meta property=\"og:description\" content=\"Porte-Capuchon pour les Hybrid Caps de 8 mm avec lesquels on peut enlever les callosit\u00e9s et finir une zone de fa\u00e7on efficace et rapide. Appropri\u00e9e pour les Hybrid Caps R\u00e9f. 8867.148 (M\u00e9ga gros), R\u00e9f. 8867.149 (tr\u00e8s gros) et R\u00e9f. 8867.150 (Gros) Emballage: 1 pi\u00e8ce\" \/>\n<meta property=\"og:url\" content=\"https:\/\/districos.standingout.be\/fr\/product\/busch-porte-hybrid-cap-8-mm-309s-ref-8867-145\/\" \/>\n<meta property=\"og:site_name\" content=\"Districos Webshop\" \/>\n<meta property=\"article:modified_time\" content=\"2026-04-28T10:55:37+00:00\" \/>\n<meta name=\"twitter:card\" content=\"summary_large_image\" \/>\n<script type=\"application\/ld+json\" class=\"yoast-schema-graph\">{\"@context\":\"https:\\\/\\\/schema.org\",\"@graph\":[{\"@type\":\"WebPage\",\"@id\":\"https:\\\/\\\/districos.standingout.be\\\/fr\\\/product\\\/busch-porte-hybrid-cap-8-mm-309s-ref-8867-145\\\/\",\"url\":\"https:\\\/\\\/districos.standingout.be\\\/fr\\\/product\\\/busch-porte-hybrid-cap-8-mm-309s-ref-8867-145\\\/\",\"name\":\"Busch Porte-Hybrid Cap 8 mm 309S - Districos Webshop\",\"isPartOf\":{\"@id\":\"https:\\\/\\\/districos.standingout.be\\\/fr\\\/#website\"},\"primaryImageOfPage\":{\"@id\":\"https:\\\/\\\/districos.standingout.be\\\/fr\\\/product\\\/busch-porte-hybrid-cap-8-mm-309s-ref-8867-145\\\/#primaryimage\"},\"image\":{\"@id\":\"https:\\\/\\\/districos.standingout.be\\\/fr\\\/product\\\/busch-porte-hybrid-cap-8-mm-309s-ref-8867-145\\\/#primaryimage\"},\"thumbnailUrl\":\"https:\\\/\\\/districos.standingout.be\\\/wp-content\\\/uploads\\\/2025\\\/07\\\/8867.145@LowRes_0.png\",\"datePublished\":\"2026-04-28T10:55:32+00:00\",\"dateModified\":\"2026-04-28T10:55:37+00:00\",\"breadcrumb\":{\"@id\":\"https:\\\/\\\/districos.standingout.be\\\/fr\\\/product\\\/busch-porte-hybrid-cap-8-mm-309s-ref-8867-145\\\/#breadcrumb\"},\"inLanguage\":\"fr-FR\",\"potentialAction\":[{\"@type\":\"ReadAction\",\"target\":[\"https:\\\/\\\/districos.standingout.be\\\/fr\\\/product\\\/busch-porte-hybrid-cap-8-mm-309s-ref-8867-145\\\/\"]}]},{\"@type\":\"ImageObject\",\"inLanguage\":\"fr-FR\",\"@id\":\"https:\\\/\\\/districos.standingout.be\\\/fr\\\/product\\\/busch-porte-hybrid-cap-8-mm-309s-ref-8867-145\\\/#primaryimage\",\"url\":\"https:\\\/\\\/districos.standingout.be\\\/wp-content\\\/uploads\\\/2025\\\/07\\\/8867.145@LowRes_0.png\",\"contentUrl\":\"https:\\\/\\\/districos.standingout.be\\\/wp-content\\\/uploads\\\/2025\\\/07\\\/8867.145@LowRes_0.png\",\"width\":600,\"height\":600},{\"@type\":\"BreadcrumbList\",\"@id\":\"https:\\\/\\\/districos.standingout.be\\\/fr\\\/product\\\/busch-porte-hybrid-cap-8-mm-309s-ref-8867-145\\\/#breadcrumb\",\"itemListElement\":[{\"@type\":\"ListItem\",\"position\":1,\"name\":\"Home\",\"item\":\"https:\\\/\\\/districos.standingout.be\\\/fr\\\/bienvenue-chez-districos\\\/\"},{\"@type\":\"ListItem\",\"position\":2,\"name\":\"Boutique\",\"item\":\"https:\\\/\\\/districos.standingout.be\\\/fr\\\/boutique\\\/\"},{\"@type\":\"ListItem\",\"position\":3,\"name\":\"Busch Porte-Hybrid Cap 8 mm 309S\"}]},{\"@type\":\"WebSite\",\"@id\":\"https:\\\/\\\/districos.standingout.be\\\/fr\\\/#website\",\"url\":\"https:\\\/\\\/districos.standingout.be\\\/fr\\\/\",\"name\":\"Districos Webshop\",\"description\":\"\",\"publisher\":{\"@id\":\"https:\\\/\\\/districos.standingout.be\\\/fr\\\/#organization\"},\"potentialAction\":[{\"@type\":\"SearchAction\",\"target\":{\"@type\":\"EntryPoint\",\"urlTemplate\":\"https:\\\/\\\/districos.standingout.be\\\/fr\\\/?s={search_term_string}\"},\"query-input\":{\"@type\":\"PropertyValueSpecification\",\"valueRequired\":true,\"valueName\":\"search_term_string\"}}],\"inLanguage\":\"fr-FR\"},{\"@type\":\"Organization\",\"@id\":\"https:\\\/\\\/districos.standingout.be\\\/fr\\\/#organization\",\"name\":\"Districos Webshop\",\"url\":\"https:\\\/\\\/districos.standingout.be\\\/fr\\\/\",\"logo\":{\"@type\":\"ImageObject\",\"inLanguage\":\"fr-FR\",\"@id\":\"https:\\\/\\\/districos.standingout.be\\\/fr\\\/#\\\/schema\\\/logo\\\/image\\\/\",\"url\":\"https:\\\/\\\/districos.standingout.be\\\/wp-content\\\/uploads\\\/2022\\\/09\\\/Districos_Logo_Webshop.svg\",\"contentUrl\":\"https:\\\/\\\/districos.standingout.be\\\/wp-content\\\/uploads\\\/2022\\\/09\\\/Districos_Logo_Webshop.svg\",\"caption\":\"Districos Webshop\"},\"image\":{\"@id\":\"https:\\\/\\\/districos.standingout.be\\\/fr\\\/#\\\/schema\\\/logo\\\/image\\\/\"}}]}<\/script>\n<!-- \/ Yoast SEO plugin. -->","yoast_head_json":{"title":"Busch Porte-Hybrid Cap 8 mm 309S - Districos Webshop","robots":{"index":"noindex","follow":"follow","max-snippet":"max-snippet:-1","max-image-preview":"max-image-preview:large","max-video-preview":"max-video-preview:-1"},"og_locale":"fr_FR","og_type":"article","og_title":"Busch Porte-Hybrid Cap 8 mm 309S - Districos Webshop","og_description":"Porte-Capuchon pour les Hybrid Caps de 8 mm avec lesquels on peut enlever les callosit\u00e9s et finir une zone de fa\u00e7on efficace et rapide. Appropri\u00e9e pour les Hybrid Caps R\u00e9f. 8867.148 (M\u00e9ga gros), R\u00e9f. 8867.149 (tr\u00e8s gros) et R\u00e9f. 8867.150 (Gros) Emballage: 1 pi\u00e8ce","og_url":"https:\/\/districos.standingout.be\/fr\/product\/busch-porte-hybrid-cap-8-mm-309s-ref-8867-145\/","og_site_name":"Districos Webshop","article_modified_time":"2026-04-28T10:55:37+00:00","twitter_card":"summary_large_image","schema":{"@context":"https:\/\/schema.org","@graph":[{"@type":"WebPage","@id":"https:\/\/districos.standingout.be\/fr\/product\/busch-porte-hybrid-cap-8-mm-309s-ref-8867-145\/","url":"https:\/\/districos.standingout.be\/fr\/product\/busch-porte-hybrid-cap-8-mm-309s-ref-8867-145\/","name":"Busch Porte-Hybrid Cap 8 mm 309S - Districos Webshop","isPartOf":{"@id":"https:\/\/districos.standingout.be\/fr\/#website"},"primaryImageOfPage":{"@id":"https:\/\/districos.standingout.be\/fr\/product\/busch-porte-hybrid-cap-8-mm-309s-ref-8867-145\/#primaryimage"},"image":{"@id":"https:\/\/districos.standingout.be\/fr\/product\/busch-porte-hybrid-cap-8-mm-309s-ref-8867-145\/#primaryimage"},"thumbnailUrl":"https:\/\/districos.standingout.be\/wp-content\/uploads\/2025\/07\/8867.145@LowRes_0.png","datePublished":"2026-04-28T10:55:32+00:00","dateModified":"2026-04-28T10:55:37+00:00","breadcrumb":{"@id":"https:\/\/districos.standingout.be\/fr\/product\/busch-porte-hybrid-cap-8-mm-309s-ref-8867-145\/#breadcrumb"},"inLanguage":"fr-FR","potentialAction":[{"@type":"ReadAction","target":["https:\/\/districos.standingout.be\/fr\/product\/busch-porte-hybrid-cap-8-mm-309s-ref-8867-145\/"]}]},{"@type":"ImageObject","inLanguage":"fr-FR","@id":"https:\/\/districos.standingout.be\/fr\/product\/busch-porte-hybrid-cap-8-mm-309s-ref-8867-145\/#primaryimage","url":"https:\/\/districos.standingout.be\/wp-content\/uploads\/2025\/07\/8867.145@LowRes_0.png","contentUrl":"https:\/\/districos.standingout.be\/wp-content\/uploads\/2025\/07\/8867.145@LowRes_0.png","width":600,"height":600},{"@type":"BreadcrumbList","@id":"https:\/\/districos.standingout.be\/fr\/product\/busch-porte-hybrid-cap-8-mm-309s-ref-8867-145\/#breadcrumb","itemListElement":[{"@type":"ListItem","position":1,"name":"Home","item":"https:\/\/districos.standingout.be\/fr\/bienvenue-chez-districos\/"},{"@type":"ListItem","position":2,"name":"Boutique","item":"https:\/\/districos.standingout.be\/fr\/boutique\/"},{"@type":"ListItem","position":3,"name":"Busch Porte-Hybrid Cap 8 mm 309S"}]},{"@type":"WebSite","@id":"https:\/\/districos.standingout.be\/fr\/#website","url":"https:\/\/districos.standingout.be\/fr\/","name":"Districos Webshop","description":"","publisher":{"@id":"https:\/\/districos.standingout.be\/fr\/#organization"},"potentialAction":[{"@type":"SearchAction","target":{"@type":"EntryPoint","urlTemplate":"https:\/\/districos.standingout.be\/fr\/?s={search_term_string}"},"query-input":{"@type":"PropertyValueSpecification","valueRequired":true,"valueName":"search_term_string"}}],"inLanguage":"fr-FR"},{"@type":"Organization","@id":"https:\/\/districos.standingout.be\/fr\/#organization","name":"Districos Webshop","url":"https:\/\/districos.standingout.be\/fr\/","logo":{"@type":"ImageObject","inLanguage":"fr-FR","@id":"https:\/\/districos.standingout.be\/fr\/#\/schema\/logo\/image\/","url":"https:\/\/districos.standingout.be\/wp-content\/uploads\/2022\/09\/Districos_Logo_Webshop.svg","contentUrl":"https:\/\/districos.standingout.be\/wp-content\/uploads\/2022\/09\/Districos_Logo_Webshop.svg","caption":"Districos Webshop"},"image":{"@id":"https:\/\/districos.standingout.be\/fr\/#\/schema\/logo\/image\/"}}]}},"_links":{"self":[{"href":"https:\/\/districos.standingout.be\/fr\/wp-json\/wp\/v2\/product\/141581","targetHints":{"allow":["GET"]}}],"collection":[{"href":"https:\/\/districos.standingout.be\/fr\/wp-json\/wp\/v2\/product"}],"about":[{"href":"https:\/\/districos.standingout.be\/fr\/wp-json\/wp\/v2\/types\/product"}],"replies":[{"embeddable":true,"href":"https:\/\/districos.standingout.be\/fr\/wp-json\/wp\/v2\/comments?post=141581"}],"wp:featuredmedia":[{"embeddable":true,"href":"https:\/\/districos.standingout.be\/fr\/wp-json\/wp\/v2\/media\/83972"}],"wp:attachment":[{"href":"https:\/\/districos.standingout.be\/fr\/wp-json\/wp\/v2\/media?parent=141581"}],"wp:term":[{"taxonomy":"product_brand","embeddable":true,"href":"https:\/\/districos.standingout.be\/fr\/wp-json\/wp\/v2\/product_brand?post=141581"},{"taxonomy":"product_cat","embeddable":true,"href":"https:\/\/districos.standingout.be\/fr\/wp-json\/wp\/v2\/product_cat?post=141581"},{"taxonomy":"product_tag","embeddable":true,"href":"https:\/\/districos.standingout.be\/fr\/wp-json\/wp\/v2\/product_tag?post=141581"}],"curies":[{"name":"wp","href":"https:\/\/api.w.org\/{rel}","templated":true}]}}